{"id":20894,"date":"2022-09-02T08:58:29","date_gmt":"2022-09-02T08:58:29","guid":{"rendered":"https:\/\/v2charge.com\/store\/cookies\/"},"modified":"2026-04-07T07:45:25","modified_gmt":"2026-04-07T07:45:25","slug":"cookies","status":"publish","type":"page","link":"https:\/\/v2charge.com\/store\/de\/cookies\/","title":{"rendered":"Cookies"},"content":{"rendered":"\n<p><strong>COOKIE-RICHTLINIE<\/strong><\/p>\n\n\n\n<p>Diese Website ist Eigentum von NEGOCIOS INTELIGENTES 7 EXPERIENCE S.L.. Durch den Zugriff auf diese Website werden die Datenschutzrichtlinie zur Kenntnis genommen und akzeptiert. Gem\u00e4\u00df Artikel 10 des Gesetzes 34\/2002 vom 11. Juli \u00fcber Dienste der Informationsgesellschaft und des elektronischen Gesch\u00e4ftsverkehrs (LSSI) werden die Identifikationsdaten offengelegt.<\/p>\n\n\n\n<p><strong>Was sind Cookies? <\/strong>Ein Cookie ist eine Datei, die beim Besuch unserer Website auf dem Computer oder Endger\u00e4t gespeichert wird. Cookies erlauben es, Informationen \u00fcber das Nutzungs- und Surfverhalten eines Nutzers bzw. seines Ger\u00e4ts zu speichern und abzurufen und \u2013 abh\u00e4ngig von den gespeicherten Informationen und der Nutzung des Ger\u00e4ts \u2013 den Nutzer wiederzuerkennen. Welche Arten von Cookies verwendet diese Website? Erstanbieter-Cookies: Cookies, die von unserer Website an den Computer oder das Endger\u00e4t gesendet werden. Drittanbieter-Cookies: Cookies, die von einer Domain oder Website gesendet werden, die nicht von uns verwaltet wird, sondern von einem Dritten, der die \u00fcber Cookies erhaltenen Daten verarbeitet. Analyse-Cookies: Cookies, die von uns oder Dritten verarbeitet werden und die Messung und statistische Analyse der Nutzung unserer Website erm\u00f6glichen, z. B. zur Ermittlung der Nutzeranzahl. Dazu wird das Surfverhalten analysiert, um das Angebot an Produkten oder Dienstleistungen zu verbessern.<\/p>\n\n\n\n<p><strong>Auf www.v2charge.com werden folgende Cookies verwendet:<\/strong><\/p>\n\n\n\n<p>Streng notwendige Cookies, z. B. f\u00fcr die korrekte Navigation und das effiziente Laden der Website. PHPSESSID (SESSION) \u2013 Dient zur Erstellung und Verwaltung der Nutzersitzung (Sitzungsvariablen) f\u00fcr einen konkreten Nutzer \u00fcber mehrere Seiten hinweg. WordPress_test_cookie (SESSION) \u2013 Pr\u00fcft, ob der Browser Cookies akzeptiert. wp-settings-{time}-{&#8218;UID&#8216;} \u2013 Enth\u00e4lt die Nutzer-ID (UID) aus der WordPress-Datenbank und speichert Einstellungen der Administrationsoberfl\u00e4che; kann auch f\u00fcr die Darstellung der Website genutzt werden. wordpress_logged_in_{&#8218;hash&#8216;} \u2013 Kennzeichnet nach dem Login die Anmeldung und den angemeldeten Nutzer; wird f\u00fcr die WordPress-Oberfl\u00e4che verwendet. WordPress_{&#8218;hash&#8216;} \u2013 Speichert Authentifizierungsdaten w\u00e4hrend des Logins; Nutzung beschr\u00e4nkt auf den Administrationsbereich (\/wp-config\/).<\/p>\n\n\n\n<p>Cookies von Drittanbietern, z. B. von sozialen Netzwerken oder externen Plugins wie Google Maps: _NID, _PREF (Google Maps) \u2013 Erfassen u. a. Herkunft und Keywords. HSID, SSID, APISID, SAPISID, BEAT, OTZ, BEAT \u2013 Erm\u00f6glichen das Teilen von Inhalten in sozialen Netzwerken. __ga, __utma, __utmb, __utmc, __utmv, __utmz, _twitter_sess, external_referer, guest_id \u2013 Werden von Twitter f\u00fcr Remarketing, Tracking und Analyse eingesetzt.<\/p>\n\n\n\n<p>Analyse-Cookies, z. B. von Google Analytics, zur Analyse und Statistik, um die Nutzererfahrung zu verbessern. HubSpot-Cookies: __hstc, hubspotutk, __hssc, __hssrc, __hs_opt_out, __hs_do_not_track, __hs_testcookie, hsPagesViewedThisSession, hsfirstvisit \u2013 F\u00fcr Online-Marketing, Nutzungsanalyse und Messung. _utma, _utmb, _utmz, _utmc, _utmt \u2013 Zur Messung von Besuchen, Dauer, Suchquelle, Keywords, grobem Standort, besuchten Inhalten und weiteren Traffic-Parametern in anonymisierter Form. Google speichert diese Informationen so, dass kein Nutzer identifiziert wird. Hotjar-Cookies: _hjIncludedInSample und _hjUserId \u2013 Zur Nutzungsanalyse und Messung zur Verbesserung unserer Dienste.<\/p>\n\n\n\n<p>Je nach getroffener Cookie-Auswahl wird ein zus\u00e4tzliches Cookie gesetzt, um diese Auswahl zu speichern, damit die Cookie-Einstellungen nicht bei jedem Besuch erneut vorgenommen werden m\u00fcssen. Diese Liste soll helfen, Cookies im Browser zu erkennen \u2013 beim Besuch der Website oder beim Anzeigen von Werbung auf anderen Websites. Es wurde versucht, alle von uns und unseren Technologiepartnern verwendeten Cookies aufzunehmen; es kann jedoch zu Verz\u00f6gerungen bei der Aktualisierung kommen. Bei Abweichungen oder fehlenden Cookies bitte eine Nachricht senden.<\/p>\n","protected":false},"excerpt":{"rendered":"<p>COOKIE-RICHTLINIE Diese Website ist Eigentum von NEGOCIOS INTELIGENTES 7 EXPERIENCE S.L.. Durch den Zugriff auf diese Website werden die Datenschutzrichtlinie zur Kenntnis genommen und akzeptiert. Gem\u00e4\u00df Artikel 10 des Gesetzes 34\/2002 vom 11. Juli \u00fcber Dienste der Informationsgesellschaft und des elektronischen Gesch\u00e4ftsverkehrs (LSSI) werden die Identifikationsdaten offengelegt. Was sind Cookies? Ein Cookie ist eine Datei,<a class=\"more-link\" href=\"https:\/\/v2charge.com\/store\/de\/cookies\/\">Read more  &#10230;<\/a><\/p>\n","protected":false},"author":1,"featured_media":0,"parent":0,"menu_order":0,"comment_status":"closed","ping_status":"closed","template":"","meta":{"content-type":"","inline_featured_image":false,"footnotes":""},"class_list":["post-20894","page","type-page","status-publish","hentry"],"yoast_head":"<!-- This site is optimized with the Yoast SEO plugin v27.0 - https:\/\/yoast.com\/product\/yoast-seo-wordpress\/ -->\n<title>Cookies - V2C Store<\/title>\n<meta name=\"robots\" content=\"noindex, follow\" \/>\n<meta property=\"og:locale\" content=\"de_DE\" \/>\n<meta property=\"og:type\" content=\"article\" \/>\n<meta property=\"og:title\" content=\"Cookies - V2C Store\" \/>\n<meta property=\"og:description\" content=\"COOKIE-RICHTLINIE Diese Website ist Eigentum von NEGOCIOS INTELIGENTES 7 EXPERIENCE S.L.. Durch den Zugriff auf diese Website werden die Datenschutzrichtlinie zur Kenntnis genommen und akzeptiert. Gem\u00e4\u00df Artikel 10 des Gesetzes 34\/2002 vom 11. Juli \u00fcber Dienste der Informationsgesellschaft und des elektronischen Gesch\u00e4ftsverkehrs (LSSI) werden die Identifikationsdaten offengelegt. Was sind Cookies? Ein Cookie ist eine Datei,Read more &#10230;\" \/>\n<meta property=\"og:url\" content=\"https:\/\/v2charge.com\/store\/de\/cookies\/\" \/>\n<meta property=\"og:site_name\" content=\"V2C Store\" \/>\n<meta property=\"article:modified_time\" content=\"2026-04-07T07:45:25+00:00\" \/>\n<meta name=\"twitter:card\" content=\"summary_large_image\" \/>\n<meta name=\"twitter:label1\" content=\"Gesch\u00e4tzte Lesezeit\" \/>\n\t<meta name=\"twitter:data1\" content=\"3\u00a0Minuten\" \/>\n<script type=\"application\/ld+json\" class=\"yoast-schema-graph\">{\"@context\":\"https:\/\/schema.org\",\"@graph\":[{\"@type\":\"WebPage\",\"@id\":\"https:\/\/v2charge.com\/store\/de\/cookies\/\",\"url\":\"https:\/\/v2charge.com\/store\/de\/cookies\/\",\"name\":\"Cookies - V2C Store\",\"isPartOf\":{\"@id\":\"https:\/\/v2charge.com\/store\/#website\"},\"datePublished\":\"2022-09-02T08:58:29+00:00\",\"dateModified\":\"2026-04-07T07:45:25+00:00\",\"breadcrumb\":{\"@id\":\"https:\/\/v2charge.com\/store\/de\/cookies\/#breadcrumb\"},\"inLanguage\":\"de\",\"potentialAction\":[{\"@type\":\"ReadAction\",\"target\":[\"https:\/\/v2charge.com\/store\/de\/cookies\/\"]}]},{\"@type\":\"BreadcrumbList\",\"@id\":\"https:\/\/v2charge.com\/store\/de\/cookies\/#breadcrumb\",\"itemListElement\":[{\"@type\":\"ListItem\",\"position\":1,\"name\":\"Portada\",\"item\":\"https:\/\/v2charge.com\/store\/de\/\"},{\"@type\":\"ListItem\",\"position\":2,\"name\":\"Cookies\"}]},{\"@type\":\"WebSite\",\"@id\":\"https:\/\/v2charge.com\/store\/#website\",\"url\":\"https:\/\/v2charge.com\/store\/\",\"name\":\"V2C Store\",\"description\":\"V2C Store\",\"potentialAction\":[{\"@type\":\"SearchAction\",\"target\":{\"@type\":\"EntryPoint\",\"urlTemplate\":\"https:\/\/v2charge.com\/store\/?s={search_term_string}\"},\"query-input\":{\"@type\":\"PropertyValueSpecification\",\"valueRequired\":true,\"valueName\":\"search_term_string\"}}],\"inLanguage\":\"de\"}]}<\/script>\n<!-- \/ Yoast SEO plugin. -->","yoast_head_json":{"title":"Cookies - V2C Store","robots":{"index":"noindex","follow":"follow"},"og_locale":"de_DE","og_type":"article","og_title":"Cookies - V2C Store","og_description":"COOKIE-RICHTLINIE Diese Website ist Eigentum von NEGOCIOS INTELIGENTES 7 EXPERIENCE S.L.. Durch den Zugriff auf diese Website werden die Datenschutzrichtlinie zur Kenntnis genommen und akzeptiert. Gem\u00e4\u00df Artikel 10 des Gesetzes 34\/2002 vom 11. Juli \u00fcber Dienste der Informationsgesellschaft und des elektronischen Gesch\u00e4ftsverkehrs (LSSI) werden die Identifikationsdaten offengelegt. Was sind Cookies? Ein Cookie ist eine Datei,Read more &#10230;","og_url":"https:\/\/v2charge.com\/store\/de\/cookies\/","og_site_name":"V2C Store","article_modified_time":"2026-04-07T07:45:25+00:00","twitter_card":"summary_large_image","twitter_misc":{"Gesch\u00e4tzte Lesezeit":"3\u00a0Minuten"},"schema":{"@context":"https:\/\/schema.org","@graph":[{"@type":"WebPage","@id":"https:\/\/v2charge.com\/store\/de\/cookies\/","url":"https:\/\/v2charge.com\/store\/de\/cookies\/","name":"Cookies - V2C Store","isPartOf":{"@id":"https:\/\/v2charge.com\/store\/#website"},"datePublished":"2022-09-02T08:58:29+00:00","dateModified":"2026-04-07T07:45:25+00:00","breadcrumb":{"@id":"https:\/\/v2charge.com\/store\/de\/cookies\/#breadcrumb"},"inLanguage":"de","potentialAction":[{"@type":"ReadAction","target":["https:\/\/v2charge.com\/store\/de\/cookies\/"]}]},{"@type":"BreadcrumbList","@id":"https:\/\/v2charge.com\/store\/de\/cookies\/#breadcrumb","itemListElement":[{"@type":"ListItem","position":1,"name":"Portada","item":"https:\/\/v2charge.com\/store\/de\/"},{"@type":"ListItem","position":2,"name":"Cookies"}]},{"@type":"WebSite","@id":"https:\/\/v2charge.com\/store\/#website","url":"https:\/\/v2charge.com\/store\/","name":"V2C Store","description":"V2C Store","potentialAction":[{"@type":"SearchAction","target":{"@type":"EntryPoint","urlTemplate":"https:\/\/v2charge.com\/store\/?s={search_term_string}"},"query-input":{"@type":"PropertyValueSpecification","valueRequired":true,"valueName":"search_term_string"}}],"inLanguage":"de"}]}},"_links":{"self":[{"href":"https:\/\/v2charge.com\/store\/de\/wp-json\/wp\/v2\/pages\/20894","targetHints":{"allow":["GET"]}}],"collection":[{"href":"https:\/\/v2charge.com\/store\/de\/wp-json\/wp\/v2\/pages"}],"about":[{"href":"https:\/\/v2charge.com\/store\/de\/wp-json\/wp\/v2\/types\/page"}],"author":[{"embeddable":true,"href":"https:\/\/v2charge.com\/store\/de\/wp-json\/wp\/v2\/users\/1"}],"replies":[{"embeddable":true,"href":"https:\/\/v2charge.com\/store\/de\/wp-json\/wp\/v2\/comments?post=20894"}],"version-history":[{"count":2,"href":"https:\/\/v2charge.com\/store\/de\/wp-json\/wp\/v2\/pages\/20894\/revisions"}],"predecessor-version":[{"id":20897,"href":"https:\/\/v2charge.com\/store\/de\/wp-json\/wp\/v2\/pages\/20894\/revisions\/20897"}],"wp:attachment":[{"href":"https:\/\/v2charge.com\/store\/de\/wp-json\/wp\/v2\/media?parent=20894"}],"curies":[{"name":"wp","href":"https:\/\/api.w.org\/{rel}","templated":true}]}}