{"id":20898,"date":"2022-09-02T08:55:05","date_gmt":"2022-09-02T08:55:05","guid":{"rendered":"https:\/\/v2charge.com\/store\/legal-notice\/"},"modified":"2026-04-07T09:43:08","modified_gmt":"2026-04-07T09:43:08","slug":"impressum","status":"publish","type":"page","link":"https:\/\/v2charge.com\/store\/de\/impressum\/","title":{"rendered":"Impressum"},"content":{"rendered":"\n<h2 class=\"wp-block-heading\">Allgemeine Bedingungen<\/h2>\n\n\n\n<p>v2charge.com\/store\/ ist ein Service, der Negocios Inteligentes 7Experience, S.L. (C.I.F. B98496706) geh\u00f6rt und von diesem Unternehmen betrieben wird. Sitz: Avenida Cam\u00ed Nou 268, Xirivella 46950.<\/p>\n\n\n\n<p>Diese Allgemeinen Bedingungen gelten ausschlie\u00dflich f\u00fcr den Verkauf der auf www.v2charge.com\/store\/ dargestellten Produkte durch Negocios Inteligentes 7Experience, S.L. Die auf www.v2charge.com\/store\/ angebotenen Produkte sind in erster Linie f\u00fcr Privatpersonen bestimmt.<\/p>\n\n\n\n<p>Die Best\u00e4tigung einer Bestellung eines auf www.v2charge.com\/store\/ angebotenen Produkts bedeutet, dass der Kunde diese Allgemeinen Bedingungen ausdr\u00fccklich akzeptiert, ohne dass eine zus\u00e4tzliche Unterschrift erforderlich ist.<\/p>\n\n\n\n<p>Mit der Annahme dieses Vertrags erkl\u00e4rt der Kunde:<\/p>\n\n\n\n<p>a) dass er vollj\u00e4hrig ist und \u00fcber die erforderliche Gesch\u00e4ftsf\u00e4higkeit verf\u00fcgt.<\/p>\n\n\n\n<p>b) dass er diese Allgemeinen Bedingungen gelesen hat und akzeptiert.<\/p>\n\n\n\n<h2 class=\"wp-block-heading\">1. PREISE<\/h2>\n\n\n\n<p>1.1 &#8211; Die Preise der angebotenen Produkte sind in Euro (\u20ac) angegeben und enthalten alle Steuern. M\u00f6gliche Bearbeitungs- und Versandkosten sind nicht inbegriffen; der Betrag wird bei der finalen Best\u00e4tigung der Bestellung ausgewiesen.<\/p>\n\n\n\n<p>1.2 &#8211; Negocios Inteligentes 7Experience, S.L. kann die Preise jederzeit \u00e4ndern. Es gelten die Tarife, die zum Zeitpunkt der Auftragserteilung g\u00fcltig sind.<\/p>\n\n\n\n<p>1.3 &#8211; Das Eigentum an den Produkten geht erst nach vollst\u00e4ndiger Zahlung des Kaufpreises an Negocios Inteligentes 7Experience, S.L. auf den K\u00e4ufer \u00fcber.<\/p>\n\n\n\n<h2 class=\"wp-block-heading\">2. BESTELLUNGEN<\/h2>\n\n\n\n<p>Online-Bestellungen \u00fcber www.v2charge.com\/store\/ enthalten vertragliche Angaben zwischen dem Kunden und Negocios Inteligentes 7Experience, S.L. Diese Angaben werden vor dem Versand best\u00e4tigt und erfasst.<\/p>\n\n\n\n<p>Negocios Inteligentes 7Experience, S.L. kann Bestellungen stornieren oder ablehnen, wenn mit dem Kunden ein Streit \u00fcber die Zahlung einer fr\u00fcheren Bestellung besteht.<\/p>\n\n\n\n<p>Negocios Inteligentes 7Experience, S.L. nimmt Bestellungen gem\u00e4\u00df den hier beschriebenen Bedingungen der Allgemeinen Gesch\u00e4ftsbedingungen an.<br><br>Mit der Best\u00e4tigung der Bestellung erkl\u00e4rt der Kunde, diese Allgemeinen Gesch\u00e4ftsbedingungen zur Kenntnis genommen zu haben und zu akzeptieren.<\/p>\n\n\n\n<p>Die Best\u00e4tigung der Bestellung stellt somit die Annahme dieser Allgemeinen Gesch\u00e4ftsbedingungen dar. Sofern nicht das Gegenteil bewiesen wird, dienen die von Negocios Inteligentes 7Experience, S.L. gespeicherten Daten als Nachweis f\u00fcr die zwischen Negocios Inteligentes 7Experience, S.L. und seinen Kunden get\u00e4tigten Transaktionen.<\/p>\n\n\n\n<p>Negocios Inteligentes 7Experience, S.L. wird sich stets bem\u00fchen, s\u00e4mtliche Bestellungen zu bearbeiten.<\/p>\n\n\n\n<h2 class=\"wp-block-heading\">3. VERF\u00dcGBARKEIT<\/h2>\n\n\n\n<p>Angebote und Preise sind g\u00fcltig, solange sie auf www.v2charge.com\/store\/ ver\u00f6ffentlicht sind, und immer abh\u00e4ngig vom Lagerbestand.<\/p>\n\n\n\n<p>Bei Produkten, die nicht in unseren Lagern vorr\u00e4tig sind, gelten Angebote und Preise vorbehaltlich der Verf\u00fcgbarkeit bei unseren Lieferanten.<\/p>\n\n\n\n<p>Im Zuge der Bearbeitung jeder Bestellung werden Informationen zur Verf\u00fcgbarkeit der Produkte bereitgestellt.<\/p>\n\n\n\n<p>Ist ein Produkt nach Bearbeitung der Bestellung nicht verf\u00fcgbar, wird der Kunde per E-Mail oder telefonisch \u00fcber eine m\u00f6gliche Teillieferung oder die Stornierung informiert. Eine vollst\u00e4ndige oder teilweise Erstattung erfolgt innerhalb von maximal 30 Tagen ab dem Datum der Bestellung.<\/p>\n\n\n\n<h2 class=\"wp-block-heading\">4. ZAHLUNG<\/h2>\n\n\n\n<h2 class=\"wp-block-heading\">4.1 ZAHLUNGSART<\/h2>\n\n\n\n<p>Zahlungen f\u00fcr Eink\u00e4ufe auf www.v2charge.com\/store\/ k\u00f6nnen per Kredit-\/Debitkarte (Visa, Mastercard, American Express, Visa Electr\u00f3n und\/oder vergleichbare Karten), per Bank\u00fcberweisung auf das Konto ES02 0049 1736 74 2010047706 oder \u00fcber PayPal vorgenommen werden.<\/p>\n\n\n\n<p>Die Abbuchung vom Konto des Kunden erfolgt nach Best\u00e4tigung durch die jeweiligen Zahlungsstellen.<\/p>\n\n\n\n<p>S\u00e4mtliche Transaktionen auf www.v2charge.com\/store\/ erfolgen vertraulich und sind per SSL-Protokoll verschl\u00fcsselt. Beim Anklicken von \u201eBest\u00e4tigen\u201c oder einer \u00e4hnlichen Schaltfl\u00e4che im Bestellprozess pr\u00fcft die Bank die G\u00fcltigkeit der Kredit-\/Debitkartennummer und ob die Karte nicht gesperrt ist.<\/p>\n\n\n\n<p>Negocios Inteligentes 7Experience, S.L. hat zu keinem Zeitpunkt Zugriff auf die Bankdaten des Kunden und speichert diese nicht auf eigenen Servern. Daher m\u00fcssen die Zahlungsdaten bei jedem neuen Einkauf erneut eingegeben werden. Dies bietet einen zus\u00e4tzlichen Schutz vor Missbrauch und Betrug.<\/p>\n\n\n\n<h2 class=\"wp-block-heading\">4.2 SICHERE ZAHLUNG<\/h2>\n\n\n\n<p>Zur Sicherheit von Zahlungen weist Negocios Inteligentes 7Experience, S.L. darauf hin, dass die im Rahmen einer Bestellung \u00fcbermittelten Daten auf Plausibilit\u00e4t gepr\u00fcft werden. Dieses Verfahren ist Teil der Ma\u00dfnahmen zur Verhinderung von Betrug bei Online-Zahlungen und dient dem Schutz der Verbraucher.<\/p>\n\n\n\n<p>Negocios Inteligentes 7Experience, S.L. f\u00fchrt ein Verifizierungsverfahren durch, um die betr\u00fcgerische Nutzung von Bankdaten zu verhindern. Aus diesem Grund kann Negocios Inteligentes 7Experience, S.L. von Kunden die Zusendung (per Fax oder Post) einer Kopie des Ausweisdokuments (Vorder- und R\u00fcckseite) sowie eines nicht \u00e4lter als drei Monate alten Wohnsitznachweises verlangen. Ein Versand erfolgt erst nach Eingang und Pr\u00fcfung dieser Unterlagen. Die angeforderten Dokumente sind innerhalb von sechs Werktagen zu \u00fcbermitteln. Gehen die Unterlagen nicht ein oder sind sie ung\u00fcltig, beh\u00e4lt sich Negocios Inteligentes 7Experience, S.L. das Recht vor, den Betrag zu erstatten.<\/p>\n\n\n\n<h2 class=\"wp-block-heading\">5. VERSAND<\/h2>\n\n\n\n<p>Bitte die <a href=\"https:\/\/v2charge.com\/store\/conditions\/\">Versandrichtlinien<\/a> einsehen, um Lieferzeiten und Versandkosten zu erfahren.<\/p>\n\n\n\n<h2 class=\"wp-block-heading\">6. STORNIERUNG UND R\u00dcCKGABE<\/h2>\n\n\n\n<p>Negocios Inteligentes 7Experience, S.L. beh\u00e4lt sich das Recht vor, eine eingegangene Bestellung in den folgenden F\u00e4llen ganz oder teilweise zu stornieren:<\/p>\n\n\n\n<ul class=\"wp-block-list\">\n<li>das bestellte Produkt ist nicht auf Lager<\/li>\n\n\n\n<li>f\u00fcr die Bestellung ist keine Zahlung oder nur eine Teilzahlung eingegangen<\/li>\n\n\n\n<li>die Bestellung entspricht nicht diesen Allgemeinen Gesch\u00e4ftsbedingungen<\/li>\n<\/ul>\n\n\n\n<p>Der Kunde hat das Recht, seine Bestellung zu stornieren oder zur\u00fcckzugeben. Weitere Informationen finden Sie in unseren Widerrufsbestimmungen.<\/p>\n\n\n\n<h2 class=\"wp-block-heading\">7. GARANTIE<\/h2>\n\n\n\n<p>Falls ein falsches oder defektes Produkt geliefert wurde, tut uns das sehr leid. Bitte den Kundenservice kontaktieren oder eine E-Mail an info@v2charge.com senden. Es wird erkl\u00e4rt, wie die R\u00fccksendung einfach durchgef\u00fchrt werden kann.<\/p>\n\n\n\n<h2 class=\"wp-block-heading\">8. PRODUKTE<\/h2>\n\n\n\n<p>Die von Negocios Inteligentes 7Experience, S.L. angebotenen Produkte entsprechen den in Spanien geltenden gesetzlichen Vorschriften und anwendbaren Normen.<\/p>\n\n\n\n<p>Negocios Inteligentes 7Experience, S.L. wird sich bem\u00fchen, dass die Produktfotos die angebotenen Produkte m\u00f6glichst genau darstellen. Au\u00dferdem wird jedes Produkt von einer pr\u00e4zisen Beschreibung seiner wichtigsten Eigenschaften begleitet.<\/p>\n\n\n\n<h2 class=\"wp-block-heading\">9. \u00c4NDERUNGEN<\/h2>\n\n\n\n<p>Die auf www.v2charge.com\/store\/ ver\u00f6ffentlichten Informationen entsprechen dem Stand zum Zeitpunkt der letzten Aktualisierung. Negocios Inteligentes 7Experience, S.L. beh\u00e4lt sich das Recht vor, die Informationen dieser Website zu aktualisieren, zu \u00e4ndern oder zu entfernen.<\/p>\n\n\n\n<p>Diese Website darf nicht ver\u00e4ndert, angepasst oder modifiziert werden. Negocios Inteligentes 7Experience, S.L. ist jedoch berechtigt, jederzeit und ohne vorherige Ank\u00fcndigung die \u00c4nderungen und Anpassungen vorzunehmen, die f\u00fcr zweckm\u00e4\u00dfig erachtet werden; insbesondere in Bezug auf die Verf\u00fcgbarkeit von Produkten und Aktionen.<\/p>\n\n\n\n<p>Negocios Inteligentes 7Experience, S.L. beh\u00e4lt sich au\u00dferdem das Recht vor, die Allgemeinen Bedingungen sowie die Nutzungsbedingungen dieser Website einseitig zu \u00e4ndern. \u00c4nderungen werden entsprechend bekannt gegeben. Die ge\u00e4nderten Bedingungen treten mit der Ver\u00f6ffentlichung auf dieser Website in Kraft.<\/p>\n\n\n\n<h2 class=\"wp-block-heading\">10. DATENSCHUTZ<\/h2>\n\n\n\n<p><a href=\"https:\/\/v2charge.com\/store\/de\/datenschutzerklaerung\/\">Hier<\/a> unsere Datenschutzerkl\u00e4rung einsehen.<br><\/p>\n\n\n\n<h2 class=\"wp-block-heading\">11. BETR\u00dcGERISCHE KARTENNUTZUNG<\/h2>\n\n\n\n<p>Der H\u00e4ndler verpflichtet sich, keine Transaktionen zuzulassen, die rechtswidrig sind oder von den Kreditkartenmarken bzw. der Acquirer-Bank als illegal angesehen werden und die geeignet sind, deren guten Ruf zu sch\u00e4digen oder sich negativ auf sie auszuwirken. Nach den Programmen der Kreditkartenorganisationen sind u. a. folgende Aktivit\u00e4ten untersagt: der Verkauf oder das Angebot eines Produkts oder einer Dienstleistung, das\/der nicht in vollem Umfang mit allen anwendbaren gesetzlichen Vorschriften f\u00fcr K\u00e4ufer, kartenausgebende Bank, H\u00e4ndler sowie Karteninhaber \u00fcbereinstimmt.<\/p>\n","protected":false},"excerpt":{"rendered":"<p>Allgemeine Bedingungen v2charge.com\/store\/ ist ein Service, der Negocios Inteligentes 7Experience, S.L. (C.I.F. B98496706) geh\u00f6rt und von diesem Unternehmen betrieben wird. Sitz: Avenida Cam\u00ed Nou 268, Xirivella 46950. Diese Allgemeinen Bedingungen gelten ausschlie\u00dflich f\u00fcr den Verkauf der auf www.v2charge.com\/store\/ dargestellten Produkte durch Negocios Inteligentes 7Experience, S.L. Die auf www.v2charge.com\/store\/ angebotenen Produkte sind in erster Linie f\u00fcr<a class=\"more-link\" href=\"https:\/\/v2charge.com\/store\/de\/impressum\/\">Read more  &#10230;<\/a><\/p>\n","protected":false},"author":1,"featured_media":0,"parent":0,"menu_order":0,"comment_status":"closed","ping_status":"closed","template":"","meta":{"content-type":"","inline_featured_image":false,"footnotes":""},"class_list":["post-20898","page","type-page","status-publish","hentry"],"yoast_head":"<!-- This site is optimized with the Yoast SEO plugin v27.0 - https:\/\/yoast.com\/product\/yoast-seo-wordpress\/ -->\n<title>Impressum - V2C Store<\/title>\n<meta name=\"robots\" content=\"noindex, follow\" \/>\n<meta property=\"og:locale\" content=\"de_DE\" \/>\n<meta property=\"og:type\" content=\"article\" \/>\n<meta property=\"og:title\" content=\"Impressum - V2C Store\" \/>\n<meta property=\"og:description\" content=\"Allgemeine Bedingungen v2charge.com\/store\/ ist ein Service, der Negocios Inteligentes 7Experience, S.L. (C.I.F. B98496706) geh\u00f6rt und von diesem Unternehmen betrieben wird. Sitz: Avenida Cam\u00ed Nou 268, Xirivella 46950. Diese Allgemeinen Bedingungen gelten ausschlie\u00dflich f\u00fcr den Verkauf der auf www.v2charge.com\/store\/ dargestellten Produkte durch Negocios Inteligentes 7Experience, S.L. Die auf www.v2charge.com\/store\/ angebotenen Produkte sind in erster Linie f\u00fcrRead more &#10230;\" \/>\n<meta property=\"og:url\" content=\"https:\/\/v2charge.com\/store\/de\/impressum\/\" \/>\n<meta property=\"og:site_name\" content=\"V2C Store\" \/>\n<meta property=\"article:modified_time\" content=\"2026-04-07T09:43:08+00:00\" \/>\n<meta name=\"twitter:card\" content=\"summary_large_image\" \/>\n<meta name=\"twitter:label1\" content=\"Gesch\u00e4tzte Lesezeit\" \/>\n\t<meta name=\"twitter:data1\" content=\"6\u00a0Minuten\" \/>\n<script type=\"application\/ld+json\" class=\"yoast-schema-graph\">{\"@context\":\"https:\/\/schema.org\",\"@graph\":[{\"@type\":\"WebPage\",\"@id\":\"https:\/\/v2charge.com\/store\/de\/impressum\/\",\"url\":\"https:\/\/v2charge.com\/store\/de\/impressum\/\",\"name\":\"Impressum - V2C Store\",\"isPartOf\":{\"@id\":\"https:\/\/v2charge.com\/store\/#website\"},\"datePublished\":\"2022-09-02T08:55:05+00:00\",\"dateModified\":\"2026-04-07T09:43:08+00:00\",\"breadcrumb\":{\"@id\":\"https:\/\/v2charge.com\/store\/de\/impressum\/#breadcrumb\"},\"inLanguage\":\"de\",\"potentialAction\":[{\"@type\":\"ReadAction\",\"target\":[\"https:\/\/v2charge.com\/store\/de\/impressum\/\"]}]},{\"@type\":\"BreadcrumbList\",\"@id\":\"https:\/\/v2charge.com\/store\/de\/impressum\/#breadcrumb\",\"itemListElement\":[{\"@type\":\"ListItem\",\"position\":1,\"name\":\"Portada\",\"item\":\"https:\/\/v2charge.com\/store\/de\/\"},{\"@type\":\"ListItem\",\"position\":2,\"name\":\"Impressum\"}]},{\"@type\":\"WebSite\",\"@id\":\"https:\/\/v2charge.com\/store\/#website\",\"url\":\"https:\/\/v2charge.com\/store\/\",\"name\":\"V2C Store\",\"description\":\"V2C Store\",\"potentialAction\":[{\"@type\":\"SearchAction\",\"target\":{\"@type\":\"EntryPoint\",\"urlTemplate\":\"https:\/\/v2charge.com\/store\/?s={search_term_string}\"},\"query-input\":{\"@type\":\"PropertyValueSpecification\",\"valueRequired\":true,\"valueName\":\"search_term_string\"}}],\"inLanguage\":\"de\"}]}<\/script>\n<!-- \/ Yoast SEO plugin. -->","yoast_head_json":{"title":"Impressum - V2C Store","robots":{"index":"noindex","follow":"follow"},"og_locale":"de_DE","og_type":"article","og_title":"Impressum - V2C Store","og_description":"Allgemeine Bedingungen v2charge.com\/store\/ ist ein Service, der Negocios Inteligentes 7Experience, S.L. (C.I.F. B98496706) geh\u00f6rt und von diesem Unternehmen betrieben wird. Sitz: Avenida Cam\u00ed Nou 268, Xirivella 46950. Diese Allgemeinen Bedingungen gelten ausschlie\u00dflich f\u00fcr den Verkauf der auf www.v2charge.com\/store\/ dargestellten Produkte durch Negocios Inteligentes 7Experience, S.L. Die auf www.v2charge.com\/store\/ angebotenen Produkte sind in erster Linie f\u00fcrRead more &#10230;","og_url":"https:\/\/v2charge.com\/store\/de\/impressum\/","og_site_name":"V2C Store","article_modified_time":"2026-04-07T09:43:08+00:00","twitter_card":"summary_large_image","twitter_misc":{"Gesch\u00e4tzte Lesezeit":"6\u00a0Minuten"},"schema":{"@context":"https:\/\/schema.org","@graph":[{"@type":"WebPage","@id":"https:\/\/v2charge.com\/store\/de\/impressum\/","url":"https:\/\/v2charge.com\/store\/de\/impressum\/","name":"Impressum - V2C Store","isPartOf":{"@id":"https:\/\/v2charge.com\/store\/#website"},"datePublished":"2022-09-02T08:55:05+00:00","dateModified":"2026-04-07T09:43:08+00:00","breadcrumb":{"@id":"https:\/\/v2charge.com\/store\/de\/impressum\/#breadcrumb"},"inLanguage":"de","potentialAction":[{"@type":"ReadAction","target":["https:\/\/v2charge.com\/store\/de\/impressum\/"]}]},{"@type":"BreadcrumbList","@id":"https:\/\/v2charge.com\/store\/de\/impressum\/#breadcrumb","itemListElement":[{"@type":"ListItem","position":1,"name":"Portada","item":"https:\/\/v2charge.com\/store\/de\/"},{"@type":"ListItem","position":2,"name":"Impressum"}]},{"@type":"WebSite","@id":"https:\/\/v2charge.com\/store\/#website","url":"https:\/\/v2charge.com\/store\/","name":"V2C Store","description":"V2C Store","potentialAction":[{"@type":"SearchAction","target":{"@type":"EntryPoint","urlTemplate":"https:\/\/v2charge.com\/store\/?s={search_term_string}"},"query-input":{"@type":"PropertyValueSpecification","valueRequired":true,"valueName":"search_term_string"}}],"inLanguage":"de"}]}},"_links":{"self":[{"href":"https:\/\/v2charge.com\/store\/de\/wp-json\/wp\/v2\/pages\/20898","targetHints":{"allow":["GET"]}}],"collection":[{"href":"https:\/\/v2charge.com\/store\/de\/wp-json\/wp\/v2\/pages"}],"about":[{"href":"https:\/\/v2charge.com\/store\/de\/wp-json\/wp\/v2\/types\/page"}],"author":[{"embeddable":true,"href":"https:\/\/v2charge.com\/store\/de\/wp-json\/wp\/v2\/users\/1"}],"replies":[{"embeddable":true,"href":"https:\/\/v2charge.com\/store\/de\/wp-json\/wp\/v2\/comments?post=20898"}],"version-history":[{"count":3,"href":"https:\/\/v2charge.com\/store\/de\/wp-json\/wp\/v2\/pages\/20898\/revisions"}],"predecessor-version":[{"id":20904,"href":"https:\/\/v2charge.com\/store\/de\/wp-json\/wp\/v2\/pages\/20898\/revisions\/20904"}],"wp:attachment":[{"href":"https:\/\/v2charge.com\/store\/de\/wp-json\/wp\/v2\/media?parent=20898"}],"curies":[{"name":"wp","href":"https:\/\/api.w.org\/{rel}","templated":true}]}}