{"id":21415,"date":"2023-03-13T15:33:20","date_gmt":"2023-03-13T15:33:20","guid":{"rendered":"https:\/\/v2charge.com\/store\/accessories\/"},"modified":"2026-04-10T08:04:14","modified_gmt":"2026-04-10T08:04:14","slug":"zubehoer","status":"publish","type":"page","link":"https:\/\/v2charge.com\/store\/de\/zubehoer\/","title":{"rendered":"Zubeh\u00f6r"},"content":{"rendered":"\n<h1 class=\"wp-block-heading has-text-align-center\">Zubeh\u00f6r<\/h1>\n\n\n<div data-block-name=\"woocommerce\/product-category\" data-categories=\"[164]\" data-columns=\"4\" data-content-visibility=\"{&quot;image&quot;:true,&quot;title&quot;:true,&quot;price&quot;:true,&quot;rating&quot;:false,&quot;button&quot;:true}\" data-stock-status=\"[&quot;&quot;,&quot;instock&quot;,&quot;outofstock&quot;,&quot;onbackorder&quot;]\" class=\"wc-block-grid wp-block-product-category wp-block-woocommerce-product-category wc-block-product-category has-4-columns has-multiple-rows\"><ul class=\"wc-block-grid__products\"><li class=\"wc-block-grid__product\">\n\t\t\t\t<a href=\"https:\/\/v2charge.com\/store\/de\/produkt\/rfid-karte\/\" class=\"wc-block-grid__product-link\">\n\t\t\t\t\t\n\t\t\t\t\t<div class=\"wc-block-grid__product-image\"><img fetchpriority=\"high\" decoding=\"async\" width=\"362\" height=\"503\" src=\"https:\/\/v2charge.com\/store\/wp-content\/uploads\/2025\/05\/rfid-v2c-362x503.jpg\" class=\"attachment-woocommerce_thumbnail size-woocommerce_thumbnail\" alt=\"RFID-Karte\" \/><\/div>\n\t\t\t\t\t<div class=\"wc-block-grid__product-title\">RFID-Karte<\/div>\n\t\t\t\t<\/a>\n\t\t\t\t<div class=\"wc-block-grid__product-price price\"><span class=\"woocommerce-Price-amount amount\">3.45<span class=\"woocommerce-Price-currencySymbol\">&euro;<\/span><\/span><\/div>\n\t\t\t\t\n\t\t\t\t<div class=\"wp-block-button wc-block-grid__product-add-to-cart\"><a href=\"\/store\/de\/wp-json\/wp\/v2\/pages\/21415?add-to-cart=20920\" aria-label=\"In den Warenkorb legen: \u201eRFID-Karte\u201c\" data-quantity=\"1\" data-product_id=\"20920\" data-product_sku=\"\" data-price=\"3.45\" rel=\"nofollow\" class=\"wp-block-button__link  add_to_cart_button ajax_add_to_cart\">In den Warenkorb<\/a><\/div>\n\t\t\t<\/li><li class=\"wc-block-grid__product\">\n\t\t\t\t<a href=\"https:\/\/v2charge.com\/store\/de\/produkt\/standfuss\/\" class=\"wc-block-grid__product-link\">\n\t\t\t\t\t\n\t\t\t\t\t<div class=\"wc-block-grid__product-image\"><img decoding=\"async\" width=\"362\" height=\"503\" src=\"https:\/\/v2charge.com\/store\/wp-content\/uploads\/2023\/11\/single-pedestal-general-362x503.jpg\" class=\"attachment-woocommerce_thumbnail size-woocommerce_thumbnail\" alt=\"Standfu\u00df f\u00fcr Trydan\/Trydan Pro\" \/><\/div>\n\t\t\t\t\t<div class=\"wc-block-grid__product-title\">Standfu\u00df f\u00fcr Trydan\/Trydan Pro<\/div>\n\t\t\t\t<\/a>\n\t\t\t\t<div class=\"wc-block-grid__product-price price\"><span class=\"woocommerce-Price-amount amount\" aria-hidden=\"true\">282.90<span class=\"woocommerce-Price-currencySymbol\">&euro;<\/span><\/span> <span aria-hidden=\"true\"> \u2013 <\/span> <span class=\"woocommerce-Price-amount amount\" aria-hidden=\"true\">363.70<span class=\"woocommerce-Price-currencySymbol\">&euro;<\/span><\/span><span class=\"screen-reader-text\">Preisspanne: 282.90&euro; bis 363.70&euro;<\/span><\/div>\n\t\t\t\t\n\t\t\t\t<div class=\"wp-block-button wc-block-grid__product-add-to-cart\"><a href=\"https:\/\/v2charge.com\/store\/de\/produkt\/standfuss\/\" aria-label=\"W\u00e4hle Optionen f\u00fcr \u201eStandfu\u00df f\u00fcr Trydan\/Trydan Pro\u201c\" data-quantity=\"1\" data-product_id=\"20979\" data-product_sku=\"V2C-PED\" data-price=\"282.9\" rel=\"nofollow\" class=\"wp-block-button__link  add_to_cart_button\">Ausf\u00fchrung w\u00e4hlen<\/a><\/div>\n\t\t\t<\/li><li class=\"wc-block-grid__product\">\n\t\t\t\t<a href=\"https:\/\/v2charge.com\/store\/de\/produkt\/kabelhalter\/\" class=\"wc-block-grid__product-link\">\n\t\t\t\t\t\n\t\t\t\t\t<div class=\"wc-block-grid__product-image\"><img decoding=\"async\" width=\"362\" height=\"503\" src=\"https:\/\/v2charge.com\/store\/wp-content\/uploads\/2023\/11\/soporte-cable-cargador-coche-electrico-362x503.jpg\" class=\"attachment-woocommerce_thumbnail size-woocommerce_thumbnail\" alt=\"Soporte para cable cargador de coche el\u00e9ctrico\" \/><\/div>\n\t\t\t\t\t<div class=\"wc-block-grid__product-title\">Kabelhalter<\/div>\n\t\t\t\t<\/a>\n\t\t\t\t<div class=\"wc-block-grid__product-price price\"><span class=\"woocommerce-Price-amount amount\">38.41<span class=\"woocommerce-Price-currencySymbol\">&euro;<\/span><\/span><\/div>\n\t\t\t\t\n\t\t\t\t<div class=\"wp-block-button wc-block-grid__product-add-to-cart\"><a href=\"\/store\/de\/wp-json\/wp\/v2\/pages\/21415?add-to-cart=20937\" aria-label=\"In den Warenkorb legen: \u201eKabelhalter\u201c\" data-quantity=\"1\" data-product_id=\"20937\" data-product_sku=\"V2C-SOP\" data-price=\"38.41\" rel=\"nofollow\" class=\"wp-block-button__link  add_to_cart_button ajax_add_to_cart\">In den Warenkorb<\/a><\/div>\n\t\t\t<\/li><li class=\"wc-block-grid__product\">\n\t\t\t\t<a href=\"https:\/\/v2charge.com\/store\/de\/produkt\/deckenhalterung-trydan\/\" class=\"wc-block-grid__product-link\">\n\t\t\t\t\t\n\t\t\t\t\t<div class=\"wc-block-grid__product-image\"><img loading=\"lazy\" decoding=\"async\" width=\"362\" height=\"503\" src=\"https:\/\/v2charge.com\/store\/wp-content\/uploads\/2023\/07\/trydan-soporte-techo-362x503.jpg\" class=\"attachment-woocommerce_thumbnail size-woocommerce_thumbnail\" alt=\"Soporte de techo para el cargador de coche el\u00e9ctrico Trydan\" \/><\/div>\n\t\t\t\t\t<div class=\"wc-block-grid__product-title\">Deckenhalterung f\u00fcr Trydan\/Trydan Pro<\/div>\n\t\t\t\t<\/a>\n\t\t\t\t<div class=\"wc-block-grid__product-price price\"><span class=\"woocommerce-Price-amount amount\">135.00<span class=\"woocommerce-Price-currencySymbol\">&euro;<\/span><\/span><\/div>\n\t\t\t\t\n\t\t\t\t<div class=\"wp-block-button wc-block-grid__product-add-to-cart\"><a href=\"\/store\/de\/wp-json\/wp\/v2\/pages\/21415?add-to-cart=20943\" aria-label=\"In den Warenkorb legen: \u201eDeckenhalterung f\u00fcr Trydan\/Trydan Pro\u201c\" data-quantity=\"1\" data-product_id=\"20943\" data-product_sku=\"V2C-ROOF\" data-price=\"135\" rel=\"nofollow\" class=\"wp-block-button__link  add_to_cart_button ajax_add_to_cart\">In den Warenkorb<\/a><\/div>\n\t\t\t<\/li><li class=\"wc-block-grid__product\">\n\t\t\t\t<a href=\"https:\/\/v2charge.com\/store\/de\/produkt\/wetterschutzabdeckung\/\" class=\"wc-block-grid__product-link\">\n\t\t\t\t\t\n\t\t\t\t\t<div class=\"wc-block-grid__product-image\"><img loading=\"lazy\" decoding=\"async\" width=\"362\" height=\"503\" src=\"https:\/\/v2charge.com\/store\/wp-content\/uploads\/2023\/03\/cubierta_cargador_trydan-362x503.jpg\" class=\"attachment-woocommerce_thumbnail size-woocommerce_thumbnail\" alt=\"Cubierta para cargador Trydan\" \/><\/div>\n\t\t\t\t\t<div class=\"wc-block-grid__product-title\">Wetter-Schutzdach f\u00fcr Trydan\/Trydan Pro<\/div>\n\t\t\t\t<\/a>\n\t\t\t\t<div class=\"wc-block-grid__product-price price\"><span class=\"woocommerce-Price-amount amount\">101.04<span class=\"woocommerce-Price-currencySymbol\">&euro;<\/span><\/span><\/div>\n\t\t\t\t\n\t\t\t\t<div class=\"wp-block-button wc-block-grid__product-add-to-cart\"><a href=\"\/store\/de\/wp-json\/wp\/v2\/pages\/21415?add-to-cart=20951\" aria-label=\"In den Warenkorb legen: \u201eWetter-Schutzdach f\u00fcr Trydan\/Trydan Pro\u201c\" data-quantity=\"1\" data-product_id=\"20951\" data-product_sku=\"V2C-TRY-COVER\" data-price=\"101.04\" rel=\"nofollow\" class=\"wp-block-button__link  add_to_cart_button ajax_add_to_cart\">In den Warenkorb<\/a><\/div>\n\t\t\t<\/li><li class=\"wc-block-grid__product\">\n\t\t\t\t<a href=\"https:\/\/v2charge.com\/store\/de\/produkt\/stromzange-photovoltaik-100a\/\" class=\"wc-block-grid__product-link\">\n\t\t\t\t\t\n\t\t\t\t\t<div class=\"wc-block-grid__product-image\"><img loading=\"lazy\" decoding=\"async\" width=\"362\" height=\"503\" src=\"https:\/\/v2charge.com\/store\/wp-content\/uploads\/2023\/01\/pinza-control-dinamico-potencia-362x503.jpg\" class=\"attachment-woocommerce_thumbnail size-woocommerce_thumbnail\" alt=\"Pinza control din\u00e1mico de potencia\" \/><\/div>\n\t\t\t\t\t<div class=\"wc-block-grid__product-title\">Stromzange f\u00fcr dynamisches Lastmanagement (PV) 100A<\/div>\n\t\t\t\t<\/a>\n\t\t\t\t<div class=\"wc-block-grid__product-price price\"><span class=\"woocommerce-Price-amount amount\">26.27<span class=\"woocommerce-Price-currencySymbol\">&euro;<\/span><\/span><\/div>\n\t\t\t\t\n\t\t\t\t<div class=\"wp-block-button wc-block-grid__product-add-to-cart\"><a href=\"\/store\/de\/wp-json\/wp\/v2\/pages\/21415?add-to-cart=20954\" aria-label=\"In den Warenkorb legen: \u201eStromzange f\u00fcr dynamisches Lastmanagement (PV) 100A\u201c\" data-quantity=\"1\" data-product_id=\"20954\" data-product_sku=\"\" data-price=\"26.27\" rel=\"nofollow\" class=\"wp-block-button__link  add_to_cart_button ajax_add_to_cart\">In den Warenkorb<\/a><\/div>\n\t\t\t<\/li><\/ul><\/div>","protected":false},"excerpt":{"rendered":"<p>Zubeh\u00f6r<\/p>\n","protected":false},"author":1,"featured_media":0,"parent":0,"menu_order":0,"comment_status":"closed","ping_status":"closed","template":"","meta":{"content-type":"","inline_featured_image":false,"footnotes":""},"class_list":["post-21415","page","type-page","status-publish","hentry"],"yoast_head":"<!-- This site is optimized with the Yoast SEO plugin v27.0 - https:\/\/yoast.com\/product\/yoast-seo-wordpress\/ -->\n<title>Zubeh\u00f6r f\u00fcr Wallboxen und Ladestationen | V2C<\/title>\n<meta name=\"description\" content=\"Zubeh\u00f6r f\u00fcr Wallboxen und Ladestationen von V2C. Entdecke passende Kabel, Halterungen und weiteres Zubeh\u00f6r f\u00fcr eine saubere Ladel\u00f6sung.\" \/>\n<meta name=\"robots\" content=\"index, follow, max-snippet:-1, max-image-preview:large, max-video-preview:-1\" \/>\n<link rel=\"canonical\" href=\"https:\/\/v2charge.com\/store\/de\/zubehoer\/\" \/>\n<meta property=\"og:locale\" content=\"de_DE\" \/>\n<meta property=\"og:type\" content=\"article\" \/>\n<meta property=\"og:title\" content=\"Zubeh\u00f6r f\u00fcr Wallboxen und Ladestationen | V2C\" \/>\n<meta property=\"og:description\" content=\"Zubeh\u00f6r f\u00fcr Wallboxen und Ladestationen von V2C. Entdecke passende Kabel, Halterungen und weiteres Zubeh\u00f6r f\u00fcr eine saubere Ladel\u00f6sung.\" \/>\n<meta property=\"og:url\" content=\"https:\/\/v2charge.com\/store\/de\/zubehoer\/\" \/>\n<meta property=\"og:site_name\" content=\"V2C Store\" \/>\n<meta property=\"article:modified_time\" content=\"2026-04-10T08:04:14+00:00\" \/>\n<meta name=\"twitter:card\" content=\"summary_large_image\" \/>\n<meta name=\"twitter:label1\" content=\"Gesch\u00e4tzte Lesezeit\" \/>\n\t<meta name=\"twitter:data1\" content=\"1\u00a0Minute\" \/>\n<script type=\"application\/ld+json\" class=\"yoast-schema-graph\">{\"@context\":\"https:\/\/schema.org\",\"@graph\":[{\"@type\":\"WebPage\",\"@id\":\"https:\/\/v2charge.com\/store\/de\/zubehoer\/\",\"url\":\"https:\/\/v2charge.com\/store\/de\/zubehoer\/\",\"name\":\"Zubeh\u00f6r f\u00fcr Wallboxen und Ladestationen | V2C\",\"isPartOf\":{\"@id\":\"https:\/\/v2charge.com\/store\/#website\"},\"datePublished\":\"2023-03-13T15:33:20+00:00\",\"dateModified\":\"2026-04-10T08:04:14+00:00\",\"description\":\"Zubeh\u00f6r f\u00fcr Wallboxen und Ladestationen von V2C. Entdecke passende Kabel, Halterungen und weiteres Zubeh\u00f6r f\u00fcr eine saubere Ladel\u00f6sung.\",\"breadcrumb\":{\"@id\":\"https:\/\/v2charge.com\/store\/de\/zubehoer\/#breadcrumb\"},\"inLanguage\":\"de\",\"potentialAction\":[{\"@type\":\"ReadAction\",\"target\":[\"https:\/\/v2charge.com\/store\/de\/zubehoer\/\"]}]},{\"@type\":\"BreadcrumbList\",\"@id\":\"https:\/\/v2charge.com\/store\/de\/zubehoer\/#breadcrumb\",\"itemListElement\":[{\"@type\":\"ListItem\",\"position\":1,\"name\":\"Portada\",\"item\":\"https:\/\/v2charge.com\/store\/de\/\"},{\"@type\":\"ListItem\",\"position\":2,\"name\":\"Zubeh\u00f6r\"}]},{\"@type\":\"WebSite\",\"@id\":\"https:\/\/v2charge.com\/store\/#website\",\"url\":\"https:\/\/v2charge.com\/store\/\",\"name\":\"V2C Store\",\"description\":\"V2C Store\",\"publisher\":{\"@id\":\"https:\/\/v2charge.com\/store\/#organization\"},\"potentialAction\":[{\"@type\":\"SearchAction\",\"target\":{\"@type\":\"EntryPoint\",\"urlTemplate\":\"https:\/\/v2charge.com\/store\/?s={search_term_string}\"},\"query-input\":{\"@type\":\"PropertyValueSpecification\",\"valueRequired\":true,\"valueName\":\"search_term_string\"}}],\"inLanguage\":\"de\"},{\"@type\":\"Organization\",\"@id\":\"https:\/\/v2charge.com\/store\/#organization\",\"name\":\"V2C Store\",\"url\":\"https:\/\/v2charge.com\/store\/\",\"logo\":{\"@type\":\"ImageObject\",\"inLanguage\":\"de\",\"@id\":\"https:\/\/v2charge.com\/store\/#\/schema\/logo\/image\/\",\"url\":\"https:\/\/v2charge.com\/store\/wp-content\/uploads\/2022\/08\/cropped-cropped-logotipo-v2c-store-1.png\",\"contentUrl\":\"https:\/\/v2charge.com\/store\/wp-content\/uploads\/2022\/08\/cropped-cropped-logotipo-v2c-store-1.png\",\"width\":250,\"height\":65,\"caption\":\"V2C Store\"},\"image\":{\"@id\":\"https:\/\/v2charge.com\/store\/#\/schema\/logo\/image\/\"}}]}<\/script>\n<!-- \/ Yoast SEO plugin. -->","yoast_head_json":{"title":"Zubeh\u00f6r f\u00fcr Wallboxen und Ladestationen | V2C","description":"Zubeh\u00f6r f\u00fcr Wallboxen und Ladestationen von V2C. Entdecke passende Kabel, Halterungen und weiteres Zubeh\u00f6r f\u00fcr eine saubere Ladel\u00f6sung.","robots":{"index":"index","follow":"follow","max-snippet":"max-snippet:-1","max-image-preview":"max-image-preview:large","max-video-preview":"max-video-preview:-1"},"canonical":"https:\/\/v2charge.com\/store\/de\/zubehoer\/","og_locale":"de_DE","og_type":"article","og_title":"Zubeh\u00f6r f\u00fcr Wallboxen und Ladestationen | V2C","og_description":"Zubeh\u00f6r f\u00fcr Wallboxen und Ladestationen von V2C. Entdecke passende Kabel, Halterungen und weiteres Zubeh\u00f6r f\u00fcr eine saubere Ladel\u00f6sung.","og_url":"https:\/\/v2charge.com\/store\/de\/zubehoer\/","og_site_name":"V2C Store","article_modified_time":"2026-04-10T08:04:14+00:00","twitter_card":"summary_large_image","twitter_misc":{"Gesch\u00e4tzte Lesezeit":"1\u00a0Minute"},"schema":{"@context":"https:\/\/schema.org","@graph":[{"@type":"WebPage","@id":"https:\/\/v2charge.com\/store\/de\/zubehoer\/","url":"https:\/\/v2charge.com\/store\/de\/zubehoer\/","name":"Zubeh\u00f6r f\u00fcr Wallboxen und Ladestationen | V2C","isPartOf":{"@id":"https:\/\/v2charge.com\/store\/#website"},"datePublished":"2023-03-13T15:33:20+00:00","dateModified":"2026-04-10T08:04:14+00:00","description":"Zubeh\u00f6r f\u00fcr Wallboxen und Ladestationen von V2C. Entdecke passende Kabel, Halterungen und weiteres Zubeh\u00f6r f\u00fcr eine saubere Ladel\u00f6sung.","breadcrumb":{"@id":"https:\/\/v2charge.com\/store\/de\/zubehoer\/#breadcrumb"},"inLanguage":"de","potentialAction":[{"@type":"ReadAction","target":["https:\/\/v2charge.com\/store\/de\/zubehoer\/"]}]},{"@type":"BreadcrumbList","@id":"https:\/\/v2charge.com\/store\/de\/zubehoer\/#breadcrumb","itemListElement":[{"@type":"ListItem","position":1,"name":"Portada","item":"https:\/\/v2charge.com\/store\/de\/"},{"@type":"ListItem","position":2,"name":"Zubeh\u00f6r"}]},{"@type":"WebSite","@id":"https:\/\/v2charge.com\/store\/#website","url":"https:\/\/v2charge.com\/store\/","name":"V2C Store","description":"V2C Store","publisher":{"@id":"https:\/\/v2charge.com\/store\/#organization"},"potentialAction":[{"@type":"SearchAction","target":{"@type":"EntryPoint","urlTemplate":"https:\/\/v2charge.com\/store\/?s={search_term_string}"},"query-input":{"@type":"PropertyValueSpecification","valueRequired":true,"valueName":"search_term_string"}}],"inLanguage":"de"},{"@type":"Organization","@id":"https:\/\/v2charge.com\/store\/#organization","name":"V2C Store","url":"https:\/\/v2charge.com\/store\/","logo":{"@type":"ImageObject","inLanguage":"de","@id":"https:\/\/v2charge.com\/store\/#\/schema\/logo\/image\/","url":"https:\/\/v2charge.com\/store\/wp-content\/uploads\/2022\/08\/cropped-cropped-logotipo-v2c-store-1.png","contentUrl":"https:\/\/v2charge.com\/store\/wp-content\/uploads\/2022\/08\/cropped-cropped-logotipo-v2c-store-1.png","width":250,"height":65,"caption":"V2C Store"},"image":{"@id":"https:\/\/v2charge.com\/store\/#\/schema\/logo\/image\/"}}]}},"_links":{"self":[{"href":"https:\/\/v2charge.com\/store\/de\/wp-json\/wp\/v2\/pages\/21415","targetHints":{"allow":["GET"]}}],"collection":[{"href":"https:\/\/v2charge.com\/store\/de\/wp-json\/wp\/v2\/pages"}],"about":[{"href":"https:\/\/v2charge.com\/store\/de\/wp-json\/wp\/v2\/types\/page"}],"author":[{"embeddable":true,"href":"https:\/\/v2charge.com\/store\/de\/wp-json\/wp\/v2\/users\/1"}],"replies":[{"embeddable":true,"href":"https:\/\/v2charge.com\/store\/de\/wp-json\/wp\/v2\/comments?post=21415"}],"version-history":[{"count":2,"href":"https:\/\/v2charge.com\/store\/de\/wp-json\/wp\/v2\/pages\/21415\/revisions"}],"predecessor-version":[{"id":21418,"href":"https:\/\/v2charge.com\/store\/de\/wp-json\/wp\/v2\/pages\/21415\/revisions\/21418"}],"wp:attachment":[{"href":"https:\/\/v2charge.com\/store\/de\/wp-json\/wp\/v2\/media?parent=21415"}],"curies":[{"name":"wp","href":"https:\/\/api.w.org\/{rel}","templated":true}]}}