{"id":20937,"date":"2023-11-21T08:41:46","date_gmt":"2023-11-21T08:41:46","guid":{"rendered":"https:\/\/v2charge.com\/store\/product\/cable-holder\/"},"modified":"2026-04-07T11:16:20","modified_gmt":"2026-04-07T11:16:20","slug":"kabelhalter","status":"publish","type":"product","link":"https:\/\/v2charge.com\/store\/de\/produkt\/kabelhalter\/","title":{"rendered":"Kabelhalter"},"content":{"rendered":"<p>Der Wandhalter sorgt f\u00fcr <strong>Ordnung am Ladeplatz<\/strong>: Ladekabel aufrollen, einh\u00e4ngen, fertig.<\/p>\n<p>Das<strong> schlichte, moderne Design<\/strong> passt in Garage, Carport oder an den Stellplatz.<\/p>\n<p>Damit bleibt <strong>alles griffbereit<\/strong> und nichts liegt auf dem Boden.<\/p>\n<h2 data-start=\"106\" data-end=\"120\">Abmessungen<\/h2>\n<p data-start=\"122\" data-end=\"169\">Breite: 160 mm<br data-start=\"135\" data-end=\"138\" \/>H\u00f6he: 115 mm<br data-start=\"152\" data-end=\"155\" \/>Tiefe: 80 mm<\/p>\n","protected":false},"excerpt":{"rendered":"<p class=\"p1\">Mit dem V2C Kabelhalter bleibt der <strong>Ladebereich aufger\u00e4umt<\/strong>. Das Ladekabel ist<strong> sauber verstaut<\/strong> und schnell zur Hand.<\/p>\n","protected":false},"featured_media":20938,"template":"","meta":{"content-type":"","inline_featured_image":false},"product_brand":[],"product_cat":[164],"product_tag":[],"class_list":{"0":"post-20937","1":"product","2":"type-product","3":"status-publish","4":"has-post-thumbnail","6":"product_cat-zubehoer","8":"first","9":"instock","10":"taxable","11":"shipping-taxable","12":"purchasable","13":"product-type-simple"},"yoast_head":"<!-- This site is optimized with the Yoast SEO plugin v27.0 - https:\/\/yoast.com\/product\/yoast-seo-wordpress\/ -->\n<title>Cable wall holder | V2CKabelhalter f\u00fcr die Wand | V2C<\/title>\n<meta name=\"description\" content=\"Die V2C Kabelhalterung f\u00fcr die Wand sorgt f\u00fcr einen aufger\u00e4umten Ladebereich und bietet eine praktische L\u00f6sung zur Kabelaufbewahrung | Jetzt kaufen | V2C\" \/>\n<meta name=\"robots\" content=\"index, follow, max-snippet:-1, max-image-preview:large, max-video-preview:-1\" \/>\n<link rel=\"canonical\" href=\"https:\/\/v2charge.com\/store\/de\/produkt\/kabelhalter\/\" \/>\n<meta property=\"og:locale\" content=\"de_DE\" \/>\n<meta property=\"og:type\" content=\"article\" \/>\n<meta property=\"og:title\" content=\"Cable wall holder | V2CKabelhalter f\u00fcr die Wand | V2C\" \/>\n<meta property=\"og:description\" content=\"Die V2C Kabelhalterung f\u00fcr die Wand sorgt f\u00fcr einen aufger\u00e4umten Ladebereich und bietet eine praktische L\u00f6sung zur Kabelaufbewahrung | Jetzt kaufen | V2C\" \/>\n<meta property=\"og:url\" content=\"https:\/\/v2charge.com\/store\/de\/produkt\/kabelhalter\/\" \/>\n<meta property=\"og:site_name\" content=\"V2C Store\" \/>\n<meta property=\"article:modified_time\" content=\"2026-04-07T11:16:20+00:00\" \/>\n<meta property=\"og:image\" content=\"https:\/\/v2charge.com\/store\/wp-content\/uploads\/2023\/11\/soporte-cable-cargador-coche-electrico.jpg\" \/>\n\t<meta property=\"og:image:width\" content=\"600\" \/>\n\t<meta property=\"og:image:height\" content=\"600\" \/>\n\t<meta property=\"og:image:type\" content=\"image\/jpeg\" \/>\n<meta name=\"twitter:card\" content=\"summary_large_image\" \/>\n<meta name=\"twitter:label1\" content=\"Gesch\u00e4tzte Lesezeit\" \/>\n\t<meta name=\"twitter:data1\" content=\"1\u00a0Minute\" \/>\n<script type=\"application\/ld+json\" class=\"yoast-schema-graph\">{\"@context\":\"https:\/\/schema.org\",\"@graph\":[{\"@type\":\"WebPage\",\"@id\":\"https:\/\/v2charge.com\/store\/de\/produkt\/kabelhalter\/\",\"url\":\"https:\/\/v2charge.com\/store\/de\/produkt\/kabelhalter\/\",\"name\":\"Cable wall holder | V2CKabelhalter f\u00fcr die Wand | V2C\",\"isPartOf\":{\"@id\":\"https:\/\/v2charge.com\/store\/#website\"},\"primaryImageOfPage\":{\"@id\":\"https:\/\/v2charge.com\/store\/de\/produkt\/kabelhalter\/#primaryimage\"},\"image\":{\"@id\":\"https:\/\/v2charge.com\/store\/de\/produkt\/kabelhalter\/#primaryimage\"},\"thumbnailUrl\":\"https:\/\/v2charge.com\/store\/wp-content\/uploads\/2023\/11\/soporte-cable-cargador-coche-electrico.jpg\",\"datePublished\":\"2023-11-21T08:41:46+00:00\",\"dateModified\":\"2026-04-07T11:16:20+00:00\",\"description\":\"Die V2C Kabelhalterung f\u00fcr die Wand sorgt f\u00fcr einen aufger\u00e4umten Ladebereich und bietet eine praktische L\u00f6sung zur Kabelaufbewahrung | Jetzt kaufen | V2C\",\"breadcrumb\":{\"@id\":\"https:\/\/v2charge.com\/store\/de\/produkt\/kabelhalter\/#breadcrumb\"},\"inLanguage\":\"de\",\"potentialAction\":[{\"@type\":\"ReadAction\",\"target\":[\"https:\/\/v2charge.com\/store\/de\/produkt\/kabelhalter\/\"]}]},{\"@type\":\"ImageObject\",\"inLanguage\":\"de\",\"@id\":\"https:\/\/v2charge.com\/store\/de\/produkt\/kabelhalter\/#primaryimage\",\"url\":\"https:\/\/v2charge.com\/store\/wp-content\/uploads\/2023\/11\/soporte-cable-cargador-coche-electrico.jpg\",\"contentUrl\":\"https:\/\/v2charge.com\/store\/wp-content\/uploads\/2023\/11\/soporte-cable-cargador-coche-electrico.jpg\",\"width\":600,\"height\":600,\"caption\":\"Soporte para cable cargador de coche el\u00e9ctrico\"},{\"@type\":\"BreadcrumbList\",\"@id\":\"https:\/\/v2charge.com\/store\/de\/produkt\/kabelhalter\/#breadcrumb\",\"itemListElement\":[{\"@type\":\"ListItem\",\"position\":1,\"name\":\"Portada\",\"item\":\"https:\/\/v2charge.com\/store\/de\/\"},{\"@type\":\"ListItem\",\"position\":2,\"name\":\"Online-Shop\",\"item\":\"https:\/\/v2charge.com\/store\/de\/online-shop\/\"},{\"@type\":\"ListItem\",\"position\":3,\"name\":\"Kabelhalter\"}]},{\"@type\":\"WebSite\",\"@id\":\"https:\/\/v2charge.com\/store\/#website\",\"url\":\"https:\/\/v2charge.com\/store\/\",\"name\":\"V2C Store\",\"description\":\"V2C Store\",\"publisher\":{\"@id\":\"https:\/\/v2charge.com\/store\/#organization\"},\"potentialAction\":[{\"@type\":\"SearchAction\",\"target\":{\"@type\":\"EntryPoint\",\"urlTemplate\":\"https:\/\/v2charge.com\/store\/?s={search_term_string}\"},\"query-input\":{\"@type\":\"PropertyValueSpecification\",\"valueRequired\":true,\"valueName\":\"search_term_string\"}}],\"inLanguage\":\"de\"},{\"@type\":\"Organization\",\"@id\":\"https:\/\/v2charge.com\/store\/#organization\",\"name\":\"V2C Store\",\"url\":\"https:\/\/v2charge.com\/store\/\",\"logo\":{\"@type\":\"ImageObject\",\"inLanguage\":\"de\",\"@id\":\"https:\/\/v2charge.com\/store\/#\/schema\/logo\/image\/\",\"url\":\"https:\/\/v2charge.com\/store\/wp-content\/uploads\/2022\/08\/cropped-cropped-logotipo-v2c-store-1.png\",\"contentUrl\":\"https:\/\/v2charge.com\/store\/wp-content\/uploads\/2022\/08\/cropped-cropped-logotipo-v2c-store-1.png\",\"width\":250,\"height\":65,\"caption\":\"V2C Store\"},\"image\":{\"@id\":\"https:\/\/v2charge.com\/store\/#\/schema\/logo\/image\/\"}}]}<\/script>\n<!-- \/ Yoast SEO plugin. -->","yoast_head_json":{"title":"Cable wall holder | V2CKabelhalter f\u00fcr die Wand | V2C","description":"Die V2C Kabelhalterung f\u00fcr die Wand sorgt f\u00fcr einen aufger\u00e4umten Ladebereich und bietet eine praktische L\u00f6sung zur Kabelaufbewahrung | Jetzt kaufen | V2C","robots":{"index":"index","follow":"follow","max-snippet":"max-snippet:-1","max-image-preview":"max-image-preview:large","max-video-preview":"max-video-preview:-1"},"canonical":"https:\/\/v2charge.com\/store\/de\/produkt\/kabelhalter\/","og_locale":"de_DE","og_type":"article","og_title":"Cable wall holder | V2CKabelhalter f\u00fcr die Wand | V2C","og_description":"Die V2C Kabelhalterung f\u00fcr die Wand sorgt f\u00fcr einen aufger\u00e4umten Ladebereich und bietet eine praktische L\u00f6sung zur Kabelaufbewahrung | Jetzt kaufen | V2C","og_url":"https:\/\/v2charge.com\/store\/de\/produkt\/kabelhalter\/","og_site_name":"V2C Store","article_modified_time":"2026-04-07T11:16:20+00:00","og_image":[{"width":600,"height":600,"url":"https:\/\/v2charge.com\/store\/wp-content\/uploads\/2023\/11\/soporte-cable-cargador-coche-electrico.jpg","type":"image\/jpeg"}],"twitter_card":"summary_large_image","twitter_misc":{"Gesch\u00e4tzte Lesezeit":"1\u00a0Minute"},"schema":{"@context":"https:\/\/schema.org","@graph":[{"@type":"WebPage","@id":"https:\/\/v2charge.com\/store\/de\/produkt\/kabelhalter\/","url":"https:\/\/v2charge.com\/store\/de\/produkt\/kabelhalter\/","name":"Cable wall holder | V2CKabelhalter f\u00fcr die Wand | V2C","isPartOf":{"@id":"https:\/\/v2charge.com\/store\/#website"},"primaryImageOfPage":{"@id":"https:\/\/v2charge.com\/store\/de\/produkt\/kabelhalter\/#primaryimage"},"image":{"@id":"https:\/\/v2charge.com\/store\/de\/produkt\/kabelhalter\/#primaryimage"},"thumbnailUrl":"https:\/\/v2charge.com\/store\/wp-content\/uploads\/2023\/11\/soporte-cable-cargador-coche-electrico.jpg","datePublished":"2023-11-21T08:41:46+00:00","dateModified":"2026-04-07T11:16:20+00:00","description":"Die V2C Kabelhalterung f\u00fcr die Wand sorgt f\u00fcr einen aufger\u00e4umten Ladebereich und bietet eine praktische L\u00f6sung zur Kabelaufbewahrung | Jetzt kaufen | V2C","breadcrumb":{"@id":"https:\/\/v2charge.com\/store\/de\/produkt\/kabelhalter\/#breadcrumb"},"inLanguage":"de","potentialAction":[{"@type":"ReadAction","target":["https:\/\/v2charge.com\/store\/de\/produkt\/kabelhalter\/"]}]},{"@type":"ImageObject","inLanguage":"de","@id":"https:\/\/v2charge.com\/store\/de\/produkt\/kabelhalter\/#primaryimage","url":"https:\/\/v2charge.com\/store\/wp-content\/uploads\/2023\/11\/soporte-cable-cargador-coche-electrico.jpg","contentUrl":"https:\/\/v2charge.com\/store\/wp-content\/uploads\/2023\/11\/soporte-cable-cargador-coche-electrico.jpg","width":600,"height":600,"caption":"Soporte para cable cargador de coche el\u00e9ctrico"},{"@type":"BreadcrumbList","@id":"https:\/\/v2charge.com\/store\/de\/produkt\/kabelhalter\/#breadcrumb","itemListElement":[{"@type":"ListItem","position":1,"name":"Portada","item":"https:\/\/v2charge.com\/store\/de\/"},{"@type":"ListItem","position":2,"name":"Online-Shop","item":"https:\/\/v2charge.com\/store\/de\/online-shop\/"},{"@type":"ListItem","position":3,"name":"Kabelhalter"}]},{"@type":"WebSite","@id":"https:\/\/v2charge.com\/store\/#website","url":"https:\/\/v2charge.com\/store\/","name":"V2C Store","description":"V2C Store","publisher":{"@id":"https:\/\/v2charge.com\/store\/#organization"},"potentialAction":[{"@type":"SearchAction","target":{"@type":"EntryPoint","urlTemplate":"https:\/\/v2charge.com\/store\/?s={search_term_string}"},"query-input":{"@type":"PropertyValueSpecification","valueRequired":true,"valueName":"search_term_string"}}],"inLanguage":"de"},{"@type":"Organization","@id":"https:\/\/v2charge.com\/store\/#organization","name":"V2C Store","url":"https:\/\/v2charge.com\/store\/","logo":{"@type":"ImageObject","inLanguage":"de","@id":"https:\/\/v2charge.com\/store\/#\/schema\/logo\/image\/","url":"https:\/\/v2charge.com\/store\/wp-content\/uploads\/2022\/08\/cropped-cropped-logotipo-v2c-store-1.png","contentUrl":"https:\/\/v2charge.com\/store\/wp-content\/uploads\/2022\/08\/cropped-cropped-logotipo-v2c-store-1.png","width":250,"height":65,"caption":"V2C Store"},"image":{"@id":"https:\/\/v2charge.com\/store\/#\/schema\/logo\/image\/"}}]}},"_links":{"self":[{"href":"https:\/\/v2charge.com\/store\/de\/wp-json\/wp\/v2\/product\/20937","targetHints":{"allow":["GET"]}}],"collection":[{"href":"https:\/\/v2charge.com\/store\/de\/wp-json\/wp\/v2\/product"}],"about":[{"href":"https:\/\/v2charge.com\/store\/de\/wp-json\/wp\/v2\/types\/product"}],"wp:featuredmedia":[{"embeddable":true,"href":"https:\/\/v2charge.com\/store\/de\/wp-json\/wp\/v2\/media\/20938"}],"wp:attachment":[{"href":"https:\/\/v2charge.com\/store\/de\/wp-json\/wp\/v2\/media?parent=20937"}],"wp:term":[{"taxonomy":"product_brand","embeddable":true,"href":"https:\/\/v2charge.com\/store\/de\/wp-json\/wp\/v2\/product_brand?post=20937"},{"taxonomy":"product_cat","embeddable":true,"href":"https:\/\/v2charge.com\/store\/de\/wp-json\/wp\/v2\/product_cat?post=20937"},{"taxonomy":"product_tag","embeddable":true,"href":"https:\/\/v2charge.com\/store\/de\/wp-json\/wp\/v2\/product_tag?post=20937"}],"curies":[{"name":"wp","href":"https:\/\/api.w.org\/{rel}","templated":true}]}}