{"id":20943,"date":"2023-07-24T11:42:41","date_gmt":"2023-07-24T11:42:41","guid":{"rendered":"https:\/\/v2charge.com\/store\/product\/ceiling-bracket-trydan\/"},"modified":"2026-04-07T11:29:53","modified_gmt":"2026-04-07T11:29:53","slug":"deckenhalterung-trydan","status":"publish","type":"product","link":"https:\/\/v2charge.com\/store\/de\/produkt\/deckenhalterung-trydan\/","title":{"rendered":"Deckenhalterung f\u00fcr Trydan\/Trydan Pro"},"content":{"rendered":"<p>Diese Halterung erm\u00f6glicht eine <strong>einfache Montage an Decken und \u00dcberdachungen<\/strong>. Ideal f\u00fcr offene Stellpl\u00e4tze ohne Pfeiler oder W\u00e4nde.<\/p>\n<h2>Technische Daten der Deckenhalterung<\/h2>\n<p><strong>Material<\/strong><br \/>\n1,5 mm Stahlblech, epoxidbeschichtet.<\/p>\n<p><strong>Befestigung<\/strong><br \/>\nHalterung: mit 6 Schrauben DIN 571 6\u00d755 und D\u00fcbeln 6\u00d750.<br \/>\nTrydan: mit 4 Schrauben DIN 7985 M5, 4 Unterlegscheiben DIN 125 5,3 und 4 Muttern DIN 934 M5.<\/p>\n<p><strong>Abmessungen<\/strong><br \/>\nBreite: 90 mm<br \/>\nH\u00f6he: 690 mm<br \/>\nTiefe: 135 mm<\/p>\n<p><strong>Gewicht<\/strong><br \/>\n3,5 kg<\/p>\n","protected":false},"excerpt":{"rendered":"<p class=\"p1\">Die L\u00f6sung f\u00fcr Stellpl\u00e4tze ohne passende Wandfl\u00e4che: <strong>Trydan und Trydan Pro<\/strong> lassen sich mit der <strong>Deckenhalterung<\/strong> sicher montieren.<\/p>\n","protected":false},"featured_media":20949,"template":"","meta":{"content-type":"","inline_featured_image":false},"product_brand":[],"product_cat":[164],"product_tag":[],"class_list":{"0":"post-20943","1":"product","2":"type-product","3":"status-publish","4":"has-post-thumbnail","6":"product_cat-zubehoer","8":"first","9":"instock","10":"taxable","11":"shipping-taxable","12":"purchasable","13":"product-type-simple"},"yoast_head":"<!-- This site is optimized with the Yoast SEO plugin v27.0 - https:\/\/yoast.com\/product\/yoast-seo-wordpress\/ -->\n<title>Deckenhalterung f\u00fcr Trydan oder Trydan Pro | V2C<\/title>\n<meta name=\"description\" content=\"Die ideale Halterung f\u00fcr die Montage von Trydan oder Trydan Pro an Decken oder D\u00e4chern \u2013 effiziente L\u00f6sung f\u00fcr offene Bereiche ohne W\u00e4nde oder Pfeiler | V2C\" \/>\n<meta name=\"robots\" content=\"index, follow, max-snippet:-1, max-image-preview:large, max-video-preview:-1\" \/>\n<link rel=\"canonical\" href=\"https:\/\/v2charge.com\/store\/de\/produkt\/deckenhalterung-trydan\/\" \/>\n<meta property=\"og:locale\" content=\"de_DE\" \/>\n<meta property=\"og:type\" content=\"article\" \/>\n<meta property=\"og:title\" content=\"Deckenhalterung f\u00fcr Trydan oder Trydan Pro | V2C\" \/>\n<meta property=\"og:description\" content=\"Die ideale Halterung f\u00fcr die Montage von Trydan oder Trydan Pro an Decken oder D\u00e4chern \u2013 effiziente L\u00f6sung f\u00fcr offene Bereiche ohne W\u00e4nde oder Pfeiler | V2C\" \/>\n<meta property=\"og:url\" content=\"https:\/\/v2charge.com\/store\/de\/produkt\/deckenhalterung-trydan\/\" \/>\n<meta property=\"og:site_name\" content=\"V2C Store\" \/>\n<meta property=\"article:modified_time\" content=\"2026-04-07T11:29:53+00:00\" \/>\n<meta property=\"og:image\" content=\"https:\/\/v2charge.com\/store\/wp-content\/uploads\/2023\/07\/trydan-soporte-techo.jpg\" \/>\n\t<meta property=\"og:image:width\" content=\"600\" \/>\n\t<meta property=\"og:image:height\" content=\"600\" \/>\n\t<meta property=\"og:image:type\" content=\"image\/jpeg\" \/>\n<meta name=\"twitter:card\" content=\"summary_large_image\" \/>\n<meta name=\"twitter:label1\" content=\"Gesch\u00e4tzte Lesezeit\" \/>\n\t<meta name=\"twitter:data1\" content=\"1\u00a0Minute\" \/>\n<script type=\"application\/ld+json\" class=\"yoast-schema-graph\">{\"@context\":\"https:\/\/schema.org\",\"@graph\":[{\"@type\":\"WebPage\",\"@id\":\"https:\/\/v2charge.com\/store\/de\/produkt\/deckenhalterung-trydan\/\",\"url\":\"https:\/\/v2charge.com\/store\/de\/produkt\/deckenhalterung-trydan\/\",\"name\":\"Deckenhalterung f\u00fcr Trydan oder Trydan Pro | V2C\",\"isPartOf\":{\"@id\":\"https:\/\/v2charge.com\/store\/#website\"},\"primaryImageOfPage\":{\"@id\":\"https:\/\/v2charge.com\/store\/de\/produkt\/deckenhalterung-trydan\/#primaryimage\"},\"image\":{\"@id\":\"https:\/\/v2charge.com\/store\/de\/produkt\/deckenhalterung-trydan\/#primaryimage\"},\"thumbnailUrl\":\"https:\/\/v2charge.com\/store\/wp-content\/uploads\/2023\/07\/trydan-soporte-techo.jpg\",\"datePublished\":\"2023-07-24T11:42:41+00:00\",\"dateModified\":\"2026-04-07T11:29:53+00:00\",\"description\":\"Die ideale Halterung f\u00fcr die Montage von Trydan oder Trydan Pro an Decken oder D\u00e4chern \u2013 effiziente L\u00f6sung f\u00fcr offene Bereiche ohne W\u00e4nde oder Pfeiler | V2C\",\"breadcrumb\":{\"@id\":\"https:\/\/v2charge.com\/store\/de\/produkt\/deckenhalterung-trydan\/#breadcrumb\"},\"inLanguage\":\"de\",\"potentialAction\":[{\"@type\":\"ReadAction\",\"target\":[\"https:\/\/v2charge.com\/store\/de\/produkt\/deckenhalterung-trydan\/\"]}]},{\"@type\":\"ImageObject\",\"inLanguage\":\"de\",\"@id\":\"https:\/\/v2charge.com\/store\/de\/produkt\/deckenhalterung-trydan\/#primaryimage\",\"url\":\"https:\/\/v2charge.com\/store\/wp-content\/uploads\/2023\/07\/trydan-soporte-techo.jpg\",\"contentUrl\":\"https:\/\/v2charge.com\/store\/wp-content\/uploads\/2023\/07\/trydan-soporte-techo.jpg\",\"width\":600,\"height\":600,\"caption\":\"Soporte de techo para el cargador de coche el\u00e9ctrico Trydan\"},{\"@type\":\"BreadcrumbList\",\"@id\":\"https:\/\/v2charge.com\/store\/de\/produkt\/deckenhalterung-trydan\/#breadcrumb\",\"itemListElement\":[{\"@type\":\"ListItem\",\"position\":1,\"name\":\"Portada\",\"item\":\"https:\/\/v2charge.com\/store\/de\/\"},{\"@type\":\"ListItem\",\"position\":2,\"name\":\"Online-Shop\",\"item\":\"https:\/\/v2charge.com\/store\/de\/online-shop\/\"},{\"@type\":\"ListItem\",\"position\":3,\"name\":\"Deckenhalterung f\u00fcr Trydan\/Trydan Pro\"}]},{\"@type\":\"WebSite\",\"@id\":\"https:\/\/v2charge.com\/store\/#website\",\"url\":\"https:\/\/v2charge.com\/store\/\",\"name\":\"V2C Store\",\"description\":\"V2C Store\",\"publisher\":{\"@id\":\"https:\/\/v2charge.com\/store\/#organization\"},\"potentialAction\":[{\"@type\":\"SearchAction\",\"target\":{\"@type\":\"EntryPoint\",\"urlTemplate\":\"https:\/\/v2charge.com\/store\/?s={search_term_string}\"},\"query-input\":{\"@type\":\"PropertyValueSpecification\",\"valueRequired\":true,\"valueName\":\"search_term_string\"}}],\"inLanguage\":\"de\"},{\"@type\":\"Organization\",\"@id\":\"https:\/\/v2charge.com\/store\/#organization\",\"name\":\"V2C Store\",\"url\":\"https:\/\/v2charge.com\/store\/\",\"logo\":{\"@type\":\"ImageObject\",\"inLanguage\":\"de\",\"@id\":\"https:\/\/v2charge.com\/store\/#\/schema\/logo\/image\/\",\"url\":\"https:\/\/v2charge.com\/store\/wp-content\/uploads\/2022\/08\/cropped-cropped-logotipo-v2c-store-1.png\",\"contentUrl\":\"https:\/\/v2charge.com\/store\/wp-content\/uploads\/2022\/08\/cropped-cropped-logotipo-v2c-store-1.png\",\"width\":250,\"height\":65,\"caption\":\"V2C Store\"},\"image\":{\"@id\":\"https:\/\/v2charge.com\/store\/#\/schema\/logo\/image\/\"}}]}<\/script>\n<!-- \/ Yoast SEO plugin. -->","yoast_head_json":{"title":"Deckenhalterung f\u00fcr Trydan oder Trydan Pro | V2C","description":"Die ideale Halterung f\u00fcr die Montage von Trydan oder Trydan Pro an Decken oder D\u00e4chern \u2013 effiziente L\u00f6sung f\u00fcr offene Bereiche ohne W\u00e4nde oder Pfeiler | V2C","robots":{"index":"index","follow":"follow","max-snippet":"max-snippet:-1","max-image-preview":"max-image-preview:large","max-video-preview":"max-video-preview:-1"},"canonical":"https:\/\/v2charge.com\/store\/de\/produkt\/deckenhalterung-trydan\/","og_locale":"de_DE","og_type":"article","og_title":"Deckenhalterung f\u00fcr Trydan oder Trydan Pro | V2C","og_description":"Die ideale Halterung f\u00fcr die Montage von Trydan oder Trydan Pro an Decken oder D\u00e4chern \u2013 effiziente L\u00f6sung f\u00fcr offene Bereiche ohne W\u00e4nde oder Pfeiler | V2C","og_url":"https:\/\/v2charge.com\/store\/de\/produkt\/deckenhalterung-trydan\/","og_site_name":"V2C Store","article_modified_time":"2026-04-07T11:29:53+00:00","og_image":[{"width":600,"height":600,"url":"https:\/\/v2charge.com\/store\/wp-content\/uploads\/2023\/07\/trydan-soporte-techo.jpg","type":"image\/jpeg"}],"twitter_card":"summary_large_image","twitter_misc":{"Gesch\u00e4tzte Lesezeit":"1\u00a0Minute"},"schema":{"@context":"https:\/\/schema.org","@graph":[{"@type":"WebPage","@id":"https:\/\/v2charge.com\/store\/de\/produkt\/deckenhalterung-trydan\/","url":"https:\/\/v2charge.com\/store\/de\/produkt\/deckenhalterung-trydan\/","name":"Deckenhalterung f\u00fcr Trydan oder Trydan Pro | V2C","isPartOf":{"@id":"https:\/\/v2charge.com\/store\/#website"},"primaryImageOfPage":{"@id":"https:\/\/v2charge.com\/store\/de\/produkt\/deckenhalterung-trydan\/#primaryimage"},"image":{"@id":"https:\/\/v2charge.com\/store\/de\/produkt\/deckenhalterung-trydan\/#primaryimage"},"thumbnailUrl":"https:\/\/v2charge.com\/store\/wp-content\/uploads\/2023\/07\/trydan-soporte-techo.jpg","datePublished":"2023-07-24T11:42:41+00:00","dateModified":"2026-04-07T11:29:53+00:00","description":"Die ideale Halterung f\u00fcr die Montage von Trydan oder Trydan Pro an Decken oder D\u00e4chern \u2013 effiziente L\u00f6sung f\u00fcr offene Bereiche ohne W\u00e4nde oder Pfeiler | V2C","breadcrumb":{"@id":"https:\/\/v2charge.com\/store\/de\/produkt\/deckenhalterung-trydan\/#breadcrumb"},"inLanguage":"de","potentialAction":[{"@type":"ReadAction","target":["https:\/\/v2charge.com\/store\/de\/produkt\/deckenhalterung-trydan\/"]}]},{"@type":"ImageObject","inLanguage":"de","@id":"https:\/\/v2charge.com\/store\/de\/produkt\/deckenhalterung-trydan\/#primaryimage","url":"https:\/\/v2charge.com\/store\/wp-content\/uploads\/2023\/07\/trydan-soporte-techo.jpg","contentUrl":"https:\/\/v2charge.com\/store\/wp-content\/uploads\/2023\/07\/trydan-soporte-techo.jpg","width":600,"height":600,"caption":"Soporte de techo para el cargador de coche el\u00e9ctrico Trydan"},{"@type":"BreadcrumbList","@id":"https:\/\/v2charge.com\/store\/de\/produkt\/deckenhalterung-trydan\/#breadcrumb","itemListElement":[{"@type":"ListItem","position":1,"name":"Portada","item":"https:\/\/v2charge.com\/store\/de\/"},{"@type":"ListItem","position":2,"name":"Online-Shop","item":"https:\/\/v2charge.com\/store\/de\/online-shop\/"},{"@type":"ListItem","position":3,"name":"Deckenhalterung f\u00fcr Trydan\/Trydan Pro"}]},{"@type":"WebSite","@id":"https:\/\/v2charge.com\/store\/#website","url":"https:\/\/v2charge.com\/store\/","name":"V2C Store","description":"V2C Store","publisher":{"@id":"https:\/\/v2charge.com\/store\/#organization"},"potentialAction":[{"@type":"SearchAction","target":{"@type":"EntryPoint","urlTemplate":"https:\/\/v2charge.com\/store\/?s={search_term_string}"},"query-input":{"@type":"PropertyValueSpecification","valueRequired":true,"valueName":"search_term_string"}}],"inLanguage":"de"},{"@type":"Organization","@id":"https:\/\/v2charge.com\/store\/#organization","name":"V2C Store","url":"https:\/\/v2charge.com\/store\/","logo":{"@type":"ImageObject","inLanguage":"de","@id":"https:\/\/v2charge.com\/store\/#\/schema\/logo\/image\/","url":"https:\/\/v2charge.com\/store\/wp-content\/uploads\/2022\/08\/cropped-cropped-logotipo-v2c-store-1.png","contentUrl":"https:\/\/v2charge.com\/store\/wp-content\/uploads\/2022\/08\/cropped-cropped-logotipo-v2c-store-1.png","width":250,"height":65,"caption":"V2C Store"},"image":{"@id":"https:\/\/v2charge.com\/store\/#\/schema\/logo\/image\/"}}]}},"_links":{"self":[{"href":"https:\/\/v2charge.com\/store\/de\/wp-json\/wp\/v2\/product\/20943","targetHints":{"allow":["GET"]}}],"collection":[{"href":"https:\/\/v2charge.com\/store\/de\/wp-json\/wp\/v2\/product"}],"about":[{"href":"https:\/\/v2charge.com\/store\/de\/wp-json\/wp\/v2\/types\/product"}],"wp:featuredmedia":[{"embeddable":true,"href":"https:\/\/v2charge.com\/store\/de\/wp-json\/wp\/v2\/media\/20949"}],"wp:attachment":[{"href":"https:\/\/v2charge.com\/store\/de\/wp-json\/wp\/v2\/media?parent=20943"}],"wp:term":[{"taxonomy":"product_brand","embeddable":true,"href":"https:\/\/v2charge.com\/store\/de\/wp-json\/wp\/v2\/product_brand?post=20943"},{"taxonomy":"product_cat","embeddable":true,"href":"https:\/\/v2charge.com\/store\/de\/wp-json\/wp\/v2\/product_cat?post=20943"},{"taxonomy":"product_tag","embeddable":true,"href":"https:\/\/v2charge.com\/store\/de\/wp-json\/wp\/v2\/product_tag?post=20943"}],"curies":[{"name":"wp","href":"https:\/\/api.w.org\/{rel}","templated":true}]}}