{"id":20951,"date":"2023-03-13T09:41:45","date_gmt":"2023-03-13T09:41:45","guid":{"rendered":"https:\/\/v2charge.com\/store\/product\/cubierta-proteccion-exterior\/"},"modified":"2026-04-07T11:37:36","modified_gmt":"2026-04-07T11:37:36","slug":"wetterschutzabdeckung","status":"publish","type":"product","link":"https:\/\/v2charge.com\/store\/de\/produkt\/wetterschutzabdeckung\/","title":{"rendered":"Wetter-Schutzdach f\u00fcr Trydan\/Trydan Pro"},"content":{"rendered":"<p>Gefertigt aus hochwertigem 4-mm-Acrylglas: sch\u00fctzt die Wallbox zuverl\u00e4ssig vor Witterungseinfl\u00fcssen und unterst\u00fctzt eine <strong>lange Lebensdauer<\/strong>.<\/p>\n<p><strong>Einfach zu montieren<\/strong>. D\u00fcbel und Schrauben f\u00fcr eine schnelle, saubere Befestigung sind enthalten.<\/p>\n<p><strong>Hergestellt in Europa<\/strong>. Entwickelt und gefertigt in Valencia.<\/p>\n<p><strong>Hohe Widerstandsf\u00e4higkeit<\/strong>. Steifes Material, sehr schlagfest.<\/p>\n<p>&nbsp;<\/p>\n<h2>Technische Daten<\/h2>\n<p><strong>Material<\/strong><br \/>\n4 mm gl\u00e4nzendes schwarzes Acrylglas mit Polyurethan-Dichtung<\/p>\n<p><strong>Befestigung<\/strong><br \/>\nMit 3 Schrauben und D\u00fcbeln an Edelstahlwinkeln AISI 304 (inklusive)<\/p>\n<p><strong>Ma\u00dfe<\/strong><br \/>\nBreite: 540 mm<br \/>\nH\u00f6he: 400 mm<br \/>\nTiefe: 245 mm<\/p>\n<p><strong>Gewicht<\/strong><br \/>\n1,5 kg<\/p>\n<h2>So wird die Abdeckung f\u00fcr Trydan oder Trydan Pro montiert<\/h2>\n<p><iframe title=\"C\u00f3mo realizar el montaje de la cubierta de Trydan\" width=\"1150\" height=\"647\" src=\"https:\/\/www.youtube.com\/embed\/b9IJLYUwyas?feature=oembed\" frameborder=\"0\" allow=\"accelerometer; autoplay; clipboard-write; encrypted-media; gyroscope; picture-in-picture; web-share\" referrerpolicy=\"strict-origin-when-cross-origin\" allowfullscreen><\/iframe><\/p>\n","protected":false},"excerpt":{"rendered":"<p>Schutzdach f\u00fcr Trydan oder Trydan Pro, gegen Witterungseinfl\u00fcsse.<\/p>\n<p><strong>Sch\u00fctzt zuverl\u00e4ssig vor Regen, Schnee und UV-Strahlung<\/strong>.<\/p>\n","protected":false},"featured_media":20952,"template":"","meta":{"content-type":"","inline_featured_image":false},"product_brand":[],"product_cat":[164],"product_tag":[],"class_list":{"0":"post-20951","1":"product","2":"type-product","3":"status-publish","4":"has-post-thumbnail","6":"product_cat-zubehoer","8":"first","9":"instock","10":"taxable","11":"shipping-taxable","12":"purchasable","13":"product-type-simple"},"yoast_head":"<!-- This site is optimized with the Yoast SEO plugin v27.0 - https:\/\/yoast.com\/product\/yoast-seo-wordpress\/ -->\n<title>Wetterschutzabdeckung f\u00fcr Trydan oder Trydan Pro | V2C<\/title>\n<meta name=\"description\" content=\"Schutzdach f\u00fcr Trydan oder Trydan Pro \u2013 optimaler Schutz f\u00fcr Ihren e-Charger im Au\u00dfenbereich, robust und einfach zu montieren | V2C\" \/>\n<meta name=\"robots\" content=\"index, follow, max-snippet:-1, max-image-preview:large, max-video-preview:-1\" \/>\n<link rel=\"canonical\" href=\"https:\/\/v2charge.com\/store\/de\/produkt\/wetterschutzabdeckung\/\" \/>\n<meta property=\"og:locale\" content=\"de_DE\" \/>\n<meta property=\"og:type\" content=\"article\" \/>\n<meta property=\"og:title\" content=\"Wetterschutzabdeckung f\u00fcr Trydan oder Trydan Pro | V2C\" \/>\n<meta property=\"og:description\" content=\"Schutzdach f\u00fcr Trydan oder Trydan Pro \u2013 optimaler Schutz f\u00fcr Ihren e-Charger im Au\u00dfenbereich, robust und einfach zu montieren | V2C\" \/>\n<meta property=\"og:url\" content=\"https:\/\/v2charge.com\/store\/de\/produkt\/wetterschutzabdeckung\/\" \/>\n<meta property=\"og:site_name\" content=\"V2C Store\" \/>\n<meta property=\"article:modified_time\" content=\"2026-04-07T11:37:36+00:00\" \/>\n<meta property=\"og:image\" content=\"https:\/\/v2charge.com\/store\/wp-content\/uploads\/2023\/03\/cubierta_cargador_trydan.jpg\" \/>\n\t<meta property=\"og:image:width\" content=\"600\" \/>\n\t<meta property=\"og:image:height\" content=\"600\" \/>\n\t<meta property=\"og:image:type\" content=\"image\/jpeg\" \/>\n<meta name=\"twitter:card\" content=\"summary_large_image\" \/>\n<meta name=\"twitter:label1\" content=\"Gesch\u00e4tzte Lesezeit\" \/>\n\t<meta name=\"twitter:data1\" content=\"1\u00a0Minute\" \/>\n<script type=\"application\/ld+json\" class=\"yoast-schema-graph\">{\"@context\":\"https:\/\/schema.org\",\"@graph\":[{\"@type\":\"WebPage\",\"@id\":\"https:\/\/v2charge.com\/store\/de\/produkt\/wetterschutzabdeckung\/\",\"url\":\"https:\/\/v2charge.com\/store\/de\/produkt\/wetterschutzabdeckung\/\",\"name\":\"Wetterschutzabdeckung f\u00fcr Trydan oder Trydan Pro | V2C\",\"isPartOf\":{\"@id\":\"https:\/\/v2charge.com\/store\/#website\"},\"primaryImageOfPage\":{\"@id\":\"https:\/\/v2charge.com\/store\/de\/produkt\/wetterschutzabdeckung\/#primaryimage\"},\"image\":{\"@id\":\"https:\/\/v2charge.com\/store\/de\/produkt\/wetterschutzabdeckung\/#primaryimage\"},\"thumbnailUrl\":\"https:\/\/v2charge.com\/store\/wp-content\/uploads\/2023\/03\/cubierta_cargador_trydan.jpg\",\"datePublished\":\"2023-03-13T09:41:45+00:00\",\"dateModified\":\"2026-04-07T11:37:36+00:00\",\"description\":\"Schutzdach f\u00fcr Trydan oder Trydan Pro \u2013 optimaler Schutz f\u00fcr Ihren e-Charger im Au\u00dfenbereich, robust und einfach zu montieren | V2C\",\"breadcrumb\":{\"@id\":\"https:\/\/v2charge.com\/store\/de\/produkt\/wetterschutzabdeckung\/#breadcrumb\"},\"inLanguage\":\"de\",\"potentialAction\":[{\"@type\":\"ReadAction\",\"target\":[\"https:\/\/v2charge.com\/store\/de\/produkt\/wetterschutzabdeckung\/\"]}]},{\"@type\":\"ImageObject\",\"inLanguage\":\"de\",\"@id\":\"https:\/\/v2charge.com\/store\/de\/produkt\/wetterschutzabdeckung\/#primaryimage\",\"url\":\"https:\/\/v2charge.com\/store\/wp-content\/uploads\/2023\/03\/cubierta_cargador_trydan.jpg\",\"contentUrl\":\"https:\/\/v2charge.com\/store\/wp-content\/uploads\/2023\/03\/cubierta_cargador_trydan.jpg\",\"width\":600,\"height\":600,\"caption\":\"Cubierta para cargador Trydan\"},{\"@type\":\"BreadcrumbList\",\"@id\":\"https:\/\/v2charge.com\/store\/de\/produkt\/wetterschutzabdeckung\/#breadcrumb\",\"itemListElement\":[{\"@type\":\"ListItem\",\"position\":1,\"name\":\"Portada\",\"item\":\"https:\/\/v2charge.com\/store\/de\/\"},{\"@type\":\"ListItem\",\"position\":2,\"name\":\"Online-Shop\",\"item\":\"https:\/\/v2charge.com\/store\/de\/online-shop\/\"},{\"@type\":\"ListItem\",\"position\":3,\"name\":\"Wetter-Schutzdach f\u00fcr Trydan\/Trydan Pro\"}]},{\"@type\":\"WebSite\",\"@id\":\"https:\/\/v2charge.com\/store\/#website\",\"url\":\"https:\/\/v2charge.com\/store\/\",\"name\":\"V2C Store\",\"description\":\"V2C Store\",\"publisher\":{\"@id\":\"https:\/\/v2charge.com\/store\/#organization\"},\"potentialAction\":[{\"@type\":\"SearchAction\",\"target\":{\"@type\":\"EntryPoint\",\"urlTemplate\":\"https:\/\/v2charge.com\/store\/?s={search_term_string}\"},\"query-input\":{\"@type\":\"PropertyValueSpecification\",\"valueRequired\":true,\"valueName\":\"search_term_string\"}}],\"inLanguage\":\"de\"},{\"@type\":\"Organization\",\"@id\":\"https:\/\/v2charge.com\/store\/#organization\",\"name\":\"V2C Store\",\"url\":\"https:\/\/v2charge.com\/store\/\",\"logo\":{\"@type\":\"ImageObject\",\"inLanguage\":\"de\",\"@id\":\"https:\/\/v2charge.com\/store\/#\/schema\/logo\/image\/\",\"url\":\"https:\/\/v2charge.com\/store\/wp-content\/uploads\/2022\/08\/cropped-cropped-logotipo-v2c-store-1.png\",\"contentUrl\":\"https:\/\/v2charge.com\/store\/wp-content\/uploads\/2022\/08\/cropped-cropped-logotipo-v2c-store-1.png\",\"width\":250,\"height\":65,\"caption\":\"V2C Store\"},\"image\":{\"@id\":\"https:\/\/v2charge.com\/store\/#\/schema\/logo\/image\/\"}}]}<\/script>\n<!-- \/ Yoast SEO plugin. -->","yoast_head_json":{"title":"Wetterschutzabdeckung f\u00fcr Trydan oder Trydan Pro | V2C","description":"Schutzdach f\u00fcr Trydan oder Trydan Pro \u2013 optimaler Schutz f\u00fcr Ihren e-Charger im Au\u00dfenbereich, robust und einfach zu montieren | V2C","robots":{"index":"index","follow":"follow","max-snippet":"max-snippet:-1","max-image-preview":"max-image-preview:large","max-video-preview":"max-video-preview:-1"},"canonical":"https:\/\/v2charge.com\/store\/de\/produkt\/wetterschutzabdeckung\/","og_locale":"de_DE","og_type":"article","og_title":"Wetterschutzabdeckung f\u00fcr Trydan oder Trydan Pro | V2C","og_description":"Schutzdach f\u00fcr Trydan oder Trydan Pro \u2013 optimaler Schutz f\u00fcr Ihren e-Charger im Au\u00dfenbereich, robust und einfach zu montieren | V2C","og_url":"https:\/\/v2charge.com\/store\/de\/produkt\/wetterschutzabdeckung\/","og_site_name":"V2C Store","article_modified_time":"2026-04-07T11:37:36+00:00","og_image":[{"width":600,"height":600,"url":"https:\/\/v2charge.com\/store\/wp-content\/uploads\/2023\/03\/cubierta_cargador_trydan.jpg","type":"image\/jpeg"}],"twitter_card":"summary_large_image","twitter_misc":{"Gesch\u00e4tzte Lesezeit":"1\u00a0Minute"},"schema":{"@context":"https:\/\/schema.org","@graph":[{"@type":"WebPage","@id":"https:\/\/v2charge.com\/store\/de\/produkt\/wetterschutzabdeckung\/","url":"https:\/\/v2charge.com\/store\/de\/produkt\/wetterschutzabdeckung\/","name":"Wetterschutzabdeckung f\u00fcr Trydan oder Trydan Pro | V2C","isPartOf":{"@id":"https:\/\/v2charge.com\/store\/#website"},"primaryImageOfPage":{"@id":"https:\/\/v2charge.com\/store\/de\/produkt\/wetterschutzabdeckung\/#primaryimage"},"image":{"@id":"https:\/\/v2charge.com\/store\/de\/produkt\/wetterschutzabdeckung\/#primaryimage"},"thumbnailUrl":"https:\/\/v2charge.com\/store\/wp-content\/uploads\/2023\/03\/cubierta_cargador_trydan.jpg","datePublished":"2023-03-13T09:41:45+00:00","dateModified":"2026-04-07T11:37:36+00:00","description":"Schutzdach f\u00fcr Trydan oder Trydan Pro \u2013 optimaler Schutz f\u00fcr Ihren e-Charger im Au\u00dfenbereich, robust und einfach zu montieren | V2C","breadcrumb":{"@id":"https:\/\/v2charge.com\/store\/de\/produkt\/wetterschutzabdeckung\/#breadcrumb"},"inLanguage":"de","potentialAction":[{"@type":"ReadAction","target":["https:\/\/v2charge.com\/store\/de\/produkt\/wetterschutzabdeckung\/"]}]},{"@type":"ImageObject","inLanguage":"de","@id":"https:\/\/v2charge.com\/store\/de\/produkt\/wetterschutzabdeckung\/#primaryimage","url":"https:\/\/v2charge.com\/store\/wp-content\/uploads\/2023\/03\/cubierta_cargador_trydan.jpg","contentUrl":"https:\/\/v2charge.com\/store\/wp-content\/uploads\/2023\/03\/cubierta_cargador_trydan.jpg","width":600,"height":600,"caption":"Cubierta para cargador Trydan"},{"@type":"BreadcrumbList","@id":"https:\/\/v2charge.com\/store\/de\/produkt\/wetterschutzabdeckung\/#breadcrumb","itemListElement":[{"@type":"ListItem","position":1,"name":"Portada","item":"https:\/\/v2charge.com\/store\/de\/"},{"@type":"ListItem","position":2,"name":"Online-Shop","item":"https:\/\/v2charge.com\/store\/de\/online-shop\/"},{"@type":"ListItem","position":3,"name":"Wetter-Schutzdach f\u00fcr Trydan\/Trydan Pro"}]},{"@type":"WebSite","@id":"https:\/\/v2charge.com\/store\/#website","url":"https:\/\/v2charge.com\/store\/","name":"V2C Store","description":"V2C Store","publisher":{"@id":"https:\/\/v2charge.com\/store\/#organization"},"potentialAction":[{"@type":"SearchAction","target":{"@type":"EntryPoint","urlTemplate":"https:\/\/v2charge.com\/store\/?s={search_term_string}"},"query-input":{"@type":"PropertyValueSpecification","valueRequired":true,"valueName":"search_term_string"}}],"inLanguage":"de"},{"@type":"Organization","@id":"https:\/\/v2charge.com\/store\/#organization","name":"V2C Store","url":"https:\/\/v2charge.com\/store\/","logo":{"@type":"ImageObject","inLanguage":"de","@id":"https:\/\/v2charge.com\/store\/#\/schema\/logo\/image\/","url":"https:\/\/v2charge.com\/store\/wp-content\/uploads\/2022\/08\/cropped-cropped-logotipo-v2c-store-1.png","contentUrl":"https:\/\/v2charge.com\/store\/wp-content\/uploads\/2022\/08\/cropped-cropped-logotipo-v2c-store-1.png","width":250,"height":65,"caption":"V2C Store"},"image":{"@id":"https:\/\/v2charge.com\/store\/#\/schema\/logo\/image\/"}}]}},"_links":{"self":[{"href":"https:\/\/v2charge.com\/store\/de\/wp-json\/wp\/v2\/product\/20951","targetHints":{"allow":["GET"]}}],"collection":[{"href":"https:\/\/v2charge.com\/store\/de\/wp-json\/wp\/v2\/product"}],"about":[{"href":"https:\/\/v2charge.com\/store\/de\/wp-json\/wp\/v2\/types\/product"}],"wp:featuredmedia":[{"embeddable":true,"href":"https:\/\/v2charge.com\/store\/de\/wp-json\/wp\/v2\/media\/20952"}],"wp:attachment":[{"href":"https:\/\/v2charge.com\/store\/de\/wp-json\/wp\/v2\/media?parent=20951"}],"wp:term":[{"taxonomy":"product_brand","embeddable":true,"href":"https:\/\/v2charge.com\/store\/de\/wp-json\/wp\/v2\/product_brand?post=20951"},{"taxonomy":"product_cat","embeddable":true,"href":"https:\/\/v2charge.com\/store\/de\/wp-json\/wp\/v2\/product_cat?post=20951"},{"taxonomy":"product_tag","embeddable":true,"href":"https:\/\/v2charge.com\/store\/de\/wp-json\/wp\/v2\/product_tag?post=20951"}],"curies":[{"name":"wp","href":"https:\/\/api.w.org\/{rel}","templated":true}]}}