{"id":20979,"date":"2023-11-21T12:20:51","date_gmt":"2023-11-21T12:20:51","guid":{"rendered":"https:\/\/v2charge.com\/store\/product\/standfuss-fuer-trydan-trydan-pro\/"},"modified":"2026-04-07T13:20:19","modified_gmt":"2026-04-07T13:20:19","slug":"standfuss","status":"publish","type":"product","link":"https:\/\/v2charge.com\/store\/de\/produkt\/standfuss\/","title":{"rendered":"Standfu\u00df f\u00fcr Trydan\/Trydan Pro"},"content":{"rendered":"<div id=\"message-list_1775566287.537869\" aria-labelledby=\"primary-D0ABC2JLMFT-1775566287.537869-sender primary-D0ABC2JLMFT-1775566287.537869-message_text primary-D0ABC2JLMFT-1775566287.537869-alt_text primary-D0ABC2JLMFT-1775566287.537869-date_time primary-D0ABC2JLMFT-1775566287.537869-reaction_count primary-D0ABC2JLMFT-1775566287.537869-reply_count primary-D0ABC2JLMFT-1775566287.537869-link_count primary-D0ABC2JLMFT-1775566287.537869-attachment_count primary-D0ABC2JLMFT-1775566287.537869-has_draft_reply primary-D0ABC2JLMFT-1775566287.537869-pinned_state primary-D0ABC2JLMFT-1775566287.537869-edited_state primary-D0ABC2JLMFT-1775566287.537869-later_state primary-D0ABC2JLMFT-1775566287.537869-broadcast_state primary-D0ABC2JLMFT-1775566287.537869-broadcast_thread_root_message primary-D0ABC2JLMFT-1775566287.537869-translated_state\" aria-setsize=\"-1\">\n<div>\n<div aria-roledescription=\"mensaje\">\n<div>\n<div>\n<div>\n<div>\n<div>\n<div>\n<div>\n<div>\n<div>Die Installation von Trydan oder Trydan Pro l\u00e4sst sich mit diesem Edelstahl-Standfu\u00df in elegantem Schwarz flexibel umsetzen. Ob private Garage, Parkplatz oder Arbeitsplatz: Das vielseitige Design passt sich unterschiedlichen Umgebungen an und schafft Freiraum bei der Platzierung.<\/div>\n<div><\/div>\n<div><strong>Gefertigt aus hochwertigem Edelstahl bietet der V2C Standfu\u00df eine stabile und sichere Basis f\u00fcr die Wallbox<\/strong>. F\u00fcr innen und au\u00dfen geeignet. Edelstahl steht f\u00fcr Langlebigkeit \u2013 auch bei anspruchsvollen Wetterbedingungen.<\/div>\n<div><\/div>\n<div><u><span draggable=\"true\"><a href=\"https:\/\/v2charge.com\/store\/wp-content\/uploads\/2025\/01\/data-sheet-pedestal.pdf\" target=\"_blank\" rel=\"noopener noreferrer\">Hier<\/a><\/span><\/u> geht\u2019s zum technischen Datenblatt.<\/div>\n<\/div>\n<\/div>\n<\/div>\n<\/div>\n<\/div>\n<\/div>\n<\/div>\n<\/div>\n<\/div>\n<\/div>\n<\/div>\n","protected":false},"excerpt":{"rendered":"<div id=\"message-list_1775566196.689289\" aria-setsize=\"-1\">\n<div>\n<div aria-roledescription=\"mensaje\">\n<div>\n<div>\n<div>\n<div>\n<div>\n<div>\n<div>\n<div>\n<div>Der V2C Standfu\u00df verbindet Design und Funktion, f\u00fcr maximale Flexibilit\u00e4t bei der Installation der Wallbox.<\/div>\n<\/div>\n<\/div>\n<\/div>\n<\/div>\n<\/div>\n<\/div>\n<\/div>\n<\/div>\n<\/div>\n<\/div>\n<\/div>\n<p><strong>In zwei Varianten verf\u00fcgbar: Single oder Double.<\/strong><\/p>\n","protected":false},"featured_media":20966,"template":"","meta":{"content-type":"","inline_featured_image":false},"product_brand":[],"product_cat":[164],"product_tag":[],"class_list":{"0":"post-20979","1":"product","2":"type-product","3":"status-publish","4":"has-post-thumbnail","6":"product_cat-zubehoer","8":"first","9":"instock","10":"taxable","11":"shipping-taxable","12":"purchasable","13":"product-type-variable"},"yoast_head":"<!-- This site is optimized with the Yoast SEO plugin v27.0 - https:\/\/yoast.com\/product\/yoast-seo-wordpress\/ -->\n<title>Schwarzer Sockel f\u00fcr Trydan oder Trydan Pro | V2C<\/title>\n<meta name=\"description\" content=\"Edelstahlsockel in Schwarz f\u00fcr die Installation von Trydan oder Trydan Pro | Innen- und Au\u00dfeneinsatz | Jetzt kaufen! - V2C\" \/>\n<meta name=\"robots\" content=\"index, follow, max-snippet:-1, max-image-preview:large, max-video-preview:-1\" \/>\n<link rel=\"canonical\" href=\"https:\/\/v2charge.com\/store\/de\/produkt\/standfuss\/\" \/>\n<meta property=\"og:locale\" content=\"de_DE\" \/>\n<meta property=\"og:type\" content=\"article\" \/>\n<meta property=\"og:title\" content=\"Schwarzer Sockel f\u00fcr Trydan oder Trydan Pro | V2C\" \/>\n<meta property=\"og:description\" content=\"Edelstahlsockel in Schwarz f\u00fcr die Installation von Trydan oder Trydan Pro | Innen- und Au\u00dfeneinsatz | Jetzt kaufen! - V2C\" \/>\n<meta property=\"og:url\" content=\"https:\/\/v2charge.com\/store\/de\/produkt\/standfuss\/\" \/>\n<meta property=\"og:site_name\" content=\"V2C Store\" \/>\n<meta property=\"article:modified_time\" content=\"2026-04-07T13:20:19+00:00\" \/>\n<meta property=\"og:image\" content=\"https:\/\/v2charge.com\/store\/wp-content\/uploads\/2023\/11\/single-pedestal-general.jpg\" \/>\n\t<meta property=\"og:image:width\" content=\"600\" \/>\n\t<meta property=\"og:image:height\" content=\"600\" \/>\n\t<meta property=\"og:image:type\" content=\"image\/jpeg\" \/>\n<meta name=\"twitter:card\" content=\"summary_large_image\" \/>\n<meta name=\"twitter:label1\" content=\"Gesch\u00e4tzte Lesezeit\" \/>\n\t<meta name=\"twitter:data1\" content=\"1\u00a0Minute\" \/>\n<script type=\"application\/ld+json\" class=\"yoast-schema-graph\">{\"@context\":\"https:\/\/schema.org\",\"@graph\":[{\"@type\":\"WebPage\",\"@id\":\"https:\/\/v2charge.com\/store\/de\/produkt\/standfuss\/\",\"url\":\"https:\/\/v2charge.com\/store\/de\/produkt\/standfuss\/\",\"name\":\"Schwarzer Sockel f\u00fcr Trydan oder Trydan Pro | V2C\",\"isPartOf\":{\"@id\":\"https:\/\/v2charge.com\/store\/#website\"},\"primaryImageOfPage\":{\"@id\":\"https:\/\/v2charge.com\/store\/de\/produkt\/standfuss\/#primaryimage\"},\"image\":{\"@id\":\"https:\/\/v2charge.com\/store\/de\/produkt\/standfuss\/#primaryimage\"},\"thumbnailUrl\":\"https:\/\/v2charge.com\/store\/wp-content\/uploads\/2023\/11\/single-pedestal-general.jpg\",\"datePublished\":\"2023-11-21T12:20:51+00:00\",\"dateModified\":\"2026-04-07T13:20:19+00:00\",\"description\":\"Edelstahlsockel in Schwarz f\u00fcr die Installation von Trydan oder Trydan Pro | Innen- und Au\u00dfeneinsatz | Jetzt kaufen! - V2C\",\"breadcrumb\":{\"@id\":\"https:\/\/v2charge.com\/store\/de\/produkt\/standfuss\/#breadcrumb\"},\"inLanguage\":\"de\",\"potentialAction\":[{\"@type\":\"ReadAction\",\"target\":[\"https:\/\/v2charge.com\/store\/de\/produkt\/standfuss\/\"]}]},{\"@type\":\"ImageObject\",\"inLanguage\":\"de\",\"@id\":\"https:\/\/v2charge.com\/store\/de\/produkt\/standfuss\/#primaryimage\",\"url\":\"https:\/\/v2charge.com\/store\/wp-content\/uploads\/2023\/11\/single-pedestal-general.jpg\",\"contentUrl\":\"https:\/\/v2charge.com\/store\/wp-content\/uploads\/2023\/11\/single-pedestal-general.jpg\",\"width\":600,\"height\":600},{\"@type\":\"BreadcrumbList\",\"@id\":\"https:\/\/v2charge.com\/store\/de\/produkt\/standfuss\/#breadcrumb\",\"itemListElement\":[{\"@type\":\"ListItem\",\"position\":1,\"name\":\"Portada\",\"item\":\"https:\/\/v2charge.com\/store\/de\/\"},{\"@type\":\"ListItem\",\"position\":2,\"name\":\"Online-Shop\",\"item\":\"https:\/\/v2charge.com\/store\/de\/online-shop\/\"},{\"@type\":\"ListItem\",\"position\":3,\"name\":\"Standfu\u00df f\u00fcr Trydan\/Trydan Pro\"}]},{\"@type\":\"WebSite\",\"@id\":\"https:\/\/v2charge.com\/store\/#website\",\"url\":\"https:\/\/v2charge.com\/store\/\",\"name\":\"V2C Store\",\"description\":\"V2C Store\",\"publisher\":{\"@id\":\"https:\/\/v2charge.com\/store\/#organization\"},\"potentialAction\":[{\"@type\":\"SearchAction\",\"target\":{\"@type\":\"EntryPoint\",\"urlTemplate\":\"https:\/\/v2charge.com\/store\/?s={search_term_string}\"},\"query-input\":{\"@type\":\"PropertyValueSpecification\",\"valueRequired\":true,\"valueName\":\"search_term_string\"}}],\"inLanguage\":\"de\"},{\"@type\":\"Organization\",\"@id\":\"https:\/\/v2charge.com\/store\/#organization\",\"name\":\"V2C Store\",\"url\":\"https:\/\/v2charge.com\/store\/\",\"logo\":{\"@type\":\"ImageObject\",\"inLanguage\":\"de\",\"@id\":\"https:\/\/v2charge.com\/store\/#\/schema\/logo\/image\/\",\"url\":\"https:\/\/v2charge.com\/store\/wp-content\/uploads\/2022\/08\/cropped-cropped-logotipo-v2c-store-1.png\",\"contentUrl\":\"https:\/\/v2charge.com\/store\/wp-content\/uploads\/2022\/08\/cropped-cropped-logotipo-v2c-store-1.png\",\"width\":250,\"height\":65,\"caption\":\"V2C Store\"},\"image\":{\"@id\":\"https:\/\/v2charge.com\/store\/#\/schema\/logo\/image\/\"}}]}<\/script>\n<!-- \/ Yoast SEO plugin. -->","yoast_head_json":{"title":"Schwarzer Sockel f\u00fcr Trydan oder Trydan Pro | V2C","description":"Edelstahlsockel in Schwarz f\u00fcr die Installation von Trydan oder Trydan Pro | Innen- und Au\u00dfeneinsatz | Jetzt kaufen! - V2C","robots":{"index":"index","follow":"follow","max-snippet":"max-snippet:-1","max-image-preview":"max-image-preview:large","max-video-preview":"max-video-preview:-1"},"canonical":"https:\/\/v2charge.com\/store\/de\/produkt\/standfuss\/","og_locale":"de_DE","og_type":"article","og_title":"Schwarzer Sockel f\u00fcr Trydan oder Trydan Pro | V2C","og_description":"Edelstahlsockel in Schwarz f\u00fcr die Installation von Trydan oder Trydan Pro | Innen- und Au\u00dfeneinsatz | Jetzt kaufen! - V2C","og_url":"https:\/\/v2charge.com\/store\/de\/produkt\/standfuss\/","og_site_name":"V2C Store","article_modified_time":"2026-04-07T13:20:19+00:00","og_image":[{"width":600,"height":600,"url":"https:\/\/v2charge.com\/store\/wp-content\/uploads\/2023\/11\/single-pedestal-general.jpg","type":"image\/jpeg"}],"twitter_card":"summary_large_image","twitter_misc":{"Gesch\u00e4tzte Lesezeit":"1\u00a0Minute"},"schema":{"@context":"https:\/\/schema.org","@graph":[{"@type":"WebPage","@id":"https:\/\/v2charge.com\/store\/de\/produkt\/standfuss\/","url":"https:\/\/v2charge.com\/store\/de\/produkt\/standfuss\/","name":"Schwarzer Sockel f\u00fcr Trydan oder Trydan Pro | V2C","isPartOf":{"@id":"https:\/\/v2charge.com\/store\/#website"},"primaryImageOfPage":{"@id":"https:\/\/v2charge.com\/store\/de\/produkt\/standfuss\/#primaryimage"},"image":{"@id":"https:\/\/v2charge.com\/store\/de\/produkt\/standfuss\/#primaryimage"},"thumbnailUrl":"https:\/\/v2charge.com\/store\/wp-content\/uploads\/2023\/11\/single-pedestal-general.jpg","datePublished":"2023-11-21T12:20:51+00:00","dateModified":"2026-04-07T13:20:19+00:00","description":"Edelstahlsockel in Schwarz f\u00fcr die Installation von Trydan oder Trydan Pro | Innen- und Au\u00dfeneinsatz | Jetzt kaufen! - V2C","breadcrumb":{"@id":"https:\/\/v2charge.com\/store\/de\/produkt\/standfuss\/#breadcrumb"},"inLanguage":"de","potentialAction":[{"@type":"ReadAction","target":["https:\/\/v2charge.com\/store\/de\/produkt\/standfuss\/"]}]},{"@type":"ImageObject","inLanguage":"de","@id":"https:\/\/v2charge.com\/store\/de\/produkt\/standfuss\/#primaryimage","url":"https:\/\/v2charge.com\/store\/wp-content\/uploads\/2023\/11\/single-pedestal-general.jpg","contentUrl":"https:\/\/v2charge.com\/store\/wp-content\/uploads\/2023\/11\/single-pedestal-general.jpg","width":600,"height":600},{"@type":"BreadcrumbList","@id":"https:\/\/v2charge.com\/store\/de\/produkt\/standfuss\/#breadcrumb","itemListElement":[{"@type":"ListItem","position":1,"name":"Portada","item":"https:\/\/v2charge.com\/store\/de\/"},{"@type":"ListItem","position":2,"name":"Online-Shop","item":"https:\/\/v2charge.com\/store\/de\/online-shop\/"},{"@type":"ListItem","position":3,"name":"Standfu\u00df f\u00fcr Trydan\/Trydan Pro"}]},{"@type":"WebSite","@id":"https:\/\/v2charge.com\/store\/#website","url":"https:\/\/v2charge.com\/store\/","name":"V2C Store","description":"V2C Store","publisher":{"@id":"https:\/\/v2charge.com\/store\/#organization"},"potentialAction":[{"@type":"SearchAction","target":{"@type":"EntryPoint","urlTemplate":"https:\/\/v2charge.com\/store\/?s={search_term_string}"},"query-input":{"@type":"PropertyValueSpecification","valueRequired":true,"valueName":"search_term_string"}}],"inLanguage":"de"},{"@type":"Organization","@id":"https:\/\/v2charge.com\/store\/#organization","name":"V2C Store","url":"https:\/\/v2charge.com\/store\/","logo":{"@type":"ImageObject","inLanguage":"de","@id":"https:\/\/v2charge.com\/store\/#\/schema\/logo\/image\/","url":"https:\/\/v2charge.com\/store\/wp-content\/uploads\/2022\/08\/cropped-cropped-logotipo-v2c-store-1.png","contentUrl":"https:\/\/v2charge.com\/store\/wp-content\/uploads\/2022\/08\/cropped-cropped-logotipo-v2c-store-1.png","width":250,"height":65,"caption":"V2C Store"},"image":{"@id":"https:\/\/v2charge.com\/store\/#\/schema\/logo\/image\/"}}]}},"_links":{"self":[{"href":"https:\/\/v2charge.com\/store\/de\/wp-json\/wp\/v2\/product\/20979","targetHints":{"allow":["GET"]}}],"collection":[{"href":"https:\/\/v2charge.com\/store\/de\/wp-json\/wp\/v2\/product"}],"about":[{"href":"https:\/\/v2charge.com\/store\/de\/wp-json\/wp\/v2\/types\/product"}],"wp:featuredmedia":[{"embeddable":true,"href":"https:\/\/v2charge.com\/store\/de\/wp-json\/wp\/v2\/media\/20966"}],"wp:attachment":[{"href":"https:\/\/v2charge.com\/store\/de\/wp-json\/wp\/v2\/media?parent=20979"}],"wp:term":[{"taxonomy":"product_brand","embeddable":true,"href":"https:\/\/v2charge.com\/store\/de\/wp-json\/wp\/v2\/product_brand?post=20979"},{"taxonomy":"product_cat","embeddable":true,"href":"https:\/\/v2charge.com\/store\/de\/wp-json\/wp\/v2\/product_cat?post=20979"},{"taxonomy":"product_tag","embeddable":true,"href":"https:\/\/v2charge.com\/store\/de\/wp-json\/wp\/v2\/product_tag?post=20979"}],"curies":[{"name":"wp","href":"https:\/\/api.w.org\/{rel}","templated":true}]}}