{"id":21014,"date":"2026-04-09T11:33:47","date_gmt":"2026-04-09T11:33:47","guid":{"rendered":"https:\/\/v2charge.com\/store\/?post_type=product&#038;p=21014"},"modified":"2026-04-14T10:47:54","modified_gmt":"2026-04-14T10:47:54","slug":"trydan","status":"publish","type":"product","link":"https:\/\/v2charge.com\/store\/de\/produkt\/trydan\/","title":{"rendered":"Trydan"},"content":{"rendered":"<p>Trydan steht f\u00fcr<strong> <span class=\"notion-enable-hover\" data-token-index=\"1\">intelligentes, sicheres und effizientes Laden<\/span><\/strong>. Aktuelle Technologie sorgt daf\u00fcr, dass Elektroautos und Plug-in-Hybride komfortabel geladen werden.<\/p>\n<p>Mit der <strong><span class=\"notion-enable-hover\" data-token-index=\"3\">kostenlosen V2C Cloud App<\/span><\/strong> l\u00e4sst sich Trydan vollst\u00e4ndig steuern: Ladezustand in Echtzeit, Zeitpl\u00e4ne nach g\u00fcnstigen Tariffenstern und Konnektivit\u00e4t ohne Einschr\u00e4nkungen. Einzigartig: <strong><span class=\"notion-enable-hover\" data-token-index=\"5\">Telegram-Bot<\/span><\/strong>, Anbindung an <strong><span class=\"notion-enable-hover\" data-token-index=\"7\">Alexa<\/span><\/strong>, <strong>Integration mit <span class=\"notion-enable-hover\" data-token-index=\"9\">Home Assistant<\/span><\/strong> sowie <strong><span class=\"notion-enable-hover\" data-token-index=\"11\">automatische Wiederzuschaltung<\/span><\/strong> nach Stromausf\u00e4llen. So bleibt das System betriebsbereit, ohne zus\u00e4tzlichen Aufwand.<\/p>\n<p>Und damit nicht genug: <strong>Dynamisches Lastmanagement<\/strong> mit <span class=\"notion-enable-hover\" data-token-index=\"13\">dynamischer Leistungsregelung<\/span> verhindert \u00dcberlastungen, Schutzfunktionen sind im Ger\u00e4t integriert.<!-- notionvc: df3a1c7a-9c2e-4527-84c4-cbdc39b50f7b --><\/p>\n<p>Folgende Anschlussvarianten stehen zur Auswahl:<\/p>\n<p>\u2022 Typ-2-Steckdose<br \/>\n\u2022 Typ-2-Ladekabel, 5 m<br \/>\n\u2022 Typ-2-Ladekabel, 5 m, mit Tesla-Taste (Ladeport \u00f6ffnen, Ladevorgang starten und nach dem Laden das Kabel entriegeln \u2013 direkt am Stecker)<br \/>\n\u2022 Typ-2-Ladekabel, 10 m<\/p>\n<p>Optional k\u00f6nnen elektrische Schutzfunktionen im Ger\u00e4t integriert werden. Seitlich ist zus\u00e4tzlich eine Schuko-Steckdose m\u00f6glich.<\/p>\n<h2>Inklusive Funktionen<\/h2>\n<p>\u2022 Dynamisches Lastmanagement (1 Stromzange)<br \/>\n\u2022 Zugriff auf die plattform\u00fcbergreifende V2C Cloud App<br \/>\n\u2022 Automatische Updates f\u00fcr neue Funktionen<br \/>\n\u2022 Integrierte API f\u00fcr Entwickler<br \/>\n\u2022 Frontseitiges LCD-Display<br \/>\n\u2022 WLAN-\/Bluetooth-Verbindung<br \/>\n\u2022 OCPP 1.6 JSON\u00a1<\/p>\n<h2>Allgemeine Merkmale<\/h2>\n<p>\u2022 Farbe: Schwarz<br \/>\n\u2022 Material: Polycarbonat MVR<br \/>\n\u2022 Gewicht: 2 kg (ohne Kabel) \/ 2,5 kg (ohne Kabel und mit Schutzfunktionen)<br \/>\n\u2022 Kabell\u00e4nge: 5 m \/ 10 m<br \/>\n\u2022 Kabeltyp: glatt \/ Spiralkabel<br \/>\n\u2022 Betriebstemperatur: -25 \u00b0 bis 50 \u00b0<br \/>\n\u2022 Lagertemperatur: -40 \u00b0 bis 70 \u00b0<br \/>\n\u2022 Display<br \/>\n\u2022 RGB-Statusbeleuchtung (je nach Ladestatus)<\/p>\n<h2>Elektrische Spezifikationen<\/h2>\n<p>\u2022 Anschluss: Typ 2 \/ Steckdose<br \/>\n\u2022 Netz: 230 V \/ 400 V<br \/>\n\u2022 Max. Ladestrom: 32 A (je Phase)<br \/>\n\u2022 Max. Ladeleistung: 7,4 kW oder 22 kW (je nach Modell)<br \/>\n\u2022 Einstellbarer Ladestrom: 6 bis 32 A<br \/>\n\u2022 Nennfrequenz: 50 Hz \/ 60 Hz<br \/>\n\u2022 Schutzart: IP54 \/ IK10<br \/>\n\u2022 Fehlerstromerkennung: AC 30 mA \/ DC 6 mA (je nach Modell)<\/p>\n<h2>V2C Cloud Funktionen<\/h2>\n<p>\u2022 Ladeleistung stundenweise begrenzen<br \/>\n\u2022 Mehrere Zeitfenster f\u00fcr Ladepl\u00e4ne<br \/>\n\u2022 Ladevorg\u00e4nge: Verlauf und Auswertung<br \/>\n\u2022 Verriegeln und entriegeln<br \/>\n\u2022 Alexa-Integration<br \/>\n\u2022 PV-Integration: kompatibel mit Huawei, SolaX, Fronius, Kostal sowie Shelly (drahtlose Einbindung)<\/p>\n","protected":false},"excerpt":{"rendered":"<p>Trydan ist die neue Wallbox mit der fortschrittlichsten Technologie am Markt \u2013 f\u00fcr E-Autos so komfortabel wie nie.<br \/>\nKompatibel mit allen Elektroautos und Plug-in-Hybriden mit Typ-2-Anschluss.<\/p>\n","protected":false},"featured_media":21264,"template":"","meta":{"content-type":"","inline_featured_image":false},"product_brand":[],"product_cat":[165],"product_tag":[],"class_list":{"0":"post-21014","1":"product","2":"type-product","3":"status-publish","4":"has-post-thumbnail","6":"product_cat-wallboxen","8":"first","9":"instock","10":"taxable","11":"shipping-taxable","12":"purchasable","13":"product-type-variable"},"yoast_head":"<!-- This site is optimized with the Yoast SEO plugin v27.0 - https:\/\/yoast.com\/product\/yoast-seo-wordpress\/ -->\n<title>Trydan Wallbox kaufen | Ladestation f\u00fcr Elektroautos | V2C<\/title>\n<meta name=\"description\" content=\"Trydan Wallbox von V2C mit automatischer PV-Anbindung, dynamischem Lastmanagement und verschiedene Lademodi zur Auswah l Jetzt im V2C Store entdecken.\" \/>\n<meta name=\"robots\" content=\"index, follow, max-snippet:-1, max-image-preview:large, max-video-preview:-1\" \/>\n<link rel=\"canonical\" href=\"https:\/\/v2charge.com\/store\/de\/produkt\/trydan\/\" \/>\n<meta property=\"og:locale\" content=\"de_DE\" \/>\n<meta property=\"og:type\" content=\"article\" \/>\n<meta property=\"og:title\" content=\"Trydan Wallbox kaufen | Ladestation f\u00fcr Elektroautos | V2C\" \/>\n<meta property=\"og:description\" content=\"Trydan Wallbox von V2C mit automatischer PV-Anbindung, dynamischem Lastmanagement und verschiedene Lademodi zur Auswah l Jetzt im V2C Store entdecken.\" \/>\n<meta property=\"og:url\" content=\"https:\/\/v2charge.com\/store\/de\/produkt\/trydan\/\" \/>\n<meta property=\"og:site_name\" content=\"V2C Store\" \/>\n<meta property=\"article:modified_time\" content=\"2026-04-14T10:47:54+00:00\" \/>\n<meta property=\"og:image\" content=\"https:\/\/v2charge.com\/store\/wp-content\/uploads\/2026\/04\/trydan-wallbox.jpg\" \/>\n\t<meta property=\"og:image:width\" content=\"600\" \/>\n\t<meta property=\"og:image:height\" content=\"600\" \/>\n\t<meta property=\"og:image:type\" content=\"image\/jpeg\" \/>\n<meta name=\"twitter:card\" content=\"summary_large_image\" \/>\n<meta name=\"twitter:label1\" content=\"Gesch\u00e4tzte Lesezeit\" \/>\n\t<meta name=\"twitter:data1\" content=\"2\u00a0Minuten\" \/>\n<script type=\"application\/ld+json\" class=\"yoast-schema-graph\">{\"@context\":\"https:\/\/schema.org\",\"@graph\":[{\"@type\":\"WebPage\",\"@id\":\"https:\/\/v2charge.com\/store\/de\/produkt\/trydan\/\",\"url\":\"https:\/\/v2charge.com\/store\/de\/produkt\/trydan\/\",\"name\":\"Trydan Wallbox kaufen | Ladestation f\u00fcr Elektroautos | V2C\",\"isPartOf\":{\"@id\":\"https:\/\/v2charge.com\/store\/#website\"},\"primaryImageOfPage\":{\"@id\":\"https:\/\/v2charge.com\/store\/de\/produkt\/trydan\/#primaryimage\"},\"image\":{\"@id\":\"https:\/\/v2charge.com\/store\/de\/produkt\/trydan\/#primaryimage\"},\"thumbnailUrl\":\"https:\/\/v2charge.com\/store\/wp-content\/uploads\/2026\/04\/trydan-wallbox.jpg\",\"datePublished\":\"2026-04-09T11:33:47+00:00\",\"dateModified\":\"2026-04-14T10:47:54+00:00\",\"description\":\"Trydan Wallbox von V2C mit automatischer PV-Anbindung, dynamischem Lastmanagement und verschiedene Lademodi zur Auswah l Jetzt im V2C Store entdecken.\",\"breadcrumb\":{\"@id\":\"https:\/\/v2charge.com\/store\/de\/produkt\/trydan\/#breadcrumb\"},\"inLanguage\":\"de\",\"potentialAction\":[{\"@type\":\"ReadAction\",\"target\":[\"https:\/\/v2charge.com\/store\/de\/produkt\/trydan\/\"]}]},{\"@type\":\"ImageObject\",\"inLanguage\":\"de\",\"@id\":\"https:\/\/v2charge.com\/store\/de\/produkt\/trydan\/#primaryimage\",\"url\":\"https:\/\/v2charge.com\/store\/wp-content\/uploads\/2026\/04\/trydan-wallbox.jpg\",\"contentUrl\":\"https:\/\/v2charge.com\/store\/wp-content\/uploads\/2026\/04\/trydan-wallbox.jpg\",\"width\":600,\"height\":600,\"caption\":\"TRYDAN WALLBOX V2C\"},{\"@type\":\"BreadcrumbList\",\"@id\":\"https:\/\/v2charge.com\/store\/de\/produkt\/trydan\/#breadcrumb\",\"itemListElement\":[{\"@type\":\"ListItem\",\"position\":1,\"name\":\"Portada\",\"item\":\"https:\/\/v2charge.com\/store\/\"},{\"@type\":\"ListItem\",\"position\":2,\"name\":\"Online-Shop\",\"item\":\"https:\/\/v2charge.com\/store\/de\/online-shop\/\"},{\"@type\":\"ListItem\",\"position\":3,\"name\":\"Trydan\"}]},{\"@type\":\"WebSite\",\"@id\":\"https:\/\/v2charge.com\/store\/#website\",\"url\":\"https:\/\/v2charge.com\/store\/\",\"name\":\"V2C Store\",\"description\":\"V2C Store\",\"publisher\":{\"@id\":\"https:\/\/v2charge.com\/store\/#organization\"},\"potentialAction\":[{\"@type\":\"SearchAction\",\"target\":{\"@type\":\"EntryPoint\",\"urlTemplate\":\"https:\/\/v2charge.com\/store\/?s={search_term_string}\"},\"query-input\":{\"@type\":\"PropertyValueSpecification\",\"valueRequired\":true,\"valueName\":\"search_term_string\"}}],\"inLanguage\":\"de\"},{\"@type\":\"Organization\",\"@id\":\"https:\/\/v2charge.com\/store\/#organization\",\"name\":\"V2C Store\",\"url\":\"https:\/\/v2charge.com\/store\/\",\"logo\":{\"@type\":\"ImageObject\",\"inLanguage\":\"de\",\"@id\":\"https:\/\/v2charge.com\/store\/#\/schema\/logo\/image\/\",\"url\":\"https:\/\/v2charge.com\/store\/wp-content\/uploads\/2022\/08\/cropped-cropped-logotipo-v2c-store-1.png\",\"contentUrl\":\"https:\/\/v2charge.com\/store\/wp-content\/uploads\/2022\/08\/cropped-cropped-logotipo-v2c-store-1.png\",\"width\":250,\"height\":65,\"caption\":\"V2C Store\"},\"image\":{\"@id\":\"https:\/\/v2charge.com\/store\/#\/schema\/logo\/image\/\"}}]}<\/script>\n<!-- \/ Yoast SEO plugin. -->","yoast_head_json":{"title":"Trydan Wallbox kaufen | Ladestation f\u00fcr Elektroautos | V2C","description":"Trydan Wallbox von V2C mit automatischer PV-Anbindung, dynamischem Lastmanagement und verschiedene Lademodi zur Auswah l Jetzt im V2C Store entdecken.","robots":{"index":"index","follow":"follow","max-snippet":"max-snippet:-1","max-image-preview":"max-image-preview:large","max-video-preview":"max-video-preview:-1"},"canonical":"https:\/\/v2charge.com\/store\/de\/produkt\/trydan\/","og_locale":"de_DE","og_type":"article","og_title":"Trydan Wallbox kaufen | Ladestation f\u00fcr Elektroautos | V2C","og_description":"Trydan Wallbox von V2C mit automatischer PV-Anbindung, dynamischem Lastmanagement und verschiedene Lademodi zur Auswah l Jetzt im V2C Store entdecken.","og_url":"https:\/\/v2charge.com\/store\/de\/produkt\/trydan\/","og_site_name":"V2C Store","article_modified_time":"2026-04-14T10:47:54+00:00","og_image":[{"width":600,"height":600,"url":"https:\/\/v2charge.com\/store\/wp-content\/uploads\/2026\/04\/trydan-wallbox.jpg","type":"image\/jpeg"}],"twitter_card":"summary_large_image","twitter_misc":{"Gesch\u00e4tzte Lesezeit":"2\u00a0Minuten"},"schema":{"@context":"https:\/\/schema.org","@graph":[{"@type":"WebPage","@id":"https:\/\/v2charge.com\/store\/de\/produkt\/trydan\/","url":"https:\/\/v2charge.com\/store\/de\/produkt\/trydan\/","name":"Trydan Wallbox kaufen | Ladestation f\u00fcr Elektroautos | V2C","isPartOf":{"@id":"https:\/\/v2charge.com\/store\/#website"},"primaryImageOfPage":{"@id":"https:\/\/v2charge.com\/store\/de\/produkt\/trydan\/#primaryimage"},"image":{"@id":"https:\/\/v2charge.com\/store\/de\/produkt\/trydan\/#primaryimage"},"thumbnailUrl":"https:\/\/v2charge.com\/store\/wp-content\/uploads\/2026\/04\/trydan-wallbox.jpg","datePublished":"2026-04-09T11:33:47+00:00","dateModified":"2026-04-14T10:47:54+00:00","description":"Trydan Wallbox von V2C mit automatischer PV-Anbindung, dynamischem Lastmanagement und verschiedene Lademodi zur Auswah l Jetzt im V2C Store entdecken.","breadcrumb":{"@id":"https:\/\/v2charge.com\/store\/de\/produkt\/trydan\/#breadcrumb"},"inLanguage":"de","potentialAction":[{"@type":"ReadAction","target":["https:\/\/v2charge.com\/store\/de\/produkt\/trydan\/"]}]},{"@type":"ImageObject","inLanguage":"de","@id":"https:\/\/v2charge.com\/store\/de\/produkt\/trydan\/#primaryimage","url":"https:\/\/v2charge.com\/store\/wp-content\/uploads\/2026\/04\/trydan-wallbox.jpg","contentUrl":"https:\/\/v2charge.com\/store\/wp-content\/uploads\/2026\/04\/trydan-wallbox.jpg","width":600,"height":600,"caption":"TRYDAN WALLBOX V2C"},{"@type":"BreadcrumbList","@id":"https:\/\/v2charge.com\/store\/de\/produkt\/trydan\/#breadcrumb","itemListElement":[{"@type":"ListItem","position":1,"name":"Portada","item":"https:\/\/v2charge.com\/store\/"},{"@type":"ListItem","position":2,"name":"Online-Shop","item":"https:\/\/v2charge.com\/store\/de\/online-shop\/"},{"@type":"ListItem","position":3,"name":"Trydan"}]},{"@type":"WebSite","@id":"https:\/\/v2charge.com\/store\/#website","url":"https:\/\/v2charge.com\/store\/","name":"V2C Store","description":"V2C Store","publisher":{"@id":"https:\/\/v2charge.com\/store\/#organization"},"potentialAction":[{"@type":"SearchAction","target":{"@type":"EntryPoint","urlTemplate":"https:\/\/v2charge.com\/store\/?s={search_term_string}"},"query-input":{"@type":"PropertyValueSpecification","valueRequired":true,"valueName":"search_term_string"}}],"inLanguage":"de"},{"@type":"Organization","@id":"https:\/\/v2charge.com\/store\/#organization","name":"V2C Store","url":"https:\/\/v2charge.com\/store\/","logo":{"@type":"ImageObject","inLanguage":"de","@id":"https:\/\/v2charge.com\/store\/#\/schema\/logo\/image\/","url":"https:\/\/v2charge.com\/store\/wp-content\/uploads\/2022\/08\/cropped-cropped-logotipo-v2c-store-1.png","contentUrl":"https:\/\/v2charge.com\/store\/wp-content\/uploads\/2022\/08\/cropped-cropped-logotipo-v2c-store-1.png","width":250,"height":65,"caption":"V2C Store"},"image":{"@id":"https:\/\/v2charge.com\/store\/#\/schema\/logo\/image\/"}}]}},"_links":{"self":[{"href":"https:\/\/v2charge.com\/store\/de\/wp-json\/wp\/v2\/product\/21014","targetHints":{"allow":["GET"]}}],"collection":[{"href":"https:\/\/v2charge.com\/store\/de\/wp-json\/wp\/v2\/product"}],"about":[{"href":"https:\/\/v2charge.com\/store\/de\/wp-json\/wp\/v2\/types\/product"}],"wp:featuredmedia":[{"embeddable":true,"href":"https:\/\/v2charge.com\/store\/de\/wp-json\/wp\/v2\/media\/21264"}],"wp:attachment":[{"href":"https:\/\/v2charge.com\/store\/de\/wp-json\/wp\/v2\/media?parent=21014"}],"wp:term":[{"taxonomy":"product_brand","embeddable":true,"href":"https:\/\/v2charge.com\/store\/de\/wp-json\/wp\/v2\/product_brand?post=21014"},{"taxonomy":"product_cat","embeddable":true,"href":"https:\/\/v2charge.com\/store\/de\/wp-json\/wp\/v2\/product_cat?post=21014"},{"taxonomy":"product_tag","embeddable":true,"href":"https:\/\/v2charge.com\/store\/de\/wp-json\/wp\/v2\/product_tag?post=21014"}],"curies":[{"name":"wp","href":"https:\/\/api.w.org\/{rel}","templated":true}]}}