{"id":21113,"date":"2026-04-09T11:22:20","date_gmt":"2026-04-09T11:22:20","guid":{"rendered":"https:\/\/v2charge.com\/store\/?post_type=product&#038;p=21113"},"modified":"2026-04-09T11:27:28","modified_gmt":"2026-04-09T11:27:28","slug":"trydan-pro","status":"publish","type":"product","link":"https:\/\/v2charge.com\/store\/de\/produkt\/trydan-pro\/","title":{"rendered":"Trydan Pro"},"content":{"rendered":"<p>Durch RFID und NFC eignet sich Trydan Pro besonders f\u00fcr halb\u00f6ffentliche Standorte und private Nutzung. Nutzerverwaltung und Zahlungsabwicklung laufen unkompliziert, das Laden bleibt sicher und transparent.<\/p>\n<p>Trydan Pro verf\u00fcgt \u00fcber 4G-Technologie mit integrierter SIM-Karte f\u00fcr sofortigen Internetzugang.<\/p>\n<p>Konnektivit\u00e4t geht dabei noch weiter: stabile Verbindung auch ohne Mobilfunkabdeckung \u2013 per Ethernet.<\/p>\n<h2>Mit voller Trydan-Power!<\/h2>\n<p>Trydan Pro bringt das volle Potenzial von Trydan. Freuen auf <span class=\"notion-enable-hover\" data-token-index=\"1\">einzigartige PV-Integration, Anbindung an smarte Systeme<\/span> und <span class=\"notion-enable-hover\" data-token-index=\"3\">dynamisches Lastmanagement<\/span>. Ladevorg\u00e4nge aller Nutzer in der <span class=\"notion-enable-hover\" data-token-index=\"5\">kostenlosen V2C Cloud App<\/span> im Blick behalten, Zahlungen \u00fcber <span class=\"notion-enable-hover\" data-token-index=\"7\">V2C Payments<\/span> verwalten.<\/p>\n<p>Folgende Anschlussvarianten stehen zur Auswahl:<\/p>\n<ul>\n<li>Typ-2-Steckdose<\/li>\n<li>Typ-2-Ladekabel in 5 oder 10 m<\/li>\n<li>Typ-2-Ladekabel in 5 m mit Tesla-Taste (Ladeport \u00f6ffnen, Ladevorgang starten und nach dem Laden das Kabel entriegeln \u2013 direkt am Stecker)<\/li>\n<\/ul>\n<p>Optional k\u00f6nnen Schutzfunktionen im Ger\u00e4t integriert werden, zus\u00e4tzlich eine seitliche Schuko-Steckdose sowie ein MID-Z\u00e4hler.<\/p>\n<h2>Inklusive Funktionen<!-- notionvc: c9267ad0-81c9-49e0-acab-c03670e7b882 --><\/h2>\n<ul>\n<li>Dynamische Leistungsregelung (1 Stromzange)<\/li>\n<li>Konnektivit\u00e4t: WLAN\/Bluetooth\/Ethernet\/4G<\/li>\n<li>SIM-Karte f\u00fcr 4G<\/li>\n<li>RFID\/NFC (1 RFID-Karte inklusive)<\/li>\n<li>V2C Cloud App (plattform\u00fcbergreifend)<\/li>\n<li>Automatische Funktionsupdates<\/li>\n<li>Entwickler-API integriert<\/li>\n<li>LCD-Display vorne<\/li>\n<li>OCPP 1.6 JSON<\/li>\n<\/ul>\n<h2>Allgemeine Merkmale<\/h2>\n<ul>\n<li>Farbe: Schwarz<\/li>\n<li>Material: Polycarbonat MVR<\/li>\n<li>Max. Gewicht: 7 kg<\/li>\n<li>Kabell\u00e4nge: 5 m\/10 m<\/li>\n<li>Kabeltyp: glatt<\/li>\n<li>Betriebstemperatur: -25 \u00b0 bis 50 \u00b0<\/li>\n<li>Lagertemperatur: -40 \u00b0 bis 70 \u00b0<\/li>\n<li>Display<\/li>\n<li>RGB-Statusbeleuchtung je nach Ladestatus<\/li>\n<\/ul>\n<h2>Elektrische Spezifikationen<\/h2>\n<ul>\n<li>Anschluss: Typ 2\/Steckdose<\/li>\n<li>Netz: 230 V\/400 V<\/li>\n<li>Maximale Ladeleistung: 7,4 kW oder 22 kW (je nach Modell)<\/li>\n<li>Einstellbarer Ladestrom: 6 bis 32 A (je Phase)<\/li>\n<li>Nennfrequenz: 50 Hz\/60 Hz<\/li>\n<li>Schutzart: IP54\/IK10<\/li>\n<li>Fehlerstromerkennung: AC 30 mA\/DC 6 mA (je nach Modell)<\/li>\n<\/ul>\n<h2>V2C Cloud Funktionen<\/h2>\n<ul>\n<li>Ladeleistung pro Stunde begrenzen<\/li>\n<li>Mehrere Zeitfenster f\u00fcr Zeitpl\u00e4ne<\/li>\n<li>Statistik und Verlauf der Ladevorg\u00e4nge<\/li>\n<li>Verriegeln und entriegeln<\/li>\n<li>Alexa, Google Home und Home Assistant kompatibel<\/li>\n<li>PV-Integration: kompatibel mit allen Wechselrichtern sowie mit g\u00e4ngigen Ger\u00e4ten f\u00fcr die drahtlose Einbindung<\/li>\n<\/ul>\n","protected":false},"excerpt":{"rendered":"<p><span class=\"notion-enable-hover\" data-token-index=\"0\"><strong>Trydan Pro<\/strong> ist <strong>der n\u00e4chste Schritt f\u00fcr E-Mobilit\u00e4t<\/strong>.<\/span> Volle Kontrolle dank sofortigem Internetzugang \u00fcber <span class=\"notion-enable-hover\" data-token-index=\"2\"><strong>WLAN<\/strong>, <strong>4G<\/strong> oder <strong>Ethernet<\/strong>.<\/span><\/p>\n<p>Die integrierte Technologie <span class=\"notion-enable-hover\" data-token-index=\"4\"><strong>RFID<\/strong> und<strong> NFC<\/strong><\/span> erm\u00f6glicht <strong><span class=\"notion-enable-hover\" data-token-index=\"6\">mehrere Nutzer<\/span><\/strong> und eine einfache Verwaltung von Zahlungen.<!-- notionvc: cd5f7972-eb0e-4983-a62a-e2b3fa3d1abd --><\/p>\n","protected":false},"featured_media":21258,"template":"","meta":{"content-type":"","inline_featured_image":false},"product_brand":[],"product_cat":[165],"product_tag":[],"class_list":{"0":"post-21113","1":"product","2":"type-product","3":"status-publish","4":"has-post-thumbnail","6":"product_cat-wallboxen","8":"first","9":"instock","10":"taxable","11":"shipping-taxable","12":"purchasable","13":"product-type-variable"},"yoast_head":"<!-- This site is optimized with the Yoast SEO plugin v27.0 - https:\/\/yoast.com\/product\/yoast-seo-wordpress\/ -->\n<title>Trydan Pro Wallbox | F\u00fcr gemeinsam genutzte Ladepunkte | V2C<\/title>\n<meta name=\"description\" content=\"Trydan Pro von V2C bietet mehr Kontrolle bei gemeinsamer Nutzung der Wallbox \u2013 mit RFID-Zugang, Benutzerverwaltung und intelligentem Lastmanagement.\" \/>\n<meta name=\"robots\" content=\"index, follow, max-snippet:-1, max-image-preview:large, max-video-preview:-1\" \/>\n<link rel=\"canonical\" href=\"https:\/\/v2charge.com\/store\/de\/produkt\/trydan-pro\/\" \/>\n<meta property=\"og:locale\" content=\"de_DE\" \/>\n<meta property=\"og:type\" content=\"article\" \/>\n<meta property=\"og:title\" content=\"Trydan Pro Wallbox | F\u00fcr gemeinsam genutzte Ladepunkte | V2C\" \/>\n<meta property=\"og:description\" content=\"Trydan Pro von V2C bietet mehr Kontrolle bei gemeinsamer Nutzung der Wallbox \u2013 mit RFID-Zugang, Benutzerverwaltung und intelligentem Lastmanagement.\" \/>\n<meta property=\"og:url\" content=\"https:\/\/v2charge.com\/store\/de\/produkt\/trydan-pro\/\" \/>\n<meta property=\"og:site_name\" content=\"V2C Store\" \/>\n<meta property=\"article:modified_time\" content=\"2026-04-09T11:27:28+00:00\" \/>\n<meta property=\"og:image\" content=\"https:\/\/v2charge.com\/store\/wp-content\/uploads\/2026\/04\/trydan-pro-kabel.jpg\" \/>\n\t<meta property=\"og:image:width\" content=\"600\" \/>\n\t<meta property=\"og:image:height\" content=\"600\" \/>\n\t<meta property=\"og:image:type\" content=\"image\/jpeg\" \/>\n<meta name=\"twitter:card\" content=\"summary_large_image\" \/>\n<meta name=\"twitter:label1\" content=\"Gesch\u00e4tzte Lesezeit\" \/>\n\t<meta name=\"twitter:data1\" content=\"2\u00a0Minuten\" \/>\n<script type=\"application\/ld+json\" class=\"yoast-schema-graph\">{\"@context\":\"https:\/\/schema.org\",\"@graph\":[{\"@type\":\"WebPage\",\"@id\":\"https:\/\/v2charge.com\/store\/de\/produkt\/trydan-pro\/\",\"url\":\"https:\/\/v2charge.com\/store\/de\/produkt\/trydan-pro\/\",\"name\":\"Trydan Pro Wallbox | F\u00fcr gemeinsam genutzte Ladepunkte | V2C\",\"isPartOf\":{\"@id\":\"https:\/\/v2charge.com\/store\/#website\"},\"primaryImageOfPage\":{\"@id\":\"https:\/\/v2charge.com\/store\/de\/produkt\/trydan-pro\/#primaryimage\"},\"image\":{\"@id\":\"https:\/\/v2charge.com\/store\/de\/produkt\/trydan-pro\/#primaryimage\"},\"thumbnailUrl\":\"https:\/\/v2charge.com\/store\/wp-content\/uploads\/2026\/04\/trydan-pro-kabel.jpg\",\"datePublished\":\"2026-04-09T11:22:20+00:00\",\"dateModified\":\"2026-04-09T11:27:28+00:00\",\"description\":\"Trydan Pro von V2C bietet mehr Kontrolle bei gemeinsamer Nutzung der Wallbox \u2013 mit RFID-Zugang, Benutzerverwaltung und intelligentem Lastmanagement.\",\"breadcrumb\":{\"@id\":\"https:\/\/v2charge.com\/store\/de\/produkt\/trydan-pro\/#breadcrumb\"},\"inLanguage\":\"de\",\"potentialAction\":[{\"@type\":\"ReadAction\",\"target\":[\"https:\/\/v2charge.com\/store\/de\/produkt\/trydan-pro\/\"]}]},{\"@type\":\"ImageObject\",\"inLanguage\":\"de\",\"@id\":\"https:\/\/v2charge.com\/store\/de\/produkt\/trydan-pro\/#primaryimage\",\"url\":\"https:\/\/v2charge.com\/store\/wp-content\/uploads\/2026\/04\/trydan-pro-kabel.jpg\",\"contentUrl\":\"https:\/\/v2charge.com\/store\/wp-content\/uploads\/2026\/04\/trydan-pro-kabel.jpg\",\"width\":600,\"height\":600,\"caption\":\"TRYDAN PRO V2C\"},{\"@type\":\"BreadcrumbList\",\"@id\":\"https:\/\/v2charge.com\/store\/de\/produkt\/trydan-pro\/#breadcrumb\",\"itemListElement\":[{\"@type\":\"ListItem\",\"position\":1,\"name\":\"Portada\",\"item\":\"https:\/\/v2charge.com\/store\/\"},{\"@type\":\"ListItem\",\"position\":2,\"name\":\"Online-Shop\",\"item\":\"https:\/\/v2charge.com\/store\/de\/online-shop\/\"},{\"@type\":\"ListItem\",\"position\":3,\"name\":\"Trydan Pro\"}]},{\"@type\":\"WebSite\",\"@id\":\"https:\/\/v2charge.com\/store\/#website\",\"url\":\"https:\/\/v2charge.com\/store\/\",\"name\":\"V2C Store\",\"description\":\"V2C Store\",\"publisher\":{\"@id\":\"https:\/\/v2charge.com\/store\/#organization\"},\"potentialAction\":[{\"@type\":\"SearchAction\",\"target\":{\"@type\":\"EntryPoint\",\"urlTemplate\":\"https:\/\/v2charge.com\/store\/?s={search_term_string}\"},\"query-input\":{\"@type\":\"PropertyValueSpecification\",\"valueRequired\":true,\"valueName\":\"search_term_string\"}}],\"inLanguage\":\"de\"},{\"@type\":\"Organization\",\"@id\":\"https:\/\/v2charge.com\/store\/#organization\",\"name\":\"V2C Store\",\"url\":\"https:\/\/v2charge.com\/store\/\",\"logo\":{\"@type\":\"ImageObject\",\"inLanguage\":\"de\",\"@id\":\"https:\/\/v2charge.com\/store\/#\/schema\/logo\/image\/\",\"url\":\"https:\/\/v2charge.com\/store\/wp-content\/uploads\/2022\/08\/cropped-cropped-logotipo-v2c-store-1.png\",\"contentUrl\":\"https:\/\/v2charge.com\/store\/wp-content\/uploads\/2022\/08\/cropped-cropped-logotipo-v2c-store-1.png\",\"width\":250,\"height\":65,\"caption\":\"V2C Store\"},\"image\":{\"@id\":\"https:\/\/v2charge.com\/store\/#\/schema\/logo\/image\/\"}}]}<\/script>\n<!-- \/ Yoast SEO plugin. -->","yoast_head_json":{"title":"Trydan Pro Wallbox | F\u00fcr gemeinsam genutzte Ladepunkte | V2C","description":"Trydan Pro von V2C bietet mehr Kontrolle bei gemeinsamer Nutzung der Wallbox \u2013 mit RFID-Zugang, Benutzerverwaltung und intelligentem Lastmanagement.","robots":{"index":"index","follow":"follow","max-snippet":"max-snippet:-1","max-image-preview":"max-image-preview:large","max-video-preview":"max-video-preview:-1"},"canonical":"https:\/\/v2charge.com\/store\/de\/produkt\/trydan-pro\/","og_locale":"de_DE","og_type":"article","og_title":"Trydan Pro Wallbox | F\u00fcr gemeinsam genutzte Ladepunkte | V2C","og_description":"Trydan Pro von V2C bietet mehr Kontrolle bei gemeinsamer Nutzung der Wallbox \u2013 mit RFID-Zugang, Benutzerverwaltung und intelligentem Lastmanagement.","og_url":"https:\/\/v2charge.com\/store\/de\/produkt\/trydan-pro\/","og_site_name":"V2C Store","article_modified_time":"2026-04-09T11:27:28+00:00","og_image":[{"width":600,"height":600,"url":"https:\/\/v2charge.com\/store\/wp-content\/uploads\/2026\/04\/trydan-pro-kabel.jpg","type":"image\/jpeg"}],"twitter_card":"summary_large_image","twitter_misc":{"Gesch\u00e4tzte Lesezeit":"2\u00a0Minuten"},"schema":{"@context":"https:\/\/schema.org","@graph":[{"@type":"WebPage","@id":"https:\/\/v2charge.com\/store\/de\/produkt\/trydan-pro\/","url":"https:\/\/v2charge.com\/store\/de\/produkt\/trydan-pro\/","name":"Trydan Pro Wallbox | F\u00fcr gemeinsam genutzte Ladepunkte | V2C","isPartOf":{"@id":"https:\/\/v2charge.com\/store\/#website"},"primaryImageOfPage":{"@id":"https:\/\/v2charge.com\/store\/de\/produkt\/trydan-pro\/#primaryimage"},"image":{"@id":"https:\/\/v2charge.com\/store\/de\/produkt\/trydan-pro\/#primaryimage"},"thumbnailUrl":"https:\/\/v2charge.com\/store\/wp-content\/uploads\/2026\/04\/trydan-pro-kabel.jpg","datePublished":"2026-04-09T11:22:20+00:00","dateModified":"2026-04-09T11:27:28+00:00","description":"Trydan Pro von V2C bietet mehr Kontrolle bei gemeinsamer Nutzung der Wallbox \u2013 mit RFID-Zugang, Benutzerverwaltung und intelligentem Lastmanagement.","breadcrumb":{"@id":"https:\/\/v2charge.com\/store\/de\/produkt\/trydan-pro\/#breadcrumb"},"inLanguage":"de","potentialAction":[{"@type":"ReadAction","target":["https:\/\/v2charge.com\/store\/de\/produkt\/trydan-pro\/"]}]},{"@type":"ImageObject","inLanguage":"de","@id":"https:\/\/v2charge.com\/store\/de\/produkt\/trydan-pro\/#primaryimage","url":"https:\/\/v2charge.com\/store\/wp-content\/uploads\/2026\/04\/trydan-pro-kabel.jpg","contentUrl":"https:\/\/v2charge.com\/store\/wp-content\/uploads\/2026\/04\/trydan-pro-kabel.jpg","width":600,"height":600,"caption":"TRYDAN PRO V2C"},{"@type":"BreadcrumbList","@id":"https:\/\/v2charge.com\/store\/de\/produkt\/trydan-pro\/#breadcrumb","itemListElement":[{"@type":"ListItem","position":1,"name":"Portada","item":"https:\/\/v2charge.com\/store\/"},{"@type":"ListItem","position":2,"name":"Online-Shop","item":"https:\/\/v2charge.com\/store\/de\/online-shop\/"},{"@type":"ListItem","position":3,"name":"Trydan Pro"}]},{"@type":"WebSite","@id":"https:\/\/v2charge.com\/store\/#website","url":"https:\/\/v2charge.com\/store\/","name":"V2C Store","description":"V2C Store","publisher":{"@id":"https:\/\/v2charge.com\/store\/#organization"},"potentialAction":[{"@type":"SearchAction","target":{"@type":"EntryPoint","urlTemplate":"https:\/\/v2charge.com\/store\/?s={search_term_string}"},"query-input":{"@type":"PropertyValueSpecification","valueRequired":true,"valueName":"search_term_string"}}],"inLanguage":"de"},{"@type":"Organization","@id":"https:\/\/v2charge.com\/store\/#organization","name":"V2C Store","url":"https:\/\/v2charge.com\/store\/","logo":{"@type":"ImageObject","inLanguage":"de","@id":"https:\/\/v2charge.com\/store\/#\/schema\/logo\/image\/","url":"https:\/\/v2charge.com\/store\/wp-content\/uploads\/2022\/08\/cropped-cropped-logotipo-v2c-store-1.png","contentUrl":"https:\/\/v2charge.com\/store\/wp-content\/uploads\/2022\/08\/cropped-cropped-logotipo-v2c-store-1.png","width":250,"height":65,"caption":"V2C Store"},"image":{"@id":"https:\/\/v2charge.com\/store\/#\/schema\/logo\/image\/"}}]}},"_links":{"self":[{"href":"https:\/\/v2charge.com\/store\/de\/wp-json\/wp\/v2\/product\/21113","targetHints":{"allow":["GET"]}}],"collection":[{"href":"https:\/\/v2charge.com\/store\/de\/wp-json\/wp\/v2\/product"}],"about":[{"href":"https:\/\/v2charge.com\/store\/de\/wp-json\/wp\/v2\/types\/product"}],"wp:featuredmedia":[{"embeddable":true,"href":"https:\/\/v2charge.com\/store\/de\/wp-json\/wp\/v2\/media\/21258"}],"wp:attachment":[{"href":"https:\/\/v2charge.com\/store\/de\/wp-json\/wp\/v2\/media?parent=21113"}],"wp:term":[{"taxonomy":"product_brand","embeddable":true,"href":"https:\/\/v2charge.com\/store\/de\/wp-json\/wp\/v2\/product_brand?post=21113"},{"taxonomy":"product_cat","embeddable":true,"href":"https:\/\/v2charge.com\/store\/de\/wp-json\/wp\/v2\/product_cat?post=21113"},{"taxonomy":"product_tag","embeddable":true,"href":"https:\/\/v2charge.com\/store\/de\/wp-json\/wp\/v2\/product_tag?post=21113"}],"curies":[{"name":"wp","href":"https:\/\/api.w.org\/{rel}","templated":true}]}}