{"id":21198,"date":"2026-04-09T11:21:21","date_gmt":"2026-04-09T11:21:21","guid":{"rendered":"https:\/\/v2charge.com\/store\/?post_type=product&#038;p=21198"},"modified":"2026-04-10T11:27:33","modified_gmt":"2026-04-10T11:27:33","slug":"pole","status":"publish","type":"product","link":"https:\/\/v2charge.com\/store\/de\/produkt\/pole\/","title":{"rendered":"Pole Pro"},"content":{"rendered":"<p>Aus hochfestem <strong>Stahl mit Anti-Graffiti-Beschichtung<\/strong> gefertigt: Pole Pro ist der ideale Ladepunkt f\u00fcr den \u00f6ffentlichen Raum und Firmenparkpl\u00e4tze. Effizient und flexibel \u2013 als Boden- oder Wandversion erh\u00e4ltlich, wahlweise mit ein oder zwei Steckdosen sowie mit einem oder zwei Spiralladekabeln.<\/p>\n<h2>Allgemeine Merkmale<\/h2>\n<ul>\n<li>Farbe: Schwarz<\/li>\n<li>Material: vandalismussicherer Stahl<\/li>\n<li>Gewicht: 55 kg<\/li>\n<li>Display bei Modellen mit V2C Cloud: 8\u201d \u2013 2.000 Lumen<\/li>\n<li>Mode 3 PWM-Steuerung gem\u00e4\u00df ISO\/IEC 61851-1<\/li>\n<li>RFID-Leser bei Modellen mit V2C Cloud: ISO\/IEC 14443 A\/MIFARE<\/li>\n<li>Integrierter MID-Z\u00e4hler f\u00fcr dynamisches Lastmanagement<\/li>\n<li>Elektrischer Schutz je Ladepunkt: FI Typ A und Leitungsschutzschalter 40 A<\/li>\n<li>Betriebstemperatur: -5 \u00b0 bis 45 \u00b0<\/li>\n<li>Lagertemperatur: -40 \u00b0 bis 70 \u00b0<\/li>\n<\/ul>\n<h2>Elektrische Spezifikationen<\/h2>\n<ul>\n<li>Steckertyp: Socket \/ Typ 2<\/li>\n<li>Netztyp: 230 V \/ 400 V<\/li>\n<li>Maximale Stromst\u00e4rke: 32 A (pro Phase)<\/li>\n<li>Maximale Leistung: 7,3 kW oder 22 kW (je Ladepunkt)<\/li>\n<li>Einstellbarer Strom: 6\u201332 A<\/li>\n<li>Frequenz: 50 Hz \/ 60 Hz<\/li>\n<li>Schutzart: IP54 \/ IK10<\/li>\n<li>Fehlerstromerkennung: AC 30 mA \/ DC 6 mA (optional)<\/li>\n<\/ul>\n<h2>Funktionale Merkmale<\/h2>\n<ul>\n<li>Nutzerplattform: V2C Cloud App und Portal (bei Modellen mit Konnektivit\u00e4t)<\/li>\n<li>V2C Payments Plattform f\u00fcr die Zahlungsverwaltung mehrerer Nutzer<\/li>\n<li>Kartenterminal f\u00fcr Sofortzahlungen per Karte, ohne zus\u00e4tzlichen Aufwand (optional)<\/li>\n<li>Konnektivit\u00e4t: Ethernet \/ WLAN \/ Bluetooth (bei Modellen mit Konnektivit\u00e4t)<\/li>\n<li>Kommunikation: OCPP \/ REST API Cloud \/ OTA (bei Modellen mit Konnektivit\u00e4t)<\/li>\n<\/ul>\n","protected":false},"excerpt":{"rendered":"<p>Zwei Fahrzeuge laden parallel; sicher und effizient im Au\u00dfenbereich. Alle Ladedaten sind dank integriertem Design-Display in Echtzeit sichtbar. Als Stand- oder Wandversion erh\u00e4ltlich.<\/p>\n<p>Au\u00dfergew\u00f6hnliche Kombination aus<strong> Eleganz und Robustheit<\/strong>. Pole Pro \u00fcberzeugt mit <strong>vandalismusgesch\u00fctztem Design.<\/strong><\/p>\n","protected":false},"featured_media":21339,"template":"","meta":{"content-type":"","inline_featured_image":false},"product_brand":[],"product_cat":[165],"product_tag":[],"class_list":{"0":"post-21198","1":"product","2":"type-product","3":"status-publish","4":"has-post-thumbnail","6":"product_cat-wallboxen","8":"first","9":"instock","10":"taxable","11":"shipping-taxable","12":"purchasable","13":"product-type-variable"},"yoast_head":"<!-- This site is optimized with the Yoast SEO plugin v27.0 - https:\/\/yoast.com\/product\/yoast-seo-wordpress\/ -->\n<title>Pole Pro: Lades\u00e4ule f\u00fcr Unternehmen | V2C<\/title>\n<meta name=\"description\" content=\"Pole Pro ist die V2C Lades\u00e4ule f\u00fcr Unternehmen, Parkpl\u00e4tze und geteilte Ladepunkte. Robust, vernetzt und bereit f\u00fcr Abrechnung.\" \/>\n<meta name=\"robots\" content=\"index, follow, max-snippet:-1, max-image-preview:large, max-video-preview:-1\" \/>\n<link rel=\"canonical\" href=\"https:\/\/v2charge.com\/store\/de\/produkt\/pole\/\" \/>\n<meta property=\"og:locale\" content=\"de_DE\" \/>\n<meta property=\"og:type\" content=\"article\" \/>\n<meta property=\"og:title\" content=\"Pole Pro: Lades\u00e4ule f\u00fcr Unternehmen | V2C\" \/>\n<meta property=\"og:description\" content=\"Pole Pro ist die V2C Lades\u00e4ule f\u00fcr Unternehmen, Parkpl\u00e4tze und geteilte Ladepunkte. Robust, vernetzt und bereit f\u00fcr Abrechnung.\" \/>\n<meta property=\"og:url\" content=\"https:\/\/v2charge.com\/store\/de\/produkt\/pole\/\" \/>\n<meta property=\"og:site_name\" content=\"V2C Store\" \/>\n<meta property=\"article:modified_time\" content=\"2026-04-10T11:27:33+00:00\" \/>\n<meta property=\"og:image\" content=\"https:\/\/v2charge.com\/store\/wp-content\/uploads\/2026\/04\/pole-pro-kartezahlung.jpg\" \/>\n\t<meta property=\"og:image:width\" content=\"600\" \/>\n\t<meta property=\"og:image:height\" content=\"600\" \/>\n\t<meta property=\"og:image:type\" content=\"image\/jpeg\" \/>\n<meta name=\"twitter:card\" content=\"summary_large_image\" \/>\n<meta name=\"twitter:label1\" content=\"Gesch\u00e4tzte Lesezeit\" \/>\n\t<meta name=\"twitter:data1\" content=\"2\u00a0Minuten\" \/>\n<script type=\"application\/ld+json\" class=\"yoast-schema-graph\">{\"@context\":\"https:\/\/schema.org\",\"@graph\":[{\"@type\":\"WebPage\",\"@id\":\"https:\/\/v2charge.com\/store\/de\/produkt\/pole\/\",\"url\":\"https:\/\/v2charge.com\/store\/de\/produkt\/pole\/\",\"name\":\"Pole Pro: Lades\u00e4ule f\u00fcr Unternehmen | V2C\",\"isPartOf\":{\"@id\":\"https:\/\/v2charge.com\/store\/#website\"},\"primaryImageOfPage\":{\"@id\":\"https:\/\/v2charge.com\/store\/de\/produkt\/pole\/#primaryimage\"},\"image\":{\"@id\":\"https:\/\/v2charge.com\/store\/de\/produkt\/pole\/#primaryimage\"},\"thumbnailUrl\":\"https:\/\/v2charge.com\/store\/wp-content\/uploads\/2026\/04\/pole-pro-kartezahlung.jpg\",\"datePublished\":\"2026-04-09T11:21:21+00:00\",\"dateModified\":\"2026-04-10T11:27:33+00:00\",\"description\":\"Pole Pro ist die V2C Lades\u00e4ule f\u00fcr Unternehmen, Parkpl\u00e4tze und geteilte Ladepunkte. Robust, vernetzt und bereit f\u00fcr Abrechnung.\",\"breadcrumb\":{\"@id\":\"https:\/\/v2charge.com\/store\/de\/produkt\/pole\/#breadcrumb\"},\"inLanguage\":\"de\",\"potentialAction\":[{\"@type\":\"ReadAction\",\"target\":[\"https:\/\/v2charge.com\/store\/de\/produkt\/pole\/\"]}]},{\"@type\":\"ImageObject\",\"inLanguage\":\"de\",\"@id\":\"https:\/\/v2charge.com\/store\/de\/produkt\/pole\/#primaryimage\",\"url\":\"https:\/\/v2charge.com\/store\/wp-content\/uploads\/2026\/04\/pole-pro-kartezahlung.jpg\",\"contentUrl\":\"https:\/\/v2charge.com\/store\/wp-content\/uploads\/2026\/04\/pole-pro-kartezahlung.jpg\",\"width\":600,\"height\":600,\"caption\":\"Kartenzahlung Pole Pro V2C\"},{\"@type\":\"BreadcrumbList\",\"@id\":\"https:\/\/v2charge.com\/store\/de\/produkt\/pole\/#breadcrumb\",\"itemListElement\":[{\"@type\":\"ListItem\",\"position\":1,\"name\":\"Portada\",\"item\":\"https:\/\/v2charge.com\/store\/\"},{\"@type\":\"ListItem\",\"position\":2,\"name\":\"Online-Shop\",\"item\":\"https:\/\/v2charge.com\/store\/de\/online-shop\/\"},{\"@type\":\"ListItem\",\"position\":3,\"name\":\"Pole Pro\"}]},{\"@type\":\"WebSite\",\"@id\":\"https:\/\/v2charge.com\/store\/#website\",\"url\":\"https:\/\/v2charge.com\/store\/\",\"name\":\"V2C Store\",\"description\":\"V2C Store\",\"publisher\":{\"@id\":\"https:\/\/v2charge.com\/store\/#organization\"},\"potentialAction\":[{\"@type\":\"SearchAction\",\"target\":{\"@type\":\"EntryPoint\",\"urlTemplate\":\"https:\/\/v2charge.com\/store\/?s={search_term_string}\"},\"query-input\":{\"@type\":\"PropertyValueSpecification\",\"valueRequired\":true,\"valueName\":\"search_term_string\"}}],\"inLanguage\":\"de\"},{\"@type\":\"Organization\",\"@id\":\"https:\/\/v2charge.com\/store\/#organization\",\"name\":\"V2C Store\",\"url\":\"https:\/\/v2charge.com\/store\/\",\"logo\":{\"@type\":\"ImageObject\",\"inLanguage\":\"de\",\"@id\":\"https:\/\/v2charge.com\/store\/#\/schema\/logo\/image\/\",\"url\":\"https:\/\/v2charge.com\/store\/wp-content\/uploads\/2022\/08\/cropped-cropped-logotipo-v2c-store-1.png\",\"contentUrl\":\"https:\/\/v2charge.com\/store\/wp-content\/uploads\/2022\/08\/cropped-cropped-logotipo-v2c-store-1.png\",\"width\":250,\"height\":65,\"caption\":\"V2C Store\"},\"image\":{\"@id\":\"https:\/\/v2charge.com\/store\/#\/schema\/logo\/image\/\"}}]}<\/script>\n<!-- \/ Yoast SEO plugin. -->","yoast_head_json":{"title":"Pole Pro: Lades\u00e4ule f\u00fcr Unternehmen | V2C","description":"Pole Pro ist die V2C Lades\u00e4ule f\u00fcr Unternehmen, Parkpl\u00e4tze und geteilte Ladepunkte. Robust, vernetzt und bereit f\u00fcr Abrechnung.","robots":{"index":"index","follow":"follow","max-snippet":"max-snippet:-1","max-image-preview":"max-image-preview:large","max-video-preview":"max-video-preview:-1"},"canonical":"https:\/\/v2charge.com\/store\/de\/produkt\/pole\/","og_locale":"de_DE","og_type":"article","og_title":"Pole Pro: Lades\u00e4ule f\u00fcr Unternehmen | V2C","og_description":"Pole Pro ist die V2C Lades\u00e4ule f\u00fcr Unternehmen, Parkpl\u00e4tze und geteilte Ladepunkte. Robust, vernetzt und bereit f\u00fcr Abrechnung.","og_url":"https:\/\/v2charge.com\/store\/de\/produkt\/pole\/","og_site_name":"V2C Store","article_modified_time":"2026-04-10T11:27:33+00:00","og_image":[{"width":600,"height":600,"url":"https:\/\/v2charge.com\/store\/wp-content\/uploads\/2026\/04\/pole-pro-kartezahlung.jpg","type":"image\/jpeg"}],"twitter_card":"summary_large_image","twitter_misc":{"Gesch\u00e4tzte Lesezeit":"2\u00a0Minuten"},"schema":{"@context":"https:\/\/schema.org","@graph":[{"@type":"WebPage","@id":"https:\/\/v2charge.com\/store\/de\/produkt\/pole\/","url":"https:\/\/v2charge.com\/store\/de\/produkt\/pole\/","name":"Pole Pro: Lades\u00e4ule f\u00fcr Unternehmen | V2C","isPartOf":{"@id":"https:\/\/v2charge.com\/store\/#website"},"primaryImageOfPage":{"@id":"https:\/\/v2charge.com\/store\/de\/produkt\/pole\/#primaryimage"},"image":{"@id":"https:\/\/v2charge.com\/store\/de\/produkt\/pole\/#primaryimage"},"thumbnailUrl":"https:\/\/v2charge.com\/store\/wp-content\/uploads\/2026\/04\/pole-pro-kartezahlung.jpg","datePublished":"2026-04-09T11:21:21+00:00","dateModified":"2026-04-10T11:27:33+00:00","description":"Pole Pro ist die V2C Lades\u00e4ule f\u00fcr Unternehmen, Parkpl\u00e4tze und geteilte Ladepunkte. Robust, vernetzt und bereit f\u00fcr Abrechnung.","breadcrumb":{"@id":"https:\/\/v2charge.com\/store\/de\/produkt\/pole\/#breadcrumb"},"inLanguage":"de","potentialAction":[{"@type":"ReadAction","target":["https:\/\/v2charge.com\/store\/de\/produkt\/pole\/"]}]},{"@type":"ImageObject","inLanguage":"de","@id":"https:\/\/v2charge.com\/store\/de\/produkt\/pole\/#primaryimage","url":"https:\/\/v2charge.com\/store\/wp-content\/uploads\/2026\/04\/pole-pro-kartezahlung.jpg","contentUrl":"https:\/\/v2charge.com\/store\/wp-content\/uploads\/2026\/04\/pole-pro-kartezahlung.jpg","width":600,"height":600,"caption":"Kartenzahlung Pole Pro V2C"},{"@type":"BreadcrumbList","@id":"https:\/\/v2charge.com\/store\/de\/produkt\/pole\/#breadcrumb","itemListElement":[{"@type":"ListItem","position":1,"name":"Portada","item":"https:\/\/v2charge.com\/store\/"},{"@type":"ListItem","position":2,"name":"Online-Shop","item":"https:\/\/v2charge.com\/store\/de\/online-shop\/"},{"@type":"ListItem","position":3,"name":"Pole Pro"}]},{"@type":"WebSite","@id":"https:\/\/v2charge.com\/store\/#website","url":"https:\/\/v2charge.com\/store\/","name":"V2C Store","description":"V2C Store","publisher":{"@id":"https:\/\/v2charge.com\/store\/#organization"},"potentialAction":[{"@type":"SearchAction","target":{"@type":"EntryPoint","urlTemplate":"https:\/\/v2charge.com\/store\/?s={search_term_string}"},"query-input":{"@type":"PropertyValueSpecification","valueRequired":true,"valueName":"search_term_string"}}],"inLanguage":"de"},{"@type":"Organization","@id":"https:\/\/v2charge.com\/store\/#organization","name":"V2C Store","url":"https:\/\/v2charge.com\/store\/","logo":{"@type":"ImageObject","inLanguage":"de","@id":"https:\/\/v2charge.com\/store\/#\/schema\/logo\/image\/","url":"https:\/\/v2charge.com\/store\/wp-content\/uploads\/2022\/08\/cropped-cropped-logotipo-v2c-store-1.png","contentUrl":"https:\/\/v2charge.com\/store\/wp-content\/uploads\/2022\/08\/cropped-cropped-logotipo-v2c-store-1.png","width":250,"height":65,"caption":"V2C Store"},"image":{"@id":"https:\/\/v2charge.com\/store\/#\/schema\/logo\/image\/"}}]}},"_links":{"self":[{"href":"https:\/\/v2charge.com\/store\/de\/wp-json\/wp\/v2\/product\/21198","targetHints":{"allow":["GET"]}}],"collection":[{"href":"https:\/\/v2charge.com\/store\/de\/wp-json\/wp\/v2\/product"}],"about":[{"href":"https:\/\/v2charge.com\/store\/de\/wp-json\/wp\/v2\/types\/product"}],"wp:featuredmedia":[{"embeddable":true,"href":"https:\/\/v2charge.com\/store\/de\/wp-json\/wp\/v2\/media\/21339"}],"wp:attachment":[{"href":"https:\/\/v2charge.com\/store\/de\/wp-json\/wp\/v2\/media?parent=21198"}],"wp:term":[{"taxonomy":"product_brand","embeddable":true,"href":"https:\/\/v2charge.com\/store\/de\/wp-json\/wp\/v2\/product_brand?post=21198"},{"taxonomy":"product_cat","embeddable":true,"href":"https:\/\/v2charge.com\/store\/de\/wp-json\/wp\/v2\/product_cat?post=21198"},{"taxonomy":"product_tag","embeddable":true,"href":"https:\/\/v2charge.com\/store\/de\/wp-json\/wp\/v2\/product_tag?post=21198"}],"curies":[{"name":"wp","href":"https:\/\/api.w.org\/{rel}","templated":true}]}}