{"id":21298,"date":"2026-04-09T14:30:40","date_gmt":"2026-04-09T14:30:40","guid":{"rendered":"https:\/\/v2charge.com\/store\/?post_type=product&#038;p=21298"},"modified":"2026-04-09T14:30:41","modified_gmt":"2026-04-09T14:30:41","slug":"ev-portable","status":"publish","type":"product","link":"https:\/\/v2charge.com\/store\/de\/produkt\/ev-portable\/","title":{"rendered":"EV Portable"},"content":{"rendered":"<p>EV Portable ist das mobile Ladeger\u00e4t, das <strong>unterwegs flexibel bleibt \u2013 ohne Umwege bei der Route<\/strong>. Leicht, kompakt und mit bis zu 22 kW Ladeleistung. So wird Laden auf Reisen planbar, ohne Stress. Das LCD-Display zeigt Einstellungen und Ladestatus in Echtzeit. Optionales Zubeh\u00f6r f\u00fcr den Netzanschluss l\u00e4sst sich direkt hinzuf\u00fcgen.<\/p>\n<h2>Allgemeine Merkmale<\/h2>\n<ul>\n<li>Farbe: Wei\u00df<\/li>\n<li>Material: ABS-Kunststoff<\/li>\n<li>Gewicht: 3 kg<\/li>\n<li>Display: 7\u201d<\/li>\n<li>Ausgang: Typ-2-Ladekabel (5 Meter)<\/li>\n<li>Betriebstemperatur: -10 \u00b0 bis 45 \u00b0<\/li>\n<li>Lagertemperatur: -40 \u00b0 bis 50 \u00b0<\/li>\n<\/ul>\n<h2>Elektrische Spezifikationen<\/h2>\n<ul>\n<li>Anschluss: Schuko \/ CEE-Industrie<\/li>\n<li>Netz: 230 V \/ 400 V<\/li>\n<li>Max. Ladestrom: 16 A \/ 32 AMobiler Charger mit hoher Leistung<\/li>\n<li>Max. Ladeleistung: 3,6 kW \/ 7,4 kW \/ 22 kW<\/li>\n<li>Einstellbarer Ladestrom: 6 A bis 32 A<\/li>\n<li>Nennfrequenz: 50 Hz \/ 60 Hz<\/li>\n<li>Schutzart: IP54 \/ IK10<\/li>\n<\/ul>\n<h2>Funktionale Merkmale<\/h2>\n<ul>\n<li>Auswahl des maximalen Ladestroms bis 32<\/li>\n<li>Ampere-Schrittwahl in 1-A-Schritten<\/li>\n<\/ul>\n","protected":false},"excerpt":{"rendered":"<p>EV Portable: mobiles Laden in kompakter Form. Leicht, handlich und \u00fcberall einsatzbereit. Dank Zubeh\u00f6r f\u00fcr den Netzanschluss an unterschiedliche Stromquellen anpassbar. Ausgang: <strong>Typ-2-Ladekabel<\/strong> (<strong>5 m<\/strong>).<\/p>\n","protected":false},"featured_media":21315,"template":"","meta":{"content-type":"","inline_featured_image":false},"product_brand":[],"product_cat":[165],"product_tag":[],"class_list":{"0":"post-21298","1":"product","2":"type-product","3":"status-publish","4":"has-post-thumbnail","6":"product_cat-wallboxen","8":"first","9":"instock","10":"taxable","11":"shipping-taxable","12":"purchasable","13":"product-type-variable"},"yoast_head":"<!-- This site is optimized with the Yoast SEO plugin v27.0 - https:\/\/yoast.com\/product\/yoast-seo-wordpress\/ -->\n<title>EV Portable: Mobile Wallbox f\u00fcr unterwegs | V2C<\/title>\n<meta name=\"description\" content=\"EV Portable ist die mobile Wallbox von V2C f\u00fcr flexibles Laden unterwegs, zu Hause oder am Zweitwohnsitz. Kompakt, praktisch und einfach einsetzbar.\" \/>\n<meta name=\"robots\" content=\"index, follow, max-snippet:-1, max-image-preview:large, max-video-preview:-1\" \/>\n<link rel=\"canonical\" href=\"https:\/\/v2charge.com\/store\/de\/produkt\/ev-portable\/\" \/>\n<meta property=\"og:locale\" content=\"de_DE\" \/>\n<meta property=\"og:type\" content=\"article\" \/>\n<meta property=\"og:title\" content=\"EV Portable: Mobile Wallbox f\u00fcr unterwegs | V2C\" \/>\n<meta property=\"og:description\" content=\"EV Portable ist die mobile Wallbox von V2C f\u00fcr flexibles Laden unterwegs, zu Hause oder am Zweitwohnsitz. Kompakt, praktisch und einfach einsetzbar.\" \/>\n<meta property=\"og:url\" content=\"https:\/\/v2charge.com\/store\/de\/produkt\/ev-portable\/\" \/>\n<meta property=\"og:site_name\" content=\"V2C Store\" \/>\n<meta property=\"article:modified_time\" content=\"2026-04-09T14:30:41+00:00\" \/>\n<meta property=\"og:image\" content=\"https:\/\/v2charge.com\/store\/wp-content\/uploads\/2026\/04\/EV-Portable-v2c-3.jpg\" \/>\n\t<meta property=\"og:image:width\" content=\"600\" \/>\n\t<meta property=\"og:image:height\" content=\"600\" \/>\n\t<meta property=\"og:image:type\" content=\"image\/jpeg\" \/>\n<meta name=\"twitter:card\" content=\"summary_large_image\" \/>\n<meta name=\"twitter:label1\" content=\"Gesch\u00e4tzte Lesezeit\" \/>\n\t<meta name=\"twitter:data1\" content=\"1\u00a0Minute\" \/>\n<script type=\"application\/ld+json\" class=\"yoast-schema-graph\">{\"@context\":\"https:\/\/schema.org\",\"@graph\":[{\"@type\":\"WebPage\",\"@id\":\"https:\/\/v2charge.com\/store\/de\/produkt\/ev-portable\/\",\"url\":\"https:\/\/v2charge.com\/store\/de\/produkt\/ev-portable\/\",\"name\":\"EV Portable: Mobile Wallbox f\u00fcr unterwegs | V2C\",\"isPartOf\":{\"@id\":\"https:\/\/v2charge.com\/store\/#website\"},\"primaryImageOfPage\":{\"@id\":\"https:\/\/v2charge.com\/store\/de\/produkt\/ev-portable\/#primaryimage\"},\"image\":{\"@id\":\"https:\/\/v2charge.com\/store\/de\/produkt\/ev-portable\/#primaryimage\"},\"thumbnailUrl\":\"https:\/\/v2charge.com\/store\/wp-content\/uploads\/2026\/04\/EV-Portable-v2c-3.jpg\",\"datePublished\":\"2026-04-09T14:30:40+00:00\",\"dateModified\":\"2026-04-09T14:30:41+00:00\",\"description\":\"EV Portable ist die mobile Wallbox von V2C f\u00fcr flexibles Laden unterwegs, zu Hause oder am Zweitwohnsitz. Kompakt, praktisch und einfach einsetzbar.\",\"breadcrumb\":{\"@id\":\"https:\/\/v2charge.com\/store\/de\/produkt\/ev-portable\/#breadcrumb\"},\"inLanguage\":\"de\",\"potentialAction\":[{\"@type\":\"ReadAction\",\"target\":[\"https:\/\/v2charge.com\/store\/de\/produkt\/ev-portable\/\"]}]},{\"@type\":\"ImageObject\",\"inLanguage\":\"de\",\"@id\":\"https:\/\/v2charge.com\/store\/de\/produkt\/ev-portable\/#primaryimage\",\"url\":\"https:\/\/v2charge.com\/store\/wp-content\/uploads\/2026\/04\/EV-Portable-v2c-3.jpg\",\"contentUrl\":\"https:\/\/v2charge.com\/store\/wp-content\/uploads\/2026\/04\/EV-Portable-v2c-3.jpg\",\"width\":600,\"height\":600,\"caption\":\"EV Portable V2C mobiles Laden\"},{\"@type\":\"BreadcrumbList\",\"@id\":\"https:\/\/v2charge.com\/store\/de\/produkt\/ev-portable\/#breadcrumb\",\"itemListElement\":[{\"@type\":\"ListItem\",\"position\":1,\"name\":\"Portada\",\"item\":\"https:\/\/v2charge.com\/store\/\"},{\"@type\":\"ListItem\",\"position\":2,\"name\":\"Online-Shop\",\"item\":\"https:\/\/v2charge.com\/store\/de\/online-shop\/\"},{\"@type\":\"ListItem\",\"position\":3,\"name\":\"EV Portable\"}]},{\"@type\":\"WebSite\",\"@id\":\"https:\/\/v2charge.com\/store\/#website\",\"url\":\"https:\/\/v2charge.com\/store\/\",\"name\":\"V2C Store\",\"description\":\"V2C Store\",\"publisher\":{\"@id\":\"https:\/\/v2charge.com\/store\/#organization\"},\"potentialAction\":[{\"@type\":\"SearchAction\",\"target\":{\"@type\":\"EntryPoint\",\"urlTemplate\":\"https:\/\/v2charge.com\/store\/?s={search_term_string}\"},\"query-input\":{\"@type\":\"PropertyValueSpecification\",\"valueRequired\":true,\"valueName\":\"search_term_string\"}}],\"inLanguage\":\"de\"},{\"@type\":\"Organization\",\"@id\":\"https:\/\/v2charge.com\/store\/#organization\",\"name\":\"V2C Store\",\"url\":\"https:\/\/v2charge.com\/store\/\",\"logo\":{\"@type\":\"ImageObject\",\"inLanguage\":\"de\",\"@id\":\"https:\/\/v2charge.com\/store\/#\/schema\/logo\/image\/\",\"url\":\"https:\/\/v2charge.com\/store\/wp-content\/uploads\/2022\/08\/cropped-cropped-logotipo-v2c-store-1.png\",\"contentUrl\":\"https:\/\/v2charge.com\/store\/wp-content\/uploads\/2022\/08\/cropped-cropped-logotipo-v2c-store-1.png\",\"width\":250,\"height\":65,\"caption\":\"V2C Store\"},\"image\":{\"@id\":\"https:\/\/v2charge.com\/store\/#\/schema\/logo\/image\/\"}}]}<\/script>\n<!-- \/ Yoast SEO plugin. -->","yoast_head_json":{"title":"EV Portable: Mobile Wallbox f\u00fcr unterwegs | V2C","description":"EV Portable ist die mobile Wallbox von V2C f\u00fcr flexibles Laden unterwegs, zu Hause oder am Zweitwohnsitz. Kompakt, praktisch und einfach einsetzbar.","robots":{"index":"index","follow":"follow","max-snippet":"max-snippet:-1","max-image-preview":"max-image-preview:large","max-video-preview":"max-video-preview:-1"},"canonical":"https:\/\/v2charge.com\/store\/de\/produkt\/ev-portable\/","og_locale":"de_DE","og_type":"article","og_title":"EV Portable: Mobile Wallbox f\u00fcr unterwegs | V2C","og_description":"EV Portable ist die mobile Wallbox von V2C f\u00fcr flexibles Laden unterwegs, zu Hause oder am Zweitwohnsitz. Kompakt, praktisch und einfach einsetzbar.","og_url":"https:\/\/v2charge.com\/store\/de\/produkt\/ev-portable\/","og_site_name":"V2C Store","article_modified_time":"2026-04-09T14:30:41+00:00","og_image":[{"width":600,"height":600,"url":"https:\/\/v2charge.com\/store\/wp-content\/uploads\/2026\/04\/EV-Portable-v2c-3.jpg","type":"image\/jpeg"}],"twitter_card":"summary_large_image","twitter_misc":{"Gesch\u00e4tzte Lesezeit":"1\u00a0Minute"},"schema":{"@context":"https:\/\/schema.org","@graph":[{"@type":"WebPage","@id":"https:\/\/v2charge.com\/store\/de\/produkt\/ev-portable\/","url":"https:\/\/v2charge.com\/store\/de\/produkt\/ev-portable\/","name":"EV Portable: Mobile Wallbox f\u00fcr unterwegs | V2C","isPartOf":{"@id":"https:\/\/v2charge.com\/store\/#website"},"primaryImageOfPage":{"@id":"https:\/\/v2charge.com\/store\/de\/produkt\/ev-portable\/#primaryimage"},"image":{"@id":"https:\/\/v2charge.com\/store\/de\/produkt\/ev-portable\/#primaryimage"},"thumbnailUrl":"https:\/\/v2charge.com\/store\/wp-content\/uploads\/2026\/04\/EV-Portable-v2c-3.jpg","datePublished":"2026-04-09T14:30:40+00:00","dateModified":"2026-04-09T14:30:41+00:00","description":"EV Portable ist die mobile Wallbox von V2C f\u00fcr flexibles Laden unterwegs, zu Hause oder am Zweitwohnsitz. Kompakt, praktisch und einfach einsetzbar.","breadcrumb":{"@id":"https:\/\/v2charge.com\/store\/de\/produkt\/ev-portable\/#breadcrumb"},"inLanguage":"de","potentialAction":[{"@type":"ReadAction","target":["https:\/\/v2charge.com\/store\/de\/produkt\/ev-portable\/"]}]},{"@type":"ImageObject","inLanguage":"de","@id":"https:\/\/v2charge.com\/store\/de\/produkt\/ev-portable\/#primaryimage","url":"https:\/\/v2charge.com\/store\/wp-content\/uploads\/2026\/04\/EV-Portable-v2c-3.jpg","contentUrl":"https:\/\/v2charge.com\/store\/wp-content\/uploads\/2026\/04\/EV-Portable-v2c-3.jpg","width":600,"height":600,"caption":"EV Portable V2C mobiles Laden"},{"@type":"BreadcrumbList","@id":"https:\/\/v2charge.com\/store\/de\/produkt\/ev-portable\/#breadcrumb","itemListElement":[{"@type":"ListItem","position":1,"name":"Portada","item":"https:\/\/v2charge.com\/store\/"},{"@type":"ListItem","position":2,"name":"Online-Shop","item":"https:\/\/v2charge.com\/store\/de\/online-shop\/"},{"@type":"ListItem","position":3,"name":"EV Portable"}]},{"@type":"WebSite","@id":"https:\/\/v2charge.com\/store\/#website","url":"https:\/\/v2charge.com\/store\/","name":"V2C Store","description":"V2C Store","publisher":{"@id":"https:\/\/v2charge.com\/store\/#organization"},"potentialAction":[{"@type":"SearchAction","target":{"@type":"EntryPoint","urlTemplate":"https:\/\/v2charge.com\/store\/?s={search_term_string}"},"query-input":{"@type":"PropertyValueSpecification","valueRequired":true,"valueName":"search_term_string"}}],"inLanguage":"de"},{"@type":"Organization","@id":"https:\/\/v2charge.com\/store\/#organization","name":"V2C Store","url":"https:\/\/v2charge.com\/store\/","logo":{"@type":"ImageObject","inLanguage":"de","@id":"https:\/\/v2charge.com\/store\/#\/schema\/logo\/image\/","url":"https:\/\/v2charge.com\/store\/wp-content\/uploads\/2022\/08\/cropped-cropped-logotipo-v2c-store-1.png","contentUrl":"https:\/\/v2charge.com\/store\/wp-content\/uploads\/2022\/08\/cropped-cropped-logotipo-v2c-store-1.png","width":250,"height":65,"caption":"V2C Store"},"image":{"@id":"https:\/\/v2charge.com\/store\/#\/schema\/logo\/image\/"}}]}},"_links":{"self":[{"href":"https:\/\/v2charge.com\/store\/de\/wp-json\/wp\/v2\/product\/21298","targetHints":{"allow":["GET"]}}],"collection":[{"href":"https:\/\/v2charge.com\/store\/de\/wp-json\/wp\/v2\/product"}],"about":[{"href":"https:\/\/v2charge.com\/store\/de\/wp-json\/wp\/v2\/types\/product"}],"wp:featuredmedia":[{"embeddable":true,"href":"https:\/\/v2charge.com\/store\/de\/wp-json\/wp\/v2\/media\/21315"}],"wp:attachment":[{"href":"https:\/\/v2charge.com\/store\/de\/wp-json\/wp\/v2\/media?parent=21298"}],"wp:term":[{"taxonomy":"product_brand","embeddable":true,"href":"https:\/\/v2charge.com\/store\/de\/wp-json\/wp\/v2\/product_brand?post=21298"},{"taxonomy":"product_cat","embeddable":true,"href":"https:\/\/v2charge.com\/store\/de\/wp-json\/wp\/v2\/product_cat?post=21298"},{"taxonomy":"product_tag","embeddable":true,"href":"https:\/\/v2charge.com\/store\/de\/wp-json\/wp\/v2\/product_tag?post=21298"}],"curies":[{"name":"wp","href":"https:\/\/api.w.org\/{rel}","templated":true}]}}