{"id":21464,"date":"2025-12-04T10:58:52","date_gmt":"2025-12-04T10:58:52","guid":{"rendered":"https:\/\/v2charge.com\/store\/product\/oasys\/"},"modified":"2026-04-10T13:53:29","modified_gmt":"2026-04-10T13:53:29","slug":"oasys","status":"publish","type":"product","link":"https:\/\/v2charge.com\/store\/de\/produkt\/oasys\/","title":{"rendered":"Oasys"},"content":{"rendered":"<p>Oasys ist das neue System von <strong><span class=\"notion-enable-hover\" data-token-index=\"1\">V2C Power<\/span><\/strong>, das Energie intelligent speichert und steuert. Batterien der neuesten Generation sind in einem <span class=\"notion-enable-hover\" data-token-index=\"3\">kompakten, skalierbaren <strong>All-in-one-System<\/strong><\/span> integriert.<\/p>\n<p><span class=\"notion-enable-hover\" data-token-index=\"5\">Leistungsstarke KI<\/span> analysiert, prognostiziert und optimiert den Energieeinsatz:<\/p>\n<ul>\n<li><span class=\"notion-enable-hover\" data-token-index=\"7\">Verbrauchsmuster<\/span> werden ausgewertet, damit Batterien zu den wirtschaftlichsten Zeitpunkten geladen werden \u2013 abh\u00e4ngig von Wetterdaten und Strompreisen.<\/li>\n<li>Energie wird in den <span class=\"notion-enable-hover\" data-token-index=\"9\">g\u00fcnstigsten Stunden<\/span> gespeichert und genutzt, wenn der Preis steigt.<\/li>\n<li>Lastspitzen werden mit <span class=\"notion-enable-hover\" data-token-index=\"11\">Peak Shaving<\/span> reduziert.<\/li>\n<li><span class=\"notion-enable-hover\" data-token-index=\"13\">PV-\u00dcberschuss<\/span> wird gespeichert, genutzt oder ins Netz eingespeist.<\/li>\n<li>Betrieb bleibt <span class=\"notion-enable-hover\" data-token-index=\"15\">unterbrechungsfrei<\/span>, auch bei einem m\u00f6glichen Stromausfall.\u00a0<!-- notionvc: 276ba044-016a-4470-a2b1-a1e50c7441dc --><\/li>\n<\/ul>\n<p>Oasys b\u00fcndelt alle Energiequellen: Betrieb mit Stromnetz, Photovoltaik und Generator, um Energieanlagen zu versorgen.<\/p>\n<p>Zus\u00e4tzlich lassen sich Erzeugung, Verbrauch und Speicherung \u00fcber die <span class=\"notion-enable-hover\" data-token-index=\"1\">V2C Cloud Software<\/span> verwalten.<\/p>\n<p><strong><span class=\"notion-enable-hover\" data-token-index=\"3\">Bis zu 40% pro Rechnung sparen und die Investition in Rekordzeit amortisieren! <\/span><\/strong><!-- notionvc: 0f43b073-6fc5-4e5c-8cc0-6edb38ee9eca --><\/p>\n","protected":false},"excerpt":{"rendered":"<p data-start=\"272\" data-end=\"548\">Oasys ist ein kompaktes, modular erweiterbares Batteriesystem der neuesten Generation: <strong><span class=\"notion-enable-hover\" data-token-index=\"1\">100 kWh Speicherkapazit\u00e4t<\/span> mit <span class=\"notion-enable-hover\" data-token-index=\"3\">50 kW Nennleistung<\/span><\/strong>.<\/p>\n<p data-start=\"272\" data-end=\"548\">Mit <strong><span class=\"notion-enable-hover\" data-token-index=\"5\">KI-gest\u00fctzter Software<\/span><\/strong> werden Energiefl\u00fcsse ausgewertet, prognostiziert und optimiert.<!-- notionvc: 716a5c8d-8e7f-4a39-a329-154cb3efbe37 --><\/p>\n<p data-start=\"550\" data-end=\"585\">\n","protected":false},"featured_media":21465,"template":"","meta":{"content-type":"","inline_featured_image":false},"product_brand":[],"product_cat":[167],"product_tag":[],"class_list":{"0":"post-21464","1":"product","2":"type-product","3":"status-publish","4":"has-post-thumbnail","6":"product_cat-uncategorized","8":"first","9":"instock","10":"taxable","11":"shipping-taxable","12":"purchasable","13":"product-type-simple"},"yoast_head":"<!-- This site is optimized with the Yoast SEO plugin v27.0 - https:\/\/yoast.com\/product\/yoast-seo-wordpress\/ -->\n<title>Oasys: Intelligenter Batteriespeicher | V2C<\/title>\n<meta name=\"description\" content=\"Batteriespeicher von V2C f\u00fcr mehr Kontrolle \u00fcber den Energieverbrauch zu Hause. Oasys unterst\u00fctzt ein effizientes Energiemanagement mit PV und Wallbox.\" \/>\n<meta name=\"robots\" content=\"index, follow, max-snippet:-1, max-image-preview:large, max-video-preview:-1\" \/>\n<link rel=\"canonical\" href=\"https:\/\/v2charge.com\/store\/de\/produkt\/oasys\/\" \/>\n<meta property=\"og:locale\" content=\"de_DE\" \/>\n<meta property=\"og:type\" content=\"article\" \/>\n<meta property=\"og:title\" content=\"Oasys: Intelligenter Batteriespeicher | V2C\" \/>\n<meta property=\"og:description\" content=\"Batteriespeicher von V2C f\u00fcr mehr Kontrolle \u00fcber den Energieverbrauch zu Hause. Oasys unterst\u00fctzt ein effizientes Energiemanagement mit PV und Wallbox.\" \/>\n<meta property=\"og:url\" content=\"https:\/\/v2charge.com\/store\/de\/produkt\/oasys\/\" \/>\n<meta property=\"og:site_name\" content=\"V2C Store\" \/>\n<meta property=\"article:modified_time\" content=\"2026-04-10T13:53:29+00:00\" \/>\n<meta property=\"og:image\" content=\"https:\/\/v2charge.com\/store\/wp-content\/uploads\/2025\/12\/oasys-v2c-power.jpg\" \/>\n\t<meta property=\"og:image:width\" content=\"1000\" \/>\n\t<meta property=\"og:image:height\" content=\"1000\" \/>\n\t<meta property=\"og:image:type\" content=\"image\/jpeg\" \/>\n<meta name=\"twitter:card\" content=\"summary_large_image\" \/>\n<meta name=\"twitter:label1\" content=\"Gesch\u00e4tzte Lesezeit\" \/>\n\t<meta name=\"twitter:data1\" content=\"1\u00a0Minute\" \/>\n<script type=\"application\/ld+json\" class=\"yoast-schema-graph\">{\"@context\":\"https:\/\/schema.org\",\"@graph\":[{\"@type\":\"WebPage\",\"@id\":\"https:\/\/v2charge.com\/store\/de\/produkt\/oasys\/\",\"url\":\"https:\/\/v2charge.com\/store\/de\/produkt\/oasys\/\",\"name\":\"Oasys: Intelligenter Batteriespeicher | V2C\",\"isPartOf\":{\"@id\":\"https:\/\/v2charge.com\/store\/#website\"},\"primaryImageOfPage\":{\"@id\":\"https:\/\/v2charge.com\/store\/de\/produkt\/oasys\/#primaryimage\"},\"image\":{\"@id\":\"https:\/\/v2charge.com\/store\/de\/produkt\/oasys\/#primaryimage\"},\"thumbnailUrl\":\"https:\/\/v2charge.com\/store\/wp-content\/uploads\/2025\/12\/oasys-v2c-power.jpg\",\"datePublished\":\"2025-12-04T10:58:52+00:00\",\"dateModified\":\"2026-04-10T13:53:29+00:00\",\"description\":\"Batteriespeicher von V2C f\u00fcr mehr Kontrolle \u00fcber den Energieverbrauch zu Hause. Oasys unterst\u00fctzt ein effizientes Energiemanagement mit PV und Wallbox.\",\"breadcrumb\":{\"@id\":\"https:\/\/v2charge.com\/store\/de\/produkt\/oasys\/#breadcrumb\"},\"inLanguage\":\"de\",\"potentialAction\":[{\"@type\":\"ReadAction\",\"target\":[\"https:\/\/v2charge.com\/store\/de\/produkt\/oasys\/\"]}]},{\"@type\":\"ImageObject\",\"inLanguage\":\"de\",\"@id\":\"https:\/\/v2charge.com\/store\/de\/produkt\/oasys\/#primaryimage\",\"url\":\"https:\/\/v2charge.com\/store\/wp-content\/uploads\/2025\/12\/oasys-v2c-power.jpg\",\"contentUrl\":\"https:\/\/v2charge.com\/store\/wp-content\/uploads\/2025\/12\/oasys-v2c-power.jpg\",\"width\":1000,\"height\":1000},{\"@type\":\"BreadcrumbList\",\"@id\":\"https:\/\/v2charge.com\/store\/de\/produkt\/oasys\/#breadcrumb\",\"itemListElement\":[{\"@type\":\"ListItem\",\"position\":1,\"name\":\"Portada\",\"item\":\"https:\/\/v2charge.com\/store\/de\/\"},{\"@type\":\"ListItem\",\"position\":2,\"name\":\"Online-Shop\",\"item\":\"https:\/\/v2charge.com\/store\/de\/online-shop\/\"},{\"@type\":\"ListItem\",\"position\":3,\"name\":\"Oasys\"}]},{\"@type\":\"WebSite\",\"@id\":\"https:\/\/v2charge.com\/store\/#website\",\"url\":\"https:\/\/v2charge.com\/store\/\",\"name\":\"V2C Store\",\"description\":\"V2C Store\",\"publisher\":{\"@id\":\"https:\/\/v2charge.com\/store\/#organization\"},\"potentialAction\":[{\"@type\":\"SearchAction\",\"target\":{\"@type\":\"EntryPoint\",\"urlTemplate\":\"https:\/\/v2charge.com\/store\/?s={search_term_string}\"},\"query-input\":{\"@type\":\"PropertyValueSpecification\",\"valueRequired\":true,\"valueName\":\"search_term_string\"}}],\"inLanguage\":\"de\"},{\"@type\":\"Organization\",\"@id\":\"https:\/\/v2charge.com\/store\/#organization\",\"name\":\"V2C Store\",\"url\":\"https:\/\/v2charge.com\/store\/\",\"logo\":{\"@type\":\"ImageObject\",\"inLanguage\":\"de\",\"@id\":\"https:\/\/v2charge.com\/store\/#\/schema\/logo\/image\/\",\"url\":\"https:\/\/v2charge.com\/store\/wp-content\/uploads\/2022\/08\/cropped-cropped-logotipo-v2c-store-1.png\",\"contentUrl\":\"https:\/\/v2charge.com\/store\/wp-content\/uploads\/2022\/08\/cropped-cropped-logotipo-v2c-store-1.png\",\"width\":250,\"height\":65,\"caption\":\"V2C Store\"},\"image\":{\"@id\":\"https:\/\/v2charge.com\/store\/#\/schema\/logo\/image\/\"}}]}<\/script>\n<!-- \/ Yoast SEO plugin. -->","yoast_head_json":{"title":"Oasys: Intelligenter Batteriespeicher | V2C","description":"Batteriespeicher von V2C f\u00fcr mehr Kontrolle \u00fcber den Energieverbrauch zu Hause. Oasys unterst\u00fctzt ein effizientes Energiemanagement mit PV und Wallbox.","robots":{"index":"index","follow":"follow","max-snippet":"max-snippet:-1","max-image-preview":"max-image-preview:large","max-video-preview":"max-video-preview:-1"},"canonical":"https:\/\/v2charge.com\/store\/de\/produkt\/oasys\/","og_locale":"de_DE","og_type":"article","og_title":"Oasys: Intelligenter Batteriespeicher | V2C","og_description":"Batteriespeicher von V2C f\u00fcr mehr Kontrolle \u00fcber den Energieverbrauch zu Hause. Oasys unterst\u00fctzt ein effizientes Energiemanagement mit PV und Wallbox.","og_url":"https:\/\/v2charge.com\/store\/de\/produkt\/oasys\/","og_site_name":"V2C Store","article_modified_time":"2026-04-10T13:53:29+00:00","og_image":[{"width":1000,"height":1000,"url":"https:\/\/v2charge.com\/store\/wp-content\/uploads\/2025\/12\/oasys-v2c-power.jpg","type":"image\/jpeg"}],"twitter_card":"summary_large_image","twitter_misc":{"Gesch\u00e4tzte Lesezeit":"1\u00a0Minute"},"schema":{"@context":"https:\/\/schema.org","@graph":[{"@type":"WebPage","@id":"https:\/\/v2charge.com\/store\/de\/produkt\/oasys\/","url":"https:\/\/v2charge.com\/store\/de\/produkt\/oasys\/","name":"Oasys: Intelligenter Batteriespeicher | V2C","isPartOf":{"@id":"https:\/\/v2charge.com\/store\/#website"},"primaryImageOfPage":{"@id":"https:\/\/v2charge.com\/store\/de\/produkt\/oasys\/#primaryimage"},"image":{"@id":"https:\/\/v2charge.com\/store\/de\/produkt\/oasys\/#primaryimage"},"thumbnailUrl":"https:\/\/v2charge.com\/store\/wp-content\/uploads\/2025\/12\/oasys-v2c-power.jpg","datePublished":"2025-12-04T10:58:52+00:00","dateModified":"2026-04-10T13:53:29+00:00","description":"Batteriespeicher von V2C f\u00fcr mehr Kontrolle \u00fcber den Energieverbrauch zu Hause. Oasys unterst\u00fctzt ein effizientes Energiemanagement mit PV und Wallbox.","breadcrumb":{"@id":"https:\/\/v2charge.com\/store\/de\/produkt\/oasys\/#breadcrumb"},"inLanguage":"de","potentialAction":[{"@type":"ReadAction","target":["https:\/\/v2charge.com\/store\/de\/produkt\/oasys\/"]}]},{"@type":"ImageObject","inLanguage":"de","@id":"https:\/\/v2charge.com\/store\/de\/produkt\/oasys\/#primaryimage","url":"https:\/\/v2charge.com\/store\/wp-content\/uploads\/2025\/12\/oasys-v2c-power.jpg","contentUrl":"https:\/\/v2charge.com\/store\/wp-content\/uploads\/2025\/12\/oasys-v2c-power.jpg","width":1000,"height":1000},{"@type":"BreadcrumbList","@id":"https:\/\/v2charge.com\/store\/de\/produkt\/oasys\/#breadcrumb","itemListElement":[{"@type":"ListItem","position":1,"name":"Portada","item":"https:\/\/v2charge.com\/store\/de\/"},{"@type":"ListItem","position":2,"name":"Online-Shop","item":"https:\/\/v2charge.com\/store\/de\/online-shop\/"},{"@type":"ListItem","position":3,"name":"Oasys"}]},{"@type":"WebSite","@id":"https:\/\/v2charge.com\/store\/#website","url":"https:\/\/v2charge.com\/store\/","name":"V2C Store","description":"V2C Store","publisher":{"@id":"https:\/\/v2charge.com\/store\/#organization"},"potentialAction":[{"@type":"SearchAction","target":{"@type":"EntryPoint","urlTemplate":"https:\/\/v2charge.com\/store\/?s={search_term_string}"},"query-input":{"@type":"PropertyValueSpecification","valueRequired":true,"valueName":"search_term_string"}}],"inLanguage":"de"},{"@type":"Organization","@id":"https:\/\/v2charge.com\/store\/#organization","name":"V2C Store","url":"https:\/\/v2charge.com\/store\/","logo":{"@type":"ImageObject","inLanguage":"de","@id":"https:\/\/v2charge.com\/store\/#\/schema\/logo\/image\/","url":"https:\/\/v2charge.com\/store\/wp-content\/uploads\/2022\/08\/cropped-cropped-logotipo-v2c-store-1.png","contentUrl":"https:\/\/v2charge.com\/store\/wp-content\/uploads\/2022\/08\/cropped-cropped-logotipo-v2c-store-1.png","width":250,"height":65,"caption":"V2C Store"},"image":{"@id":"https:\/\/v2charge.com\/store\/#\/schema\/logo\/image\/"}}]}},"_links":{"self":[{"href":"https:\/\/v2charge.com\/store\/de\/wp-json\/wp\/v2\/product\/21464","targetHints":{"allow":["GET"]}}],"collection":[{"href":"https:\/\/v2charge.com\/store\/de\/wp-json\/wp\/v2\/product"}],"about":[{"href":"https:\/\/v2charge.com\/store\/de\/wp-json\/wp\/v2\/types\/product"}],"wp:featuredmedia":[{"embeddable":true,"href":"https:\/\/v2charge.com\/store\/de\/wp-json\/wp\/v2\/media\/21465"}],"wp:attachment":[{"href":"https:\/\/v2charge.com\/store\/de\/wp-json\/wp\/v2\/media?parent=21464"}],"wp:term":[{"taxonomy":"product_brand","embeddable":true,"href":"https:\/\/v2charge.com\/store\/de\/wp-json\/wp\/v2\/product_brand?post=21464"},{"taxonomy":"product_cat","embeddable":true,"href":"https:\/\/v2charge.com\/store\/de\/wp-json\/wp\/v2\/product_cat?post=21464"},{"taxonomy":"product_tag","embeddable":true,"href":"https:\/\/v2charge.com\/store\/de\/wp-json\/wp\/v2\/product_tag?post=21464"}],"curies":[{"name":"wp","href":"https:\/\/api.w.org\/{rel}","templated":true}]}}