{"id":21556,"date":"2026-04-12T21:25:46","date_gmt":"2026-04-12T21:25:46","guid":{"rendered":"https:\/\/v2charge.com\/store\/?post_type=product&#038;p=21556"},"modified":"2026-04-16T13:03:06","modified_gmt":"2026-04-16T13:03:06","slug":"bidirektionaler-zaehler","status":"publish","type":"product","link":"https:\/\/v2charge.com\/store\/de\/produkt\/bidirektionaler-zaehler\/","title":{"rendered":"Bidirektionaler Z\u00e4hler + Stromzange(n) 120A"},"content":{"rendered":"<p class=\"font-claude-response-body break-words whitespace-normal leading-[1.7]\">Der bidirektionale Z\u00e4hler ist die zentrale Komponente, um das\u00a0<strong>dynamische Lastmanagement<\/strong>\u00a0Ihrer elektrischen Anlage auf die n\u00e4chste Stufe zu bringen.<br \/>\nDank seiner bidirektionalen Messf\u00e4higkeit \u00fcberwacht das Ger\u00e4t den Energiefluss in Echtzeit, sowohl den Haushaltsverbrauch als auch eventuelle Photovoltaik-\u00dcbersch\u00fcsse, und passt automatisch die zum Laden Ihres Elektrofahrzeugs verf\u00fcgbare Leistung an. So wird sichergestellt, dass die vertraglich vereinbarte Anschlussleistung nie \u00fcberschritten wird.<\/p>\n<h2 class=\"font-claude-response-body break-words whitespace-normal leading-[1.7]\">Wie der bidirektionale Z\u00e4hler funktioniert<\/h2>\n<p class=\"my-2 [&amp;+p]:mt-4 [&amp;_strong:has(+br)]:inline-block [&amp;_strong:has(+br)]:pb-2\">Nach der Installation im Sicherungskasten erfasst der Z\u00e4hler kontinuierlich den Stromfluss \u00fcber seine Stromzangen. Diese Daten werden direkt an den\u00a0<strong>Trydan \/ Trydan Pro<\/strong>\u00a0e-Charger \u00fcbermittelt, der die Ladeleistung des Fahrzeugs in Echtzeit an den aktuellen Energieverbrauch des Haushalts anpasst.<\/p>\n<p class=\"my-2 [&amp;+p]:mt-4 [&amp;_strong:has(+br)]:inline-block [&amp;_strong:has(+br)]:pb-2\">\u00dcber die kostenlose App\u00a0<strong>V2C Cloud<\/strong>\u00a0erhalten Sie pr\u00e4zise Echtzeitdaten zu Verbrauch, Erzeugung sowie Import und Export. Das Ergebnis: effizientes Laden ohne ausgel\u00f6ste Schutzschalter und ohne Energieverschwendung.<\/p>\n<h2 class=\"font-claude-response-body break-words whitespace-normal leading-[1.7]\">Zwei Versionen des bidirektionalen Z\u00e4hlers f\u00fcr jeden Installationstyp<\/h2>\n<p class=\"my-2 [&amp;+p]:mt-4 [&amp;_strong:has(+br)]:inline-block [&amp;_strong:has(+br)]:pb-2\">Der bidirektionale Z\u00e4hler ist in zwei Varianten erh\u00e4ltlich, abgestimmt auf die jeweilige Stromversorgung Ihres Haushalts:<\/p>\n<ul class=\"marker:text-quiet list-disc pl-8\">\n<li class=\"py-0 my-0 prose-p:pt-0 prose-p:mb-2 prose-p:my-0 [&amp;&gt;p]:pt-0 [&amp;&gt;p]:mb-2 [&amp;&gt;p]:my-0\">\n<p class=\"my-2 [&amp;+p]:mt-4 [&amp;_strong:has(+br)]:inline-block [&amp;_strong:has(+br)]:pb-2\"><strong>Einphasig + 1 Stromzange 120A<\/strong>\u00a0\u2013 Ideal f\u00fcr einphasige Installationen. Enth\u00e4lt eine 120A-Stromzange zur Messung der Hauptzuleitung Ihres Haushalts.<\/p>\n<\/li>\n<li class=\"py-0 my-0 prose-p:pt-0 prose-p:mb-2 prose-p:my-0 [&amp;&gt;p]:pt-0 [&amp;&gt;p]:mb-2 [&amp;&gt;p]:my-0\">\n<p class=\"my-2 [&amp;+p]:mt-4 [&amp;_strong:has(+br)]:inline-block [&amp;_strong:has(+br)]:pb-2\"><strong>Dreiphasig + 3 Stromzangen 120A<\/strong>\u00a0\u2013 Perfekt f\u00fcr dreiphasige Installationen. Enth\u00e4lt drei 120A-Stromzangen \u2013 eine pro Phase \u2013 f\u00fcr eine besonders pr\u00e4zise Erfassung der gesamten Anlage.<br \/>\n<strong>Installation des bidirektionalen V2C\u2011Z\u00e4hlers<\/strong><\/p>\n<\/li>\n<\/ul>\n<h2 class=\"font-claude-response-body break-words whitespace-normal leading-[1.7]\">Wie wird der bidirektionale V2C-Z\u00e4hler installiert?<\/h2>\n<p class=\"font-claude-response-body break-words whitespace-normal leading-[1.7]\">Lesen Sie die offizielle V2C-Supportdokumentation, um die Installation korrekt und sicher durchzuf\u00fchren:<\/p>\n<p class=\"font-claude-response-body break-words whitespace-normal leading-[1.7]\"><img decoding=\"async\" class=\"emoji\" role=\"img\" draggable=\"false\" src=\"https:\/\/s.w.org\/images\/core\/emoji\/17.0.2\/svg\/1f517.svg\" alt=\"\ud83d\udd17\" \/> <a href=\"https:\/\/v2charge.com\/de\/support\/leistungssteuerung\/dynamisches-lastmanagement\/\" target=\"_blank\" rel=\"noopener\">Dynamisches Lastmanagement \u2014 Allgemeine Anleitung<\/a><br \/>\n<img decoding=\"async\" class=\"emoji\" role=\"img\" draggable=\"false\" src=\"https:\/\/s.w.org\/images\/core\/emoji\/17.0.2\/svg\/1f517.svg\" alt=\"\ud83d\udd17\" \/> <a href=\"https:\/\/v2charge.com\/de\/support\/leistungssteuerung\/dynamisches-lastmanagement\/verkabelten-zahler\/#medidores-cableados\" target=\"_blank\" rel=\"noopener\">Wie wird der Z\u00e4hler installiert? \u2013 W\u00e4hlen Sie die Option &#8218;Eastron&#8216;<\/a><\/p>\n<p class=\"font-claude-response-body break-words whitespace-normal leading-[1.7]\">Nach der Installation erfolgt die Konfiguration des dynamischen Lastmanagements ganz einfach \u00fcber die\u00a0<strong>V2C Cloud<\/strong>\u2011App oder das Webportal, indem das passende Installationsschema gew\u00e4hlt wird, einphasig oder dreiphasig, mit oder ohne Photovoltaik.<\/p>\n","protected":false},"excerpt":{"rendered":"<p>Der bidirektionale Z\u00e4hler erm\u00f6glicht ein\u00a0<strong>dynamisches Lastmanagement<\/strong>\u00a0und sorgt daf\u00fcr, dass die vertraglich vereinbarte Leistung optimal zwischen dem Ladevorgang Ihres Elektrofahrzeugs und dem Haushaltsverbrauch verteilt wird.<\/p>\n<p>Erh\u00e4ltlich in zwei Versionen je nach Ihrer Installation: <strong>einphasig (1 Stromzange 120A) oder dreiphasig (3 Stromzangen 120A)<\/strong>.<\/p>\n","protected":false},"featured_media":21522,"template":"","meta":{"content-type":"","inline_featured_image":false},"product_brand":[],"product_cat":[171],"product_tag":[],"class_list":{"0":"post-21556","1":"product","2":"type-product","3":"status-publish","4":"has-post-thumbnail","6":"product_cat-zubehoer-de","8":"first","9":"instock","10":"taxable","11":"shipping-taxable","12":"purchasable","13":"product-type-variable"},"yoast_head":"<!-- This site is optimized with the Yoast SEO plugin v27.0 - https:\/\/yoast.com\/product\/yoast-seo-wordpress\/ -->\n<title>Bidirektionaler Z\u00e4hler + Stromzange(n) 120A - V2C<\/title>\n<meta name=\"description\" content=\"Kaufen Sie den Bidirektionalen Z\u00e4hler + Stromzange(n) 120A f\u00fcr die Dynamisches Lastmanagement Ihres e-Chargers | V2C Store\" \/>\n<meta name=\"robots\" content=\"index, follow, max-snippet:-1, max-image-preview:large, max-video-preview:-1\" \/>\n<link rel=\"canonical\" href=\"https:\/\/v2charge.com\/store\/de\/produkt\/bidirektionaler-zaehler\/\" \/>\n<meta property=\"og:locale\" content=\"de_DE\" \/>\n<meta property=\"og:type\" content=\"article\" \/>\n<meta property=\"og:title\" content=\"Bidirektionaler Z\u00e4hler + Stromzange(n) 120A - V2C\" \/>\n<meta property=\"og:description\" content=\"Kaufen Sie den Bidirektionalen Z\u00e4hler + Stromzange(n) 120A f\u00fcr die Dynamisches Lastmanagement Ihres e-Chargers | V2C Store\" \/>\n<meta property=\"og:url\" content=\"https:\/\/v2charge.com\/store\/de\/produkt\/bidirektionaler-zaehler\/\" \/>\n<meta property=\"og:site_name\" content=\"V2C Store\" \/>\n<meta property=\"article:modified_time\" content=\"2026-04-16T13:03:06+00:00\" \/>\n<meta property=\"og:image\" content=\"https:\/\/v2charge.com\/store\/wp-content\/uploads\/2026\/04\/v2c-bidirectional-single-phase-meter.jpg\" \/>\n\t<meta property=\"og:image:width\" content=\"600\" \/>\n\t<meta property=\"og:image:height\" content=\"600\" \/>\n\t<meta property=\"og:image:type\" content=\"image\/jpeg\" \/>\n<meta name=\"twitter:card\" content=\"summary_large_image\" \/>\n<meta name=\"twitter:label1\" content=\"Gesch\u00e4tzte Lesezeit\" \/>\n\t<meta name=\"twitter:data1\" content=\"3\u00a0Minuten\" \/>\n<script type=\"application\/ld+json\" class=\"yoast-schema-graph\">{\"@context\":\"https:\/\/schema.org\",\"@graph\":[{\"@type\":\"WebPage\",\"@id\":\"https:\/\/v2charge.com\/store\/de\/produkt\/bidirektionaler-zaehler\/\",\"url\":\"https:\/\/v2charge.com\/store\/de\/produkt\/bidirektionaler-zaehler\/\",\"name\":\"Bidirektionaler Z\u00e4hler + Stromzange(n) 120A - V2C\",\"isPartOf\":{\"@id\":\"https:\/\/v2charge.com\/store\/#website\"},\"primaryImageOfPage\":{\"@id\":\"https:\/\/v2charge.com\/store\/de\/produkt\/bidirektionaler-zaehler\/#primaryimage\"},\"image\":{\"@id\":\"https:\/\/v2charge.com\/store\/de\/produkt\/bidirektionaler-zaehler\/#primaryimage\"},\"thumbnailUrl\":\"https:\/\/v2charge.com\/store\/wp-content\/uploads\/2026\/04\/v2c-bidirectional-single-phase-meter.jpg\",\"datePublished\":\"2026-04-12T21:25:46+00:00\",\"dateModified\":\"2026-04-16T13:03:06+00:00\",\"description\":\"Kaufen Sie den Bidirektionalen Z\u00e4hler + Stromzange(n) 120A f\u00fcr die Dynamisches Lastmanagement Ihres e-Chargers | V2C Store\",\"breadcrumb\":{\"@id\":\"https:\/\/v2charge.com\/store\/de\/produkt\/bidirektionaler-zaehler\/#breadcrumb\"},\"inLanguage\":\"de\",\"potentialAction\":[{\"@type\":\"ReadAction\",\"target\":[\"https:\/\/v2charge.com\/store\/de\/produkt\/bidirektionaler-zaehler\/\"]}]},{\"@type\":\"ImageObject\",\"inLanguage\":\"de\",\"@id\":\"https:\/\/v2charge.com\/store\/de\/produkt\/bidirektionaler-zaehler\/#primaryimage\",\"url\":\"https:\/\/v2charge.com\/store\/wp-content\/uploads\/2026\/04\/v2c-bidirectional-single-phase-meter.jpg\",\"contentUrl\":\"https:\/\/v2charge.com\/store\/wp-content\/uploads\/2026\/04\/v2c-bidirectional-single-phase-meter.jpg\",\"width\":600,\"height\":600},{\"@type\":\"BreadcrumbList\",\"@id\":\"https:\/\/v2charge.com\/store\/de\/produkt\/bidirektionaler-zaehler\/#breadcrumb\",\"itemListElement\":[{\"@type\":\"ListItem\",\"position\":1,\"name\":\"Portada\",\"item\":\"https:\/\/v2charge.com\/store\/\"},{\"@type\":\"ListItem\",\"position\":2,\"name\":\"Online-Shop\",\"item\":\"https:\/\/v2charge.com\/store\/de\/online-shop\/\"},{\"@type\":\"ListItem\",\"position\":3,\"name\":\"Bidirektionaler Z\u00e4hler + Stromzange(n) 120A\"}]},{\"@type\":\"WebSite\",\"@id\":\"https:\/\/v2charge.com\/store\/#website\",\"url\":\"https:\/\/v2charge.com\/store\/\",\"name\":\"V2C Store\",\"description\":\"V2C Store\",\"publisher\":{\"@id\":\"https:\/\/v2charge.com\/store\/#organization\"},\"potentialAction\":[{\"@type\":\"SearchAction\",\"target\":{\"@type\":\"EntryPoint\",\"urlTemplate\":\"https:\/\/v2charge.com\/store\/?s={search_term_string}\"},\"query-input\":{\"@type\":\"PropertyValueSpecification\",\"valueRequired\":true,\"valueName\":\"search_term_string\"}}],\"inLanguage\":\"de\"},{\"@type\":\"Organization\",\"@id\":\"https:\/\/v2charge.com\/store\/#organization\",\"name\":\"V2C Store\",\"url\":\"https:\/\/v2charge.com\/store\/\",\"logo\":{\"@type\":\"ImageObject\",\"inLanguage\":\"de\",\"@id\":\"https:\/\/v2charge.com\/store\/#\/schema\/logo\/image\/\",\"url\":\"https:\/\/v2charge.com\/store\/wp-content\/uploads\/2022\/08\/cropped-cropped-logotipo-v2c-store-1.png\",\"contentUrl\":\"https:\/\/v2charge.com\/store\/wp-content\/uploads\/2022\/08\/cropped-cropped-logotipo-v2c-store-1.png\",\"width\":250,\"height\":65,\"caption\":\"V2C Store\"},\"image\":{\"@id\":\"https:\/\/v2charge.com\/store\/#\/schema\/logo\/image\/\"}}]}<\/script>\n<!-- \/ Yoast SEO plugin. -->","yoast_head_json":{"title":"Bidirektionaler Z\u00e4hler + Stromzange(n) 120A - V2C","description":"Kaufen Sie den Bidirektionalen Z\u00e4hler + Stromzange(n) 120A f\u00fcr die Dynamisches Lastmanagement Ihres e-Chargers | V2C Store","robots":{"index":"index","follow":"follow","max-snippet":"max-snippet:-1","max-image-preview":"max-image-preview:large","max-video-preview":"max-video-preview:-1"},"canonical":"https:\/\/v2charge.com\/store\/de\/produkt\/bidirektionaler-zaehler\/","og_locale":"de_DE","og_type":"article","og_title":"Bidirektionaler Z\u00e4hler + Stromzange(n) 120A - V2C","og_description":"Kaufen Sie den Bidirektionalen Z\u00e4hler + Stromzange(n) 120A f\u00fcr die Dynamisches Lastmanagement Ihres e-Chargers | V2C Store","og_url":"https:\/\/v2charge.com\/store\/de\/produkt\/bidirektionaler-zaehler\/","og_site_name":"V2C Store","article_modified_time":"2026-04-16T13:03:06+00:00","og_image":[{"width":600,"height":600,"url":"https:\/\/v2charge.com\/store\/wp-content\/uploads\/2026\/04\/v2c-bidirectional-single-phase-meter.jpg","type":"image\/jpeg"}],"twitter_card":"summary_large_image","twitter_misc":{"Gesch\u00e4tzte Lesezeit":"3\u00a0Minuten"},"schema":{"@context":"https:\/\/schema.org","@graph":[{"@type":"WebPage","@id":"https:\/\/v2charge.com\/store\/de\/produkt\/bidirektionaler-zaehler\/","url":"https:\/\/v2charge.com\/store\/de\/produkt\/bidirektionaler-zaehler\/","name":"Bidirektionaler Z\u00e4hler + Stromzange(n) 120A - V2C","isPartOf":{"@id":"https:\/\/v2charge.com\/store\/#website"},"primaryImageOfPage":{"@id":"https:\/\/v2charge.com\/store\/de\/produkt\/bidirektionaler-zaehler\/#primaryimage"},"image":{"@id":"https:\/\/v2charge.com\/store\/de\/produkt\/bidirektionaler-zaehler\/#primaryimage"},"thumbnailUrl":"https:\/\/v2charge.com\/store\/wp-content\/uploads\/2026\/04\/v2c-bidirectional-single-phase-meter.jpg","datePublished":"2026-04-12T21:25:46+00:00","dateModified":"2026-04-16T13:03:06+00:00","description":"Kaufen Sie den Bidirektionalen Z\u00e4hler + Stromzange(n) 120A f\u00fcr die Dynamisches Lastmanagement Ihres e-Chargers | V2C Store","breadcrumb":{"@id":"https:\/\/v2charge.com\/store\/de\/produkt\/bidirektionaler-zaehler\/#breadcrumb"},"inLanguage":"de","potentialAction":[{"@type":"ReadAction","target":["https:\/\/v2charge.com\/store\/de\/produkt\/bidirektionaler-zaehler\/"]}]},{"@type":"ImageObject","inLanguage":"de","@id":"https:\/\/v2charge.com\/store\/de\/produkt\/bidirektionaler-zaehler\/#primaryimage","url":"https:\/\/v2charge.com\/store\/wp-content\/uploads\/2026\/04\/v2c-bidirectional-single-phase-meter.jpg","contentUrl":"https:\/\/v2charge.com\/store\/wp-content\/uploads\/2026\/04\/v2c-bidirectional-single-phase-meter.jpg","width":600,"height":600},{"@type":"BreadcrumbList","@id":"https:\/\/v2charge.com\/store\/de\/produkt\/bidirektionaler-zaehler\/#breadcrumb","itemListElement":[{"@type":"ListItem","position":1,"name":"Portada","item":"https:\/\/v2charge.com\/store\/"},{"@type":"ListItem","position":2,"name":"Online-Shop","item":"https:\/\/v2charge.com\/store\/de\/online-shop\/"},{"@type":"ListItem","position":3,"name":"Bidirektionaler Z\u00e4hler + Stromzange(n) 120A"}]},{"@type":"WebSite","@id":"https:\/\/v2charge.com\/store\/#website","url":"https:\/\/v2charge.com\/store\/","name":"V2C Store","description":"V2C Store","publisher":{"@id":"https:\/\/v2charge.com\/store\/#organization"},"potentialAction":[{"@type":"SearchAction","target":{"@type":"EntryPoint","urlTemplate":"https:\/\/v2charge.com\/store\/?s={search_term_string}"},"query-input":{"@type":"PropertyValueSpecification","valueRequired":true,"valueName":"search_term_string"}}],"inLanguage":"de"},{"@type":"Organization","@id":"https:\/\/v2charge.com\/store\/#organization","name":"V2C Store","url":"https:\/\/v2charge.com\/store\/","logo":{"@type":"ImageObject","inLanguage":"de","@id":"https:\/\/v2charge.com\/store\/#\/schema\/logo\/image\/","url":"https:\/\/v2charge.com\/store\/wp-content\/uploads\/2022\/08\/cropped-cropped-logotipo-v2c-store-1.png","contentUrl":"https:\/\/v2charge.com\/store\/wp-content\/uploads\/2022\/08\/cropped-cropped-logotipo-v2c-store-1.png","width":250,"height":65,"caption":"V2C Store"},"image":{"@id":"https:\/\/v2charge.com\/store\/#\/schema\/logo\/image\/"}}]}},"_links":{"self":[{"href":"https:\/\/v2charge.com\/store\/de\/wp-json\/wp\/v2\/product\/21556","targetHints":{"allow":["GET"]}}],"collection":[{"href":"https:\/\/v2charge.com\/store\/de\/wp-json\/wp\/v2\/product"}],"about":[{"href":"https:\/\/v2charge.com\/store\/de\/wp-json\/wp\/v2\/types\/product"}],"wp:featuredmedia":[{"embeddable":true,"href":"https:\/\/v2charge.com\/store\/de\/wp-json\/wp\/v2\/media\/21522"}],"wp:attachment":[{"href":"https:\/\/v2charge.com\/store\/de\/wp-json\/wp\/v2\/media?parent=21556"}],"wp:term":[{"taxonomy":"product_brand","embeddable":true,"href":"https:\/\/v2charge.com\/store\/de\/wp-json\/wp\/v2\/product_brand?post=21556"},{"taxonomy":"product_cat","embeddable":true,"href":"https:\/\/v2charge.com\/store\/de\/wp-json\/wp\/v2\/product_cat?post=21556"},{"taxonomy":"product_tag","embeddable":true,"href":"https:\/\/v2charge.com\/store\/de\/wp-json\/wp\/v2\/product_tag?post=21556"}],"curies":[{"name":"wp","href":"https:\/\/api.w.org\/{rel}","templated":true}]}}