{"id":12,"date":"2022-09-02T08:04:12","date_gmt":"2022-09-02T08:04:12","guid":{"rendered":"https:\/\/v2charge.com\/shop\/?page_id=12"},"modified":"2025-09-08T06:09:45","modified_gmt":"2025-09-08T06:09:45","slug":"condiciones","status":"publish","type":"page","link":"https:\/\/v2charge.com\/store\/es\/condiciones\/","title":{"rendered":"Condiciones de env\u00edo y devoluciones"},"content":{"rendered":"\n<h2 class=\"wp-block-heading\">ENV\u00cdO<\/h2>\n\n\n\n<p>Una vez recibido el pago, tramitamos el pedido para que recibas el producto en la direcci\u00f3n indicada en un <strong>plazo de 3-5 d\u00edas laborales<\/strong>.<\/p>\n\n\n\n<p><strong>El env\u00edo es totalmente gratuito en pedidos superiores a 200\u20ac.<\/strong><\/p>\n\n\n\n<h2 class=\"wp-block-heading\">DEVOLUCIONES<\/h2>\n\n\n\n<p>Puedes devolver el producto en un plazo de 15 d\u00edas naturales a partir del d\u00eda siguiente a la recepci\u00f3n del pedido conforme a las normas de venta a distancia.&nbsp;<\/p>\n\n\n\n<p><strong>Requisitos:<\/strong><\/p>\n\n\n\n<p>Es necesario que nos contactes V2C a trav\u00e9s del tel\u00e9fono +34 96 065 45 54 o del correo info@v2charge.com para indicar el motivo de la devoluci\u00f3n y proceder a su devoluci\u00f3n.<\/p>\n\n\n\n<p>Toda mercanc\u00eda debe ser devuelta en su embalaje y condiciones originales, en perfecto estado y protegida, evitando pegatinas, precintos o cintas adhesivas directamente sobre la superficie o embalaje del art\u00edculo. En caso contrario, V2C se reserva el derecho de rechazar la devoluci\u00f3n.<\/p>\n\n\n\n<p>En este plazo de 15 d\u00edas, el equipo no debe haber sido utilizado, manipulado o desprecintado. De lo contrario, ser\u00e1 motivo de no aceptar la devoluci\u00f3n. <\/p>\n\n\n\n<p>Los gastos de transporte originados por la devoluci\u00f3n correr\u00e1n a tu cargo. Adem\u00e1s, se descontar\u00e1 12,00\u20ac de la cantidad a reembolsar por los gastos del env\u00edo realizado por V2C.<\/p>\n\n\n\n<p>Recibida la mercanc\u00eda por V2C, y comprobada que se encuentra en perfectas condiciones, se tramitar\u00e1 la devoluci\u00f3n del importe. Realizaremos el abono en un plazo m\u00e1ximo de 10 d\u00edas naturales desde la recepci\u00f3n del producto. La forma de reembolso ser\u00e1 la misma que el m\u00e9todo de pago.<\/p>\n","protected":false},"excerpt":{"rendered":"<p>ENV\u00cdO Una vez recibido el pago, tramitamos el pedido para que recibas el producto en la direcci\u00f3n indicada en un plazo de 3-5 d\u00edas laborales. El env\u00edo es totalmente gratuito en pedidos superiores a 200\u20ac. DEVOLUCIONES Puedes devolver el producto en un plazo de 15 d\u00edas naturales a partir del d\u00eda siguiente a la recepci\u00f3n<a class=\"more-link\" href=\"https:\/\/v2charge.com\/store\/es\/condiciones\/\">Read more  &#10230;<\/a><\/p>\n","protected":false},"author":1,"featured_media":0,"parent":0,"menu_order":0,"comment_status":"closed","ping_status":"closed","template":"","meta":{"content-type":"","inline_featured_image":false,"footnotes":""},"class_list":["post-12","page","type-page","status-publish","hentry"],"yoast_head":"<!-- This site is optimized with the Yoast SEO plugin v27.0 - https:\/\/yoast.com\/product\/yoast-seo-wordpress\/ -->\n<title>Condiciones de env\u00edo y devoluciones - V2C Store<\/title>\n<meta name=\"robots\" content=\"noindex, follow\" \/>\n<meta property=\"og:locale\" content=\"es_ES\" \/>\n<meta property=\"og:type\" content=\"article\" \/>\n<meta property=\"og:title\" content=\"Condiciones de env\u00edo y devoluciones - V2C Store\" \/>\n<meta property=\"og:description\" content=\"ENV\u00cdO Una vez recibido el pago, tramitamos el pedido para que recibas el producto en la direcci\u00f3n indicada en un plazo de 3-5 d\u00edas laborales. El env\u00edo es totalmente gratuito en pedidos superiores a 200\u20ac. DEVOLUCIONES Puedes devolver el producto en un plazo de 15 d\u00edas naturales a partir del d\u00eda siguiente a la recepci\u00f3nRead more &#10230;\" \/>\n<meta property=\"og:url\" content=\"https:\/\/v2charge.com\/store\/es\/condiciones\/\" \/>\n<meta property=\"og:site_name\" content=\"V2C Store\" \/>\n<meta property=\"article:modified_time\" content=\"2025-09-08T06:09:45+00:00\" \/>\n<meta name=\"twitter:card\" content=\"summary_large_image\" \/>\n<meta name=\"twitter:label1\" content=\"Tiempo de lectura\" \/>\n\t<meta name=\"twitter:data1\" content=\"2 minutos\" \/>\n<script type=\"application\/ld+json\" class=\"yoast-schema-graph\">{\"@context\":\"https:\/\/schema.org\",\"@graph\":[{\"@type\":\"WebPage\",\"@id\":\"https:\/\/v2charge.com\/store\/es\/condiciones\/\",\"url\":\"https:\/\/v2charge.com\/store\/es\/condiciones\/\",\"name\":\"Condiciones de env\u00edo y devoluciones - V2C Store\",\"isPartOf\":{\"@id\":\"https:\/\/v2charge.com\/store\/#website\"},\"datePublished\":\"2022-09-02T08:04:12+00:00\",\"dateModified\":\"2025-09-08T06:09:45+00:00\",\"breadcrumb\":{\"@id\":\"https:\/\/v2charge.com\/store\/es\/condiciones\/#breadcrumb\"},\"inLanguage\":\"es\",\"potentialAction\":[{\"@type\":\"ReadAction\",\"target\":[\"https:\/\/v2charge.com\/store\/es\/condiciones\/\"]}]},{\"@type\":\"BreadcrumbList\",\"@id\":\"https:\/\/v2charge.com\/store\/es\/condiciones\/#breadcrumb\",\"itemListElement\":[{\"@type\":\"ListItem\",\"position\":1,\"name\":\"Portada\",\"item\":\"https:\/\/v2charge.com\/store\/es\/\"},{\"@type\":\"ListItem\",\"position\":2,\"name\":\"Condiciones de env\u00edo y devoluciones\"}]},{\"@type\":\"WebSite\",\"@id\":\"https:\/\/v2charge.com\/store\/#website\",\"url\":\"https:\/\/v2charge.com\/store\/\",\"name\":\"V2C Store\",\"description\":\"V2C Store\",\"publisher\":{\"@id\":\"https:\/\/v2charge.com\/store\/#organization\"},\"potentialAction\":[{\"@type\":\"SearchAction\",\"target\":{\"@type\":\"EntryPoint\",\"urlTemplate\":\"https:\/\/v2charge.com\/store\/?s={search_term_string}\"},\"query-input\":{\"@type\":\"PropertyValueSpecification\",\"valueRequired\":true,\"valueName\":\"search_term_string\"}}],\"inLanguage\":\"es\"},{\"@type\":\"Organization\",\"@id\":\"https:\/\/v2charge.com\/store\/#organization\",\"name\":\"V2C Store\",\"url\":\"https:\/\/v2charge.com\/store\/\",\"logo\":{\"@type\":\"ImageObject\",\"inLanguage\":\"es\",\"@id\":\"https:\/\/v2charge.com\/store\/#\/schema\/logo\/image\/\",\"url\":\"https:\/\/v2charge.com\/store\/wp-content\/uploads\/2022\/08\/cropped-cropped-logotipo-v2c-store-1.png\",\"contentUrl\":\"https:\/\/v2charge.com\/store\/wp-content\/uploads\/2022\/08\/cropped-cropped-logotipo-v2c-store-1.png\",\"width\":250,\"height\":65,\"caption\":\"V2C Store\"},\"image\":{\"@id\":\"https:\/\/v2charge.com\/store\/#\/schema\/logo\/image\/\"}}]}<\/script>\n<!-- \/ Yoast SEO plugin. -->","yoast_head_json":{"title":"Condiciones de env\u00edo y devoluciones - V2C Store","robots":{"index":"noindex","follow":"follow"},"og_locale":"es_ES","og_type":"article","og_title":"Condiciones de env\u00edo y devoluciones - V2C Store","og_description":"ENV\u00cdO Una vez recibido el pago, tramitamos el pedido para que recibas el producto en la direcci\u00f3n indicada en un plazo de 3-5 d\u00edas laborales. El env\u00edo es totalmente gratuito en pedidos superiores a 200\u20ac. DEVOLUCIONES Puedes devolver el producto en un plazo de 15 d\u00edas naturales a partir del d\u00eda siguiente a la recepci\u00f3nRead more &#10230;","og_url":"https:\/\/v2charge.com\/store\/es\/condiciones\/","og_site_name":"V2C Store","article_modified_time":"2025-09-08T06:09:45+00:00","twitter_card":"summary_large_image","twitter_misc":{"Tiempo de lectura":"2 minutos"},"schema":{"@context":"https:\/\/schema.org","@graph":[{"@type":"WebPage","@id":"https:\/\/v2charge.com\/store\/es\/condiciones\/","url":"https:\/\/v2charge.com\/store\/es\/condiciones\/","name":"Condiciones de env\u00edo y devoluciones - V2C Store","isPartOf":{"@id":"https:\/\/v2charge.com\/store\/#website"},"datePublished":"2022-09-02T08:04:12+00:00","dateModified":"2025-09-08T06:09:45+00:00","breadcrumb":{"@id":"https:\/\/v2charge.com\/store\/es\/condiciones\/#breadcrumb"},"inLanguage":"es","potentialAction":[{"@type":"ReadAction","target":["https:\/\/v2charge.com\/store\/es\/condiciones\/"]}]},{"@type":"BreadcrumbList","@id":"https:\/\/v2charge.com\/store\/es\/condiciones\/#breadcrumb","itemListElement":[{"@type":"ListItem","position":1,"name":"Portada","item":"https:\/\/v2charge.com\/store\/es\/"},{"@type":"ListItem","position":2,"name":"Condiciones de env\u00edo y devoluciones"}]},{"@type":"WebSite","@id":"https:\/\/v2charge.com\/store\/#website","url":"https:\/\/v2charge.com\/store\/","name":"V2C Store","description":"V2C Store","publisher":{"@id":"https:\/\/v2charge.com\/store\/#organization"},"potentialAction":[{"@type":"SearchAction","target":{"@type":"EntryPoint","urlTemplate":"https:\/\/v2charge.com\/store\/?s={search_term_string}"},"query-input":{"@type":"PropertyValueSpecification","valueRequired":true,"valueName":"search_term_string"}}],"inLanguage":"es"},{"@type":"Organization","@id":"https:\/\/v2charge.com\/store\/#organization","name":"V2C Store","url":"https:\/\/v2charge.com\/store\/","logo":{"@type":"ImageObject","inLanguage":"es","@id":"https:\/\/v2charge.com\/store\/#\/schema\/logo\/image\/","url":"https:\/\/v2charge.com\/store\/wp-content\/uploads\/2022\/08\/cropped-cropped-logotipo-v2c-store-1.png","contentUrl":"https:\/\/v2charge.com\/store\/wp-content\/uploads\/2022\/08\/cropped-cropped-logotipo-v2c-store-1.png","width":250,"height":65,"caption":"V2C Store"},"image":{"@id":"https:\/\/v2charge.com\/store\/#\/schema\/logo\/image\/"}}]}},"_links":{"self":[{"href":"https:\/\/v2charge.com\/store\/es\/wp-json\/wp\/v2\/pages\/12","targetHints":{"allow":["GET"]}}],"collection":[{"href":"https:\/\/v2charge.com\/store\/es\/wp-json\/wp\/v2\/pages"}],"about":[{"href":"https:\/\/v2charge.com\/store\/es\/wp-json\/wp\/v2\/types\/page"}],"author":[{"embeddable":true,"href":"https:\/\/v2charge.com\/store\/es\/wp-json\/wp\/v2\/users\/1"}],"replies":[{"embeddable":true,"href":"https:\/\/v2charge.com\/store\/es\/wp-json\/wp\/v2\/comments?post=12"}],"version-history":[{"count":6,"href":"https:\/\/v2charge.com\/store\/es\/wp-json\/wp\/v2\/pages\/12\/revisions"}],"predecessor-version":[{"id":15753,"href":"https:\/\/v2charge.com\/store\/es\/wp-json\/wp\/v2\/pages\/12\/revisions\/15753"}],"wp:attachment":[{"href":"https:\/\/v2charge.com\/store\/es\/wp-json\/wp\/v2\/media?parent=12"}],"curies":[{"name":"wp","href":"https:\/\/api.w.org\/{rel}","templated":true}]}}