{"id":8583,"date":"2022-09-02T08:55:05","date_gmt":"2022-09-02T08:55:05","guid":{"rendered":"https:\/\/v2charge.com\/shop\/?page_id=8583"},"modified":"2025-05-20T11:15:14","modified_gmt":"2025-05-20T11:15:14","slug":"aviso-legal","status":"publish","type":"page","link":"https:\/\/v2charge.com\/store\/es\/aviso-legal\/","title":{"rendered":"Aviso legal"},"content":{"rendered":"\n<h2 class=\"wp-block-heading\">Condiciones generales<\/h2>\n\n\n\n<p><strong>v2charge.com\/store\/<\/strong>&nbsp;es un servicio en propiedad y administrado por Negocios Inteligentes 7Experience, S.L. con C.I.F. B98496706 con domicilio fiscal y social en Avenida Cam\u00ed Nou 268 Xirivella 46950. <\/p>\n\n\n\n<p>Las presentes condiciones generales rigen exclusivamente la venta por parte de Negocios Inteligentes 7Experience, S.L de los productos presentados en su sitio web www.v2charge.com\/store\/ y que los productos que se ofertan en www.v2charge.com\/store\/ est\u00e1n reservados principalmente a particulares.<\/p>\n\n\n\n<p>La confirmaci\u00f3n del pedido de un producto ofertado en la p\u00e1gina web www.v2charge.com\/store\/ implica que el cliente acepta expresamente las presentes Condiciones Generales sin la necesidad de firmar para confirmar la aceptaci\u00f3n.<\/p>\n\n\n\n<p>Mediante la aceptaci\u00f3n del presente contrato, el cliente declara:<\/p>\n\n\n\n<p>a) que es una persona mayor de edad y con capacidad para contratar.<\/p>\n\n\n\n<p>b) que ha le\u00eddo y acepta las presentes Condiciones Generales.<\/p>\n\n\n\n<h2 class=\"wp-block-heading\">1. PRECIOS<\/h2>\n\n\n\n<p>1.1 &#8211; Los precios de los productos ofertados se expresan en euros (\u20ac), con todos los impuestos incluidos. Posibles gastos de gesti\u00f3n y env\u00edo no est\u00e1n incluidos, su importe se indicar\u00e1 en el momento de la confirmaci\u00f3n definitiva de cada pedido.<\/p>\n\n\n\n<p>1.2 \u2013 Negocios Inteligentes 7Experience, S.L. se reserva el derecho de modificar sus precios en todo momento. Los productos se facturar\u00e1n sobre la base de las tarifas vigentes en el momento en que se registra el pedido.<\/p>\n\n\n\n<p>1.3 &#8211; Los productos ser\u00e1n propiedad de Negocios Inteligentes 7Experience, S.L. hasta que se abone por completo su precio a Negocios Inteligentes 7Experience, S.L..<\/p>\n\n\n\n<h2 class=\"wp-block-heading\">2. PEDIDOS<\/h2>\n\n\n\n<p>Los pedidos efectuados en internet a trav\u00e9s de www.v2charge.com\/store\/ conllevan unos datos contractuales entre el cliente y Negocios Inteligentes 7Experience, S.L que ser\u00e1n confirmados y recopilados antes de la realizaci\u00f3n del env\u00edo.<br><\/p>\n\n\n\n<p>Negocios Inteligentes 7Experience, S.L se reserva el derecho de cancelar o rechazar cualquier pedido de un cliente con el que mantenga un litigio respecto al pago de un pedido anterior.<\/p>\n\n\n\n<p>Negocios Inteligentes 7Experience, S.L se compromete a aceptar \u00f3rdenes de pedidos de acuerdo a los t\u00e9rminos de las Condiciones Generales aqu\u00ed expuestas.<\/p>\n\n\n\n<p>El cliente declara conocer y aceptar las presentes Condiciones Generales antes de confirmar sus pedidos.<\/p>\n\n\n\n<p>La confirmaci\u00f3n de un pedido implica, por lo tanto, la aceptaci\u00f3n de estas Condiciones Generales. A no ser que se demuestre lo contrario los datos registrados por Negocios Inteligentes 7Experience, S.L constituyen una prueba del conjunto de transacciones realizadas entre Negocios Inteligentes 7Experience, S.L y sus clientes.<\/p>\n\n\n\n<p>Negocios Inteligentes 7Experience, S.L har\u00e1 siempre todo lo posible por gestionar todos los pedidos.<\/p>\n\n\n\n<h2 class=\"wp-block-heading\">3. DISPONIBILIDAD<\/h2>\n\n\n\n<p>Las ofertas de productos y precios son v\u00e1lidas mientras est\u00e1n expuestos en el sitio web www.v2charge.com\/store\/&nbsp;y siempre en funci\u00f3n de las existencias disponibles.<\/p>\n\n\n\n<p>Para los productos que no se encuentren en nuestros almacenes nuestras ofertas y precios son v\u00e1lidos con la condici\u00f3n de que exista disponibilidad por parte de nuestros proveedores.<\/p>\n\n\n\n<p>Dentro de este marco se facilitar\u00e1n indicaciones sobre la disponibilidad de los productos en el momento en que se procese cada pedido.<\/p>\n\n\n\n<p>En el caso de que el producto no est\u00e9 disponible tras el procesamiento de un pedido se informar\u00e1 al cliente por correo electr\u00f3nico o por tel\u00e9fono de la entrega de s\u00f3lo una parte de su pedido, o bien de la cancelaci\u00f3n del mismo. El cliente recibir\u00e1 la devoluci\u00f3n del importe completo o parcial de su pedido en un plazo m\u00e1ximo de 30 d\u00edas a partir de la realizaci\u00f3n del pedido.<\/p>\n\n\n\n<h2 class=\"wp-block-heading\">4. PAGO<\/h2>\n\n\n\n<h2 class=\"wp-block-heading\">4.1 FORMA DE PAGO<\/h2>\n\n\n\n<p>El pago de cualquier compra en www.v2charge.com\/store\/ puede efectuarse mediante tarjeta de cr\u00e9dito\/d\u00e9bito (Visa, Mastercard, American Express, Visa Electr\u00f3n y\/o otras tarjetas an\u00e1logas, mediante transferencia bancaria a la cuenta ES02 0049 1736 74 2010047706 o mediante el sistema PayPal.<\/p>\n\n\n\n<p>El cargo se efectuar\u00e1 en la cuenta del cliente tras la confirmaci\u00f3n del acuerdo entre los centros de pago.<\/p>\n\n\n\n<p>Todas las transacciones de compra en www.v2charge.com\/store\/ se desarrollan dentro de un estricto marco de confidencialidad y cifrado con protocolo SSL. En el momento en que pulsas el bot\u00f3n \u00abValidar\u00bb o similar durante la confirmaci\u00f3n del pedido, el banco verifica la validez del n\u00famero de la tarjeta de cr\u00e9dito\/d\u00e9bito y comprueba que no est\u00e9 bloqueada.<\/p>\n\n\n\n<p>Negocios Inteligentes 7Experience, S.L no tiene en ning\u00fan caso acceso a los datos bancarios del cliente o socio ni los guarda en sus servidores. Por este motivo el cliente deber\u00e1 facilitarlos de nuevo cada vez que realices una nueva compra en nuestra tienda online. De esta forma se obtiene una doble protecci\u00f3n contra abusos y fraudes.<\/p>\n\n\n\n<h2 class=\"wp-block-heading\">4.2 PAGO SEGURO<\/h2>\n\n\n\n<p>En conformidad con nuestro compromiso respecto a la seguridad de los pagos informamos a nuestros clientes de que Negocios Inteligentes 7Experience, S.L verifica la fiabilidad de los datos facilitados durante la realizaci\u00f3n de un pedido. Este proceso forma parte de nuestra lucha contra el fraude en los modos de pago por Internet y para proteger al conjunto de los consumidores.<\/p>\n\n\n\n<p>Negocios Inteligentes 7Experience, S.L est\u00e1 usando un proceso de verificaci\u00f3n con el objetivo de impedir la utilizaci\u00f3n fraudulenta de los datos bancarios de nuestros clientes. Por esa raz\u00f3n Negocios Inteligentes 7Experience, S.L se reserva el derecho de solicitar a sus clientes el env\u00edo (por fax o correo postal) de una copia de ambas caras de su documento nacional de identidad, as\u00ed como de un justificante de su domicilio de menos de tres meses de antig\u00fcedad. No se podr\u00e1 enviar ning\u00fan pedido antes de la recepci\u00f3n y la comprobaci\u00f3n de dichos documentos. Los documentos solicitados deber\u00e1n enviarse en un plazo de seis d\u00edas h\u00e1biles. Negocios Inteligentes 7Experience, S.L se reserva el derecho de efectuar el reembolso de dicho pedido si no recibe los documentos mencionados anteriormente, o si \u00e9stos no son v\u00e1lidos.<\/p>\n\n\n\n<h2 class=\"wp-block-heading\">5. ENVIOS<\/h2>\n\n\n\n<p>Consulte nuestras&nbsp;<a href=\"https:\/\/v2charge.com\/shop\/condiciones\/\">Pol\u00edticas de Env\u00edos<\/a>&nbsp;para conocer los plazos de entrega y tarifas de env\u00edo.<\/p>\n\n\n\n<h2 class=\"wp-block-heading\">6. CANCELACI\u00d3N Y DEVOLUCI\u00d3N<\/h2>\n\n\n\n<p>Negocios Inteligentes 7Experience, S.L se reserva el derecho de cancelar un pedido recibido tanto parcial como completamente en los siguientes casos:<br>&#8211; el producto pedido no est\u00e1 en stock<br>&#8211; no se ha recibido ning\u00fan pago del pedido o solo se ha recibido un pago parcial<br>&#8211; el pedido no est\u00e1 conforme con las aqu\u00ed presentes Condiciones Generales<br><br>El cliente tiene el derecho de cancelar o devolver su pedido. Para m\u00e1s informaci\u00f3n consulte nuestras&nbsp;<a href=\"https:\/\/v2charge.com\/shop\/condiciones\/\">Pol\u00edticas de Cancelaci\u00f3n y Devoluci\u00f3n<\/a>.<\/p>\n\n\n\n<h2 class=\"wp-block-heading\">7. GARANT\u00cdA<\/h2>\n\n\n\n<p>En el caso de que has recibido un producto err\u00f3neo o defectuoso, lo sentimos mucho. Ponte en contacto con nuestro servicio al cliente o a trav\u00e9s de&nbsp;<a href=\"mailto:foodlovers@gastronomicspain.com\">info@v2charge.com<\/a>. Te indicaremos c\u00f3mo efectuar la devoluci\u00f3n de forma sencilla.<br><\/p>\n\n\n\n<h2 class=\"wp-block-heading\">8. PRODUCTOS<\/h2>\n\n\n\n<p>Los productos ofertados en Negocios Inteligentes 7Experience, S.L se adec\u00faan a la legislaci\u00f3n espa\u00f1ola vigente y a las normas aplicables en Espa\u00f1a.<\/p>\n\n\n\n<p>Negocios Inteligentes 7Experience, S.L har\u00e1 todo lo posible para que las im\u00e1genes fotogr\u00e1ficas de sus productos representen fielmente los productos ofertados. Asimismo, cada producto va acompa\u00f1ado de una descripci\u00f3n exacta de sus caracter\u00edsticas principales.<br><\/p>\n\n\n\n<h2 class=\"wp-block-heading\">9. MODIFICACIONES<\/h2>\n\n\n\n<p>La informaci\u00f3n que aparece en www.v2charge.com\/store\/ es la vigente en la fecha de su \u00faltima actualizaci\u00f3n. Negocios Inteligentes 7Experience, S.L se reserva el derecho a actualizar, modificar o eliminar la informaci\u00f3n de esta p\u00e1gina web.<\/p>\n\n\n\n<p>No se podr\u00e1 alterar, cambiar, modificar o adaptar este sitio web. Sin embargo Negocios Inteligentes 7Experience, S.L se reserva la facultad de realizar, en cualquier momento, cuantos cambios y modificaciones estime convenientes, pudiendo hacer uso de tal facultad en cualquier momento y sin previo aviso, en lo referente a la disponibilidad de sus productos y campa\u00f1as.<\/p>\n\n\n\n<p>Negocios Inteligentes 7Experience, S.L se reserva la facultad de modificar unilateralmente las Condiciones Generales, as\u00ed como las condiciones y t\u00e9rminos de uso de esta p\u00e1gina web. Cualquier modificaci\u00f3n de los mismos se anunciar\u00e1 convenientemente. La entrada en vigor de las modificaciones de las condiciones de uso se producir\u00e1 desde el momento de su publicaci\u00f3n en esta p\u00e1gina web.<\/p>\n\n\n\n<h2 class=\"wp-block-heading\">10. PROTECCI\u00d3N DE DATOS PERSONALES<\/h2>\n\n\n\n<p>Consulte nuestra&nbsp;<a href=\"https:\/\/v2charge.com\/shop\/politica-privacidad\/\">Pol\u00edtica de Privacidad<\/a>.<br><br><\/p>\n\n\n\n<h2 class=\"wp-block-heading\">11. TARJETAS FRAUDULENTAS<\/h2>\n\n\n\n<p>Este comerciante se compromete a no permitir ninguna transacci\u00f3n que sea ilegal, o se considere por las&nbsp;marcas de&nbsp;tarjetas de cr\u00e9dito o el banco adquiriente, que pueda o tenga el potencial de da\u00f1ar la buena voluntad de los mismos o influir de manera negativa en ellos. Las siguientes actividades est\u00e1n prohibidas en virtud de los programas de las marcas de tarjetas: la venta u oferta de un producto o servicio que no sea de plena conformidad con todas las leyes aplicables al Comprador, Banco Emisor, Comerciante, Titular de la tarjeta, o tarjetas.<\/p>\n","protected":false},"excerpt":{"rendered":"<p>Condiciones generales v2charge.com\/store\/&nbsp;es un servicio en propiedad y administrado por Negocios Inteligentes 7Experience, S.L. con C.I.F. B98496706 con domicilio fiscal y social en Avenida Cam\u00ed Nou 268 Xirivella 46950. Las presentes condiciones generales rigen exclusivamente la venta por parte de Negocios Inteligentes 7Experience, S.L de los productos presentados en su sitio web www.v2charge.com\/store\/ y que<a class=\"more-link\" href=\"https:\/\/v2charge.com\/store\/es\/aviso-legal\/\">Read more  &#10230;<\/a><\/p>\n","protected":false},"author":1,"featured_media":0,"parent":0,"menu_order":0,"comment_status":"closed","ping_status":"closed","template":"","meta":{"content-type":"","inline_featured_image":false,"footnotes":""},"class_list":["post-8583","page","type-page","status-publish","hentry"],"yoast_head":"<!-- This site is optimized with the Yoast SEO plugin v27.0 - https:\/\/yoast.com\/product\/yoast-seo-wordpress\/ -->\n<title>Aviso legal - V2C Store<\/title>\n<meta name=\"robots\" content=\"noindex, follow\" \/>\n<meta property=\"og:locale\" content=\"es_ES\" \/>\n<meta property=\"og:type\" content=\"article\" \/>\n<meta property=\"og:title\" content=\"Aviso legal - V2C Store\" \/>\n<meta property=\"og:description\" content=\"Condiciones generales v2charge.com\/store\/&nbsp;es un servicio en propiedad y administrado por Negocios Inteligentes 7Experience, S.L. con C.I.F. B98496706 con domicilio fiscal y social en Avenida Cam\u00ed Nou 268 Xirivella 46950. Las presentes condiciones generales rigen exclusivamente la venta por parte de Negocios Inteligentes 7Experience, S.L de los productos presentados en su sitio web www.v2charge.com\/store\/ y queRead more &#10230;\" \/>\n<meta property=\"og:url\" content=\"https:\/\/v2charge.com\/store\/es\/aviso-legal\/\" \/>\n<meta property=\"og:site_name\" content=\"V2C Store\" \/>\n<meta property=\"article:modified_time\" content=\"2025-05-20T11:15:14+00:00\" \/>\n<meta name=\"twitter:card\" content=\"summary_large_image\" \/>\n<script type=\"application\/ld+json\" class=\"yoast-schema-graph\">{\"@context\":\"https:\/\/schema.org\",\"@graph\":[{\"@type\":\"WebPage\",\"@id\":\"https:\/\/v2charge.com\/store\/es\/aviso-legal\/\",\"url\":\"https:\/\/v2charge.com\/store\/es\/aviso-legal\/\",\"name\":\"Aviso legal - V2C Store\",\"isPartOf\":{\"@id\":\"https:\/\/v2charge.com\/store\/#website\"},\"datePublished\":\"2022-09-02T08:55:05+00:00\",\"dateModified\":\"2025-05-20T11:15:14+00:00\",\"breadcrumb\":{\"@id\":\"https:\/\/v2charge.com\/store\/es\/aviso-legal\/#breadcrumb\"},\"inLanguage\":\"es\",\"potentialAction\":[{\"@type\":\"ReadAction\",\"target\":[\"https:\/\/v2charge.com\/store\/es\/aviso-legal\/\"]}]},{\"@type\":\"BreadcrumbList\",\"@id\":\"https:\/\/v2charge.com\/store\/es\/aviso-legal\/#breadcrumb\",\"itemListElement\":[{\"@type\":\"ListItem\",\"position\":1,\"name\":\"Portada\",\"item\":\"https:\/\/v2charge.com\/store\/es\/\"},{\"@type\":\"ListItem\",\"position\":2,\"name\":\"Aviso legal\"}]},{\"@type\":\"WebSite\",\"@id\":\"https:\/\/v2charge.com\/store\/#website\",\"url\":\"https:\/\/v2charge.com\/store\/\",\"name\":\"V2C Store\",\"description\":\"V2C Store\",\"publisher\":{\"@id\":\"https:\/\/v2charge.com\/store\/#organization\"},\"potentialAction\":[{\"@type\":\"SearchAction\",\"target\":{\"@type\":\"EntryPoint\",\"urlTemplate\":\"https:\/\/v2charge.com\/store\/?s={search_term_string}\"},\"query-input\":{\"@type\":\"PropertyValueSpecification\",\"valueRequired\":true,\"valueName\":\"search_term_string\"}}],\"inLanguage\":\"es\"},{\"@type\":\"Organization\",\"@id\":\"https:\/\/v2charge.com\/store\/#organization\",\"name\":\"V2C Store\",\"url\":\"https:\/\/v2charge.com\/store\/\",\"logo\":{\"@type\":\"ImageObject\",\"inLanguage\":\"es\",\"@id\":\"https:\/\/v2charge.com\/store\/#\/schema\/logo\/image\/\",\"url\":\"https:\/\/v2charge.com\/store\/wp-content\/uploads\/2022\/08\/cropped-cropped-logotipo-v2c-store-1.png\",\"contentUrl\":\"https:\/\/v2charge.com\/store\/wp-content\/uploads\/2022\/08\/cropped-cropped-logotipo-v2c-store-1.png\",\"width\":250,\"height\":65,\"caption\":\"V2C Store\"},\"image\":{\"@id\":\"https:\/\/v2charge.com\/store\/#\/schema\/logo\/image\/\"}}]}<\/script>\n<!-- \/ Yoast SEO plugin. -->","yoast_head_json":{"title":"Aviso legal - V2C Store","robots":{"index":"noindex","follow":"follow"},"og_locale":"es_ES","og_type":"article","og_title":"Aviso legal - V2C Store","og_description":"Condiciones generales v2charge.com\/store\/&nbsp;es un servicio en propiedad y administrado por Negocios Inteligentes 7Experience, S.L. con C.I.F. B98496706 con domicilio fiscal y social en Avenida Cam\u00ed Nou 268 Xirivella 46950. Las presentes condiciones generales rigen exclusivamente la venta por parte de Negocios Inteligentes 7Experience, S.L de los productos presentados en su sitio web www.v2charge.com\/store\/ y queRead more &#10230;","og_url":"https:\/\/v2charge.com\/store\/es\/aviso-legal\/","og_site_name":"V2C Store","article_modified_time":"2025-05-20T11:15:14+00:00","twitter_card":"summary_large_image","schema":{"@context":"https:\/\/schema.org","@graph":[{"@type":"WebPage","@id":"https:\/\/v2charge.com\/store\/es\/aviso-legal\/","url":"https:\/\/v2charge.com\/store\/es\/aviso-legal\/","name":"Aviso legal - V2C Store","isPartOf":{"@id":"https:\/\/v2charge.com\/store\/#website"},"datePublished":"2022-09-02T08:55:05+00:00","dateModified":"2025-05-20T11:15:14+00:00","breadcrumb":{"@id":"https:\/\/v2charge.com\/store\/es\/aviso-legal\/#breadcrumb"},"inLanguage":"es","potentialAction":[{"@type":"ReadAction","target":["https:\/\/v2charge.com\/store\/es\/aviso-legal\/"]}]},{"@type":"BreadcrumbList","@id":"https:\/\/v2charge.com\/store\/es\/aviso-legal\/#breadcrumb","itemListElement":[{"@type":"ListItem","position":1,"name":"Portada","item":"https:\/\/v2charge.com\/store\/es\/"},{"@type":"ListItem","position":2,"name":"Aviso legal"}]},{"@type":"WebSite","@id":"https:\/\/v2charge.com\/store\/#website","url":"https:\/\/v2charge.com\/store\/","name":"V2C Store","description":"V2C Store","publisher":{"@id":"https:\/\/v2charge.com\/store\/#organization"},"potentialAction":[{"@type":"SearchAction","target":{"@type":"EntryPoint","urlTemplate":"https:\/\/v2charge.com\/store\/?s={search_term_string}"},"query-input":{"@type":"PropertyValueSpecification","valueRequired":true,"valueName":"search_term_string"}}],"inLanguage":"es"},{"@type":"Organization","@id":"https:\/\/v2charge.com\/store\/#organization","name":"V2C Store","url":"https:\/\/v2charge.com\/store\/","logo":{"@type":"ImageObject","inLanguage":"es","@id":"https:\/\/v2charge.com\/store\/#\/schema\/logo\/image\/","url":"https:\/\/v2charge.com\/store\/wp-content\/uploads\/2022\/08\/cropped-cropped-logotipo-v2c-store-1.png","contentUrl":"https:\/\/v2charge.com\/store\/wp-content\/uploads\/2022\/08\/cropped-cropped-logotipo-v2c-store-1.png","width":250,"height":65,"caption":"V2C Store"},"image":{"@id":"https:\/\/v2charge.com\/store\/#\/schema\/logo\/image\/"}}]}},"_links":{"self":[{"href":"https:\/\/v2charge.com\/store\/es\/wp-json\/wp\/v2\/pages\/8583","targetHints":{"allow":["GET"]}}],"collection":[{"href":"https:\/\/v2charge.com\/store\/es\/wp-json\/wp\/v2\/pages"}],"about":[{"href":"https:\/\/v2charge.com\/store\/es\/wp-json\/wp\/v2\/types\/page"}],"author":[{"embeddable":true,"href":"https:\/\/v2charge.com\/store\/es\/wp-json\/wp\/v2\/users\/1"}],"replies":[{"embeddable":true,"href":"https:\/\/v2charge.com\/store\/es\/wp-json\/wp\/v2\/comments?post=8583"}],"version-history":[{"count":2,"href":"https:\/\/v2charge.com\/store\/es\/wp-json\/wp\/v2\/pages\/8583\/revisions"}],"predecessor-version":[{"id":14349,"href":"https:\/\/v2charge.com\/store\/es\/wp-json\/wp\/v2\/pages\/8583\/revisions\/14349"}],"wp:attachment":[{"href":"https:\/\/v2charge.com\/store\/es\/wp-json\/wp\/v2\/media?parent=8583"}],"curies":[{"name":"wp","href":"https:\/\/api.w.org\/{rel}","templated":true}]}}