{"id":8845,"date":"2023-03-13T15:33:20","date_gmt":"2023-03-13T15:33:20","guid":{"rendered":"https:\/\/v2charge.com\/store\/?page_id=8845"},"modified":"2026-04-07T14:34:38","modified_gmt":"2026-04-07T14:34:38","slug":"accesorios","status":"publish","type":"page","link":"https:\/\/v2charge.com\/store\/es\/accesorios\/","title":{"rendered":"ACCESORIOS"},"content":{"rendered":"\n<h1 class=\"wp-block-heading has-text-align-center\">Accesorios<\/h1>\n\n\n<div data-block-name=\"woocommerce\/product-category\" data-categories=\"[43]\" data-columns=\"4\" data-content-visibility=\"{&quot;image&quot;:true,&quot;title&quot;:true,&quot;price&quot;:true,&quot;rating&quot;:false,&quot;button&quot;:true}\" class=\"wc-block-grid wp-block-product-category wp-block-woocommerce-product-category wc-block-product-category has-4-columns has-multiple-rows\"><ul class=\"wc-block-grid__products\"><li class=\"wc-block-grid__product\">\n\t\t\t\t<a href=\"https:\/\/v2charge.com\/store\/es\/producto\/tarjeta-rfid\/\" class=\"wc-block-grid__product-link\">\n\t\t\t\t\t\n\t\t\t\t\t<div class=\"wc-block-grid__product-image\"><img fetchpriority=\"high\" decoding=\"async\" width=\"362\" height=\"503\" src=\"https:\/\/v2charge.com\/store\/wp-content\/uploads\/2025\/05\/rfid-v2c-362x503.jpg\" class=\"attachment-woocommerce_thumbnail size-woocommerce_thumbnail\" alt=\"Tarjeta RFID\" \/><\/div>\n\t\t\t\t\t<div class=\"wc-block-grid__product-title\">Tarjeta RFID<\/div>\n\t\t\t\t<\/a>\n\t\t\t\t<div class=\"wc-block-grid__product-price price\"><span class=\"woocommerce-Price-amount amount\">3.45<span class=\"woocommerce-Price-currencySymbol\">&euro;<\/span><\/span><\/div>\n\t\t\t\t\n\t\t\t\t<div class=\"wp-block-button wc-block-grid__product-add-to-cart\"><a href=\"\/store\/es\/wp-json\/wp\/v2\/pages\/8845?add-to-cart=14238\" aria-label=\"A\u00f1adir al carrito: &ldquo;Tarjeta RFID&rdquo;\" data-quantity=\"1\" data-product_id=\"14238\" data-product_sku=\"\" data-price=\"3.45\" rel=\"nofollow\" class=\"wp-block-button__link  add_to_cart_button ajax_add_to_cart\">A\u00f1adir al carrito<\/a><\/div>\n\t\t\t<\/li><li class=\"wc-block-grid__product\">\n\t\t\t\t<a href=\"https:\/\/v2charge.com\/store\/es\/producto\/pedestal\/\" class=\"wc-block-grid__product-link\">\n\t\t\t\t\t\n\t\t\t\t\t<div class=\"wc-block-grid__product-image\"><img decoding=\"async\" width=\"362\" height=\"503\" src=\"https:\/\/v2charge.com\/store\/wp-content\/uploads\/2023\/11\/single-pedestal-general-362x503.jpg\" class=\"attachment-woocommerce_thumbnail size-woocommerce_thumbnail\" alt=\"Pedestal para Trydan\/Trydan Pro\" \/><\/div>\n\t\t\t\t\t<div class=\"wc-block-grid__product-title\">Pedestal para Trydan\/Trydan Pro<\/div>\n\t\t\t\t<\/a>\n\t\t\t\t<div class=\"wc-block-grid__product-price price\"><span class=\"woocommerce-Price-amount amount\" aria-hidden=\"true\">282.90<span class=\"woocommerce-Price-currencySymbol\">&euro;<\/span><\/span> <span aria-hidden=\"true\">&#8211;<\/span> <span class=\"woocommerce-Price-amount amount\" aria-hidden=\"true\">363.70<span class=\"woocommerce-Price-currencySymbol\">&euro;<\/span><\/span><span class=\"screen-reader-text\">Rango de precios: desde 282.90&euro; hasta 363.70&euro;<\/span><\/div>\n\t\t\t\t\n\t\t\t\t<div class=\"wp-block-button wc-block-grid__product-add-to-cart\"><a href=\"https:\/\/v2charge.com\/store\/es\/producto\/pedestal\/\" aria-label=\"Elige las opciones para &ldquo;Pedestal para Trydan\/Trydan Pro&rdquo;\" data-quantity=\"1\" data-product_id=\"10240\" data-product_sku=\"V2C-PED\" data-price=\"282.9\" rel=\"nofollow\" class=\"wp-block-button__link  add_to_cart_button\">Seleccionar opciones<\/a><\/div>\n\t\t\t<\/li><li class=\"wc-block-grid__product\">\n\t\t\t\t<a href=\"https:\/\/v2charge.com\/store\/es\/producto\/soporte-cable\/\" class=\"wc-block-grid__product-link\">\n\t\t\t\t\t\n\t\t\t\t\t<div class=\"wc-block-grid__product-image\"><img decoding=\"async\" width=\"362\" height=\"503\" src=\"https:\/\/v2charge.com\/store\/wp-content\/uploads\/2023\/11\/soporte-cable-cargador-coche-electrico-362x503.jpg\" class=\"attachment-woocommerce_thumbnail size-woocommerce_thumbnail\" alt=\"Soporte para cable cargador de coche el\u00e9ctrico\" \/><\/div>\n\t\t\t\t\t<div class=\"wc-block-grid__product-title\">Soporte para cable<\/div>\n\t\t\t\t<\/a>\n\t\t\t\t<div class=\"wc-block-grid__product-price price\"><span class=\"woocommerce-Price-amount amount\">38.41<span class=\"woocommerce-Price-currencySymbol\">&euro;<\/span><\/span><\/div>\n\t\t\t\t\n\t\t\t\t<div class=\"wp-block-button wc-block-grid__product-add-to-cart\"><a href=\"\/store\/es\/wp-json\/wp\/v2\/pages\/8845?add-to-cart=10220\" aria-label=\"A\u00f1adir al carrito: &ldquo;Soporte para cable&rdquo;\" data-quantity=\"1\" data-product_id=\"10220\" data-product_sku=\"V2C-SOP\" data-price=\"38.41\" rel=\"nofollow\" class=\"wp-block-button__link  add_to_cart_button ajax_add_to_cart\">A\u00f1adir al carrito<\/a><\/div>\n\t\t\t<\/li><li class=\"wc-block-grid__product\">\n\t\t\t\t<a href=\"https:\/\/v2charge.com\/store\/es\/producto\/soporte-techo-trydan\/\" class=\"wc-block-grid__product-link\">\n\t\t\t\t\t\n\t\t\t\t\t<div class=\"wc-block-grid__product-image\"><img loading=\"lazy\" decoding=\"async\" width=\"362\" height=\"503\" src=\"https:\/\/v2charge.com\/store\/wp-content\/uploads\/2023\/07\/trydan-soporte-techo-362x503.jpg\" class=\"attachment-woocommerce_thumbnail size-woocommerce_thumbnail\" alt=\"Soporte de techo para el cargador de coche el\u00e9ctrico Trydan\" \/><\/div>\n\t\t\t\t\t<div class=\"wc-block-grid__product-title\">Soporte de techo para Trydan\/Trydan Pro<\/div>\n\t\t\t\t<\/a>\n\t\t\t\t<div class=\"wc-block-grid__product-price price\"><span class=\"woocommerce-Price-amount amount\">135.00<span class=\"woocommerce-Price-currencySymbol\">&euro;<\/span><\/span><\/div>\n\t\t\t\t\n\t\t\t\t<div class=\"wp-block-button wc-block-grid__product-add-to-cart\"><a href=\"\/store\/es\/wp-json\/wp\/v2\/pages\/8845?add-to-cart=9446\" aria-label=\"A\u00f1adir al carrito: &ldquo;Soporte de techo para Trydan\/Trydan Pro&rdquo;\" data-quantity=\"1\" data-product_id=\"9446\" data-product_sku=\"V2C-ROOF\" data-price=\"135\" rel=\"nofollow\" class=\"wp-block-button__link  add_to_cart_button ajax_add_to_cart\">A\u00f1adir al carrito<\/a><\/div>\n\t\t\t<\/li><li class=\"wc-block-grid__product\">\n\t\t\t\t<a href=\"https:\/\/v2charge.com\/store\/es\/producto\/cubierta-proteccion-exterior\/\" class=\"wc-block-grid__product-link\">\n\t\t\t\t\t\n\t\t\t\t\t<div class=\"wc-block-grid__product-image\"><img loading=\"lazy\" decoding=\"async\" width=\"362\" height=\"503\" src=\"https:\/\/v2charge.com\/store\/wp-content\/uploads\/2023\/03\/cubierta_cargador_trydan-362x503.jpg\" class=\"attachment-woocommerce_thumbnail size-woocommerce_thumbnail\" alt=\"Cubierta para cargador Trydan\" \/><\/div>\n\t\t\t\t\t<div class=\"wc-block-grid__product-title\">Cubierta de protecci\u00f3n exterior para Trydan\/Trydan Pro<\/div>\n\t\t\t\t<\/a>\n\t\t\t\t<div class=\"wc-block-grid__product-price price\"><span class=\"woocommerce-Price-amount amount\">101.04<span class=\"woocommerce-Price-currencySymbol\">&euro;<\/span><\/span><\/div>\n\t\t\t\t\n\t\t\t\t<div class=\"wp-block-button wc-block-grid__product-add-to-cart\"><a href=\"\/store\/es\/wp-json\/wp\/v2\/pages\/8845?add-to-cart=8836\" aria-label=\"A\u00f1adir al carrito: &ldquo;Cubierta de protecci\u00f3n exterior para Trydan\/Trydan Pro&rdquo;\" data-quantity=\"1\" data-product_id=\"8836\" data-product_sku=\"V2C-TRY-COVER\" data-price=\"101.04\" rel=\"nofollow\" class=\"wp-block-button__link  add_to_cart_button ajax_add_to_cart\">A\u00f1adir al carrito<\/a><\/div>\n\t\t\t<\/li><li class=\"wc-block-grid__product\">\n\t\t\t\t<a href=\"https:\/\/v2charge.com\/store\/es\/producto\/pinza-fotovoltaica-100a\/\" class=\"wc-block-grid__product-link\">\n\t\t\t\t\t\n\t\t\t\t\t<div class=\"wc-block-grid__product-image\"><img loading=\"lazy\" decoding=\"async\" width=\"362\" height=\"503\" src=\"https:\/\/v2charge.com\/store\/wp-content\/uploads\/2023\/01\/pinza-control-dinamico-potencia-362x503.jpg\" class=\"attachment-woocommerce_thumbnail size-woocommerce_thumbnail\" alt=\"Pinza control din\u00e1mico de potencia\" \/><\/div>\n\t\t\t\t\t<div class=\"wc-block-grid__product-title\">Pinza control din\u00e1mico de potencia para fotovoltaica 100A<\/div>\n\t\t\t\t<\/a>\n\t\t\t\t<div class=\"wc-block-grid__product-price price\"><span class=\"woocommerce-Price-amount amount\">26.27<span class=\"woocommerce-Price-currencySymbol\">&euro;<\/span><\/span><\/div>\n\t\t\t\t\n\t\t\t\t<div class=\"wp-block-button wc-block-grid__product-add-to-cart\"><a href=\"\/store\/es\/wp-json\/wp\/v2\/pages\/8845?add-to-cart=8772\" aria-label=\"A\u00f1adir al carrito: &ldquo;Pinza control din\u00e1mico de potencia para fotovoltaica 100A&rdquo;\" data-quantity=\"1\" data-product_id=\"8772\" data-product_sku=\"\" data-price=\"26.27\" rel=\"nofollow\" class=\"wp-block-button__link  add_to_cart_button ajax_add_to_cart\">A\u00f1adir al carrito<\/a><\/div>\n\t\t\t<\/li><\/ul><\/div>","protected":false},"excerpt":{"rendered":"<p>Accesorios<\/p>\n","protected":false},"author":1,"featured_media":0,"parent":0,"menu_order":0,"comment_status":"closed","ping_status":"closed","template":"","meta":{"content-type":"","inline_featured_image":false,"footnotes":""},"class_list":["post-8845","page","type-page","status-publish","hentry"],"yoast_head":"<!-- This site is optimized with the Yoast SEO plugin v27.0 - https:\/\/yoast.com\/product\/yoast-seo-wordpress\/ -->\n<title>Accesorios de cargadores de coches el\u00e9ctricos<\/title>\n<meta name=\"description\" content=\"Accesorios para la carga de coches el\u00e9ctricos | Descubre los mejores accesorios de cargadores de veh\u00edculos el\u00e9ctricos\" \/>\n<meta name=\"robots\" content=\"index, follow, max-snippet:-1, max-image-preview:large, max-video-preview:-1\" \/>\n<link rel=\"canonical\" href=\"https:\/\/v2charge.com\/store\/es\/accesorios\/\" \/>\n<meta property=\"og:locale\" content=\"es_ES\" \/>\n<meta property=\"og:type\" content=\"article\" \/>\n<meta property=\"og:title\" content=\"Accesorios de cargadores de coches el\u00e9ctricos\" \/>\n<meta property=\"og:description\" content=\"Accesorios para la carga de coches el\u00e9ctricos | Descubre los mejores accesorios de cargadores de veh\u00edculos el\u00e9ctricos\" \/>\n<meta property=\"og:url\" content=\"https:\/\/v2charge.com\/store\/es\/accesorios\/\" \/>\n<meta property=\"og:site_name\" content=\"V2C Store\" \/>\n<meta property=\"article:modified_time\" content=\"2026-04-07T14:34:38+00:00\" \/>\n<meta name=\"twitter:card\" content=\"summary_large_image\" \/>\n<meta name=\"twitter:label1\" content=\"Tiempo de lectura\" \/>\n\t<meta name=\"twitter:data1\" content=\"1 minuto\" \/>\n<script type=\"application\/ld+json\" class=\"yoast-schema-graph\">{\"@context\":\"https:\/\/schema.org\",\"@graph\":[{\"@type\":\"WebPage\",\"@id\":\"https:\/\/v2charge.com\/store\/es\/accesorios\/\",\"url\":\"https:\/\/v2charge.com\/store\/es\/accesorios\/\",\"name\":\"Accesorios de cargadores de coches el\u00e9ctricos\",\"isPartOf\":{\"@id\":\"https:\/\/v2charge.com\/store\/#website\"},\"datePublished\":\"2023-03-13T15:33:20+00:00\",\"dateModified\":\"2026-04-07T14:34:38+00:00\",\"description\":\"Accesorios para la carga de coches el\u00e9ctricos | Descubre los mejores accesorios de cargadores de veh\u00edculos el\u00e9ctricos\",\"breadcrumb\":{\"@id\":\"https:\/\/v2charge.com\/store\/es\/accesorios\/#breadcrumb\"},\"inLanguage\":\"es\",\"potentialAction\":[{\"@type\":\"ReadAction\",\"target\":[\"https:\/\/v2charge.com\/store\/es\/accesorios\/\"]}]},{\"@type\":\"BreadcrumbList\",\"@id\":\"https:\/\/v2charge.com\/store\/es\/accesorios\/#breadcrumb\",\"itemListElement\":[{\"@type\":\"ListItem\",\"position\":1,\"name\":\"Portada\",\"item\":\"https:\/\/v2charge.com\/store\/es\/\"},{\"@type\":\"ListItem\",\"position\":2,\"name\":\"ACCESORIOS\"}]},{\"@type\":\"WebSite\",\"@id\":\"https:\/\/v2charge.com\/store\/#website\",\"url\":\"https:\/\/v2charge.com\/store\/\",\"name\":\"V2C Store\",\"description\":\"V2C Store\",\"publisher\":{\"@id\":\"https:\/\/v2charge.com\/store\/#organization\"},\"potentialAction\":[{\"@type\":\"SearchAction\",\"target\":{\"@type\":\"EntryPoint\",\"urlTemplate\":\"https:\/\/v2charge.com\/store\/?s={search_term_string}\"},\"query-input\":{\"@type\":\"PropertyValueSpecification\",\"valueRequired\":true,\"valueName\":\"search_term_string\"}}],\"inLanguage\":\"es\"},{\"@type\":\"Organization\",\"@id\":\"https:\/\/v2charge.com\/store\/#organization\",\"name\":\"V2C Store\",\"url\":\"https:\/\/v2charge.com\/store\/\",\"logo\":{\"@type\":\"ImageObject\",\"inLanguage\":\"es\",\"@id\":\"https:\/\/v2charge.com\/store\/#\/schema\/logo\/image\/\",\"url\":\"https:\/\/v2charge.com\/store\/wp-content\/uploads\/2022\/08\/cropped-logotipo-v2c-store-1.png\",\"contentUrl\":\"https:\/\/v2charge.com\/store\/wp-content\/uploads\/2022\/08\/cropped-logotipo-v2c-store-1.png\",\"width\":250,\"height\":66,\"caption\":\"V2C Store\"},\"image\":{\"@id\":\"https:\/\/v2charge.com\/store\/#\/schema\/logo\/image\/\"}}]}<\/script>\n<!-- \/ Yoast SEO plugin. -->","yoast_head_json":{"title":"Accesorios de cargadores de coches el\u00e9ctricos","description":"Accesorios para la carga de coches el\u00e9ctricos | Descubre los mejores accesorios de cargadores de veh\u00edculos el\u00e9ctricos","robots":{"index":"index","follow":"follow","max-snippet":"max-snippet:-1","max-image-preview":"max-image-preview:large","max-video-preview":"max-video-preview:-1"},"canonical":"https:\/\/v2charge.com\/store\/es\/accesorios\/","og_locale":"es_ES","og_type":"article","og_title":"Accesorios de cargadores de coches el\u00e9ctricos","og_description":"Accesorios para la carga de coches el\u00e9ctricos | Descubre los mejores accesorios de cargadores de veh\u00edculos el\u00e9ctricos","og_url":"https:\/\/v2charge.com\/store\/es\/accesorios\/","og_site_name":"V2C Store","article_modified_time":"2026-04-07T14:34:38+00:00","twitter_card":"summary_large_image","twitter_misc":{"Tiempo de lectura":"1 minuto"},"schema":{"@context":"https:\/\/schema.org","@graph":[{"@type":"WebPage","@id":"https:\/\/v2charge.com\/store\/es\/accesorios\/","url":"https:\/\/v2charge.com\/store\/es\/accesorios\/","name":"Accesorios de cargadores de coches el\u00e9ctricos","isPartOf":{"@id":"https:\/\/v2charge.com\/store\/#website"},"datePublished":"2023-03-13T15:33:20+00:00","dateModified":"2026-04-07T14:34:38+00:00","description":"Accesorios para la carga de coches el\u00e9ctricos | Descubre los mejores accesorios de cargadores de veh\u00edculos el\u00e9ctricos","breadcrumb":{"@id":"https:\/\/v2charge.com\/store\/es\/accesorios\/#breadcrumb"},"inLanguage":"es","potentialAction":[{"@type":"ReadAction","target":["https:\/\/v2charge.com\/store\/es\/accesorios\/"]}]},{"@type":"BreadcrumbList","@id":"https:\/\/v2charge.com\/store\/es\/accesorios\/#breadcrumb","itemListElement":[{"@type":"ListItem","position":1,"name":"Portada","item":"https:\/\/v2charge.com\/store\/es\/"},{"@type":"ListItem","position":2,"name":"ACCESORIOS"}]},{"@type":"WebSite","@id":"https:\/\/v2charge.com\/store\/#website","url":"https:\/\/v2charge.com\/store\/","name":"V2C Store","description":"V2C Store","publisher":{"@id":"https:\/\/v2charge.com\/store\/#organization"},"potentialAction":[{"@type":"SearchAction","target":{"@type":"EntryPoint","urlTemplate":"https:\/\/v2charge.com\/store\/?s={search_term_string}"},"query-input":{"@type":"PropertyValueSpecification","valueRequired":true,"valueName":"search_term_string"}}],"inLanguage":"es"},{"@type":"Organization","@id":"https:\/\/v2charge.com\/store\/#organization","name":"V2C Store","url":"https:\/\/v2charge.com\/store\/","logo":{"@type":"ImageObject","inLanguage":"es","@id":"https:\/\/v2charge.com\/store\/#\/schema\/logo\/image\/","url":"https:\/\/v2charge.com\/store\/wp-content\/uploads\/2022\/08\/cropped-logotipo-v2c-store-1.png","contentUrl":"https:\/\/v2charge.com\/store\/wp-content\/uploads\/2022\/08\/cropped-logotipo-v2c-store-1.png","width":250,"height":66,"caption":"V2C Store"},"image":{"@id":"https:\/\/v2charge.com\/store\/#\/schema\/logo\/image\/"}}]}},"_links":{"self":[{"href":"https:\/\/v2charge.com\/store\/es\/wp-json\/wp\/v2\/pages\/8845","targetHints":{"allow":["GET"]}}],"collection":[{"href":"https:\/\/v2charge.com\/store\/es\/wp-json\/wp\/v2\/pages"}],"about":[{"href":"https:\/\/v2charge.com\/store\/es\/wp-json\/wp\/v2\/types\/page"}],"author":[{"embeddable":true,"href":"https:\/\/v2charge.com\/store\/es\/wp-json\/wp\/v2\/users\/1"}],"replies":[{"embeddable":true,"href":"https:\/\/v2charge.com\/store\/es\/wp-json\/wp\/v2\/comments?post=8845"}],"version-history":[{"count":11,"href":"https:\/\/v2charge.com\/store\/es\/wp-json\/wp\/v2\/pages\/8845\/revisions"}],"predecessor-version":[{"id":20996,"href":"https:\/\/v2charge.com\/store\/es\/wp-json\/wp\/v2\/pages\/8845\/revisions\/20996"}],"wp:attachment":[{"href":"https:\/\/v2charge.com\/store\/es\/wp-json\/wp\/v2\/media?parent=8845"}],"curies":[{"name":"wp","href":"https:\/\/api.w.org\/{rel}","templated":true}]}}