{"id":10699,"date":"2024-03-14T11:32:00","date_gmt":"2024-03-14T11:32:00","guid":{"rendered":"https:\/\/v2charge.com\/store\/?post_type=product&#038;p=10699"},"modified":"2026-01-20T11:15:05","modified_gmt":"2026-01-20T11:15:05","slug":"trydan-pro","status":"publish","type":"product","link":"https:\/\/v2charge.com\/store\/es\/producto\/trydan-pro\/","title":{"rendered":"Trydan Pro"},"content":{"rendered":"<p>La inclusi\u00f3n de las tecnolog\u00edas <strong>RFID<\/strong> y <strong>NFC<\/strong> convierte a Trydan Pro en el e-Charger por excelencia para negocios p\u00fablico-privados o espacios de uso particular. Identifica a los usuarios y gestiona sus pagos de forma sencilla, garantizando una experiencia de carga accesible y segura.<\/p>\n<p>Trydan Pro dispone de <strong>tecnolog\u00eda 4G con tarjeta SIM incluida<\/strong> para disfrutar de acceso a Internet al instante.<\/p>\n<p>Pero su conectividad va mucho m\u00e1s all\u00e1. Disfruta de una <strong>conectividad ininterrumpida<\/strong> incluso en zonas sin cobertura gracias a la conexi\u00f3n mediante cable de red.<\/p>\n<h2>\u00a1Con todo el potencial de Trydan!<\/h2>\n<p>Trydan Pro cuenta con todo el potencial de Trydan. Disfruta de una <strong>integraci\u00f3n fotovoltaica \u00fanica<\/strong>, <strong>conectividad a dispositivos inteligentes<\/strong> y <strong>control din\u00e1mico de potencia<\/strong>.<\/p>\n<p>Consulta las cargas de todos los usuarios en la <strong>app gratuita V2C Cloud<\/strong> y gestiona sus pagos desde <strong>V2C Payments<\/strong>.<\/p>\n<p><strong>Puedes escoger la toma de salida:<\/strong><\/p>\n<ul>\n<li>Socket Tipo 2<\/li>\n<li>Manguera Tipo 2 de 5 o 10 metros de longitud<\/li>\n<li>Manguera Tipo 2 de 5 metros de longitud con bot\u00f3n integrado para Tesla (Desde el propio conector, puedes abrir el puerto para iniciar la carga y desbloquear la manguera una vez finalizado el proceso)<\/li>\n<\/ul>\n<p>Existe la posibilidad de incluir las protecciones el\u00e9ctricas en su interior, a\u00f1adir un enchufe shucko adicional en el lateral y un medidor MID.<\/p>\n<p><img fetchpriority=\"high\" decoding=\"async\" class=\"wp-image-10823 size-full aligncenter\" src=\"https:\/\/v2charge.com\/store\/wp-content\/uploads\/2024\/03\/trydan-pro.jpg\" alt=\"Trydan Pro e-Charger\" width=\"1005\" height=\"405\" srcset=\"https:\/\/v2charge.com\/store\/wp-content\/uploads\/2024\/03\/trydan-pro.jpg 1005w, https:\/\/v2charge.com\/store\/wp-content\/uploads\/2024\/03\/trydan-pro-300x121.jpg 300w, https:\/\/v2charge.com\/store\/wp-content\/uploads\/2024\/03\/trydan-pro-768x309.jpg 768w, https:\/\/v2charge.com\/store\/wp-content\/uploads\/2024\/03\/trydan-pro-812x327.jpg 812w\" sizes=\"(max-width: 1005px) 100vw, 1005px\" \/><\/p>\n<h2>Funcionalidades incluidas<\/h2>\n<ul>\n<li>Control din\u00e1mico de potencia (1 pinza)<\/li>\n<li>Conexi\u00f3n WiFi\/Bluetooth\/Ethernet\/4G<\/li>\n<li>Tarjeta SIM para la conexi\u00f3n 4G<\/li>\n<li>Lector RFID\/NFC (1 tarjeta RFID incluida)<\/li>\n<li>Acceso a la aplicaci\u00f3n multiplataforma V2C Cloud<\/li>\n<li>Actualizaciones autom\u00e1ticas para acceder a nuevas funcionalidades<\/li>\n<li>API integrada para desarrolladores<\/li>\n<li>Display LCD frontal<\/li>\n<li>OCPP 1.6 JSON<\/li>\n<\/ul>\n<h2>Caracter\u00edsticas generales<\/h2>\n<ul>\n<li>Color: Negro<\/li>\n<li>Material: Policarbonato MVR<\/li>\n<li>Peso m\u00e1ximo: 7kg<\/li>\n<li>Longitud manguera: 5 m\/10 m<\/li>\n<li>Tipo de manguera: Lisa<\/li>\n<li>Temperatura de funcionamiento: -25\u00ba a 50\u00ba<\/li>\n<li>Temperatura de almacenamiento: -40\u00ba a 70\u00ba<\/li>\n<li>Display<\/li>\n<li>Iluminaci\u00f3n RGB seg\u00fan estado de carga<\/li>\n<\/ul>\n<h2>Caracter\u00edsticas el\u00e9ctricas<\/h2>\n<ul>\n<li>Tipo de conector: Tipo 2\/Socket<\/li>\n<li>Tipo de red: 230V\/400V<\/li>\n<li>Potencia m\u00e1xima de recarga: 7,4kW o 22kW en funci\u00f3n del modelo<\/li>\n<li>Corriente configurable: de 6 a 32 Amperios (por fase)<\/li>\n<li>Frecuencia nominal: 50Hz\/60Hz<\/li>\n<li>\u00cdndice de protecci\u00f3n: IP54\/IK10<\/li>\n<li>Detecci\u00f3n de corriente residual: AC 30mA\/DC 6mA en funci\u00f3n del modelo<\/li>\n<\/ul>\n<h2>Funcionalidades V2C Cloud<\/h2>\n<ul>\n<li>Programaci\u00f3n de potencia m\u00e1xima por hora<\/li>\n<li>Programaci\u00f3n horaria en varios tramos<\/li>\n<li>Historial estad\u00edstico de cargas<\/li>\n<li>Bloqueo y desbloqueo<\/li>\n<li>Compatibilidad con Alexa, Google Home y Home Assistant<\/li>\n<li>Compatibilidad con todos los inversores solares, y con los modelos m\u00e1s destacados para su integraci\u00f3n inal\u00e1mbrica<\/li>\n<\/ul>\n<p>&nbsp;<\/p>\n","protected":false},"excerpt":{"rendered":"<p><strong>Trydan Pro<\/strong> es la <strong>evoluci\u00f3n perfecta<\/strong>. Experimenta el control total gracias al acceso instant\u00e1neo a Internet a trav\u00e9s de <strong>WiFi<\/strong>, <strong>4G<\/strong> o <strong>Ethernet<\/strong>.<\/p>\n<p>Su avanzada tecnolog\u00eda <strong>RFID<\/strong> y <strong>NFC<\/strong> permite identificar a <strong>m\u00faltiples usuarios<\/strong> y gestionar sus pagos de forma sencilla.<\/p>\n","protected":false},"featured_media":10807,"template":"","meta":{"content-type":"","inline_featured_image":false},"product_brand":[],"product_cat":[67],"product_tag":[],"class_list":{"0":"post-10699","1":"product","2":"type-product","3":"status-publish","4":"has-post-thumbnail","6":"product_cat-e-chargers","8":"first","9":"instock","10":"taxable","11":"shipping-taxable","12":"purchasable","13":"product-type-variable"},"yoast_head":"<!-- This site is optimized with the Yoast SEO plugin v27.0 - https:\/\/yoast.com\/product\/yoast-seo-wordpress\/ -->\n<title>Comprar Online Trydan Pro e-Charger | V2C Store<\/title>\n<meta name=\"description\" content=\"Compra online Trydan Pro, cargador de coches el\u00e9ctricos | Con 4G, Ethernet y lectores RFID\/NFC | Env\u00edo expr\u00e9s gratis | V2C Store\" \/>\n<meta name=\"robots\" content=\"index, follow, max-snippet:-1, max-image-preview:large, max-video-preview:-1\" \/>\n<link rel=\"canonical\" href=\"https:\/\/v2charge.com\/store\/es\/producto\/trydan-pro\/\" \/>\n<meta property=\"og:locale\" content=\"es_ES\" \/>\n<meta property=\"og:type\" content=\"article\" \/>\n<meta property=\"og:title\" content=\"Comprar Online Trydan Pro e-Charger | V2C Store\" \/>\n<meta property=\"og:description\" content=\"Compra online Trydan Pro, cargador de coches el\u00e9ctricos | Con 4G, Ethernet y lectores RFID\/NFC | Env\u00edo expr\u00e9s gratis | V2C Store\" \/>\n<meta property=\"og:url\" content=\"https:\/\/v2charge.com\/store\/es\/producto\/trydan-pro\/\" \/>\n<meta property=\"og:site_name\" content=\"V2C Store\" \/>\n<meta property=\"article:modified_time\" content=\"2026-01-20T11:15:05+00:00\" \/>\n<meta property=\"og:image\" content=\"https:\/\/v2charge.com\/store\/wp-content\/uploads\/2024\/03\/trydan-pro-cable-side.jpg\" \/>\n\t<meta property=\"og:image:width\" content=\"600\" \/>\n\t<meta property=\"og:image:height\" content=\"600\" \/>\n\t<meta property=\"og:image:type\" content=\"image\/jpeg\" \/>\n<meta name=\"twitter:card\" content=\"summary_large_image\" \/>\n<meta name=\"twitter:label1\" content=\"Tiempo de lectura\" \/>\n\t<meta name=\"twitter:data1\" content=\"3 minutos\" \/>\n<script type=\"application\/ld+json\" class=\"yoast-schema-graph\">{\"@context\":\"https:\/\/schema.org\",\"@graph\":[{\"@type\":\"WebPage\",\"@id\":\"https:\/\/v2charge.com\/store\/es\/producto\/trydan-pro\/\",\"url\":\"https:\/\/v2charge.com\/store\/es\/producto\/trydan-pro\/\",\"name\":\"Comprar Online Trydan Pro e-Charger | V2C Store\",\"isPartOf\":{\"@id\":\"https:\/\/v2charge.com\/store\/#website\"},\"primaryImageOfPage\":{\"@id\":\"https:\/\/v2charge.com\/store\/es\/producto\/trydan-pro\/#primaryimage\"},\"image\":{\"@id\":\"https:\/\/v2charge.com\/store\/es\/producto\/trydan-pro\/#primaryimage\"},\"thumbnailUrl\":\"https:\/\/v2charge.com\/store\/wp-content\/uploads\/2024\/03\/trydan-pro-cable-side.jpg\",\"datePublished\":\"2024-03-14T11:32:00+00:00\",\"dateModified\":\"2026-01-20T11:15:05+00:00\",\"description\":\"Compra online Trydan Pro, cargador de coches el\u00e9ctricos | Con 4G, Ethernet y lectores RFID\/NFC | Env\u00edo expr\u00e9s gratis | V2C Store\",\"breadcrumb\":{\"@id\":\"https:\/\/v2charge.com\/store\/es\/producto\/trydan-pro\/#breadcrumb\"},\"inLanguage\":\"es\",\"potentialAction\":[{\"@type\":\"ReadAction\",\"target\":[\"https:\/\/v2charge.com\/store\/es\/producto\/trydan-pro\/\"]}]},{\"@type\":\"ImageObject\",\"inLanguage\":\"es\",\"@id\":\"https:\/\/v2charge.com\/store\/es\/producto\/trydan-pro\/#primaryimage\",\"url\":\"https:\/\/v2charge.com\/store\/wp-content\/uploads\/2024\/03\/trydan-pro-cable-side.jpg\",\"contentUrl\":\"https:\/\/v2charge.com\/store\/wp-content\/uploads\/2024\/03\/trydan-pro-cable-side.jpg\",\"width\":600,\"height\":600},{\"@type\":\"BreadcrumbList\",\"@id\":\"https:\/\/v2charge.com\/store\/es\/producto\/trydan-pro\/#breadcrumb\",\"itemListElement\":[{\"@type\":\"ListItem\",\"position\":1,\"name\":\"Portada\",\"item\":\"https:\/\/v2charge.com\/store\/es\/\"},{\"@type\":\"ListItem\",\"position\":2,\"name\":\"Tienda\",\"item\":\"https:\/\/v2charge.com\/store\/shop\/\"},{\"@type\":\"ListItem\",\"position\":3,\"name\":\"Trydan Pro\"}]},{\"@type\":\"WebSite\",\"@id\":\"https:\/\/v2charge.com\/store\/#website\",\"url\":\"https:\/\/v2charge.com\/store\/\",\"name\":\"V2C Store\",\"description\":\"V2C Store\",\"publisher\":{\"@id\":\"https:\/\/v2charge.com\/store\/#organization\"},\"potentialAction\":[{\"@type\":\"SearchAction\",\"target\":{\"@type\":\"EntryPoint\",\"urlTemplate\":\"https:\/\/v2charge.com\/store\/?s={search_term_string}\"},\"query-input\":{\"@type\":\"PropertyValueSpecification\",\"valueRequired\":true,\"valueName\":\"search_term_string\"}}],\"inLanguage\":\"es\"},{\"@type\":\"Organization\",\"@id\":\"https:\/\/v2charge.com\/store\/#organization\",\"name\":\"V2C Store\",\"url\":\"https:\/\/v2charge.com\/store\/\",\"logo\":{\"@type\":\"ImageObject\",\"inLanguage\":\"es\",\"@id\":\"https:\/\/v2charge.com\/store\/#\/schema\/logo\/image\/\",\"url\":\"https:\/\/v2charge.com\/store\/wp-content\/uploads\/2022\/08\/cropped-cropped-logotipo-v2c-store-1.png\",\"contentUrl\":\"https:\/\/v2charge.com\/store\/wp-content\/uploads\/2022\/08\/cropped-cropped-logotipo-v2c-store-1.png\",\"width\":250,\"height\":65,\"caption\":\"V2C Store\"},\"image\":{\"@id\":\"https:\/\/v2charge.com\/store\/#\/schema\/logo\/image\/\"}}]}<\/script>\n<!-- \/ Yoast SEO plugin. -->","yoast_head_json":{"title":"Comprar Online Trydan Pro e-Charger | V2C Store","description":"Compra online Trydan Pro, cargador de coches el\u00e9ctricos | Con 4G, Ethernet y lectores RFID\/NFC | Env\u00edo expr\u00e9s gratis | V2C Store","robots":{"index":"index","follow":"follow","max-snippet":"max-snippet:-1","max-image-preview":"max-image-preview:large","max-video-preview":"max-video-preview:-1"},"canonical":"https:\/\/v2charge.com\/store\/es\/producto\/trydan-pro\/","og_locale":"es_ES","og_type":"article","og_title":"Comprar Online Trydan Pro e-Charger | V2C Store","og_description":"Compra online Trydan Pro, cargador de coches el\u00e9ctricos | Con 4G, Ethernet y lectores RFID\/NFC | Env\u00edo expr\u00e9s gratis | V2C Store","og_url":"https:\/\/v2charge.com\/store\/es\/producto\/trydan-pro\/","og_site_name":"V2C Store","article_modified_time":"2026-01-20T11:15:05+00:00","og_image":[{"width":600,"height":600,"url":"https:\/\/v2charge.com\/store\/wp-content\/uploads\/2024\/03\/trydan-pro-cable-side.jpg","type":"image\/jpeg"}],"twitter_card":"summary_large_image","twitter_misc":{"Tiempo de lectura":"3 minutos"},"schema":{"@context":"https:\/\/schema.org","@graph":[{"@type":"WebPage","@id":"https:\/\/v2charge.com\/store\/es\/producto\/trydan-pro\/","url":"https:\/\/v2charge.com\/store\/es\/producto\/trydan-pro\/","name":"Comprar Online Trydan Pro e-Charger | V2C Store","isPartOf":{"@id":"https:\/\/v2charge.com\/store\/#website"},"primaryImageOfPage":{"@id":"https:\/\/v2charge.com\/store\/es\/producto\/trydan-pro\/#primaryimage"},"image":{"@id":"https:\/\/v2charge.com\/store\/es\/producto\/trydan-pro\/#primaryimage"},"thumbnailUrl":"https:\/\/v2charge.com\/store\/wp-content\/uploads\/2024\/03\/trydan-pro-cable-side.jpg","datePublished":"2024-03-14T11:32:00+00:00","dateModified":"2026-01-20T11:15:05+00:00","description":"Compra online Trydan Pro, cargador de coches el\u00e9ctricos | Con 4G, Ethernet y lectores RFID\/NFC | Env\u00edo expr\u00e9s gratis | V2C Store","breadcrumb":{"@id":"https:\/\/v2charge.com\/store\/es\/producto\/trydan-pro\/#breadcrumb"},"inLanguage":"es","potentialAction":[{"@type":"ReadAction","target":["https:\/\/v2charge.com\/store\/es\/producto\/trydan-pro\/"]}]},{"@type":"ImageObject","inLanguage":"es","@id":"https:\/\/v2charge.com\/store\/es\/producto\/trydan-pro\/#primaryimage","url":"https:\/\/v2charge.com\/store\/wp-content\/uploads\/2024\/03\/trydan-pro-cable-side.jpg","contentUrl":"https:\/\/v2charge.com\/store\/wp-content\/uploads\/2024\/03\/trydan-pro-cable-side.jpg","width":600,"height":600},{"@type":"BreadcrumbList","@id":"https:\/\/v2charge.com\/store\/es\/producto\/trydan-pro\/#breadcrumb","itemListElement":[{"@type":"ListItem","position":1,"name":"Portada","item":"https:\/\/v2charge.com\/store\/es\/"},{"@type":"ListItem","position":2,"name":"Tienda","item":"https:\/\/v2charge.com\/store\/shop\/"},{"@type":"ListItem","position":3,"name":"Trydan Pro"}]},{"@type":"WebSite","@id":"https:\/\/v2charge.com\/store\/#website","url":"https:\/\/v2charge.com\/store\/","name":"V2C Store","description":"V2C Store","publisher":{"@id":"https:\/\/v2charge.com\/store\/#organization"},"potentialAction":[{"@type":"SearchAction","target":{"@type":"EntryPoint","urlTemplate":"https:\/\/v2charge.com\/store\/?s={search_term_string}"},"query-input":{"@type":"PropertyValueSpecification","valueRequired":true,"valueName":"search_term_string"}}],"inLanguage":"es"},{"@type":"Organization","@id":"https:\/\/v2charge.com\/store\/#organization","name":"V2C Store","url":"https:\/\/v2charge.com\/store\/","logo":{"@type":"ImageObject","inLanguage":"es","@id":"https:\/\/v2charge.com\/store\/#\/schema\/logo\/image\/","url":"https:\/\/v2charge.com\/store\/wp-content\/uploads\/2022\/08\/cropped-cropped-logotipo-v2c-store-1.png","contentUrl":"https:\/\/v2charge.com\/store\/wp-content\/uploads\/2022\/08\/cropped-cropped-logotipo-v2c-store-1.png","width":250,"height":65,"caption":"V2C Store"},"image":{"@id":"https:\/\/v2charge.com\/store\/#\/schema\/logo\/image\/"}}]}},"_links":{"self":[{"href":"https:\/\/v2charge.com\/store\/es\/wp-json\/wp\/v2\/product\/10699","targetHints":{"allow":["GET"]}}],"collection":[{"href":"https:\/\/v2charge.com\/store\/es\/wp-json\/wp\/v2\/product"}],"about":[{"href":"https:\/\/v2charge.com\/store\/es\/wp-json\/wp\/v2\/types\/product"}],"wp:featuredmedia":[{"embeddable":true,"href":"https:\/\/v2charge.com\/store\/es\/wp-json\/wp\/v2\/media\/10807"}],"wp:attachment":[{"href":"https:\/\/v2charge.com\/store\/es\/wp-json\/wp\/v2\/media?parent=10699"}],"wp:term":[{"taxonomy":"product_brand","embeddable":true,"href":"https:\/\/v2charge.com\/store\/es\/wp-json\/wp\/v2\/product_brand?post=10699"},{"taxonomy":"product_cat","embeddable":true,"href":"https:\/\/v2charge.com\/store\/es\/wp-json\/wp\/v2\/product_cat?post=10699"},{"taxonomy":"product_tag","embeddable":true,"href":"https:\/\/v2charge.com\/store\/es\/wp-json\/wp\/v2\/product_tag?post=10699"}],"curies":[{"name":"wp","href":"https:\/\/api.w.org\/{rel}","templated":true}]}}