{"id":14143,"date":"2025-05-15T08:31:49","date_gmt":"2025-05-15T08:31:49","guid":{"rendered":"https:\/\/v2charge.com\/store\/?post_type=product&#038;p=14143"},"modified":"2025-05-15T10:42:49","modified_gmt":"2025-05-15T10:42:49","slug":"denka","status":"publish","type":"product","link":"https:\/\/v2charge.com\/store\/es\/producto\/denka\/","title":{"rendered":"Denka"},"content":{"rendered":"<p>Denka combina una alta eficiencia energ\u00e9tica con una est\u00e9tica elegante. Gracias a su <strong>dise\u00f1o ultracompacto<\/strong>, se adapta perfectamente a cualquier entorno, desde hoteles y restaurantes hasta centros comerciales y empresas.<\/p>\n<p>Est\u00e1 disponible en dos versiones de potencia: <strong>20\u202fkW y 40\u202fkW<\/strong>, lo que lo convierte en la soluci\u00f3n ideal para quienes buscan rapidez sin comprometer la gesti\u00f3n energ\u00e9tica. Denka integra <strong>control de potencia<\/strong>, permitiendo equilibrar el consumo con otros cargadores o con el propio edificio, optimizando al m\u00e1ximo la eficiencia del sistema el\u00e9ctrico.<\/p>\n<p>Incluye <strong>manguera de 5 metros con conector CCS Combo Tipo 2<\/strong>. Adem\u00e1s, su dise\u00f1o vers\u00e1til permite la <strong>instalaci\u00f3n tanto en pared como con pedestal<\/strong>, lo que facilita su integraci\u00f3n en cualquier espacio.<\/p>\n<p class=\"\" data-start=\"0\" data-end=\"147\">Denka incorpora un sistema de <strong>autenticaci\u00f3n mediante lector RFID<\/strong>, lo que permite gestionar el acceso de varios usuarios de forma segura y sencilla.<\/p>\n<p class=\"\" data-start=\"149\" data-end=\"414\">Adem\u00e1s, cuenta con un<strong> m\u00f3dulo de potencia de Huawei que destaca por su funcionamiento silencioso<\/strong>. Gracias a la regulaci\u00f3n inteligente del ventilador y al control t\u00e9rmico avanzado, el cargador mantiene un rendimiento \u00f3ptimo y constante, incluso en entornos exigentes.<\/p>\n<p>La tira LED frontal proporciona una experiencia de uso intuitiva, mostrando en todo momento el estado del proceso de carga. Adem\u00e1s, gracias a su <strong>conectividad avanzada (WiFi \/ Ethernet \/ Bluetooth \/ 4G)<\/strong>, puede gestionarse a trav\u00e9s de V2C Cloud o cualquier plataforma compatible mediante <strong>protocolo OCPP<\/strong>.<\/p>\n<h2>Caracter\u00edsticas generales<\/h2>\n<ul>\n<li>Color: blanco y gris<\/li>\n<li>Material: aluminio con reubrimiento epoxy y material sint\u00e9tico<\/li>\n<\/ul>\n<h2>Caracter\u00edsticas mec\u00e1nicas<\/h2>\n<ul>\n<li>Peso: 50 kg con manguera<\/li>\n<li>Grado de protecci\u00f3n: IP54<\/li>\n<li>Protecci\u00f3n contra impactos: IK10<\/li>\n<li>Altitud: 4.000 m m\u00e1x.<\/li>\n<li>Temperatura de trabajo: -30\u00baC a 55\u00baC (puede existir derating a altas temperaturas)<\/li>\n<li>Humedad de funcionamiento: 5% a 95% HR sin condensaci\u00f3n<\/li>\n<li>Nivel ac\u00fastico: menor a 65 dB a 1 m de distancia<\/li>\n<li>Dispositivo de monitoreo de aislamiento<\/li>\n<li>Sistema de refrigeraci\u00f3n: ventilaci\u00f3n forzada<\/li>\n<li>Posibilidad de personalizaci\u00f3n: logotipo de marca<\/li>\n<\/ul>\n<h2>Caracter\u00edsticas el\u00e9ctricas<\/h2>\n<ul>\n<li>Tensi\u00f3n de alimentaci\u00f3n: 3x 200-240 V<\/li>\n<li>Frecuencia: 50\/60 Hz<\/li>\n<li>M\u00e1xima corriente de entrada: 70 A<\/li>\n<li>Potencia m\u00e1xima: 40 kW<\/li>\n<li>Factor de potencia: \u2265 0.98 (load: 20kW-40kW)<\/li>\n<li>Eficiencia: \u2265 95%<\/li>\n<li>TDHi: \u2264 5% (load: 20kW-40kW)<\/li>\n<li>Consumo Standby: menor 20 watt<\/li>\n<li>Sistema de puesta a tierra: TT\/TN-S<\/li>\n<li>Seccionador de entrada: S\u00ed<\/li>\n<li>Protecciones el\u00e9ctricas: obligatorias en el exterior<\/li>\n<li>Salida DC<\/li>\n<li>M\u00e1xima potencia: 40 kW (V &gt; 300 Vdc)<\/li>\n<li>Tensi\u00f3n de salida: 150-1.000 V<\/li>\n<li>Rizado de voltaje: \u2265 5 V<\/li>\n<li>Manguera: 5m CSS Combo Tipo 2<\/li>\n<li>Protocolos de carga: ISO15118, DIN SPEC 70121<\/li>\n<\/ul>\n<h2>Caracter\u00edsticas funcionales<\/h2>\n<ul>\n<li>Protocolo de comunicaci\u00f3n: V2C Cloud \/ OCPP 1.6 JSON \/ API Cloud \/ Modbus TCP \/ Modbus RTU<\/li>\n<li>Conectividad: WiFi \/ Ethernet \/ Bluetooth \/ 4G (router embebido)<\/li>\n<li>Identificaci\u00f3n: RFID \/ Plug &amp; Play \/ V2C Payments<\/li>\n<li>Control din\u00e1mico de potencia: mediante medidor externo<\/li>\n<li>Terminal de pago: Opcional<\/li>\n<li>Estado de carga: Iluminaci\u00f3n LED RGB NeoPixel<\/li>\n<li>Software con actualizaciones en remoto (OTA)<\/li>\n<\/ul>\n","protected":false},"excerpt":{"rendered":"<p>Denka es el primer <strong>cargador r\u00e1pido<\/strong> en corriente continua (DC) de V2C, dise\u00f1ado y fabricado \u00edntegramente en Espa\u00f1a. Compacto, eficiente y con opci\u00f3n de <strong>instalaci\u00f3n en pared o pedestal<\/strong>, ofrece una carga r\u00e1pida de <strong>20\u202fkW o 40\u202fkW<\/strong>, control de potencia integrado y conectividad total (WiFi, Ethernet, Bluetooth y 4G).<\/p>\n","protected":false},"featured_media":14165,"template":"","meta":{"content-type":"","inline_featured_image":false},"product_brand":[],"product_cat":[67],"product_tag":[],"class_list":{"0":"post-14143","1":"product","2":"type-product","3":"status-publish","4":"has-post-thumbnail","6":"product_cat-e-chargers","8":"first","9":"instock","10":"taxable","11":"shipping-taxable","12":"purchasable","13":"product-type-variable"},"yoast_head":"<!-- This site is optimized with the Yoast SEO plugin v27.0 - https:\/\/yoast.com\/product\/yoast-seo-wordpress\/ -->\n<title>Comprar Online Denka e-Charger | V2C Store<\/title>\n<meta name=\"description\" content=\"Compra Denka, el cargador r\u00e1pido DC 20 kW \/ 40 kW de V2C | Elige tu versi\u00f3n | Env\u00edo express gratuito - V2C\" \/>\n<meta name=\"robots\" content=\"index, follow, max-snippet:-1, max-image-preview:large, max-video-preview:-1\" \/>\n<link rel=\"canonical\" href=\"https:\/\/v2charge.com\/store\/es\/producto\/denka\/\" \/>\n<meta property=\"og:locale\" content=\"es_ES\" \/>\n<meta property=\"og:type\" content=\"article\" \/>\n<meta property=\"og:title\" content=\"Comprar Online Denka e-Charger | V2C Store\" \/>\n<meta property=\"og:description\" content=\"Compra Denka, el cargador r\u00e1pido DC 20 kW \/ 40 kW de V2C | Elige tu versi\u00f3n | Env\u00edo express gratuito - V2C\" \/>\n<meta property=\"og:url\" content=\"https:\/\/v2charge.com\/store\/es\/producto\/denka\/\" \/>\n<meta property=\"og:site_name\" content=\"V2C Store\" \/>\n<meta property=\"article:modified_time\" content=\"2025-05-15T10:42:49+00:00\" \/>\n<meta property=\"og:image\" content=\"https:\/\/v2charge.com\/store\/wp-content\/uploads\/2025\/05\/denka.jpg\" \/>\n\t<meta property=\"og:image:width\" content=\"600\" \/>\n\t<meta property=\"og:image:height\" content=\"600\" \/>\n\t<meta property=\"og:image:type\" content=\"image\/jpeg\" \/>\n<meta name=\"twitter:card\" content=\"summary_large_image\" \/>\n<meta name=\"twitter:label1\" content=\"Tiempo de lectura\" \/>\n\t<meta name=\"twitter:data1\" content=\"3 minutos\" \/>\n<script type=\"application\/ld+json\" class=\"yoast-schema-graph\">{\"@context\":\"https:\/\/schema.org\",\"@graph\":[{\"@type\":\"WebPage\",\"@id\":\"https:\/\/v2charge.com\/store\/es\/producto\/denka\/\",\"url\":\"https:\/\/v2charge.com\/store\/es\/producto\/denka\/\",\"name\":\"Comprar Online Denka e-Charger | V2C Store\",\"isPartOf\":{\"@id\":\"https:\/\/v2charge.com\/store\/#website\"},\"primaryImageOfPage\":{\"@id\":\"https:\/\/v2charge.com\/store\/es\/producto\/denka\/#primaryimage\"},\"image\":{\"@id\":\"https:\/\/v2charge.com\/store\/es\/producto\/denka\/#primaryimage\"},\"thumbnailUrl\":\"https:\/\/v2charge.com\/store\/wp-content\/uploads\/2025\/05\/denka.jpg\",\"datePublished\":\"2025-05-15T08:31:49+00:00\",\"dateModified\":\"2025-05-15T10:42:49+00:00\",\"description\":\"Compra Denka, el cargador r\u00e1pido DC 20 kW \/ 40 kW de V2C | Elige tu versi\u00f3n | Env\u00edo express gratuito - V2C\",\"breadcrumb\":{\"@id\":\"https:\/\/v2charge.com\/store\/es\/producto\/denka\/#breadcrumb\"},\"inLanguage\":\"es\",\"potentialAction\":[{\"@type\":\"ReadAction\",\"target\":[\"https:\/\/v2charge.com\/store\/es\/producto\/denka\/\"]}]},{\"@type\":\"ImageObject\",\"inLanguage\":\"es\",\"@id\":\"https:\/\/v2charge.com\/store\/es\/producto\/denka\/#primaryimage\",\"url\":\"https:\/\/v2charge.com\/store\/wp-content\/uploads\/2025\/05\/denka.jpg\",\"contentUrl\":\"https:\/\/v2charge.com\/store\/wp-content\/uploads\/2025\/05\/denka.jpg\",\"width\":600,\"height\":600},{\"@type\":\"BreadcrumbList\",\"@id\":\"https:\/\/v2charge.com\/store\/es\/producto\/denka\/#breadcrumb\",\"itemListElement\":[{\"@type\":\"ListItem\",\"position\":1,\"name\":\"Portada\",\"item\":\"https:\/\/v2charge.com\/store\/es\/\"},{\"@type\":\"ListItem\",\"position\":2,\"name\":\"Tienda\",\"item\":\"https:\/\/v2charge.com\/store\/shop\/\"},{\"@type\":\"ListItem\",\"position\":3,\"name\":\"Denka\"}]},{\"@type\":\"WebSite\",\"@id\":\"https:\/\/v2charge.com\/store\/#website\",\"url\":\"https:\/\/v2charge.com\/store\/\",\"name\":\"V2C Store\",\"description\":\"V2C Store\",\"publisher\":{\"@id\":\"https:\/\/v2charge.com\/store\/#organization\"},\"potentialAction\":[{\"@type\":\"SearchAction\",\"target\":{\"@type\":\"EntryPoint\",\"urlTemplate\":\"https:\/\/v2charge.com\/store\/?s={search_term_string}\"},\"query-input\":{\"@type\":\"PropertyValueSpecification\",\"valueRequired\":true,\"valueName\":\"search_term_string\"}}],\"inLanguage\":\"es\"},{\"@type\":\"Organization\",\"@id\":\"https:\/\/v2charge.com\/store\/#organization\",\"name\":\"V2C Store\",\"url\":\"https:\/\/v2charge.com\/store\/\",\"logo\":{\"@type\":\"ImageObject\",\"inLanguage\":\"es\",\"@id\":\"https:\/\/v2charge.com\/store\/#\/schema\/logo\/image\/\",\"url\":\"https:\/\/v2charge.com\/store\/wp-content\/uploads\/2022\/08\/cropped-logotipo-v2c-store-1.png\",\"contentUrl\":\"https:\/\/v2charge.com\/store\/wp-content\/uploads\/2022\/08\/cropped-logotipo-v2c-store-1.png\",\"width\":250,\"height\":66,\"caption\":\"V2C Store\"},\"image\":{\"@id\":\"https:\/\/v2charge.com\/store\/#\/schema\/logo\/image\/\"}}]}<\/script>\n<!-- \/ Yoast SEO plugin. -->","yoast_head_json":{"title":"Comprar Online Denka e-Charger | V2C Store","description":"Compra Denka, el cargador r\u00e1pido DC 20 kW \/ 40 kW de V2C | Elige tu versi\u00f3n | Env\u00edo express gratuito - V2C","robots":{"index":"index","follow":"follow","max-snippet":"max-snippet:-1","max-image-preview":"max-image-preview:large","max-video-preview":"max-video-preview:-1"},"canonical":"https:\/\/v2charge.com\/store\/es\/producto\/denka\/","og_locale":"es_ES","og_type":"article","og_title":"Comprar Online Denka e-Charger | V2C Store","og_description":"Compra Denka, el cargador r\u00e1pido DC 20 kW \/ 40 kW de V2C | Elige tu versi\u00f3n | Env\u00edo express gratuito - V2C","og_url":"https:\/\/v2charge.com\/store\/es\/producto\/denka\/","og_site_name":"V2C Store","article_modified_time":"2025-05-15T10:42:49+00:00","og_image":[{"width":600,"height":600,"url":"https:\/\/v2charge.com\/store\/wp-content\/uploads\/2025\/05\/denka.jpg","type":"image\/jpeg"}],"twitter_card":"summary_large_image","twitter_misc":{"Tiempo de lectura":"3 minutos"},"schema":{"@context":"https:\/\/schema.org","@graph":[{"@type":"WebPage","@id":"https:\/\/v2charge.com\/store\/es\/producto\/denka\/","url":"https:\/\/v2charge.com\/store\/es\/producto\/denka\/","name":"Comprar Online Denka e-Charger | V2C Store","isPartOf":{"@id":"https:\/\/v2charge.com\/store\/#website"},"primaryImageOfPage":{"@id":"https:\/\/v2charge.com\/store\/es\/producto\/denka\/#primaryimage"},"image":{"@id":"https:\/\/v2charge.com\/store\/es\/producto\/denka\/#primaryimage"},"thumbnailUrl":"https:\/\/v2charge.com\/store\/wp-content\/uploads\/2025\/05\/denka.jpg","datePublished":"2025-05-15T08:31:49+00:00","dateModified":"2025-05-15T10:42:49+00:00","description":"Compra Denka, el cargador r\u00e1pido DC 20 kW \/ 40 kW de V2C | Elige tu versi\u00f3n | Env\u00edo express gratuito - V2C","breadcrumb":{"@id":"https:\/\/v2charge.com\/store\/es\/producto\/denka\/#breadcrumb"},"inLanguage":"es","potentialAction":[{"@type":"ReadAction","target":["https:\/\/v2charge.com\/store\/es\/producto\/denka\/"]}]},{"@type":"ImageObject","inLanguage":"es","@id":"https:\/\/v2charge.com\/store\/es\/producto\/denka\/#primaryimage","url":"https:\/\/v2charge.com\/store\/wp-content\/uploads\/2025\/05\/denka.jpg","contentUrl":"https:\/\/v2charge.com\/store\/wp-content\/uploads\/2025\/05\/denka.jpg","width":600,"height":600},{"@type":"BreadcrumbList","@id":"https:\/\/v2charge.com\/store\/es\/producto\/denka\/#breadcrumb","itemListElement":[{"@type":"ListItem","position":1,"name":"Portada","item":"https:\/\/v2charge.com\/store\/es\/"},{"@type":"ListItem","position":2,"name":"Tienda","item":"https:\/\/v2charge.com\/store\/shop\/"},{"@type":"ListItem","position":3,"name":"Denka"}]},{"@type":"WebSite","@id":"https:\/\/v2charge.com\/store\/#website","url":"https:\/\/v2charge.com\/store\/","name":"V2C Store","description":"V2C Store","publisher":{"@id":"https:\/\/v2charge.com\/store\/#organization"},"potentialAction":[{"@type":"SearchAction","target":{"@type":"EntryPoint","urlTemplate":"https:\/\/v2charge.com\/store\/?s={search_term_string}"},"query-input":{"@type":"PropertyValueSpecification","valueRequired":true,"valueName":"search_term_string"}}],"inLanguage":"es"},{"@type":"Organization","@id":"https:\/\/v2charge.com\/store\/#organization","name":"V2C Store","url":"https:\/\/v2charge.com\/store\/","logo":{"@type":"ImageObject","inLanguage":"es","@id":"https:\/\/v2charge.com\/store\/#\/schema\/logo\/image\/","url":"https:\/\/v2charge.com\/store\/wp-content\/uploads\/2022\/08\/cropped-logotipo-v2c-store-1.png","contentUrl":"https:\/\/v2charge.com\/store\/wp-content\/uploads\/2022\/08\/cropped-logotipo-v2c-store-1.png","width":250,"height":66,"caption":"V2C Store"},"image":{"@id":"https:\/\/v2charge.com\/store\/#\/schema\/logo\/image\/"}}]}},"_links":{"self":[{"href":"https:\/\/v2charge.com\/store\/es\/wp-json\/wp\/v2\/product\/14143","targetHints":{"allow":["GET"]}}],"collection":[{"href":"https:\/\/v2charge.com\/store\/es\/wp-json\/wp\/v2\/product"}],"about":[{"href":"https:\/\/v2charge.com\/store\/es\/wp-json\/wp\/v2\/types\/product"}],"wp:featuredmedia":[{"embeddable":true,"href":"https:\/\/v2charge.com\/store\/es\/wp-json\/wp\/v2\/media\/14165"}],"wp:attachment":[{"href":"https:\/\/v2charge.com\/store\/es\/wp-json\/wp\/v2\/media?parent=14143"}],"wp:term":[{"taxonomy":"product_brand","embeddable":true,"href":"https:\/\/v2charge.com\/store\/es\/wp-json\/wp\/v2\/product_brand?post=14143"},{"taxonomy":"product_cat","embeddable":true,"href":"https:\/\/v2charge.com\/store\/es\/wp-json\/wp\/v2\/product_cat?post=14143"},{"taxonomy":"product_tag","embeddable":true,"href":"https:\/\/v2charge.com\/store\/es\/wp-json\/wp\/v2\/product_tag?post=14143"}],"curies":[{"name":"wp","href":"https:\/\/api.w.org\/{rel}","templated":true}]}}