{"id":14238,"date":"2025-05-19T07:28:04","date_gmt":"2025-05-19T07:28:04","guid":{"rendered":"https:\/\/v2charge.com\/store\/?post_type=product&#038;p=14238"},"modified":"2025-05-19T07:31:02","modified_gmt":"2025-05-19T07:31:02","slug":"tarjeta-rfid","status":"publish","type":"product","link":"https:\/\/v2charge.com\/store\/es\/producto\/tarjeta-rfid\/","title":{"rendered":"Tarjeta RFID"},"content":{"rendered":"<p>La tarjeta RFID de V2C <strong>identifica al usuario y autoriza el uso del e-Charger<\/strong>. Cuando se acerca a un lector RFID integrado en uno de los cargadores V2C, permite autenticar al usuario y autorizar la carga.<\/p>\n<p>Basta con acercarla al cargador para habilitar la sesi\u00f3n, convirti\u00e9ndose en la soluci\u00f3n ideal para empresas, comunidades de vecinos, aparcamientos compartidos o instalaciones p\u00fablicas donde se requiera control de acceso.<\/p>\n<p>Desde la plataforma gratuita V2C Cloud, podr\u00e1s <strong>habilitar o deshabilitar tarjetas RFID de forma sencilla y remota<\/strong>, gestionar el acceso a los cargadores y asignar tarjetas a usuarios concretos, sin necesidad de intervenir f\u00edsicamente.<\/p>\n<h2>Ventajas principales de la tarjeta RFID<\/h2>\n<ul>\n<li>Activaci\u00f3n r\u00e1pida y segura<\/li>\n<li>Identificaci\u00f3n \u00fanica para cada usuario<\/li>\n<li>Gesti\u00f3n eficiente del acceso a los cargadores<\/li>\n<li>Compatible con los e-Chargers V2C con lector RFID<\/li>\n<li>Ideal para entornos con m\u00faltiples usuarios<\/li>\n<\/ul>\n<p>&nbsp;<\/p>\n","protected":false},"excerpt":{"rendered":"<p>La tarjeta RFID de V2C es un m\u00e9todo sencillo de <strong>identificaci\u00f3n del usuario y autorizaci\u00f3n del uso del cargador<\/strong>.<\/p>\n<p>Cada tarjeta cuenta con un <strong>identificador \u00fanico<\/strong>, lo que permite asignar usuarios y registrar el uso individualizado de cada e-Charger.<\/p>\n","protected":false},"featured_media":14244,"template":"","meta":{"content-type":"","inline_featured_image":false},"product_brand":[],"product_cat":[43],"product_tag":[],"class_list":{"0":"post-14238","1":"product","2":"type-product","3":"status-publish","4":"has-post-thumbnail","6":"product_cat-accessories","8":"first","9":"instock","10":"taxable","11":"shipping-taxable","12":"purchasable","13":"product-type-simple"},"yoast_head":"<!-- This site is optimized with the Yoast SEO plugin v27.0 - https:\/\/yoast.com\/product\/yoast-seo-wordpress\/ -->\n<title>Comprar Tarjeta RFID V2C - V2C Store<\/title>\n<meta name=\"description\" content=\"Tarjeta RFID de V2C para cargador de coche el\u00e9ctrico - M\u00e9todo sencillo de identificaci\u00f3n del usuario y autorizaci\u00f3n - V2C Store\" \/>\n<meta name=\"robots\" content=\"index, follow, max-snippet:-1, max-image-preview:large, max-video-preview:-1\" \/>\n<link rel=\"canonical\" href=\"https:\/\/v2charge.com\/store\/es\/producto\/tarjeta-rfid\/\" \/>\n<meta property=\"og:locale\" content=\"es_ES\" \/>\n<meta property=\"og:type\" content=\"article\" \/>\n<meta property=\"og:title\" content=\"Comprar Tarjeta RFID V2C - V2C Store\" \/>\n<meta property=\"og:description\" content=\"Tarjeta RFID de V2C para cargador de coche el\u00e9ctrico - M\u00e9todo sencillo de identificaci\u00f3n del usuario y autorizaci\u00f3n - V2C Store\" \/>\n<meta property=\"og:url\" content=\"https:\/\/v2charge.com\/store\/es\/producto\/tarjeta-rfid\/\" \/>\n<meta property=\"og:site_name\" content=\"V2C Store\" \/>\n<meta property=\"article:modified_time\" content=\"2025-05-19T07:31:02+00:00\" \/>\n<meta property=\"og:image\" content=\"https:\/\/v2charge.com\/store\/wp-content\/uploads\/2025\/05\/rfid-v2c.jpg\" \/>\n\t<meta property=\"og:image:width\" content=\"600\" \/>\n\t<meta property=\"og:image:height\" content=\"600\" \/>\n\t<meta property=\"og:image:type\" content=\"image\/jpeg\" \/>\n<meta name=\"twitter:card\" content=\"summary_large_image\" \/>\n<meta name=\"twitter:label1\" content=\"Tiempo de lectura\" \/>\n\t<meta name=\"twitter:data1\" content=\"1 minuto\" \/>\n<script type=\"application\/ld+json\" class=\"yoast-schema-graph\">{\"@context\":\"https:\/\/schema.org\",\"@graph\":[{\"@type\":\"WebPage\",\"@id\":\"https:\/\/v2charge.com\/store\/es\/producto\/tarjeta-rfid\/\",\"url\":\"https:\/\/v2charge.com\/store\/es\/producto\/tarjeta-rfid\/\",\"name\":\"Comprar Tarjeta RFID V2C - V2C Store\",\"isPartOf\":{\"@id\":\"https:\/\/v2charge.com\/store\/#website\"},\"primaryImageOfPage\":{\"@id\":\"https:\/\/v2charge.com\/store\/es\/producto\/tarjeta-rfid\/#primaryimage\"},\"image\":{\"@id\":\"https:\/\/v2charge.com\/store\/es\/producto\/tarjeta-rfid\/#primaryimage\"},\"thumbnailUrl\":\"https:\/\/v2charge.com\/store\/wp-content\/uploads\/2025\/05\/rfid-v2c.jpg\",\"datePublished\":\"2025-05-19T07:28:04+00:00\",\"dateModified\":\"2025-05-19T07:31:02+00:00\",\"description\":\"Tarjeta RFID de V2C para cargador de coche el\u00e9ctrico - M\u00e9todo sencillo de identificaci\u00f3n del usuario y autorizaci\u00f3n - V2C Store\",\"breadcrumb\":{\"@id\":\"https:\/\/v2charge.com\/store\/es\/producto\/tarjeta-rfid\/#breadcrumb\"},\"inLanguage\":\"es\",\"potentialAction\":[{\"@type\":\"ReadAction\",\"target\":[\"https:\/\/v2charge.com\/store\/es\/producto\/tarjeta-rfid\/\"]}]},{\"@type\":\"ImageObject\",\"inLanguage\":\"es\",\"@id\":\"https:\/\/v2charge.com\/store\/es\/producto\/tarjeta-rfid\/#primaryimage\",\"url\":\"https:\/\/v2charge.com\/store\/wp-content\/uploads\/2025\/05\/rfid-v2c.jpg\",\"contentUrl\":\"https:\/\/v2charge.com\/store\/wp-content\/uploads\/2025\/05\/rfid-v2c.jpg\",\"width\":600,\"height\":600},{\"@type\":\"BreadcrumbList\",\"@id\":\"https:\/\/v2charge.com\/store\/es\/producto\/tarjeta-rfid\/#breadcrumb\",\"itemListElement\":[{\"@type\":\"ListItem\",\"position\":1,\"name\":\"Portada\",\"item\":\"https:\/\/v2charge.com\/store\/es\/\"},{\"@type\":\"ListItem\",\"position\":2,\"name\":\"Tienda\",\"item\":\"https:\/\/v2charge.com\/store\/shop\/\"},{\"@type\":\"ListItem\",\"position\":3,\"name\":\"Tarjeta RFID\"}]},{\"@type\":\"WebSite\",\"@id\":\"https:\/\/v2charge.com\/store\/#website\",\"url\":\"https:\/\/v2charge.com\/store\/\",\"name\":\"V2C Store\",\"description\":\"V2C Store\",\"publisher\":{\"@id\":\"https:\/\/v2charge.com\/store\/#organization\"},\"potentialAction\":[{\"@type\":\"SearchAction\",\"target\":{\"@type\":\"EntryPoint\",\"urlTemplate\":\"https:\/\/v2charge.com\/store\/?s={search_term_string}\"},\"query-input\":{\"@type\":\"PropertyValueSpecification\",\"valueRequired\":true,\"valueName\":\"search_term_string\"}}],\"inLanguage\":\"es\"},{\"@type\":\"Organization\",\"@id\":\"https:\/\/v2charge.com\/store\/#organization\",\"name\":\"V2C Store\",\"url\":\"https:\/\/v2charge.com\/store\/\",\"logo\":{\"@type\":\"ImageObject\",\"inLanguage\":\"es\",\"@id\":\"https:\/\/v2charge.com\/store\/#\/schema\/logo\/image\/\",\"url\":\"https:\/\/v2charge.com\/store\/wp-content\/uploads\/2022\/08\/cropped-logotipo-v2c-store-1.png\",\"contentUrl\":\"https:\/\/v2charge.com\/store\/wp-content\/uploads\/2022\/08\/cropped-logotipo-v2c-store-1.png\",\"width\":250,\"height\":66,\"caption\":\"V2C Store\"},\"image\":{\"@id\":\"https:\/\/v2charge.com\/store\/#\/schema\/logo\/image\/\"}}]}<\/script>\n<!-- \/ Yoast SEO plugin. -->","yoast_head_json":{"title":"Comprar Tarjeta RFID V2C - V2C Store","description":"Tarjeta RFID de V2C para cargador de coche el\u00e9ctrico - M\u00e9todo sencillo de identificaci\u00f3n del usuario y autorizaci\u00f3n - V2C Store","robots":{"index":"index","follow":"follow","max-snippet":"max-snippet:-1","max-image-preview":"max-image-preview:large","max-video-preview":"max-video-preview:-1"},"canonical":"https:\/\/v2charge.com\/store\/es\/producto\/tarjeta-rfid\/","og_locale":"es_ES","og_type":"article","og_title":"Comprar Tarjeta RFID V2C - V2C Store","og_description":"Tarjeta RFID de V2C para cargador de coche el\u00e9ctrico - M\u00e9todo sencillo de identificaci\u00f3n del usuario y autorizaci\u00f3n - V2C Store","og_url":"https:\/\/v2charge.com\/store\/es\/producto\/tarjeta-rfid\/","og_site_name":"V2C Store","article_modified_time":"2025-05-19T07:31:02+00:00","og_image":[{"width":600,"height":600,"url":"https:\/\/v2charge.com\/store\/wp-content\/uploads\/2025\/05\/rfid-v2c.jpg","type":"image\/jpeg"}],"twitter_card":"summary_large_image","twitter_misc":{"Tiempo de lectura":"1 minuto"},"schema":{"@context":"https:\/\/schema.org","@graph":[{"@type":"WebPage","@id":"https:\/\/v2charge.com\/store\/es\/producto\/tarjeta-rfid\/","url":"https:\/\/v2charge.com\/store\/es\/producto\/tarjeta-rfid\/","name":"Comprar Tarjeta RFID V2C - V2C Store","isPartOf":{"@id":"https:\/\/v2charge.com\/store\/#website"},"primaryImageOfPage":{"@id":"https:\/\/v2charge.com\/store\/es\/producto\/tarjeta-rfid\/#primaryimage"},"image":{"@id":"https:\/\/v2charge.com\/store\/es\/producto\/tarjeta-rfid\/#primaryimage"},"thumbnailUrl":"https:\/\/v2charge.com\/store\/wp-content\/uploads\/2025\/05\/rfid-v2c.jpg","datePublished":"2025-05-19T07:28:04+00:00","dateModified":"2025-05-19T07:31:02+00:00","description":"Tarjeta RFID de V2C para cargador de coche el\u00e9ctrico - M\u00e9todo sencillo de identificaci\u00f3n del usuario y autorizaci\u00f3n - V2C Store","breadcrumb":{"@id":"https:\/\/v2charge.com\/store\/es\/producto\/tarjeta-rfid\/#breadcrumb"},"inLanguage":"es","potentialAction":[{"@type":"ReadAction","target":["https:\/\/v2charge.com\/store\/es\/producto\/tarjeta-rfid\/"]}]},{"@type":"ImageObject","inLanguage":"es","@id":"https:\/\/v2charge.com\/store\/es\/producto\/tarjeta-rfid\/#primaryimage","url":"https:\/\/v2charge.com\/store\/wp-content\/uploads\/2025\/05\/rfid-v2c.jpg","contentUrl":"https:\/\/v2charge.com\/store\/wp-content\/uploads\/2025\/05\/rfid-v2c.jpg","width":600,"height":600},{"@type":"BreadcrumbList","@id":"https:\/\/v2charge.com\/store\/es\/producto\/tarjeta-rfid\/#breadcrumb","itemListElement":[{"@type":"ListItem","position":1,"name":"Portada","item":"https:\/\/v2charge.com\/store\/es\/"},{"@type":"ListItem","position":2,"name":"Tienda","item":"https:\/\/v2charge.com\/store\/shop\/"},{"@type":"ListItem","position":3,"name":"Tarjeta RFID"}]},{"@type":"WebSite","@id":"https:\/\/v2charge.com\/store\/#website","url":"https:\/\/v2charge.com\/store\/","name":"V2C Store","description":"V2C Store","publisher":{"@id":"https:\/\/v2charge.com\/store\/#organization"},"potentialAction":[{"@type":"SearchAction","target":{"@type":"EntryPoint","urlTemplate":"https:\/\/v2charge.com\/store\/?s={search_term_string}"},"query-input":{"@type":"PropertyValueSpecification","valueRequired":true,"valueName":"search_term_string"}}],"inLanguage":"es"},{"@type":"Organization","@id":"https:\/\/v2charge.com\/store\/#organization","name":"V2C Store","url":"https:\/\/v2charge.com\/store\/","logo":{"@type":"ImageObject","inLanguage":"es","@id":"https:\/\/v2charge.com\/store\/#\/schema\/logo\/image\/","url":"https:\/\/v2charge.com\/store\/wp-content\/uploads\/2022\/08\/cropped-logotipo-v2c-store-1.png","contentUrl":"https:\/\/v2charge.com\/store\/wp-content\/uploads\/2022\/08\/cropped-logotipo-v2c-store-1.png","width":250,"height":66,"caption":"V2C Store"},"image":{"@id":"https:\/\/v2charge.com\/store\/#\/schema\/logo\/image\/"}}]}},"_links":{"self":[{"href":"https:\/\/v2charge.com\/store\/es\/wp-json\/wp\/v2\/product\/14238","targetHints":{"allow":["GET"]}}],"collection":[{"href":"https:\/\/v2charge.com\/store\/es\/wp-json\/wp\/v2\/product"}],"about":[{"href":"https:\/\/v2charge.com\/store\/es\/wp-json\/wp\/v2\/types\/product"}],"wp:featuredmedia":[{"embeddable":true,"href":"https:\/\/v2charge.com\/store\/es\/wp-json\/wp\/v2\/media\/14244"}],"wp:attachment":[{"href":"https:\/\/v2charge.com\/store\/es\/wp-json\/wp\/v2\/media?parent=14238"}],"wp:term":[{"taxonomy":"product_brand","embeddable":true,"href":"https:\/\/v2charge.com\/store\/es\/wp-json\/wp\/v2\/product_brand?post=14238"},{"taxonomy":"product_cat","embeddable":true,"href":"https:\/\/v2charge.com\/store\/es\/wp-json\/wp\/v2\/product_cat?post=14238"},{"taxonomy":"product_tag","embeddable":true,"href":"https:\/\/v2charge.com\/store\/es\/wp-json\/wp\/v2\/product_tag?post=14238"}],"curies":[{"name":"wp","href":"https:\/\/api.w.org\/{rel}","templated":true}]}}