{"id":19097,"date":"2025-12-04T10:58:52","date_gmt":"2025-12-04T10:58:52","guid":{"rendered":"https:\/\/v2charge.com\/store\/?post_type=product&#038;p=19097"},"modified":"2025-12-04T11:01:51","modified_gmt":"2025-12-04T11:01:51","slug":"oasys","status":"publish","type":"product","link":"https:\/\/v2charge.com\/store\/es\/producto\/oasys\/","title":{"rendered":"Oasys"},"content":{"rendered":"<p><strong>Oasys<\/strong> es el nuevo sistema de <strong>V2C Power<\/strong> que almacena y gestiona tu energ\u00eda de forma inteligente. Integra bater\u00edas de \u00faltima generaci\u00f3n en un <strong>sistema todo en uno compacto y escalable<\/strong>.<\/p>\n<p><strong>Emplea la IA m\u00e1s potente<\/strong> para analizar, predecir y optimizar el uso de la energ\u00eda:<\/p>\n<ul>\n<li>Analiza tus <strong>patrones de consumo<\/strong> para cargar las bater\u00edas en los momentos m\u00e1s rentables, seg\u00fan las condiciones meteorol\u00f3gicas y los precios del mercado el\u00e9ctrico.<\/li>\n<li>Almacena energ\u00eda en las <strong>horas m\u00e1s econ\u00f3micas<\/strong> para utilizarla cuando el precio sube.<\/li>\n<li>Reduce los picos de demanda con <strong>Peak Shaving<\/strong>.<\/li>\n<li>Almacena, usa o inyecta a la red tu <strong>energ\u00eda solar excedente<\/strong>.<\/li>\n<li>Mant\u00e9n tu <strong>actividad sin interrupciones<\/strong> ante un posible corte de luz.<\/li>\n<\/ul>\n<p>Oasys combina todas las fuentes de energ\u00eda: opera con la red el\u00e9ctrica, fotovoltaica y grupo electr\u00f3geno para abastecer tus activos energ\u00e9ticos.<\/p>\n<p>Adem\u00e1s, puedes gestionar la producci\u00f3n, el consumo y el almacenamiento de energ\u00eda desde nuestro <strong>avanzado software V2C Cloud<\/strong>.<\/p>\n<p><strong>\u00a1Ahorra hasta un 40% en cada factura y recupera tu inversi\u00f3n en tiempo r\u00e9cord!<\/strong><\/p>\n<p><a href=\"https:\/\/v2cpower.com\/oasys\/\">M\u00e1s informaci\u00f3n sobre Oasys<\/a><\/p>\n<p>&nbsp;<\/p>\n","protected":false},"excerpt":{"rendered":"<p data-start=\"272\" data-end=\"548\">Oasys integra un sistema compacto y escalable de bater\u00edas de \u00faltima generaci\u00f3n: <strong>100 kWh de capacidad<\/strong> con una <strong>potencia nominal de 50 kW<\/strong>.<\/p>\n<p data-start=\"272\" data-end=\"548\">Incorpora el <strong>software m\u00e1s avanzado potenciado por IA<\/strong> para analizar, predecir y optimizar el uso de la energ\u00eda.<\/p>\n<p data-start=\"550\" data-end=\"585\">\n","protected":false},"featured_media":19101,"template":"","meta":{"content-type":"","inline_featured_image":false},"product_brand":[],"product_cat":[15],"product_tag":[],"class_list":{"0":"post-19097","1":"product","2":"type-product","3":"status-publish","4":"has-post-thumbnail","6":"product_cat-uncategorized","8":"first","9":"instock","10":"taxable","11":"shipping-taxable","12":"purchasable","13":"product-type-simple"},"yoast_head":"<!-- This site is optimized with the Yoast SEO plugin v27.0 - https:\/\/yoast.com\/product\/yoast-seo-wordpress\/ -->\n<title>Comprar Oasys - Sistema de almacenamiento en bater\u00edas<\/title>\n<meta name=\"description\" content=\"Compra ahora Oasys, tu sistema de almacenamiento de energ\u00eda de V2C Power | Dise\u00f1o todo en uno con la IA m\u00e1s avanzada | V2C Store\" \/>\n<meta name=\"robots\" content=\"index, follow, max-snippet:-1, max-image-preview:large, max-video-preview:-1\" \/>\n<link rel=\"canonical\" href=\"https:\/\/v2charge.com\/store\/es\/producto\/oasys\/\" \/>\n<meta property=\"og:locale\" content=\"es_ES\" \/>\n<meta property=\"og:type\" content=\"article\" \/>\n<meta property=\"og:title\" content=\"Comprar Oasys - Sistema de almacenamiento en bater\u00edas\" \/>\n<meta property=\"og:description\" content=\"Compra ahora Oasys, tu sistema de almacenamiento de energ\u00eda de V2C Power | Dise\u00f1o todo en uno con la IA m\u00e1s avanzada | V2C Store\" \/>\n<meta property=\"og:url\" content=\"https:\/\/v2charge.com\/store\/es\/producto\/oasys\/\" \/>\n<meta property=\"og:site_name\" content=\"V2C Store\" \/>\n<meta property=\"article:modified_time\" content=\"2025-12-04T11:01:51+00:00\" \/>\n<meta property=\"og:image\" content=\"https:\/\/v2charge.com\/store\/wp-content\/uploads\/2025\/12\/oasys-v2c-power.jpg\" \/>\n\t<meta property=\"og:image:width\" content=\"1000\" \/>\n\t<meta property=\"og:image:height\" content=\"1000\" \/>\n\t<meta property=\"og:image:type\" content=\"image\/jpeg\" \/>\n<meta name=\"twitter:card\" content=\"summary_large_image\" \/>\n<meta name=\"twitter:label1\" content=\"Tiempo de lectura\" \/>\n\t<meta name=\"twitter:data1\" content=\"1 minuto\" \/>\n<script type=\"application\/ld+json\" class=\"yoast-schema-graph\">{\"@context\":\"https:\/\/schema.org\",\"@graph\":[{\"@type\":\"WebPage\",\"@id\":\"https:\/\/v2charge.com\/store\/es\/producto\/oasys\/\",\"url\":\"https:\/\/v2charge.com\/store\/es\/producto\/oasys\/\",\"name\":\"Comprar Oasys - Sistema de almacenamiento en bater\u00edas\",\"isPartOf\":{\"@id\":\"https:\/\/v2charge.com\/store\/#website\"},\"primaryImageOfPage\":{\"@id\":\"https:\/\/v2charge.com\/store\/es\/producto\/oasys\/#primaryimage\"},\"image\":{\"@id\":\"https:\/\/v2charge.com\/store\/es\/producto\/oasys\/#primaryimage\"},\"thumbnailUrl\":\"https:\/\/v2charge.com\/store\/wp-content\/uploads\/2025\/12\/oasys-v2c-power.jpg\",\"datePublished\":\"2025-12-04T10:58:52+00:00\",\"dateModified\":\"2025-12-04T11:01:51+00:00\",\"description\":\"Compra ahora Oasys, tu sistema de almacenamiento de energ\u00eda de V2C Power | Dise\u00f1o todo en uno con la IA m\u00e1s avanzada | V2C Store\",\"breadcrumb\":{\"@id\":\"https:\/\/v2charge.com\/store\/es\/producto\/oasys\/#breadcrumb\"},\"inLanguage\":\"es\",\"potentialAction\":[{\"@type\":\"ReadAction\",\"target\":[\"https:\/\/v2charge.com\/store\/es\/producto\/oasys\/\"]}]},{\"@type\":\"ImageObject\",\"inLanguage\":\"es\",\"@id\":\"https:\/\/v2charge.com\/store\/es\/producto\/oasys\/#primaryimage\",\"url\":\"https:\/\/v2charge.com\/store\/wp-content\/uploads\/2025\/12\/oasys-v2c-power.jpg\",\"contentUrl\":\"https:\/\/v2charge.com\/store\/wp-content\/uploads\/2025\/12\/oasys-v2c-power.jpg\",\"width\":1000,\"height\":1000},{\"@type\":\"BreadcrumbList\",\"@id\":\"https:\/\/v2charge.com\/store\/es\/producto\/oasys\/#breadcrumb\",\"itemListElement\":[{\"@type\":\"ListItem\",\"position\":1,\"name\":\"Portada\",\"item\":\"https:\/\/v2charge.com\/store\/es\/\"},{\"@type\":\"ListItem\",\"position\":2,\"name\":\"Tienda\",\"item\":\"https:\/\/v2charge.com\/store\/shop\/\"},{\"@type\":\"ListItem\",\"position\":3,\"name\":\"Oasys\"}]},{\"@type\":\"WebSite\",\"@id\":\"https:\/\/v2charge.com\/store\/#website\",\"url\":\"https:\/\/v2charge.com\/store\/\",\"name\":\"V2C Store\",\"description\":\"V2C Store\",\"publisher\":{\"@id\":\"https:\/\/v2charge.com\/store\/#organization\"},\"potentialAction\":[{\"@type\":\"SearchAction\",\"target\":{\"@type\":\"EntryPoint\",\"urlTemplate\":\"https:\/\/v2charge.com\/store\/?s={search_term_string}\"},\"query-input\":{\"@type\":\"PropertyValueSpecification\",\"valueRequired\":true,\"valueName\":\"search_term_string\"}}],\"inLanguage\":\"es\"},{\"@type\":\"Organization\",\"@id\":\"https:\/\/v2charge.com\/store\/#organization\",\"name\":\"V2C Store\",\"url\":\"https:\/\/v2charge.com\/store\/\",\"logo\":{\"@type\":\"ImageObject\",\"inLanguage\":\"es\",\"@id\":\"https:\/\/v2charge.com\/store\/#\/schema\/logo\/image\/\",\"url\":\"https:\/\/v2charge.com\/store\/wp-content\/uploads\/2022\/08\/cropped-cropped-logotipo-v2c-store-1.png\",\"contentUrl\":\"https:\/\/v2charge.com\/store\/wp-content\/uploads\/2022\/08\/cropped-cropped-logotipo-v2c-store-1.png\",\"width\":250,\"height\":65,\"caption\":\"V2C Store\"},\"image\":{\"@id\":\"https:\/\/v2charge.com\/store\/#\/schema\/logo\/image\/\"}}]}<\/script>\n<!-- \/ Yoast SEO plugin. -->","yoast_head_json":{"title":"Comprar Oasys - Sistema de almacenamiento en bater\u00edas","description":"Compra ahora Oasys, tu sistema de almacenamiento de energ\u00eda de V2C Power | Dise\u00f1o todo en uno con la IA m\u00e1s avanzada | V2C Store","robots":{"index":"index","follow":"follow","max-snippet":"max-snippet:-1","max-image-preview":"max-image-preview:large","max-video-preview":"max-video-preview:-1"},"canonical":"https:\/\/v2charge.com\/store\/es\/producto\/oasys\/","og_locale":"es_ES","og_type":"article","og_title":"Comprar Oasys - Sistema de almacenamiento en bater\u00edas","og_description":"Compra ahora Oasys, tu sistema de almacenamiento de energ\u00eda de V2C Power | Dise\u00f1o todo en uno con la IA m\u00e1s avanzada | V2C Store","og_url":"https:\/\/v2charge.com\/store\/es\/producto\/oasys\/","og_site_name":"V2C Store","article_modified_time":"2025-12-04T11:01:51+00:00","og_image":[{"width":1000,"height":1000,"url":"https:\/\/v2charge.com\/store\/wp-content\/uploads\/2025\/12\/oasys-v2c-power.jpg","type":"image\/jpeg"}],"twitter_card":"summary_large_image","twitter_misc":{"Tiempo de lectura":"1 minuto"},"schema":{"@context":"https:\/\/schema.org","@graph":[{"@type":"WebPage","@id":"https:\/\/v2charge.com\/store\/es\/producto\/oasys\/","url":"https:\/\/v2charge.com\/store\/es\/producto\/oasys\/","name":"Comprar Oasys - Sistema de almacenamiento en bater\u00edas","isPartOf":{"@id":"https:\/\/v2charge.com\/store\/#website"},"primaryImageOfPage":{"@id":"https:\/\/v2charge.com\/store\/es\/producto\/oasys\/#primaryimage"},"image":{"@id":"https:\/\/v2charge.com\/store\/es\/producto\/oasys\/#primaryimage"},"thumbnailUrl":"https:\/\/v2charge.com\/store\/wp-content\/uploads\/2025\/12\/oasys-v2c-power.jpg","datePublished":"2025-12-04T10:58:52+00:00","dateModified":"2025-12-04T11:01:51+00:00","description":"Compra ahora Oasys, tu sistema de almacenamiento de energ\u00eda de V2C Power | Dise\u00f1o todo en uno con la IA m\u00e1s avanzada | V2C Store","breadcrumb":{"@id":"https:\/\/v2charge.com\/store\/es\/producto\/oasys\/#breadcrumb"},"inLanguage":"es","potentialAction":[{"@type":"ReadAction","target":["https:\/\/v2charge.com\/store\/es\/producto\/oasys\/"]}]},{"@type":"ImageObject","inLanguage":"es","@id":"https:\/\/v2charge.com\/store\/es\/producto\/oasys\/#primaryimage","url":"https:\/\/v2charge.com\/store\/wp-content\/uploads\/2025\/12\/oasys-v2c-power.jpg","contentUrl":"https:\/\/v2charge.com\/store\/wp-content\/uploads\/2025\/12\/oasys-v2c-power.jpg","width":1000,"height":1000},{"@type":"BreadcrumbList","@id":"https:\/\/v2charge.com\/store\/es\/producto\/oasys\/#breadcrumb","itemListElement":[{"@type":"ListItem","position":1,"name":"Portada","item":"https:\/\/v2charge.com\/store\/es\/"},{"@type":"ListItem","position":2,"name":"Tienda","item":"https:\/\/v2charge.com\/store\/shop\/"},{"@type":"ListItem","position":3,"name":"Oasys"}]},{"@type":"WebSite","@id":"https:\/\/v2charge.com\/store\/#website","url":"https:\/\/v2charge.com\/store\/","name":"V2C Store","description":"V2C Store","publisher":{"@id":"https:\/\/v2charge.com\/store\/#organization"},"potentialAction":[{"@type":"SearchAction","target":{"@type":"EntryPoint","urlTemplate":"https:\/\/v2charge.com\/store\/?s={search_term_string}"},"query-input":{"@type":"PropertyValueSpecification","valueRequired":true,"valueName":"search_term_string"}}],"inLanguage":"es"},{"@type":"Organization","@id":"https:\/\/v2charge.com\/store\/#organization","name":"V2C Store","url":"https:\/\/v2charge.com\/store\/","logo":{"@type":"ImageObject","inLanguage":"es","@id":"https:\/\/v2charge.com\/store\/#\/schema\/logo\/image\/","url":"https:\/\/v2charge.com\/store\/wp-content\/uploads\/2022\/08\/cropped-cropped-logotipo-v2c-store-1.png","contentUrl":"https:\/\/v2charge.com\/store\/wp-content\/uploads\/2022\/08\/cropped-cropped-logotipo-v2c-store-1.png","width":250,"height":65,"caption":"V2C Store"},"image":{"@id":"https:\/\/v2charge.com\/store\/#\/schema\/logo\/image\/"}}]}},"_links":{"self":[{"href":"https:\/\/v2charge.com\/store\/es\/wp-json\/wp\/v2\/product\/19097","targetHints":{"allow":["GET"]}}],"collection":[{"href":"https:\/\/v2charge.com\/store\/es\/wp-json\/wp\/v2\/product"}],"about":[{"href":"https:\/\/v2charge.com\/store\/es\/wp-json\/wp\/v2\/types\/product"}],"wp:featuredmedia":[{"embeddable":true,"href":"https:\/\/v2charge.com\/store\/es\/wp-json\/wp\/v2\/media\/19101"}],"wp:attachment":[{"href":"https:\/\/v2charge.com\/store\/es\/wp-json\/wp\/v2\/media?parent=19097"}],"wp:term":[{"taxonomy":"product_brand","embeddable":true,"href":"https:\/\/v2charge.com\/store\/es\/wp-json\/wp\/v2\/product_brand?post=19097"},{"taxonomy":"product_cat","embeddable":true,"href":"https:\/\/v2charge.com\/store\/es\/wp-json\/wp\/v2\/product_cat?post=19097"},{"taxonomy":"product_tag","embeddable":true,"href":"https:\/\/v2charge.com\/store\/es\/wp-json\/wp\/v2\/product_tag?post=19097"}],"curies":[{"name":"wp","href":"https:\/\/api.w.org\/{rel}","templated":true}]}}