{"id":2094,"date":"2019-07-03T10:44:49","date_gmt":"2019-07-03T10:44:49","guid":{"rendered":"http:\/\/proteo.yithemes.com\/elementor-classic-shop\/?post_type=product&#038;p=2094"},"modified":"2022-09-05T08:58:46","modified_gmt":"2022-09-05T08:58:46","slug":"ev-portable","status":"publish","type":"product","link":"https:\/\/v2charge.com\/store\/es\/producto\/ev-portable\/","title":{"rendered":"EV Portable"},"content":{"rendered":"<p>EV Portable es el e-Charger que te permite <strong>viajar sin cambiar tu ruta<\/strong>. Ligero, port\u00e1til y con una potencia m\u00e1xima de 22kW. Disfruta de cualquier desplazamiento sin preocuparse de la carga de tu coche el\u00e9ctrico. Incorpora un Display LCD para informarte en tiempo real de la configuraci\u00f3n del equipo y estado de la carga. A\u00f1ade los accesorios opcionales para la conexi\u00f3n de alimentaci\u00f3n.<\/p>\n<p>&nbsp;<\/p>\n<p><img fetchpriority=\"high\" decoding=\"async\" class=\"wp-image-8613 size-full aligncenter\" src=\"https:\/\/v2charge.com\/store\/wp-content\/uploads\/2019\/07\/ev-portable-store.jpg\" alt=\"EV Portable\" width=\"1005\" height=\"415\" srcset=\"https:\/\/v2charge.com\/store\/wp-content\/uploads\/2019\/07\/ev-portable-store.jpg 1005w, https:\/\/v2charge.com\/store\/wp-content\/uploads\/2019\/07\/ev-portable-store-300x124.jpg 300w, https:\/\/v2charge.com\/store\/wp-content\/uploads\/2019\/07\/ev-portable-store-768x317.jpg 768w, https:\/\/v2charge.com\/store\/wp-content\/uploads\/2019\/07\/ev-portable-store-812x335.jpg 812w\" sizes=\"(max-width: 1005px) 100vw, 1005px\" \/><\/p>\n<h2>Caracter\u00edsticas generales<\/h2>\n<ul>\n<li>Color: Blanco<\/li>\n<li>Material: Pl\u00e1stico ABS<\/li>\n<li>Peso: 3 kg Display: 7\u201d<\/li>\n<li>Toma de salida: manguera Tipo 2 (5 metros)<\/li>\n<li>Temperatura de funcionamiento: -10\u00ba a 45\u00ba<\/li>\n<li>Temperatura de almacenamiento: -40\u00ba a 50\u00ba<\/li>\n<\/ul>\n<h2>Caracter\u00edsticas el\u00e9ctricas<\/h2>\n<ul>\n<li>Tipo de conector: Schuko \/ CETAC industrial<\/li>\n<li>Tipo de red: 230V \/ 400V<\/li>\n<li>Intensidad m\u00e1xima de recarga: 16A \/ 32A<\/li>\n<li>Cargador port\u00e1til de alta potencia<\/li>\n<li>Potencia m\u00e1xima de recarga: 3,6 kW \/ 7,4kW \/ 22kW<\/li>\n<li>Corriente configurable: de 6A a 32A<\/li>\n<li>Frecuencia nominal: 50Hz \/ 60Hz<\/li>\n<li>\u00cdndice de protecci\u00f3n: IP54 \/ IK10<\/li>\n<\/ul>\n<h2>Caracter\u00edsticas funcionales<\/h2>\n<ul>\n<li>Selecci\u00f3n de la intensidad m\u00e1xima de recarga hasta 32A<\/li>\n<li>Selecci\u00f3n de los amperios de uno en uno<\/li>\n<\/ul>\n","protected":false},"excerpt":{"rendered":"<p>EV Portable es el cargador port\u00e1til por excelencia. <strong>Peque\u00f1o y ligero<\/strong>, EV Portable carga tu coche el\u00e9ctrico en cualquier lugar. Adaptable con m\u00faltiples accesorios para la conexi\u00f3n de alimentaci\u00f3n.\u00a0 <strong>Toma de salida manguera Tipo 2 de 5 metros.<\/strong><\/p>\n","protected":false},"featured_media":7600,"template":"","meta":{"content-type":"","inline_featured_image":false},"product_brand":[],"product_cat":[67],"product_tag":[],"class_list":{"0":"post-2094","1":"product","2":"type-product","3":"status-publish","4":"has-post-thumbnail","6":"product_cat-e-chargers","8":"first","9":"instock","10":"taxable","11":"shipping-taxable","12":"purchasable","13":"product-type-variable"},"yoast_head":"<!-- This site is optimized with the Yoast SEO plugin v27.0 - https:\/\/yoast.com\/product\/yoast-seo-wordpress\/ -->\n<title>Comprar Online EV Portable - V2C Store<\/title>\n<meta name=\"description\" content=\"Compra online el cargador port\u00e1til EV Portable | Totalmente ligero y con potencia m\u00e1xima de 22kW | Env\u00edo totalmente gratuito\" \/>\n<meta name=\"robots\" content=\"index, follow, max-snippet:-1, max-image-preview:large, max-video-preview:-1\" \/>\n<link rel=\"canonical\" href=\"https:\/\/v2charge.com\/store\/es\/producto\/ev-portable\/\" \/>\n<meta property=\"og:locale\" content=\"es_ES\" \/>\n<meta property=\"og:type\" content=\"article\" \/>\n<meta property=\"og:title\" content=\"Comprar Online EV Portable - V2C Store\" \/>\n<meta property=\"og:description\" content=\"Compra online el cargador port\u00e1til EV Portable | Totalmente ligero y con potencia m\u00e1xima de 22kW | Env\u00edo totalmente gratuito\" \/>\n<meta property=\"og:url\" content=\"https:\/\/v2charge.com\/store\/es\/producto\/ev-portable\/\" \/>\n<meta property=\"og:site_name\" content=\"V2C Store\" \/>\n<meta property=\"article:modified_time\" content=\"2022-09-05T08:58:46+00:00\" \/>\n<meta property=\"og:image\" content=\"https:\/\/v2charge.com\/store\/wp-content\/uploads\/2019\/07\/EV-Portable.jpg\" \/>\n\t<meta property=\"og:image:width\" content=\"600\" \/>\n\t<meta property=\"og:image:height\" content=\"600\" \/>\n\t<meta property=\"og:image:type\" content=\"image\/jpeg\" \/>\n<meta name=\"twitter:card\" content=\"summary_large_image\" \/>\n<meta name=\"twitter:label1\" content=\"Tiempo de lectura\" \/>\n\t<meta name=\"twitter:data1\" content=\"1 minuto\" \/>\n<script type=\"application\/ld+json\" class=\"yoast-schema-graph\">{\"@context\":\"https:\/\/schema.org\",\"@graph\":[{\"@type\":\"WebPage\",\"@id\":\"https:\/\/v2charge.com\/store\/es\/producto\/ev-portable\/\",\"url\":\"https:\/\/v2charge.com\/store\/es\/producto\/ev-portable\/\",\"name\":\"Comprar Online EV Portable - V2C Store\",\"isPartOf\":{\"@id\":\"https:\/\/v2charge.com\/store\/#website\"},\"primaryImageOfPage\":{\"@id\":\"https:\/\/v2charge.com\/store\/es\/producto\/ev-portable\/#primaryimage\"},\"image\":{\"@id\":\"https:\/\/v2charge.com\/store\/es\/producto\/ev-portable\/#primaryimage\"},\"thumbnailUrl\":\"https:\/\/v2charge.com\/store\/wp-content\/uploads\/2019\/07\/EV-Portable.jpg\",\"datePublished\":\"2019-07-03T10:44:49+00:00\",\"dateModified\":\"2022-09-05T08:58:46+00:00\",\"description\":\"Compra online el cargador port\u00e1til EV Portable | Totalmente ligero y con potencia m\u00e1xima de 22kW | Env\u00edo totalmente gratuito\",\"breadcrumb\":{\"@id\":\"https:\/\/v2charge.com\/store\/es\/producto\/ev-portable\/#breadcrumb\"},\"inLanguage\":\"es\",\"potentialAction\":[{\"@type\":\"ReadAction\",\"target\":[\"https:\/\/v2charge.com\/store\/es\/producto\/ev-portable\/\"]}]},{\"@type\":\"ImageObject\",\"inLanguage\":\"es\",\"@id\":\"https:\/\/v2charge.com\/store\/es\/producto\/ev-portable\/#primaryimage\",\"url\":\"https:\/\/v2charge.com\/store\/wp-content\/uploads\/2019\/07\/EV-Portable.jpg\",\"contentUrl\":\"https:\/\/v2charge.com\/store\/wp-content\/uploads\/2019\/07\/EV-Portable.jpg\",\"width\":600,\"height\":600},{\"@type\":\"BreadcrumbList\",\"@id\":\"https:\/\/v2charge.com\/store\/es\/producto\/ev-portable\/#breadcrumb\",\"itemListElement\":[{\"@type\":\"ListItem\",\"position\":1,\"name\":\"Portada\",\"item\":\"https:\/\/v2charge.com\/store\/es\/\"},{\"@type\":\"ListItem\",\"position\":2,\"name\":\"Tienda\",\"item\":\"https:\/\/v2charge.com\/store\/shop\/\"},{\"@type\":\"ListItem\",\"position\":3,\"name\":\"EV Portable\"}]},{\"@type\":\"WebSite\",\"@id\":\"https:\/\/v2charge.com\/store\/#website\",\"url\":\"https:\/\/v2charge.com\/store\/\",\"name\":\"V2C Store\",\"description\":\"V2C Store\",\"publisher\":{\"@id\":\"https:\/\/v2charge.com\/store\/#organization\"},\"potentialAction\":[{\"@type\":\"SearchAction\",\"target\":{\"@type\":\"EntryPoint\",\"urlTemplate\":\"https:\/\/v2charge.com\/store\/?s={search_term_string}\"},\"query-input\":{\"@type\":\"PropertyValueSpecification\",\"valueRequired\":true,\"valueName\":\"search_term_string\"}}],\"inLanguage\":\"es\"},{\"@type\":\"Organization\",\"@id\":\"https:\/\/v2charge.com\/store\/#organization\",\"name\":\"V2C Store\",\"url\":\"https:\/\/v2charge.com\/store\/\",\"logo\":{\"@type\":\"ImageObject\",\"inLanguage\":\"es\",\"@id\":\"https:\/\/v2charge.com\/store\/#\/schema\/logo\/image\/\",\"url\":\"https:\/\/v2charge.com\/store\/wp-content\/uploads\/2022\/08\/cropped-cropped-logotipo-v2c-store-1.png\",\"contentUrl\":\"https:\/\/v2charge.com\/store\/wp-content\/uploads\/2022\/08\/cropped-cropped-logotipo-v2c-store-1.png\",\"width\":250,\"height\":65,\"caption\":\"V2C Store\"},\"image\":{\"@id\":\"https:\/\/v2charge.com\/store\/#\/schema\/logo\/image\/\"}}]}<\/script>\n<!-- \/ Yoast SEO plugin. -->","yoast_head_json":{"title":"Comprar Online EV Portable - V2C Store","description":"Compra online el cargador port\u00e1til EV Portable | Totalmente ligero y con potencia m\u00e1xima de 22kW | Env\u00edo totalmente gratuito","robots":{"index":"index","follow":"follow","max-snippet":"max-snippet:-1","max-image-preview":"max-image-preview:large","max-video-preview":"max-video-preview:-1"},"canonical":"https:\/\/v2charge.com\/store\/es\/producto\/ev-portable\/","og_locale":"es_ES","og_type":"article","og_title":"Comprar Online EV Portable - V2C Store","og_description":"Compra online el cargador port\u00e1til EV Portable | Totalmente ligero y con potencia m\u00e1xima de 22kW | Env\u00edo totalmente gratuito","og_url":"https:\/\/v2charge.com\/store\/es\/producto\/ev-portable\/","og_site_name":"V2C Store","article_modified_time":"2022-09-05T08:58:46+00:00","og_image":[{"width":600,"height":600,"url":"https:\/\/v2charge.com\/store\/wp-content\/uploads\/2019\/07\/EV-Portable.jpg","type":"image\/jpeg"}],"twitter_card":"summary_large_image","twitter_misc":{"Tiempo de lectura":"1 minuto"},"schema":{"@context":"https:\/\/schema.org","@graph":[{"@type":"WebPage","@id":"https:\/\/v2charge.com\/store\/es\/producto\/ev-portable\/","url":"https:\/\/v2charge.com\/store\/es\/producto\/ev-portable\/","name":"Comprar Online EV Portable - V2C Store","isPartOf":{"@id":"https:\/\/v2charge.com\/store\/#website"},"primaryImageOfPage":{"@id":"https:\/\/v2charge.com\/store\/es\/producto\/ev-portable\/#primaryimage"},"image":{"@id":"https:\/\/v2charge.com\/store\/es\/producto\/ev-portable\/#primaryimage"},"thumbnailUrl":"https:\/\/v2charge.com\/store\/wp-content\/uploads\/2019\/07\/EV-Portable.jpg","datePublished":"2019-07-03T10:44:49+00:00","dateModified":"2022-09-05T08:58:46+00:00","description":"Compra online el cargador port\u00e1til EV Portable | Totalmente ligero y con potencia m\u00e1xima de 22kW | Env\u00edo totalmente gratuito","breadcrumb":{"@id":"https:\/\/v2charge.com\/store\/es\/producto\/ev-portable\/#breadcrumb"},"inLanguage":"es","potentialAction":[{"@type":"ReadAction","target":["https:\/\/v2charge.com\/store\/es\/producto\/ev-portable\/"]}]},{"@type":"ImageObject","inLanguage":"es","@id":"https:\/\/v2charge.com\/store\/es\/producto\/ev-portable\/#primaryimage","url":"https:\/\/v2charge.com\/store\/wp-content\/uploads\/2019\/07\/EV-Portable.jpg","contentUrl":"https:\/\/v2charge.com\/store\/wp-content\/uploads\/2019\/07\/EV-Portable.jpg","width":600,"height":600},{"@type":"BreadcrumbList","@id":"https:\/\/v2charge.com\/store\/es\/producto\/ev-portable\/#breadcrumb","itemListElement":[{"@type":"ListItem","position":1,"name":"Portada","item":"https:\/\/v2charge.com\/store\/es\/"},{"@type":"ListItem","position":2,"name":"Tienda","item":"https:\/\/v2charge.com\/store\/shop\/"},{"@type":"ListItem","position":3,"name":"EV Portable"}]},{"@type":"WebSite","@id":"https:\/\/v2charge.com\/store\/#website","url":"https:\/\/v2charge.com\/store\/","name":"V2C Store","description":"V2C Store","publisher":{"@id":"https:\/\/v2charge.com\/store\/#organization"},"potentialAction":[{"@type":"SearchAction","target":{"@type":"EntryPoint","urlTemplate":"https:\/\/v2charge.com\/store\/?s={search_term_string}"},"query-input":{"@type":"PropertyValueSpecification","valueRequired":true,"valueName":"search_term_string"}}],"inLanguage":"es"},{"@type":"Organization","@id":"https:\/\/v2charge.com\/store\/#organization","name":"V2C Store","url":"https:\/\/v2charge.com\/store\/","logo":{"@type":"ImageObject","inLanguage":"es","@id":"https:\/\/v2charge.com\/store\/#\/schema\/logo\/image\/","url":"https:\/\/v2charge.com\/store\/wp-content\/uploads\/2022\/08\/cropped-cropped-logotipo-v2c-store-1.png","contentUrl":"https:\/\/v2charge.com\/store\/wp-content\/uploads\/2022\/08\/cropped-cropped-logotipo-v2c-store-1.png","width":250,"height":65,"caption":"V2C Store"},"image":{"@id":"https:\/\/v2charge.com\/store\/#\/schema\/logo\/image\/"}}]}},"_links":{"self":[{"href":"https:\/\/v2charge.com\/store\/es\/wp-json\/wp\/v2\/product\/2094","targetHints":{"allow":["GET"]}}],"collection":[{"href":"https:\/\/v2charge.com\/store\/es\/wp-json\/wp\/v2\/product"}],"about":[{"href":"https:\/\/v2charge.com\/store\/es\/wp-json\/wp\/v2\/types\/product"}],"wp:featuredmedia":[{"embeddable":true,"href":"https:\/\/v2charge.com\/store\/es\/wp-json\/wp\/v2\/media\/7600"}],"wp:attachment":[{"href":"https:\/\/v2charge.com\/store\/es\/wp-json\/wp\/v2\/media?parent=2094"}],"wp:term":[{"taxonomy":"product_brand","embeddable":true,"href":"https:\/\/v2charge.com\/store\/es\/wp-json\/wp\/v2\/product_brand?post=2094"},{"taxonomy":"product_cat","embeddable":true,"href":"https:\/\/v2charge.com\/store\/es\/wp-json\/wp\/v2\/product_cat?post=2094"},{"taxonomy":"product_tag","embeddable":true,"href":"https:\/\/v2charge.com\/store\/es\/wp-json\/wp\/v2\/product_tag?post=2094"}],"curies":[{"name":"wp","href":"https:\/\/api.w.org\/{rel}","templated":true}]}}