{"id":2100,"date":"2019-07-03T10:52:32","date_gmt":"2019-07-03T10:52:32","guid":{"rendered":"http:\/\/proteo.yithemes.com\/elementor-classic-shop\/?post_type=product&#038;p=2100"},"modified":"2023-07-25T07:15:18","modified_gmt":"2023-07-25T07:15:18","slug":"screen","status":"publish","type":"product","link":"https:\/\/v2charge.com\/store\/es\/producto\/screen\/","title":{"rendered":"Screen"},"content":{"rendered":"<p>Seguridad, dise\u00f1o y conectividad. Screen ha sido dise\u00f1ado con <strong>materiales resistentes<\/strong> para cargar simult\u00e1neamente dos coches el\u00e9ctricos y <strong>comercializar publicidad en su pantalla de 43 pulgadas<\/strong>. Es la mejor opci\u00f3n para la v\u00eda p\u00fablica, instituciones p\u00fablicas y privadas y electrolineras. Incorpora la \u00faltima tecnolog\u00eda e integraci\u00f3n con <strong>protocolo de comunicaciones OCPP&amp;XML<\/strong> para su inclusi\u00f3n en plataformas de gesti\u00f3n.<\/p>\n<p>Gestiona el almacenamiento de publicidad en la nube, descarga gr\u00e1ficos y estad\u00edsticas de consumo de cada usuario. Screen es compatible con todos los modelos de coches el\u00e9ctricos e h\u00edbridos enchufables <strong>Tipo 2<\/strong>.<\/p>\n<p><img fetchpriority=\"high\" decoding=\"async\" class=\"wp-image-8619 size-full aligncenter\" src=\"https:\/\/v2charge.com\/store\/wp-content\/uploads\/2019\/07\/screen-v2c-store.jpg\" alt=\"Screen de V2C\" width=\"1005\" height=\"415\" srcset=\"https:\/\/v2charge.com\/store\/wp-content\/uploads\/2019\/07\/screen-v2c-store.jpg 1005w, https:\/\/v2charge.com\/store\/wp-content\/uploads\/2019\/07\/screen-v2c-store-300x124.jpg 300w, https:\/\/v2charge.com\/store\/wp-content\/uploads\/2019\/07\/screen-v2c-store-768x317.jpg 768w, https:\/\/v2charge.com\/store\/wp-content\/uploads\/2019\/07\/screen-v2c-store-812x335.jpg 812w\" sizes=\"(max-width: 1005px) 100vw, 1005px\" \/><\/p>\n<h2>Caracter\u00edsticas generales<\/h2>\n<ul>\n<li>Color: Negro<\/li>\n<li>Material: Acero antivand\u00e1lico y antigraffiti<\/li>\n<li>Peso: 135 kg<\/li>\n<li>Display: 43\u201d &#8211; 2.000 l\u00famenes &#8211; Contraste 3.000 2.1<\/li>\n<li>Lector RFID ISO\/IEC 14443 A\/MIFARE<\/li>\n<li>Contador MID<\/li>\n<li>Bloqueo de conector<\/li>\n<li>Control de temperatura por ventiladores<\/li>\n<li>Temperatura de funcionamiento: -10\u00ba a 45\u00ba<\/li>\n<li>Temperatura de almacenamiento: -40\u00ba a 50\u00ba<\/li>\n<\/ul>\n<h2>Caracter\u00edsticas el\u00e9ctricas<\/h2>\n<ul>\n<li>Tipo de conector: Socket<\/li>\n<li>Tipo de red: 230V \/ 400V<\/li>\n<li>Intensidad m\u00e1xima de recarga: 32A (por fase)<\/li>\n<li>Potencia m\u00e1xima de recarga: 7,4kW o 22kW seg\u00fan el modelo<\/li>\n<li>Corriente configurable: de 6 a 32 Amperios<\/li>\n<li>Frecuencia nominal: 50Hz \/ 60Hz<\/li>\n<li>\u00cdndice de protecci\u00f3n: IP54 \/ IK10<\/li>\n<li>Detecci\u00f3n de corriente residual: AC 30mA \/ DC 6mA seg\u00fan el modelo<\/li>\n<\/ul>\n<h2>Caracter\u00edsticas funcionales<\/h2>\n<ul>\n<li>Plataforma de usuario: Aplicaci\u00f3n y portal V2C Cloud \/ OTA (actualizaciones autom\u00e1ticas)<\/li>\n<li>Conectividad: Ethernet \/ WiFi \/ Bluetooth<\/li>\n<li>Comunicaci\u00f3n: OCPP&amp;XML \/ Rest API Cloud \/ OTA<\/li>\n<li>Plataforma publicitaria 24H<\/li>\n<li>Identificaci\u00f3n de datos y estad\u00edsticas publicitarias<\/li>\n<\/ul>\n","protected":false},"excerpt":{"rendered":"<p>Screen, un e-Charger \u00fanico que combina la <strong>carga de veh\u00edculos el\u00e9ctricos<\/strong> y la <strong>comercializaci\u00f3n publicitaria<\/strong>. Fabricado en acero de alta resistencia, Screen es la mejor soluci\u00f3n para cargar en exterior.<\/p>\n","protected":false},"featured_media":7548,"template":"","meta":{"content-type":"","inline_featured_image":false},"product_brand":[],"product_cat":[67],"product_tag":[],"class_list":{"0":"post-2100","1":"product","2":"type-product","3":"status-publish","4":"has-post-thumbnail","6":"product_cat-e-chargers","8":"first","9":"instock","10":"taxable","11":"shipping-taxable","12":"purchasable","13":"product-type-variable"},"yoast_head":"<!-- This site is optimized with the Yoast SEO plugin v27.0 - https:\/\/yoast.com\/product\/yoast-seo-wordpress\/ -->\n<title>Comprar Online Screen - Cargador V2C | V2C Store<\/title>\n<meta name=\"description\" content=\"Compra online el \u00fanico cargador para coches el\u00e9ctricos con publicidad integrada SCREEN | Conectividad y funcionalidades exclusivas\" \/>\n<meta name=\"robots\" content=\"index, follow, max-snippet:-1, max-image-preview:large, max-video-preview:-1\" \/>\n<link rel=\"canonical\" href=\"https:\/\/v2charge.com\/store\/es\/producto\/screen\/\" \/>\n<meta property=\"og:locale\" content=\"es_ES\" \/>\n<meta property=\"og:type\" content=\"article\" \/>\n<meta property=\"og:title\" content=\"Comprar Online Screen - Cargador V2C | V2C Store\" \/>\n<meta property=\"og:description\" content=\"Compra online el \u00fanico cargador para coches el\u00e9ctricos con publicidad integrada SCREEN | Conectividad y funcionalidades exclusivas\" \/>\n<meta property=\"og:url\" content=\"https:\/\/v2charge.com\/store\/es\/producto\/screen\/\" \/>\n<meta property=\"og:site_name\" content=\"V2C Store\" \/>\n<meta property=\"article:modified_time\" content=\"2023-07-25T07:15:18+00:00\" \/>\n<meta property=\"og:image\" content=\"https:\/\/v2charge.com\/store\/wp-content\/uploads\/2019\/07\/Screen.jpg\" \/>\n\t<meta property=\"og:image:width\" content=\"600\" \/>\n\t<meta property=\"og:image:height\" content=\"600\" \/>\n\t<meta property=\"og:image:type\" content=\"image\/jpeg\" \/>\n<meta name=\"twitter:card\" content=\"summary_large_image\" \/>\n<meta name=\"twitter:label1\" content=\"Tiempo de lectura\" \/>\n\t<meta name=\"twitter:data1\" content=\"2 minutos\" \/>\n<script type=\"application\/ld+json\" class=\"yoast-schema-graph\">{\"@context\":\"https:\/\/schema.org\",\"@graph\":[{\"@type\":\"WebPage\",\"@id\":\"https:\/\/v2charge.com\/store\/es\/producto\/screen\/\",\"url\":\"https:\/\/v2charge.com\/store\/es\/producto\/screen\/\",\"name\":\"Comprar Online Screen - Cargador V2C | V2C Store\",\"isPartOf\":{\"@id\":\"https:\/\/v2charge.com\/store\/#website\"},\"primaryImageOfPage\":{\"@id\":\"https:\/\/v2charge.com\/store\/es\/producto\/screen\/#primaryimage\"},\"image\":{\"@id\":\"https:\/\/v2charge.com\/store\/es\/producto\/screen\/#primaryimage\"},\"thumbnailUrl\":\"https:\/\/v2charge.com\/store\/wp-content\/uploads\/2019\/07\/Screen.jpg\",\"datePublished\":\"2019-07-03T10:52:32+00:00\",\"dateModified\":\"2023-07-25T07:15:18+00:00\",\"description\":\"Compra online el \u00fanico cargador para coches el\u00e9ctricos con publicidad integrada SCREEN | Conectividad y funcionalidades exclusivas\",\"breadcrumb\":{\"@id\":\"https:\/\/v2charge.com\/store\/es\/producto\/screen\/#breadcrumb\"},\"inLanguage\":\"es\",\"potentialAction\":[{\"@type\":\"ReadAction\",\"target\":[\"https:\/\/v2charge.com\/store\/es\/producto\/screen\/\"]}]},{\"@type\":\"ImageObject\",\"inLanguage\":\"es\",\"@id\":\"https:\/\/v2charge.com\/store\/es\/producto\/screen\/#primaryimage\",\"url\":\"https:\/\/v2charge.com\/store\/wp-content\/uploads\/2019\/07\/Screen.jpg\",\"contentUrl\":\"https:\/\/v2charge.com\/store\/wp-content\/uploads\/2019\/07\/Screen.jpg\",\"width\":600,\"height\":600},{\"@type\":\"BreadcrumbList\",\"@id\":\"https:\/\/v2charge.com\/store\/es\/producto\/screen\/#breadcrumb\",\"itemListElement\":[{\"@type\":\"ListItem\",\"position\":1,\"name\":\"Portada\",\"item\":\"https:\/\/v2charge.com\/store\/pt-pt\/\"},{\"@type\":\"ListItem\",\"position\":2,\"name\":\"Tienda\",\"item\":\"https:\/\/v2charge.com\/store\/shop\/\"},{\"@type\":\"ListItem\",\"position\":3,\"name\":\"Screen\"}]},{\"@type\":\"WebSite\",\"@id\":\"https:\/\/v2charge.com\/store\/#website\",\"url\":\"https:\/\/v2charge.com\/store\/\",\"name\":\"V2C Store\",\"description\":\"V2C Store\",\"publisher\":{\"@id\":\"https:\/\/v2charge.com\/store\/#organization\"},\"potentialAction\":[{\"@type\":\"SearchAction\",\"target\":{\"@type\":\"EntryPoint\",\"urlTemplate\":\"https:\/\/v2charge.com\/store\/?s={search_term_string}\"},\"query-input\":{\"@type\":\"PropertyValueSpecification\",\"valueRequired\":true,\"valueName\":\"search_term_string\"}}],\"inLanguage\":\"es\"},{\"@type\":\"Organization\",\"@id\":\"https:\/\/v2charge.com\/store\/#organization\",\"name\":\"V2C Store\",\"url\":\"https:\/\/v2charge.com\/store\/\",\"logo\":{\"@type\":\"ImageObject\",\"inLanguage\":\"es\",\"@id\":\"https:\/\/v2charge.com\/store\/#\/schema\/logo\/image\/\",\"url\":\"https:\/\/v2charge.com\/store\/wp-content\/uploads\/2022\/08\/cropped-cropped-logotipo-v2c-store-1.png\",\"contentUrl\":\"https:\/\/v2charge.com\/store\/wp-content\/uploads\/2022\/08\/cropped-cropped-logotipo-v2c-store-1.png\",\"width\":250,\"height\":65,\"caption\":\"V2C Store\"},\"image\":{\"@id\":\"https:\/\/v2charge.com\/store\/#\/schema\/logo\/image\/\"}}]}<\/script>\n<!-- \/ Yoast SEO plugin. -->","yoast_head_json":{"title":"Comprar Online Screen - Cargador V2C | V2C Store","description":"Compra online el \u00fanico cargador para coches el\u00e9ctricos con publicidad integrada SCREEN | Conectividad y funcionalidades exclusivas","robots":{"index":"index","follow":"follow","max-snippet":"max-snippet:-1","max-image-preview":"max-image-preview:large","max-video-preview":"max-video-preview:-1"},"canonical":"https:\/\/v2charge.com\/store\/es\/producto\/screen\/","og_locale":"es_ES","og_type":"article","og_title":"Comprar Online Screen - Cargador V2C | V2C Store","og_description":"Compra online el \u00fanico cargador para coches el\u00e9ctricos con publicidad integrada SCREEN | Conectividad y funcionalidades exclusivas","og_url":"https:\/\/v2charge.com\/store\/es\/producto\/screen\/","og_site_name":"V2C Store","article_modified_time":"2023-07-25T07:15:18+00:00","og_image":[{"width":600,"height":600,"url":"https:\/\/v2charge.com\/store\/wp-content\/uploads\/2019\/07\/Screen.jpg","type":"image\/jpeg"}],"twitter_card":"summary_large_image","twitter_misc":{"Tiempo de lectura":"2 minutos"},"schema":{"@context":"https:\/\/schema.org","@graph":[{"@type":"WebPage","@id":"https:\/\/v2charge.com\/store\/es\/producto\/screen\/","url":"https:\/\/v2charge.com\/store\/es\/producto\/screen\/","name":"Comprar Online Screen - Cargador V2C | V2C Store","isPartOf":{"@id":"https:\/\/v2charge.com\/store\/#website"},"primaryImageOfPage":{"@id":"https:\/\/v2charge.com\/store\/es\/producto\/screen\/#primaryimage"},"image":{"@id":"https:\/\/v2charge.com\/store\/es\/producto\/screen\/#primaryimage"},"thumbnailUrl":"https:\/\/v2charge.com\/store\/wp-content\/uploads\/2019\/07\/Screen.jpg","datePublished":"2019-07-03T10:52:32+00:00","dateModified":"2023-07-25T07:15:18+00:00","description":"Compra online el \u00fanico cargador para coches el\u00e9ctricos con publicidad integrada SCREEN | Conectividad y funcionalidades exclusivas","breadcrumb":{"@id":"https:\/\/v2charge.com\/store\/es\/producto\/screen\/#breadcrumb"},"inLanguage":"es","potentialAction":[{"@type":"ReadAction","target":["https:\/\/v2charge.com\/store\/es\/producto\/screen\/"]}]},{"@type":"ImageObject","inLanguage":"es","@id":"https:\/\/v2charge.com\/store\/es\/producto\/screen\/#primaryimage","url":"https:\/\/v2charge.com\/store\/wp-content\/uploads\/2019\/07\/Screen.jpg","contentUrl":"https:\/\/v2charge.com\/store\/wp-content\/uploads\/2019\/07\/Screen.jpg","width":600,"height":600},{"@type":"BreadcrumbList","@id":"https:\/\/v2charge.com\/store\/es\/producto\/screen\/#breadcrumb","itemListElement":[{"@type":"ListItem","position":1,"name":"Portada","item":"https:\/\/v2charge.com\/store\/pt-pt\/"},{"@type":"ListItem","position":2,"name":"Tienda","item":"https:\/\/v2charge.com\/store\/shop\/"},{"@type":"ListItem","position":3,"name":"Screen"}]},{"@type":"WebSite","@id":"https:\/\/v2charge.com\/store\/#website","url":"https:\/\/v2charge.com\/store\/","name":"V2C Store","description":"V2C Store","publisher":{"@id":"https:\/\/v2charge.com\/store\/#organization"},"potentialAction":[{"@type":"SearchAction","target":{"@type":"EntryPoint","urlTemplate":"https:\/\/v2charge.com\/store\/?s={search_term_string}"},"query-input":{"@type":"PropertyValueSpecification","valueRequired":true,"valueName":"search_term_string"}}],"inLanguage":"es"},{"@type":"Organization","@id":"https:\/\/v2charge.com\/store\/#organization","name":"V2C Store","url":"https:\/\/v2charge.com\/store\/","logo":{"@type":"ImageObject","inLanguage":"es","@id":"https:\/\/v2charge.com\/store\/#\/schema\/logo\/image\/","url":"https:\/\/v2charge.com\/store\/wp-content\/uploads\/2022\/08\/cropped-cropped-logotipo-v2c-store-1.png","contentUrl":"https:\/\/v2charge.com\/store\/wp-content\/uploads\/2022\/08\/cropped-cropped-logotipo-v2c-store-1.png","width":250,"height":65,"caption":"V2C Store"},"image":{"@id":"https:\/\/v2charge.com\/store\/#\/schema\/logo\/image\/"}}]}},"_links":{"self":[{"href":"https:\/\/v2charge.com\/store\/es\/wp-json\/wp\/v2\/product\/2100","targetHints":{"allow":["GET"]}}],"collection":[{"href":"https:\/\/v2charge.com\/store\/es\/wp-json\/wp\/v2\/product"}],"about":[{"href":"https:\/\/v2charge.com\/store\/es\/wp-json\/wp\/v2\/types\/product"}],"wp:featuredmedia":[{"embeddable":true,"href":"https:\/\/v2charge.com\/store\/es\/wp-json\/wp\/v2\/media\/7548"}],"wp:attachment":[{"href":"https:\/\/v2charge.com\/store\/es\/wp-json\/wp\/v2\/media?parent=2100"}],"wp:term":[{"taxonomy":"product_brand","embeddable":true,"href":"https:\/\/v2charge.com\/store\/es\/wp-json\/wp\/v2\/product_brand?post=2100"},{"taxonomy":"product_cat","embeddable":true,"href":"https:\/\/v2charge.com\/store\/es\/wp-json\/wp\/v2\/product_cat?post=2100"},{"taxonomy":"product_tag","embeddable":true,"href":"https:\/\/v2charge.com\/store\/es\/wp-json\/wp\/v2\/product_tag?post=2100"}],"curies":[{"name":"wp","href":"https:\/\/api.w.org\/{rel}","templated":true}]}}