{"id":2108,"date":"2019-07-03T10:57:27","date_gmt":"2019-07-03T10:57:27","guid":{"rendered":"http:\/\/proteo.yithemes.com\/elementor-classic-shop\/?post_type=product&#038;p=2108"},"modified":"2024-09-09T12:37:27","modified_gmt":"2024-09-09T12:37:27","slug":"pole","status":"publish","type":"product","link":"https:\/\/v2charge.com\/store\/es\/producto\/pole\/","title":{"rendered":"Pole Pro"},"content":{"rendered":"<p>Fabricado en acero de alta resistencia con pintura antigraffitis, Pole Pro es el punto de recarga ideal para la v\u00eda p\u00fablica y parkings de empresas. Destaca por su eficiencia y versatilidad: est\u00e1 disponible en versi\u00f3n de suelo o pared y puede contar con uno o dos sockets y una o dos mangueras de muelle.<\/p>\n<p><img fetchpriority=\"high\" decoding=\"async\" class=\"wp-image-8951 size-full aligncenter\" src=\"https:\/\/v2charge.com\/store\/wp-content\/uploads\/2019\/07\/pole-pro-version-pared.jpg\" alt=\"Pole Pro versi\u00f3n pared instalado en empresa\" width=\"1005\" height=\"480\" srcset=\"https:\/\/v2charge.com\/store\/wp-content\/uploads\/2019\/07\/pole-pro-version-pared.jpg 1005w, https:\/\/v2charge.com\/store\/wp-content\/uploads\/2019\/07\/pole-pro-version-pared-300x143.jpg 300w, https:\/\/v2charge.com\/store\/wp-content\/uploads\/2019\/07\/pole-pro-version-pared-768x367.jpg 768w, https:\/\/v2charge.com\/store\/wp-content\/uploads\/2019\/07\/pole-pro-version-pared-812x388.jpg 812w\" sizes=\"(max-width: 1005px) 100vw, 1005px\" \/><\/p>\n<h2>Caracter\u00edsticas generales<\/h2>\n<ul>\n<li>Color: Negro<\/li>\n<li>Material: Acero antivand\u00e1lico<\/li>\n<li>Peso: 55 kg<\/li>\n<li>Display en modelos con V2C Cloud : 8\u201d &#8211; 2.000 l\u00famenes<\/li>\n<li>Modo 3 PWM control de acuerdo con ISO\/IEC 61851-1<\/li>\n<li>Lector RFID en modelos con V2C Cloud ISO\/IEC 14443 A\/MIFARE<\/li>\n<li>Contador MID integrado para una gesti\u00f3n din\u00e1mica de la carga<\/li>\n<li>Protecciones el\u00e9ctricas por toma: diferencial tipo A y magnetot\u00e9rmico de 40A<\/li>\n<li>Temperatura de funcionamiento: -5\u00ba a 45\u00ba<\/li>\n<li>Temperatura de almacenamiento: -40\u00ba a 70\u00ba<\/li>\n<\/ul>\n<h2>Caracter\u00edsticas el\u00e9ctricas<\/h2>\n<ul>\n<li>Tipo de conector: Socket \/ Tipo 2<\/li>\n<li>Tipo de red: 230V \/ 400V<\/li>\n<li>Intensidad m\u00e1xima de recarga: 32A (por fase)<\/li>\n<li>Potencia m\u00e1xima de recarga: 7,3kW o 22kW (por toma)<\/li>\n<li>Corriente configurable: de 6 a 32 Amperios<\/li>\n<li>Frecuencia nominal: 50Hz \/ 60Hz<\/li>\n<li>\u00cdndice de protecci\u00f3n: IP54 \/ IK10<\/li>\n<li>Detecci\u00f3n de corriente residual: AC 30mA \/ DC 6mA (opcional)<\/li>\n<\/ul>\n<h2>Caracter\u00edsticas funcionales<\/h2>\n<ul>\n<li>Plataforma de usuario: aplicaci\u00f3n y portal V2C Cloud (en modelos con conectividad)<\/li>\n<li>Plataforma V2C Payments para la gesti\u00f3n del pago de m\u00faltiples usuarios<\/li>\n<li>TPV para recibir pagos al instante por tarjeta, sin gestiones bancarias (accesorio opcional)<\/li>\n<li>Conectividad: Ethernet \/ WiFi \/ Bluetooth (en modelos con conectividad)<\/li>\n<li>Comunicaci\u00f3n: OCPP \/ Rest API Cloud \/ OTA (en modelos con conectividad)<\/li>\n<\/ul>\n<p>&nbsp;<\/p>\n<p>&nbsp;<\/p>\n","protected":false},"excerpt":{"rendered":"<p>Extraordinaria combinaci\u00f3n entre <strong>elegancia<\/strong> y <strong>robustez<\/strong>. Pole Pro posee un dise\u00f1o antivand\u00e1lico ideal para cargar simult\u00e1neamente dos veh\u00edculos de forma segura y eficiente en exterior. Visualiza toda la informaci\u00f3n de la carga en tiempo real gracias a la pantalla de dise\u00f1o que incorpora. Disponible en versi\u00f3n de suelo o pared.<\/p>\n","protected":false},"featured_media":12016,"template":"","meta":{"content-type":"","inline_featured_image":false},"product_brand":[],"product_cat":[67],"product_tag":[],"class_list":{"0":"post-2108","1":"product","2":"type-product","3":"status-publish","4":"has-post-thumbnail","6":"product_cat-e-chargers","8":"first","9":"instock","10":"taxable","11":"shipping-taxable","12":"purchasable","13":"product-type-variable"},"yoast_head":"<!-- This site is optimized with the Yoast SEO plugin v27.0 - https:\/\/yoast.com\/product\/yoast-seo-wordpress\/ -->\n<title>Comprar Online Cargador Pole Pro | V2C Store<\/title>\n<meta name=\"description\" content=\"Compra online Pole Pro, el cargador de V2C para la v\u00eda p\u00fablica y empresas | Fabricado en acero antivand\u00e1lico | Env\u00edo gratuito\" \/>\n<meta name=\"robots\" content=\"index, follow, max-snippet:-1, max-image-preview:large, max-video-preview:-1\" \/>\n<link rel=\"canonical\" href=\"https:\/\/v2charge.com\/store\/es\/producto\/pole\/\" \/>\n<meta property=\"og:locale\" content=\"es_ES\" \/>\n<meta property=\"og:type\" content=\"article\" \/>\n<meta property=\"og:title\" content=\"Comprar Online Cargador Pole Pro | V2C Store\" \/>\n<meta property=\"og:description\" content=\"Compra online Pole Pro, el cargador de V2C para la v\u00eda p\u00fablica y empresas | Fabricado en acero antivand\u00e1lico | Env\u00edo gratuito\" \/>\n<meta property=\"og:url\" content=\"https:\/\/v2charge.com\/store\/es\/producto\/pole\/\" \/>\n<meta property=\"og:site_name\" content=\"V2C Store\" \/>\n<meta property=\"article:modified_time\" content=\"2024-09-09T12:37:27+00:00\" \/>\n<meta property=\"og:image\" content=\"https:\/\/v2charge.com\/store\/wp-content\/uploads\/2019\/07\/pole-pro-tpv.jpg\" \/>\n\t<meta property=\"og:image:width\" content=\"600\" \/>\n\t<meta property=\"og:image:height\" content=\"600\" \/>\n\t<meta property=\"og:image:type\" content=\"image\/jpeg\" \/>\n<meta name=\"twitter:card\" content=\"summary_large_image\" \/>\n<meta name=\"twitter:label1\" content=\"Tiempo de lectura\" \/>\n\t<meta name=\"twitter:data1\" content=\"2 minutos\" \/>\n<script type=\"application\/ld+json\" class=\"yoast-schema-graph\">{\"@context\":\"https:\/\/schema.org\",\"@graph\":[{\"@type\":\"WebPage\",\"@id\":\"https:\/\/v2charge.com\/store\/es\/producto\/pole\/\",\"url\":\"https:\/\/v2charge.com\/store\/es\/producto\/pole\/\",\"name\":\"Comprar Online Cargador Pole Pro | V2C Store\",\"isPartOf\":{\"@id\":\"https:\/\/v2charge.com\/store\/#website\"},\"primaryImageOfPage\":{\"@id\":\"https:\/\/v2charge.com\/store\/es\/producto\/pole\/#primaryimage\"},\"image\":{\"@id\":\"https:\/\/v2charge.com\/store\/es\/producto\/pole\/#primaryimage\"},\"thumbnailUrl\":\"https:\/\/v2charge.com\/store\/wp-content\/uploads\/2019\/07\/pole-pro-tpv.jpg\",\"datePublished\":\"2019-07-03T10:57:27+00:00\",\"dateModified\":\"2024-09-09T12:37:27+00:00\",\"description\":\"Compra online Pole Pro, el cargador de V2C para la v\u00eda p\u00fablica y empresas | Fabricado en acero antivand\u00e1lico | Env\u00edo gratuito\",\"breadcrumb\":{\"@id\":\"https:\/\/v2charge.com\/store\/es\/producto\/pole\/#breadcrumb\"},\"inLanguage\":\"es\",\"potentialAction\":[{\"@type\":\"ReadAction\",\"target\":[\"https:\/\/v2charge.com\/store\/es\/producto\/pole\/\"]}]},{\"@type\":\"ImageObject\",\"inLanguage\":\"es\",\"@id\":\"https:\/\/v2charge.com\/store\/es\/producto\/pole\/#primaryimage\",\"url\":\"https:\/\/v2charge.com\/store\/wp-content\/uploads\/2019\/07\/pole-pro-tpv.jpg\",\"contentUrl\":\"https:\/\/v2charge.com\/store\/wp-content\/uploads\/2019\/07\/pole-pro-tpv.jpg\",\"width\":600,\"height\":600,\"caption\":\"Pole Pro TPV\"},{\"@type\":\"BreadcrumbList\",\"@id\":\"https:\/\/v2charge.com\/store\/es\/producto\/pole\/#breadcrumb\",\"itemListElement\":[{\"@type\":\"ListItem\",\"position\":1,\"name\":\"Portada\",\"item\":\"https:\/\/v2charge.com\/store\/pt-pt\/\"},{\"@type\":\"ListItem\",\"position\":2,\"name\":\"Tienda\",\"item\":\"https:\/\/v2charge.com\/store\/shop\/\"},{\"@type\":\"ListItem\",\"position\":3,\"name\":\"Pole Pro\"}]},{\"@type\":\"WebSite\",\"@id\":\"https:\/\/v2charge.com\/store\/#website\",\"url\":\"https:\/\/v2charge.com\/store\/\",\"name\":\"V2C Store\",\"description\":\"V2C Store\",\"publisher\":{\"@id\":\"https:\/\/v2charge.com\/store\/#organization\"},\"potentialAction\":[{\"@type\":\"SearchAction\",\"target\":{\"@type\":\"EntryPoint\",\"urlTemplate\":\"https:\/\/v2charge.com\/store\/?s={search_term_string}\"},\"query-input\":{\"@type\":\"PropertyValueSpecification\",\"valueRequired\":true,\"valueName\":\"search_term_string\"}}],\"inLanguage\":\"es\"},{\"@type\":\"Organization\",\"@id\":\"https:\/\/v2charge.com\/store\/#organization\",\"name\":\"V2C Store\",\"url\":\"https:\/\/v2charge.com\/store\/\",\"logo\":{\"@type\":\"ImageObject\",\"inLanguage\":\"es\",\"@id\":\"https:\/\/v2charge.com\/store\/#\/schema\/logo\/image\/\",\"url\":\"https:\/\/v2charge.com\/store\/wp-content\/uploads\/2022\/08\/cropped-cropped-logotipo-v2c-store-1.png\",\"contentUrl\":\"https:\/\/v2charge.com\/store\/wp-content\/uploads\/2022\/08\/cropped-cropped-logotipo-v2c-store-1.png\",\"width\":250,\"height\":65,\"caption\":\"V2C Store\"},\"image\":{\"@id\":\"https:\/\/v2charge.com\/store\/#\/schema\/logo\/image\/\"}}]}<\/script>\n<!-- \/ Yoast SEO plugin. -->","yoast_head_json":{"title":"Comprar Online Cargador Pole Pro | V2C Store","description":"Compra online Pole Pro, el cargador de V2C para la v\u00eda p\u00fablica y empresas | Fabricado en acero antivand\u00e1lico | Env\u00edo gratuito","robots":{"index":"index","follow":"follow","max-snippet":"max-snippet:-1","max-image-preview":"max-image-preview:large","max-video-preview":"max-video-preview:-1"},"canonical":"https:\/\/v2charge.com\/store\/es\/producto\/pole\/","og_locale":"es_ES","og_type":"article","og_title":"Comprar Online Cargador Pole Pro | V2C Store","og_description":"Compra online Pole Pro, el cargador de V2C para la v\u00eda p\u00fablica y empresas | Fabricado en acero antivand\u00e1lico | Env\u00edo gratuito","og_url":"https:\/\/v2charge.com\/store\/es\/producto\/pole\/","og_site_name":"V2C Store","article_modified_time":"2024-09-09T12:37:27+00:00","og_image":[{"width":600,"height":600,"url":"https:\/\/v2charge.com\/store\/wp-content\/uploads\/2019\/07\/pole-pro-tpv.jpg","type":"image\/jpeg"}],"twitter_card":"summary_large_image","twitter_misc":{"Tiempo de lectura":"2 minutos"},"schema":{"@context":"https:\/\/schema.org","@graph":[{"@type":"WebPage","@id":"https:\/\/v2charge.com\/store\/es\/producto\/pole\/","url":"https:\/\/v2charge.com\/store\/es\/producto\/pole\/","name":"Comprar Online Cargador Pole Pro | V2C Store","isPartOf":{"@id":"https:\/\/v2charge.com\/store\/#website"},"primaryImageOfPage":{"@id":"https:\/\/v2charge.com\/store\/es\/producto\/pole\/#primaryimage"},"image":{"@id":"https:\/\/v2charge.com\/store\/es\/producto\/pole\/#primaryimage"},"thumbnailUrl":"https:\/\/v2charge.com\/store\/wp-content\/uploads\/2019\/07\/pole-pro-tpv.jpg","datePublished":"2019-07-03T10:57:27+00:00","dateModified":"2024-09-09T12:37:27+00:00","description":"Compra online Pole Pro, el cargador de V2C para la v\u00eda p\u00fablica y empresas | Fabricado en acero antivand\u00e1lico | Env\u00edo gratuito","breadcrumb":{"@id":"https:\/\/v2charge.com\/store\/es\/producto\/pole\/#breadcrumb"},"inLanguage":"es","potentialAction":[{"@type":"ReadAction","target":["https:\/\/v2charge.com\/store\/es\/producto\/pole\/"]}]},{"@type":"ImageObject","inLanguage":"es","@id":"https:\/\/v2charge.com\/store\/es\/producto\/pole\/#primaryimage","url":"https:\/\/v2charge.com\/store\/wp-content\/uploads\/2019\/07\/pole-pro-tpv.jpg","contentUrl":"https:\/\/v2charge.com\/store\/wp-content\/uploads\/2019\/07\/pole-pro-tpv.jpg","width":600,"height":600,"caption":"Pole Pro TPV"},{"@type":"BreadcrumbList","@id":"https:\/\/v2charge.com\/store\/es\/producto\/pole\/#breadcrumb","itemListElement":[{"@type":"ListItem","position":1,"name":"Portada","item":"https:\/\/v2charge.com\/store\/pt-pt\/"},{"@type":"ListItem","position":2,"name":"Tienda","item":"https:\/\/v2charge.com\/store\/shop\/"},{"@type":"ListItem","position":3,"name":"Pole Pro"}]},{"@type":"WebSite","@id":"https:\/\/v2charge.com\/store\/#website","url":"https:\/\/v2charge.com\/store\/","name":"V2C Store","description":"V2C Store","publisher":{"@id":"https:\/\/v2charge.com\/store\/#organization"},"potentialAction":[{"@type":"SearchAction","target":{"@type":"EntryPoint","urlTemplate":"https:\/\/v2charge.com\/store\/?s={search_term_string}"},"query-input":{"@type":"PropertyValueSpecification","valueRequired":true,"valueName":"search_term_string"}}],"inLanguage":"es"},{"@type":"Organization","@id":"https:\/\/v2charge.com\/store\/#organization","name":"V2C Store","url":"https:\/\/v2charge.com\/store\/","logo":{"@type":"ImageObject","inLanguage":"es","@id":"https:\/\/v2charge.com\/store\/#\/schema\/logo\/image\/","url":"https:\/\/v2charge.com\/store\/wp-content\/uploads\/2022\/08\/cropped-cropped-logotipo-v2c-store-1.png","contentUrl":"https:\/\/v2charge.com\/store\/wp-content\/uploads\/2022\/08\/cropped-cropped-logotipo-v2c-store-1.png","width":250,"height":65,"caption":"V2C Store"},"image":{"@id":"https:\/\/v2charge.com\/store\/#\/schema\/logo\/image\/"}}]}},"_links":{"self":[{"href":"https:\/\/v2charge.com\/store\/es\/wp-json\/wp\/v2\/product\/2108","targetHints":{"allow":["GET"]}}],"collection":[{"href":"https:\/\/v2charge.com\/store\/es\/wp-json\/wp\/v2\/product"}],"about":[{"href":"https:\/\/v2charge.com\/store\/es\/wp-json\/wp\/v2\/types\/product"}],"wp:featuredmedia":[{"embeddable":true,"href":"https:\/\/v2charge.com\/store\/es\/wp-json\/wp\/v2\/media\/12016"}],"wp:attachment":[{"href":"https:\/\/v2charge.com\/store\/es\/wp-json\/wp\/v2\/media?parent=2108"}],"wp:term":[{"taxonomy":"product_brand","embeddable":true,"href":"https:\/\/v2charge.com\/store\/es\/wp-json\/wp\/v2\/product_brand?post=2108"},{"taxonomy":"product_cat","embeddable":true,"href":"https:\/\/v2charge.com\/store\/es\/wp-json\/wp\/v2\/product_cat?post=2108"},{"taxonomy":"product_tag","embeddable":true,"href":"https:\/\/v2charge.com\/store\/es\/wp-json\/wp\/v2\/product_tag?post=2108"}],"curies":[{"name":"wp","href":"https:\/\/api.w.org\/{rel}","templated":true}]}}