{"id":2116,"date":"2019-07-03T11:00:28","date_gmt":"2019-07-03T11:00:28","guid":{"rendered":"http:\/\/proteo.yithemes.com\/elementor-classic-shop\/?post_type=product&#038;p=2116"},"modified":"2025-08-12T10:23:39","modified_gmt":"2025-08-12T10:23:39","slug":"trydan","status":"publish","type":"product","link":"https:\/\/v2charge.com\/store\/es\/producto\/trydan\/","title":{"rendered":"Trydan"},"content":{"rendered":"<p>Trydan garantiza una <strong>carga inteligente, segura y eficiente<\/strong>. Re\u00fane la \u00faltima tecnolog\u00eda del mercado para que cargues tu veh\u00edculo el\u00e9ctrico o h\u00edbrido enchufable como nunca antes.<\/p>\n<p>Toma el control total de Trydan con la <strong>aplicaci\u00f3n gratuita V2C Cloud<\/strong>. Podr\u00e1s controlar la carga en tiempo real, programarla en las franjas horarias m\u00e1s baratas y disfrutar de una conectividad sin l\u00edmites. Es el primer cargador que cuenta con un <strong>Bot de Telegram<\/strong>, conexi\u00f3n a <strong>Alexa<\/strong>, integraci\u00f3n con <strong>Home Assistant<\/strong> y que <strong>se rearma de forma autom\u00e1tica<\/strong>. En caso de cortes de luz, no tendr\u00e1s que desplazarte al garaje. M\u00e1xima comodidad: tu e-Charger estar\u00e1 listo bajando y subiendo el autom\u00e1tico general de la vivienda.<\/p>\n<p>\u00a1Eso no es todo! Trydan cuenta con <strong>control din\u00e1mico de potencia<\/strong> para evitar sobrecargas e integra las protecciones el\u00e9ctricas en su interior.<\/p>\n<p>Puedes escoger la toma de salida:<\/p>\n<ul>\n<li>Socket Tipo 2<\/li>\n<li>Manguera Tipo 2 de 5 metros de longitud<\/li>\n<li>Manguera Tipo 2 de 5 metros de longitud con bot\u00f3n integrado para Tesla (Desde el propio conector, puedes abrir el puerto para iniciar la carga y desbloquear la manguera una vez finalizado el proceso)<\/li>\n<li>Manguera Tipo 2 de 10 metros de longitud<\/li>\n<\/ul>\n<p>Existe la posibilidad de incluir las protecciones el\u00e9ctricas en su interior y un enchufe shucko adicional en el lateral.<\/p>\n<p><img fetchpriority=\"high\" decoding=\"async\" class=\"wp-image-8607 size-full aligncenter\" src=\"https:\/\/v2charge.com\/store\/wp-content\/uploads\/2022\/09\/trydan-cargador.jpg\" alt=\"\" width=\"1005\" height=\"415\" srcset=\"https:\/\/v2charge.com\/store\/wp-content\/uploads\/2022\/09\/trydan-cargador.jpg 1005w, https:\/\/v2charge.com\/store\/wp-content\/uploads\/2022\/09\/trydan-cargador-300x124.jpg 300w, https:\/\/v2charge.com\/store\/wp-content\/uploads\/2022\/09\/trydan-cargador-768x317.jpg 768w, https:\/\/v2charge.com\/store\/wp-content\/uploads\/2022\/09\/trydan-cargador-812x335.jpg 812w\" sizes=\"(max-width: 1005px) 100vw, 1005px\" \/><\/p>\n<h2>Funcionalidades incluidas<\/h2>\n<ul>\n<li>Control din\u00e1mico de potencia (1 pinza)<\/li>\n<li>Acceso a la aplicaci\u00f3n multiplataforma V2C Cloud<\/li>\n<li>Actualizaciones autom\u00e1ticas para acceder a nuevas funcionalidades<\/li>\n<li>API integrada para desarrolladores<\/li>\n<li>Display LCD frontal<\/li>\n<li>Conexi\u00f3n WiFi\/Bluetooth<\/li>\n<li>OCPP 1.6 JSON<\/li>\n<\/ul>\n<h2>Caracter\u00edsticas generales<\/h2>\n<ul>\n<li>Color: Negro<\/li>\n<li>Material: Policarbonato MVR<\/li>\n<li>Peso: 2 kg (sin manguera) \/ 2,5 kg (sin manguera y con protecciones)<\/li>\n<li>Longitud manguera: 5 m \/ 10 m<\/li>\n<li>Tipo de manguera: Lisa \/ muelle<\/li>\n<li>Temperatura de funcionamiento: -25\u00ba a 50\u00ba<\/li>\n<li>Temperatura de almacenamiento: -40\u00ba a 70\u00ba<\/li>\n<li>Display<\/li>\n<li>Iluminaci\u00f3n RGB seg\u00fan estado de carga<\/li>\n<\/ul>\n<h2>Caracter\u00edsticas el\u00e9ctricas<\/h2>\n<ul>\n<li>Tipo de conector: Tipo2 \/ Socket<\/li>\n<li>Tipo de red: 230V\/400V<\/li>\n<li>Intensidad m\u00e1xima de recarga: 32A (por fase)<\/li>\n<li>Potencia m\u00e1xima de recarga: 7,4kW o 22kW en funci\u00f3n del modelo<\/li>\n<li>Corriente configurable: de 6 a 32 Amperios<\/li>\n<li>Frecuencia nominal: 50Hz \/ 60Hz<\/li>\n<li>\u00cdndice de protecci\u00f3n: IP54 \/ IK10<\/li>\n<li>Detecci\u00f3n de corriente residual: AC 30mA \/ DC 6mA en funci\u00f3n del modelo<\/li>\n<\/ul>\n<h2>Funcionalidades V2C Cloud<\/h2>\n<ul>\n<li>Programaci\u00f3n de potencia m\u00e1xima por hora<\/li>\n<li>Programaci\u00f3n horaria en varios tramos<\/li>\n<li>Historial estad\u00edstico de cargas<\/li>\n<li>Bloqueo y desbloqueo<\/li>\n<li>Configuraci\u00f3n con Alexa<\/li>\n<li>Compatibilidad con los inversores solares Huawei, SolaX, Fronius, Kostal y con el medidor Shelly para su integraci\u00f3n inal\u00e1mbrica<\/li>\n<\/ul>\n<p>&nbsp;<\/p>\n<p>&nbsp;<\/p>\n<p>&nbsp;<\/p>\n","protected":false},"excerpt":{"rendered":"<p>Trydan es el nuevo e-Charger con la <strong>tecnolog\u00eda m\u00e1s avanzada del mercado<\/strong> para cargar tu coche el\u00e9ctrico como nunca antes.<\/p>\n<p>Es compatible con todos los modelos de coches el\u00e9ctricos e h\u00edbridos enchufables <strong>Tipo 2<\/strong>.<\/p>\n<p>&nbsp;<\/p>\n","protected":false},"featured_media":8612,"template":"","meta":{"content-type":"","inline_featured_image":false},"product_brand":[],"product_cat":[67],"product_tag":[],"class_list":{"0":"post-2116","1":"product","2":"type-product","3":"status-publish","4":"has-post-thumbnail","6":"product_cat-e-chargers","8":"first","9":"instock","10":"taxable","11":"shipping-taxable","12":"purchasable","13":"product-type-variable"},"yoast_head":"<!-- This site is optimized with the Yoast SEO plugin v27.0 - https:\/\/yoast.com\/product\/yoast-seo-wordpress\/ -->\n<title>Comprar Online Trydan e-Charger | V2C Store<\/title>\n<meta name=\"description\" content=\"Compra online el cargador para veh\u00edculos el\u00e9ctricos TRYDAN | El cargador m\u00e1s innovador e inteligente | Env\u00edo gratuito\" \/>\n<meta name=\"robots\" content=\"index, follow, max-snippet:-1, max-image-preview:large, max-video-preview:-1\" \/>\n<link rel=\"canonical\" href=\"https:\/\/v2charge.com\/store\/es\/producto\/trydan\/\" \/>\n<meta property=\"og:locale\" content=\"es_ES\" \/>\n<meta property=\"og:type\" content=\"article\" \/>\n<meta property=\"og:title\" content=\"Comprar Online Trydan e-Charger | V2C Store\" \/>\n<meta property=\"og:description\" content=\"Compra online el cargador para veh\u00edculos el\u00e9ctricos TRYDAN | El cargador m\u00e1s innovador e inteligente | Env\u00edo gratuito\" \/>\n<meta property=\"og:url\" content=\"https:\/\/v2charge.com\/store\/es\/producto\/trydan\/\" \/>\n<meta property=\"og:site_name\" content=\"V2C Store\" \/>\n<meta property=\"article:modified_time\" content=\"2025-08-12T10:23:39+00:00\" \/>\n<meta property=\"og:image\" content=\"https:\/\/v2charge.com\/store\/wp-content\/uploads\/2019\/07\/trydan-echarger.jpg\" \/>\n\t<meta property=\"og:image:width\" content=\"600\" \/>\n\t<meta property=\"og:image:height\" content=\"600\" \/>\n\t<meta property=\"og:image:type\" content=\"image\/jpeg\" \/>\n<meta name=\"twitter:card\" content=\"summary_large_image\" \/>\n<meta name=\"twitter:label1\" content=\"Tiempo de lectura\" \/>\n\t<meta name=\"twitter:data1\" content=\"3 minutos\" \/>\n<script type=\"application\/ld+json\" class=\"yoast-schema-graph\">{\"@context\":\"https:\/\/schema.org\",\"@graph\":[{\"@type\":\"WebPage\",\"@id\":\"https:\/\/v2charge.com\/store\/es\/producto\/trydan\/\",\"url\":\"https:\/\/v2charge.com\/store\/es\/producto\/trydan\/\",\"name\":\"Comprar Online Trydan e-Charger | V2C Store\",\"isPartOf\":{\"@id\":\"https:\/\/v2charge.com\/store\/#website\"},\"primaryImageOfPage\":{\"@id\":\"https:\/\/v2charge.com\/store\/es\/producto\/trydan\/#primaryimage\"},\"image\":{\"@id\":\"https:\/\/v2charge.com\/store\/es\/producto\/trydan\/#primaryimage\"},\"thumbnailUrl\":\"https:\/\/v2charge.com\/store\/wp-content\/uploads\/2019\/07\/trydan-echarger.jpg\",\"datePublished\":\"2019-07-03T11:00:28+00:00\",\"dateModified\":\"2025-08-12T10:23:39+00:00\",\"description\":\"Compra online el cargador para veh\u00edculos el\u00e9ctricos TRYDAN | El cargador m\u00e1s innovador e inteligente | Env\u00edo gratuito\",\"breadcrumb\":{\"@id\":\"https:\/\/v2charge.com\/store\/es\/producto\/trydan\/#breadcrumb\"},\"inLanguage\":\"es\",\"potentialAction\":[{\"@type\":\"ReadAction\",\"target\":[\"https:\/\/v2charge.com\/store\/es\/producto\/trydan\/\"]}]},{\"@type\":\"ImageObject\",\"inLanguage\":\"es\",\"@id\":\"https:\/\/v2charge.com\/store\/es\/producto\/trydan\/#primaryimage\",\"url\":\"https:\/\/v2charge.com\/store\/wp-content\/uploads\/2019\/07\/trydan-echarger.jpg\",\"contentUrl\":\"https:\/\/v2charge.com\/store\/wp-content\/uploads\/2019\/07\/trydan-echarger.jpg\",\"width\":600,\"height\":600,\"caption\":\"Trydan\"},{\"@type\":\"BreadcrumbList\",\"@id\":\"https:\/\/v2charge.com\/store\/es\/producto\/trydan\/#breadcrumb\",\"itemListElement\":[{\"@type\":\"ListItem\",\"position\":1,\"name\":\"Portada\",\"item\":\"https:\/\/v2charge.com\/store\/es\/\"},{\"@type\":\"ListItem\",\"position\":2,\"name\":\"Tienda\",\"item\":\"https:\/\/v2charge.com\/store\/shop\/\"},{\"@type\":\"ListItem\",\"position\":3,\"name\":\"Trydan\"}]},{\"@type\":\"WebSite\",\"@id\":\"https:\/\/v2charge.com\/store\/#website\",\"url\":\"https:\/\/v2charge.com\/store\/\",\"name\":\"V2C Store\",\"description\":\"V2C Store\",\"publisher\":{\"@id\":\"https:\/\/v2charge.com\/store\/#organization\"},\"potentialAction\":[{\"@type\":\"SearchAction\",\"target\":{\"@type\":\"EntryPoint\",\"urlTemplate\":\"https:\/\/v2charge.com\/store\/?s={search_term_string}\"},\"query-input\":{\"@type\":\"PropertyValueSpecification\",\"valueRequired\":true,\"valueName\":\"search_term_string\"}}],\"inLanguage\":\"es\"},{\"@type\":\"Organization\",\"@id\":\"https:\/\/v2charge.com\/store\/#organization\",\"name\":\"V2C Store\",\"url\":\"https:\/\/v2charge.com\/store\/\",\"logo\":{\"@type\":\"ImageObject\",\"inLanguage\":\"es\",\"@id\":\"https:\/\/v2charge.com\/store\/#\/schema\/logo\/image\/\",\"url\":\"https:\/\/v2charge.com\/store\/wp-content\/uploads\/2022\/08\/cropped-cropped-logotipo-v2c-store-1.png\",\"contentUrl\":\"https:\/\/v2charge.com\/store\/wp-content\/uploads\/2022\/08\/cropped-cropped-logotipo-v2c-store-1.png\",\"width\":250,\"height\":65,\"caption\":\"V2C Store\"},\"image\":{\"@id\":\"https:\/\/v2charge.com\/store\/#\/schema\/logo\/image\/\"}}]}<\/script>\n<!-- \/ Yoast SEO plugin. -->","yoast_head_json":{"title":"Comprar Online Trydan e-Charger | V2C Store","description":"Compra online el cargador para veh\u00edculos el\u00e9ctricos TRYDAN | El cargador m\u00e1s innovador e inteligente | Env\u00edo gratuito","robots":{"index":"index","follow":"follow","max-snippet":"max-snippet:-1","max-image-preview":"max-image-preview:large","max-video-preview":"max-video-preview:-1"},"canonical":"https:\/\/v2charge.com\/store\/es\/producto\/trydan\/","og_locale":"es_ES","og_type":"article","og_title":"Comprar Online Trydan e-Charger | V2C Store","og_description":"Compra online el cargador para veh\u00edculos el\u00e9ctricos TRYDAN | El cargador m\u00e1s innovador e inteligente | Env\u00edo gratuito","og_url":"https:\/\/v2charge.com\/store\/es\/producto\/trydan\/","og_site_name":"V2C Store","article_modified_time":"2025-08-12T10:23:39+00:00","og_image":[{"width":600,"height":600,"url":"https:\/\/v2charge.com\/store\/wp-content\/uploads\/2019\/07\/trydan-echarger.jpg","type":"image\/jpeg"}],"twitter_card":"summary_large_image","twitter_misc":{"Tiempo de lectura":"3 minutos"},"schema":{"@context":"https:\/\/schema.org","@graph":[{"@type":"WebPage","@id":"https:\/\/v2charge.com\/store\/es\/producto\/trydan\/","url":"https:\/\/v2charge.com\/store\/es\/producto\/trydan\/","name":"Comprar Online Trydan e-Charger | V2C Store","isPartOf":{"@id":"https:\/\/v2charge.com\/store\/#website"},"primaryImageOfPage":{"@id":"https:\/\/v2charge.com\/store\/es\/producto\/trydan\/#primaryimage"},"image":{"@id":"https:\/\/v2charge.com\/store\/es\/producto\/trydan\/#primaryimage"},"thumbnailUrl":"https:\/\/v2charge.com\/store\/wp-content\/uploads\/2019\/07\/trydan-echarger.jpg","datePublished":"2019-07-03T11:00:28+00:00","dateModified":"2025-08-12T10:23:39+00:00","description":"Compra online el cargador para veh\u00edculos el\u00e9ctricos TRYDAN | El cargador m\u00e1s innovador e inteligente | Env\u00edo gratuito","breadcrumb":{"@id":"https:\/\/v2charge.com\/store\/es\/producto\/trydan\/#breadcrumb"},"inLanguage":"es","potentialAction":[{"@type":"ReadAction","target":["https:\/\/v2charge.com\/store\/es\/producto\/trydan\/"]}]},{"@type":"ImageObject","inLanguage":"es","@id":"https:\/\/v2charge.com\/store\/es\/producto\/trydan\/#primaryimage","url":"https:\/\/v2charge.com\/store\/wp-content\/uploads\/2019\/07\/trydan-echarger.jpg","contentUrl":"https:\/\/v2charge.com\/store\/wp-content\/uploads\/2019\/07\/trydan-echarger.jpg","width":600,"height":600,"caption":"Trydan"},{"@type":"BreadcrumbList","@id":"https:\/\/v2charge.com\/store\/es\/producto\/trydan\/#breadcrumb","itemListElement":[{"@type":"ListItem","position":1,"name":"Portada","item":"https:\/\/v2charge.com\/store\/es\/"},{"@type":"ListItem","position":2,"name":"Tienda","item":"https:\/\/v2charge.com\/store\/shop\/"},{"@type":"ListItem","position":3,"name":"Trydan"}]},{"@type":"WebSite","@id":"https:\/\/v2charge.com\/store\/#website","url":"https:\/\/v2charge.com\/store\/","name":"V2C Store","description":"V2C Store","publisher":{"@id":"https:\/\/v2charge.com\/store\/#organization"},"potentialAction":[{"@type":"SearchAction","target":{"@type":"EntryPoint","urlTemplate":"https:\/\/v2charge.com\/store\/?s={search_term_string}"},"query-input":{"@type":"PropertyValueSpecification","valueRequired":true,"valueName":"search_term_string"}}],"inLanguage":"es"},{"@type":"Organization","@id":"https:\/\/v2charge.com\/store\/#organization","name":"V2C Store","url":"https:\/\/v2charge.com\/store\/","logo":{"@type":"ImageObject","inLanguage":"es","@id":"https:\/\/v2charge.com\/store\/#\/schema\/logo\/image\/","url":"https:\/\/v2charge.com\/store\/wp-content\/uploads\/2022\/08\/cropped-cropped-logotipo-v2c-store-1.png","contentUrl":"https:\/\/v2charge.com\/store\/wp-content\/uploads\/2022\/08\/cropped-cropped-logotipo-v2c-store-1.png","width":250,"height":65,"caption":"V2C Store"},"image":{"@id":"https:\/\/v2charge.com\/store\/#\/schema\/logo\/image\/"}}]}},"_links":{"self":[{"href":"https:\/\/v2charge.com\/store\/es\/wp-json\/wp\/v2\/product\/2116","targetHints":{"allow":["GET"]}}],"collection":[{"href":"https:\/\/v2charge.com\/store\/es\/wp-json\/wp\/v2\/product"}],"about":[{"href":"https:\/\/v2charge.com\/store\/es\/wp-json\/wp\/v2\/types\/product"}],"wp:featuredmedia":[{"embeddable":true,"href":"https:\/\/v2charge.com\/store\/es\/wp-json\/wp\/v2\/media\/8612"}],"wp:attachment":[{"href":"https:\/\/v2charge.com\/store\/es\/wp-json\/wp\/v2\/media?parent=2116"}],"wp:term":[{"taxonomy":"product_brand","embeddable":true,"href":"https:\/\/v2charge.com\/store\/es\/wp-json\/wp\/v2\/product_brand?post=2116"},{"taxonomy":"product_cat","embeddable":true,"href":"https:\/\/v2charge.com\/store\/es\/wp-json\/wp\/v2\/product_cat?post=2116"},{"taxonomy":"product_tag","embeddable":true,"href":"https:\/\/v2charge.com\/store\/es\/wp-json\/wp\/v2\/product_tag?post=2116"}],"curies":[{"name":"wp","href":"https:\/\/api.w.org\/{rel}","templated":true}]}}