{"id":21502,"date":"2026-04-12T10:56:00","date_gmt":"2026-04-12T10:56:00","guid":{"rendered":"https:\/\/v2charge.com\/store\/?post_type=product&#038;p=21502"},"modified":"2026-04-16T12:58:29","modified_gmt":"2026-04-16T12:58:29","slug":"medidor-bidireccional","status":"publish","type":"product","link":"https:\/\/v2charge.com\/store\/es\/producto\/medidor-bidireccional\/","title":{"rendered":"Medidor bidireccional + Pinza(s) 120A"},"content":{"rendered":"<p class=\"font-claude-response-body break-words whitespace-normal leading-[1.7]\">El medidor bidireccional es el componente clave para llevar el <strong>control din\u00e1mico de potencia<\/strong> de tu instalaci\u00f3n el\u00e9ctrica al siguiente nivel. Gracias a su capacidad de medici\u00f3n bidireccional, el dispositivo monitoriza en tiempo real tanto el consumo del hogar como los posibles <strong>excedentes de energ\u00eda fotovoltaica<\/strong>, ajustando de forma autom\u00e1tica la potencia destinada a la carga de tu veh\u00edculo el\u00e9ctrico para que nunca se supere la potencia contratada.<\/p>\n<h2 class=\"text-text-100 mt-2 -mb-1 text-base font-bold\">C\u00f3mo funciona el medidor bidireccional<\/h2>\n<p class=\"font-claude-response-body break-words whitespace-normal leading-[1.7]\">Una vez instalado en el cuadro el\u00e9ctrico, el medidor lee continuamente el flujo de energ\u00eda a trav\u00e9s de sus pinzas amperim\u00e9tricas. Esta informaci\u00f3n es enviada al cargador Trydan\/Trydan Pro, que <strong>adapta en tiempo real la intensidad de carga del veh\u00edculo en funci\u00f3n del consumo instant\u00e1neo del hogar<\/strong>.<\/p>\n<p class=\"font-claude-response-body break-words whitespace-normal leading-[1.7]\">El medidor ofrece datos precisos de consumo, producci\u00f3n e importaci\u00f3n\/exportaci\u00f3n en tiempo real, visibles desde la app gratuita V2C Cloud. El resultado: una carga siempre eficiente, sin saltos de diferencial y sin desperdiciar ning\u00fan vatio disponible.<\/p>\n<h2 class=\"text-text-100 mt-2 -mb-1 text-base font-bold\">Dos versiones del medidor bidireccional para cada tipo de instalaci\u00f3n<\/h2>\n<p class=\"font-claude-response-body break-words whitespace-normal leading-[1.7]\">El medidor bidireccional est\u00e1 disponible en dos configuraciones para adaptarse al tipo de red el\u00e9ctrica de tu vivienda:<\/p>\n<p class=\"font-claude-response-body break-words whitespace-normal leading-[1.7]\"><strong>Monof\u00e1sico + 1 Pinza 120A<\/strong> \u2014 Ideal para instalaciones con suministro monof\u00e1sico. Incluye una pinza amperim\u00e9trica de 120A para la medici\u00f3n de la acometida general del hogar.<\/p>\n<p class=\"font-claude-response-body break-words whitespace-normal leading-[1.7]\"><strong>Trif\u00e1sico + 3 Pinzas 120A<\/strong> \u2014 Dise\u00f1ado para instalaciones con suministro trif\u00e1sico. Incluye tres pinzas amperim\u00e9tricas de 120A, una por fase, para una medici\u00f3n completa y precisa de toda la instalaci\u00f3n.<\/p>\n<h2>\u00bfC\u00f3mo instalar el medidor bidireccional V2C?<\/h2>\n<p>Consulta la documentaci\u00f3n oficial de soporte de V2C para realizar la instalaci\u00f3n de forma correcta y segura:<\/p>\n<p>\ud83d\udd17 <a href=\"https:\/\/v2charge.com\/es\/soporte\/control-potencia\/dinamico\/\" target=\"_blank\" rel=\"noopener\">Control Din\u00e1mico de Potencia \u2014 Gu\u00eda general<\/a><br \/>\n\ud83d\udd17 <a href=\"https:\/\/v2charge.com\/es\/soporte\/control-potencia\/dinamico\/medidores-cableados\/#medidores-cableados\" target=\"_blank\" rel=\"noopener\">\u00bfC\u00f3mo realizar la instalaci\u00f3n del medidor? &#8211; Selecciona la opci\u00f3n &#8216;Eastron&#8217;<\/a><\/p>\n<p>Una vez instalado, la configuraci\u00f3n del control din\u00e1mico de potencia se realiza f\u00e1cilmente desde la aplicaci\u00f3n V2C Cloud o desde el portal web, seleccionando el esquema de instalaci\u00f3n correspondiente (monof\u00e1sico o trif\u00e1sico, con o sin fotovoltaica).<\/p>\n","protected":false},"excerpt":{"rendered":"<p>Dispositivo de medici\u00f3n y control para una gesti\u00f3n energ\u00e9tica inteligente en tu hogar.<\/p>\n<p>El medidor bidireccional realiza el <strong>control din\u00e1mico de potencia<\/strong> balanceando autom\u00e1ticamente la potencia contratada entre la carga de tu veh\u00edculo el\u00e9ctrico y los consumos del hogar. Disponible en dos versiones seg\u00fan tu instalaci\u00f3n: <strong>monof\u00e1sico (1 pinza 120A)<\/strong> o <strong>trif\u00e1sico (3 pinzas 120A)<\/strong>.<\/p>\n","protected":false},"featured_media":21519,"template":"","meta":{"content-type":"","inline_featured_image":false},"product_brand":[],"product_cat":[168],"product_tag":[],"class_list":{"0":"post-21502","1":"product","2":"type-product","3":"status-publish","4":"has-post-thumbnail","6":"product_cat-accesorios","8":"first","9":"instock","10":"taxable","11":"shipping-taxable","12":"purchasable","13":"product-type-variable"},"yoast_head":"<!-- This site is optimized with the Yoast SEO plugin v27.0 - https:\/\/yoast.com\/product\/yoast-seo-wordpress\/ -->\n<title>Medidor bidireccional + Pinza(s) 120A - Monof\u00e1sico o trif\u00e1sico<\/title>\n<meta name=\"description\" content=\"Compra el medidor bidireccional + Pinza(s) 120A para realizar el control din\u00e1mico de potencia de tu e-Charger | V2C Store\" \/>\n<meta name=\"robots\" content=\"index, follow, max-snippet:-1, max-image-preview:large, max-video-preview:-1\" \/>\n<link rel=\"canonical\" href=\"https:\/\/v2charge.com\/store\/es\/producto\/medidor-bidireccional\/\" \/>\n<meta property=\"og:locale\" content=\"es_ES\" \/>\n<meta property=\"og:type\" content=\"article\" \/>\n<meta property=\"og:title\" content=\"Medidor bidireccional + Pinza(s) 120A - Monof\u00e1sico o trif\u00e1sico\" \/>\n<meta property=\"og:description\" content=\"Compra el medidor bidireccional + Pinza(s) 120A para realizar el control din\u00e1mico de potencia de tu e-Charger | V2C Store\" \/>\n<meta property=\"og:url\" content=\"https:\/\/v2charge.com\/store\/es\/producto\/medidor-bidireccional\/\" \/>\n<meta property=\"og:site_name\" content=\"V2C Store\" \/>\n<meta property=\"article:modified_time\" content=\"2026-04-16T12:58:29+00:00\" \/>\n<meta property=\"og:image\" content=\"https:\/\/v2charge.com\/store\/wp-content\/uploads\/2026\/04\/v2c-bidirectional-single-phase-meter.jpg\" \/>\n\t<meta property=\"og:image:width\" content=\"600\" \/>\n\t<meta property=\"og:image:height\" content=\"600\" \/>\n\t<meta property=\"og:image:type\" content=\"image\/jpeg\" \/>\n<meta name=\"twitter:card\" content=\"summary_large_image\" \/>\n<meta name=\"twitter:label1\" content=\"Tiempo de lectura\" \/>\n\t<meta name=\"twitter:data1\" content=\"2 minutos\" \/>\n<script type=\"application\/ld+json\" class=\"yoast-schema-graph\">{\"@context\":\"https:\/\/schema.org\",\"@graph\":[{\"@type\":\"WebPage\",\"@id\":\"https:\/\/v2charge.com\/store\/es\/producto\/medidor-bidireccional\/\",\"url\":\"https:\/\/v2charge.com\/store\/es\/producto\/medidor-bidireccional\/\",\"name\":\"Medidor bidireccional + Pinza(s) 120A - Monof\u00e1sico o trif\u00e1sico\",\"isPartOf\":{\"@id\":\"https:\/\/v2charge.com\/store\/#website\"},\"primaryImageOfPage\":{\"@id\":\"https:\/\/v2charge.com\/store\/es\/producto\/medidor-bidireccional\/#primaryimage\"},\"image\":{\"@id\":\"https:\/\/v2charge.com\/store\/es\/producto\/medidor-bidireccional\/#primaryimage\"},\"thumbnailUrl\":\"https:\/\/v2charge.com\/store\/wp-content\/uploads\/2026\/04\/v2c-bidirectional-single-phase-meter.jpg\",\"datePublished\":\"2026-04-12T10:56:00+00:00\",\"dateModified\":\"2026-04-16T12:58:29+00:00\",\"description\":\"Compra el medidor bidireccional + Pinza(s) 120A para realizar el control din\u00e1mico de potencia de tu e-Charger | V2C Store\",\"breadcrumb\":{\"@id\":\"https:\/\/v2charge.com\/store\/es\/producto\/medidor-bidireccional\/#breadcrumb\"},\"inLanguage\":\"es\",\"potentialAction\":[{\"@type\":\"ReadAction\",\"target\":[\"https:\/\/v2charge.com\/store\/es\/producto\/medidor-bidireccional\/\"]}]},{\"@type\":\"ImageObject\",\"inLanguage\":\"es\",\"@id\":\"https:\/\/v2charge.com\/store\/es\/producto\/medidor-bidireccional\/#primaryimage\",\"url\":\"https:\/\/v2charge.com\/store\/wp-content\/uploads\/2026\/04\/v2c-bidirectional-single-phase-meter.jpg\",\"contentUrl\":\"https:\/\/v2charge.com\/store\/wp-content\/uploads\/2026\/04\/v2c-bidirectional-single-phase-meter.jpg\",\"width\":600,\"height\":600},{\"@type\":\"BreadcrumbList\",\"@id\":\"https:\/\/v2charge.com\/store\/es\/producto\/medidor-bidireccional\/#breadcrumb\",\"itemListElement\":[{\"@type\":\"ListItem\",\"position\":1,\"name\":\"Portada\",\"item\":\"https:\/\/v2charge.com\/store\/pt-pt\/\"},{\"@type\":\"ListItem\",\"position\":2,\"name\":\"Tienda\",\"item\":\"https:\/\/v2charge.com\/store\/shop\/\"},{\"@type\":\"ListItem\",\"position\":3,\"name\":\"Medidor bidireccional + Pinza(s) 120A\"}]},{\"@type\":\"WebSite\",\"@id\":\"https:\/\/v2charge.com\/store\/#website\",\"url\":\"https:\/\/v2charge.com\/store\/\",\"name\":\"V2C Store\",\"description\":\"V2C Store\",\"publisher\":{\"@id\":\"https:\/\/v2charge.com\/store\/#organization\"},\"potentialAction\":[{\"@type\":\"SearchAction\",\"target\":{\"@type\":\"EntryPoint\",\"urlTemplate\":\"https:\/\/v2charge.com\/store\/?s={search_term_string}\"},\"query-input\":{\"@type\":\"PropertyValueSpecification\",\"valueRequired\":true,\"valueName\":\"search_term_string\"}}],\"inLanguage\":\"es\"},{\"@type\":\"Organization\",\"@id\":\"https:\/\/v2charge.com\/store\/#organization\",\"name\":\"V2C Store\",\"url\":\"https:\/\/v2charge.com\/store\/\",\"logo\":{\"@type\":\"ImageObject\",\"inLanguage\":\"es\",\"@id\":\"https:\/\/v2charge.com\/store\/#\/schema\/logo\/image\/\",\"url\":\"https:\/\/v2charge.com\/store\/wp-content\/uploads\/2022\/08\/cropped-cropped-logotipo-v2c-store-1.png\",\"contentUrl\":\"https:\/\/v2charge.com\/store\/wp-content\/uploads\/2022\/08\/cropped-cropped-logotipo-v2c-store-1.png\",\"width\":250,\"height\":65,\"caption\":\"V2C Store\"},\"image\":{\"@id\":\"https:\/\/v2charge.com\/store\/#\/schema\/logo\/image\/\"}}]}<\/script>\n<!-- \/ Yoast SEO plugin. -->","yoast_head_json":{"title":"Medidor bidireccional + Pinza(s) 120A - Monof\u00e1sico o trif\u00e1sico","description":"Compra el medidor bidireccional + Pinza(s) 120A para realizar el control din\u00e1mico de potencia de tu e-Charger | V2C Store","robots":{"index":"index","follow":"follow","max-snippet":"max-snippet:-1","max-image-preview":"max-image-preview:large","max-video-preview":"max-video-preview:-1"},"canonical":"https:\/\/v2charge.com\/store\/es\/producto\/medidor-bidireccional\/","og_locale":"es_ES","og_type":"article","og_title":"Medidor bidireccional + Pinza(s) 120A - Monof\u00e1sico o trif\u00e1sico","og_description":"Compra el medidor bidireccional + Pinza(s) 120A para realizar el control din\u00e1mico de potencia de tu e-Charger | V2C Store","og_url":"https:\/\/v2charge.com\/store\/es\/producto\/medidor-bidireccional\/","og_site_name":"V2C Store","article_modified_time":"2026-04-16T12:58:29+00:00","og_image":[{"width":600,"height":600,"url":"https:\/\/v2charge.com\/store\/wp-content\/uploads\/2026\/04\/v2c-bidirectional-single-phase-meter.jpg","type":"image\/jpeg"}],"twitter_card":"summary_large_image","twitter_misc":{"Tiempo de lectura":"2 minutos"},"schema":{"@context":"https:\/\/schema.org","@graph":[{"@type":"WebPage","@id":"https:\/\/v2charge.com\/store\/es\/producto\/medidor-bidireccional\/","url":"https:\/\/v2charge.com\/store\/es\/producto\/medidor-bidireccional\/","name":"Medidor bidireccional + Pinza(s) 120A - Monof\u00e1sico o trif\u00e1sico","isPartOf":{"@id":"https:\/\/v2charge.com\/store\/#website"},"primaryImageOfPage":{"@id":"https:\/\/v2charge.com\/store\/es\/producto\/medidor-bidireccional\/#primaryimage"},"image":{"@id":"https:\/\/v2charge.com\/store\/es\/producto\/medidor-bidireccional\/#primaryimage"},"thumbnailUrl":"https:\/\/v2charge.com\/store\/wp-content\/uploads\/2026\/04\/v2c-bidirectional-single-phase-meter.jpg","datePublished":"2026-04-12T10:56:00+00:00","dateModified":"2026-04-16T12:58:29+00:00","description":"Compra el medidor bidireccional + Pinza(s) 120A para realizar el control din\u00e1mico de potencia de tu e-Charger | V2C Store","breadcrumb":{"@id":"https:\/\/v2charge.com\/store\/es\/producto\/medidor-bidireccional\/#breadcrumb"},"inLanguage":"es","potentialAction":[{"@type":"ReadAction","target":["https:\/\/v2charge.com\/store\/es\/producto\/medidor-bidireccional\/"]}]},{"@type":"ImageObject","inLanguage":"es","@id":"https:\/\/v2charge.com\/store\/es\/producto\/medidor-bidireccional\/#primaryimage","url":"https:\/\/v2charge.com\/store\/wp-content\/uploads\/2026\/04\/v2c-bidirectional-single-phase-meter.jpg","contentUrl":"https:\/\/v2charge.com\/store\/wp-content\/uploads\/2026\/04\/v2c-bidirectional-single-phase-meter.jpg","width":600,"height":600},{"@type":"BreadcrumbList","@id":"https:\/\/v2charge.com\/store\/es\/producto\/medidor-bidireccional\/#breadcrumb","itemListElement":[{"@type":"ListItem","position":1,"name":"Portada","item":"https:\/\/v2charge.com\/store\/pt-pt\/"},{"@type":"ListItem","position":2,"name":"Tienda","item":"https:\/\/v2charge.com\/store\/shop\/"},{"@type":"ListItem","position":3,"name":"Medidor bidireccional + Pinza(s) 120A"}]},{"@type":"WebSite","@id":"https:\/\/v2charge.com\/store\/#website","url":"https:\/\/v2charge.com\/store\/","name":"V2C Store","description":"V2C Store","publisher":{"@id":"https:\/\/v2charge.com\/store\/#organization"},"potentialAction":[{"@type":"SearchAction","target":{"@type":"EntryPoint","urlTemplate":"https:\/\/v2charge.com\/store\/?s={search_term_string}"},"query-input":{"@type":"PropertyValueSpecification","valueRequired":true,"valueName":"search_term_string"}}],"inLanguage":"es"},{"@type":"Organization","@id":"https:\/\/v2charge.com\/store\/#organization","name":"V2C Store","url":"https:\/\/v2charge.com\/store\/","logo":{"@type":"ImageObject","inLanguage":"es","@id":"https:\/\/v2charge.com\/store\/#\/schema\/logo\/image\/","url":"https:\/\/v2charge.com\/store\/wp-content\/uploads\/2022\/08\/cropped-cropped-logotipo-v2c-store-1.png","contentUrl":"https:\/\/v2charge.com\/store\/wp-content\/uploads\/2022\/08\/cropped-cropped-logotipo-v2c-store-1.png","width":250,"height":65,"caption":"V2C Store"},"image":{"@id":"https:\/\/v2charge.com\/store\/#\/schema\/logo\/image\/"}}]}},"_links":{"self":[{"href":"https:\/\/v2charge.com\/store\/es\/wp-json\/wp\/v2\/product\/21502","targetHints":{"allow":["GET"]}}],"collection":[{"href":"https:\/\/v2charge.com\/store\/es\/wp-json\/wp\/v2\/product"}],"about":[{"href":"https:\/\/v2charge.com\/store\/es\/wp-json\/wp\/v2\/types\/product"}],"wp:featuredmedia":[{"embeddable":true,"href":"https:\/\/v2charge.com\/store\/es\/wp-json\/wp\/v2\/media\/21519"}],"wp:attachment":[{"href":"https:\/\/v2charge.com\/store\/es\/wp-json\/wp\/v2\/media?parent=21502"}],"wp:term":[{"taxonomy":"product_brand","embeddable":true,"href":"https:\/\/v2charge.com\/store\/es\/wp-json\/wp\/v2\/product_brand?post=21502"},{"taxonomy":"product_cat","embeddable":true,"href":"https:\/\/v2charge.com\/store\/es\/wp-json\/wp\/v2\/product_cat?post=21502"},{"taxonomy":"product_tag","embeddable":true,"href":"https:\/\/v2charge.com\/store\/es\/wp-json\/wp\/v2\/product_tag?post=21502"}],"curies":[{"name":"wp","href":"https:\/\/api.w.org\/{rel}","templated":true}]}}