{"id":8772,"date":"2023-01-09T09:27:39","date_gmt":"2023-01-09T09:27:39","guid":{"rendered":"https:\/\/v2charge.com\/store\/?post_type=product&#038;p=8772"},"modified":"2025-01-31T13:11:36","modified_gmt":"2025-01-31T13:11:36","slug":"pinza-fotovoltaica-100a","status":"publish","type":"product","link":"https:\/\/v2charge.com\/store\/es\/producto\/pinza-fotovoltaica-100a\/","title":{"rendered":"Pinza control din\u00e1mico de potencia para fotovoltaica 100A"},"content":{"rendered":"","protected":false},"excerpt":{"rendered":"<p>Pinza para la instalaci\u00f3n con control din\u00e1mico de potencia de un e-Charger para veh\u00edculo el\u00e9ctrico.<\/p>\n<p>Fotovoltaica 100A.<\/p>\n","protected":false},"featured_media":8773,"template":"","meta":{"content-type":"","inline_featured_image":false},"product_brand":[],"product_cat":[43],"product_tag":[],"class_list":{"0":"post-8772","1":"product","2":"type-product","3":"status-publish","4":"has-post-thumbnail","6":"product_cat-accessories","8":"first","9":"instock","10":"taxable","11":"shipping-taxable","12":"purchasable","13":"product-type-simple"},"yoast_head":"<!-- This site is optimized with the Yoast SEO plugin v27.0 - https:\/\/yoast.com\/product\/yoast-seo-wordpress\/ -->\n<title>Comprar pinza 100A Instalaci\u00f3n Punto de Recarga<\/title>\n<meta name=\"description\" content=\"Pinza para fotovoltaica 100A para la instalaci\u00f3n de un cargador para veh\u00edculo el\u00e9ctrico | Control din\u00e1mico de potencia - V2C\" \/>\n<meta name=\"robots\" content=\"index, follow, max-snippet:-1, max-image-preview:large, max-video-preview:-1\" \/>\n<link rel=\"canonical\" href=\"https:\/\/v2charge.com\/store\/es\/producto\/pinza-fotovoltaica-100a\/\" \/>\n<meta property=\"og:locale\" content=\"es_ES\" \/>\n<meta property=\"og:type\" content=\"article\" \/>\n<meta property=\"og:title\" content=\"Comprar pinza 100A Instalaci\u00f3n Punto de Recarga\" \/>\n<meta property=\"og:description\" content=\"Pinza para fotovoltaica 100A para la instalaci\u00f3n de un cargador para veh\u00edculo el\u00e9ctrico | Control din\u00e1mico de potencia - V2C\" \/>\n<meta property=\"og:url\" content=\"https:\/\/v2charge.com\/store\/es\/producto\/pinza-fotovoltaica-100a\/\" \/>\n<meta property=\"og:site_name\" content=\"V2C Store\" \/>\n<meta property=\"article:modified_time\" content=\"2025-01-31T13:11:36+00:00\" \/>\n<meta property=\"og:image\" content=\"https:\/\/v2charge.com\/store\/wp-content\/uploads\/2023\/01\/pinza-control-dinamico-potencia.jpg\" \/>\n\t<meta property=\"og:image:width\" content=\"600\" \/>\n\t<meta property=\"og:image:height\" content=\"600\" \/>\n\t<meta property=\"og:image:type\" content=\"image\/jpeg\" \/>\n<meta name=\"twitter:card\" content=\"summary_large_image\" \/>\n<meta name=\"twitter:label1\" content=\"Tiempo de lectura\" \/>\n\t<meta name=\"twitter:data1\" content=\"1 minuto\" \/>\n<script type=\"application\/ld+json\" class=\"yoast-schema-graph\">{\"@context\":\"https:\/\/schema.org\",\"@graph\":[{\"@type\":\"WebPage\",\"@id\":\"https:\/\/v2charge.com\/store\/es\/producto\/pinza-fotovoltaica-100a\/\",\"url\":\"https:\/\/v2charge.com\/store\/es\/producto\/pinza-fotovoltaica-100a\/\",\"name\":\"Comprar pinza 100A Instalaci\u00f3n Punto de Recarga\",\"isPartOf\":{\"@id\":\"https:\/\/v2charge.com\/store\/#website\"},\"primaryImageOfPage\":{\"@id\":\"https:\/\/v2charge.com\/store\/es\/producto\/pinza-fotovoltaica-100a\/#primaryimage\"},\"image\":{\"@id\":\"https:\/\/v2charge.com\/store\/es\/producto\/pinza-fotovoltaica-100a\/#primaryimage\"},\"thumbnailUrl\":\"https:\/\/v2charge.com\/store\/wp-content\/uploads\/2023\/01\/pinza-control-dinamico-potencia.jpg\",\"datePublished\":\"2023-01-09T09:27:39+00:00\",\"dateModified\":\"2025-01-31T13:11:36+00:00\",\"description\":\"Pinza para fotovoltaica 100A para la instalaci\u00f3n de un cargador para veh\u00edculo el\u00e9ctrico | Control din\u00e1mico de potencia - V2C\",\"breadcrumb\":{\"@id\":\"https:\/\/v2charge.com\/store\/es\/producto\/pinza-fotovoltaica-100a\/#breadcrumb\"},\"inLanguage\":\"es\",\"potentialAction\":[{\"@type\":\"ReadAction\",\"target\":[\"https:\/\/v2charge.com\/store\/es\/producto\/pinza-fotovoltaica-100a\/\"]}]},{\"@type\":\"ImageObject\",\"inLanguage\":\"es\",\"@id\":\"https:\/\/v2charge.com\/store\/es\/producto\/pinza-fotovoltaica-100a\/#primaryimage\",\"url\":\"https:\/\/v2charge.com\/store\/wp-content\/uploads\/2023\/01\/pinza-control-dinamico-potencia.jpg\",\"contentUrl\":\"https:\/\/v2charge.com\/store\/wp-content\/uploads\/2023\/01\/pinza-control-dinamico-potencia.jpg\",\"width\":600,\"height\":600,\"caption\":\"Pinza control din\u00e1mico de potencia\"},{\"@type\":\"BreadcrumbList\",\"@id\":\"https:\/\/v2charge.com\/store\/es\/producto\/pinza-fotovoltaica-100a\/#breadcrumb\",\"itemListElement\":[{\"@type\":\"ListItem\",\"position\":1,\"name\":\"Portada\",\"item\":\"https:\/\/v2charge.com\/store\/es\/\"},{\"@type\":\"ListItem\",\"position\":2,\"name\":\"Tienda\",\"item\":\"https:\/\/v2charge.com\/store\/shop\/\"},{\"@type\":\"ListItem\",\"position\":3,\"name\":\"Pinza control din\u00e1mico de potencia para fotovoltaica 100A\"}]},{\"@type\":\"WebSite\",\"@id\":\"https:\/\/v2charge.com\/store\/#website\",\"url\":\"https:\/\/v2charge.com\/store\/\",\"name\":\"V2C Store\",\"description\":\"V2C Store\",\"publisher\":{\"@id\":\"https:\/\/v2charge.com\/store\/#organization\"},\"potentialAction\":[{\"@type\":\"SearchAction\",\"target\":{\"@type\":\"EntryPoint\",\"urlTemplate\":\"https:\/\/v2charge.com\/store\/?s={search_term_string}\"},\"query-input\":{\"@type\":\"PropertyValueSpecification\",\"valueRequired\":true,\"valueName\":\"search_term_string\"}}],\"inLanguage\":\"es\"},{\"@type\":\"Organization\",\"@id\":\"https:\/\/v2charge.com\/store\/#organization\",\"name\":\"V2C Store\",\"url\":\"https:\/\/v2charge.com\/store\/\",\"logo\":{\"@type\":\"ImageObject\",\"inLanguage\":\"es\",\"@id\":\"https:\/\/v2charge.com\/store\/#\/schema\/logo\/image\/\",\"url\":\"https:\/\/v2charge.com\/store\/wp-content\/uploads\/2022\/08\/cropped-cropped-logotipo-v2c-store-1.png\",\"contentUrl\":\"https:\/\/v2charge.com\/store\/wp-content\/uploads\/2022\/08\/cropped-cropped-logotipo-v2c-store-1.png\",\"width\":250,\"height\":65,\"caption\":\"V2C Store\"},\"image\":{\"@id\":\"https:\/\/v2charge.com\/store\/#\/schema\/logo\/image\/\"}}]}<\/script>\n<!-- \/ Yoast SEO plugin. -->","yoast_head_json":{"title":"Comprar pinza 100A Instalaci\u00f3n Punto de Recarga","description":"Pinza para fotovoltaica 100A para la instalaci\u00f3n de un cargador para veh\u00edculo el\u00e9ctrico | Control din\u00e1mico de potencia - V2C","robots":{"index":"index","follow":"follow","max-snippet":"max-snippet:-1","max-image-preview":"max-image-preview:large","max-video-preview":"max-video-preview:-1"},"canonical":"https:\/\/v2charge.com\/store\/es\/producto\/pinza-fotovoltaica-100a\/","og_locale":"es_ES","og_type":"article","og_title":"Comprar pinza 100A Instalaci\u00f3n Punto de Recarga","og_description":"Pinza para fotovoltaica 100A para la instalaci\u00f3n de un cargador para veh\u00edculo el\u00e9ctrico | Control din\u00e1mico de potencia - V2C","og_url":"https:\/\/v2charge.com\/store\/es\/producto\/pinza-fotovoltaica-100a\/","og_site_name":"V2C Store","article_modified_time":"2025-01-31T13:11:36+00:00","og_image":[{"width":600,"height":600,"url":"https:\/\/v2charge.com\/store\/wp-content\/uploads\/2023\/01\/pinza-control-dinamico-potencia.jpg","type":"image\/jpeg"}],"twitter_card":"summary_large_image","twitter_misc":{"Tiempo de lectura":"1 minuto"},"schema":{"@context":"https:\/\/schema.org","@graph":[{"@type":"WebPage","@id":"https:\/\/v2charge.com\/store\/es\/producto\/pinza-fotovoltaica-100a\/","url":"https:\/\/v2charge.com\/store\/es\/producto\/pinza-fotovoltaica-100a\/","name":"Comprar pinza 100A Instalaci\u00f3n Punto de Recarga","isPartOf":{"@id":"https:\/\/v2charge.com\/store\/#website"},"primaryImageOfPage":{"@id":"https:\/\/v2charge.com\/store\/es\/producto\/pinza-fotovoltaica-100a\/#primaryimage"},"image":{"@id":"https:\/\/v2charge.com\/store\/es\/producto\/pinza-fotovoltaica-100a\/#primaryimage"},"thumbnailUrl":"https:\/\/v2charge.com\/store\/wp-content\/uploads\/2023\/01\/pinza-control-dinamico-potencia.jpg","datePublished":"2023-01-09T09:27:39+00:00","dateModified":"2025-01-31T13:11:36+00:00","description":"Pinza para fotovoltaica 100A para la instalaci\u00f3n de un cargador para veh\u00edculo el\u00e9ctrico | Control din\u00e1mico de potencia - V2C","breadcrumb":{"@id":"https:\/\/v2charge.com\/store\/es\/producto\/pinza-fotovoltaica-100a\/#breadcrumb"},"inLanguage":"es","potentialAction":[{"@type":"ReadAction","target":["https:\/\/v2charge.com\/store\/es\/producto\/pinza-fotovoltaica-100a\/"]}]},{"@type":"ImageObject","inLanguage":"es","@id":"https:\/\/v2charge.com\/store\/es\/producto\/pinza-fotovoltaica-100a\/#primaryimage","url":"https:\/\/v2charge.com\/store\/wp-content\/uploads\/2023\/01\/pinza-control-dinamico-potencia.jpg","contentUrl":"https:\/\/v2charge.com\/store\/wp-content\/uploads\/2023\/01\/pinza-control-dinamico-potencia.jpg","width":600,"height":600,"caption":"Pinza control din\u00e1mico de potencia"},{"@type":"BreadcrumbList","@id":"https:\/\/v2charge.com\/store\/es\/producto\/pinza-fotovoltaica-100a\/#breadcrumb","itemListElement":[{"@type":"ListItem","position":1,"name":"Portada","item":"https:\/\/v2charge.com\/store\/es\/"},{"@type":"ListItem","position":2,"name":"Tienda","item":"https:\/\/v2charge.com\/store\/shop\/"},{"@type":"ListItem","position":3,"name":"Pinza control din\u00e1mico de potencia para fotovoltaica 100A"}]},{"@type":"WebSite","@id":"https:\/\/v2charge.com\/store\/#website","url":"https:\/\/v2charge.com\/store\/","name":"V2C Store","description":"V2C Store","publisher":{"@id":"https:\/\/v2charge.com\/store\/#organization"},"potentialAction":[{"@type":"SearchAction","target":{"@type":"EntryPoint","urlTemplate":"https:\/\/v2charge.com\/store\/?s={search_term_string}"},"query-input":{"@type":"PropertyValueSpecification","valueRequired":true,"valueName":"search_term_string"}}],"inLanguage":"es"},{"@type":"Organization","@id":"https:\/\/v2charge.com\/store\/#organization","name":"V2C Store","url":"https:\/\/v2charge.com\/store\/","logo":{"@type":"ImageObject","inLanguage":"es","@id":"https:\/\/v2charge.com\/store\/#\/schema\/logo\/image\/","url":"https:\/\/v2charge.com\/store\/wp-content\/uploads\/2022\/08\/cropped-cropped-logotipo-v2c-store-1.png","contentUrl":"https:\/\/v2charge.com\/store\/wp-content\/uploads\/2022\/08\/cropped-cropped-logotipo-v2c-store-1.png","width":250,"height":65,"caption":"V2C Store"},"image":{"@id":"https:\/\/v2charge.com\/store\/#\/schema\/logo\/image\/"}}]}},"_links":{"self":[{"href":"https:\/\/v2charge.com\/store\/es\/wp-json\/wp\/v2\/product\/8772","targetHints":{"allow":["GET"]}}],"collection":[{"href":"https:\/\/v2charge.com\/store\/es\/wp-json\/wp\/v2\/product"}],"about":[{"href":"https:\/\/v2charge.com\/store\/es\/wp-json\/wp\/v2\/types\/product"}],"wp:featuredmedia":[{"embeddable":true,"href":"https:\/\/v2charge.com\/store\/es\/wp-json\/wp\/v2\/media\/8773"}],"wp:attachment":[{"href":"https:\/\/v2charge.com\/store\/es\/wp-json\/wp\/v2\/media?parent=8772"}],"wp:term":[{"taxonomy":"product_brand","embeddable":true,"href":"https:\/\/v2charge.com\/store\/es\/wp-json\/wp\/v2\/product_brand?post=8772"},{"taxonomy":"product_cat","embeddable":true,"href":"https:\/\/v2charge.com\/store\/es\/wp-json\/wp\/v2\/product_cat?post=8772"},{"taxonomy":"product_tag","embeddable":true,"href":"https:\/\/v2charge.com\/store\/es\/wp-json\/wp\/v2\/product_tag?post=8772"}],"curies":[{"name":"wp","href":"https:\/\/api.w.org\/{rel}","templated":true}]}}