{"id":9619,"date":"2022-09-02T08:04:12","date_gmt":"2022-09-02T08:04:12","guid":{"rendered":"https:\/\/v2charge.com\/store\/condiciones\/"},"modified":"2025-09-08T06:18:13","modified_gmt":"2025-09-08T06:18:13","slug":"conditions","status":"publish","type":"page","link":"https:\/\/v2charge.com\/store\/fr\/conditions\/","title":{"rendered":"Conditions de exp\u00e9dition et retour"},"content":{"rendered":"\n<h2 class=\"wp-block-heading\">EXP\u00c9DITION<\/h2>\n\n\n\n<p>Une fois le paiement re\u00e7u, nous traiterons la commande afin que vous receviez le produit \u00e0 l&rsquo;adresse indiqu\u00e9e dans un d\u00e9lai de <strong>3 \u00e0 5 jours ouvrables<\/strong>.<\/p>\n\n\n\n<p><strong>La livraison est enti\u00e8rement gratuite pour les commandes sup\u00e9rieures \u00e0 200\u20ac.<\/strong><\/p>\n\n\n\n<h2 class=\"wp-block-heading\">RETOURS<\/h2>\n\n\n\n<p>Vous pouvez retourner le produit dans un d\u00e9lai de 15 jours calendaires \u00e0 compter du jour suivant la r\u00e9ception de la commande, conform\u00e9ment aux r\u00e8gles de la vente \u00e0 distance.<\/p>\n\n\n\n<p><strong>Exigences :<\/strong><\/p>\n\n\n\n<p>Il est n\u00e9cessaire que vous nous contactiez V2C par t\u00e9l\u00e9phone +34 96 065 45 54 ou par email info@v2charge.com pour indiquer la raison du retour et proc\u00e9der au retour.<\/p>\n\n\n\n<p>Toute la marchandise doit \u00eatre retourn\u00e9e dans son emballage et conditions d&rsquo;origine, en parfait \u00e9tat et prot\u00e9g\u00e9e, en \u00e9vitant les autocollants, sceaux ou rubans adh\u00e9sifs directement sur la surface ou l&#8217;emballage de l&rsquo;article. Dans le cas contraire, V2C se r\u00e9serve le droit de refuser le retour.<\/p>\n\n\n\n<p>Dans ce d\u00e9lai de 15 jours, le mat\u00e9riel ne doit pas avoir \u00e9t\u00e9 utilis\u00e9, manipul\u00e9 ou descell\u00e9. Dans le cas contraire, le retour ne sera pas accept\u00e9.<\/p>\n\n\n\n<p>Les frais de transport de retour sont \u00e0 votre charge. En outre, 17,95 euros seront d\u00e9duits du montant \u00e0 rembourser pour les frais d&rsquo;exp\u00e9dition encourus par V2C.<\/p>\n\n\n\n<p>Une fois que les marchandises ont \u00e9t\u00e9 re\u00e7ues par V2C et qu&rsquo;il a \u00e9t\u00e9 v\u00e9rifi\u00e9 qu&rsquo;elles sont en parfait \u00e9tat, le remboursement est effectu\u00e9. Nous effectuerons le paiement dans un d\u00e9lai maximum de 10 jours calendaires \u00e0 compter de la r\u00e9ception du produit. Le mode de remboursement sera le m\u00eame que le mode de paiement.<\/p>\n","protected":false},"excerpt":{"rendered":"<p>EXP\u00c9DITION Une fois le paiement re\u00e7u, nous traiterons la commande afin que vous receviez le produit \u00e0 l&rsquo;adresse indiqu\u00e9e dans un d\u00e9lai de 3 \u00e0 5 jours ouvrables. La livraison est enti\u00e8rement gratuite pour les commandes sup\u00e9rieures \u00e0 200\u20ac. RETOURS Vous pouvez retourner le produit dans un d\u00e9lai de 15 jours calendaires \u00e0 compter du<a class=\"more-link\" href=\"https:\/\/v2charge.com\/store\/fr\/conditions\/\">Read more  &#10230;<\/a><\/p>\n","protected":false},"author":1,"featured_media":0,"parent":0,"menu_order":0,"comment_status":"closed","ping_status":"closed","template":"","meta":{"content-type":"","inline_featured_image":false,"footnotes":""},"class_list":["post-9619","page","type-page","status-publish","hentry"],"yoast_head":"<!-- This site is optimized with the Yoast SEO plugin v27.0 - https:\/\/yoast.com\/product\/yoast-seo-wordpress\/ -->\n<title>Conditions de exp\u00e9dition et retour - V2C Store<\/title>\n<meta name=\"robots\" content=\"noindex, follow\" \/>\n<meta property=\"og:locale\" content=\"fr_FR\" \/>\n<meta property=\"og:type\" content=\"article\" \/>\n<meta property=\"og:title\" content=\"Conditions de exp\u00e9dition et retour - V2C Store\" \/>\n<meta property=\"og:description\" content=\"EXP\u00c9DITION Une fois le paiement re\u00e7u, nous traiterons la commande afin que vous receviez le produit \u00e0 l&rsquo;adresse indiqu\u00e9e dans un d\u00e9lai de 3 \u00e0 5 jours ouvrables. La livraison est enti\u00e8rement gratuite pour les commandes sup\u00e9rieures \u00e0 200\u20ac. RETOURS Vous pouvez retourner le produit dans un d\u00e9lai de 15 jours calendaires \u00e0 compter duRead more &#10230;\" \/>\n<meta property=\"og:url\" content=\"https:\/\/v2charge.com\/store\/fr\/conditions\/\" \/>\n<meta property=\"og:site_name\" content=\"V2C Store\" \/>\n<meta property=\"article:modified_time\" content=\"2025-09-08T06:18:13+00:00\" \/>\n<meta name=\"twitter:card\" content=\"summary_large_image\" \/>\n<meta name=\"twitter:label1\" content=\"Dur\u00e9e de lecture estim\u00e9e\" \/>\n\t<meta name=\"twitter:data1\" content=\"2 minutes\" \/>\n<script type=\"application\/ld+json\" class=\"yoast-schema-graph\">{\"@context\":\"https:\/\/schema.org\",\"@graph\":[{\"@type\":\"WebPage\",\"@id\":\"https:\/\/v2charge.com\/store\/fr\/conditions\/\",\"url\":\"https:\/\/v2charge.com\/store\/fr\/conditions\/\",\"name\":\"Conditions de exp\u00e9dition et retour - V2C Store\",\"isPartOf\":{\"@id\":\"https:\/\/v2charge.com\/store\/#website\"},\"datePublished\":\"2022-09-02T08:04:12+00:00\",\"dateModified\":\"2025-09-08T06:18:13+00:00\",\"breadcrumb\":{\"@id\":\"https:\/\/v2charge.com\/store\/fr\/conditions\/#breadcrumb\"},\"inLanguage\":\"fr-FR\",\"potentialAction\":[{\"@type\":\"ReadAction\",\"target\":[\"https:\/\/v2charge.com\/store\/fr\/conditions\/\"]}]},{\"@type\":\"BreadcrumbList\",\"@id\":\"https:\/\/v2charge.com\/store\/fr\/conditions\/#breadcrumb\",\"itemListElement\":[{\"@type\":\"ListItem\",\"position\":1,\"name\":\"Portada\",\"item\":\"https:\/\/v2charge.com\/store\/\"},{\"@type\":\"ListItem\",\"position\":2,\"name\":\"Conditions de exp\u00e9dition et retour\"}]},{\"@type\":\"WebSite\",\"@id\":\"https:\/\/v2charge.com\/store\/#website\",\"url\":\"https:\/\/v2charge.com\/store\/\",\"name\":\"V2C Store\",\"description\":\"V2C Store\",\"publisher\":{\"@id\":\"https:\/\/v2charge.com\/store\/#organization\"},\"potentialAction\":[{\"@type\":\"SearchAction\",\"target\":{\"@type\":\"EntryPoint\",\"urlTemplate\":\"https:\/\/v2charge.com\/store\/?s={search_term_string}\"},\"query-input\":{\"@type\":\"PropertyValueSpecification\",\"valueRequired\":true,\"valueName\":\"search_term_string\"}}],\"inLanguage\":\"fr-FR\"},{\"@type\":\"Organization\",\"@id\":\"https:\/\/v2charge.com\/store\/#organization\",\"name\":\"V2C Store\",\"url\":\"https:\/\/v2charge.com\/store\/\",\"logo\":{\"@type\":\"ImageObject\",\"inLanguage\":\"fr-FR\",\"@id\":\"https:\/\/v2charge.com\/store\/#\/schema\/logo\/image\/\",\"url\":\"https:\/\/v2charge.com\/store\/wp-content\/uploads\/2022\/08\/cropped-cropped-logotipo-v2c-store-1.png\",\"contentUrl\":\"https:\/\/v2charge.com\/store\/wp-content\/uploads\/2022\/08\/cropped-cropped-logotipo-v2c-store-1.png\",\"width\":250,\"height\":65,\"caption\":\"V2C Store\"},\"image\":{\"@id\":\"https:\/\/v2charge.com\/store\/#\/schema\/logo\/image\/\"}}]}<\/script>\n<!-- \/ Yoast SEO plugin. -->","yoast_head_json":{"title":"Conditions de exp\u00e9dition et retour - V2C Store","robots":{"index":"noindex","follow":"follow"},"og_locale":"fr_FR","og_type":"article","og_title":"Conditions de exp\u00e9dition et retour - V2C Store","og_description":"EXP\u00c9DITION Une fois le paiement re\u00e7u, nous traiterons la commande afin que vous receviez le produit \u00e0 l&rsquo;adresse indiqu\u00e9e dans un d\u00e9lai de 3 \u00e0 5 jours ouvrables. La livraison est enti\u00e8rement gratuite pour les commandes sup\u00e9rieures \u00e0 200\u20ac. RETOURS Vous pouvez retourner le produit dans un d\u00e9lai de 15 jours calendaires \u00e0 compter duRead more &#10230;","og_url":"https:\/\/v2charge.com\/store\/fr\/conditions\/","og_site_name":"V2C Store","article_modified_time":"2025-09-08T06:18:13+00:00","twitter_card":"summary_large_image","twitter_misc":{"Dur\u00e9e de lecture estim\u00e9e":"2 minutes"},"schema":{"@context":"https:\/\/schema.org","@graph":[{"@type":"WebPage","@id":"https:\/\/v2charge.com\/store\/fr\/conditions\/","url":"https:\/\/v2charge.com\/store\/fr\/conditions\/","name":"Conditions de exp\u00e9dition et retour - V2C Store","isPartOf":{"@id":"https:\/\/v2charge.com\/store\/#website"},"datePublished":"2022-09-02T08:04:12+00:00","dateModified":"2025-09-08T06:18:13+00:00","breadcrumb":{"@id":"https:\/\/v2charge.com\/store\/fr\/conditions\/#breadcrumb"},"inLanguage":"fr-FR","potentialAction":[{"@type":"ReadAction","target":["https:\/\/v2charge.com\/store\/fr\/conditions\/"]}]},{"@type":"BreadcrumbList","@id":"https:\/\/v2charge.com\/store\/fr\/conditions\/#breadcrumb","itemListElement":[{"@type":"ListItem","position":1,"name":"Portada","item":"https:\/\/v2charge.com\/store\/"},{"@type":"ListItem","position":2,"name":"Conditions de exp\u00e9dition et retour"}]},{"@type":"WebSite","@id":"https:\/\/v2charge.com\/store\/#website","url":"https:\/\/v2charge.com\/store\/","name":"V2C Store","description":"V2C Store","publisher":{"@id":"https:\/\/v2charge.com\/store\/#organization"},"potentialAction":[{"@type":"SearchAction","target":{"@type":"EntryPoint","urlTemplate":"https:\/\/v2charge.com\/store\/?s={search_term_string}"},"query-input":{"@type":"PropertyValueSpecification","valueRequired":true,"valueName":"search_term_string"}}],"inLanguage":"fr-FR"},{"@type":"Organization","@id":"https:\/\/v2charge.com\/store\/#organization","name":"V2C Store","url":"https:\/\/v2charge.com\/store\/","logo":{"@type":"ImageObject","inLanguage":"fr-FR","@id":"https:\/\/v2charge.com\/store\/#\/schema\/logo\/image\/","url":"https:\/\/v2charge.com\/store\/wp-content\/uploads\/2022\/08\/cropped-cropped-logotipo-v2c-store-1.png","contentUrl":"https:\/\/v2charge.com\/store\/wp-content\/uploads\/2022\/08\/cropped-cropped-logotipo-v2c-store-1.png","width":250,"height":65,"caption":"V2C Store"},"image":{"@id":"https:\/\/v2charge.com\/store\/#\/schema\/logo\/image\/"}}]}},"_links":{"self":[{"href":"https:\/\/v2charge.com\/store\/fr\/wp-json\/wp\/v2\/pages\/9619","targetHints":{"allow":["GET"]}}],"collection":[{"href":"https:\/\/v2charge.com\/store\/fr\/wp-json\/wp\/v2\/pages"}],"about":[{"href":"https:\/\/v2charge.com\/store\/fr\/wp-json\/wp\/v2\/types\/page"}],"author":[{"embeddable":true,"href":"https:\/\/v2charge.com\/store\/fr\/wp-json\/wp\/v2\/users\/1"}],"replies":[{"embeddable":true,"href":"https:\/\/v2charge.com\/store\/fr\/wp-json\/wp\/v2\/comments?post=9619"}],"version-history":[{"count":7,"href":"https:\/\/v2charge.com\/store\/fr\/wp-json\/wp\/v2\/pages\/9619\/revisions"}],"predecessor-version":[{"id":15758,"href":"https:\/\/v2charge.com\/store\/fr\/wp-json\/wp\/v2\/pages\/9619\/revisions\/15758"}],"wp:attachment":[{"href":"https:\/\/v2charge.com\/store\/fr\/wp-json\/wp\/v2\/media?parent=9619"}],"curies":[{"name":"wp","href":"https:\/\/api.w.org\/{rel}","templated":true}]}}