{"id":9665,"date":"2022-09-02T08:55:05","date_gmt":"2022-09-02T08:55:05","guid":{"rendered":"https:\/\/v2charge.com\/store\/aviso-legal\/"},"modified":"2023-07-27T07:37:25","modified_gmt":"2023-07-27T07:37:25","slug":"mentions-legales","status":"publish","type":"page","link":"https:\/\/v2charge.com\/store\/fr\/mentions-legales\/","title":{"rendered":"Mentions l\u00e9gales"},"content":{"rendered":"\n<h2 class=\"wp-block-heading\">Conditions g\u00e9n\u00e9rales<\/h2>\n\n\n\n<p><strong>v2charge.com\/store\/<\/strong> est un service d\u00e9tenu et g\u00e9r\u00e9 par Negocios Inteligentes 7Experience, S.L. avec C.I.F. B98496706 avec adresse fiscale et sociale \u00e0 Avenida Cam\u00ed Nou 268 Xirivella 46950.<\/p>\n\n\n\n<p>Les pr\u00e9sentes conditions g\u00e9n\u00e9rales r\u00e9gissent exclusivement la vente par Negocios Inteligentes 7Experience, S.L. des produits pr\u00e9sent\u00e9s dans son site web www.v2charge.com\/store\/ et que les produits propos\u00e9s dans www.v2charge.com\/store\/ sont principalement r\u00e9serv\u00e9s aux particuliers.<\/p>\n\n\n\n<p>La confirmation de la commande d&rsquo;un produit offert dans la page web www.v2charge.com\/store\/ implique que le client accepte express\u00e9ment les pr\u00e9sentes Conditions G\u00e9n\u00e9rales sans qu&rsquo;il soit n\u00e9cessaire de signer pour confirmer l&rsquo;acceptation.<\/p>\n\n\n\n<p>En acceptant ce contrat, le client d\u00e9clare :<\/p>\n\n\n\n<p>a) qu&rsquo;il est une personne majeure et qu&rsquo;il a la capacit\u00e9 de contracter.<\/p>\n\n\n\n<p>b) avoir lu et accept\u00e9 les pr\u00e9sentes conditions g\u00e9n\u00e9rales.<\/p>\n\n\n\n<h2 class=\"wp-block-heading\">1. PRIX<\/h2>\n\n\n\n<p>1.1 &#8211; Les prix des produits propos\u00e9s sont exprim\u00e9s en euros (\u20ac), toutes taxes comprises. Les \u00e9ventuels frais de gestion et d&rsquo;exp\u00e9dition ne sont pas inclus, leur montant sera indiqu\u00e9 au moment de la confirmation d\u00e9finitive de chaque commande.<\/p>\n\n\n\n<p>1.2 &#8211; Negocios Inteligentes 7Experience, S.L. se r\u00e9serve le droit de modifier ses prix \u00e0 tout moment. Les produits seront factur\u00e9s sur la base des tarifs en vigueur au moment de l&rsquo;enregistrement de la commande.<\/p>\n\n\n\n<p>1.3 &#8211; Les produits resteront la propri\u00e9t\u00e9 de Negocios Inteligentes 7Experience, S.L. jusqu&rsquo;au paiement int\u00e9gral de leur prix \u00e0 Negocios Inteligentes 7Experience, S.L.<\/p>\n\n\n\n<h2 class=\"wp-block-heading\">2. COMMANDES<\/h2>\n\n\n\n<p>Les commandes pass\u00e9es sur Internet via www.v2charge.com\/store\/ impliquent des donn\u00e9es contractuelles entre le client et Negocios Inteligentes 7Experience, S.L. qui seront confirm\u00e9es et collect\u00e9es avant l&rsquo;envoi.<\/p>\n\n\n\n<p>Negocios Inteligentes 7Experience, S.L. se r\u00e9serve le droit d&rsquo;annuler ou de refuser toute commande d&rsquo;un client avec lequel il existerait un litige relatif au paiement d&rsquo;une commande ant\u00e9rieure.<\/p>\n\n\n\n<p>Negocios Inteligentes 7Experience, S.L. s&rsquo;engage \u00e0 accepter les commandes conform\u00e9ment aux termes des conditions g\u00e9n\u00e9rales \u00e9nonc\u00e9es dans le pr\u00e9sent document.<\/p>\n\n\n\n<p>Le client d\u00e9clare conna\u00eetre et accepter les pr\u00e9sentes Conditions G\u00e9n\u00e9rales avant de confirmer ses commandes.<\/p>\n\n\n\n<p>La confirmation d&rsquo;une commande implique donc l&rsquo;acceptation de ces conditions g\u00e9n\u00e9rales. Sauf preuve du contraire, les donn\u00e9es enregistr\u00e9es par Negocios Inteligentes 7Experience, S.L. constituent la preuve de l&rsquo;ensemble des transactions pass\u00e9es entre Negocios Inteligentes 7Experience, S.L. et ses clients.<\/p>\n\n\n\n<p>Negocios Inteligentes 7Experience, S.L. fera toujours de son mieux pour g\u00e9rer toutes les commandes.<\/p>\n\n\n\n<h2 class=\"wp-block-heading\">4. DISPONIBILIT\u00c9<\/h2>\n\n\n\n<p>Les offres et les prix des produits sont valables tant qu&rsquo;ils sont affich\u00e9s sur le site www.v2charge.com\/store\/ et toujours dans la limite des stocks disponibles.<\/p>\n\n\n\n<p>Pour les produits qui ne sont pas en stock, nos offres et prix sont valables sous r\u00e9serve de disponibilit\u00e9 chez nos fournisseurs.<\/p>\n\n\n\n<p>Dans ce cadre, des indications sur la disponibilit\u00e9 des produits vous seront fournies au moment du traitement de la commande.<\/p>\n\n\n\n<p>En cas d&rsquo;indisponibilit\u00e9 du produit apr\u00e8s le traitement de la commande, le client sera inform\u00e9 par e-mail ou par t\u00e9l\u00e9phone de la livraison d&rsquo;une partie seulement de la commande ou de l&rsquo;annulation de la commande. Le client sera rembours\u00e9 du montant total ou partiel de la commande dans un d\u00e9lai de 30 jours \u00e0 compter de la passation de la commande.<\/p>\n\n\n\n<h2 class=\"wp-block-heading\">4. PAIEMENT<\/h2>\n\n\n\n<h2 class=\"wp-block-heading\">4.1 MODE DE PAIEMENT<\/h2>\n\n\n\n<p>Le paiement de tout achat sur www.v2charge.com\/store\/ peut \u00eatre effectu\u00e9 par carte de cr\u00e9dit\/d\u00e9bit (Visa, Mastercard, American Express, Visa Electron et\/ou autres cartes similaires), par virement bancaire sur le compte num\u00e9ro ES02 0049 1736 74 2010047706 ou par PayPal.<\/p>\n\n\n\n<p>Le compte du client sera d\u00e9bit\u00e9 apr\u00e8s confirmation de l&rsquo;accord entre les centres de paiement.<\/p>\n\n\n\n<p>Toutes les transactions d&rsquo;achat sur www.v2charge.com\/store\/ sont effectu\u00e9es dans un cadre strict de confidentialit\u00e9 et de cryptage avec le protocole SSL. Au moment o\u00f9 vous appuyez sur le bouton \u00ab\u00a0Valider\u00a0\u00bb ou similaire lors de la confirmation de la commande, la banque v\u00e9rifie la validit\u00e9 du num\u00e9ro de carte de cr\u00e9dit\/d\u00e9bit et s&rsquo;assure qu&rsquo;il n&rsquo;est pas bloqu\u00e9.<\/p>\n\n\n\n<p>Negocios Inteligentes 7Experience, S.L. n&rsquo;a en aucun cas acc\u00e8s aux donn\u00e9es bancaires du client ou du partenaire et ne les stocke pas dans ses serveurs. Pour cette raison, le client devra les fournir \u00e0 nouveau chaque fois qu&rsquo;il effectue un nouvel achat dans notre boutique en ligne. De cette mani\u00e8re, une double protection contre les abus et les fraudes est obtenue.<\/p>\n\n\n\n<h2 class=\"wp-block-heading\">4.2 PAIEMENT S\u00c9CURIS\u00c9<\/h2>\n\n\n\n<p>Conform\u00e9ment \u00e0 notre engagement en mati\u00e8re de s\u00e9curit\u00e9 des paiements, nous informons nos clients que Negocios Inteligentes 7Experience, S.L. v\u00e9rifie la fiabilit\u00e9 des donn\u00e9es fournies lors de la passation d&rsquo;une commande. Ce processus s&rsquo;inscrit dans le cadre de notre lutte contre la fraude dans les m\u00e9thodes de paiement sur Internet et de la protection de tous les consommateurs.<\/p>\n\n\n\n<p>Negocios Inteligentes 7Experience, S.L. utilise un processus de v\u00e9rification afin d&rsquo;\u00e9viter l&rsquo;utilisation frauduleuse des donn\u00e9es bancaires de ses clients. Pour cette raison, Negocios Inteligentes 7Experience, S.L se r\u00e9serve le droit de demander \u00e0 ses clients d&rsquo;envoyer (par fax ou par courrier) une copie recto-verso de leur carte d&rsquo;identit\u00e9 nationale, ainsi qu&rsquo;un justificatif de domicile de moins de trois mois. Aucune commande ne pourra \u00eatre exp\u00e9di\u00e9e avant la r\u00e9ception et la v\u00e9rification de ces documents. Les documents demand\u00e9s doivent \u00eatre envoy\u00e9s dans un d\u00e9lai de six jours ouvrables. Negocios Inteligentes 7Experience, S.L. se r\u00e9serve le droit de rembourser la commande si les documents susmentionn\u00e9s ne sont pas re\u00e7us ou s&rsquo;ils ne sont pas valides.<\/p>\n\n\n\n<h2 class=\"wp-block-heading\">5. EXP\u00c9DITIONS<\/h2>\n\n\n\n<p>Veuillez consulter nos politiques d&rsquo;exp\u00e9dition pour conna\u00eetre les d\u00e9lais de livraison et les tarifs d&rsquo;exp\u00e9dition.<\/p>\n\n\n\n<h2 class=\"wp-block-heading\">6. ANNULATION ET REMBOURSEMENT<\/h2>\n\n\n\n<p>Negocios Inteligentes 7Experience, S.L. se r\u00e9serve le droit d&rsquo;annuler partiellement ou totalement une commande re\u00e7ue dans les cas suivants :<\/p>\n\n\n\n<ul class=\"wp-block-list\">\n<li>le produit command\u00e9 n&rsquo;est pas en stock<\/li>\n\n\n\n<li>aucun paiement n&rsquo;a \u00e9t\u00e9 re\u00e7u ou seulement un paiement partiel a \u00e9t\u00e9 re\u00e7u pour la commande<\/li>\n\n\n\n<li>la commande n&rsquo;est pas conforme aux pr\u00e9sentes conditions g\u00e9n\u00e9rales.<\/li>\n<\/ul>\n\n\n\n<p>Le client a le droit d&rsquo;annuler ou de retourner sa commande. Pour plus d&rsquo;informations, veuillez consulter notre politique d&rsquo;annulation et de retour.<\/p>\n\n\n\n<h2 class=\"wp-block-heading\">7. GARANTIE<\/h2>\n\n\n\n<p>Si vous avez re\u00e7u un produit erron\u00e9 ou d\u00e9fectueux, nous en sommes d\u00e9sol\u00e9s. Veuillez contacter notre service client\u00e8le ou info@v2charge.com. Nous vous indiquerons comment retourner le produit de mani\u00e8re simple.<\/p>\n\n\n\n<h2 class=\"wp-block-heading\">8. PRODUITS<\/h2>\n\n\n\n<p>Les produits offerts dans Negocios Inteligentes 7Experience, S.L. sont conformes \u00e0 la l\u00e9gislation espagnole en vigueur et \u00e0 la r\u00e9glementation applicable en Espagne.<\/p>\n\n\n\n<p>Negocios Inteligentes 7Experience, S.L. fera tout son possible pour que les images photographiques de ses produits repr\u00e9sentent fid\u00e8lement les produits offerts. De m\u00eame, chaque produit est accompagn\u00e9 d&rsquo;une description exacte de ses principales caract\u00e9ristiques.<\/p>\n\n\n\n<h2 class=\"wp-block-heading\">9. MODIFICATIONS<\/h2>\n\n\n\n<p>Les informations qui apparaissent sur www.v2charge.com\/store\/ sont \u00e0 jour \u00e0 la date de leur derni\u00e8re mise \u00e0 jour. Negocios Inteligentes 7Experience, S.L. se r\u00e9serve le droit de mettre \u00e0 jour, de modifier ou de supprimer les informations contenues dans ce site web.<\/p>\n\n\n\n<p>Ce site web ne peut \u00eatre alt\u00e9r\u00e9, chang\u00e9, modifi\u00e9 ou adapt\u00e9. Cependant, Negocios Inteligentes 7Experience, S.L. se r\u00e9serve le droit d&rsquo;effectuer, \u00e0 tout moment, autant de changements et de modifications qu&rsquo;elle le jugera opportun, pouvant faire usage de ce droit \u00e0 tout moment et sans avertissement pr\u00e9alable, en ce qui concerne la disponibilit\u00e9 de ses produits et campagnes.<\/p>\n\n\n\n<p>Negocios Inteligentes 7Experience, S.L. se r\u00e9serve le droit de modifier unilat\u00e9ralement les Conditions G\u00e9n\u00e9rales, ainsi que les conditions et termes d&rsquo;utilisation de cette page web. Toute modification sera annonc\u00e9e de mani\u00e8re appropri\u00e9e. L&rsquo;entr\u00e9e en vigueur des modifications des conditions d&rsquo;utilisation se fera \u00e0 partir du moment de leur publication sur cette page web.<\/p>\n\n\n\n<h2 class=\"wp-block-heading\">10. PROTECTION DES DONN\u00c9ES PERSONNELLES<\/h2>\n\n\n\n<p>Voir notre politique de confidentialit\u00e9.<br><\/p>\n\n\n\n<h2 class=\"wp-block-heading\">11. CARTES FRAUDULEUSES<\/h2>\n\n\n\n<p>Ce commer\u00e7ant s&rsquo;engage \u00e0 n&rsquo;autoriser aucune transaction ill\u00e9gale ou consid\u00e9r\u00e9e par les marques de cartes de cr\u00e9dit ou la banque acqu\u00e9reuse comme pouvant ou ayant le potentiel de nuire \u00e0 la bonne volont\u00e9 de ces derni\u00e8res ou de les influencer n\u00e9gativement. Les activit\u00e9s suivantes sont interdites dans le cadre des programmes des marques de cartes : la vente ou l&rsquo;offre d&rsquo;un produit ou d&rsquo;un service qui n&rsquo;est pas enti\u00e8rement conforme \u00e0 toutes les lois applicables \u00e0 l&rsquo;acheteur, \u00e0 la banque \u00e9mettrice, au commer\u00e7ant, au titulaire de la carte ou aux cartes.<\/p>\n","protected":false},"excerpt":{"rendered":"<p>Conditions g\u00e9n\u00e9rales v2charge.com\/store\/ est un service d\u00e9tenu et g\u00e9r\u00e9 par Negocios Inteligentes 7Experience, S.L. avec C.I.F. B98496706 avec adresse fiscale et sociale \u00e0 Avenida Cam\u00ed Nou 268 Xirivella 46950. Les pr\u00e9sentes conditions g\u00e9n\u00e9rales r\u00e9gissent exclusivement la vente par Negocios Inteligentes 7Experience, S.L. des produits pr\u00e9sent\u00e9s dans son site web www.v2charge.com\/store\/ et que les produits propos\u00e9s<a class=\"more-link\" href=\"https:\/\/v2charge.com\/store\/fr\/mentions-legales\/\">Read more  &#10230;<\/a><\/p>\n","protected":false},"author":1,"featured_media":0,"parent":0,"menu_order":0,"comment_status":"closed","ping_status":"closed","template":"","meta":{"content-type":"","inline_featured_image":false,"footnotes":""},"class_list":["post-9665","page","type-page","status-publish","hentry"],"yoast_head":"<!-- This site is optimized with the Yoast SEO plugin v27.0 - https:\/\/yoast.com\/product\/yoast-seo-wordpress\/ -->\n<title>Mentions l\u00e9gales - V2C Store<\/title>\n<meta name=\"robots\" content=\"noindex, follow\" \/>\n<meta property=\"og:locale\" content=\"fr_FR\" \/>\n<meta property=\"og:type\" content=\"article\" \/>\n<meta property=\"og:title\" content=\"Mentions l\u00e9gales - V2C Store\" \/>\n<meta property=\"og:description\" content=\"Conditions g\u00e9n\u00e9rales v2charge.com\/store\/ est un service d\u00e9tenu et g\u00e9r\u00e9 par Negocios Inteligentes 7Experience, S.L. avec C.I.F. B98496706 avec adresse fiscale et sociale \u00e0 Avenida Cam\u00ed Nou 268 Xirivella 46950. Les pr\u00e9sentes conditions g\u00e9n\u00e9rales r\u00e9gissent exclusivement la vente par Negocios Inteligentes 7Experience, S.L. des produits pr\u00e9sent\u00e9s dans son site web www.v2charge.com\/store\/ et que les produits propos\u00e9sRead more &#10230;\" \/>\n<meta property=\"og:url\" content=\"https:\/\/v2charge.com\/store\/fr\/mentions-legales\/\" \/>\n<meta property=\"og:site_name\" content=\"V2C Store\" \/>\n<meta property=\"article:modified_time\" content=\"2023-07-27T07:37:25+00:00\" \/>\n<meta name=\"twitter:card\" content=\"summary_large_image\" \/>\n<meta name=\"twitter:label1\" content=\"Dur\u00e9e de lecture estim\u00e9e\" \/>\n\t<meta name=\"twitter:data1\" content=\"7 minutes\" \/>\n<script type=\"application\/ld+json\" class=\"yoast-schema-graph\">{\"@context\":\"https:\/\/schema.org\",\"@graph\":[{\"@type\":\"WebPage\",\"@id\":\"https:\/\/v2charge.com\/store\/fr\/mentions-legales\/\",\"url\":\"https:\/\/v2charge.com\/store\/fr\/mentions-legales\/\",\"name\":\"Mentions l\u00e9gales - V2C Store\",\"isPartOf\":{\"@id\":\"https:\/\/v2charge.com\/store\/#website\"},\"datePublished\":\"2022-09-02T08:55:05+00:00\",\"dateModified\":\"2023-07-27T07:37:25+00:00\",\"breadcrumb\":{\"@id\":\"https:\/\/v2charge.com\/store\/fr\/mentions-legales\/#breadcrumb\"},\"inLanguage\":\"fr-FR\",\"potentialAction\":[{\"@type\":\"ReadAction\",\"target\":[\"https:\/\/v2charge.com\/store\/fr\/mentions-legales\/\"]}]},{\"@type\":\"BreadcrumbList\",\"@id\":\"https:\/\/v2charge.com\/store\/fr\/mentions-legales\/#breadcrumb\",\"itemListElement\":[{\"@type\":\"ListItem\",\"position\":1,\"name\":\"Portada\",\"item\":\"https:\/\/v2charge.com\/store\/\"},{\"@type\":\"ListItem\",\"position\":2,\"name\":\"Mentions l\u00e9gales\"}]},{\"@type\":\"WebSite\",\"@id\":\"https:\/\/v2charge.com\/store\/#website\",\"url\":\"https:\/\/v2charge.com\/store\/\",\"name\":\"V2C Store\",\"description\":\"V2C Store\",\"publisher\":{\"@id\":\"https:\/\/v2charge.com\/store\/#organization\"},\"potentialAction\":[{\"@type\":\"SearchAction\",\"target\":{\"@type\":\"EntryPoint\",\"urlTemplate\":\"https:\/\/v2charge.com\/store\/?s={search_term_string}\"},\"query-input\":{\"@type\":\"PropertyValueSpecification\",\"valueRequired\":true,\"valueName\":\"search_term_string\"}}],\"inLanguage\":\"fr-FR\"},{\"@type\":\"Organization\",\"@id\":\"https:\/\/v2charge.com\/store\/#organization\",\"name\":\"V2C Store\",\"url\":\"https:\/\/v2charge.com\/store\/\",\"logo\":{\"@type\":\"ImageObject\",\"inLanguage\":\"fr-FR\",\"@id\":\"https:\/\/v2charge.com\/store\/#\/schema\/logo\/image\/\",\"url\":\"https:\/\/v2charge.com\/store\/wp-content\/uploads\/2022\/08\/cropped-cropped-logotipo-v2c-store-1.png\",\"contentUrl\":\"https:\/\/v2charge.com\/store\/wp-content\/uploads\/2022\/08\/cropped-cropped-logotipo-v2c-store-1.png\",\"width\":250,\"height\":65,\"caption\":\"V2C Store\"},\"image\":{\"@id\":\"https:\/\/v2charge.com\/store\/#\/schema\/logo\/image\/\"}}]}<\/script>\n<!-- \/ Yoast SEO plugin. -->","yoast_head_json":{"title":"Mentions l\u00e9gales - V2C Store","robots":{"index":"noindex","follow":"follow"},"og_locale":"fr_FR","og_type":"article","og_title":"Mentions l\u00e9gales - V2C Store","og_description":"Conditions g\u00e9n\u00e9rales v2charge.com\/store\/ est un service d\u00e9tenu et g\u00e9r\u00e9 par Negocios Inteligentes 7Experience, S.L. avec C.I.F. B98496706 avec adresse fiscale et sociale \u00e0 Avenida Cam\u00ed Nou 268 Xirivella 46950. Les pr\u00e9sentes conditions g\u00e9n\u00e9rales r\u00e9gissent exclusivement la vente par Negocios Inteligentes 7Experience, S.L. des produits pr\u00e9sent\u00e9s dans son site web www.v2charge.com\/store\/ et que les produits propos\u00e9sRead more &#10230;","og_url":"https:\/\/v2charge.com\/store\/fr\/mentions-legales\/","og_site_name":"V2C Store","article_modified_time":"2023-07-27T07:37:25+00:00","twitter_card":"summary_large_image","twitter_misc":{"Dur\u00e9e de lecture estim\u00e9e":"7 minutes"},"schema":{"@context":"https:\/\/schema.org","@graph":[{"@type":"WebPage","@id":"https:\/\/v2charge.com\/store\/fr\/mentions-legales\/","url":"https:\/\/v2charge.com\/store\/fr\/mentions-legales\/","name":"Mentions l\u00e9gales - V2C Store","isPartOf":{"@id":"https:\/\/v2charge.com\/store\/#website"},"datePublished":"2022-09-02T08:55:05+00:00","dateModified":"2023-07-27T07:37:25+00:00","breadcrumb":{"@id":"https:\/\/v2charge.com\/store\/fr\/mentions-legales\/#breadcrumb"},"inLanguage":"fr-FR","potentialAction":[{"@type":"ReadAction","target":["https:\/\/v2charge.com\/store\/fr\/mentions-legales\/"]}]},{"@type":"BreadcrumbList","@id":"https:\/\/v2charge.com\/store\/fr\/mentions-legales\/#breadcrumb","itemListElement":[{"@type":"ListItem","position":1,"name":"Portada","item":"https:\/\/v2charge.com\/store\/"},{"@type":"ListItem","position":2,"name":"Mentions l\u00e9gales"}]},{"@type":"WebSite","@id":"https:\/\/v2charge.com\/store\/#website","url":"https:\/\/v2charge.com\/store\/","name":"V2C Store","description":"V2C Store","publisher":{"@id":"https:\/\/v2charge.com\/store\/#organization"},"potentialAction":[{"@type":"SearchAction","target":{"@type":"EntryPoint","urlTemplate":"https:\/\/v2charge.com\/store\/?s={search_term_string}"},"query-input":{"@type":"PropertyValueSpecification","valueRequired":true,"valueName":"search_term_string"}}],"inLanguage":"fr-FR"},{"@type":"Organization","@id":"https:\/\/v2charge.com\/store\/#organization","name":"V2C Store","url":"https:\/\/v2charge.com\/store\/","logo":{"@type":"ImageObject","inLanguage":"fr-FR","@id":"https:\/\/v2charge.com\/store\/#\/schema\/logo\/image\/","url":"https:\/\/v2charge.com\/store\/wp-content\/uploads\/2022\/08\/cropped-cropped-logotipo-v2c-store-1.png","contentUrl":"https:\/\/v2charge.com\/store\/wp-content\/uploads\/2022\/08\/cropped-cropped-logotipo-v2c-store-1.png","width":250,"height":65,"caption":"V2C Store"},"image":{"@id":"https:\/\/v2charge.com\/store\/#\/schema\/logo\/image\/"}}]}},"_links":{"self":[{"href":"https:\/\/v2charge.com\/store\/fr\/wp-json\/wp\/v2\/pages\/9665","targetHints":{"allow":["GET"]}}],"collection":[{"href":"https:\/\/v2charge.com\/store\/fr\/wp-json\/wp\/v2\/pages"}],"about":[{"href":"https:\/\/v2charge.com\/store\/fr\/wp-json\/wp\/v2\/types\/page"}],"author":[{"embeddable":true,"href":"https:\/\/v2charge.com\/store\/fr\/wp-json\/wp\/v2\/users\/1"}],"replies":[{"embeddable":true,"href":"https:\/\/v2charge.com\/store\/fr\/wp-json\/wp\/v2\/comments?post=9665"}],"version-history":[{"count":2,"href":"https:\/\/v2charge.com\/store\/fr\/wp-json\/wp\/v2\/pages\/9665\/revisions"}],"predecessor-version":[{"id":9680,"href":"https:\/\/v2charge.com\/store\/fr\/wp-json\/wp\/v2\/pages\/9665\/revisions\/9680"}],"wp:attachment":[{"href":"https:\/\/v2charge.com\/store\/fr\/wp-json\/wp\/v2\/media?parent=9665"}],"curies":[{"name":"wp","href":"https:\/\/api.w.org\/{rel}","templated":true}]}}