{"id":9668,"date":"2022-09-02T08:58:29","date_gmt":"2022-09-02T08:58:29","guid":{"rendered":"https:\/\/v2charge.com\/store\/cookies\/"},"modified":"2023-07-27T07:23:55","modified_gmt":"2023-07-27T07:23:55","slug":"cookies","status":"publish","type":"page","link":"https:\/\/v2charge.com\/store\/fr\/cookies\/","title":{"rendered":"Cookies"},"content":{"rendered":"\n<p><strong>POLITIQUE EN MATI\u00c8RE DE COOKIES<\/strong><\/p>\n\n\n\n<p>Ce site web est la propri\u00e9t\u00e9 de NEGOCIOS INTELIGENTES 7 EXPERIENCE S.L.. Le fait d&rsquo;acc\u00e9der \u00e0 cette page implique la connaissance et l&rsquo;acceptation de la politique de confidentialit\u00e9. Conform\u00e9ment \u00e0 l&rsquo;article 10 de la loi 34\/2002, du 11 juillet, sur les services de la soci\u00e9t\u00e9 de l&rsquo;information et le commerce \u00e9lectronique (LSSI), nous exposons les donn\u00e9es d&rsquo;identification\u00a0\u00bb.<\/p>\n\n\n\n<p><strong>Qu&rsquo;est-ce qu&rsquo;un cookie ?<\/strong> Un cookie est un fichier qui est t\u00e9l\u00e9charg\u00e9 sur votre ordinateur ou terminal lorsque vous acc\u00e9dez \u00e0 notre site web. Les cookies nous permettent, entre autres, de stocker et de r\u00e9cup\u00e9rer des informations sur les habitudes de navigation d&rsquo;un utilisateur ou de son \u00e9quipement et, en fonction des informations qu&rsquo;ils contiennent et de la mani\u00e8re dont il utilise son \u00e9quipement, ils peuvent \u00eatre utilis\u00e9s pour reconna\u00eetre l&rsquo;utilisateur. Quels sont les types de cookies utilis\u00e9s par notre site web ? Cookies de premi\u00e8re partie : Il s&rsquo;agit des cookies que nous envoyons \u00e0 votre ordinateur ou terminal \u00e0 partir de notre site web. Cookies de tiers : Ce sont ceux qui sont envoy\u00e9s \u00e0 votre ordinateur ou terminal \u00e0 partir d&rsquo;un domaine ou d&rsquo;un site web qui n&rsquo;est pas g\u00e9r\u00e9 par nous, mais par une autre entit\u00e9 qui traite les donn\u00e9es obtenues par le biais des cookies. Cookies d&rsquo;analyse : Il s&rsquo;agit de cookies qui sont trait\u00e9s par nous ou par des tiers et qui nous permettent de quantifier le nombre d&rsquo;utilisateurs et d&rsquo;effectuer la mesure et l&rsquo;analyse statistique de l&rsquo;utilisation faite par les utilisateurs de notre site web. Pour ce faire, nous analysons la navigation sur notre site web afin d&rsquo;am\u00e9liorer la gamme de produits ou de services que nous proposons.<\/p>\n\n\n\n<p><strong>Les cookies utilis\u00e9s sur www.v2charge.com\/store\/ sont les suivants :<\/strong><\/p>\n\n\n\n<p>Les cookies strictement n\u00e9cessaires comme, par exemple, ceux qui servent \u00e0 une bonne navigation et garantissent que le contenu du site web se charge efficacement. PHPSESSID SESSION &#8211; Ce cookie est utilis\u00e9 pour \u00e9tablir la session de l&rsquo;utilisateur qui visite l&rsquo;un de nos sites web. C&rsquo;est un moyen d&rsquo;identifier et de g\u00e9rer l&rsquo;\u00e9tat &#8211; les variables de session &#8211; d&rsquo;un utilisateur particulier, et de pouvoir d\u00e9placer ces informations sur les pages de nos sites web. WordPress_test_cookie SESSION &#8211; Ce cookie est utilis\u00e9 par le gestionnaire de contenu WordPress pour v\u00e9rifier si le navigateur a activ\u00e9 les cookies. Wp-settings-{time}-{UID} &#8211; L&rsquo;UID \u00e0 la fin du nom du cookie contient l&rsquo;identifiant de l&rsquo;utilisateur stock\u00e9 dans la base de donn\u00e9es de WordPress. Il est utilis\u00e9 pour stocker l&rsquo;aspect et la convivialit\u00e9 de l&rsquo;interface d&rsquo;administration et peut \u00eatre utilis\u00e9 pour stocker l&rsquo;aspect et la convivialit\u00e9 du site principal. WordPress_logged_in_{hash} &#8211; Apr\u00e8s la connexion, WordPress d\u00e9finit le cookie wordpress_logged_in_{hash}, qui indique quand vous \u00eates connect\u00e9 et qui vous \u00eates, et qui est utilis\u00e9 pour l&rsquo;interface WordPress. WordPress_`{hash} &#8211; Ce cookie est d\u00e9fini lors de la connexion et stocke les d\u00e9tails de l&rsquo;authentification. Son utilisation est limit\u00e9e \u00e0 la zone d&rsquo;administration, \/wp-config\/\u00a0\u00bb.<\/p>\n\n\n\n<p>Les cookies tiers tels que ceux utilis\u00e9s par les r\u00e9seaux sociaux, ou par des plugins de contenu externe tels que google maps. NID, _PREF &#8211; Ces cookies de Google Maps enregistrent l&rsquo;origine de l&rsquo;utilisateur, ainsi que des mots-cl\u00e9s. HSID, SSID, APISID, SAPISID, BEAT, OTZ, BEAT, &#8211; Permettent de partager des contenus sur les r\u00e9seaux sociaux. __ga, __utma, __utmb, __utmc, __utmv, __utmz, _twitter_sess, external_referer, guest_id &#8211; Ces cookies sont install\u00e9s par Twitter pour le remarketing, le suivi des utilisateurs et l&rsquo;analyse des utilisateurs.<\/p>\n\n\n\n<p>Les cookies analytiques sont des cookies utilis\u00e9s par Google Analytics \u00e0 des fins d&rsquo;analyse, de recherche ou de statistiques dans le but d&rsquo;am\u00e9liorer l&rsquo;exp\u00e9rience des utilisateurs du site web. L&rsquo;utilisation de ces cookies permet d&rsquo;afficher des informations plus pertinentes aux visiteurs. __hstc, hubspotutk, __hssc, __hssrc, __hs_opt_out, __hs_do_not_track, __hs_testcookie, hsPagesViewedThisSession, hsfirstvisit : Cookies Hubspot, outil d&rsquo;analyse web, marketing en ligne pour l&rsquo;analyse et la mesure de l&rsquo;utilisation de notre site web afin d&rsquo;am\u00e9liorer nos services. _utma, _utmb, _utmz, _utmc, _utmt : L&rsquo;objectif principal est d&rsquo;identifier le nombre de visites, la dur\u00e9e des consultations, le moteur de recherche utilis\u00e9 pour acc\u00e9der au site web, les mots-cl\u00e9s utilis\u00e9s, la localisation globale du visiteur, les contenus visit\u00e9s sur le site web, ainsi que d&rsquo;autres param\u00e8tres de trafic sur le site web, toujours \u00e0 partir de l&rsquo;anonymat. Google stocke ces informations collect\u00e9es par les cookies de mani\u00e8re \u00e0 ce qu&rsquo;aucun utilisateur ne soit identifi\u00e9. HjIncludedInSample et _hjUserId : cookies de Hotjar, un outil d&rsquo;analyse web, pour analyser l&rsquo;utilisation et la mesure de notre site web afin d&rsquo;am\u00e9liorer nos services.<\/p>\n\n\n\n<p>En fonction de votre choix concernant l&rsquo;utilisation de cookies sur ce site web, un cookie suppl\u00e9mentaire vous sera envoy\u00e9 pour sauvegarder votre choix afin que vous n&rsquo;ayez pas \u00e0 accepter l&rsquo;utilisation de cookies \u00e0 chaque fois que vous acc\u00e9dez \u00e0 notre site web. L&rsquo;objectif de cette liste de cookies est de vous aider \u00e0 reconna\u00eetre les cookies stock\u00e9s dans votre navigateur lorsque vous visitez notre site web ou lorsque vous visualisez nos publicit\u00e9s sur d&rsquo;autres sites. Nous avons essay\u00e9 d&rsquo;inclure tous les cookies que nous et nos partenaires technologiques utilisons, mais veuillez noter que nous pouvons parfois \u00eatre en retard dans la mise \u00e0 jour de la liste. Si vous constatez des divergences ou si vous pensez qu&rsquo;un cookie est manquant, veuillez nous en informer.<\/p>\n","protected":false},"excerpt":{"rendered":"<p>POLITIQUE EN MATI\u00c8RE DE COOKIES Ce site web est la propri\u00e9t\u00e9 de NEGOCIOS INTELIGENTES 7 EXPERIENCE S.L.. Le fait d&rsquo;acc\u00e9der \u00e0 cette page implique la connaissance et l&rsquo;acceptation de la politique de confidentialit\u00e9. Conform\u00e9ment \u00e0 l&rsquo;article 10 de la loi 34\/2002, du 11 juillet, sur les services de la soci\u00e9t\u00e9 de l&rsquo;information et le commerce<a class=\"more-link\" href=\"https:\/\/v2charge.com\/store\/fr\/cookies\/\">Read more  &#10230;<\/a><\/p>\n","protected":false},"author":1,"featured_media":0,"parent":0,"menu_order":0,"comment_status":"closed","ping_status":"closed","template":"","meta":{"content-type":"","inline_featured_image":false,"footnotes":""},"class_list":["post-9668","page","type-page","status-publish","hentry"],"yoast_head":"<!-- This site is optimized with the Yoast SEO plugin v27.0 - https:\/\/yoast.com\/product\/yoast-seo-wordpress\/ -->\n<title>Cookies - V2C Store<\/title>\n<meta name=\"robots\" content=\"noindex, follow\" \/>\n<meta property=\"og:locale\" content=\"fr_FR\" \/>\n<meta property=\"og:type\" content=\"article\" \/>\n<meta property=\"og:title\" content=\"Cookies - V2C Store\" \/>\n<meta property=\"og:description\" content=\"POLITIQUE EN MATI\u00c8RE DE COOKIES Ce site web est la propri\u00e9t\u00e9 de NEGOCIOS INTELIGENTES 7 EXPERIENCE S.L.. Le fait d&rsquo;acc\u00e9der \u00e0 cette page implique la connaissance et l&rsquo;acceptation de la politique de confidentialit\u00e9. Conform\u00e9ment \u00e0 l&rsquo;article 10 de la loi 34\/2002, du 11 juillet, sur les services de la soci\u00e9t\u00e9 de l&rsquo;information et le commerceRead more &#10230;\" \/>\n<meta property=\"og:url\" content=\"https:\/\/v2charge.com\/store\/fr\/cookies\/\" \/>\n<meta property=\"og:site_name\" content=\"V2C Store\" \/>\n<meta property=\"article:modified_time\" content=\"2023-07-27T07:23:55+00:00\" \/>\n<meta name=\"twitter:card\" content=\"summary_large_image\" \/>\n<meta name=\"twitter:label1\" content=\"Dur\u00e9e de lecture estim\u00e9e\" \/>\n\t<meta name=\"twitter:data1\" content=\"5 minutes\" \/>\n<script type=\"application\/ld+json\" class=\"yoast-schema-graph\">{\"@context\":\"https:\/\/schema.org\",\"@graph\":[{\"@type\":\"WebPage\",\"@id\":\"https:\/\/v2charge.com\/store\/fr\/cookies\/\",\"url\":\"https:\/\/v2charge.com\/store\/fr\/cookies\/\",\"name\":\"Cookies - V2C Store\",\"isPartOf\":{\"@id\":\"https:\/\/v2charge.com\/store\/#website\"},\"datePublished\":\"2022-09-02T08:58:29+00:00\",\"dateModified\":\"2023-07-27T07:23:55+00:00\",\"breadcrumb\":{\"@id\":\"https:\/\/v2charge.com\/store\/fr\/cookies\/#breadcrumb\"},\"inLanguage\":\"fr-FR\",\"potentialAction\":[{\"@type\":\"ReadAction\",\"target\":[\"https:\/\/v2charge.com\/store\/fr\/cookies\/\"]}]},{\"@type\":\"BreadcrumbList\",\"@id\":\"https:\/\/v2charge.com\/store\/fr\/cookies\/#breadcrumb\",\"itemListElement\":[{\"@type\":\"ListItem\",\"position\":1,\"name\":\"Portada\",\"item\":\"https:\/\/v2charge.com\/store\/\"},{\"@type\":\"ListItem\",\"position\":2,\"name\":\"Cookies\"}]},{\"@type\":\"WebSite\",\"@id\":\"https:\/\/v2charge.com\/store\/#website\",\"url\":\"https:\/\/v2charge.com\/store\/\",\"name\":\"V2C Store\",\"description\":\"V2C Store\",\"publisher\":{\"@id\":\"https:\/\/v2charge.com\/store\/#organization\"},\"potentialAction\":[{\"@type\":\"SearchAction\",\"target\":{\"@type\":\"EntryPoint\",\"urlTemplate\":\"https:\/\/v2charge.com\/store\/?s={search_term_string}\"},\"query-input\":{\"@type\":\"PropertyValueSpecification\",\"valueRequired\":true,\"valueName\":\"search_term_string\"}}],\"inLanguage\":\"fr-FR\"},{\"@type\":\"Organization\",\"@id\":\"https:\/\/v2charge.com\/store\/#organization\",\"name\":\"V2C Store\",\"url\":\"https:\/\/v2charge.com\/store\/\",\"logo\":{\"@type\":\"ImageObject\",\"inLanguage\":\"fr-FR\",\"@id\":\"https:\/\/v2charge.com\/store\/#\/schema\/logo\/image\/\",\"url\":\"https:\/\/v2charge.com\/store\/wp-content\/uploads\/2022\/08\/cropped-cropped-logotipo-v2c-store-1.png\",\"contentUrl\":\"https:\/\/v2charge.com\/store\/wp-content\/uploads\/2022\/08\/cropped-cropped-logotipo-v2c-store-1.png\",\"width\":250,\"height\":65,\"caption\":\"V2C Store\"},\"image\":{\"@id\":\"https:\/\/v2charge.com\/store\/#\/schema\/logo\/image\/\"}}]}<\/script>\n<!-- \/ Yoast SEO plugin. -->","yoast_head_json":{"title":"Cookies - V2C Store","robots":{"index":"noindex","follow":"follow"},"og_locale":"fr_FR","og_type":"article","og_title":"Cookies - V2C Store","og_description":"POLITIQUE EN MATI\u00c8RE DE COOKIES Ce site web est la propri\u00e9t\u00e9 de NEGOCIOS INTELIGENTES 7 EXPERIENCE S.L.. Le fait d&rsquo;acc\u00e9der \u00e0 cette page implique la connaissance et l&rsquo;acceptation de la politique de confidentialit\u00e9. Conform\u00e9ment \u00e0 l&rsquo;article 10 de la loi 34\/2002, du 11 juillet, sur les services de la soci\u00e9t\u00e9 de l&rsquo;information et le commerceRead more &#10230;","og_url":"https:\/\/v2charge.com\/store\/fr\/cookies\/","og_site_name":"V2C Store","article_modified_time":"2023-07-27T07:23:55+00:00","twitter_card":"summary_large_image","twitter_misc":{"Dur\u00e9e de lecture estim\u00e9e":"5 minutes"},"schema":{"@context":"https:\/\/schema.org","@graph":[{"@type":"WebPage","@id":"https:\/\/v2charge.com\/store\/fr\/cookies\/","url":"https:\/\/v2charge.com\/store\/fr\/cookies\/","name":"Cookies - V2C Store","isPartOf":{"@id":"https:\/\/v2charge.com\/store\/#website"},"datePublished":"2022-09-02T08:58:29+00:00","dateModified":"2023-07-27T07:23:55+00:00","breadcrumb":{"@id":"https:\/\/v2charge.com\/store\/fr\/cookies\/#breadcrumb"},"inLanguage":"fr-FR","potentialAction":[{"@type":"ReadAction","target":["https:\/\/v2charge.com\/store\/fr\/cookies\/"]}]},{"@type":"BreadcrumbList","@id":"https:\/\/v2charge.com\/store\/fr\/cookies\/#breadcrumb","itemListElement":[{"@type":"ListItem","position":1,"name":"Portada","item":"https:\/\/v2charge.com\/store\/"},{"@type":"ListItem","position":2,"name":"Cookies"}]},{"@type":"WebSite","@id":"https:\/\/v2charge.com\/store\/#website","url":"https:\/\/v2charge.com\/store\/","name":"V2C Store","description":"V2C Store","publisher":{"@id":"https:\/\/v2charge.com\/store\/#organization"},"potentialAction":[{"@type":"SearchAction","target":{"@type":"EntryPoint","urlTemplate":"https:\/\/v2charge.com\/store\/?s={search_term_string}"},"query-input":{"@type":"PropertyValueSpecification","valueRequired":true,"valueName":"search_term_string"}}],"inLanguage":"fr-FR"},{"@type":"Organization","@id":"https:\/\/v2charge.com\/store\/#organization","name":"V2C Store","url":"https:\/\/v2charge.com\/store\/","logo":{"@type":"ImageObject","inLanguage":"fr-FR","@id":"https:\/\/v2charge.com\/store\/#\/schema\/logo\/image\/","url":"https:\/\/v2charge.com\/store\/wp-content\/uploads\/2022\/08\/cropped-cropped-logotipo-v2c-store-1.png","contentUrl":"https:\/\/v2charge.com\/store\/wp-content\/uploads\/2022\/08\/cropped-cropped-logotipo-v2c-store-1.png","width":250,"height":65,"caption":"V2C Store"},"image":{"@id":"https:\/\/v2charge.com\/store\/#\/schema\/logo\/image\/"}}]}},"_links":{"self":[{"href":"https:\/\/v2charge.com\/store\/fr\/wp-json\/wp\/v2\/pages\/9668","targetHints":{"allow":["GET"]}}],"collection":[{"href":"https:\/\/v2charge.com\/store\/fr\/wp-json\/wp\/v2\/pages"}],"about":[{"href":"https:\/\/v2charge.com\/store\/fr\/wp-json\/wp\/v2\/types\/page"}],"author":[{"embeddable":true,"href":"https:\/\/v2charge.com\/store\/fr\/wp-json\/wp\/v2\/users\/1"}],"replies":[{"embeddable":true,"href":"https:\/\/v2charge.com\/store\/fr\/wp-json\/wp\/v2\/comments?post=9668"}],"version-history":[{"count":1,"href":"https:\/\/v2charge.com\/store\/fr\/wp-json\/wp\/v2\/pages\/9668\/revisions"}],"predecessor-version":[{"id":9670,"href":"https:\/\/v2charge.com\/store\/fr\/wp-json\/wp\/v2\/pages\/9668\/revisions\/9670"}],"wp:attachment":[{"href":"https:\/\/v2charge.com\/store\/fr\/wp-json\/wp\/v2\/media?parent=9668"}],"curies":[{"name":"wp","href":"https:\/\/api.w.org\/{rel}","templated":true}]}}