{"id":9708,"date":"2023-03-13T15:33:20","date_gmt":"2023-03-13T15:33:20","guid":{"rendered":"https:\/\/v2charge.com\/store\/accesorios\/"},"modified":"2026-04-14T07:03:20","modified_gmt":"2026-04-14T07:03:20","slug":"accessoires","status":"publish","type":"page","link":"https:\/\/v2charge.com\/store\/fr\/accessoires\/","title":{"rendered":"ACCESSOIRES"},"content":{"rendered":"\n<h1 class=\"wp-block-heading has-text-align-center\">Accessoires<\/h1>\n\n\n<div data-block-name=\"woocommerce\/product-category\" data-categories=\"[170]\" data-columns=\"4\" data-content-visibility=\"{&quot;image&quot;:true,&quot;title&quot;:true,&quot;price&quot;:true,&quot;rating&quot;:false,&quot;button&quot;:true}\" data-orderby=\"price_desc\" class=\"wc-block-grid wp-block-product-category wp-block-woocommerce-product-category wc-block-product-category has-4-columns has-multiple-rows\"><ul class=\"wc-block-grid__products\"><li class=\"wc-block-grid__product\">\n\t\t\t\t<a href=\"https:\/\/v2charge.com\/store\/fr\/produit\/piedestal\/\" class=\"wc-block-grid__product-link\">\n\t\t\t\t\t\n\t\t\t\t\t<div class=\"wc-block-grid__product-image\"><img fetchpriority=\"high\" decoding=\"async\" width=\"362\" height=\"503\" src=\"https:\/\/v2charge.com\/store\/wp-content\/uploads\/2023\/11\/single-pedestal-general-362x503.jpg\" class=\"attachment-woocommerce_thumbnail size-woocommerce_thumbnail\" alt=\"Pi\u00e9destal pour Trydan\/Trydan Pro\" \/><\/div>\n\t\t\t\t\t<div class=\"wc-block-grid__product-title\">Pi\u00e9destal pour Trydan\/Trydan Pro<\/div>\n\t\t\t\t<\/a>\n\t\t\t\t<div class=\"wc-block-grid__product-price price\"><span class=\"woocommerce-Price-amount amount\" aria-hidden=\"true\">282.90<span class=\"woocommerce-Price-currencySymbol\">&euro;<\/span><\/span> <span aria-hidden=\"true\">\u00a0\u2013\u00a0<\/span> <span class=\"woocommerce-Price-amount amount\" aria-hidden=\"true\">363.70<span class=\"woocommerce-Price-currencySymbol\">&euro;<\/span><\/span><span class=\"screen-reader-text\">Plage de prix\u00a0: 282.90&euro; \u00e0 363.70&euro;<\/span><\/div>\n\t\t\t\t\n\t\t\t\t<div class=\"wp-block-button wc-block-grid__product-add-to-cart\"><a href=\"https:\/\/v2charge.com\/store\/fr\/produit\/piedestal\/\" aria-label=\"S\u00e9lectionner les options pour &ldquo;Pi\u00e9destal pour Trydan\/Trydan Pro&rdquo;\" data-quantity=\"1\" data-product_id=\"10242\" data-product_sku=\"V2C-PED\" data-price=\"282.9\" rel=\"nofollow\" class=\"wp-block-button__link  add_to_cart_button\">Choix des options<\/a><\/div>\n\t\t\t<\/li><li class=\"wc-block-grid__product\">\n\t\t\t\t<a href=\"https:\/\/v2charge.com\/store\/fr\/produit\/compteur-bidirectionnel\/\" class=\"wc-block-grid__product-link\">\n\t\t\t\t\t\n\t\t\t\t\t<div class=\"wc-block-grid__product-image\"><img decoding=\"async\" width=\"362\" height=\"503\" src=\"https:\/\/v2charge.com\/store\/wp-content\/uploads\/2026\/04\/v2c-bidirectional-single-phase-meter-362x503.jpg\" class=\"attachment-woocommerce_thumbnail size-woocommerce_thumbnail\" alt=\"Compteur bidirectionnel + Pince(s) 120A\" \/><\/div>\n\t\t\t\t\t<div class=\"wc-block-grid__product-title\">Compteur bidirectionnel + Pince(s) 120A<\/div>\n\t\t\t\t<\/a>\n\t\t\t\t<div class=\"wc-block-grid__product-price price\"><span class=\"woocommerce-Price-amount amount\" aria-hidden=\"true\">62.65<span class=\"woocommerce-Price-currencySymbol\">&euro;<\/span><\/span> <span aria-hidden=\"true\">\u00a0\u2013\u00a0<\/span> <span class=\"woocommerce-Price-amount amount\" aria-hidden=\"true\">171.75<span class=\"woocommerce-Price-currencySymbol\">&euro;<\/span><\/span><span class=\"screen-reader-text\">Plage de prix\u00a0: 62.65&euro; \u00e0 171.75&euro;<\/span><\/div>\n\t\t\t\t\n\t\t\t\t<div class=\"wp-block-button wc-block-grid__product-add-to-cart\"><a href=\"https:\/\/v2charge.com\/store\/fr\/produit\/compteur-bidirectionnel\/\" aria-label=\"S\u00e9lectionner les options pour &ldquo;Compteur bidirectionnel + Pince(s) 120A&rdquo;\" data-quantity=\"1\" data-product_id=\"21542\" data-product_sku=\"\" data-price=\"62.65\" rel=\"nofollow\" class=\"wp-block-button__link  add_to_cart_button\">Choix des options<\/a><\/div>\n\t\t\t<\/li><li class=\"wc-block-grid__product\">\n\t\t\t\t<a href=\"https:\/\/v2charge.com\/store\/fr\/produit\/support-plafond-trydan\/\" class=\"wc-block-grid__product-link\">\n\t\t\t\t\t\n\t\t\t\t\t<div class=\"wc-block-grid__product-image\"><img decoding=\"async\" width=\"362\" height=\"503\" src=\"https:\/\/v2charge.com\/store\/wp-content\/uploads\/2023\/07\/trydan-soporte-techo-362x503.jpg\" class=\"attachment-woocommerce_thumbnail size-woocommerce_thumbnail\" alt=\"Soporte de techo para el cargador de coche el\u00e9ctrico Trydan\" \/><\/div>\n\t\t\t\t\t<div class=\"wc-block-grid__product-title\">Support de plafond pour Trydan\/Trydan Pro<\/div>\n\t\t\t\t<\/a>\n\t\t\t\t<div class=\"wc-block-grid__product-price price\"><span class=\"woocommerce-Price-amount amount\">135.00<span class=\"woocommerce-Price-currencySymbol\">&euro;<\/span><\/span><\/div>\n\t\t\t\t\n\t\t\t\t<div class=\"wp-block-button wc-block-grid__product-add-to-cart\"><a href=\"\/store\/fr\/wp-json\/wp\/v2\/pages\/9708?add-to-cart=9706\" aria-label=\"Ajouter au panier\u00a0: &ldquo;Support de plafond pour Trydan\/Trydan Pro&rdquo;\" data-quantity=\"1\" data-product_id=\"9706\" data-product_sku=\"V2C-ROOF\" data-price=\"135\" rel=\"nofollow\" class=\"wp-block-button__link  add_to_cart_button ajax_add_to_cart\">Ajouter au panier<\/a><\/div>\n\t\t\t<\/li><li class=\"wc-block-grid__product\">\n\t\t\t\t<a href=\"https:\/\/v2charge.com\/store\/fr\/produit\/couvercle-protection-externe\/\" class=\"wc-block-grid__product-link\">\n\t\t\t\t\t\n\t\t\t\t\t<div class=\"wc-block-grid__product-image\"><img loading=\"lazy\" decoding=\"async\" width=\"362\" height=\"503\" src=\"https:\/\/v2charge.com\/store\/wp-content\/uploads\/2023\/03\/cubierta_cargador_trydan-362x503.jpg\" class=\"attachment-woocommerce_thumbnail size-woocommerce_thumbnail\" alt=\"cubierta protectora trydan v2c\" \/><\/div>\n\t\t\t\t\t<div class=\"wc-block-grid__product-title\">Couvercle de protection externe pour Trydan\/Trydan Pro<\/div>\n\t\t\t\t<\/a>\n\t\t\t\t<div class=\"wc-block-grid__product-price price\"><span class=\"woocommerce-Price-amount amount\">101.04<span class=\"woocommerce-Price-currencySymbol\">&euro;<\/span><\/span><\/div>\n\t\t\t\t\n\t\t\t\t<div class=\"wp-block-button wc-block-grid__product-add-to-cart\"><a href=\"\/store\/fr\/wp-json\/wp\/v2\/pages\/9708?add-to-cart=9704\" aria-label=\"Ajouter au panier\u00a0: &ldquo;Couvercle de protection externe pour Trydan\/Trydan Pro&rdquo;\" data-quantity=\"1\" data-product_id=\"9704\" data-product_sku=\"V2C-TRY-COVER\" data-price=\"101.04\" rel=\"nofollow\" class=\"wp-block-button__link  add_to_cart_button ajax_add_to_cart\">Ajouter au panier<\/a><\/div>\n\t\t\t<\/li><li class=\"wc-block-grid__product\">\n\t\t\t\t<a href=\"https:\/\/v2charge.com\/store\/fr\/produit\/compteur-linkylora\/\" class=\"wc-block-grid__product-link\">\n\t\t\t\t\t\n\t\t\t\t\t<div class=\"wc-block-grid__product-image\"><img loading=\"lazy\" decoding=\"async\" width=\"362\" height=\"503\" src=\"https:\/\/v2charge.com\/store\/wp-content\/uploads\/2026\/01\/acheter-compteur-linkylora-362x503.jpg\" class=\"attachment-woocommerce_thumbnail size-woocommerce_thumbnail\" alt=\"Compteur LinkyLoRa\" \/><\/div>\n\t\t\t\t\t<div class=\"wc-block-grid__product-title\">Compteur LinkyLoRa<\/div>\n\t\t\t\t<\/a>\n\t\t\t\t<div class=\"wc-block-grid__product-price price\"><span class=\"woocommerce-Price-amount amount\">82.50<span class=\"woocommerce-Price-currencySymbol\">&euro;<\/span><\/span><\/div>\n\t\t\t\t\n\t\t\t\t<div class=\"wp-block-button wc-block-grid__product-add-to-cart\"><a href=\"\/store\/fr\/wp-json\/wp\/v2\/pages\/9708?add-to-cart=19692\" aria-label=\"Ajouter au panier\u00a0: &ldquo;Compteur LinkyLoRa&rdquo;\" data-quantity=\"1\" data-product_id=\"19692\" data-product_sku=\"compteur-linkylora\" data-price=\"82.5\" rel=\"nofollow\" class=\"wp-block-button__link  add_to_cart_button ajax_add_to_cart\">Ajouter au panier<\/a><\/div>\n\t\t\t<\/li><li class=\"wc-block-grid__product\">\n\t\t\t\t<a href=\"https:\/\/v2charge.com\/store\/fr\/produit\/support-cable\/\" class=\"wc-block-grid__product-link\">\n\t\t\t\t\t\n\t\t\t\t\t<div class=\"wc-block-grid__product-image\"><img loading=\"lazy\" decoding=\"async\" width=\"362\" height=\"503\" src=\"https:\/\/v2charge.com\/store\/wp-content\/uploads\/2023\/11\/soporte-cable-cargador-coche-electrico-362x503.jpg\" class=\"attachment-woocommerce_thumbnail size-woocommerce_thumbnail\" alt=\"Soporte para cable cargador de coche el\u00e9ctrico\" \/><\/div>\n\t\t\t\t\t<div class=\"wc-block-grid__product-title\">Support de c\u00e2ble<\/div>\n\t\t\t\t<\/a>\n\t\t\t\t<div class=\"wc-block-grid__product-price price\"><span class=\"woocommerce-Price-amount amount\">38.41<span class=\"woocommerce-Price-currencySymbol\">&euro;<\/span><\/span><\/div>\n\t\t\t\t\n\t\t\t\t<div class=\"wp-block-button wc-block-grid__product-add-to-cart\"><a href=\"\/store\/fr\/wp-json\/wp\/v2\/pages\/9708?add-to-cart=10222\" aria-label=\"Ajouter au panier\u00a0: &ldquo;Support de c\u00e2ble&rdquo;\" data-quantity=\"1\" data-product_id=\"10222\" data-product_sku=\"V2C-SOP\" data-price=\"38.41\" rel=\"nofollow\" class=\"wp-block-button__link  add_to_cart_button ajax_add_to_cart\">Ajouter au panier<\/a><\/div>\n\t\t\t<\/li><li class=\"wc-block-grid__product\">\n\t\t\t\t<a href=\"https:\/\/v2charge.com\/store\/fr\/produit\/pince-photovoltaique-100a\/\" class=\"wc-block-grid__product-link\">\n\t\t\t\t\t\n\t\t\t\t\t<div class=\"wc-block-grid__product-image\"><img loading=\"lazy\" decoding=\"async\" width=\"362\" height=\"503\" src=\"https:\/\/v2charge.com\/store\/wp-content\/uploads\/2023\/01\/pinza-control-dinamico-potencia-362x503.jpg\" class=\"attachment-woocommerce_thumbnail size-woocommerce_thumbnail\" alt=\"pinza de control din\u00e1mico de potencia\" \/><\/div>\n\t\t\t\t\t<div class=\"wc-block-grid__product-title\">Pince de r\u00e9gulation dynamique de puissance pour photovolta\u00efque 100A<\/div>\n\t\t\t\t<\/a>\n\t\t\t\t<div class=\"wc-block-grid__product-price price\"><span class=\"woocommerce-Price-amount amount\">26.27<span class=\"woocommerce-Price-currencySymbol\">&euro;<\/span><\/span><\/div>\n\t\t\t\t\n\t\t\t\t<div class=\"wp-block-button wc-block-grid__product-add-to-cart\"><a href=\"\/store\/fr\/wp-json\/wp\/v2\/pages\/9708?add-to-cart=9702\" aria-label=\"Ajouter au panier\u00a0: &ldquo;Pince de r\u00e9gulation dynamique de puissance pour photovolta\u00efque 100A&rdquo;\" data-quantity=\"1\" data-product_id=\"9702\" data-product_sku=\"\" data-price=\"26.27\" rel=\"nofollow\" class=\"wp-block-button__link  add_to_cart_button ajax_add_to_cart\">Ajouter au panier<\/a><\/div>\n\t\t\t<\/li><li class=\"wc-block-grid__product\">\n\t\t\t\t<a href=\"https:\/\/v2charge.com\/store\/fr\/produit\/carte-rfid\/\" class=\"wc-block-grid__product-link\">\n\t\t\t\t\t\n\t\t\t\t\t<div class=\"wc-block-grid__product-image\"><img loading=\"lazy\" decoding=\"async\" width=\"362\" height=\"503\" src=\"https:\/\/v2charge.com\/store\/wp-content\/uploads\/2025\/05\/rfid-v2c-362x503.jpg\" class=\"attachment-woocommerce_thumbnail size-woocommerce_thumbnail\" alt=\"Carte RFID\" \/><\/div>\n\t\t\t\t\t<div class=\"wc-block-grid__product-title\">Carte RFID<\/div>\n\t\t\t\t<\/a>\n\t\t\t\t<div class=\"wc-block-grid__product-price price\"><span class=\"woocommerce-Price-amount amount\">3.45<span class=\"woocommerce-Price-currencySymbol\">&euro;<\/span><\/span><\/div>\n\t\t\t\t\n\t\t\t\t<div class=\"wp-block-button wc-block-grid__product-add-to-cart\"><a href=\"\/store\/fr\/wp-json\/wp\/v2\/pages\/9708?add-to-cart=14249\" aria-label=\"Ajouter au panier\u00a0: &ldquo;Carte RFID&rdquo;\" data-quantity=\"1\" data-product_id=\"14249\" data-product_sku=\"\" data-price=\"3.45\" rel=\"nofollow\" class=\"wp-block-button__link  add_to_cart_button ajax_add_to_cart\">Ajouter au panier<\/a><\/div>\n\t\t\t<\/li><\/ul><\/div>","protected":false},"excerpt":{"rendered":"<p>Accessoires<\/p>\n","protected":false},"author":1,"featured_media":0,"parent":0,"menu_order":0,"comment_status":"closed","ping_status":"closed","template":"","meta":{"content-type":"","inline_featured_image":false,"footnotes":""},"class_list":["post-9708","page","type-page","status-publish","hentry"],"yoast_head":"<!-- This site is optimized with the Yoast SEO plugin v27.0 - https:\/\/yoast.com\/product\/yoast-seo-wordpress\/ -->\n<title>Accesorios de cargadores de coches el\u00e9ctricos<\/title>\n<meta name=\"description\" content=\"Accesorios para la carga de coches el\u00e9ctricos | Descubre los mejores accesorios de cargadores de veh\u00edculos el\u00e9ctricos\" \/>\n<meta name=\"robots\" content=\"index, follow, max-snippet:-1, max-image-preview:large, max-video-preview:-1\" \/>\n<link rel=\"canonical\" href=\"https:\/\/v2charge.com\/store\/fr\/accessoires\/\" \/>\n<meta property=\"og:locale\" content=\"fr_FR\" \/>\n<meta property=\"og:type\" content=\"article\" \/>\n<meta property=\"og:title\" content=\"Accesorios de cargadores de coches el\u00e9ctricos\" \/>\n<meta property=\"og:description\" content=\"Accesorios para la carga de coches el\u00e9ctricos | Descubre los mejores accesorios de cargadores de veh\u00edculos el\u00e9ctricos\" \/>\n<meta property=\"og:url\" content=\"https:\/\/v2charge.com\/store\/fr\/accessoires\/\" \/>\n<meta property=\"og:site_name\" content=\"V2C Store\" \/>\n<meta property=\"article:modified_time\" content=\"2026-04-14T07:03:20+00:00\" \/>\n<meta name=\"twitter:card\" content=\"summary_large_image\" \/>\n<meta name=\"twitter:label1\" content=\"Dur\u00e9e de lecture estim\u00e9e\" \/>\n\t<meta name=\"twitter:data1\" content=\"1 minute\" \/>\n<script type=\"application\/ld+json\" class=\"yoast-schema-graph\">{\"@context\":\"https:\/\/schema.org\",\"@graph\":[{\"@type\":\"WebPage\",\"@id\":\"https:\/\/v2charge.com\/store\/fr\/accessoires\/\",\"url\":\"https:\/\/v2charge.com\/store\/fr\/accessoires\/\",\"name\":\"Accesorios de cargadores de coches el\u00e9ctricos\",\"isPartOf\":{\"@id\":\"https:\/\/v2charge.com\/store\/#website\"},\"datePublished\":\"2023-03-13T15:33:20+00:00\",\"dateModified\":\"2026-04-14T07:03:20+00:00\",\"description\":\"Accesorios para la carga de coches el\u00e9ctricos | Descubre los mejores accesorios de cargadores de veh\u00edculos el\u00e9ctricos\",\"breadcrumb\":{\"@id\":\"https:\/\/v2charge.com\/store\/fr\/accessoires\/#breadcrumb\"},\"inLanguage\":\"fr-FR\",\"potentialAction\":[{\"@type\":\"ReadAction\",\"target\":[\"https:\/\/v2charge.com\/store\/fr\/accessoires\/\"]}]},{\"@type\":\"BreadcrumbList\",\"@id\":\"https:\/\/v2charge.com\/store\/fr\/accessoires\/#breadcrumb\",\"itemListElement\":[{\"@type\":\"ListItem\",\"position\":1,\"name\":\"Portada\",\"item\":\"https:\/\/v2charge.com\/store\/\"},{\"@type\":\"ListItem\",\"position\":2,\"name\":\"ACCESSOIRES\"}]},{\"@type\":\"WebSite\",\"@id\":\"https:\/\/v2charge.com\/store\/#website\",\"url\":\"https:\/\/v2charge.com\/store\/\",\"name\":\"V2C Store\",\"description\":\"V2C Store\",\"publisher\":{\"@id\":\"https:\/\/v2charge.com\/store\/#organization\"},\"potentialAction\":[{\"@type\":\"SearchAction\",\"target\":{\"@type\":\"EntryPoint\",\"urlTemplate\":\"https:\/\/v2charge.com\/store\/?s={search_term_string}\"},\"query-input\":{\"@type\":\"PropertyValueSpecification\",\"valueRequired\":true,\"valueName\":\"search_term_string\"}}],\"inLanguage\":\"fr-FR\"},{\"@type\":\"Organization\",\"@id\":\"https:\/\/v2charge.com\/store\/#organization\",\"name\":\"V2C Store\",\"url\":\"https:\/\/v2charge.com\/store\/\",\"logo\":{\"@type\":\"ImageObject\",\"inLanguage\":\"fr-FR\",\"@id\":\"https:\/\/v2charge.com\/store\/#\/schema\/logo\/image\/\",\"url\":\"https:\/\/v2charge.com\/store\/wp-content\/uploads\/2022\/08\/cropped-cropped-logotipo-v2c-store-1.png\",\"contentUrl\":\"https:\/\/v2charge.com\/store\/wp-content\/uploads\/2022\/08\/cropped-cropped-logotipo-v2c-store-1.png\",\"width\":250,\"height\":65,\"caption\":\"V2C Store\"},\"image\":{\"@id\":\"https:\/\/v2charge.com\/store\/#\/schema\/logo\/image\/\"}}]}<\/script>\n<!-- \/ Yoast SEO plugin. -->","yoast_head_json":{"title":"Accesorios de cargadores de coches el\u00e9ctricos","description":"Accesorios para la carga de coches el\u00e9ctricos | Descubre los mejores accesorios de cargadores de veh\u00edculos el\u00e9ctricos","robots":{"index":"index","follow":"follow","max-snippet":"max-snippet:-1","max-image-preview":"max-image-preview:large","max-video-preview":"max-video-preview:-1"},"canonical":"https:\/\/v2charge.com\/store\/fr\/accessoires\/","og_locale":"fr_FR","og_type":"article","og_title":"Accesorios de cargadores de coches el\u00e9ctricos","og_description":"Accesorios para la carga de coches el\u00e9ctricos | Descubre los mejores accesorios de cargadores de veh\u00edculos el\u00e9ctricos","og_url":"https:\/\/v2charge.com\/store\/fr\/accessoires\/","og_site_name":"V2C Store","article_modified_time":"2026-04-14T07:03:20+00:00","twitter_card":"summary_large_image","twitter_misc":{"Dur\u00e9e de lecture estim\u00e9e":"1 minute"},"schema":{"@context":"https:\/\/schema.org","@graph":[{"@type":"WebPage","@id":"https:\/\/v2charge.com\/store\/fr\/accessoires\/","url":"https:\/\/v2charge.com\/store\/fr\/accessoires\/","name":"Accesorios de cargadores de coches el\u00e9ctricos","isPartOf":{"@id":"https:\/\/v2charge.com\/store\/#website"},"datePublished":"2023-03-13T15:33:20+00:00","dateModified":"2026-04-14T07:03:20+00:00","description":"Accesorios para la carga de coches el\u00e9ctricos | Descubre los mejores accesorios de cargadores de veh\u00edculos el\u00e9ctricos","breadcrumb":{"@id":"https:\/\/v2charge.com\/store\/fr\/accessoires\/#breadcrumb"},"inLanguage":"fr-FR","potentialAction":[{"@type":"ReadAction","target":["https:\/\/v2charge.com\/store\/fr\/accessoires\/"]}]},{"@type":"BreadcrumbList","@id":"https:\/\/v2charge.com\/store\/fr\/accessoires\/#breadcrumb","itemListElement":[{"@type":"ListItem","position":1,"name":"Portada","item":"https:\/\/v2charge.com\/store\/"},{"@type":"ListItem","position":2,"name":"ACCESSOIRES"}]},{"@type":"WebSite","@id":"https:\/\/v2charge.com\/store\/#website","url":"https:\/\/v2charge.com\/store\/","name":"V2C Store","description":"V2C Store","publisher":{"@id":"https:\/\/v2charge.com\/store\/#organization"},"potentialAction":[{"@type":"SearchAction","target":{"@type":"EntryPoint","urlTemplate":"https:\/\/v2charge.com\/store\/?s={search_term_string}"},"query-input":{"@type":"PropertyValueSpecification","valueRequired":true,"valueName":"search_term_string"}}],"inLanguage":"fr-FR"},{"@type":"Organization","@id":"https:\/\/v2charge.com\/store\/#organization","name":"V2C Store","url":"https:\/\/v2charge.com\/store\/","logo":{"@type":"ImageObject","inLanguage":"fr-FR","@id":"https:\/\/v2charge.com\/store\/#\/schema\/logo\/image\/","url":"https:\/\/v2charge.com\/store\/wp-content\/uploads\/2022\/08\/cropped-cropped-logotipo-v2c-store-1.png","contentUrl":"https:\/\/v2charge.com\/store\/wp-content\/uploads\/2022\/08\/cropped-cropped-logotipo-v2c-store-1.png","width":250,"height":65,"caption":"V2C Store"},"image":{"@id":"https:\/\/v2charge.com\/store\/#\/schema\/logo\/image\/"}}]}},"_links":{"self":[{"href":"https:\/\/v2charge.com\/store\/fr\/wp-json\/wp\/v2\/pages\/9708","targetHints":{"allow":["GET"]}}],"collection":[{"href":"https:\/\/v2charge.com\/store\/fr\/wp-json\/wp\/v2\/pages"}],"about":[{"href":"https:\/\/v2charge.com\/store\/fr\/wp-json\/wp\/v2\/types\/page"}],"author":[{"embeddable":true,"href":"https:\/\/v2charge.com\/store\/fr\/wp-json\/wp\/v2\/users\/1"}],"replies":[{"embeddable":true,"href":"https:\/\/v2charge.com\/store\/fr\/wp-json\/wp\/v2\/comments?post=9708"}],"version-history":[{"count":3,"href":"https:\/\/v2charge.com\/store\/fr\/wp-json\/wp\/v2\/pages\/9708\/revisions"}],"predecessor-version":[{"id":21600,"href":"https:\/\/v2charge.com\/store\/fr\/wp-json\/wp\/v2\/pages\/9708\/revisions\/21600"}],"wp:attachment":[{"href":"https:\/\/v2charge.com\/store\/fr\/wp-json\/wp\/v2\/media?parent=9708"}],"curies":[{"name":"wp","href":"https:\/\/api.w.org\/{rel}","templated":true}]}}