{"id":10731,"date":"2024-03-14T11:32:00","date_gmt":"2024-03-14T11:32:16","guid":{"rendered":"https:\/\/v2charge.com\/store\/?post_type=product&#038;p=10731"},"modified":"2024-03-18T08:15:38","modified_gmt":"2024-03-18T08:15:38","slug":"trydan-pro","status":"publish","type":"product","link":"https:\/\/v2charge.com\/store\/fr\/produit\/trydan-pro\/","title":{"rendered":"Trydan Pro"},"content":{"rendered":"<p>Avec l&rsquo;int\u00e9gration des technologies <strong>RFID<\/strong> et <strong>NFC<\/strong>, Trydan Pro se positionne comme l\u2019e-Charger par excellence pour les entreprises publiques-priv\u00e9es ou les espaces \u00e0 usage priv\u00e9. Il <strong>identifie les utilisateurs et g\u00e8re facilement leurs paiements<\/strong>, ce qui assure une exp\u00e9rience de charge accessible et s\u00e9curis\u00e9e.<\/p>\n<p>Trydan Pro dispose de la <strong>technologie 4G avec carte SIM incluse<\/strong> pour profiter d\u2019un acc\u00e8s instantan\u00e9 \u00e0 Internet.<\/p>\n<p>Mais sa connectivit\u00e9 va bien plus loin. Profitez d\u2019une <strong>connectivit\u00e9 ininterrompue<\/strong> y compris dans les zones non couvertes gr\u00e2ce \u00e0 la connexion au r\u00e9seau filaire.<\/p>\n<h2>Avec tout le potentiel de Trydan !<\/h2>\n<p><img fetchpriority=\"high\" decoding=\"async\" class=\"wp-image-9978 size-full aligncenter\" src=\"https:\/\/v2charge.com\/store\/wp-content\/uploads\/2019\/07\/trydan-avantages.png\" alt=\"Avantages de trydan\" width=\"1431\" height=\"537\" srcset=\"https:\/\/v2charge.com\/store\/wp-content\/uploads\/2019\/07\/trydan-avantages.png 1431w, https:\/\/v2charge.com\/store\/wp-content\/uploads\/2019\/07\/trydan-avantages-300x113.png 300w, https:\/\/v2charge.com\/store\/wp-content\/uploads\/2019\/07\/trydan-avantages-1024x384.png 1024w, https:\/\/v2charge.com\/store\/wp-content\/uploads\/2019\/07\/trydan-avantages-768x288.png 768w, https:\/\/v2charge.com\/store\/wp-content\/uploads\/2019\/07\/trydan-avantages-812x305.png 812w\" sizes=\"(max-width: 1431px) 100vw, 1431px\" \/><\/p>\n<p class=\"p1\"><span class=\"s1\">Vous pouvez choisir la prise de sortie :<\/span><\/p>\n<ul>\n<li>Obturateur type 2<\/li>\n<li>C\u00e2ble lisse avec obturateur (5m)<\/li>\n<\/ul>\n<p><img decoding=\"async\" class=\"wp-image-10825 size-full aligncenter\" src=\"https:\/\/v2charge.com\/store\/wp-content\/uploads\/2024\/03\/trydan-pro.jpg\" alt=\"Trydan Pro e-Charger\" width=\"1005\" height=\"405\" srcset=\"https:\/\/v2charge.com\/store\/wp-content\/uploads\/2024\/03\/trydan-pro.jpg 1005w, https:\/\/v2charge.com\/store\/wp-content\/uploads\/2024\/03\/trydan-pro-300x121.jpg 300w, https:\/\/v2charge.com\/store\/wp-content\/uploads\/2024\/03\/trydan-pro-768x309.jpg 768w, https:\/\/v2charge.com\/store\/wp-content\/uploads\/2024\/03\/trydan-pro-812x327.jpg 812w\" sizes=\"(max-width: 1005px) 100vw, 1005px\" \/><\/p>\n<h2>Caract\u00e9ristiques<\/h2>\n<ul>\n<li>Contr\u00f4le dynamique de la puissance (1 borne)<\/li>\n<li>Connexion WiFi\/Bluetooth\/Ethernet\/4G<\/li>\n<li>Carte SIM pour connexion 4G<\/li>\n<li>Lecteur RFID\/NFC (1 carte RFID incluse)<\/li>\n<li>Acc\u00e8s \u00e0 l&rsquo;application multiplateforme V2C Cloud<\/li>\n<li>Mises \u00e0 jour automatiques pour acc\u00e9der aux nouvelles fonctionnalit\u00e9s<\/li>\n<li>API int\u00e9gr\u00e9e pour les d\u00e9veloppeurs<\/li>\n<li>\u00c9cran LCD frontal<\/li>\n<li>OCPP 1.6 JSON<\/li>\n<\/ul>\n<h2>Caract\u00e9ristiques g\u00e9n\u00e9rales<\/h2>\n<ul>\n<li>Couleur : noir<\/li>\n<li>Mat\u00e9riau : polycarbonate MVR<\/li>\n<li>Poids maximal : 7 kg<\/li>\n<li>Longueur du tuyau: 5 m<\/li>\n<li>Type de tuyau : lisse<\/li>\n<li>Temp\u00e9rature de fonctionnement : -15\u00ba \u00e0 45\u00ba<\/li>\n<li>Temp\u00e9rature de stockage : -40\u00ba \u00e0 70\u00ba<\/li>\n<li>Affichage<\/li>\n<li>\u00c9clairage RVB en fonction de l&rsquo;\u00e9tat de charge<\/li>\n<\/ul>\n<h2>Caract\u00e9ristiques \u00e9lectriques<\/h2>\n<ul>\n<li>Type de connecteur: Type2<\/li>\n<li>Type de r\u00e9seau: 230V\/400V<\/li>\n<li>Courant de charge maximal: 32A (par phase)<\/li>\n<li>Puissance de charge maximale: 7,4kW ou 22kW selon le mod\u00e8le<\/li>\n<li>Courant configurable: 6 \u00e0 32A<\/li>\n<li>Fr\u00e9quence nominale : 50Hz \/ 60Hz<\/li>\n<li>Degr\u00e9 de protection : IP54 \/ IK10<\/li>\n<li>D\u00e9tection du courant r\u00e9siduel : AC 30mA \/ DC 6mA selon le mod\u00e8le<\/li>\n<\/ul>\n<h2>Fonctionnalit\u00e9 V2C Cloud<\/h2>\n<ul>\n<li>Programmation horaire de la puissance maximale<\/li>\n<li>Programmation horaire dans diff\u00e9rents cr\u00e9neaux horaires<\/li>\n<li>Historique statistique des charges<\/li>\n<li>Verrouillage et d\u00e9verrouillage<\/li>\n<li>Configuration avec Alexa<\/li>\n<li>Compatible avec tous les onduleurs solaires. Connexion sans fil avec les onduleurs les plus courants tels que GoodWe, Fronius, Huawei, Ingeteam, Kostal, SMA, SolarEdge, SolaX, Victron et le compteur Shelly pour une int\u00e9gration sans fil.<\/li>\n<\/ul>\n<p>&nbsp;<\/p>\n<p>&nbsp;<\/p>\n<p>&nbsp;<\/p>\n","protected":false},"excerpt":{"rendered":"<p><strong>Trydan Pro est l&rsquo;\u00e9volution parfaite<\/strong>. Vous b\u00e9n\u00e9ficiez d&rsquo;un contr\u00f4le total gr\u00e2ce \u00e0 un acc\u00e8s instantan\u00e9 \u00e0 Internet via <strong>WiFi<\/strong>, <strong>4G<\/strong> ou <strong>Ethernet<\/strong>.<\/p>\n<p>Sa technologie <strong>RFID<\/strong> et <strong>NFC<\/strong> avanc\u00e9e vous permet d&rsquo;identifier plusieurs utilisateurs et de g\u00e9rer vos paiements en toute simplicit\u00e9.<\/p>\n","protected":false},"featured_media":10809,"template":"","meta":{"content-type":"","inline_featured_image":false},"product_brand":[],"product_cat":[118],"product_tag":[],"class_list":{"0":"post-10731","1":"product","2":"type-product","3":"status-publish","4":"has-post-thumbnail","6":"product_cat-e-chargers-fr","8":"first","9":"instock","10":"taxable","11":"shipping-taxable","12":"purchasable","13":"product-type-variable"},"yoast_head":"<!-- This site is optimized with the Yoast SEO plugin v27.0 - https:\/\/yoast.com\/product\/yoast-seo-wordpress\/ -->\n<title>Acheter en ligne Trydan Pro e-Charger | V2C Store<\/title>\n<meta name=\"description\" content=\"Acheter en ligne le chargeur TRYDAN PRO pour v\u00e9hicules \u00e9lectriques | WiFi, 4G, Ethernet | Livraison gratuite | V2C Store\" \/>\n<meta name=\"robots\" content=\"index, follow, max-snippet:-1, max-image-preview:large, max-video-preview:-1\" \/>\n<link rel=\"canonical\" href=\"https:\/\/v2charge.com\/store\/fr\/produit\/trydan-pro\/\" \/>\n<meta property=\"og:locale\" content=\"fr_FR\" \/>\n<meta property=\"og:type\" content=\"article\" \/>\n<meta property=\"og:title\" content=\"Acheter en ligne Trydan Pro e-Charger | V2C Store\" \/>\n<meta property=\"og:description\" content=\"Acheter en ligne le chargeur TRYDAN PRO pour v\u00e9hicules \u00e9lectriques | WiFi, 4G, Ethernet | Livraison gratuite | V2C Store\" \/>\n<meta property=\"og:url\" content=\"https:\/\/v2charge.com\/store\/fr\/produit\/trydan-pro\/\" \/>\n<meta property=\"og:site_name\" content=\"V2C Store\" \/>\n<meta property=\"article:modified_time\" content=\"2024-03-18T08:15:38+00:00\" \/>\n<meta property=\"og:image\" content=\"https:\/\/v2charge.com\/store\/wp-content\/uploads\/2024\/03\/trydan-pro-cable-side.jpg\" \/>\n\t<meta property=\"og:image:width\" content=\"600\" \/>\n\t<meta property=\"og:image:height\" content=\"600\" \/>\n\t<meta property=\"og:image:type\" content=\"image\/jpeg\" \/>\n<meta name=\"twitter:card\" content=\"summary_large_image\" \/>\n<meta name=\"twitter:label1\" content=\"Dur\u00e9e de lecture estim\u00e9e\" \/>\n\t<meta name=\"twitter:data1\" content=\"3 minutes\" \/>\n<script type=\"application\/ld+json\" class=\"yoast-schema-graph\">{\"@context\":\"https:\/\/schema.org\",\"@graph\":[{\"@type\":\"WebPage\",\"@id\":\"https:\/\/v2charge.com\/store\/fr\/produit\/trydan-pro\/\",\"url\":\"https:\/\/v2charge.com\/store\/fr\/produit\/trydan-pro\/\",\"name\":\"Acheter en ligne Trydan Pro e-Charger | V2C Store\",\"isPartOf\":{\"@id\":\"https:\/\/v2charge.com\/store\/#website\"},\"primaryImageOfPage\":{\"@id\":\"https:\/\/v2charge.com\/store\/fr\/produit\/trydan-pro\/#primaryimage\"},\"image\":{\"@id\":\"https:\/\/v2charge.com\/store\/fr\/produit\/trydan-pro\/#primaryimage\"},\"thumbnailUrl\":\"https:\/\/v2charge.com\/store\/wp-content\/uploads\/2024\/03\/trydan-pro-cable-side.jpg\",\"datePublished\":\"2024-03-14T11:32:16+00:00\",\"dateModified\":\"2024-03-18T08:15:38+00:00\",\"description\":\"Acheter en ligne le chargeur TRYDAN PRO pour v\u00e9hicules \u00e9lectriques | WiFi, 4G, Ethernet | Livraison gratuite | V2C Store\",\"breadcrumb\":{\"@id\":\"https:\/\/v2charge.com\/store\/fr\/produit\/trydan-pro\/#breadcrumb\"},\"inLanguage\":\"fr-FR\",\"potentialAction\":[{\"@type\":\"ReadAction\",\"target\":[\"https:\/\/v2charge.com\/store\/fr\/produit\/trydan-pro\/\"]}]},{\"@type\":\"ImageObject\",\"inLanguage\":\"fr-FR\",\"@id\":\"https:\/\/v2charge.com\/store\/fr\/produit\/trydan-pro\/#primaryimage\",\"url\":\"https:\/\/v2charge.com\/store\/wp-content\/uploads\/2024\/03\/trydan-pro-cable-side.jpg\",\"contentUrl\":\"https:\/\/v2charge.com\/store\/wp-content\/uploads\/2024\/03\/trydan-pro-cable-side.jpg\",\"width\":600,\"height\":600},{\"@type\":\"BreadcrumbList\",\"@id\":\"https:\/\/v2charge.com\/store\/fr\/produit\/trydan-pro\/#breadcrumb\",\"itemListElement\":[{\"@type\":\"ListItem\",\"position\":1,\"name\":\"Portada\",\"item\":\"https:\/\/v2charge.com\/store\/\"},{\"@type\":\"ListItem\",\"position\":2,\"name\":\"Boutique\",\"item\":\"https:\/\/v2charge.com\/store\/fr\/boutique\/\"},{\"@type\":\"ListItem\",\"position\":3,\"name\":\"Trydan Pro\"}]},{\"@type\":\"WebSite\",\"@id\":\"https:\/\/v2charge.com\/store\/#website\",\"url\":\"https:\/\/v2charge.com\/store\/\",\"name\":\"V2C Store\",\"description\":\"V2C Store\",\"publisher\":{\"@id\":\"https:\/\/v2charge.com\/store\/#organization\"},\"potentialAction\":[{\"@type\":\"SearchAction\",\"target\":{\"@type\":\"EntryPoint\",\"urlTemplate\":\"https:\/\/v2charge.com\/store\/?s={search_term_string}\"},\"query-input\":{\"@type\":\"PropertyValueSpecification\",\"valueRequired\":true,\"valueName\":\"search_term_string\"}}],\"inLanguage\":\"fr-FR\"},{\"@type\":\"Organization\",\"@id\":\"https:\/\/v2charge.com\/store\/#organization\",\"name\":\"V2C Store\",\"url\":\"https:\/\/v2charge.com\/store\/\",\"logo\":{\"@type\":\"ImageObject\",\"inLanguage\":\"fr-FR\",\"@id\":\"https:\/\/v2charge.com\/store\/#\/schema\/logo\/image\/\",\"url\":\"https:\/\/v2charge.com\/store\/wp-content\/uploads\/2022\/08\/cropped-cropped-logotipo-v2c-store-1.png\",\"contentUrl\":\"https:\/\/v2charge.com\/store\/wp-content\/uploads\/2022\/08\/cropped-cropped-logotipo-v2c-store-1.png\",\"width\":250,\"height\":65,\"caption\":\"V2C Store\"},\"image\":{\"@id\":\"https:\/\/v2charge.com\/store\/#\/schema\/logo\/image\/\"}}]}<\/script>\n<!-- \/ Yoast SEO plugin. -->","yoast_head_json":{"title":"Acheter en ligne Trydan Pro e-Charger | V2C Store","description":"Acheter en ligne le chargeur TRYDAN PRO pour v\u00e9hicules \u00e9lectriques | WiFi, 4G, Ethernet | Livraison gratuite | V2C Store","robots":{"index":"index","follow":"follow","max-snippet":"max-snippet:-1","max-image-preview":"max-image-preview:large","max-video-preview":"max-video-preview:-1"},"canonical":"https:\/\/v2charge.com\/store\/fr\/produit\/trydan-pro\/","og_locale":"fr_FR","og_type":"article","og_title":"Acheter en ligne Trydan Pro e-Charger | V2C Store","og_description":"Acheter en ligne le chargeur TRYDAN PRO pour v\u00e9hicules \u00e9lectriques | WiFi, 4G, Ethernet | Livraison gratuite | V2C Store","og_url":"https:\/\/v2charge.com\/store\/fr\/produit\/trydan-pro\/","og_site_name":"V2C Store","article_modified_time":"2024-03-18T08:15:38+00:00","og_image":[{"width":600,"height":600,"url":"https:\/\/v2charge.com\/store\/wp-content\/uploads\/2024\/03\/trydan-pro-cable-side.jpg","type":"image\/jpeg"}],"twitter_card":"summary_large_image","twitter_misc":{"Dur\u00e9e de lecture estim\u00e9e":"3 minutes"},"schema":{"@context":"https:\/\/schema.org","@graph":[{"@type":"WebPage","@id":"https:\/\/v2charge.com\/store\/fr\/produit\/trydan-pro\/","url":"https:\/\/v2charge.com\/store\/fr\/produit\/trydan-pro\/","name":"Acheter en ligne Trydan Pro e-Charger | V2C Store","isPartOf":{"@id":"https:\/\/v2charge.com\/store\/#website"},"primaryImageOfPage":{"@id":"https:\/\/v2charge.com\/store\/fr\/produit\/trydan-pro\/#primaryimage"},"image":{"@id":"https:\/\/v2charge.com\/store\/fr\/produit\/trydan-pro\/#primaryimage"},"thumbnailUrl":"https:\/\/v2charge.com\/store\/wp-content\/uploads\/2024\/03\/trydan-pro-cable-side.jpg","datePublished":"2024-03-14T11:32:16+00:00","dateModified":"2024-03-18T08:15:38+00:00","description":"Acheter en ligne le chargeur TRYDAN PRO pour v\u00e9hicules \u00e9lectriques | WiFi, 4G, Ethernet | Livraison gratuite | V2C Store","breadcrumb":{"@id":"https:\/\/v2charge.com\/store\/fr\/produit\/trydan-pro\/#breadcrumb"},"inLanguage":"fr-FR","potentialAction":[{"@type":"ReadAction","target":["https:\/\/v2charge.com\/store\/fr\/produit\/trydan-pro\/"]}]},{"@type":"ImageObject","inLanguage":"fr-FR","@id":"https:\/\/v2charge.com\/store\/fr\/produit\/trydan-pro\/#primaryimage","url":"https:\/\/v2charge.com\/store\/wp-content\/uploads\/2024\/03\/trydan-pro-cable-side.jpg","contentUrl":"https:\/\/v2charge.com\/store\/wp-content\/uploads\/2024\/03\/trydan-pro-cable-side.jpg","width":600,"height":600},{"@type":"BreadcrumbList","@id":"https:\/\/v2charge.com\/store\/fr\/produit\/trydan-pro\/#breadcrumb","itemListElement":[{"@type":"ListItem","position":1,"name":"Portada","item":"https:\/\/v2charge.com\/store\/"},{"@type":"ListItem","position":2,"name":"Boutique","item":"https:\/\/v2charge.com\/store\/fr\/boutique\/"},{"@type":"ListItem","position":3,"name":"Trydan Pro"}]},{"@type":"WebSite","@id":"https:\/\/v2charge.com\/store\/#website","url":"https:\/\/v2charge.com\/store\/","name":"V2C Store","description":"V2C Store","publisher":{"@id":"https:\/\/v2charge.com\/store\/#organization"},"potentialAction":[{"@type":"SearchAction","target":{"@type":"EntryPoint","urlTemplate":"https:\/\/v2charge.com\/store\/?s={search_term_string}"},"query-input":{"@type":"PropertyValueSpecification","valueRequired":true,"valueName":"search_term_string"}}],"inLanguage":"fr-FR"},{"@type":"Organization","@id":"https:\/\/v2charge.com\/store\/#organization","name":"V2C Store","url":"https:\/\/v2charge.com\/store\/","logo":{"@type":"ImageObject","inLanguage":"fr-FR","@id":"https:\/\/v2charge.com\/store\/#\/schema\/logo\/image\/","url":"https:\/\/v2charge.com\/store\/wp-content\/uploads\/2022\/08\/cropped-cropped-logotipo-v2c-store-1.png","contentUrl":"https:\/\/v2charge.com\/store\/wp-content\/uploads\/2022\/08\/cropped-cropped-logotipo-v2c-store-1.png","width":250,"height":65,"caption":"V2C Store"},"image":{"@id":"https:\/\/v2charge.com\/store\/#\/schema\/logo\/image\/"}}]}},"_links":{"self":[{"href":"https:\/\/v2charge.com\/store\/fr\/wp-json\/wp\/v2\/product\/10731","targetHints":{"allow":["GET"]}}],"collection":[{"href":"https:\/\/v2charge.com\/store\/fr\/wp-json\/wp\/v2\/product"}],"about":[{"href":"https:\/\/v2charge.com\/store\/fr\/wp-json\/wp\/v2\/types\/product"}],"wp:featuredmedia":[{"embeddable":true,"href":"https:\/\/v2charge.com\/store\/fr\/wp-json\/wp\/v2\/media\/10809"}],"wp:attachment":[{"href":"https:\/\/v2charge.com\/store\/fr\/wp-json\/wp\/v2\/media?parent=10731"}],"wp:term":[{"taxonomy":"product_brand","embeddable":true,"href":"https:\/\/v2charge.com\/store\/fr\/wp-json\/wp\/v2\/product_brand?post=10731"},{"taxonomy":"product_cat","embeddable":true,"href":"https:\/\/v2charge.com\/store\/fr\/wp-json\/wp\/v2\/product_cat?post=10731"},{"taxonomy":"product_tag","embeddable":true,"href":"https:\/\/v2charge.com\/store\/fr\/wp-json\/wp\/v2\/product_tag?post=10731"}],"curies":[{"name":"wp","href":"https:\/\/api.w.org\/{rel}","templated":true}]}}