{"id":14179,"date":"2025-05-15T08:31:49","date_gmt":"2025-05-15T08:31:49","guid":{"rendered":"https:\/\/v2charge.com\/store\/product\/denka\/"},"modified":"2025-05-15T10:51:55","modified_gmt":"2025-05-15T10:51:55","slug":"denka","status":"publish","type":"product","link":"https:\/\/v2charge.com\/store\/fr\/produit\/denka\/","title":{"rendered":"Denka"},"content":{"rendered":"<p>Denka allie performance \u00e9nerg\u00e9tique et design \u00e9l\u00e9gant. Gr\u00e2ce \u00e0 son<strong> format ultra-compact<\/strong>, il s\u2019int\u00e8gre facilement dans tous les environnements : h\u00f4tels, restaurants, centres commerciaux ou entreprises.<\/p>\n<p>Disponible en deux puissances, <strong>20 kW et 40 kW<\/strong>, il offre une recharge rapide sans compromis sur la gestion de l\u2019\u00e9nergie. Son syst\u00e8me de <strong>contr\u00f4le de la puissance<\/strong> permet d\u2019\u00e9quilibrer la consommation avec d\u2019autres bornes ou avec le b\u00e2timent, pour une efficacit\u00e9 maximale.<\/p>\n<p>\u00c9quip\u00e9 d\u2019un <strong>c\u00e2ble de 5 m\u00e8tres avec connecteur CCS Combo Type 2<\/strong>, Denka peut \u00eatre install\u00e9 au mur ou sur un socle, ce qui facilite son int\u00e9gration dans n&rsquo;importe quel espace.<\/p>\n<p class=\"\" data-start=\"283\" data-end=\"401\"><strong data-start=\"283\" data-end=\"401\">Le lecteur RFID<\/strong> int\u00e9gr\u00e9 permet une gestion s\u00e9curis\u00e9e des acc\u00e8s, id\u00e9ale pour les environnements multi-utilisateurs.<\/p>\n<p class=\"\" data-start=\"145\" data-end=\"447\">Par ailleurs, il est dot\u00e9 d\u2019un module d\u2019alimentation Huawei, <strong>reconnu pour son fonctionnement silencieux.<\/strong> Gr\u00e2ce \u00e0 une r\u00e9gulation intelligente du ventilateur et un contr\u00f4le thermique avanc\u00e9, le chargeur garantit des performances constantes et optimales, m\u00eame dans les environnements les plus exigeants.<\/p>\n<p class=\"\" data-start=\"147\" data-end=\"445\">La bande LED frontale offre une exp\u00e9rience utilisateur intuitive, en guidant l\u2019utilisateur tout au long du processus de charge. De plus, gr\u00e2ce \u00e0 sa connectivit\u00e9 avanc\u00e9e (<strong>WiFi, Ethernet, Bluetooth, 4G<\/strong>), il peut \u00eatre g\u00e9r\u00e9 via V2C Cloud ou toute autre plateforme compatible avec le protocole OCPP.<\/p>\n<h2>Caract\u00e9ristiques g\u00e9n\u00e9rales<\/h2>\n<ul>\n<li>Couleur : blanc et gris<\/li>\n<li>Mat\u00e9riau : aluminium avec rev\u00eatement \u00e9poxy et mat\u00e9riau synth\u00e9tique<\/li>\n<\/ul>\n<h2>Caract\u00e9ristiques m\u00e9caniques<\/h2>\n<ul>\n<li>Poids : 50 kg avec tuyau<\/li>\n<li>Degr\u00e9 de protection : IP54<\/li>\n<li>Protection contre les chocs : IK10<\/li>\n<li>Altitude : 4 000 m max.<\/li>\n<li>Temp\u00e9rature de fonctionnement : -30\u00baC \u00e0 55\u00baC (un d\u00e9classement \u00e0 haute temp\u00e9rature peut se produire).<\/li>\n<li>Humidit\u00e9 de fonctionnement : 5% \u00e0 95% RH sans condensation<\/li>\n<li>Niveau sonore : moins de 65 dB \u00e0 1 m de distance<\/li>\n<li>Dispositif de contr\u00f4le de l&rsquo;isolement<\/li>\n<li>Syst\u00e8me de refroidissement : ventilation forc\u00e9e<\/li>\n<li>Possibilit\u00e9 de personnalisation : logo de la marque<\/li>\n<\/ul>\n<h2>Caract\u00e9ristiques \u00e9lectriques<\/h2>\n<ul>\n<li>Tension d&rsquo;alimentation : 3x 200-240 V<\/li>\n<li>Fr\u00e9quence : 50\/60 Hz<\/li>\n<li>Courant d&rsquo;entr\u00e9e maximal : 70 A<\/li>\n<li>Puissance maximale : 40 kW<\/li>\n<li>Facteur de puissance : \u2265 0,98 (charge : 20kW-40kW)<\/li>\n<li>Efficacit\u00e9 : \u2265 95 %.<\/li>\n<li>TDHi : \u2264 5% (charge : 20kW-40kW)<\/li>\n<li>Consommation en veille : moins de 20 watts<\/li>\n<li>Syst\u00e8me de mise \u00e0 la terre : TT\/TN-S<\/li>\n<li>D\u00e9connecteur d&rsquo;entr\u00e9e : Oui<\/li>\n<li>Protections \u00e9lectriques : obligatoires \u00e0 l&rsquo;ext\u00e9rieur<\/li>\n<li>Sortie DC<\/li>\n<li>Puissance maximale : 40 kW (V &gt; 300 Vdc)<\/li>\n<li>Tension de sortie : 150-1000 V<\/li>\n<li>Ondulation de tension : \u2265 5 V<\/li>\n<li>Tuyau : 5m CSS Combo Type 2<\/li>\n<li>Protocoles de charge : ISO15118, DIN SPEC 70121<\/li>\n<\/ul>\n<h2>Caract\u00e9ristiques fonctionnelles<\/h2>\n<ul>\n<li>Protocole de communication : V2C Cloud \/ OCPP 1.6 JSON \/ API Cloud \/ Modbus TCP \/ Modbus RTU<\/li>\n<li>Connectivit\u00e9 : WiFi \/ Ethernet \/ Bluetooth \/ 4G (routeur int\u00e9gr\u00e9)<\/li>\n<li>Identification : RFID \/ Plug &amp; Play \/ Paiements V2C<\/li>\n<li>Contr\u00f4le dynamique de la puissance : via un compteur externe<\/li>\n<li>Terminal de paiement : en option<\/li>\n<li>\u00c9tat de charge : \u00e9clairage LED NeoPixel RGB<\/li>\n<li>Logiciel avec mises \u00e0 jour \u00e0 distance (OTA)<\/li>\n<\/ul>\n","protected":false},"excerpt":{"rendered":"<p>Denka est le premier <strong>chargeur rapide<\/strong> V2C \u00e0 courant continu, enti\u00e8rement con\u00e7u et fabriqu\u00e9 en Espagne. Compact, efficace et pouvant \u00eatre <strong>install\u00e9 au mur ou sur un socle<\/strong>, il offre une charge rapide de <strong>20 kW ou 40 kW<\/strong>, un contr\u00f4le int\u00e9gr\u00e9 de la puissance et une connectivit\u00e9 compl\u00e8te (WiFi, Ethernet, Bluetooth et 4G).<\/p>\n","protected":false},"featured_media":14167,"template":"","meta":{"content-type":"","inline_featured_image":false},"product_brand":[],"product_cat":[118],"product_tag":[],"class_list":{"0":"post-14179","1":"product","2":"type-product","3":"status-publish","4":"has-post-thumbnail","6":"product_cat-e-chargers-fr","8":"first","9":"instock","10":"taxable","11":"shipping-taxable","12":"purchasable","13":"product-type-variable"},"yoast_head":"<!-- This site is optimized with the Yoast SEO plugin v27.0 - https:\/\/yoast.com\/product\/yoast-seo-wordpress\/ -->\n<title>Acheter en ligne Denka e-Charger | V2C Store<\/title>\n<meta name=\"description\" content=\"Achetez Denka, le chargeur rapide DC 20 kW \/ 40 kW de V2C | Choisissez votre version | Livraison express gratuite - V2C\" \/>\n<meta name=\"robots\" content=\"index, follow, max-snippet:-1, max-image-preview:large, max-video-preview:-1\" \/>\n<link rel=\"canonical\" href=\"https:\/\/v2charge.com\/store\/fr\/produit\/denka\/\" \/>\n<meta property=\"og:locale\" content=\"fr_FR\" \/>\n<meta property=\"og:type\" content=\"article\" \/>\n<meta property=\"og:title\" content=\"Acheter en ligne Denka e-Charger | V2C Store\" \/>\n<meta property=\"og:description\" content=\"Achetez Denka, le chargeur rapide DC 20 kW \/ 40 kW de V2C | Choisissez votre version | Livraison express gratuite - V2C\" \/>\n<meta property=\"og:url\" content=\"https:\/\/v2charge.com\/store\/fr\/produit\/denka\/\" \/>\n<meta property=\"og:site_name\" content=\"V2C Store\" \/>\n<meta property=\"article:modified_time\" content=\"2025-05-15T10:51:55+00:00\" \/>\n<meta property=\"og:image\" content=\"https:\/\/v2charge.com\/store\/wp-content\/uploads\/2025\/05\/denka.jpg\" \/>\n\t<meta property=\"og:image:width\" content=\"600\" \/>\n\t<meta property=\"og:image:height\" content=\"600\" \/>\n\t<meta property=\"og:image:type\" content=\"image\/jpeg\" \/>\n<meta name=\"twitter:card\" content=\"summary_large_image\" \/>\n<meta name=\"twitter:label1\" content=\"Dur\u00e9e de lecture estim\u00e9e\" \/>\n\t<meta name=\"twitter:data1\" content=\"3 minutes\" \/>\n<script type=\"application\/ld+json\" class=\"yoast-schema-graph\">{\"@context\":\"https:\/\/schema.org\",\"@graph\":[{\"@type\":\"WebPage\",\"@id\":\"https:\/\/v2charge.com\/store\/fr\/produit\/denka\/\",\"url\":\"https:\/\/v2charge.com\/store\/fr\/produit\/denka\/\",\"name\":\"Acheter en ligne Denka e-Charger | V2C Store\",\"isPartOf\":{\"@id\":\"https:\/\/v2charge.com\/store\/#website\"},\"primaryImageOfPage\":{\"@id\":\"https:\/\/v2charge.com\/store\/fr\/produit\/denka\/#primaryimage\"},\"image\":{\"@id\":\"https:\/\/v2charge.com\/store\/fr\/produit\/denka\/#primaryimage\"},\"thumbnailUrl\":\"https:\/\/v2charge.com\/store\/wp-content\/uploads\/2025\/05\/denka.jpg\",\"datePublished\":\"2025-05-15T08:31:49+00:00\",\"dateModified\":\"2025-05-15T10:51:55+00:00\",\"description\":\"Achetez Denka, le chargeur rapide DC 20 kW \/ 40 kW de V2C | Choisissez votre version | Livraison express gratuite - V2C\",\"breadcrumb\":{\"@id\":\"https:\/\/v2charge.com\/store\/fr\/produit\/denka\/#breadcrumb\"},\"inLanguage\":\"fr-FR\",\"potentialAction\":[{\"@type\":\"ReadAction\",\"target\":[\"https:\/\/v2charge.com\/store\/fr\/produit\/denka\/\"]}]},{\"@type\":\"ImageObject\",\"inLanguage\":\"fr-FR\",\"@id\":\"https:\/\/v2charge.com\/store\/fr\/produit\/denka\/#primaryimage\",\"url\":\"https:\/\/v2charge.com\/store\/wp-content\/uploads\/2025\/05\/denka.jpg\",\"contentUrl\":\"https:\/\/v2charge.com\/store\/wp-content\/uploads\/2025\/05\/denka.jpg\",\"width\":600,\"height\":600},{\"@type\":\"BreadcrumbList\",\"@id\":\"https:\/\/v2charge.com\/store\/fr\/produit\/denka\/#breadcrumb\",\"itemListElement\":[{\"@type\":\"ListItem\",\"position\":1,\"name\":\"Portada\",\"item\":\"https:\/\/v2charge.com\/store\/\"},{\"@type\":\"ListItem\",\"position\":2,\"name\":\"Boutique\",\"item\":\"https:\/\/v2charge.com\/store\/fr\/boutique\/\"},{\"@type\":\"ListItem\",\"position\":3,\"name\":\"Denka\"}]},{\"@type\":\"WebSite\",\"@id\":\"https:\/\/v2charge.com\/store\/#website\",\"url\":\"https:\/\/v2charge.com\/store\/\",\"name\":\"V2C Store\",\"description\":\"V2C Store\",\"publisher\":{\"@id\":\"https:\/\/v2charge.com\/store\/#organization\"},\"potentialAction\":[{\"@type\":\"SearchAction\",\"target\":{\"@type\":\"EntryPoint\",\"urlTemplate\":\"https:\/\/v2charge.com\/store\/?s={search_term_string}\"},\"query-input\":{\"@type\":\"PropertyValueSpecification\",\"valueRequired\":true,\"valueName\":\"search_term_string\"}}],\"inLanguage\":\"fr-FR\"},{\"@type\":\"Organization\",\"@id\":\"https:\/\/v2charge.com\/store\/#organization\",\"name\":\"V2C Store\",\"url\":\"https:\/\/v2charge.com\/store\/\",\"logo\":{\"@type\":\"ImageObject\",\"inLanguage\":\"fr-FR\",\"@id\":\"https:\/\/v2charge.com\/store\/#\/schema\/logo\/image\/\",\"url\":\"https:\/\/v2charge.com\/store\/wp-content\/uploads\/2022\/08\/cropped-logotipo-v2c-store-1.png\",\"contentUrl\":\"https:\/\/v2charge.com\/store\/wp-content\/uploads\/2022\/08\/cropped-logotipo-v2c-store-1.png\",\"width\":250,\"height\":66,\"caption\":\"V2C Store\"},\"image\":{\"@id\":\"https:\/\/v2charge.com\/store\/#\/schema\/logo\/image\/\"}}]}<\/script>\n<!-- \/ Yoast SEO plugin. -->","yoast_head_json":{"title":"Acheter en ligne Denka e-Charger | V2C Store","description":"Achetez Denka, le chargeur rapide DC 20 kW \/ 40 kW de V2C | Choisissez votre version | Livraison express gratuite - V2C","robots":{"index":"index","follow":"follow","max-snippet":"max-snippet:-1","max-image-preview":"max-image-preview:large","max-video-preview":"max-video-preview:-1"},"canonical":"https:\/\/v2charge.com\/store\/fr\/produit\/denka\/","og_locale":"fr_FR","og_type":"article","og_title":"Acheter en ligne Denka e-Charger | V2C Store","og_description":"Achetez Denka, le chargeur rapide DC 20 kW \/ 40 kW de V2C | Choisissez votre version | Livraison express gratuite - V2C","og_url":"https:\/\/v2charge.com\/store\/fr\/produit\/denka\/","og_site_name":"V2C Store","article_modified_time":"2025-05-15T10:51:55+00:00","og_image":[{"width":600,"height":600,"url":"https:\/\/v2charge.com\/store\/wp-content\/uploads\/2025\/05\/denka.jpg","type":"image\/jpeg"}],"twitter_card":"summary_large_image","twitter_misc":{"Dur\u00e9e de lecture estim\u00e9e":"3 minutes"},"schema":{"@context":"https:\/\/schema.org","@graph":[{"@type":"WebPage","@id":"https:\/\/v2charge.com\/store\/fr\/produit\/denka\/","url":"https:\/\/v2charge.com\/store\/fr\/produit\/denka\/","name":"Acheter en ligne Denka e-Charger | V2C Store","isPartOf":{"@id":"https:\/\/v2charge.com\/store\/#website"},"primaryImageOfPage":{"@id":"https:\/\/v2charge.com\/store\/fr\/produit\/denka\/#primaryimage"},"image":{"@id":"https:\/\/v2charge.com\/store\/fr\/produit\/denka\/#primaryimage"},"thumbnailUrl":"https:\/\/v2charge.com\/store\/wp-content\/uploads\/2025\/05\/denka.jpg","datePublished":"2025-05-15T08:31:49+00:00","dateModified":"2025-05-15T10:51:55+00:00","description":"Achetez Denka, le chargeur rapide DC 20 kW \/ 40 kW de V2C | Choisissez votre version | Livraison express gratuite - V2C","breadcrumb":{"@id":"https:\/\/v2charge.com\/store\/fr\/produit\/denka\/#breadcrumb"},"inLanguage":"fr-FR","potentialAction":[{"@type":"ReadAction","target":["https:\/\/v2charge.com\/store\/fr\/produit\/denka\/"]}]},{"@type":"ImageObject","inLanguage":"fr-FR","@id":"https:\/\/v2charge.com\/store\/fr\/produit\/denka\/#primaryimage","url":"https:\/\/v2charge.com\/store\/wp-content\/uploads\/2025\/05\/denka.jpg","contentUrl":"https:\/\/v2charge.com\/store\/wp-content\/uploads\/2025\/05\/denka.jpg","width":600,"height":600},{"@type":"BreadcrumbList","@id":"https:\/\/v2charge.com\/store\/fr\/produit\/denka\/#breadcrumb","itemListElement":[{"@type":"ListItem","position":1,"name":"Portada","item":"https:\/\/v2charge.com\/store\/"},{"@type":"ListItem","position":2,"name":"Boutique","item":"https:\/\/v2charge.com\/store\/fr\/boutique\/"},{"@type":"ListItem","position":3,"name":"Denka"}]},{"@type":"WebSite","@id":"https:\/\/v2charge.com\/store\/#website","url":"https:\/\/v2charge.com\/store\/","name":"V2C Store","description":"V2C Store","publisher":{"@id":"https:\/\/v2charge.com\/store\/#organization"},"potentialAction":[{"@type":"SearchAction","target":{"@type":"EntryPoint","urlTemplate":"https:\/\/v2charge.com\/store\/?s={search_term_string}"},"query-input":{"@type":"PropertyValueSpecification","valueRequired":true,"valueName":"search_term_string"}}],"inLanguage":"fr-FR"},{"@type":"Organization","@id":"https:\/\/v2charge.com\/store\/#organization","name":"V2C Store","url":"https:\/\/v2charge.com\/store\/","logo":{"@type":"ImageObject","inLanguage":"fr-FR","@id":"https:\/\/v2charge.com\/store\/#\/schema\/logo\/image\/","url":"https:\/\/v2charge.com\/store\/wp-content\/uploads\/2022\/08\/cropped-logotipo-v2c-store-1.png","contentUrl":"https:\/\/v2charge.com\/store\/wp-content\/uploads\/2022\/08\/cropped-logotipo-v2c-store-1.png","width":250,"height":66,"caption":"V2C Store"},"image":{"@id":"https:\/\/v2charge.com\/store\/#\/schema\/logo\/image\/"}}]}},"_links":{"self":[{"href":"https:\/\/v2charge.com\/store\/fr\/wp-json\/wp\/v2\/product\/14179","targetHints":{"allow":["GET"]}}],"collection":[{"href":"https:\/\/v2charge.com\/store\/fr\/wp-json\/wp\/v2\/product"}],"about":[{"href":"https:\/\/v2charge.com\/store\/fr\/wp-json\/wp\/v2\/types\/product"}],"wp:featuredmedia":[{"embeddable":true,"href":"https:\/\/v2charge.com\/store\/fr\/wp-json\/wp\/v2\/media\/14167"}],"wp:attachment":[{"href":"https:\/\/v2charge.com\/store\/fr\/wp-json\/wp\/v2\/media?parent=14179"}],"wp:term":[{"taxonomy":"product_brand","embeddable":true,"href":"https:\/\/v2charge.com\/store\/fr\/wp-json\/wp\/v2\/product_brand?post=14179"},{"taxonomy":"product_cat","embeddable":true,"href":"https:\/\/v2charge.com\/store\/fr\/wp-json\/wp\/v2\/product_cat?post=14179"},{"taxonomy":"product_tag","embeddable":true,"href":"https:\/\/v2charge.com\/store\/fr\/wp-json\/wp\/v2\/product_tag?post=14179"}],"curies":[{"name":"wp","href":"https:\/\/api.w.org\/{rel}","templated":true}]}}