{"id":21542,"date":"2026-04-12T15:17:00","date_gmt":"2026-04-12T15:17:00","guid":{"rendered":"https:\/\/v2charge.com\/store\/?post_type=product&#038;p=21542"},"modified":"2026-04-22T11:43:39","modified_gmt":"2026-04-22T11:43:39","slug":"compteur-bidirectionnel","status":"publish","type":"product","link":"https:\/\/v2charge.com\/store\/fr\/produit\/compteur-bidirectionnel\/","title":{"rendered":"Compteur bidirectionnel + Pince(s) 120A"},"content":{"rendered":"<p data-start=\"115\" data-end=\"266\">Le compteur bidirectionnel est un \u00e9l\u00e9ment cl\u00e9 pour porter le <strong>contr\u00f4le dynamique de la puissance<\/strong> de votre installation \u00e9lectrique \u00e0 un niveau sup\u00e9rieur. Gr\u00e2ce \u00e0 sa capacit\u00e9 de mesure bidirectionnelle, il analyse en temps r\u00e9el la consommation de votre foyer ainsi que les \u00e9ventuels <strong>surplus issus de votre production photovolta\u00efque<\/strong>. La puissance de recharge de votre v\u00e9hicule \u00e9lectrique est ainsi ajust\u00e9e automatiquement, afin d\u2019optimiser votre consommation tout en garantissant de ne jamais d\u00e9passer la puissance souscrite.<\/p>\n<h2 class=\"font-claude-response-body break-words whitespace-normal leading-[1.7]\">Comment fonctionne le compteur bidirectionnel<\/h2>\n<p data-start=\"233\" data-end=\"366\">Une fois install\u00e9 dans votre tableau \u00e9lectrique, le compteur mesure en continu les flux d\u2019\u00e9nergie gr\u00e2ce \u00e0 ses pinces amp\u00e8rem\u00e9triques. Ces donn\u00e9es sont ensuite transmises \u00e0 la borne Trydan ou Trydan Pro, qui <strong>ajuste en temps r\u00e9el la puissance de recharge du v\u00e9hicule en fonction de la consommation instantan\u00e9e du foyer. <\/strong>Le compteur fournit ainsi des informations pr\u00e9cises sur la consommation, la production ainsi que les flux d\u2019import et d\u2019export d\u2019\u00e9nergie, directement consultables depuis l\u2019application V2C Cloud.<\/p>\n<p data-start=\"749\" data-end=\"858\">R\u00e9sultat : une recharge toujours optimis\u00e9e, sans risque de disjonction et sans perte d\u2019\u00e9nergie disponible.<\/p>\n<h2 data-section-id=\"gglu4j\" data-start=\"865\" data-end=\"917\">Deux versions pour s\u2019adapter \u00e0 votre installation<\/h2>\n<p class=\"font-claude-response-body break-words whitespace-normal leading-[1.7]\">Le compteur bidirectionnel est disponible en deux configurations pour s&rsquo;adapter au type de r\u00e9seau \u00e9lectrique de votre habitation :<\/p>\n<ul class=\"[li_&amp;]:mb-0 [li_&amp;]:mt-1 [li_&amp;]:gap-1 [&amp;:not(:last-child)_ul]:pb-1 [&amp;:not(:last-child)_ol]:pb-1 list-disc flex flex-col gap-1 pl-8 mb-3\">\n<li class=\"whitespace-normal break-words pl-2\"><strong>Monophas\u00e9 + 1 Pince 120A<\/strong> : Id\u00e9al pour les installations monophas\u00e9es. Comprend une pince amp\u00e8rem\u00e9trique de 120A pour la mesure de l&rsquo;alimentation g\u00e9n\u00e9rale du foyer.<\/li>\n<li class=\"whitespace-normal break-words pl-2\"><strong>Triphas\u00e9 + 3 Pinces 120A<\/strong> \u2014 Con\u00e7u pour les installations triphas\u00e9es. Comprend trois pinces amp\u00e8rem\u00e9triques de 120 A, une par phase, pour une mesure compl\u00e8te et pr\u00e9cise de l\u2019ensemble de l\u2019installation.<\/li>\n<\/ul>\n<h2 class=\"font-claude-response-body break-words whitespace-normal leading-[1.7]\">Comment installer le compteur bidirectionnel V2C ?<\/h2>\n<p data-start=\"1471\" data-end=\"1593\">Pour garantir une installation conforme et s\u00e9curis\u00e9e, nous vous recommandons de consulter la documentation officielle V2C :<\/p>\n<p class=\"font-claude-response-body break-words whitespace-normal leading-[1.7]\"><img decoding=\"async\" class=\"emoji\" role=\"img\" draggable=\"false\" src=\"https:\/\/s.w.org\/images\/core\/emoji\/17.0.2\/svg\/1f517.svg\" alt=\"\ud83d\udd17\" \/> <a href=\"https:\/\/v2charge.com\/fr\/support\/controle-puissance\/dynamique\/\" target=\"_blank\" rel=\"noopener\">Contr\u00f4le dynamique de la puissance \u2014 Guide g\u00e9n\u00e9ral<\/a><br \/>\n<img decoding=\"async\" class=\"emoji\" role=\"img\" draggable=\"false\" src=\"https:\/\/s.w.org\/images\/core\/emoji\/17.0.2\/svg\/1f517.svg\" alt=\"\ud83d\udd17\" \/> <a href=\"https:\/\/v2charge.com\/fr\/support\/controle-puissance\/dynamique\/compteurs-cables\/#compteurs-cables\" target=\"_blank\" rel=\"noopener\">Comment installer le compteur ? \u2013 S\u00e9lectionnez l&rsquo;option \u00ab Eastron \u00bb<\/a><\/p>\n<p data-start=\"94\" data-end=\"334\">Une fois install\u00e9, le contr\u00f4le dynamique de la puissance se configure facilement depuis l\u2019application V2C Cloud ou le portail web, en s\u00e9lectionnant le sch\u00e9ma d\u2019installation correspondant (monophas\u00e9 ou triphas\u00e9, avec ou sans photovolta\u00efque).<\/p>\n","protected":false},"excerpt":{"rendered":"<p class=\"font-claude-response-body break-words whitespace-pre-wrap leading-[1.7]\">Dispositif de mesure et de contr\u00f4le pour une gestion intelligente de l&rsquo;\u00e9nergie dans votre foyer.<\/p>\n<p class=\"font-claude-response-body break-words whitespace-pre-wrap leading-[1.7]\">Le compteur bidirectionnel assure le <strong>contr\u00f4le dynamique de la puissance<\/strong> en \u00e9quilibrant automatiquement la puissance souscrite entre la charge de votre v\u00e9hicule \u00e9lectrique et la consommation du foyer. Disponible en deux versions selon votre installation : <strong>monophas\u00e9 (1 pince 120A) <\/strong>ou<strong> triphas\u00e9 (3 pinces 120A)<\/strong>.<\/p>\n<p class=\"font-claude-response-body break-words whitespace-normal leading-[1.7]\">\n","protected":false},"featured_media":21521,"template":"","meta":{"content-type":"","inline_featured_image":false},"product_brand":[],"product_cat":[170],"product_tag":[],"class_list":{"0":"post-21542","1":"product","2":"type-product","3":"status-publish","4":"has-post-thumbnail","6":"product_cat-accessoires-fr-2","8":"first","9":"instock","10":"taxable","11":"shipping-taxable","12":"purchasable","13":"product-type-variable"},"yoast_head":"<!-- This site is optimized with the Yoast SEO plugin v27.6 - https:\/\/yoast.com\/product\/yoast-seo-wordpress\/ -->\n<title>Compteur bidirectionnel + Pince(s) 120A - Monophas\u00e9 ou Triphas\u00e9<\/title>\n<meta name=\"description\" content=\"Optimisation de la recharge avec le compteur bidirectionnel V2C et pince(s) 120A : contr\u00f4le dynamique de puissance pour votre borne e-Charger.\" \/>\n<meta name=\"robots\" content=\"index, follow, max-snippet:-1, max-image-preview:large, max-video-preview:-1\" \/>\n<link rel=\"canonical\" href=\"https:\/\/v2charge.com\/store\/fr\/produit\/compteur-bidirectionnel\/\" \/>\n<meta property=\"og:locale\" content=\"fr_FR\" \/>\n<meta property=\"og:type\" content=\"article\" \/>\n<meta property=\"og:title\" content=\"Compteur bidirectionnel + Pince(s) 120A - Monophas\u00e9 ou Triphas\u00e9\" \/>\n<meta property=\"og:description\" content=\"Optimisation de la recharge avec le compteur bidirectionnel V2C et pince(s) 120A : contr\u00f4le dynamique de puissance pour votre borne e-Charger.\" \/>\n<meta property=\"og:url\" content=\"https:\/\/v2charge.com\/store\/fr\/produit\/compteur-bidirectionnel\/\" \/>\n<meta property=\"og:site_name\" content=\"V2C Store\" \/>\n<meta property=\"article:modified_time\" content=\"2026-04-22T11:43:39+00:00\" \/>\n<meta property=\"og:image\" content=\"https:\/\/v2charge.com\/store\/wp-content\/uploads\/2026\/04\/v2c-bidirectional-single-phase-meter.jpg\" \/>\n\t<meta property=\"og:image:width\" content=\"600\" \/>\n\t<meta property=\"og:image:height\" content=\"600\" \/>\n\t<meta property=\"og:image:type\" content=\"image\/jpeg\" \/>\n<meta name=\"twitter:card\" content=\"summary_large_image\" \/>\n<meta name=\"twitter:label1\" content=\"Dur\u00e9e de lecture estim\u00e9e\" \/>\n\t<meta name=\"twitter:data1\" content=\"3 minutes\" \/>\n<script type=\"application\/ld+json\" class=\"yoast-schema-graph\">{\"@context\":\"https:\\\/\\\/schema.org\",\"@graph\":[{\"@type\":\"WebPage\",\"@id\":\"https:\\\/\\\/v2charge.com\\\/store\\\/fr\\\/produit\\\/compteur-bidirectionnel\\\/\",\"url\":\"https:\\\/\\\/v2charge.com\\\/store\\\/fr\\\/produit\\\/compteur-bidirectionnel\\\/\",\"name\":\"Compteur bidirectionnel + Pince(s) 120A - Monophas\u00e9 ou Triphas\u00e9\",\"isPartOf\":{\"@id\":\"https:\\\/\\\/v2charge.com\\\/store\\\/#website\"},\"primaryImageOfPage\":{\"@id\":\"https:\\\/\\\/v2charge.com\\\/store\\\/fr\\\/produit\\\/compteur-bidirectionnel\\\/#primaryimage\"},\"image\":{\"@id\":\"https:\\\/\\\/v2charge.com\\\/store\\\/fr\\\/produit\\\/compteur-bidirectionnel\\\/#primaryimage\"},\"thumbnailUrl\":\"https:\\\/\\\/v2charge.com\\\/store\\\/wp-content\\\/uploads\\\/2026\\\/04\\\/v2c-bidirectional-single-phase-meter.jpg\",\"datePublished\":\"2026-04-12T15:17:00+00:00\",\"dateModified\":\"2026-04-22T11:43:39+00:00\",\"description\":\"Optimisation de la recharge avec le compteur bidirectionnel V2C et pince(s) 120A : contr\u00f4le dynamique de puissance pour votre borne e-Charger.\",\"breadcrumb\":{\"@id\":\"https:\\\/\\\/v2charge.com\\\/store\\\/fr\\\/produit\\\/compteur-bidirectionnel\\\/#breadcrumb\"},\"inLanguage\":\"fr-FR\",\"potentialAction\":[{\"@type\":\"ReadAction\",\"target\":[\"https:\\\/\\\/v2charge.com\\\/store\\\/fr\\\/produit\\\/compteur-bidirectionnel\\\/\"]}]},{\"@type\":\"ImageObject\",\"inLanguage\":\"fr-FR\",\"@id\":\"https:\\\/\\\/v2charge.com\\\/store\\\/fr\\\/produit\\\/compteur-bidirectionnel\\\/#primaryimage\",\"url\":\"https:\\\/\\\/v2charge.com\\\/store\\\/wp-content\\\/uploads\\\/2026\\\/04\\\/v2c-bidirectional-single-phase-meter.jpg\",\"contentUrl\":\"https:\\\/\\\/v2charge.com\\\/store\\\/wp-content\\\/uploads\\\/2026\\\/04\\\/v2c-bidirectional-single-phase-meter.jpg\",\"width\":600,\"height\":600},{\"@type\":\"BreadcrumbList\",\"@id\":\"https:\\\/\\\/v2charge.com\\\/store\\\/fr\\\/produit\\\/compteur-bidirectionnel\\\/#breadcrumb\",\"itemListElement\":[{\"@type\":\"ListItem\",\"position\":1,\"name\":\"Portada\",\"item\":\"https:\\\/\\\/v2charge.com\\\/store\\\/\"},{\"@type\":\"ListItem\",\"position\":2,\"name\":\"Boutique\",\"item\":\"https:\\\/\\\/v2charge.com\\\/store\\\/fr\\\/boutique\\\/\"},{\"@type\":\"ListItem\",\"position\":3,\"name\":\"Compteur bidirectionnel + Pince(s) 120A\"}]},{\"@type\":\"WebSite\",\"@id\":\"https:\\\/\\\/v2charge.com\\\/store\\\/#website\",\"url\":\"https:\\\/\\\/v2charge.com\\\/store\\\/\",\"name\":\"V2C Store\",\"description\":\"V2C Store\",\"publisher\":{\"@id\":\"https:\\\/\\\/v2charge.com\\\/store\\\/#organization\"},\"potentialAction\":[{\"@type\":\"SearchAction\",\"target\":{\"@type\":\"EntryPoint\",\"urlTemplate\":\"https:\\\/\\\/v2charge.com\\\/store\\\/?s={search_term_string}\"},\"query-input\":{\"@type\":\"PropertyValueSpecification\",\"valueRequired\":true,\"valueName\":\"search_term_string\"}}],\"inLanguage\":\"fr-FR\"},{\"@type\":\"Organization\",\"@id\":\"https:\\\/\\\/v2charge.com\\\/store\\\/#organization\",\"name\":\"V2C Store\",\"url\":\"https:\\\/\\\/v2charge.com\\\/store\\\/\",\"logo\":{\"@type\":\"ImageObject\",\"inLanguage\":\"fr-FR\",\"@id\":\"https:\\\/\\\/v2charge.com\\\/store\\\/#\\\/schema\\\/logo\\\/image\\\/\",\"url\":\"https:\\\/\\\/v2charge.com\\\/store\\\/wp-content\\\/uploads\\\/2022\\\/08\\\/cropped-cropped-logotipo-v2c-store-1.png\",\"contentUrl\":\"https:\\\/\\\/v2charge.com\\\/store\\\/wp-content\\\/uploads\\\/2022\\\/08\\\/cropped-cropped-logotipo-v2c-store-1.png\",\"width\":250,\"height\":65,\"caption\":\"V2C Store\"},\"image\":{\"@id\":\"https:\\\/\\\/v2charge.com\\\/store\\\/#\\\/schema\\\/logo\\\/image\\\/\"}}]}<\/script>\n<!-- \/ Yoast SEO plugin. -->","yoast_head_json":{"title":"Compteur bidirectionnel + Pince(s) 120A - Monophas\u00e9 ou Triphas\u00e9","description":"Optimisation de la recharge avec le compteur bidirectionnel V2C et pince(s) 120A : contr\u00f4le dynamique de puissance pour votre borne e-Charger.","robots":{"index":"index","follow":"follow","max-snippet":"max-snippet:-1","max-image-preview":"max-image-preview:large","max-video-preview":"max-video-preview:-1"},"canonical":"https:\/\/v2charge.com\/store\/fr\/produit\/compteur-bidirectionnel\/","og_locale":"fr_FR","og_type":"article","og_title":"Compteur bidirectionnel + Pince(s) 120A - Monophas\u00e9 ou Triphas\u00e9","og_description":"Optimisation de la recharge avec le compteur bidirectionnel V2C et pince(s) 120A : contr\u00f4le dynamique de puissance pour votre borne e-Charger.","og_url":"https:\/\/v2charge.com\/store\/fr\/produit\/compteur-bidirectionnel\/","og_site_name":"V2C Store","article_modified_time":"2026-04-22T11:43:39+00:00","og_image":[{"width":600,"height":600,"url":"https:\/\/v2charge.com\/store\/wp-content\/uploads\/2026\/04\/v2c-bidirectional-single-phase-meter.jpg","type":"image\/jpeg"}],"twitter_card":"summary_large_image","twitter_misc":{"Dur\u00e9e de lecture estim\u00e9e":"3 minutes"},"schema":{"@context":"https:\/\/schema.org","@graph":[{"@type":"WebPage","@id":"https:\/\/v2charge.com\/store\/fr\/produit\/compteur-bidirectionnel\/","url":"https:\/\/v2charge.com\/store\/fr\/produit\/compteur-bidirectionnel\/","name":"Compteur bidirectionnel + Pince(s) 120A - Monophas\u00e9 ou Triphas\u00e9","isPartOf":{"@id":"https:\/\/v2charge.com\/store\/#website"},"primaryImageOfPage":{"@id":"https:\/\/v2charge.com\/store\/fr\/produit\/compteur-bidirectionnel\/#primaryimage"},"image":{"@id":"https:\/\/v2charge.com\/store\/fr\/produit\/compteur-bidirectionnel\/#primaryimage"},"thumbnailUrl":"https:\/\/v2charge.com\/store\/wp-content\/uploads\/2026\/04\/v2c-bidirectional-single-phase-meter.jpg","datePublished":"2026-04-12T15:17:00+00:00","dateModified":"2026-04-22T11:43:39+00:00","description":"Optimisation de la recharge avec le compteur bidirectionnel V2C et pince(s) 120A : contr\u00f4le dynamique de puissance pour votre borne e-Charger.","breadcrumb":{"@id":"https:\/\/v2charge.com\/store\/fr\/produit\/compteur-bidirectionnel\/#breadcrumb"},"inLanguage":"fr-FR","potentialAction":[{"@type":"ReadAction","target":["https:\/\/v2charge.com\/store\/fr\/produit\/compteur-bidirectionnel\/"]}]},{"@type":"ImageObject","inLanguage":"fr-FR","@id":"https:\/\/v2charge.com\/store\/fr\/produit\/compteur-bidirectionnel\/#primaryimage","url":"https:\/\/v2charge.com\/store\/wp-content\/uploads\/2026\/04\/v2c-bidirectional-single-phase-meter.jpg","contentUrl":"https:\/\/v2charge.com\/store\/wp-content\/uploads\/2026\/04\/v2c-bidirectional-single-phase-meter.jpg","width":600,"height":600},{"@type":"BreadcrumbList","@id":"https:\/\/v2charge.com\/store\/fr\/produit\/compteur-bidirectionnel\/#breadcrumb","itemListElement":[{"@type":"ListItem","position":1,"name":"Portada","item":"https:\/\/v2charge.com\/store\/"},{"@type":"ListItem","position":2,"name":"Boutique","item":"https:\/\/v2charge.com\/store\/fr\/boutique\/"},{"@type":"ListItem","position":3,"name":"Compteur bidirectionnel + Pince(s) 120A"}]},{"@type":"WebSite","@id":"https:\/\/v2charge.com\/store\/#website","url":"https:\/\/v2charge.com\/store\/","name":"V2C Store","description":"V2C Store","publisher":{"@id":"https:\/\/v2charge.com\/store\/#organization"},"potentialAction":[{"@type":"SearchAction","target":{"@type":"EntryPoint","urlTemplate":"https:\/\/v2charge.com\/store\/?s={search_term_string}"},"query-input":{"@type":"PropertyValueSpecification","valueRequired":true,"valueName":"search_term_string"}}],"inLanguage":"fr-FR"},{"@type":"Organization","@id":"https:\/\/v2charge.com\/store\/#organization","name":"V2C Store","url":"https:\/\/v2charge.com\/store\/","logo":{"@type":"ImageObject","inLanguage":"fr-FR","@id":"https:\/\/v2charge.com\/store\/#\/schema\/logo\/image\/","url":"https:\/\/v2charge.com\/store\/wp-content\/uploads\/2022\/08\/cropped-cropped-logotipo-v2c-store-1.png","contentUrl":"https:\/\/v2charge.com\/store\/wp-content\/uploads\/2022\/08\/cropped-cropped-logotipo-v2c-store-1.png","width":250,"height":65,"caption":"V2C Store"},"image":{"@id":"https:\/\/v2charge.com\/store\/#\/schema\/logo\/image\/"}}]}},"_links":{"self":[{"href":"https:\/\/v2charge.com\/store\/fr\/wp-json\/wp\/v2\/product\/21542","targetHints":{"allow":["GET"]}}],"collection":[{"href":"https:\/\/v2charge.com\/store\/fr\/wp-json\/wp\/v2\/product"}],"about":[{"href":"https:\/\/v2charge.com\/store\/fr\/wp-json\/wp\/v2\/types\/product"}],"wp:featuredmedia":[{"embeddable":true,"href":"https:\/\/v2charge.com\/store\/fr\/wp-json\/wp\/v2\/media\/21521"}],"wp:attachment":[{"href":"https:\/\/v2charge.com\/store\/fr\/wp-json\/wp\/v2\/media?parent=21542"}],"wp:term":[{"taxonomy":"product_brand","embeddable":true,"href":"https:\/\/v2charge.com\/store\/fr\/wp-json\/wp\/v2\/product_brand?post=21542"},{"taxonomy":"product_cat","embeddable":true,"href":"https:\/\/v2charge.com\/store\/fr\/wp-json\/wp\/v2\/product_cat?post=21542"},{"taxonomy":"product_tag","embeddable":true,"href":"https:\/\/v2charge.com\/store\/fr\/wp-json\/wp\/v2\/product_tag?post=21542"}],"curies":[{"name":"wp","href":"https:\/\/api.w.org\/{rel}","templated":true}]}}