{"id":9693,"date":"2019-07-03T11:00:28","date_gmt":"2019-07-03T11:00:28","guid":{"rendered":"https:\/\/v2charge.com\/store\/product\/trydan\/"},"modified":"2025-09-26T10:17:05","modified_gmt":"2025-09-26T10:17:05","slug":"trydan","status":"publish","type":"product","link":"https:\/\/v2charge.com\/store\/fr\/produit\/trydan\/","title":{"rendered":"Trydan"},"content":{"rendered":"<p class=\"p1\">Trydan garantit une <strong>recharge intelligente<\/strong>, <strong>s\u00fbre<\/strong> et <strong>efficace<\/strong>. Elle int\u00e8gre les derni\u00e8res technologies du march\u00e9 pour recharger votre voiture \u00e9lectrique ou hybride rechargeable.<\/p>\n<p><img fetchpriority=\"high\" decoding=\"async\" class=\"wp-image-9978 size-full aligncenter\" src=\"https:\/\/v2charge.com\/store\/wp-content\/uploads\/2019\/07\/trydan-avantages.png\" alt=\"Avantages de trydan\" width=\"1431\" height=\"537\" srcset=\"https:\/\/v2charge.com\/store\/wp-content\/uploads\/2019\/07\/trydan-avantages.png 1431w, https:\/\/v2charge.com\/store\/wp-content\/uploads\/2019\/07\/trydan-avantages-300x113.png 300w, https:\/\/v2charge.com\/store\/wp-content\/uploads\/2019\/07\/trydan-avantages-1024x384.png 1024w, https:\/\/v2charge.com\/store\/wp-content\/uploads\/2019\/07\/trydan-avantages-768x288.png 768w, https:\/\/v2charge.com\/store\/wp-content\/uploads\/2019\/07\/trydan-avantages-812x305.png 812w\" sizes=\"(max-width: 1431px) 100vw, 1431px\" \/><\/p>\n<p class=\"p1\">Prenez le contr\u00f4le total de Trydan avec l\u2019application gratuite <strong>V2C Cloud<\/strong>. Vous pouvez contr\u00f4ler la charge en temps r\u00e9el, la programmer aux moments les plus opportuns et profiter d\u2019une connectivit\u00e9 illimit\u00e9e. Il s\u2019agit de la premi\u00e8re borne de recharge dot\u00e9e d\u2019un bot Telegram, d\u2019une <strong>connexion Alexa<\/strong> et d\u2019une <strong>int\u00e9gration \u00e0 l\u2019assistant domestique<\/strong>.<\/p>\n<p class=\"p1\">Et ce n&rsquo;est pas fini ! Trydan poss\u00e8de un <strong>contr\u00f4le dynamique de la puissance pour \u00e9viter la surcharge<\/strong>.<\/p>\n<p class=\"p1\">Vous pouvez choisir la prise de sortie :<\/p>\n<ul>\n<li>Prise de courant de Type 2<\/li>\n<li>C\u00e2ble type 2 de 5 m\u00e8tres de long<\/li>\n<li>C\u00e2ble type 2 de 10 m\u00e8tres de long<\/li>\n<\/ul>\n<p><img decoding=\"async\" class=\"wp-image-8607 size-full aligncenter\" src=\"https:\/\/v2charge.com\/store\/wp-content\/uploads\/2022\/09\/trydan-cargador.jpg\" alt=\"\" width=\"1005\" height=\"415\" srcset=\"https:\/\/v2charge.com\/store\/wp-content\/uploads\/2022\/09\/trydan-cargador.jpg 1005w, https:\/\/v2charge.com\/store\/wp-content\/uploads\/2022\/09\/trydan-cargador-300x124.jpg 300w, https:\/\/v2charge.com\/store\/wp-content\/uploads\/2022\/09\/trydan-cargador-768x317.jpg 768w, https:\/\/v2charge.com\/store\/wp-content\/uploads\/2022\/09\/trydan-cargador-812x335.jpg 812w\" sizes=\"(max-width: 1005px) 100vw, 1005px\" \/><\/p>\n<h2>Caract\u00e9ristiques<\/h2>\n<ul>\n<li>Contr\u00f4le dynamique de la puissance<\/li>\n<li>Acc\u00e8s \u00e0 l&rsquo;application multiplateforme V2C Cloud<\/li>\n<li>Mises \u00e0 jour automatiques pour acc\u00e9der aux nouvelles fonctionnalit\u00e9s<\/li>\n<li>V2C Control Box et pince photovolta\u00efque (inclus)<\/li>\n<li>API int\u00e9gr\u00e9e pour les d\u00e9veloppeurs<\/li>\n<li>\u00c9cran LCD frontal<\/li>\n<li>Connexion WiFi\/Bluetooth<\/li>\n<li>OCPP 1.6 JSON<\/li>\n<\/ul>\n<h2>Caract\u00e9ristiques g\u00e9n\u00e9rales<\/h2>\n<ul>\n<li>Couleur : noir<\/li>\n<li>Mat\u00e9riau : polycarbonate MVR<\/li>\n<li>Poids : 2 kg (sans c\u00e2ble) \/ 2,5 kg (sans c\u00e2ble et avec protections)<\/li>\n<li>Longueur du tuyau: 5 m<\/li>\n<li>Type de tuyau : lisse\/spiral<\/li>\n<li>Temp\u00e9rature de fonctionnement : -15\u00ba \u00e0 45\u00ba<\/li>\n<li>Temp\u00e9rature de stockage : -40\u00ba \u00e0 70\u00ba<\/li>\n<li>Affichage<\/li>\n<li>\u00c9clairage RVB en fonction de l&rsquo;\u00e9tat de charge<\/li>\n<\/ul>\n<h2>Caract\u00e9ristiques \u00e9lectriques<\/h2>\n<ul>\n<li>Type de connecteur: Type2<\/li>\n<li>Type de r\u00e9seau: 230V\/400V<\/li>\n<li>Courant de charge maximal: 32A (par phase)<\/li>\n<li>Puissance de charge maximale: 7,4kW ou 22kW selon le mod\u00e8le<\/li>\n<li>Courant configurable: 6 \u00e0 32A<\/li>\n<li>Fr\u00e9quence nominale : 50Hz \/ 60Hz<\/li>\n<li>Degr\u00e9 de protection : IP54 \/ IK10<\/li>\n<li>D\u00e9tection du courant r\u00e9siduel : AC 30mA \/ DC 6mA selon le mod\u00e8le<\/li>\n<\/ul>\n<h2>Fonctionnalit\u00e9 V2C Cloud<\/h2>\n<ul>\n<li>Programmation horaire de la puissance maximale<\/li>\n<li>Programmation horaire dans diff\u00e9rents cr\u00e9neaux horaires<\/li>\n<li>Historique statistique des charges<\/li>\n<li>Verrouillage et d\u00e9verrouillage<\/li>\n<li>Configuration avec Alexa<\/li>\n<li>Compatibilit\u00e9 avec les onduleurs solaires GoodWe, Fronius, Huawei, Ingeteam, Kostal, SMA, SolarEdge, SolaX, Victron et le compteur Shelly pour une int\u00e9gration sans fil<\/li>\n<\/ul>\n<p>&nbsp;<\/p>\n<p>&nbsp;<\/p>\n<p>&nbsp;<\/p>\n","protected":false},"excerpt":{"rendered":"<p class=\"p1\">Trydan est une borne de recharge dot\u00e9e de la <strong>technologie la plus avanc\u00e9e<\/strong> du march\u00e9 pour recharger votre voiture \u00e9lectrique. Du jamais-vu auparavant.<\/p>\n<p class=\"p1\">Elle est <strong>compatible avec tous les mod\u00e8les<\/strong> de voitures \u00e9lectriques et hybrides rechargeables de <strong>Type 2<\/strong>.<\/p>\n","protected":false},"featured_media":9152,"template":"","meta":{"content-type":"","inline_featured_image":false},"product_brand":[],"product_cat":[118],"product_tag":[],"class_list":{"0":"post-9693","1":"product","2":"type-product","3":"status-publish","4":"has-post-thumbnail","6":"product_cat-e-chargers-fr","8":"first","9":"instock","10":"taxable","11":"shipping-taxable","12":"purchasable","13":"product-type-variable"},"yoast_head":"<!-- This site is optimized with the Yoast SEO plugin v27.0 - https:\/\/yoast.com\/product\/yoast-seo-wordpress\/ -->\n<title>Acheter en ligne Trydan e-Charger | V2C Store<\/title>\n<meta name=\"description\" content=\"Acheter en ligne le chargeur TRYDAN pour v\u00e9hicules \u00e9lectriques | Le chargeur le plus innovant et le plus intelligent | Livraison gratuite\" \/>\n<meta name=\"robots\" content=\"index, follow, max-snippet:-1, max-image-preview:large, max-video-preview:-1\" \/>\n<link rel=\"canonical\" href=\"https:\/\/v2charge.com\/store\/fr\/produit\/trydan\/\" \/>\n<meta property=\"og:locale\" content=\"fr_FR\" \/>\n<meta property=\"og:type\" content=\"article\" \/>\n<meta property=\"og:title\" content=\"Acheter en ligne Trydan e-Charger | V2C Store\" \/>\n<meta property=\"og:description\" content=\"Acheter en ligne le chargeur TRYDAN pour v\u00e9hicules \u00e9lectriques | Le chargeur le plus innovant et le plus intelligent | Livraison gratuite\" \/>\n<meta property=\"og:url\" content=\"https:\/\/v2charge.com\/store\/fr\/produit\/trydan\/\" \/>\n<meta property=\"og:site_name\" content=\"V2C Store\" \/>\n<meta property=\"article:modified_time\" content=\"2025-09-26T10:17:05+00:00\" \/>\n<meta property=\"og:image\" content=\"https:\/\/v2charge.com\/store\/wp-content\/uploads\/2019\/07\/trydan-echarger.jpg\" \/>\n\t<meta property=\"og:image:width\" content=\"600\" \/>\n\t<meta property=\"og:image:height\" content=\"600\" \/>\n\t<meta property=\"og:image:type\" content=\"image\/jpeg\" \/>\n<meta name=\"twitter:card\" content=\"summary_large_image\" \/>\n<meta name=\"twitter:label1\" content=\"Dur\u00e9e de lecture estim\u00e9e\" \/>\n\t<meta name=\"twitter:data1\" content=\"3 minutes\" \/>\n<script type=\"application\/ld+json\" class=\"yoast-schema-graph\">{\"@context\":\"https:\/\/schema.org\",\"@graph\":[{\"@type\":\"WebPage\",\"@id\":\"https:\/\/v2charge.com\/store\/fr\/produit\/trydan\/\",\"url\":\"https:\/\/v2charge.com\/store\/fr\/produit\/trydan\/\",\"name\":\"Acheter en ligne Trydan e-Charger | V2C Store\",\"isPartOf\":{\"@id\":\"https:\/\/v2charge.com\/store\/#website\"},\"primaryImageOfPage\":{\"@id\":\"https:\/\/v2charge.com\/store\/fr\/produit\/trydan\/#primaryimage\"},\"image\":{\"@id\":\"https:\/\/v2charge.com\/store\/fr\/produit\/trydan\/#primaryimage\"},\"thumbnailUrl\":\"https:\/\/v2charge.com\/store\/wp-content\/uploads\/2019\/07\/trydan-echarger.jpg\",\"datePublished\":\"2019-07-03T11:00:28+00:00\",\"dateModified\":\"2025-09-26T10:17:05+00:00\",\"description\":\"Acheter en ligne le chargeur TRYDAN pour v\u00e9hicules \u00e9lectriques | Le chargeur le plus innovant et le plus intelligent | Livraison gratuite\",\"breadcrumb\":{\"@id\":\"https:\/\/v2charge.com\/store\/fr\/produit\/trydan\/#breadcrumb\"},\"inLanguage\":\"fr-FR\",\"potentialAction\":[{\"@type\":\"ReadAction\",\"target\":[\"https:\/\/v2charge.com\/store\/fr\/produit\/trydan\/\"]}]},{\"@type\":\"ImageObject\",\"inLanguage\":\"fr-FR\",\"@id\":\"https:\/\/v2charge.com\/store\/fr\/produit\/trydan\/#primaryimage\",\"url\":\"https:\/\/v2charge.com\/store\/wp-content\/uploads\/2019\/07\/trydan-echarger.jpg\",\"contentUrl\":\"https:\/\/v2charge.com\/store\/wp-content\/uploads\/2019\/07\/trydan-echarger.jpg\",\"width\":600,\"height\":600,\"caption\":\"Trydan v2c\"},{\"@type\":\"BreadcrumbList\",\"@id\":\"https:\/\/v2charge.com\/store\/fr\/produit\/trydan\/#breadcrumb\",\"itemListElement\":[{\"@type\":\"ListItem\",\"position\":1,\"name\":\"Portada\",\"item\":\"https:\/\/v2charge.com\/store\/\"},{\"@type\":\"ListItem\",\"position\":2,\"name\":\"Boutique\",\"item\":\"https:\/\/v2charge.com\/store\/fr\/boutique\/\"},{\"@type\":\"ListItem\",\"position\":3,\"name\":\"Trydan\"}]},{\"@type\":\"WebSite\",\"@id\":\"https:\/\/v2charge.com\/store\/#website\",\"url\":\"https:\/\/v2charge.com\/store\/\",\"name\":\"V2C Store\",\"description\":\"V2C Store\",\"publisher\":{\"@id\":\"https:\/\/v2charge.com\/store\/#organization\"},\"potentialAction\":[{\"@type\":\"SearchAction\",\"target\":{\"@type\":\"EntryPoint\",\"urlTemplate\":\"https:\/\/v2charge.com\/store\/?s={search_term_string}\"},\"query-input\":{\"@type\":\"PropertyValueSpecification\",\"valueRequired\":true,\"valueName\":\"search_term_string\"}}],\"inLanguage\":\"fr-FR\"},{\"@type\":\"Organization\",\"@id\":\"https:\/\/v2charge.com\/store\/#organization\",\"name\":\"V2C Store\",\"url\":\"https:\/\/v2charge.com\/store\/\",\"logo\":{\"@type\":\"ImageObject\",\"inLanguage\":\"fr-FR\",\"@id\":\"https:\/\/v2charge.com\/store\/#\/schema\/logo\/image\/\",\"url\":\"https:\/\/v2charge.com\/store\/wp-content\/uploads\/2022\/08\/cropped-cropped-logotipo-v2c-store-1.png\",\"contentUrl\":\"https:\/\/v2charge.com\/store\/wp-content\/uploads\/2022\/08\/cropped-cropped-logotipo-v2c-store-1.png\",\"width\":250,\"height\":65,\"caption\":\"V2C Store\"},\"image\":{\"@id\":\"https:\/\/v2charge.com\/store\/#\/schema\/logo\/image\/\"}}]}<\/script>\n<!-- \/ Yoast SEO plugin. -->","yoast_head_json":{"title":"Acheter en ligne Trydan e-Charger | V2C Store","description":"Acheter en ligne le chargeur TRYDAN pour v\u00e9hicules \u00e9lectriques | Le chargeur le plus innovant et le plus intelligent | Livraison gratuite","robots":{"index":"index","follow":"follow","max-snippet":"max-snippet:-1","max-image-preview":"max-image-preview:large","max-video-preview":"max-video-preview:-1"},"canonical":"https:\/\/v2charge.com\/store\/fr\/produit\/trydan\/","og_locale":"fr_FR","og_type":"article","og_title":"Acheter en ligne Trydan e-Charger | V2C Store","og_description":"Acheter en ligne le chargeur TRYDAN pour v\u00e9hicules \u00e9lectriques | Le chargeur le plus innovant et le plus intelligent | Livraison gratuite","og_url":"https:\/\/v2charge.com\/store\/fr\/produit\/trydan\/","og_site_name":"V2C Store","article_modified_time":"2025-09-26T10:17:05+00:00","og_image":[{"width":600,"height":600,"url":"https:\/\/v2charge.com\/store\/wp-content\/uploads\/2019\/07\/trydan-echarger.jpg","type":"image\/jpeg"}],"twitter_card":"summary_large_image","twitter_misc":{"Dur\u00e9e de lecture estim\u00e9e":"3 minutes"},"schema":{"@context":"https:\/\/schema.org","@graph":[{"@type":"WebPage","@id":"https:\/\/v2charge.com\/store\/fr\/produit\/trydan\/","url":"https:\/\/v2charge.com\/store\/fr\/produit\/trydan\/","name":"Acheter en ligne Trydan e-Charger | V2C Store","isPartOf":{"@id":"https:\/\/v2charge.com\/store\/#website"},"primaryImageOfPage":{"@id":"https:\/\/v2charge.com\/store\/fr\/produit\/trydan\/#primaryimage"},"image":{"@id":"https:\/\/v2charge.com\/store\/fr\/produit\/trydan\/#primaryimage"},"thumbnailUrl":"https:\/\/v2charge.com\/store\/wp-content\/uploads\/2019\/07\/trydan-echarger.jpg","datePublished":"2019-07-03T11:00:28+00:00","dateModified":"2025-09-26T10:17:05+00:00","description":"Acheter en ligne le chargeur TRYDAN pour v\u00e9hicules \u00e9lectriques | Le chargeur le plus innovant et le plus intelligent | Livraison gratuite","breadcrumb":{"@id":"https:\/\/v2charge.com\/store\/fr\/produit\/trydan\/#breadcrumb"},"inLanguage":"fr-FR","potentialAction":[{"@type":"ReadAction","target":["https:\/\/v2charge.com\/store\/fr\/produit\/trydan\/"]}]},{"@type":"ImageObject","inLanguage":"fr-FR","@id":"https:\/\/v2charge.com\/store\/fr\/produit\/trydan\/#primaryimage","url":"https:\/\/v2charge.com\/store\/wp-content\/uploads\/2019\/07\/trydan-echarger.jpg","contentUrl":"https:\/\/v2charge.com\/store\/wp-content\/uploads\/2019\/07\/trydan-echarger.jpg","width":600,"height":600,"caption":"Trydan v2c"},{"@type":"BreadcrumbList","@id":"https:\/\/v2charge.com\/store\/fr\/produit\/trydan\/#breadcrumb","itemListElement":[{"@type":"ListItem","position":1,"name":"Portada","item":"https:\/\/v2charge.com\/store\/"},{"@type":"ListItem","position":2,"name":"Boutique","item":"https:\/\/v2charge.com\/store\/fr\/boutique\/"},{"@type":"ListItem","position":3,"name":"Trydan"}]},{"@type":"WebSite","@id":"https:\/\/v2charge.com\/store\/#website","url":"https:\/\/v2charge.com\/store\/","name":"V2C Store","description":"V2C Store","publisher":{"@id":"https:\/\/v2charge.com\/store\/#organization"},"potentialAction":[{"@type":"SearchAction","target":{"@type":"EntryPoint","urlTemplate":"https:\/\/v2charge.com\/store\/?s={search_term_string}"},"query-input":{"@type":"PropertyValueSpecification","valueRequired":true,"valueName":"search_term_string"}}],"inLanguage":"fr-FR"},{"@type":"Organization","@id":"https:\/\/v2charge.com\/store\/#organization","name":"V2C Store","url":"https:\/\/v2charge.com\/store\/","logo":{"@type":"ImageObject","inLanguage":"fr-FR","@id":"https:\/\/v2charge.com\/store\/#\/schema\/logo\/image\/","url":"https:\/\/v2charge.com\/store\/wp-content\/uploads\/2022\/08\/cropped-cropped-logotipo-v2c-store-1.png","contentUrl":"https:\/\/v2charge.com\/store\/wp-content\/uploads\/2022\/08\/cropped-cropped-logotipo-v2c-store-1.png","width":250,"height":65,"caption":"V2C Store"},"image":{"@id":"https:\/\/v2charge.com\/store\/#\/schema\/logo\/image\/"}}]}},"_links":{"self":[{"href":"https:\/\/v2charge.com\/store\/fr\/wp-json\/wp\/v2\/product\/9693","targetHints":{"allow":["GET"]}}],"collection":[{"href":"https:\/\/v2charge.com\/store\/fr\/wp-json\/wp\/v2\/product"}],"about":[{"href":"https:\/\/v2charge.com\/store\/fr\/wp-json\/wp\/v2\/types\/product"}],"wp:featuredmedia":[{"embeddable":true,"href":"https:\/\/v2charge.com\/store\/fr\/wp-json\/wp\/v2\/media\/9152"}],"wp:attachment":[{"href":"https:\/\/v2charge.com\/store\/fr\/wp-json\/wp\/v2\/media?parent=9693"}],"wp:term":[{"taxonomy":"product_brand","embeddable":true,"href":"https:\/\/v2charge.com\/store\/fr\/wp-json\/wp\/v2\/product_brand?post=9693"},{"taxonomy":"product_cat","embeddable":true,"href":"https:\/\/v2charge.com\/store\/fr\/wp-json\/wp\/v2\/product_cat?post=9693"},{"taxonomy":"product_tag","embeddable":true,"href":"https:\/\/v2charge.com\/store\/fr\/wp-json\/wp\/v2\/product_tag?post=9693"}],"curies":[{"name":"wp","href":"https:\/\/api.w.org\/{rel}","templated":true}]}}