{"id":9702,"date":"2023-01-09T09:27:39","date_gmt":"2023-01-09T09:27:39","guid":{"rendered":"https:\/\/v2charge.com\/store\/product\/pinza-fotovoltaica-100a\/"},"modified":"2023-07-27T10:23:11","modified_gmt":"2023-07-27T10:23:11","slug":"pince-photovoltaique-100a","status":"publish","type":"product","link":"https:\/\/v2charge.com\/store\/fr\/produit\/pince-photovoltaique-100a\/","title":{"rendered":"Pince de r\u00e9gulation dynamique de puissance pour photovolta\u00efque 100A"},"content":{"rendered":"","protected":false},"excerpt":{"rendered":"<p>Pince pour l&rsquo;installation avec contr\u00f4le dynamique de la puissance d&rsquo;un e-Charger pour v\u00e9hicules \u00e9lectriques.<\/p>\n<p>Photovolta\u00efque 100A.<\/p>\n","protected":false},"featured_media":9162,"template":"","meta":{"content-type":"","inline_featured_image":false},"product_brand":[],"product_cat":[119],"product_tag":[],"class_list":{"0":"post-9702","1":"product","2":"type-product","3":"status-publish","4":"has-post-thumbnail","6":"product_cat-accessoires-fr","8":"first","9":"instock","10":"taxable","11":"shipping-taxable","12":"purchasable","13":"product-type-simple"},"yoast_head":"<!-- This site is optimized with the Yoast SEO plugin v27.0 - https:\/\/yoast.com\/product\/yoast-seo-wordpress\/ -->\n<title>Acheter Pince 100A Photovolta\u00efque - Borne de recharge<\/title>\n<meta name=\"description\" content=\"Pince photovolta\u00efque 100A pour l&#039;installation d&#039;un chargeur de v\u00e9hicule \u00e9lectrique : Dynamic Power Control - V2C\" \/>\n<meta name=\"robots\" content=\"index, follow, max-snippet:-1, max-image-preview:large, max-video-preview:-1\" \/>\n<link rel=\"canonical\" href=\"https:\/\/v2charge.com\/store\/fr\/produit\/pince-photovoltaique-100a\/\" \/>\n<meta property=\"og:locale\" content=\"fr_FR\" \/>\n<meta property=\"og:type\" content=\"article\" \/>\n<meta property=\"og:title\" content=\"Acheter Pince 100A Photovolta\u00efque - Borne de recharge\" \/>\n<meta property=\"og:description\" content=\"Pince photovolta\u00efque 100A pour l&#039;installation d&#039;un chargeur de v\u00e9hicule \u00e9lectrique : Dynamic Power Control - V2C\" \/>\n<meta property=\"og:url\" content=\"https:\/\/v2charge.com\/store\/fr\/produit\/pince-photovoltaique-100a\/\" \/>\n<meta property=\"og:site_name\" content=\"V2C Store\" \/>\n<meta property=\"article:modified_time\" content=\"2023-07-27T10:23:11+00:00\" \/>\n<meta property=\"og:image\" content=\"https:\/\/v2charge.com\/store\/wp-content\/uploads\/2023\/01\/pinza-control-dinamico-potencia.jpg\" \/>\n\t<meta property=\"og:image:width\" content=\"600\" \/>\n\t<meta property=\"og:image:height\" content=\"600\" \/>\n\t<meta property=\"og:image:type\" content=\"image\/jpeg\" \/>\n<meta name=\"twitter:card\" content=\"summary_large_image\" \/>\n<script type=\"application\/ld+json\" class=\"yoast-schema-graph\">{\"@context\":\"https:\/\/schema.org\",\"@graph\":[{\"@type\":\"WebPage\",\"@id\":\"https:\/\/v2charge.com\/store\/fr\/produit\/pince-photovoltaique-100a\/\",\"url\":\"https:\/\/v2charge.com\/store\/fr\/produit\/pince-photovoltaique-100a\/\",\"name\":\"Acheter Pince 100A Photovolta\u00efque - Borne de recharge\",\"isPartOf\":{\"@id\":\"https:\/\/v2charge.com\/store\/#website\"},\"primaryImageOfPage\":{\"@id\":\"https:\/\/v2charge.com\/store\/fr\/produit\/pince-photovoltaique-100a\/#primaryimage\"},\"image\":{\"@id\":\"https:\/\/v2charge.com\/store\/fr\/produit\/pince-photovoltaique-100a\/#primaryimage\"},\"thumbnailUrl\":\"https:\/\/v2charge.com\/store\/wp-content\/uploads\/2023\/01\/pinza-control-dinamico-potencia.jpg\",\"datePublished\":\"2023-01-09T09:27:39+00:00\",\"dateModified\":\"2023-07-27T10:23:11+00:00\",\"description\":\"Pince photovolta\u00efque 100A pour l'installation d'un chargeur de v\u00e9hicule \u00e9lectrique : Dynamic Power Control - V2C\",\"breadcrumb\":{\"@id\":\"https:\/\/v2charge.com\/store\/fr\/produit\/pince-photovoltaique-100a\/#breadcrumb\"},\"inLanguage\":\"fr-FR\",\"potentialAction\":[{\"@type\":\"ReadAction\",\"target\":[\"https:\/\/v2charge.com\/store\/fr\/produit\/pince-photovoltaique-100a\/\"]}]},{\"@type\":\"ImageObject\",\"inLanguage\":\"fr-FR\",\"@id\":\"https:\/\/v2charge.com\/store\/fr\/produit\/pince-photovoltaique-100a\/#primaryimage\",\"url\":\"https:\/\/v2charge.com\/store\/wp-content\/uploads\/2023\/01\/pinza-control-dinamico-potencia.jpg\",\"contentUrl\":\"https:\/\/v2charge.com\/store\/wp-content\/uploads\/2023\/01\/pinza-control-dinamico-potencia.jpg\",\"width\":600,\"height\":600,\"caption\":\"pinza de control din\u00e1mico de potencia\"},{\"@type\":\"BreadcrumbList\",\"@id\":\"https:\/\/v2charge.com\/store\/fr\/produit\/pince-photovoltaique-100a\/#breadcrumb\",\"itemListElement\":[{\"@type\":\"ListItem\",\"position\":1,\"name\":\"Portada\",\"item\":\"https:\/\/v2charge.com\/store\/\"},{\"@type\":\"ListItem\",\"position\":2,\"name\":\"Boutique\",\"item\":\"https:\/\/v2charge.com\/store\/fr\/boutique\/\"},{\"@type\":\"ListItem\",\"position\":3,\"name\":\"Pince de r\u00e9gulation dynamique de puissance pour photovolta\u00efque 100A\"}]},{\"@type\":\"WebSite\",\"@id\":\"https:\/\/v2charge.com\/store\/#website\",\"url\":\"https:\/\/v2charge.com\/store\/\",\"name\":\"V2C Store\",\"description\":\"V2C Store\",\"publisher\":{\"@id\":\"https:\/\/v2charge.com\/store\/#organization\"},\"potentialAction\":[{\"@type\":\"SearchAction\",\"target\":{\"@type\":\"EntryPoint\",\"urlTemplate\":\"https:\/\/v2charge.com\/store\/?s={search_term_string}\"},\"query-input\":{\"@type\":\"PropertyValueSpecification\",\"valueRequired\":true,\"valueName\":\"search_term_string\"}}],\"inLanguage\":\"fr-FR\"},{\"@type\":\"Organization\",\"@id\":\"https:\/\/v2charge.com\/store\/#organization\",\"name\":\"V2C Store\",\"url\":\"https:\/\/v2charge.com\/store\/\",\"logo\":{\"@type\":\"ImageObject\",\"inLanguage\":\"fr-FR\",\"@id\":\"https:\/\/v2charge.com\/store\/#\/schema\/logo\/image\/\",\"url\":\"https:\/\/v2charge.com\/store\/wp-content\/uploads\/2022\/08\/cropped-cropped-logotipo-v2c-store-1.png\",\"contentUrl\":\"https:\/\/v2charge.com\/store\/wp-content\/uploads\/2022\/08\/cropped-cropped-logotipo-v2c-store-1.png\",\"width\":250,\"height\":65,\"caption\":\"V2C Store\"},\"image\":{\"@id\":\"https:\/\/v2charge.com\/store\/#\/schema\/logo\/image\/\"}}]}<\/script>\n<!-- \/ Yoast SEO plugin. -->","yoast_head_json":{"title":"Acheter Pince 100A Photovolta\u00efque - Borne de recharge","description":"Pince photovolta\u00efque 100A pour l'installation d'un chargeur de v\u00e9hicule \u00e9lectrique : Dynamic Power Control - V2C","robots":{"index":"index","follow":"follow","max-snippet":"max-snippet:-1","max-image-preview":"max-image-preview:large","max-video-preview":"max-video-preview:-1"},"canonical":"https:\/\/v2charge.com\/store\/fr\/produit\/pince-photovoltaique-100a\/","og_locale":"fr_FR","og_type":"article","og_title":"Acheter Pince 100A Photovolta\u00efque - Borne de recharge","og_description":"Pince photovolta\u00efque 100A pour l'installation d'un chargeur de v\u00e9hicule \u00e9lectrique : Dynamic Power Control - V2C","og_url":"https:\/\/v2charge.com\/store\/fr\/produit\/pince-photovoltaique-100a\/","og_site_name":"V2C Store","article_modified_time":"2023-07-27T10:23:11+00:00","og_image":[{"width":600,"height":600,"url":"https:\/\/v2charge.com\/store\/wp-content\/uploads\/2023\/01\/pinza-control-dinamico-potencia.jpg","type":"image\/jpeg"}],"twitter_card":"summary_large_image","schema":{"@context":"https:\/\/schema.org","@graph":[{"@type":"WebPage","@id":"https:\/\/v2charge.com\/store\/fr\/produit\/pince-photovoltaique-100a\/","url":"https:\/\/v2charge.com\/store\/fr\/produit\/pince-photovoltaique-100a\/","name":"Acheter Pince 100A Photovolta\u00efque - Borne de recharge","isPartOf":{"@id":"https:\/\/v2charge.com\/store\/#website"},"primaryImageOfPage":{"@id":"https:\/\/v2charge.com\/store\/fr\/produit\/pince-photovoltaique-100a\/#primaryimage"},"image":{"@id":"https:\/\/v2charge.com\/store\/fr\/produit\/pince-photovoltaique-100a\/#primaryimage"},"thumbnailUrl":"https:\/\/v2charge.com\/store\/wp-content\/uploads\/2023\/01\/pinza-control-dinamico-potencia.jpg","datePublished":"2023-01-09T09:27:39+00:00","dateModified":"2023-07-27T10:23:11+00:00","description":"Pince photovolta\u00efque 100A pour l'installation d'un chargeur de v\u00e9hicule \u00e9lectrique : Dynamic Power Control - V2C","breadcrumb":{"@id":"https:\/\/v2charge.com\/store\/fr\/produit\/pince-photovoltaique-100a\/#breadcrumb"},"inLanguage":"fr-FR","potentialAction":[{"@type":"ReadAction","target":["https:\/\/v2charge.com\/store\/fr\/produit\/pince-photovoltaique-100a\/"]}]},{"@type":"ImageObject","inLanguage":"fr-FR","@id":"https:\/\/v2charge.com\/store\/fr\/produit\/pince-photovoltaique-100a\/#primaryimage","url":"https:\/\/v2charge.com\/store\/wp-content\/uploads\/2023\/01\/pinza-control-dinamico-potencia.jpg","contentUrl":"https:\/\/v2charge.com\/store\/wp-content\/uploads\/2023\/01\/pinza-control-dinamico-potencia.jpg","width":600,"height":600,"caption":"pinza de control din\u00e1mico de potencia"},{"@type":"BreadcrumbList","@id":"https:\/\/v2charge.com\/store\/fr\/produit\/pince-photovoltaique-100a\/#breadcrumb","itemListElement":[{"@type":"ListItem","position":1,"name":"Portada","item":"https:\/\/v2charge.com\/store\/"},{"@type":"ListItem","position":2,"name":"Boutique","item":"https:\/\/v2charge.com\/store\/fr\/boutique\/"},{"@type":"ListItem","position":3,"name":"Pince de r\u00e9gulation dynamique de puissance pour photovolta\u00efque 100A"}]},{"@type":"WebSite","@id":"https:\/\/v2charge.com\/store\/#website","url":"https:\/\/v2charge.com\/store\/","name":"V2C Store","description":"V2C Store","publisher":{"@id":"https:\/\/v2charge.com\/store\/#organization"},"potentialAction":[{"@type":"SearchAction","target":{"@type":"EntryPoint","urlTemplate":"https:\/\/v2charge.com\/store\/?s={search_term_string}"},"query-input":{"@type":"PropertyValueSpecification","valueRequired":true,"valueName":"search_term_string"}}],"inLanguage":"fr-FR"},{"@type":"Organization","@id":"https:\/\/v2charge.com\/store\/#organization","name":"V2C Store","url":"https:\/\/v2charge.com\/store\/","logo":{"@type":"ImageObject","inLanguage":"fr-FR","@id":"https:\/\/v2charge.com\/store\/#\/schema\/logo\/image\/","url":"https:\/\/v2charge.com\/store\/wp-content\/uploads\/2022\/08\/cropped-cropped-logotipo-v2c-store-1.png","contentUrl":"https:\/\/v2charge.com\/store\/wp-content\/uploads\/2022\/08\/cropped-cropped-logotipo-v2c-store-1.png","width":250,"height":65,"caption":"V2C Store"},"image":{"@id":"https:\/\/v2charge.com\/store\/#\/schema\/logo\/image\/"}}]}},"_links":{"self":[{"href":"https:\/\/v2charge.com\/store\/fr\/wp-json\/wp\/v2\/product\/9702","targetHints":{"allow":["GET"]}}],"collection":[{"href":"https:\/\/v2charge.com\/store\/fr\/wp-json\/wp\/v2\/product"}],"about":[{"href":"https:\/\/v2charge.com\/store\/fr\/wp-json\/wp\/v2\/types\/product"}],"wp:featuredmedia":[{"embeddable":true,"href":"https:\/\/v2charge.com\/store\/fr\/wp-json\/wp\/v2\/media\/9162"}],"wp:attachment":[{"href":"https:\/\/v2charge.com\/store\/fr\/wp-json\/wp\/v2\/media?parent=9702"}],"wp:term":[{"taxonomy":"product_brand","embeddable":true,"href":"https:\/\/v2charge.com\/store\/fr\/wp-json\/wp\/v2\/product_brand?post=9702"},{"taxonomy":"product_cat","embeddable":true,"href":"https:\/\/v2charge.com\/store\/fr\/wp-json\/wp\/v2\/product_cat?post=9702"},{"taxonomy":"product_tag","embeddable":true,"href":"https:\/\/v2charge.com\/store\/fr\/wp-json\/wp\/v2\/product_tag?post=9702"}],"curies":[{"name":"wp","href":"https:\/\/api.w.org\/{rel}","templated":true}]}}