{"id":9704,"date":"2023-03-13T09:41:45","date_gmt":"2023-03-13T09:41:45","guid":{"rendered":"https:\/\/v2charge.com\/store\/product\/cubierta-proteccion-exterior\/"},"modified":"2026-04-14T07:00:41","modified_gmt":"2026-04-14T07:00:41","slug":"couvercle-protection-externe","status":"publish","type":"product","link":"https:\/\/v2charge.com\/store\/fr\/produit\/couvercle-protection-externe\/","title":{"rendered":"Couvercle de protection externe pour Trydan\/Trydan Pro"},"content":{"rendered":"<p>Fabriqu\u00e9 en acrylique de haute qualit\u00e9 de 4 mm, il assure une <strong>durabilit\u00e9 maximale du chargeur<\/strong> en le prot\u00e9geant de toutes les conditions m\u00e9t\u00e9orologiques.<\/p>\n<p><strong>Facile \u00e0 installer.<\/strong> Les chevilles et les vis sont incluses pour une fixation rapide et pratique.<\/p>\n<p><strong>Fabriqu\u00e9 en Espagne.<\/strong> Con\u00e7u et fabriqu\u00e9 \u00e0 Valence pour offrir la plus haute qualit\u00e9.<\/p>\n<p><strong>R\u00e9sistance maximale.<\/strong>Mat\u00e9riau rigide et totalement r\u00e9sistant aux chocs.<\/p>\n<h2>Caract\u00e9ristiques techniques<\/h2>\n<p class=\"p3\"><strong>Mat\u00e9riau<\/strong><br \/>\nM\u00e9thacrylate noir brillant de 4 mm avec caoutchouc polyur\u00e9thane<\/p>\n<p><strong>Fixation<\/strong><br \/>\nAu moyen de 3 vis avec chevilles dans des supports en acier inoxydable AISI 304 (inclus).<\/p>\n<p><strong>Dimensions<\/strong><br \/>\nLargeur : 540 mm<br \/>\nHauteur : 400 mm<br \/>\nProfondeur : 245 mm<\/p>\n<p>Poids<br \/>\n1,5 kg<\/p>\n","protected":false},"excerpt":{"rendered":"<p>Housse ou auvent pour prot\u00e9ger le Trydan\/Trydan Pro e-Charger des intemp\u00e9ries.<\/p>\n<p>Garantit une <strong>protection \u00e9tanche<\/strong> contre la pluie, la neige et les rayons UV.<\/p>\n","protected":false},"featured_media":9164,"template":"","meta":{"content-type":"","inline_featured_image":false},"product_brand":[],"product_cat":[170],"product_tag":[],"class_list":{"0":"post-9704","1":"product","2":"type-product","3":"status-publish","4":"has-post-thumbnail","6":"product_cat-accessoires-fr-2","8":"first","9":"instock","10":"taxable","11":"shipping-taxable","12":"purchasable","13":"product-type-simple"},"yoast_head":"<!-- This site is optimized with the Yoast SEO plugin v27.0 - https:\/\/yoast.com\/product\/yoast-seo-wordpress\/ -->\n<title>Housse de protection ext\u00e9rieure pour Trydan\/Trydan Pro<\/title>\n<meta name=\"description\" content=\"Couverture ou auvent pour prot\u00e9ger le Trydan\/Trydan Pro e-Charger des intemp\u00e9ries | R\u00e9sistance maximale | Installation rapide et facile\" \/>\n<meta name=\"robots\" content=\"index, follow, max-snippet:-1, max-image-preview:large, max-video-preview:-1\" \/>\n<link rel=\"canonical\" href=\"https:\/\/v2charge.com\/store\/fr\/produit\/couvercle-protection-externe\/\" \/>\n<meta property=\"og:locale\" content=\"fr_FR\" \/>\n<meta property=\"og:type\" content=\"article\" \/>\n<meta property=\"og:title\" content=\"Housse de protection ext\u00e9rieure pour Trydan\/Trydan Pro\" \/>\n<meta property=\"og:description\" content=\"Couverture ou auvent pour prot\u00e9ger le Trydan\/Trydan Pro e-Charger des intemp\u00e9ries | R\u00e9sistance maximale | Installation rapide et facile\" \/>\n<meta property=\"og:url\" content=\"https:\/\/v2charge.com\/store\/fr\/produit\/couvercle-protection-externe\/\" \/>\n<meta property=\"og:site_name\" content=\"V2C Store\" \/>\n<meta property=\"article:modified_time\" content=\"2026-04-14T07:00:41+00:00\" \/>\n<meta property=\"og:image\" content=\"https:\/\/v2charge.com\/store\/wp-content\/uploads\/2023\/03\/cubierta_cargador_trydan.jpg\" \/>\n\t<meta property=\"og:image:width\" content=\"600\" \/>\n\t<meta property=\"og:image:height\" content=\"600\" \/>\n\t<meta property=\"og:image:type\" content=\"image\/jpeg\" \/>\n<meta name=\"twitter:card\" content=\"summary_large_image\" \/>\n<meta name=\"twitter:label1\" content=\"Dur\u00e9e de lecture estim\u00e9e\" \/>\n\t<meta name=\"twitter:data1\" content=\"1 minute\" \/>\n<script type=\"application\/ld+json\" class=\"yoast-schema-graph\">{\"@context\":\"https:\/\/schema.org\",\"@graph\":[{\"@type\":\"WebPage\",\"@id\":\"https:\/\/v2charge.com\/store\/fr\/produit\/couvercle-protection-externe\/\",\"url\":\"https:\/\/v2charge.com\/store\/fr\/produit\/couvercle-protection-externe\/\",\"name\":\"Housse de protection ext\u00e9rieure pour Trydan\/Trydan Pro\",\"isPartOf\":{\"@id\":\"https:\/\/v2charge.com\/store\/#website\"},\"primaryImageOfPage\":{\"@id\":\"https:\/\/v2charge.com\/store\/fr\/produit\/couvercle-protection-externe\/#primaryimage\"},\"image\":{\"@id\":\"https:\/\/v2charge.com\/store\/fr\/produit\/couvercle-protection-externe\/#primaryimage\"},\"thumbnailUrl\":\"https:\/\/v2charge.com\/store\/wp-content\/uploads\/2023\/03\/cubierta_cargador_trydan.jpg\",\"datePublished\":\"2023-03-13T09:41:45+00:00\",\"dateModified\":\"2026-04-14T07:00:41+00:00\",\"description\":\"Couverture ou auvent pour prot\u00e9ger le Trydan\/Trydan Pro e-Charger des intemp\u00e9ries | R\u00e9sistance maximale | Installation rapide et facile\",\"breadcrumb\":{\"@id\":\"https:\/\/v2charge.com\/store\/fr\/produit\/couvercle-protection-externe\/#breadcrumb\"},\"inLanguage\":\"fr-FR\",\"potentialAction\":[{\"@type\":\"ReadAction\",\"target\":[\"https:\/\/v2charge.com\/store\/fr\/produit\/couvercle-protection-externe\/\"]}]},{\"@type\":\"ImageObject\",\"inLanguage\":\"fr-FR\",\"@id\":\"https:\/\/v2charge.com\/store\/fr\/produit\/couvercle-protection-externe\/#primaryimage\",\"url\":\"https:\/\/v2charge.com\/store\/wp-content\/uploads\/2023\/03\/cubierta_cargador_trydan.jpg\",\"contentUrl\":\"https:\/\/v2charge.com\/store\/wp-content\/uploads\/2023\/03\/cubierta_cargador_trydan.jpg\",\"width\":600,\"height\":600,\"caption\":\"cubierta protectora trydan v2c\"},{\"@type\":\"BreadcrumbList\",\"@id\":\"https:\/\/v2charge.com\/store\/fr\/produit\/couvercle-protection-externe\/#breadcrumb\",\"itemListElement\":[{\"@type\":\"ListItem\",\"position\":1,\"name\":\"Portada\",\"item\":\"https:\/\/v2charge.com\/store\/\"},{\"@type\":\"ListItem\",\"position\":2,\"name\":\"Boutique\",\"item\":\"https:\/\/v2charge.com\/store\/fr\/boutique\/\"},{\"@type\":\"ListItem\",\"position\":3,\"name\":\"Couvercle de protection externe pour Trydan\/Trydan Pro\"}]},{\"@type\":\"WebSite\",\"@id\":\"https:\/\/v2charge.com\/store\/#website\",\"url\":\"https:\/\/v2charge.com\/store\/\",\"name\":\"V2C Store\",\"description\":\"V2C Store\",\"publisher\":{\"@id\":\"https:\/\/v2charge.com\/store\/#organization\"},\"potentialAction\":[{\"@type\":\"SearchAction\",\"target\":{\"@type\":\"EntryPoint\",\"urlTemplate\":\"https:\/\/v2charge.com\/store\/?s={search_term_string}\"},\"query-input\":{\"@type\":\"PropertyValueSpecification\",\"valueRequired\":true,\"valueName\":\"search_term_string\"}}],\"inLanguage\":\"fr-FR\"},{\"@type\":\"Organization\",\"@id\":\"https:\/\/v2charge.com\/store\/#organization\",\"name\":\"V2C Store\",\"url\":\"https:\/\/v2charge.com\/store\/\",\"logo\":{\"@type\":\"ImageObject\",\"inLanguage\":\"fr-FR\",\"@id\":\"https:\/\/v2charge.com\/store\/#\/schema\/logo\/image\/\",\"url\":\"https:\/\/v2charge.com\/store\/wp-content\/uploads\/2022\/08\/cropped-cropped-logotipo-v2c-store-1.png\",\"contentUrl\":\"https:\/\/v2charge.com\/store\/wp-content\/uploads\/2022\/08\/cropped-cropped-logotipo-v2c-store-1.png\",\"width\":250,\"height\":65,\"caption\":\"V2C Store\"},\"image\":{\"@id\":\"https:\/\/v2charge.com\/store\/#\/schema\/logo\/image\/\"}}]}<\/script>\n<!-- \/ Yoast SEO plugin. -->","yoast_head_json":{"title":"Housse de protection ext\u00e9rieure pour Trydan\/Trydan Pro","description":"Couverture ou auvent pour prot\u00e9ger le Trydan\/Trydan Pro e-Charger des intemp\u00e9ries | R\u00e9sistance maximale | Installation rapide et facile","robots":{"index":"index","follow":"follow","max-snippet":"max-snippet:-1","max-image-preview":"max-image-preview:large","max-video-preview":"max-video-preview:-1"},"canonical":"https:\/\/v2charge.com\/store\/fr\/produit\/couvercle-protection-externe\/","og_locale":"fr_FR","og_type":"article","og_title":"Housse de protection ext\u00e9rieure pour Trydan\/Trydan Pro","og_description":"Couverture ou auvent pour prot\u00e9ger le Trydan\/Trydan Pro e-Charger des intemp\u00e9ries | R\u00e9sistance maximale | Installation rapide et facile","og_url":"https:\/\/v2charge.com\/store\/fr\/produit\/couvercle-protection-externe\/","og_site_name":"V2C Store","article_modified_time":"2026-04-14T07:00:41+00:00","og_image":[{"width":600,"height":600,"url":"https:\/\/v2charge.com\/store\/wp-content\/uploads\/2023\/03\/cubierta_cargador_trydan.jpg","type":"image\/jpeg"}],"twitter_card":"summary_large_image","twitter_misc":{"Dur\u00e9e de lecture estim\u00e9e":"1 minute"},"schema":{"@context":"https:\/\/schema.org","@graph":[{"@type":"WebPage","@id":"https:\/\/v2charge.com\/store\/fr\/produit\/couvercle-protection-externe\/","url":"https:\/\/v2charge.com\/store\/fr\/produit\/couvercle-protection-externe\/","name":"Housse de protection ext\u00e9rieure pour Trydan\/Trydan Pro","isPartOf":{"@id":"https:\/\/v2charge.com\/store\/#website"},"primaryImageOfPage":{"@id":"https:\/\/v2charge.com\/store\/fr\/produit\/couvercle-protection-externe\/#primaryimage"},"image":{"@id":"https:\/\/v2charge.com\/store\/fr\/produit\/couvercle-protection-externe\/#primaryimage"},"thumbnailUrl":"https:\/\/v2charge.com\/store\/wp-content\/uploads\/2023\/03\/cubierta_cargador_trydan.jpg","datePublished":"2023-03-13T09:41:45+00:00","dateModified":"2026-04-14T07:00:41+00:00","description":"Couverture ou auvent pour prot\u00e9ger le Trydan\/Trydan Pro e-Charger des intemp\u00e9ries | R\u00e9sistance maximale | Installation rapide et facile","breadcrumb":{"@id":"https:\/\/v2charge.com\/store\/fr\/produit\/couvercle-protection-externe\/#breadcrumb"},"inLanguage":"fr-FR","potentialAction":[{"@type":"ReadAction","target":["https:\/\/v2charge.com\/store\/fr\/produit\/couvercle-protection-externe\/"]}]},{"@type":"ImageObject","inLanguage":"fr-FR","@id":"https:\/\/v2charge.com\/store\/fr\/produit\/couvercle-protection-externe\/#primaryimage","url":"https:\/\/v2charge.com\/store\/wp-content\/uploads\/2023\/03\/cubierta_cargador_trydan.jpg","contentUrl":"https:\/\/v2charge.com\/store\/wp-content\/uploads\/2023\/03\/cubierta_cargador_trydan.jpg","width":600,"height":600,"caption":"cubierta protectora trydan v2c"},{"@type":"BreadcrumbList","@id":"https:\/\/v2charge.com\/store\/fr\/produit\/couvercle-protection-externe\/#breadcrumb","itemListElement":[{"@type":"ListItem","position":1,"name":"Portada","item":"https:\/\/v2charge.com\/store\/"},{"@type":"ListItem","position":2,"name":"Boutique","item":"https:\/\/v2charge.com\/store\/fr\/boutique\/"},{"@type":"ListItem","position":3,"name":"Couvercle de protection externe pour Trydan\/Trydan Pro"}]},{"@type":"WebSite","@id":"https:\/\/v2charge.com\/store\/#website","url":"https:\/\/v2charge.com\/store\/","name":"V2C Store","description":"V2C Store","publisher":{"@id":"https:\/\/v2charge.com\/store\/#organization"},"potentialAction":[{"@type":"SearchAction","target":{"@type":"EntryPoint","urlTemplate":"https:\/\/v2charge.com\/store\/?s={search_term_string}"},"query-input":{"@type":"PropertyValueSpecification","valueRequired":true,"valueName":"search_term_string"}}],"inLanguage":"fr-FR"},{"@type":"Organization","@id":"https:\/\/v2charge.com\/store\/#organization","name":"V2C Store","url":"https:\/\/v2charge.com\/store\/","logo":{"@type":"ImageObject","inLanguage":"fr-FR","@id":"https:\/\/v2charge.com\/store\/#\/schema\/logo\/image\/","url":"https:\/\/v2charge.com\/store\/wp-content\/uploads\/2022\/08\/cropped-cropped-logotipo-v2c-store-1.png","contentUrl":"https:\/\/v2charge.com\/store\/wp-content\/uploads\/2022\/08\/cropped-cropped-logotipo-v2c-store-1.png","width":250,"height":65,"caption":"V2C Store"},"image":{"@id":"https:\/\/v2charge.com\/store\/#\/schema\/logo\/image\/"}}]}},"_links":{"self":[{"href":"https:\/\/v2charge.com\/store\/fr\/wp-json\/wp\/v2\/product\/9704","targetHints":{"allow":["GET"]}}],"collection":[{"href":"https:\/\/v2charge.com\/store\/fr\/wp-json\/wp\/v2\/product"}],"about":[{"href":"https:\/\/v2charge.com\/store\/fr\/wp-json\/wp\/v2\/types\/product"}],"wp:featuredmedia":[{"embeddable":true,"href":"https:\/\/v2charge.com\/store\/fr\/wp-json\/wp\/v2\/media\/9164"}],"wp:attachment":[{"href":"https:\/\/v2charge.com\/store\/fr\/wp-json\/wp\/v2\/media?parent=9704"}],"wp:term":[{"taxonomy":"product_brand","embeddable":true,"href":"https:\/\/v2charge.com\/store\/fr\/wp-json\/wp\/v2\/product_brand?post=9704"},{"taxonomy":"product_cat","embeddable":true,"href":"https:\/\/v2charge.com\/store\/fr\/wp-json\/wp\/v2\/product_cat?post=9704"},{"taxonomy":"product_tag","embeddable":true,"href":"https:\/\/v2charge.com\/store\/fr\/wp-json\/wp\/v2\/product_tag?post=9704"}],"curies":[{"name":"wp","href":"https:\/\/api.w.org\/{rel}","templated":true}]}}