{"id":9737,"date":"2019-07-03T10:52:32","date_gmt":"2019-07-03T10:52:32","guid":{"rendered":"https:\/\/v2charge.com\/store\/product\/screen\/"},"modified":"2023-07-27T11:46:25","modified_gmt":"2023-07-27T11:46:25","slug":"screen","status":"publish","type":"product","link":"https:\/\/v2charge.com\/store\/fr\/produit\/screen\/","title":{"rendered":"Screen"},"content":{"rendered":"<p class=\"p1\"><span class=\"s1\">S\u00e9curit\u00e9, design et connectivit\u00e9. SCREEN est con\u00e7u avec des <strong>mat\u00e9riaux durables<\/strong> pour recharger simultan\u00e9ment deux voitures \u00e9lectriques et faire de la publicit\u00e9 sur son \u00e9cran de 43 pouces. C&rsquo;est la meilleure option pour les routes publiques, les institutions publiques et priv\u00e9es et les stations-service. Il int\u00e8gre les derni\u00e8res <strong>technologies<\/strong> et le protocole de communication <strong>OCPP&amp;XML<\/strong> pour l&rsquo;inclusion dans les plateformes de gestion.<\/span><\/p>\n<p class=\"p1\"><span class=\"s1\">Il g\u00e8re le <strong>stockage des publicit\u00e9s<\/strong> dans le nuage, le t\u00e9l\u00e9chargement des graphiques et les statistiques de consommation pour chaque utilisateur. L&rsquo;\u00e9cran est compatible avec tous les mod\u00e8les de voitures \u00e9lectriques et hybrides rechargeables de <strong>Type 2<\/strong>.<\/span><\/p>\n<p><img fetchpriority=\"high\" decoding=\"async\" class=\"wp-image-8619 size-full aligncenter\" src=\"https:\/\/v2charge.com\/store\/wp-content\/uploads\/2019\/07\/screen-v2c-store.jpg\" alt=\"Screen de V2C\" width=\"1005\" height=\"415\" srcset=\"https:\/\/v2charge.com\/store\/wp-content\/uploads\/2019\/07\/screen-v2c-store.jpg 1005w, https:\/\/v2charge.com\/store\/wp-content\/uploads\/2019\/07\/screen-v2c-store-300x124.jpg 300w, https:\/\/v2charge.com\/store\/wp-content\/uploads\/2019\/07\/screen-v2c-store-768x317.jpg 768w, https:\/\/v2charge.com\/store\/wp-content\/uploads\/2019\/07\/screen-v2c-store-812x335.jpg 812w\" sizes=\"(max-width: 1005px) 100vw, 1005px\" \/><\/p>\n<h2>Caract\u00e9ristiques g\u00e9n\u00e9rales<\/h2>\n<ul>\n<li>Couleur : noir<\/li>\n<li>Mat\u00e9riau : acier anti-vandalisme et anti-graffiti<\/li>\n<li>Poids : 135 kg<\/li>\n<li>\u00c9cran : 43&Prime; &#8211; 2 000 lumens<\/li>\n<li>Contraste 3 000 2,1<\/li>\n<li>Lecteur RFID ISO\/IEC 14443 A\/MIFARE<\/li>\n<li>Compteur MID<\/li>\n<li>Verrouillage du connecteur<\/li>\n<li>Contr\u00f4le de la temp\u00e9rature du ventilateur<\/li>\n<li>Temp\u00e9rature de fonctionnement : -10\u00ba \u00e0 45\u00ba<\/li>\n<li>Temp\u00e9rature de stockage : -40\u00ba \u00e0 50\u00ba<\/li>\n<\/ul>\n<h2>Caract\u00e9ristiques \u00e9lectriques<\/h2>\n<ul>\n<li>Type de connecteur : Douille<\/li>\n<li>Type de r\u00e9seau : 230V \/ 400V<\/li>\n<li>Courant de charge maximal : 32A (par phase)<\/li>\n<li>Puissance de charge maximale : 7,4kW ou 22kW selon le mod\u00e8le<\/li>\n<li>Courant configurable : 6 \u00e0 32A<\/li>\n<li>Fr\u00e9quence nominale : 50Hz \/ 60Hz<\/li>\n<li>Degr\u00e9 de protection : IP54 \/ IK10<\/li>\n<li>D\u00e9tection du courant r\u00e9siduel : AC 30mA \/ DC 6mA selon le mod\u00e8le<\/li>\n<\/ul>\n<h2>Caract\u00e9ristiques fonctionnelles<\/h2>\n<ul>\n<li>Plate-forme utilisateur : application et portail V2C Cloud \/ OTA (mises \u00e0 jour automatiques)<\/li>\n<li>Connectivit\u00e9 : Ethernet \/ WiFi \/ Bluetooth<\/li>\n<li>Communication : OCPP&amp;XML \/ Rest API Cloud \/ OTA<\/li>\n<li>Plateforme publicitaire 24H<\/li>\n<li>Identification des donn\u00e9es et statistiques publicitaires<\/li>\n<\/ul>\n","protected":false},"excerpt":{"rendered":"<p class=\"p1\"><span class=\"s1\">Screen, un e-Chargeur unique qui combine la <strong>recharge de v\u00e9hicules \u00e9lectriques<\/strong> avec le <b>marketing publicitaire<\/b>. Fabriqu\u00e9 en acier haute r\u00e9sistance, Screen est la meilleure solution pour la recharge en ext\u00e9rieur.<\/span><\/p>\n","protected":false},"featured_media":9032,"template":"","meta":{"content-type":"","inline_featured_image":false},"product_brand":[],"product_cat":[118],"product_tag":[],"class_list":{"0":"post-9737","1":"product","2":"type-product","3":"status-publish","4":"has-post-thumbnail","6":"product_cat-e-chargers-fr","8":"first","9":"instock","10":"taxable","11":"shipping-taxable","12":"purchasable","13":"product-type-variable"},"yoast_head":"<!-- This site is optimized with the Yoast SEO plugin v27.0 - https:\/\/yoast.com\/product\/yoast-seo-wordpress\/ -->\n<title>Acheter Screen - Chargeur de voiture \u00e9lectrique | V2C<\/title>\n<meta name=\"description\" content=\"Achetez en ligne le seul chargeur de voiture \u00e9lectrique avec publicit\u00e9 int\u00e9gr\u00e9e SCREEN - Connectivit\u00e9 et fonctionnalit\u00e9s exclusives - V2C\" \/>\n<meta name=\"robots\" content=\"index, follow, max-snippet:-1, max-image-preview:large, max-video-preview:-1\" \/>\n<link rel=\"canonical\" href=\"https:\/\/v2charge.com\/store\/fr\/produit\/screen\/\" \/>\n<meta property=\"og:locale\" content=\"fr_FR\" \/>\n<meta property=\"og:type\" content=\"article\" \/>\n<meta property=\"og:title\" content=\"Acheter Screen - Chargeur de voiture \u00e9lectrique | V2C\" \/>\n<meta property=\"og:description\" content=\"Achetez en ligne le seul chargeur de voiture \u00e9lectrique avec publicit\u00e9 int\u00e9gr\u00e9e SCREEN - Connectivit\u00e9 et fonctionnalit\u00e9s exclusives - V2C\" \/>\n<meta property=\"og:url\" content=\"https:\/\/v2charge.com\/store\/fr\/produit\/screen\/\" \/>\n<meta property=\"og:site_name\" content=\"V2C Store\" \/>\n<meta property=\"article:modified_time\" content=\"2023-07-27T11:46:25+00:00\" \/>\n<meta property=\"og:image\" content=\"https:\/\/v2charge.com\/store\/wp-content\/uploads\/2019\/07\/Screen.jpg\" \/>\n\t<meta property=\"og:image:width\" content=\"600\" \/>\n\t<meta property=\"og:image:height\" content=\"600\" \/>\n\t<meta property=\"og:image:type\" content=\"image\/jpeg\" \/>\n<meta name=\"twitter:card\" content=\"summary_large_image\" \/>\n<meta name=\"twitter:label1\" content=\"Dur\u00e9e de lecture estim\u00e9e\" \/>\n\t<meta name=\"twitter:data1\" content=\"2 minutes\" \/>\n<script type=\"application\/ld+json\" class=\"yoast-schema-graph\">{\"@context\":\"https:\/\/schema.org\",\"@graph\":[{\"@type\":\"WebPage\",\"@id\":\"https:\/\/v2charge.com\/store\/fr\/produit\/screen\/\",\"url\":\"https:\/\/v2charge.com\/store\/fr\/produit\/screen\/\",\"name\":\"Acheter Screen - Chargeur de voiture \u00e9lectrique | V2C\",\"isPartOf\":{\"@id\":\"https:\/\/v2charge.com\/store\/#website\"},\"primaryImageOfPage\":{\"@id\":\"https:\/\/v2charge.com\/store\/fr\/produit\/screen\/#primaryimage\"},\"image\":{\"@id\":\"https:\/\/v2charge.com\/store\/fr\/produit\/screen\/#primaryimage\"},\"thumbnailUrl\":\"https:\/\/v2charge.com\/store\/wp-content\/uploads\/2019\/07\/Screen.jpg\",\"datePublished\":\"2019-07-03T10:52:32+00:00\",\"dateModified\":\"2023-07-27T11:46:25+00:00\",\"description\":\"Achetez en ligne le seul chargeur de voiture \u00e9lectrique avec publicit\u00e9 int\u00e9gr\u00e9e SCREEN - Connectivit\u00e9 et fonctionnalit\u00e9s exclusives - V2C\",\"breadcrumb\":{\"@id\":\"https:\/\/v2charge.com\/store\/fr\/produit\/screen\/#breadcrumb\"},\"inLanguage\":\"fr-FR\",\"potentialAction\":[{\"@type\":\"ReadAction\",\"target\":[\"https:\/\/v2charge.com\/store\/fr\/produit\/screen\/\"]}]},{\"@type\":\"ImageObject\",\"inLanguage\":\"fr-FR\",\"@id\":\"https:\/\/v2charge.com\/store\/fr\/produit\/screen\/#primaryimage\",\"url\":\"https:\/\/v2charge.com\/store\/wp-content\/uploads\/2019\/07\/Screen.jpg\",\"contentUrl\":\"https:\/\/v2charge.com\/store\/wp-content\/uploads\/2019\/07\/Screen.jpg\",\"width\":600,\"height\":600,\"caption\":\"cargador el\u00e9ctrico con pantalla publicitaria\"},{\"@type\":\"BreadcrumbList\",\"@id\":\"https:\/\/v2charge.com\/store\/fr\/produit\/screen\/#breadcrumb\",\"itemListElement\":[{\"@type\":\"ListItem\",\"position\":1,\"name\":\"Portada\",\"item\":\"https:\/\/v2charge.com\/store\/\"},{\"@type\":\"ListItem\",\"position\":2,\"name\":\"Boutique\",\"item\":\"https:\/\/v2charge.com\/store\/fr\/boutique\/\"},{\"@type\":\"ListItem\",\"position\":3,\"name\":\"Screen\"}]},{\"@type\":\"WebSite\",\"@id\":\"https:\/\/v2charge.com\/store\/#website\",\"url\":\"https:\/\/v2charge.com\/store\/\",\"name\":\"V2C Store\",\"description\":\"V2C Store\",\"publisher\":{\"@id\":\"https:\/\/v2charge.com\/store\/#organization\"},\"potentialAction\":[{\"@type\":\"SearchAction\",\"target\":{\"@type\":\"EntryPoint\",\"urlTemplate\":\"https:\/\/v2charge.com\/store\/?s={search_term_string}\"},\"query-input\":{\"@type\":\"PropertyValueSpecification\",\"valueRequired\":true,\"valueName\":\"search_term_string\"}}],\"inLanguage\":\"fr-FR\"},{\"@type\":\"Organization\",\"@id\":\"https:\/\/v2charge.com\/store\/#organization\",\"name\":\"V2C Store\",\"url\":\"https:\/\/v2charge.com\/store\/\",\"logo\":{\"@type\":\"ImageObject\",\"inLanguage\":\"fr-FR\",\"@id\":\"https:\/\/v2charge.com\/store\/#\/schema\/logo\/image\/\",\"url\":\"https:\/\/v2charge.com\/store\/wp-content\/uploads\/2022\/08\/cropped-cropped-logotipo-v2c-store-1.png\",\"contentUrl\":\"https:\/\/v2charge.com\/store\/wp-content\/uploads\/2022\/08\/cropped-cropped-logotipo-v2c-store-1.png\",\"width\":250,\"height\":65,\"caption\":\"V2C Store\"},\"image\":{\"@id\":\"https:\/\/v2charge.com\/store\/#\/schema\/logo\/image\/\"}}]}<\/script>\n<!-- \/ Yoast SEO plugin. -->","yoast_head_json":{"title":"Acheter Screen - Chargeur de voiture \u00e9lectrique | V2C","description":"Achetez en ligne le seul chargeur de voiture \u00e9lectrique avec publicit\u00e9 int\u00e9gr\u00e9e SCREEN - Connectivit\u00e9 et fonctionnalit\u00e9s exclusives - V2C","robots":{"index":"index","follow":"follow","max-snippet":"max-snippet:-1","max-image-preview":"max-image-preview:large","max-video-preview":"max-video-preview:-1"},"canonical":"https:\/\/v2charge.com\/store\/fr\/produit\/screen\/","og_locale":"fr_FR","og_type":"article","og_title":"Acheter Screen - Chargeur de voiture \u00e9lectrique | V2C","og_description":"Achetez en ligne le seul chargeur de voiture \u00e9lectrique avec publicit\u00e9 int\u00e9gr\u00e9e SCREEN - Connectivit\u00e9 et fonctionnalit\u00e9s exclusives - V2C","og_url":"https:\/\/v2charge.com\/store\/fr\/produit\/screen\/","og_site_name":"V2C Store","article_modified_time":"2023-07-27T11:46:25+00:00","og_image":[{"width":600,"height":600,"url":"https:\/\/v2charge.com\/store\/wp-content\/uploads\/2019\/07\/Screen.jpg","type":"image\/jpeg"}],"twitter_card":"summary_large_image","twitter_misc":{"Dur\u00e9e de lecture estim\u00e9e":"2 minutes"},"schema":{"@context":"https:\/\/schema.org","@graph":[{"@type":"WebPage","@id":"https:\/\/v2charge.com\/store\/fr\/produit\/screen\/","url":"https:\/\/v2charge.com\/store\/fr\/produit\/screen\/","name":"Acheter Screen - Chargeur de voiture \u00e9lectrique | V2C","isPartOf":{"@id":"https:\/\/v2charge.com\/store\/#website"},"primaryImageOfPage":{"@id":"https:\/\/v2charge.com\/store\/fr\/produit\/screen\/#primaryimage"},"image":{"@id":"https:\/\/v2charge.com\/store\/fr\/produit\/screen\/#primaryimage"},"thumbnailUrl":"https:\/\/v2charge.com\/store\/wp-content\/uploads\/2019\/07\/Screen.jpg","datePublished":"2019-07-03T10:52:32+00:00","dateModified":"2023-07-27T11:46:25+00:00","description":"Achetez en ligne le seul chargeur de voiture \u00e9lectrique avec publicit\u00e9 int\u00e9gr\u00e9e SCREEN - Connectivit\u00e9 et fonctionnalit\u00e9s exclusives - V2C","breadcrumb":{"@id":"https:\/\/v2charge.com\/store\/fr\/produit\/screen\/#breadcrumb"},"inLanguage":"fr-FR","potentialAction":[{"@type":"ReadAction","target":["https:\/\/v2charge.com\/store\/fr\/produit\/screen\/"]}]},{"@type":"ImageObject","inLanguage":"fr-FR","@id":"https:\/\/v2charge.com\/store\/fr\/produit\/screen\/#primaryimage","url":"https:\/\/v2charge.com\/store\/wp-content\/uploads\/2019\/07\/Screen.jpg","contentUrl":"https:\/\/v2charge.com\/store\/wp-content\/uploads\/2019\/07\/Screen.jpg","width":600,"height":600,"caption":"cargador el\u00e9ctrico con pantalla publicitaria"},{"@type":"BreadcrumbList","@id":"https:\/\/v2charge.com\/store\/fr\/produit\/screen\/#breadcrumb","itemListElement":[{"@type":"ListItem","position":1,"name":"Portada","item":"https:\/\/v2charge.com\/store\/"},{"@type":"ListItem","position":2,"name":"Boutique","item":"https:\/\/v2charge.com\/store\/fr\/boutique\/"},{"@type":"ListItem","position":3,"name":"Screen"}]},{"@type":"WebSite","@id":"https:\/\/v2charge.com\/store\/#website","url":"https:\/\/v2charge.com\/store\/","name":"V2C Store","description":"V2C Store","publisher":{"@id":"https:\/\/v2charge.com\/store\/#organization"},"potentialAction":[{"@type":"SearchAction","target":{"@type":"EntryPoint","urlTemplate":"https:\/\/v2charge.com\/store\/?s={search_term_string}"},"query-input":{"@type":"PropertyValueSpecification","valueRequired":true,"valueName":"search_term_string"}}],"inLanguage":"fr-FR"},{"@type":"Organization","@id":"https:\/\/v2charge.com\/store\/#organization","name":"V2C Store","url":"https:\/\/v2charge.com\/store\/","logo":{"@type":"ImageObject","inLanguage":"fr-FR","@id":"https:\/\/v2charge.com\/store\/#\/schema\/logo\/image\/","url":"https:\/\/v2charge.com\/store\/wp-content\/uploads\/2022\/08\/cropped-cropped-logotipo-v2c-store-1.png","contentUrl":"https:\/\/v2charge.com\/store\/wp-content\/uploads\/2022\/08\/cropped-cropped-logotipo-v2c-store-1.png","width":250,"height":65,"caption":"V2C Store"},"image":{"@id":"https:\/\/v2charge.com\/store\/#\/schema\/logo\/image\/"}}]}},"_links":{"self":[{"href":"https:\/\/v2charge.com\/store\/fr\/wp-json\/wp\/v2\/product\/9737","targetHints":{"allow":["GET"]}}],"collection":[{"href":"https:\/\/v2charge.com\/store\/fr\/wp-json\/wp\/v2\/product"}],"about":[{"href":"https:\/\/v2charge.com\/store\/fr\/wp-json\/wp\/v2\/types\/product"}],"wp:featuredmedia":[{"embeddable":true,"href":"https:\/\/v2charge.com\/store\/fr\/wp-json\/wp\/v2\/media\/9032"}],"wp:attachment":[{"href":"https:\/\/v2charge.com\/store\/fr\/wp-json\/wp\/v2\/media?parent=9737"}],"wp:term":[{"taxonomy":"product_brand","embeddable":true,"href":"https:\/\/v2charge.com\/store\/fr\/wp-json\/wp\/v2\/product_brand?post=9737"},{"taxonomy":"product_cat","embeddable":true,"href":"https:\/\/v2charge.com\/store\/fr\/wp-json\/wp\/v2\/product_cat?post=9737"},{"taxonomy":"product_tag","embeddable":true,"href":"https:\/\/v2charge.com\/store\/fr\/wp-json\/wp\/v2\/product_tag?post=9737"}],"curies":[{"name":"wp","href":"https:\/\/api.w.org\/{rel}","templated":true}]}}