{"id":9741,"date":"2019-07-03T10:44:49","date_gmt":"2019-07-03T10:44:49","guid":{"rendered":"https:\/\/v2charge.com\/store\/product\/ev-portable\/"},"modified":"2023-07-27T13:27:43","modified_gmt":"2023-07-27T13:27:43","slug":"ev-portable","status":"publish","type":"product","link":"https:\/\/v2charge.com\/store\/fr\/produit\/ev-portable\/","title":{"rendered":"EV Portable"},"content":{"rendered":"<p class=\"p1\"><span class=\"s1\"><b>EV Portable<\/b> est le borne de recharche qui vous permet de voyager <strong>sans changer d&rsquo;itin\u00e9raire<\/strong>. L\u00e9ger, portable et d&rsquo;une puissance maximale de <strong>22 kW<\/strong>. Profitez de tous vos d\u00e9placements sans avoir \u00e0 vous soucier de recharger votre voiture \u00e9lectrique. Il est dot\u00e9 d&rsquo;un <strong>\u00e9cran LCD<\/strong> qui vous informe en temps r\u00e9el de la configuration de l&rsquo;appareil et de son \u00e9tat de charge. Ajoutez des accessoires optionnels pour le raccordement au r\u00e9seau<\/span><span class=\"s2\"><b>.<\/b><\/span><\/p>\n<p><img fetchpriority=\"high\" decoding=\"async\" class=\"wp-image-8613 size-full aligncenter\" src=\"https:\/\/v2charge.com\/store\/wp-content\/uploads\/2019\/07\/ev-portable-store.jpg\" alt=\"EV Portable\" width=\"1005\" height=\"415\" srcset=\"https:\/\/v2charge.com\/store\/wp-content\/uploads\/2019\/07\/ev-portable-store.jpg 1005w, https:\/\/v2charge.com\/store\/wp-content\/uploads\/2019\/07\/ev-portable-store-300x124.jpg 300w, https:\/\/v2charge.com\/store\/wp-content\/uploads\/2019\/07\/ev-portable-store-768x317.jpg 768w, https:\/\/v2charge.com\/store\/wp-content\/uploads\/2019\/07\/ev-portable-store-812x335.jpg 812w\" sizes=\"(max-width: 1005px) 100vw, 1005px\" \/><\/p>\n<h2>Caract\u00e9ristiques g\u00e9n\u00e9rales<\/h2>\n<ul>\n<li>Couleur : blanc<\/li>\n<li>Mat\u00e9riau : plastique ABS<\/li>\n<li>Poids : 3 kg<\/li>\n<li>Affichage : 7&Prime;<\/li>\n<li>Sortie : tuyau de type 2 (5 m\u00e8tres)<\/li>\n<li>Temp\u00e9rature de fonctionnement : -10\u00ba \u00e0 45\u00ba<\/li>\n<li>Temp\u00e9rature de stockage : -40\u00ba \u00e0 50\u00ba<\/li>\n<\/ul>\n<h2>Caract\u00e9ristiques \u00e9lectriques<\/h2>\n<ul>\n<li>Type de connecteur : Schuko \/ CETAC industriel<\/li>\n<li>Type de r\u00e9seau : 230V \/ 400V<\/li>\n<li>Courant de charge maximal : 16A \/ 32A<\/li>\n<li>Chargeur portable haute puissance<\/li>\n<li>Puissance de charge maximale : 3,6 kW \/ 7,4kW \/ 22kW<\/li>\n<li>Courant configurable : 6A \u00e0 32A<\/li>\n<li>Fr\u00e9quence nominale : 50Hz \/ 60Hz<\/li>\n<li>Degr\u00e9 de protection : IP54 \/ IK10<\/li>\n<\/ul>\n<h2>Caract\u00e9ristiques fonctionnelles<\/h2>\n<ul>\n<li>S\u00e9lection du courant de charge maximal jusqu&rsquo;\u00e0 32A<\/li>\n<li>S\u00e9lection des amplificateurs un par un<\/li>\n<\/ul>\n","protected":false},"excerpt":{"rendered":"<p class=\"p1\"><span class=\"s1\">EV Portable est le chargeur portable par excellence. <strong>Petit et l\u00e9ger<\/strong>, l&rsquo;EV Portable recharge votre voiture \u00e9lectrique n&rsquo;importe o\u00f9. Adaptable \u00e0 de multiples accessoires de connexion au r\u00e9seau.<span class=\"Apple-converted-space\">\u00a0 <\/span><strong>Prise pour tuyau de 5 m\u00e8tres de Type 2<\/strong>.<\/span><\/p>\n","protected":false},"featured_media":9048,"template":"","meta":{"content-type":"","inline_featured_image":false},"product_brand":[],"product_cat":[118],"product_tag":[],"class_list":{"0":"post-9741","1":"product","2":"type-product","3":"status-publish","4":"has-post-thumbnail","6":"product_cat-e-chargers-fr","8":"first","9":"instock","10":"taxable","11":"shipping-taxable","12":"purchasable","13":"product-type-variable"},"yoast_head":"<!-- This site is optimized with the Yoast SEO plugin v27.0 - https:\/\/yoast.com\/product\/yoast-seo-wordpress\/ -->\n<title>Acheter en ligne EV Portable - V2C Store<\/title>\n<meta name=\"description\" content=\"Acheter en ligne le chargeur portable EV : Totalement l\u00e9ger et d&#039;une puissance maximale de 22kW : Livraison totalement gratuite\" \/>\n<meta name=\"robots\" content=\"index, follow, max-snippet:-1, max-image-preview:large, max-video-preview:-1\" \/>\n<link rel=\"canonical\" href=\"https:\/\/v2charge.com\/store\/fr\/produit\/ev-portable\/\" \/>\n<meta property=\"og:locale\" content=\"fr_FR\" \/>\n<meta property=\"og:type\" content=\"article\" \/>\n<meta property=\"og:title\" content=\"Acheter en ligne EV Portable - V2C Store\" \/>\n<meta property=\"og:description\" content=\"Acheter en ligne le chargeur portable EV : Totalement l\u00e9ger et d&#039;une puissance maximale de 22kW : Livraison totalement gratuite\" \/>\n<meta property=\"og:url\" content=\"https:\/\/v2charge.com\/store\/fr\/produit\/ev-portable\/\" \/>\n<meta property=\"og:site_name\" content=\"V2C Store\" \/>\n<meta property=\"article:modified_time\" content=\"2023-07-27T13:27:43+00:00\" \/>\n<meta property=\"og:image\" content=\"https:\/\/v2charge.com\/store\/wp-content\/uploads\/2019\/07\/EV-Portable.jpg\" \/>\n\t<meta property=\"og:image:width\" content=\"600\" \/>\n\t<meta property=\"og:image:height\" content=\"600\" \/>\n\t<meta property=\"og:image:type\" content=\"image\/jpeg\" \/>\n<meta name=\"twitter:card\" content=\"summary_large_image\" \/>\n<meta name=\"twitter:label1\" content=\"Dur\u00e9e de lecture estim\u00e9e\" \/>\n\t<meta name=\"twitter:data1\" content=\"1 minute\" \/>\n<script type=\"application\/ld+json\" class=\"yoast-schema-graph\">{\"@context\":\"https:\/\/schema.org\",\"@graph\":[{\"@type\":\"WebPage\",\"@id\":\"https:\/\/v2charge.com\/store\/fr\/produit\/ev-portable\/\",\"url\":\"https:\/\/v2charge.com\/store\/fr\/produit\/ev-portable\/\",\"name\":\"Acheter en ligne EV Portable - V2C Store\",\"isPartOf\":{\"@id\":\"https:\/\/v2charge.com\/store\/#website\"},\"primaryImageOfPage\":{\"@id\":\"https:\/\/v2charge.com\/store\/fr\/produit\/ev-portable\/#primaryimage\"},\"image\":{\"@id\":\"https:\/\/v2charge.com\/store\/fr\/produit\/ev-portable\/#primaryimage\"},\"thumbnailUrl\":\"https:\/\/v2charge.com\/store\/wp-content\/uploads\/2019\/07\/EV-Portable.jpg\",\"datePublished\":\"2019-07-03T10:44:49+00:00\",\"dateModified\":\"2023-07-27T13:27:43+00:00\",\"description\":\"Acheter en ligne le chargeur portable EV : Totalement l\u00e9ger et d'une puissance maximale de 22kW : Livraison totalement gratuite\",\"breadcrumb\":{\"@id\":\"https:\/\/v2charge.com\/store\/fr\/produit\/ev-portable\/#breadcrumb\"},\"inLanguage\":\"fr-FR\",\"potentialAction\":[{\"@type\":\"ReadAction\",\"target\":[\"https:\/\/v2charge.com\/store\/fr\/produit\/ev-portable\/\"]}]},{\"@type\":\"ImageObject\",\"inLanguage\":\"fr-FR\",\"@id\":\"https:\/\/v2charge.com\/store\/fr\/produit\/ev-portable\/#primaryimage\",\"url\":\"https:\/\/v2charge.com\/store\/wp-content\/uploads\/2019\/07\/EV-Portable.jpg\",\"contentUrl\":\"https:\/\/v2charge.com\/store\/wp-content\/uploads\/2019\/07\/EV-Portable.jpg\",\"width\":600,\"height\":600,\"caption\":\"cargador portable v2c\"},{\"@type\":\"BreadcrumbList\",\"@id\":\"https:\/\/v2charge.com\/store\/fr\/produit\/ev-portable\/#breadcrumb\",\"itemListElement\":[{\"@type\":\"ListItem\",\"position\":1,\"name\":\"Portada\",\"item\":\"https:\/\/v2charge.com\/store\/\"},{\"@type\":\"ListItem\",\"position\":2,\"name\":\"Boutique\",\"item\":\"https:\/\/v2charge.com\/store\/fr\/boutique\/\"},{\"@type\":\"ListItem\",\"position\":3,\"name\":\"EV Portable\"}]},{\"@type\":\"WebSite\",\"@id\":\"https:\/\/v2charge.com\/store\/#website\",\"url\":\"https:\/\/v2charge.com\/store\/\",\"name\":\"V2C Store\",\"description\":\"V2C Store\",\"publisher\":{\"@id\":\"https:\/\/v2charge.com\/store\/#organization\"},\"potentialAction\":[{\"@type\":\"SearchAction\",\"target\":{\"@type\":\"EntryPoint\",\"urlTemplate\":\"https:\/\/v2charge.com\/store\/?s={search_term_string}\"},\"query-input\":{\"@type\":\"PropertyValueSpecification\",\"valueRequired\":true,\"valueName\":\"search_term_string\"}}],\"inLanguage\":\"fr-FR\"},{\"@type\":\"Organization\",\"@id\":\"https:\/\/v2charge.com\/store\/#organization\",\"name\":\"V2C Store\",\"url\":\"https:\/\/v2charge.com\/store\/\",\"logo\":{\"@type\":\"ImageObject\",\"inLanguage\":\"fr-FR\",\"@id\":\"https:\/\/v2charge.com\/store\/#\/schema\/logo\/image\/\",\"url\":\"https:\/\/v2charge.com\/store\/wp-content\/uploads\/2022\/08\/cropped-logotipo-v2c-store-1.png\",\"contentUrl\":\"https:\/\/v2charge.com\/store\/wp-content\/uploads\/2022\/08\/cropped-logotipo-v2c-store-1.png\",\"width\":250,\"height\":66,\"caption\":\"V2C Store\"},\"image\":{\"@id\":\"https:\/\/v2charge.com\/store\/#\/schema\/logo\/image\/\"}}]}<\/script>\n<!-- \/ Yoast SEO plugin. -->","yoast_head_json":{"title":"Acheter en ligne EV Portable - V2C Store","description":"Acheter en ligne le chargeur portable EV : Totalement l\u00e9ger et d'une puissance maximale de 22kW : Livraison totalement gratuite","robots":{"index":"index","follow":"follow","max-snippet":"max-snippet:-1","max-image-preview":"max-image-preview:large","max-video-preview":"max-video-preview:-1"},"canonical":"https:\/\/v2charge.com\/store\/fr\/produit\/ev-portable\/","og_locale":"fr_FR","og_type":"article","og_title":"Acheter en ligne EV Portable - V2C Store","og_description":"Acheter en ligne le chargeur portable EV : Totalement l\u00e9ger et d'une puissance maximale de 22kW : Livraison totalement gratuite","og_url":"https:\/\/v2charge.com\/store\/fr\/produit\/ev-portable\/","og_site_name":"V2C Store","article_modified_time":"2023-07-27T13:27:43+00:00","og_image":[{"width":600,"height":600,"url":"https:\/\/v2charge.com\/store\/wp-content\/uploads\/2019\/07\/EV-Portable.jpg","type":"image\/jpeg"}],"twitter_card":"summary_large_image","twitter_misc":{"Dur\u00e9e de lecture estim\u00e9e":"1 minute"},"schema":{"@context":"https:\/\/schema.org","@graph":[{"@type":"WebPage","@id":"https:\/\/v2charge.com\/store\/fr\/produit\/ev-portable\/","url":"https:\/\/v2charge.com\/store\/fr\/produit\/ev-portable\/","name":"Acheter en ligne EV Portable - V2C Store","isPartOf":{"@id":"https:\/\/v2charge.com\/store\/#website"},"primaryImageOfPage":{"@id":"https:\/\/v2charge.com\/store\/fr\/produit\/ev-portable\/#primaryimage"},"image":{"@id":"https:\/\/v2charge.com\/store\/fr\/produit\/ev-portable\/#primaryimage"},"thumbnailUrl":"https:\/\/v2charge.com\/store\/wp-content\/uploads\/2019\/07\/EV-Portable.jpg","datePublished":"2019-07-03T10:44:49+00:00","dateModified":"2023-07-27T13:27:43+00:00","description":"Acheter en ligne le chargeur portable EV : Totalement l\u00e9ger et d'une puissance maximale de 22kW : Livraison totalement gratuite","breadcrumb":{"@id":"https:\/\/v2charge.com\/store\/fr\/produit\/ev-portable\/#breadcrumb"},"inLanguage":"fr-FR","potentialAction":[{"@type":"ReadAction","target":["https:\/\/v2charge.com\/store\/fr\/produit\/ev-portable\/"]}]},{"@type":"ImageObject","inLanguage":"fr-FR","@id":"https:\/\/v2charge.com\/store\/fr\/produit\/ev-portable\/#primaryimage","url":"https:\/\/v2charge.com\/store\/wp-content\/uploads\/2019\/07\/EV-Portable.jpg","contentUrl":"https:\/\/v2charge.com\/store\/wp-content\/uploads\/2019\/07\/EV-Portable.jpg","width":600,"height":600,"caption":"cargador portable v2c"},{"@type":"BreadcrumbList","@id":"https:\/\/v2charge.com\/store\/fr\/produit\/ev-portable\/#breadcrumb","itemListElement":[{"@type":"ListItem","position":1,"name":"Portada","item":"https:\/\/v2charge.com\/store\/"},{"@type":"ListItem","position":2,"name":"Boutique","item":"https:\/\/v2charge.com\/store\/fr\/boutique\/"},{"@type":"ListItem","position":3,"name":"EV Portable"}]},{"@type":"WebSite","@id":"https:\/\/v2charge.com\/store\/#website","url":"https:\/\/v2charge.com\/store\/","name":"V2C Store","description":"V2C Store","publisher":{"@id":"https:\/\/v2charge.com\/store\/#organization"},"potentialAction":[{"@type":"SearchAction","target":{"@type":"EntryPoint","urlTemplate":"https:\/\/v2charge.com\/store\/?s={search_term_string}"},"query-input":{"@type":"PropertyValueSpecification","valueRequired":true,"valueName":"search_term_string"}}],"inLanguage":"fr-FR"},{"@type":"Organization","@id":"https:\/\/v2charge.com\/store\/#organization","name":"V2C Store","url":"https:\/\/v2charge.com\/store\/","logo":{"@type":"ImageObject","inLanguage":"fr-FR","@id":"https:\/\/v2charge.com\/store\/#\/schema\/logo\/image\/","url":"https:\/\/v2charge.com\/store\/wp-content\/uploads\/2022\/08\/cropped-logotipo-v2c-store-1.png","contentUrl":"https:\/\/v2charge.com\/store\/wp-content\/uploads\/2022\/08\/cropped-logotipo-v2c-store-1.png","width":250,"height":66,"caption":"V2C Store"},"image":{"@id":"https:\/\/v2charge.com\/store\/#\/schema\/logo\/image\/"}}]}},"_links":{"self":[{"href":"https:\/\/v2charge.com\/store\/fr\/wp-json\/wp\/v2\/product\/9741","targetHints":{"allow":["GET"]}}],"collection":[{"href":"https:\/\/v2charge.com\/store\/fr\/wp-json\/wp\/v2\/product"}],"about":[{"href":"https:\/\/v2charge.com\/store\/fr\/wp-json\/wp\/v2\/types\/product"}],"wp:featuredmedia":[{"embeddable":true,"href":"https:\/\/v2charge.com\/store\/fr\/wp-json\/wp\/v2\/media\/9048"}],"wp:attachment":[{"href":"https:\/\/v2charge.com\/store\/fr\/wp-json\/wp\/v2\/media?parent=9741"}],"wp:term":[{"taxonomy":"product_brand","embeddable":true,"href":"https:\/\/v2charge.com\/store\/fr\/wp-json\/wp\/v2\/product_brand?post=9741"},{"taxonomy":"product_cat","embeddable":true,"href":"https:\/\/v2charge.com\/store\/fr\/wp-json\/wp\/v2\/product_cat?post=9741"},{"taxonomy":"product_tag","embeddable":true,"href":"https:\/\/v2charge.com\/store\/fr\/wp-json\/wp\/v2\/product_tag?post=9741"}],"curies":[{"name":"wp","href":"https:\/\/api.w.org\/{rel}","templated":true}]}}