{"id":9747,"date":"2019-07-03T10:57:27","date_gmt":"2019-07-03T10:57:27","guid":{"rendered":"https:\/\/v2charge.com\/store\/product\/pole\/"},"modified":"2025-02-14T13:55:44","modified_gmt":"2025-02-14T13:55:44","slug":"pole","status":"publish","type":"product","link":"https:\/\/v2charge.com\/store\/fr\/produit\/pole\/","title":{"rendered":"Pole Pro"},"content":{"rendered":"<p class=\"p1\"><span class=\"s1\">Fabriqu\u00e9 en <strong>acier haute r\u00e9sistance<\/strong> avec une finition de <strong>peinture anti-graffiti<\/strong>, Pole Pro est la borne de recharge id\u00e9ale pour les <strong>routes publiques et les parkings d&rsquo;entreprise<\/strong>. Il se distingue par son efficacit\u00e9 et sa polyvalence : il est disponible en version sur pied ou murale et peut \u00eatre \u00e9quip\u00e9 d&rsquo;une ou deux prises et d&rsquo;un ou deux tubes spiral\u00e9s.<\/span><\/p>\n<p><img fetchpriority=\"high\" decoding=\"async\" class=\"wp-image-8951 size-full aligncenter\" src=\"https:\/\/v2charge.com\/store\/wp-content\/uploads\/2019\/07\/pole-pro-version-pared.jpg\" alt=\"Pole Pro versi\u00f3n pared instalado en empresa\" width=\"1005\" height=\"480\" srcset=\"https:\/\/v2charge.com\/store\/wp-content\/uploads\/2019\/07\/pole-pro-version-pared.jpg 1005w, https:\/\/v2charge.com\/store\/wp-content\/uploads\/2019\/07\/pole-pro-version-pared-300x143.jpg 300w, https:\/\/v2charge.com\/store\/wp-content\/uploads\/2019\/07\/pole-pro-version-pared-768x367.jpg 768w, https:\/\/v2charge.com\/store\/wp-content\/uploads\/2019\/07\/pole-pro-version-pared-812x388.jpg 812w\" sizes=\"(max-width: 1005px) 100vw, 1005px\" \/><\/p>\n<h2>Caract\u00e9ristiques g\u00e9n\u00e9rales<\/h2>\n<ul>\n<li>Couleur : noir<\/li>\n<li>Mat\u00e9riau : acier anti-vandalisme<\/li>\n<li>Poids : 55 kg<\/li>\n<li>Affichage sur les mod\u00e8les avec V2C Cloud : 8&Prime; &#8211; 2 000 lumens<\/li>\n<li>Mode 3 commande PWM selon ISO\/IEC 61851-1<\/li>\n<li>Lecteur RFID sur les mod\u00e8les avec V2C Cloud ISO\/IEC 14443 A\/MIFARE<\/li>\n<li>Compteur MID sur les mod\u00e8les avec V2C Cloud<\/li>\n<li>Protections \u00e9lectriques par prise : diff\u00e9rentiel type A et disjoncteur 40 A<\/li>\n<li>Temp\u00e9rature de fonctionnement : -5\u00ba \u00e0 45\u00ba<\/li>\n<li>Temp\u00e9rature de stockage : -40\u00ba \u00e0 70<\/li>\n<\/ul>\n<h2>Caract\u00e9ristiques \u00e9lectriques<\/h2>\n<ul>\n<li>Type de connecteur : Douille \/ Type 2<\/li>\n<li>Type de r\u00e9seau : 230V \/ 400V<\/li>\n<li>Courant de charge maximal : 32A (par phase)<\/li>\n<li>Puissance de charge maximale : 7,3kW ou 22kW (par prise)<\/li>\n<li>Courant configurable : 6 \u00e0 32A<\/li>\n<li>Fr\u00e9quence nominale : 50Hz \/ 60Hz<\/li>\n<li>Degr\u00e9 de protection : IP54 \/ IK10<\/li>\n<li>D\u00e9tection du courant r\u00e9siduel AC 30mA \/ DC 6mA (en option)<\/li>\n<\/ul>\n<h2>Caract\u00e9ristiques fonctionnelles<\/h2>\n<ul>\n<li>Plate-forme utilisateur : application et portail V2C Cloud (sur les mod\u00e8les avec connectivit\u00e9)<\/li>\n<li>Connectivit\u00e9 : Ethernet \/ WiFi \/ Bluetooth (sur les mod\u00e8les avec connectivit\u00e9)<\/li>\n<li>Communication : OCPP \/ Rest API Cloud \/ OTA (sur les mod\u00e8les avec connectivit\u00e9)<\/li>\n<\/ul>\n<p>&nbsp;<\/p>\n<p>&nbsp;<\/p>\n","protected":false},"excerpt":{"rendered":"<p class=\"p1\"><span class=\"s1\">Une combinaison <strong>exceptionnelle d&rsquo;\u00e9l\u00e9gance et de robustesse<\/strong>. Pole Pro a un design r\u00e9sistant au vandalisme, id\u00e9al pour recharger deux v\u00e9hicules en m\u00eame temps de mani\u00e8re s\u00fbre et efficace en ext\u00e9rieur. Il affiche toutes les informations de charge en temps r\u00e9el gr\u00e2ce \u00e0 l&rsquo;\u00e9cran int\u00e9gr\u00e9. <strong>Disponible en version sur pied ou murale.<\/strong><\/span><\/p>\n","protected":false},"featured_media":12014,"template":"","meta":{"content-type":"","inline_featured_image":false},"product_brand":[],"product_cat":[118],"product_tag":[],"class_list":{"0":"post-9747","1":"product","2":"type-product","3":"status-publish","4":"has-post-thumbnail","6":"product_cat-e-chargers-fr","8":"first","9":"instock","10":"taxable","11":"shipping-taxable","12":"purchasable","13":"product-type-variable"},"yoast_head":"<!-- This site is optimized with the Yoast SEO plugin v27.0 - https:\/\/yoast.com\/product\/yoast-seo-wordpress\/ -->\n<title>Acheter en ligne chargeur Pole Pro | V2C Store<\/title>\n<meta name=\"description\" content=\"Acheter en ligne Pole Pro, le chargeur V2C pour les voies publiques et les entreprises | Fabriqu\u00e9 en acier anti-vandalisme | V2C Store\" \/>\n<meta name=\"robots\" content=\"index, follow, max-snippet:-1, max-image-preview:large, max-video-preview:-1\" \/>\n<link rel=\"canonical\" href=\"https:\/\/v2charge.com\/store\/fr\/produit\/pole\/\" \/>\n<meta property=\"og:locale\" content=\"fr_FR\" \/>\n<meta property=\"og:type\" content=\"article\" \/>\n<meta property=\"og:title\" content=\"Acheter en ligne chargeur Pole Pro | V2C Store\" \/>\n<meta property=\"og:description\" content=\"Acheter en ligne Pole Pro, le chargeur V2C pour les voies publiques et les entreprises | Fabriqu\u00e9 en acier anti-vandalisme | V2C Store\" \/>\n<meta property=\"og:url\" content=\"https:\/\/v2charge.com\/store\/fr\/produit\/pole\/\" \/>\n<meta property=\"og:site_name\" content=\"V2C Store\" \/>\n<meta property=\"article:modified_time\" content=\"2025-02-14T13:55:44+00:00\" \/>\n<meta property=\"og:image\" content=\"https:\/\/v2charge.com\/store\/wp-content\/uploads\/2019\/07\/pole-pro-tpv.jpg\" \/>\n\t<meta property=\"og:image:width\" content=\"600\" \/>\n\t<meta property=\"og:image:height\" content=\"600\" \/>\n\t<meta property=\"og:image:type\" content=\"image\/jpeg\" \/>\n<meta name=\"twitter:card\" content=\"summary_large_image\" \/>\n<meta name=\"twitter:label1\" content=\"Dur\u00e9e de lecture estim\u00e9e\" \/>\n\t<meta name=\"twitter:data1\" content=\"2 minutes\" \/>\n<script type=\"application\/ld+json\" class=\"yoast-schema-graph\">{\"@context\":\"https:\/\/schema.org\",\"@graph\":[{\"@type\":\"WebPage\",\"@id\":\"https:\/\/v2charge.com\/store\/fr\/produit\/pole\/\",\"url\":\"https:\/\/v2charge.com\/store\/fr\/produit\/pole\/\",\"name\":\"Acheter en ligne chargeur Pole Pro | V2C Store\",\"isPartOf\":{\"@id\":\"https:\/\/v2charge.com\/store\/#website\"},\"primaryImageOfPage\":{\"@id\":\"https:\/\/v2charge.com\/store\/fr\/produit\/pole\/#primaryimage\"},\"image\":{\"@id\":\"https:\/\/v2charge.com\/store\/fr\/produit\/pole\/#primaryimage\"},\"thumbnailUrl\":\"https:\/\/v2charge.com\/store\/wp-content\/uploads\/2019\/07\/pole-pro-tpv.jpg\",\"datePublished\":\"2019-07-03T10:57:27+00:00\",\"dateModified\":\"2025-02-14T13:55:44+00:00\",\"description\":\"Acheter en ligne Pole Pro, le chargeur V2C pour les voies publiques et les entreprises | Fabriqu\u00e9 en acier anti-vandalisme | V2C Store\",\"breadcrumb\":{\"@id\":\"https:\/\/v2charge.com\/store\/fr\/produit\/pole\/#breadcrumb\"},\"inLanguage\":\"fr-FR\",\"potentialAction\":[{\"@type\":\"ReadAction\",\"target\":[\"https:\/\/v2charge.com\/store\/fr\/produit\/pole\/\"]}]},{\"@type\":\"ImageObject\",\"inLanguage\":\"fr-FR\",\"@id\":\"https:\/\/v2charge.com\/store\/fr\/produit\/pole\/#primaryimage\",\"url\":\"https:\/\/v2charge.com\/store\/wp-content\/uploads\/2019\/07\/pole-pro-tpv.jpg\",\"contentUrl\":\"https:\/\/v2charge.com\/store\/wp-content\/uploads\/2019\/07\/pole-pro-tpv.jpg\",\"width\":600,\"height\":600,\"caption\":\"Pole Pro TPV\"},{\"@type\":\"BreadcrumbList\",\"@id\":\"https:\/\/v2charge.com\/store\/fr\/produit\/pole\/#breadcrumb\",\"itemListElement\":[{\"@type\":\"ListItem\",\"position\":1,\"name\":\"Portada\",\"item\":\"https:\/\/v2charge.com\/store\/\"},{\"@type\":\"ListItem\",\"position\":2,\"name\":\"Boutique\",\"item\":\"https:\/\/v2charge.com\/store\/fr\/boutique\/\"},{\"@type\":\"ListItem\",\"position\":3,\"name\":\"Pole Pro\"}]},{\"@type\":\"WebSite\",\"@id\":\"https:\/\/v2charge.com\/store\/#website\",\"url\":\"https:\/\/v2charge.com\/store\/\",\"name\":\"V2C Store\",\"description\":\"V2C Store\",\"publisher\":{\"@id\":\"https:\/\/v2charge.com\/store\/#organization\"},\"potentialAction\":[{\"@type\":\"SearchAction\",\"target\":{\"@type\":\"EntryPoint\",\"urlTemplate\":\"https:\/\/v2charge.com\/store\/?s={search_term_string}\"},\"query-input\":{\"@type\":\"PropertyValueSpecification\",\"valueRequired\":true,\"valueName\":\"search_term_string\"}}],\"inLanguage\":\"fr-FR\"},{\"@type\":\"Organization\",\"@id\":\"https:\/\/v2charge.com\/store\/#organization\",\"name\":\"V2C Store\",\"url\":\"https:\/\/v2charge.com\/store\/\",\"logo\":{\"@type\":\"ImageObject\",\"inLanguage\":\"fr-FR\",\"@id\":\"https:\/\/v2charge.com\/store\/#\/schema\/logo\/image\/\",\"url\":\"https:\/\/v2charge.com\/store\/wp-content\/uploads\/2022\/08\/cropped-logotipo-v2c-store-1.png\",\"contentUrl\":\"https:\/\/v2charge.com\/store\/wp-content\/uploads\/2022\/08\/cropped-logotipo-v2c-store-1.png\",\"width\":250,\"height\":66,\"caption\":\"V2C Store\"},\"image\":{\"@id\":\"https:\/\/v2charge.com\/store\/#\/schema\/logo\/image\/\"}}]}<\/script>\n<!-- \/ Yoast SEO plugin. -->","yoast_head_json":{"title":"Acheter en ligne chargeur Pole Pro | V2C Store","description":"Acheter en ligne Pole Pro, le chargeur V2C pour les voies publiques et les entreprises | Fabriqu\u00e9 en acier anti-vandalisme | V2C Store","robots":{"index":"index","follow":"follow","max-snippet":"max-snippet:-1","max-image-preview":"max-image-preview:large","max-video-preview":"max-video-preview:-1"},"canonical":"https:\/\/v2charge.com\/store\/fr\/produit\/pole\/","og_locale":"fr_FR","og_type":"article","og_title":"Acheter en ligne chargeur Pole Pro | V2C Store","og_description":"Acheter en ligne Pole Pro, le chargeur V2C pour les voies publiques et les entreprises | Fabriqu\u00e9 en acier anti-vandalisme | V2C Store","og_url":"https:\/\/v2charge.com\/store\/fr\/produit\/pole\/","og_site_name":"V2C Store","article_modified_time":"2025-02-14T13:55:44+00:00","og_image":[{"width":600,"height":600,"url":"https:\/\/v2charge.com\/store\/wp-content\/uploads\/2019\/07\/pole-pro-tpv.jpg","type":"image\/jpeg"}],"twitter_card":"summary_large_image","twitter_misc":{"Dur\u00e9e de lecture estim\u00e9e":"2 minutes"},"schema":{"@context":"https:\/\/schema.org","@graph":[{"@type":"WebPage","@id":"https:\/\/v2charge.com\/store\/fr\/produit\/pole\/","url":"https:\/\/v2charge.com\/store\/fr\/produit\/pole\/","name":"Acheter en ligne chargeur Pole Pro | V2C Store","isPartOf":{"@id":"https:\/\/v2charge.com\/store\/#website"},"primaryImageOfPage":{"@id":"https:\/\/v2charge.com\/store\/fr\/produit\/pole\/#primaryimage"},"image":{"@id":"https:\/\/v2charge.com\/store\/fr\/produit\/pole\/#primaryimage"},"thumbnailUrl":"https:\/\/v2charge.com\/store\/wp-content\/uploads\/2019\/07\/pole-pro-tpv.jpg","datePublished":"2019-07-03T10:57:27+00:00","dateModified":"2025-02-14T13:55:44+00:00","description":"Acheter en ligne Pole Pro, le chargeur V2C pour les voies publiques et les entreprises | Fabriqu\u00e9 en acier anti-vandalisme | V2C Store","breadcrumb":{"@id":"https:\/\/v2charge.com\/store\/fr\/produit\/pole\/#breadcrumb"},"inLanguage":"fr-FR","potentialAction":[{"@type":"ReadAction","target":["https:\/\/v2charge.com\/store\/fr\/produit\/pole\/"]}]},{"@type":"ImageObject","inLanguage":"fr-FR","@id":"https:\/\/v2charge.com\/store\/fr\/produit\/pole\/#primaryimage","url":"https:\/\/v2charge.com\/store\/wp-content\/uploads\/2019\/07\/pole-pro-tpv.jpg","contentUrl":"https:\/\/v2charge.com\/store\/wp-content\/uploads\/2019\/07\/pole-pro-tpv.jpg","width":600,"height":600,"caption":"Pole Pro TPV"},{"@type":"BreadcrumbList","@id":"https:\/\/v2charge.com\/store\/fr\/produit\/pole\/#breadcrumb","itemListElement":[{"@type":"ListItem","position":1,"name":"Portada","item":"https:\/\/v2charge.com\/store\/"},{"@type":"ListItem","position":2,"name":"Boutique","item":"https:\/\/v2charge.com\/store\/fr\/boutique\/"},{"@type":"ListItem","position":3,"name":"Pole Pro"}]},{"@type":"WebSite","@id":"https:\/\/v2charge.com\/store\/#website","url":"https:\/\/v2charge.com\/store\/","name":"V2C Store","description":"V2C Store","publisher":{"@id":"https:\/\/v2charge.com\/store\/#organization"},"potentialAction":[{"@type":"SearchAction","target":{"@type":"EntryPoint","urlTemplate":"https:\/\/v2charge.com\/store\/?s={search_term_string}"},"query-input":{"@type":"PropertyValueSpecification","valueRequired":true,"valueName":"search_term_string"}}],"inLanguage":"fr-FR"},{"@type":"Organization","@id":"https:\/\/v2charge.com\/store\/#organization","name":"V2C Store","url":"https:\/\/v2charge.com\/store\/","logo":{"@type":"ImageObject","inLanguage":"fr-FR","@id":"https:\/\/v2charge.com\/store\/#\/schema\/logo\/image\/","url":"https:\/\/v2charge.com\/store\/wp-content\/uploads\/2022\/08\/cropped-logotipo-v2c-store-1.png","contentUrl":"https:\/\/v2charge.com\/store\/wp-content\/uploads\/2022\/08\/cropped-logotipo-v2c-store-1.png","width":250,"height":66,"caption":"V2C Store"},"image":{"@id":"https:\/\/v2charge.com\/store\/#\/schema\/logo\/image\/"}}]}},"_links":{"self":[{"href":"https:\/\/v2charge.com\/store\/fr\/wp-json\/wp\/v2\/product\/9747","targetHints":{"allow":["GET"]}}],"collection":[{"href":"https:\/\/v2charge.com\/store\/fr\/wp-json\/wp\/v2\/product"}],"about":[{"href":"https:\/\/v2charge.com\/store\/fr\/wp-json\/wp\/v2\/types\/product"}],"wp:featuredmedia":[{"embeddable":true,"href":"https:\/\/v2charge.com\/store\/fr\/wp-json\/wp\/v2\/media\/12014"}],"wp:attachment":[{"href":"https:\/\/v2charge.com\/store\/fr\/wp-json\/wp\/v2\/media?parent=9747"}],"wp:term":[{"taxonomy":"product_brand","embeddable":true,"href":"https:\/\/v2charge.com\/store\/fr\/wp-json\/wp\/v2\/product_brand?post=9747"},{"taxonomy":"product_cat","embeddable":true,"href":"https:\/\/v2charge.com\/store\/fr\/wp-json\/wp\/v2\/product_cat?post=9747"},{"taxonomy":"product_tag","embeddable":true,"href":"https:\/\/v2charge.com\/store\/fr\/wp-json\/wp\/v2\/product_tag?post=9747"}],"curies":[{"name":"wp","href":"https:\/\/api.w.org\/{rel}","templated":true}]}}