{"id":9792,"date":"2022-09-02T08:04:12","date_gmt":"2022-09-02T08:04:12","guid":{"rendered":"https:\/\/v2charge.com\/store\/condiciones\/"},"modified":"2025-09-08T06:16:13","modified_gmt":"2025-09-08T06:16:13","slug":"condizioni","status":"publish","type":"page","link":"https:\/\/v2charge.com\/store\/it\/condizioni\/","title":{"rendered":"Condizioni di spedizione e restituzione"},"content":{"rendered":"\n<h2 class=\"wp-block-heading\">SPEDIZIONE<\/h2>\n\n\n\n<p>Una volta ricevuto il pagamento, elaboreremo l&#8217;ordine in modo che possiate ricevere il prodotto all&#8217;indirizzo indicato entro <strong>3-5 giorni lavorativi<\/strong>.<\/p>\n\n\n\n<p><strong>La spedizione \u00e8 completamente gratuita per ordini superiori a 200\u20ac.<\/strong><\/p>\n\n\n\n<h2 class=\"wp-block-heading\">RESTITUZIONI<\/h2>\n\n\n\n<p>\u00c8 possibile restituire il prodotto entro 15 giorni di calendario dal giorno successivo al ricevimento dell&#8217;ordine, in conformit\u00e0 con le regole della vendita a distanza.<\/p>\n\n\n\n<p><strong>Requisiti:<\/strong><\/p>\n\n\n\n<p>\u00c8 necessario che ci contattiate V2C via telefono +34 96 065 45 54 o e-mail info@v2charge.com per indicare il motivo del reso e procedere con la restituzione.<\/p>\n\n\n\n<p>Tutta la merce deve essere restituita nella confezione e nelle condizioni originali, in perfetto stato e protetta, evitando adesivi, sigilli o nastri adesivi direttamente sulla superficie o sulla confezione dell&#8217;articolo. In caso contrario, V2C si riserva il diritto di rifiutare il reso.<\/p>\n\n\n\n<p>Entro questo periodo di 15 giorni, l&#8217;apparecchiatura non deve essere stata utilizzata, manipolata o non sigillata. In caso contrario, la restituzione non sar\u00e0 accettata.<\/p>\n\n\n\n<p>Le spese di trasporto per la restituzione sono a carico del cliente. Inoltre, dall&#8217;importo da rimborsare verranno detratti 12,00 euro per le spese di spedizione sostenute da V2C.<\/p>\n\n\n\n<p>Una volta che la merce \u00e8 stata ricevuta da V2C e che \u00e8 stato verificato che sia in perfette condizioni, il rimborso verr\u00e0 elaborato. Effettueremo il pagamento entro un periodo massimo di 10 giorni di calendario dal ricevimento del prodotto. Il metodo di rimborso sar\u00e0 lo stesso del metodo di pagamento.<\/p>\n","protected":false},"excerpt":{"rendered":"<p>SPEDIZIONE Una volta ricevuto il pagamento, elaboreremo l&#8217;ordine in modo che possiate ricevere il prodotto all&#8217;indirizzo indicato entro 3-5 giorni lavorativi. La spedizione \u00e8 completamente gratuita per ordini superiori a 200\u20ac. RESTITUZIONI \u00c8 possibile restituire il prodotto entro 15 giorni di calendario dal giorno successivo al ricevimento dell&#8217;ordine, in conformit\u00e0 con le regole della vendita<a class=\"more-link\" href=\"https:\/\/v2charge.com\/store\/it\/condizioni\/\">Read more  &#10230;<\/a><\/p>\n","protected":false},"author":1,"featured_media":0,"parent":0,"menu_order":0,"comment_status":"closed","ping_status":"closed","template":"","meta":{"content-type":"","inline_featured_image":false,"footnotes":""},"class_list":["post-9792","page","type-page","status-publish","hentry"],"yoast_head":"<!-- This site is optimized with the Yoast SEO plugin v27.0 - https:\/\/yoast.com\/product\/yoast-seo-wordpress\/ -->\n<title>Condizioni di spedizione e restituzione - V2C Store<\/title>\n<meta name=\"robots\" content=\"noindex, follow\" \/>\n<meta property=\"og:locale\" content=\"it_IT\" \/>\n<meta property=\"og:type\" content=\"article\" \/>\n<meta property=\"og:title\" content=\"Condizioni di spedizione e restituzione - V2C Store\" \/>\n<meta property=\"og:description\" content=\"SPEDIZIONE Una volta ricevuto il pagamento, elaboreremo l&#8217;ordine in modo che possiate ricevere il prodotto all&#8217;indirizzo indicato entro 3-5 giorni lavorativi. La spedizione \u00e8 completamente gratuita per ordini superiori a 200\u20ac. RESTITUZIONI \u00c8 possibile restituire il prodotto entro 15 giorni di calendario dal giorno successivo al ricevimento dell&#8217;ordine, in conformit\u00e0 con le regole della venditaRead more &#10230;\" \/>\n<meta property=\"og:url\" content=\"https:\/\/v2charge.com\/store\/it\/condizioni\/\" \/>\n<meta property=\"og:site_name\" content=\"V2C Store\" \/>\n<meta property=\"article:modified_time\" content=\"2025-09-08T06:16:13+00:00\" \/>\n<meta name=\"twitter:card\" content=\"summary_large_image\" \/>\n<script type=\"application\/ld+json\" class=\"yoast-schema-graph\">{\"@context\":\"https:\/\/schema.org\",\"@graph\":[{\"@type\":\"WebPage\",\"@id\":\"https:\/\/v2charge.com\/store\/it\/condizioni\/\",\"url\":\"https:\/\/v2charge.com\/store\/it\/condizioni\/\",\"name\":\"Condizioni di spedizione e restituzione - V2C Store\",\"isPartOf\":{\"@id\":\"https:\/\/v2charge.com\/store\/#website\"},\"datePublished\":\"2022-09-02T08:04:12+00:00\",\"dateModified\":\"2025-09-08T06:16:13+00:00\",\"breadcrumb\":{\"@id\":\"https:\/\/v2charge.com\/store\/it\/condizioni\/#breadcrumb\"},\"inLanguage\":\"it-IT\",\"potentialAction\":[{\"@type\":\"ReadAction\",\"target\":[\"https:\/\/v2charge.com\/store\/it\/condizioni\/\"]}]},{\"@type\":\"BreadcrumbList\",\"@id\":\"https:\/\/v2charge.com\/store\/it\/condizioni\/#breadcrumb\",\"itemListElement\":[{\"@type\":\"ListItem\",\"position\":1,\"name\":\"Portada\",\"item\":\"https:\/\/v2charge.com\/store\/\"},{\"@type\":\"ListItem\",\"position\":2,\"name\":\"Condizioni di spedizione e restituzione\"}]},{\"@type\":\"WebSite\",\"@id\":\"https:\/\/v2charge.com\/store\/#website\",\"url\":\"https:\/\/v2charge.com\/store\/\",\"name\":\"V2C Store\",\"description\":\"V2C Store\",\"publisher\":{\"@id\":\"https:\/\/v2charge.com\/store\/#organization\"},\"potentialAction\":[{\"@type\":\"SearchAction\",\"target\":{\"@type\":\"EntryPoint\",\"urlTemplate\":\"https:\/\/v2charge.com\/store\/?s={search_term_string}\"},\"query-input\":{\"@type\":\"PropertyValueSpecification\",\"valueRequired\":true,\"valueName\":\"search_term_string\"}}],\"inLanguage\":\"it-IT\"},{\"@type\":\"Organization\",\"@id\":\"https:\/\/v2charge.com\/store\/#organization\",\"name\":\"V2C Store\",\"url\":\"https:\/\/v2charge.com\/store\/\",\"logo\":{\"@type\":\"ImageObject\",\"inLanguage\":\"it-IT\",\"@id\":\"https:\/\/v2charge.com\/store\/#\/schema\/logo\/image\/\",\"url\":\"https:\/\/v2charge.com\/store\/wp-content\/uploads\/2022\/08\/cropped-cropped-logotipo-v2c-store-1.png\",\"contentUrl\":\"https:\/\/v2charge.com\/store\/wp-content\/uploads\/2022\/08\/cropped-cropped-logotipo-v2c-store-1.png\",\"width\":250,\"height\":65,\"caption\":\"V2C Store\"},\"image\":{\"@id\":\"https:\/\/v2charge.com\/store\/#\/schema\/logo\/image\/\"}}]}<\/script>\n<!-- \/ Yoast SEO plugin. -->","yoast_head_json":{"title":"Condizioni di spedizione e restituzione - V2C Store","robots":{"index":"noindex","follow":"follow"},"og_locale":"it_IT","og_type":"article","og_title":"Condizioni di spedizione e restituzione - V2C Store","og_description":"SPEDIZIONE Una volta ricevuto il pagamento, elaboreremo l&#8217;ordine in modo che possiate ricevere il prodotto all&#8217;indirizzo indicato entro 3-5 giorni lavorativi. La spedizione \u00e8 completamente gratuita per ordini superiori a 200\u20ac. RESTITUZIONI \u00c8 possibile restituire il prodotto entro 15 giorni di calendario dal giorno successivo al ricevimento dell&#8217;ordine, in conformit\u00e0 con le regole della venditaRead more &#10230;","og_url":"https:\/\/v2charge.com\/store\/it\/condizioni\/","og_site_name":"V2C Store","article_modified_time":"2025-09-08T06:16:13+00:00","twitter_card":"summary_large_image","schema":{"@context":"https:\/\/schema.org","@graph":[{"@type":"WebPage","@id":"https:\/\/v2charge.com\/store\/it\/condizioni\/","url":"https:\/\/v2charge.com\/store\/it\/condizioni\/","name":"Condizioni di spedizione e restituzione - V2C Store","isPartOf":{"@id":"https:\/\/v2charge.com\/store\/#website"},"datePublished":"2022-09-02T08:04:12+00:00","dateModified":"2025-09-08T06:16:13+00:00","breadcrumb":{"@id":"https:\/\/v2charge.com\/store\/it\/condizioni\/#breadcrumb"},"inLanguage":"it-IT","potentialAction":[{"@type":"ReadAction","target":["https:\/\/v2charge.com\/store\/it\/condizioni\/"]}]},{"@type":"BreadcrumbList","@id":"https:\/\/v2charge.com\/store\/it\/condizioni\/#breadcrumb","itemListElement":[{"@type":"ListItem","position":1,"name":"Portada","item":"https:\/\/v2charge.com\/store\/"},{"@type":"ListItem","position":2,"name":"Condizioni di spedizione e restituzione"}]},{"@type":"WebSite","@id":"https:\/\/v2charge.com\/store\/#website","url":"https:\/\/v2charge.com\/store\/","name":"V2C Store","description":"V2C Store","publisher":{"@id":"https:\/\/v2charge.com\/store\/#organization"},"potentialAction":[{"@type":"SearchAction","target":{"@type":"EntryPoint","urlTemplate":"https:\/\/v2charge.com\/store\/?s={search_term_string}"},"query-input":{"@type":"PropertyValueSpecification","valueRequired":true,"valueName":"search_term_string"}}],"inLanguage":"it-IT"},{"@type":"Organization","@id":"https:\/\/v2charge.com\/store\/#organization","name":"V2C Store","url":"https:\/\/v2charge.com\/store\/","logo":{"@type":"ImageObject","inLanguage":"it-IT","@id":"https:\/\/v2charge.com\/store\/#\/schema\/logo\/image\/","url":"https:\/\/v2charge.com\/store\/wp-content\/uploads\/2022\/08\/cropped-cropped-logotipo-v2c-store-1.png","contentUrl":"https:\/\/v2charge.com\/store\/wp-content\/uploads\/2022\/08\/cropped-cropped-logotipo-v2c-store-1.png","width":250,"height":65,"caption":"V2C Store"},"image":{"@id":"https:\/\/v2charge.com\/store\/#\/schema\/logo\/image\/"}}]}},"_links":{"self":[{"href":"https:\/\/v2charge.com\/store\/it\/wp-json\/wp\/v2\/pages\/9792","targetHints":{"allow":["GET"]}}],"collection":[{"href":"https:\/\/v2charge.com\/store\/it\/wp-json\/wp\/v2\/pages"}],"about":[{"href":"https:\/\/v2charge.com\/store\/it\/wp-json\/wp\/v2\/types\/page"}],"author":[{"embeddable":true,"href":"https:\/\/v2charge.com\/store\/it\/wp-json\/wp\/v2\/users\/1"}],"replies":[{"embeddable":true,"href":"https:\/\/v2charge.com\/store\/it\/wp-json\/wp\/v2\/comments?post=9792"}],"version-history":[{"count":4,"href":"https:\/\/v2charge.com\/store\/it\/wp-json\/wp\/v2\/pages\/9792\/revisions"}],"predecessor-version":[{"id":15757,"href":"https:\/\/v2charge.com\/store\/it\/wp-json\/wp\/v2\/pages\/9792\/revisions\/15757"}],"wp:attachment":[{"href":"https:\/\/v2charge.com\/store\/it\/wp-json\/wp\/v2\/media?parent=9792"}],"curies":[{"name":"wp","href":"https:\/\/api.w.org\/{rel}","templated":true}]}}