{"id":9795,"date":"2022-09-02T08:55:05","date_gmt":"2022-09-02T08:55:05","guid":{"rendered":"https:\/\/v2charge.com\/store\/aviso-legal\/"},"modified":"2023-07-28T06:53:20","modified_gmt":"2023-07-28T06:53:20","slug":"avviso-legale","status":"publish","type":"page","link":"https:\/\/v2charge.com\/store\/it\/avviso-legale\/","title":{"rendered":"Avviso legale"},"content":{"rendered":"\n<h2 class=\"wp-block-heading\">Condizioni generali<\/h2>\n\n\n\n<p><strong>v2charge.com\/store\/<\/strong> \u00e8 un servizio di propriet\u00e0 e gestito da Negocios Inteligentes 7Experience, S.L. con C.I.F. B98496706 con sede fiscale e sociale in Avenida Cam\u00ed Nou 268 Xirivella 46950.<\/p>\n\n\n\n<p>Le presenti condizioni generali regolano esclusivamente la vendita da parte di Negocios Inteligentes 7Experience, S.L. dei prodotti presentati nel sito web www.v2charge.com\/store\/ e che i prodotti offerti in www.v2charge.com\/store\/ sono principalmente riservati ai privati.<\/p>\n\n\n\n<p>La conferma dell&#8217;ordine di un prodotto offerto nella pagina web www.v2charge.com\/store\/ implica l&#8217;accettazione espressa da parte del cliente delle presenti Condizioni Generali, senza la necessit\u00e0 di firmare per confermare l&#8217;accettazione.<\/p>\n\n\n\n<p>Accettando il presente contratto, il cliente dichiara:<\/p>\n\n\n\n<p>a) di essere una persona maggiorenne e di avere la capacit\u00e0 di contrattare.<\/p>\n\n\n\n<p>b) di aver letto e accettato le presenti Condizioni Generali.<\/p>\n\n\n\n<h2 class=\"wp-block-heading\">1. PREZZI<\/h2>\n\n\n\n<p>1.1 &#8211; I prezzi dei prodotti offerti sono espressi in euro (\u20ac), tasse incluse. Non sono incluse eventuali spese di gestione e spedizione, il cui importo sar\u00e0 indicato al momento della conferma finale di ogni ordine.<\/p>\n\n\n\n<p>1.2 &#8211; Negocios Inteligentes 7Experience, S.L. si riserva il diritto di modificare i prezzi in qualsiasi momento. I prodotti saranno fatturati in base alle tariffe in vigore al momento della registrazione dell&#8217;ordine.<\/p>\n\n\n\n<p>1.3 &#8211; I prodotti rimarranno di propriet\u00e0 di Negocios Inteligentes 7Experience, S.L. fino al completo pagamento del loro prezzo a Negocios Inteligentes 7Experience, S.L.<\/p>\n\n\n\n<h2 class=\"wp-block-heading\">2. ORDINI<\/h2>\n\n\n\n<p>Gli ordini effettuati su Internet attraverso il sito www.v2charge.com\/store\/ comportano dati contrattuali tra il cliente e Negocios Inteligentes 7Experience, S.L. che saranno confermati e raccolti prima della spedizione.<\/p>\n\n\n\n<p>Negocios Inteligentes 7Experience, S.L. si riserva il diritto di annullare o rifiutare qualsiasi ordine da parte di un cliente con il quale esista una controversia relativa al pagamento di un ordine precedente.<\/p>\n\n\n\n<p>Negocios Inteligentes 7Experience, S.L. si impegna ad accettare gli ordini in conformit\u00e0 con i termini delle Condizioni Generali qui riportate.<\/p>\n\n\n\n<p>Il cliente dichiara di conoscere e accettare le presenti Condizioni Generali prima di confermare i propri ordini.<\/p>\n\n\n\n<p>La conferma di un ordine implica, pertanto, l&#8217;accettazione delle presenti Condizioni Generali. Salvo prova contraria, i dati registrati da Negocios Inteligentes 7Experience, S.L. costituiscono una prova di tutte le transazioni effettuate tra Negocios Inteligentes 7Experience, S.L. e i suoi clienti.<\/p>\n\n\n\n<p>Negocios Inteligentes 7Experience, S.L. far\u00e0 sempre del suo meglio per gestire tutti gli ordini.<\/p>\n\n\n\n<h2 class=\"wp-block-heading\">3. DISPONIBILIT\u00c0<\/h2>\n\n\n\n<p>Le offerte e i prezzi dei prodotti sono validi finch\u00e9 vengono visualizzati sul sito www.v2charge.com\/store\/ e sono sempre soggetti alla disponibilit\u00e0 di magazzino.<\/p>\n\n\n\n<p>Per i prodotti non disponibili in magazzino, le nostre offerte e i nostri prezzi sono validi in base alla disponibilit\u00e0 dei nostri fornitori.<\/p>\n\n\n\n<p>In questo contesto, le informazioni sulla disponibilit\u00e0 dei prodotti saranno fornite al momento dell&#8217;elaborazione dell&#8217;ordine.<\/p>\n\n\n\n<p>Nel caso in cui il prodotto non sia disponibile dopo l&#8217;elaborazione dell&#8217;ordine, il cliente sar\u00e0 informato via e-mail o telefono della consegna di una parte dell&#8217;ordine o dell&#8217;annullamento dello stesso. Il cliente sar\u00e0 rimborsato dell&#8217;intero importo dell&#8217;ordine o di una parte di esso entro 30 giorni dall&#8217;ordine.<\/p>\n\n\n\n<h2 class=\"wp-block-heading\">4. PAGAMENTO<\/h2>\n\n\n\n<h2 class=\"wp-block-heading\">4.1 METODO DI PAGAMENTO<\/h2>\n\n\n\n<p>Il pagamento di qualsiasi acquisto su www.v2charge.com\/store\/ pu\u00f2 essere effettuato con carta di credito\/debito (Visa, Mastercard, American Express, Visa Electron e\/o altre carte simili, con bonifico bancario sul conto ES02 0049 1736 74 2010047706 o con PayPal.<\/p>\n\n\n\n<p>L&#8217;addebito sul conto del cliente avverr\u00e0 dopo la conferma dell&#8217;accordo tra i centri di pagamento.<\/p>\n\n\n\n<p>Tutte le transazioni di acquisto su www.v2charge.com\/store\/ avvengono in un quadro di stretta riservatezza e crittografia con protocollo SSL. Nel momento in cui si preme il pulsante &#8220;Convalida&#8221; o simile durante la conferma dell&#8217;ordine, la banca verifica la validit\u00e0 del numero di carta di credito\/debito e controlla che non sia bloccato.<\/p>\n\n\n\n<p>Negocios Inteligentes 7Experience, S.L. non ha in nessun caso accesso alle coordinate bancarie del cliente o del partner e non le memorizza nei propri server. Per questo motivo il cliente dovr\u00e0 fornirle nuovamente ogni volta che effettuer\u00e0 un nuovo acquisto nel nostro negozio online. In questo modo si ottiene una doppia protezione contro abusi e frodi.<\/p>\n\n\n\n<h2 class=\"wp-block-heading\">4.2 PAGAMENTO SICURO<\/h2>\n\n\n\n<p>In conformit\u00e0 al nostro impegno per la sicurezza dei pagamenti, informiamo i nostri clienti che Negocios Inteligentes 7Experience, S.L. verifica l&#8217;affidabilit\u00e0 dei dati forniti al momento dell&#8217;ordine. Questo processo fa parte della nostra lotta contro le frodi nei metodi di pagamento via Internet e per proteggere tutti i consumatori.<\/p>\n\n\n\n<p>Negocios Inteligentes 7Experience, S.L. utilizza un processo di verifica per evitare l&#8217;uso fraudolento delle coordinate bancarie dei propri clienti. Per questo motivo, Negocios Inteligentes 7Experience, S.L. si riserva il diritto di richiedere ai propri clienti l&#8217;invio (via fax o posta) di una copia di entrambi i lati della carta d&#8217;identit\u00e0 nazionale e di un documento di identit\u00e0 che non risalga a pi\u00f9 di tre mesi prima. Nessun ordine potr\u00e0 essere spedito prima che questi documenti siano stati ricevuti e controllati. I documenti richiesti devono essere inviati entro sei giorni lavorativi. Negocios Inteligentes 7Experience, S.L. si riserva il diritto di rimborsare l&#8217;ordine nel caso in cui i documenti sopra citati non vengano ricevuti o non siano validi.<\/p>\n\n\n\n<h2 class=\"wp-block-heading\">5. SPEDIZIONI<\/h2>\n\n\n\n<p>Per i tempi di spedizione e le tariffe di spedizione, consultare le nostre Politiche di spedizione.<\/p>\n\n\n\n<h2 class=\"wp-block-heading\">6. CANCELLAZIONE E RIMBORSO<\/h2>\n\n\n\n<p>Negocios Inteligentes 7Experience, S.L. si riserva il diritto di annullare un ordine ricevuto parzialmente o completamente nei seguenti casi:<\/p>\n\n\n\n<ul class=\"wp-block-list\">\n<li>il prodotto ordinato non \u00e8 disponibile in magazzino<\/li>\n\n\n\n<li>non \u00e8 stato ricevuto il pagamento dell&#8217;ordine o \u00e8 stato ricevuto solo un pagamento parziale<\/li>\n\n\n\n<li>l&#8217;ordine non \u00e8 conforme alle presenti Condizioni Generali di Vendita.<\/li>\n<\/ul>\n\n\n\n<p>Il cliente ha il diritto di annullare o restituire il proprio ordine. Per ulteriori informazioni, consultare la nostra Politica di cancellazione e restituzione.<\/p>\n\n\n\n<h2 class=\"wp-block-heading\">7. GARANZIA<\/h2>\n\n\n\n<p>Nel caso in cui abbiate ricevuto un prodotto errato o difettoso, ci dispiace molto. Si prega di contattare il nostro servizio clienti o info@v2charge.com. Vi spiegheremo come restituire il prodotto in modo semplice.<\/p>\n\n\n\n<h2 class=\"wp-block-heading\">8. PRODOTTI<\/h2>\n\n\n\n<p>I prodotti offerti da Negocios Inteligentes 7Experience, S.L. sono conformi alla legislazione spagnola vigente e alle normative applicabili in Spagna.<\/p>\n\n\n\n<p>Negocios Inteligentes 7Experience, S.L. far\u00e0 tutto il possibile affinch\u00e9 le immagini fotografiche dei prodotti rappresentino fedelmente i prodotti offerti. Allo stesso modo, ogni prodotto \u00e8 accompagnato da una descrizione esatta delle sue caratteristiche principali.<\/p>\n\n\n\n<h2 class=\"wp-block-heading\">9. MODIFICHE<\/h2>\n\n\n\n<p>Le informazioni che appaiono su www.v2charge.com\/store\/ sono aggiornate alla data del loro ultimo aggiornamento. Negocios Inteligentes 7Experience, S.L. si riserva il diritto di aggiornare, modificare o cancellare le informazioni contenute in questo sito web.<\/p>\n\n\n\n<p>Questo sito web non pu\u00f2 essere alterato, cambiato, modificato o adattato. Tuttavia, Negocios Inteligentes 7Experience, S.L. si riserva il diritto di apportare, in qualsiasi momento, tutti i cambiamenti e le modifiche che riterr\u00e0 opportuni, potendo avvalersi di questo diritto in qualsiasi momento e senza preavviso, per quanto riguarda la disponibilit\u00e0 dei suoi prodotti e delle sue campagne.<\/p>\n\n\n\n<p>Negocios Inteligentes 7Experience, S.L. si riserva il diritto di modificare unilateralmente le Condizioni Generali, nonch\u00e9 le condizioni e i termini di utilizzo di questa pagina web. Qualsiasi modifica delle stesse sar\u00e0 opportunamente annunciata. L&#8217;entrata in vigore delle modifiche delle condizioni d&#8217;uso avverr\u00e0 dal momento della loro pubblicazione in questa pagina web.<\/p>\n\n\n\n<h2 class=\"wp-block-heading\">10. PROTEZIONE DEI DATI PERSONALI<\/h2>\n\n\n\n<p>Consultare la nostra Informativa sulla privacy.<br><\/p>\n\n\n\n<h2 class=\"wp-block-heading\">11. CARTE FRAUDOLENTE<\/h2>\n\n\n\n<p>L&#8217;esercente si impegna a non consentire alcuna transazione illegale, o ritenuta dai marchi di carte di credito o dalla banca acquirente, che possa o abbia il potenziale di danneggiare l&#8217;avviamento di questi ultimi o di influenzarli negativamente. Le seguenti attivit\u00e0 sono vietate dai programmi dei marchi di carte di credito: la vendita o l&#8217;offerta di un prodotto o servizio che non sia pienamente conforme a tutte le leggi applicabili all&#8217;acquirente, alla banca emittente, all&#8217;esercente, al titolare della carta o alle carte.<\/p>\n","protected":false},"excerpt":{"rendered":"<p>Condizioni generali v2charge.com\/store\/ \u00e8 un servizio di propriet\u00e0 e gestito da Negocios Inteligentes 7Experience, S.L. con C.I.F. B98496706 con sede fiscale e sociale in Avenida Cam\u00ed Nou 268 Xirivella 46950. Le presenti condizioni generali regolano esclusivamente la vendita da parte di Negocios Inteligentes 7Experience, S.L. dei prodotti presentati nel sito web www.v2charge.com\/store\/ e che i<a class=\"more-link\" href=\"https:\/\/v2charge.com\/store\/it\/avviso-legale\/\">Read more  &#10230;<\/a><\/p>\n","protected":false},"author":1,"featured_media":0,"parent":0,"menu_order":0,"comment_status":"closed","ping_status":"closed","template":"","meta":{"content-type":"","inline_featured_image":false,"footnotes":""},"class_list":["post-9795","page","type-page","status-publish","hentry"],"yoast_head":"<!-- This site is optimized with the Yoast SEO plugin v27.0 - https:\/\/yoast.com\/product\/yoast-seo-wordpress\/ -->\n<title>Avviso legale - V2C Store<\/title>\n<meta name=\"robots\" content=\"noindex, follow\" \/>\n<meta property=\"og:locale\" content=\"it_IT\" \/>\n<meta property=\"og:type\" content=\"article\" \/>\n<meta property=\"og:title\" content=\"Avviso legale - V2C Store\" \/>\n<meta property=\"og:description\" content=\"Condizioni generali v2charge.com\/store\/ \u00e8 un servizio di propriet\u00e0 e gestito da Negocios Inteligentes 7Experience, S.L. con C.I.F. B98496706 con sede fiscale e sociale in Avenida Cam\u00ed Nou 268 Xirivella 46950. Le presenti condizioni generali regolano esclusivamente la vendita da parte di Negocios Inteligentes 7Experience, S.L. dei prodotti presentati nel sito web www.v2charge.com\/store\/ e che iRead more &#10230;\" \/>\n<meta property=\"og:url\" content=\"https:\/\/v2charge.com\/store\/it\/avviso-legale\/\" \/>\n<meta property=\"og:site_name\" content=\"V2C Store\" \/>\n<meta property=\"article:modified_time\" content=\"2023-07-28T06:53:20+00:00\" \/>\n<meta name=\"twitter:card\" content=\"summary_large_image\" \/>\n<meta name=\"twitter:label1\" content=\"Tempo di lettura stimato\" \/>\n\t<meta name=\"twitter:data1\" content=\"7 minuti\" \/>\n<script type=\"application\/ld+json\" class=\"yoast-schema-graph\">{\"@context\":\"https:\/\/schema.org\",\"@graph\":[{\"@type\":\"WebPage\",\"@id\":\"https:\/\/v2charge.com\/store\/it\/avviso-legale\/\",\"url\":\"https:\/\/v2charge.com\/store\/it\/avviso-legale\/\",\"name\":\"Avviso legale - V2C Store\",\"isPartOf\":{\"@id\":\"https:\/\/v2charge.com\/store\/#website\"},\"datePublished\":\"2022-09-02T08:55:05+00:00\",\"dateModified\":\"2023-07-28T06:53:20+00:00\",\"breadcrumb\":{\"@id\":\"https:\/\/v2charge.com\/store\/it\/avviso-legale\/#breadcrumb\"},\"inLanguage\":\"it-IT\",\"potentialAction\":[{\"@type\":\"ReadAction\",\"target\":[\"https:\/\/v2charge.com\/store\/it\/avviso-legale\/\"]}]},{\"@type\":\"BreadcrumbList\",\"@id\":\"https:\/\/v2charge.com\/store\/it\/avviso-legale\/#breadcrumb\",\"itemListElement\":[{\"@type\":\"ListItem\",\"position\":1,\"name\":\"Portada\",\"item\":\"https:\/\/v2charge.com\/store\/\"},{\"@type\":\"ListItem\",\"position\":2,\"name\":\"Avviso legale\"}]},{\"@type\":\"WebSite\",\"@id\":\"https:\/\/v2charge.com\/store\/#website\",\"url\":\"https:\/\/v2charge.com\/store\/\",\"name\":\"V2C Store\",\"description\":\"V2C Store\",\"publisher\":{\"@id\":\"https:\/\/v2charge.com\/store\/#organization\"},\"potentialAction\":[{\"@type\":\"SearchAction\",\"target\":{\"@type\":\"EntryPoint\",\"urlTemplate\":\"https:\/\/v2charge.com\/store\/?s={search_term_string}\"},\"query-input\":{\"@type\":\"PropertyValueSpecification\",\"valueRequired\":true,\"valueName\":\"search_term_string\"}}],\"inLanguage\":\"it-IT\"},{\"@type\":\"Organization\",\"@id\":\"https:\/\/v2charge.com\/store\/#organization\",\"name\":\"V2C Store\",\"url\":\"https:\/\/v2charge.com\/store\/\",\"logo\":{\"@type\":\"ImageObject\",\"inLanguage\":\"it-IT\",\"@id\":\"https:\/\/v2charge.com\/store\/#\/schema\/logo\/image\/\",\"url\":\"https:\/\/v2charge.com\/store\/wp-content\/uploads\/2022\/08\/cropped-cropped-logotipo-v2c-store-1.png\",\"contentUrl\":\"https:\/\/v2charge.com\/store\/wp-content\/uploads\/2022\/08\/cropped-cropped-logotipo-v2c-store-1.png\",\"width\":250,\"height\":65,\"caption\":\"V2C Store\"},\"image\":{\"@id\":\"https:\/\/v2charge.com\/store\/#\/schema\/logo\/image\/\"}}]}<\/script>\n<!-- \/ Yoast SEO plugin. -->","yoast_head_json":{"title":"Avviso legale - V2C Store","robots":{"index":"noindex","follow":"follow"},"og_locale":"it_IT","og_type":"article","og_title":"Avviso legale - V2C Store","og_description":"Condizioni generali v2charge.com\/store\/ \u00e8 un servizio di propriet\u00e0 e gestito da Negocios Inteligentes 7Experience, S.L. con C.I.F. B98496706 con sede fiscale e sociale in Avenida Cam\u00ed Nou 268 Xirivella 46950. Le presenti condizioni generali regolano esclusivamente la vendita da parte di Negocios Inteligentes 7Experience, S.L. dei prodotti presentati nel sito web www.v2charge.com\/store\/ e che iRead more &#10230;","og_url":"https:\/\/v2charge.com\/store\/it\/avviso-legale\/","og_site_name":"V2C Store","article_modified_time":"2023-07-28T06:53:20+00:00","twitter_card":"summary_large_image","twitter_misc":{"Tempo di lettura stimato":"7 minuti"},"schema":{"@context":"https:\/\/schema.org","@graph":[{"@type":"WebPage","@id":"https:\/\/v2charge.com\/store\/it\/avviso-legale\/","url":"https:\/\/v2charge.com\/store\/it\/avviso-legale\/","name":"Avviso legale - V2C Store","isPartOf":{"@id":"https:\/\/v2charge.com\/store\/#website"},"datePublished":"2022-09-02T08:55:05+00:00","dateModified":"2023-07-28T06:53:20+00:00","breadcrumb":{"@id":"https:\/\/v2charge.com\/store\/it\/avviso-legale\/#breadcrumb"},"inLanguage":"it-IT","potentialAction":[{"@type":"ReadAction","target":["https:\/\/v2charge.com\/store\/it\/avviso-legale\/"]}]},{"@type":"BreadcrumbList","@id":"https:\/\/v2charge.com\/store\/it\/avviso-legale\/#breadcrumb","itemListElement":[{"@type":"ListItem","position":1,"name":"Portada","item":"https:\/\/v2charge.com\/store\/"},{"@type":"ListItem","position":2,"name":"Avviso legale"}]},{"@type":"WebSite","@id":"https:\/\/v2charge.com\/store\/#website","url":"https:\/\/v2charge.com\/store\/","name":"V2C Store","description":"V2C Store","publisher":{"@id":"https:\/\/v2charge.com\/store\/#organization"},"potentialAction":[{"@type":"SearchAction","target":{"@type":"EntryPoint","urlTemplate":"https:\/\/v2charge.com\/store\/?s={search_term_string}"},"query-input":{"@type":"PropertyValueSpecification","valueRequired":true,"valueName":"search_term_string"}}],"inLanguage":"it-IT"},{"@type":"Organization","@id":"https:\/\/v2charge.com\/store\/#organization","name":"V2C Store","url":"https:\/\/v2charge.com\/store\/","logo":{"@type":"ImageObject","inLanguage":"it-IT","@id":"https:\/\/v2charge.com\/store\/#\/schema\/logo\/image\/","url":"https:\/\/v2charge.com\/store\/wp-content\/uploads\/2022\/08\/cropped-cropped-logotipo-v2c-store-1.png","contentUrl":"https:\/\/v2charge.com\/store\/wp-content\/uploads\/2022\/08\/cropped-cropped-logotipo-v2c-store-1.png","width":250,"height":65,"caption":"V2C Store"},"image":{"@id":"https:\/\/v2charge.com\/store\/#\/schema\/logo\/image\/"}}]}},"_links":{"self":[{"href":"https:\/\/v2charge.com\/store\/it\/wp-json\/wp\/v2\/pages\/9795","targetHints":{"allow":["GET"]}}],"collection":[{"href":"https:\/\/v2charge.com\/store\/it\/wp-json\/wp\/v2\/pages"}],"about":[{"href":"https:\/\/v2charge.com\/store\/it\/wp-json\/wp\/v2\/types\/page"}],"author":[{"embeddable":true,"href":"https:\/\/v2charge.com\/store\/it\/wp-json\/wp\/v2\/users\/1"}],"replies":[{"embeddable":true,"href":"https:\/\/v2charge.com\/store\/it\/wp-json\/wp\/v2\/comments?post=9795"}],"version-history":[{"count":1,"href":"https:\/\/v2charge.com\/store\/it\/wp-json\/wp\/v2\/pages\/9795\/revisions"}],"predecessor-version":[{"id":9797,"href":"https:\/\/v2charge.com\/store\/it\/wp-json\/wp\/v2\/pages\/9795\/revisions\/9797"}],"wp:attachment":[{"href":"https:\/\/v2charge.com\/store\/it\/wp-json\/wp\/v2\/media?parent=9795"}],"curies":[{"name":"wp","href":"https:\/\/api.w.org\/{rel}","templated":true}]}}