{"id":9798,"date":"2022-09-02T08:58:29","date_gmt":"2022-09-02T08:58:29","guid":{"rendered":"https:\/\/v2charge.com\/store\/cookies\/"},"modified":"2023-07-28T06:57:55","modified_gmt":"2023-07-28T06:57:55","slug":"cookies","status":"publish","type":"page","link":"https:\/\/v2charge.com\/store\/it\/cookies\/","title":{"rendered":"Cookies"},"content":{"rendered":"\n<p><strong>INFORMATIVA SUI COOKIE<\/strong><\/p>\n\n\n\n<p>Questo sito web \u00e8 di propriet\u00e0 di NEGOCIOS INTELIGENTES 7 EXPERIENCE S.L.. L&#8217;accesso a questa pagina implica la conoscenza e l&#8217;accettazione della politica sulla privacy. In conformit\u00e0 con l&#8217;articolo 10 della Legge 34\/2002, dell&#8217;11 luglio, sui Servizi della Societ\u00e0 dell&#8217;Informazione e del Commercio Elettronico (LSSI), esponiamo i dati di identificazione&#8221;.<\/p>\n\n\n\n<p><strong>Cosa sono i cookie?<\/strong> Un cookie \u00e8 un file che viene scaricato sul vostro computer o terminale quando accedete al nostro sito web. I cookie ci consentono, tra l&#8217;altro, di memorizzare e recuperare informazioni sulle abitudini di navigazione di un utente o sulla sua apparecchiatura e, a seconda delle informazioni contenute e del modo in cui l&#8217;utente utilizza la sua apparecchiatura, possono essere utilizzati per riconoscerlo. Quali tipi di cookie utilizza il nostro sito web. Cookie di prima parte: sono i cookie che inviamo al vostro computer o terminale dal nostro sito web. Cookie di terze parti: sono quelli inviati al computer o al terminale dell&#8217;utente da un dominio o da un sito web non gestito da noi, ma da un&#8217;altra entit\u00e0 che elabora i dati ottenuti attraverso i cookie. Cookie di analisi: si tratta di cookie elaborati da noi o da terzi che ci consentono di quantificare il numero di utenti e di effettuare la misurazione e l&#8217;analisi statistica dell&#8217;utilizzo del nostro sito web da parte degli utenti. A tal fine, analizziamo la navigazione sul nostro sito web al fine di migliorare la gamma di prodotti o servizi offerti.<\/p>\n\n\n\n<p><strong>I cookie utilizzati su www.v2charge.com sono:<\/strong><\/p>\n\n\n\n<p>Cookie strettamente necessari come, ad esempio, quelli che servono per una corretta navigazione e garantiscono un caricamento efficiente dei contenuti del sito web. PHPSESSID SESSION &#8211; Questo cookie viene utilizzato per stabilire la sessione dell&#8217;utente che visita uno dei nostri siti web. \u00c8 un modo per identificare e gestire lo stato &#8211; le variabili di sessione &#8211; di un particolare utente e per poter spostare tali informazioni tra le pagine dei nostri siti web. WordPress_test_cookie SESSION &#8211; Questo cookie viene utilizzato dal gestore di contenuti WordPress per verificare se il browser ha abilitato i cookie. Wp-settings-{time}-<code>{<\/code>UID<code>}<\/code> &#8211; L&#8217;UID alla fine del nome del cookie contiene l&#8217;ID utente memorizzato nel database di WordPress. Viene utilizzato per memorizzare l&#8217;aspetto dell&#8217;interfaccia di amministrazione e pu\u00f2 essere utilizzato per memorizzare l&#8217;aspetto del sito principale. WordPress_logged_in_<code>{<\/code>hash<code>}<\/code> &#8211; Dopo l&#8217;accesso, WordPress imposta il cookie wordpress_logged_in_<code>{<\/code>hash<code>}<\/code>, che indica quando si \u00e8 effettuato l&#8217;accesso e chi si \u00e8, ed \u00e8 utilizzato per l&#8217;interfaccia di WordPress. WordPress_<code>`{<\/code>hash<code>}<\/code> &#8211; Questo cookie viene impostato durante il login e memorizza i dettagli dell&#8217;autenticazione. Il suo utilizzo \u00e8 limitato all&#8217;area di amministrazione, \/wp-config\/&#8221;.<\/p>\n\n\n\n<p>I cookie analitici sono cookie utilizzati da Google Analytics per analisi, ricerche o statistiche al fine di migliorare l&#8217;esperienza del sito web. Utilizzando questi cookie, \u00e8 possibile mostrare ai visitatori informazioni pi\u00f9 pertinenti. __hstc, hubspotutk, __hssc, __hssrc, __hs_opt_out, __hs_do_not_track, __hs_testcookie, hsPagesViewedThisSession, hsfirstvisit: cookie di Hubspot, strumento di analisi web, marketing online per l&#8217;analisi e la misurazione dell&#8217;utilizzo del nostro sito web per migliorare i nostri servizi. _utma, _utmb, _utmz, _utmc, _utmt: lo scopo principale \u00e8 quello di identificare il numero di visite, il periodo di consultazione, il motore di ricerca utilizzato per accedere al sito web, le parole chiave utilizzate, la posizione globale del visitatore, i contenuti visitati sul sito web, nonch\u00e9 altri parametri di traffico sul sito web, sempre in forma anonima. Google memorizza queste informazioni raccolte dai cookie in modo tale che nessun utente venga identificato. HjIncludedInSample e _hjUserId: cookie di Hotjar, uno strumento di analisi web, per analizzare l&#8217;utilizzo e la misurazione del nostro sito web al fine di migliorare i nostri servizi.<\/p>\n\n\n\n<p>In base alla scelta effettuata dall&#8217;utente sull&#8217;uso dei cookie in questo sito web, verr\u00e0 inviato un cookie aggiuntivo per salvaguardare la scelta effettuata, in modo da non dover accettare l&#8217;uso dei cookie ogni volta che si accede al nostro sito web. Lo scopo di questo elenco di cookie \u00e8 quello di aiutarvi a riconoscere i cookie memorizzati nel vostro browser quando visitate il nostro sito web o quando visualizzate le nostre pubblicit\u00e0 su altri siti. Abbiamo cercato di includere tutti i cookie utilizzati da noi e dai nostri partner tecnologici, ma vi preghiamo di notare che a volte l&#8217;elenco pu\u00f2 essere aggiornato in ritardo. Se notate delle discrepanze o pensate che manchi un cookie, fatecelo sapere.<\/p>\n","protected":false},"excerpt":{"rendered":"<p>INFORMATIVA SUI COOKIE Questo sito web \u00e8 di propriet\u00e0 di NEGOCIOS INTELIGENTES 7 EXPERIENCE S.L.. L&#8217;accesso a questa pagina implica la conoscenza e l&#8217;accettazione della politica sulla privacy. In conformit\u00e0 con l&#8217;articolo 10 della Legge 34\/2002, dell&#8217;11 luglio, sui Servizi della Societ\u00e0 dell&#8217;Informazione e del Commercio Elettronico (LSSI), esponiamo i dati di identificazione&#8221;. Cosa sono<a class=\"more-link\" href=\"https:\/\/v2charge.com\/store\/it\/cookies\/\">Read more  &#10230;<\/a><\/p>\n","protected":false},"author":1,"featured_media":0,"parent":0,"menu_order":0,"comment_status":"closed","ping_status":"closed","template":"","meta":{"content-type":"","inline_featured_image":false,"footnotes":""},"class_list":["post-9798","page","type-page","status-publish","hentry"],"yoast_head":"<!-- This site is optimized with the Yoast SEO plugin v27.0 - https:\/\/yoast.com\/product\/yoast-seo-wordpress\/ -->\n<title>Cookies - V2C Store<\/title>\n<meta name=\"robots\" content=\"noindex, follow\" \/>\n<meta property=\"og:locale\" content=\"it_IT\" \/>\n<meta property=\"og:type\" content=\"article\" \/>\n<meta property=\"og:title\" content=\"Cookies - V2C Store\" \/>\n<meta property=\"og:description\" content=\"INFORMATIVA SUI COOKIE Questo sito web \u00e8 di propriet\u00e0 di NEGOCIOS INTELIGENTES 7 EXPERIENCE S.L.. L&#8217;accesso a questa pagina implica la conoscenza e l&#8217;accettazione della politica sulla privacy. In conformit\u00e0 con l&#8217;articolo 10 della Legge 34\/2002, dell&#8217;11 luglio, sui Servizi della Societ\u00e0 dell&#8217;Informazione e del Commercio Elettronico (LSSI), esponiamo i dati di identificazione&#8221;. Cosa sonoRead more &#10230;\" \/>\n<meta property=\"og:url\" content=\"https:\/\/v2charge.com\/store\/it\/cookies\/\" \/>\n<meta property=\"og:site_name\" content=\"V2C Store\" \/>\n<meta property=\"article:modified_time\" content=\"2023-07-28T06:57:55+00:00\" \/>\n<meta name=\"twitter:card\" content=\"summary_large_image\" \/>\n<meta name=\"twitter:label1\" content=\"Tempo di lettura stimato\" \/>\n\t<meta name=\"twitter:data1\" content=\"5 minuti\" \/>\n<script type=\"application\/ld+json\" class=\"yoast-schema-graph\">{\"@context\":\"https:\/\/schema.org\",\"@graph\":[{\"@type\":\"WebPage\",\"@id\":\"https:\/\/v2charge.com\/store\/it\/cookies\/\",\"url\":\"https:\/\/v2charge.com\/store\/it\/cookies\/\",\"name\":\"Cookies - V2C Store\",\"isPartOf\":{\"@id\":\"https:\/\/v2charge.com\/store\/#website\"},\"datePublished\":\"2022-09-02T08:58:29+00:00\",\"dateModified\":\"2023-07-28T06:57:55+00:00\",\"breadcrumb\":{\"@id\":\"https:\/\/v2charge.com\/store\/it\/cookies\/#breadcrumb\"},\"inLanguage\":\"it-IT\",\"potentialAction\":[{\"@type\":\"ReadAction\",\"target\":[\"https:\/\/v2charge.com\/store\/it\/cookies\/\"]}]},{\"@type\":\"BreadcrumbList\",\"@id\":\"https:\/\/v2charge.com\/store\/it\/cookies\/#breadcrumb\",\"itemListElement\":[{\"@type\":\"ListItem\",\"position\":1,\"name\":\"Portada\",\"item\":\"https:\/\/v2charge.com\/store\/\"},{\"@type\":\"ListItem\",\"position\":2,\"name\":\"Cookies\"}]},{\"@type\":\"WebSite\",\"@id\":\"https:\/\/v2charge.com\/store\/#website\",\"url\":\"https:\/\/v2charge.com\/store\/\",\"name\":\"V2C Store\",\"description\":\"V2C Store\",\"publisher\":{\"@id\":\"https:\/\/v2charge.com\/store\/#organization\"},\"potentialAction\":[{\"@type\":\"SearchAction\",\"target\":{\"@type\":\"EntryPoint\",\"urlTemplate\":\"https:\/\/v2charge.com\/store\/?s={search_term_string}\"},\"query-input\":{\"@type\":\"PropertyValueSpecification\",\"valueRequired\":true,\"valueName\":\"search_term_string\"}}],\"inLanguage\":\"it-IT\"},{\"@type\":\"Organization\",\"@id\":\"https:\/\/v2charge.com\/store\/#organization\",\"name\":\"V2C Store\",\"url\":\"https:\/\/v2charge.com\/store\/\",\"logo\":{\"@type\":\"ImageObject\",\"inLanguage\":\"it-IT\",\"@id\":\"https:\/\/v2charge.com\/store\/#\/schema\/logo\/image\/\",\"url\":\"https:\/\/v2charge.com\/store\/wp-content\/uploads\/2022\/08\/cropped-cropped-logotipo-v2c-store-1.png\",\"contentUrl\":\"https:\/\/v2charge.com\/store\/wp-content\/uploads\/2022\/08\/cropped-cropped-logotipo-v2c-store-1.png\",\"width\":250,\"height\":65,\"caption\":\"V2C Store\"},\"image\":{\"@id\":\"https:\/\/v2charge.com\/store\/#\/schema\/logo\/image\/\"}}]}<\/script>\n<!-- \/ Yoast SEO plugin. -->","yoast_head_json":{"title":"Cookies - V2C Store","robots":{"index":"noindex","follow":"follow"},"og_locale":"it_IT","og_type":"article","og_title":"Cookies - V2C Store","og_description":"INFORMATIVA SUI COOKIE Questo sito web \u00e8 di propriet\u00e0 di NEGOCIOS INTELIGENTES 7 EXPERIENCE S.L.. L&#8217;accesso a questa pagina implica la conoscenza e l&#8217;accettazione della politica sulla privacy. In conformit\u00e0 con l&#8217;articolo 10 della Legge 34\/2002, dell&#8217;11 luglio, sui Servizi della Societ\u00e0 dell&#8217;Informazione e del Commercio Elettronico (LSSI), esponiamo i dati di identificazione&#8221;. Cosa sonoRead more &#10230;","og_url":"https:\/\/v2charge.com\/store\/it\/cookies\/","og_site_name":"V2C Store","article_modified_time":"2023-07-28T06:57:55+00:00","twitter_card":"summary_large_image","twitter_misc":{"Tempo di lettura stimato":"5 minuti"},"schema":{"@context":"https:\/\/schema.org","@graph":[{"@type":"WebPage","@id":"https:\/\/v2charge.com\/store\/it\/cookies\/","url":"https:\/\/v2charge.com\/store\/it\/cookies\/","name":"Cookies - V2C Store","isPartOf":{"@id":"https:\/\/v2charge.com\/store\/#website"},"datePublished":"2022-09-02T08:58:29+00:00","dateModified":"2023-07-28T06:57:55+00:00","breadcrumb":{"@id":"https:\/\/v2charge.com\/store\/it\/cookies\/#breadcrumb"},"inLanguage":"it-IT","potentialAction":[{"@type":"ReadAction","target":["https:\/\/v2charge.com\/store\/it\/cookies\/"]}]},{"@type":"BreadcrumbList","@id":"https:\/\/v2charge.com\/store\/it\/cookies\/#breadcrumb","itemListElement":[{"@type":"ListItem","position":1,"name":"Portada","item":"https:\/\/v2charge.com\/store\/"},{"@type":"ListItem","position":2,"name":"Cookies"}]},{"@type":"WebSite","@id":"https:\/\/v2charge.com\/store\/#website","url":"https:\/\/v2charge.com\/store\/","name":"V2C Store","description":"V2C Store","publisher":{"@id":"https:\/\/v2charge.com\/store\/#organization"},"potentialAction":[{"@type":"SearchAction","target":{"@type":"EntryPoint","urlTemplate":"https:\/\/v2charge.com\/store\/?s={search_term_string}"},"query-input":{"@type":"PropertyValueSpecification","valueRequired":true,"valueName":"search_term_string"}}],"inLanguage":"it-IT"},{"@type":"Organization","@id":"https:\/\/v2charge.com\/store\/#organization","name":"V2C Store","url":"https:\/\/v2charge.com\/store\/","logo":{"@type":"ImageObject","inLanguage":"it-IT","@id":"https:\/\/v2charge.com\/store\/#\/schema\/logo\/image\/","url":"https:\/\/v2charge.com\/store\/wp-content\/uploads\/2022\/08\/cropped-cropped-logotipo-v2c-store-1.png","contentUrl":"https:\/\/v2charge.com\/store\/wp-content\/uploads\/2022\/08\/cropped-cropped-logotipo-v2c-store-1.png","width":250,"height":65,"caption":"V2C Store"},"image":{"@id":"https:\/\/v2charge.com\/store\/#\/schema\/logo\/image\/"}}]}},"_links":{"self":[{"href":"https:\/\/v2charge.com\/store\/it\/wp-json\/wp\/v2\/pages\/9798","targetHints":{"allow":["GET"]}}],"collection":[{"href":"https:\/\/v2charge.com\/store\/it\/wp-json\/wp\/v2\/pages"}],"about":[{"href":"https:\/\/v2charge.com\/store\/it\/wp-json\/wp\/v2\/types\/page"}],"author":[{"embeddable":true,"href":"https:\/\/v2charge.com\/store\/it\/wp-json\/wp\/v2\/users\/1"}],"replies":[{"embeddable":true,"href":"https:\/\/v2charge.com\/store\/it\/wp-json\/wp\/v2\/comments?post=9798"}],"version-history":[{"count":1,"href":"https:\/\/v2charge.com\/store\/it\/wp-json\/wp\/v2\/pages\/9798\/revisions"}],"predecessor-version":[{"id":9800,"href":"https:\/\/v2charge.com\/store\/it\/wp-json\/wp\/v2\/pages\/9798\/revisions\/9800"}],"wp:attachment":[{"href":"https:\/\/v2charge.com\/store\/it\/wp-json\/wp\/v2\/media?parent=9798"}],"curies":[{"name":"wp","href":"https:\/\/api.w.org\/{rel}","templated":true}]}}