{"id":9829,"date":"2019-07-03T11:00:28","date_gmt":"2019-07-03T11:00:28","guid":{"rendered":"https:\/\/v2charge.com\/store\/product\/trydan\/"},"modified":"2025-08-12T12:02:52","modified_gmt":"2025-08-12T12:02:52","slug":"trydan","status":"publish","type":"product","link":"https:\/\/v2charge.com\/store\/it\/prodotto\/trydan\/","title":{"rendered":"Trydan"},"content":{"rendered":"<p><strong>Trydan<\/strong>\u00a0garantisce una\u00a0<strong>ricarica intelligente, sicura ed efficiente<\/strong>. Unisce le pi\u00f9 recenti tecnologie sul mercato per caricare il tuo veicolo elettrico o ibrido plug-in come mai prima d\u2019ora.<\/p>\n<p>Assumi il pieno controllo di\u00a0<strong>Trydan<\/strong>\u00a0con\u00a0<strong>l\u2019applicazione gratuita V2C Cloud<\/strong>. Potrai controllare la ricarica in tempo reale, programmarla nelle fasce orarie pi\u00f9 convenienti e usufruire di una connettivit\u00e0 illimitata. \u00c8 il primo sistema di ricarica con un\u00a0<strong>Bot Telegram<\/strong>, connessione\u00a0<strong>Alexa<\/strong>, e integrazione con\u00a0<strong>Home Assistant<\/strong>.<\/p>\n<p class=\"p1\"><span class=\"s1\">E non \u00e8 tutto! Trydan \u00e8 dotato di un <b>controllo dinamico della potenza<\/b> per evitare sovraccarichi.<\/span><\/p>\n<p class=\"p1\"><span class=\"s1\">\u00c8 possibile scegliere la presa di uscita:<\/span><\/p>\n<ul>\n<li>Presa di corrente tipo 2<\/li>\n<li>Cavo flessibile di Tipo 2 lungo 5 metri<\/li>\n<li>Cavo flessibile di Tipo 2 lungo 5 metri con pulsante integrato per Tesla (Dal connettore stesso, puoi aprire la porta di ricarica per avviare la carica e sbloccare il cavo una volta terminato il processo)<\/li>\n<li>Cavo flessibile di Tipo 2 lungo 10 metri<\/li>\n<li>Cavo spiralato di Tipo 2 lungo 4,5 metri<\/li>\n<\/ul>\n<p>Avrai la possibilit\u00e0 di includere le protezioni elettriche all&#8217;interno e una presa shucko aggiuntiva sul lato.<\/p>\n<p>Trydan assicura <strong>piena conformit\u00e0 alla normativa italiana<\/strong>. Ogni dispositivo viene preparato per la <strong>bobina di sgancio<\/strong> e dotato di un <strong>rilevatore di perdite<\/strong>, <strong>incluso in tutte le versioni<\/strong>, con e senza protezioni.<\/p>\n<p><img fetchpriority=\"high\" decoding=\"async\" class=\"wp-image-8607 size-full aligncenter\" src=\"https:\/\/v2charge.com\/store\/wp-content\/uploads\/2022\/09\/trydan-cargador.jpg\" alt=\"\" width=\"1005\" height=\"415\" srcset=\"https:\/\/v2charge.com\/store\/wp-content\/uploads\/2022\/09\/trydan-cargador.jpg 1005w, https:\/\/v2charge.com\/store\/wp-content\/uploads\/2022\/09\/trydan-cargador-300x124.jpg 300w, https:\/\/v2charge.com\/store\/wp-content\/uploads\/2022\/09\/trydan-cargador-768x317.jpg 768w, https:\/\/v2charge.com\/store\/wp-content\/uploads\/2022\/09\/trydan-cargador-812x335.jpg 812w\" sizes=\"(max-width: 1005px) 100vw, 1005px\" \/><\/p>\n<h2>Funzionalit\u00e0 incluse<\/h2>\n<ul>\n<li>Controllo dinamico della potenza (1 pinza amperometrica)<\/li>\n<li>Accesso all&#8217;applicazione multipiattaforma V2C Cloud<\/li>\n<li>Aggiornamenti automatici per accedere a nuove funzionalit\u00e0<\/li>\n<li>API integrata per gli sviluppatori<\/li>\n<li>Display LCD frontale<\/li>\n<li>Connessione WiFi\/Bluetooth<\/li>\n<li>OCPP 1.6 JSON<\/li>\n<\/ul>\n<h2>Caratteristiche generali<\/h2>\n<ul>\n<li>Colore: nero<\/li>\n<li>Materiale: Policarbonato MVR<\/li>\n<li>Peso: 2 kg (senza cavo) \/ 2,5 kg (senza cavo e con protezioni)<\/li>\n<li>Lunghezza del cavo flessibile: 5 m \/ 10 m<\/li>\n<li>Tipo di cavo: liscio\/a molla<\/li>\n<li>Temperatura di esercizio: da -15C\u00ba a 45C\u00ba<\/li>\n<li>Temperatura di conservazione: da -40C\u00ba a 70C\u00ba<\/li>\n<li>Display<\/li>\n<li>Illuminazione RGB a seconda dello stato di carica<\/li>\n<\/ul>\n<h2>Caratteristiche elettriche<\/h2>\n<ul>\n<li>Tipo di connettore: Tipo2 \/ Presa Socket<\/li>\n<li>Tipo di rete: 230V\/400V<\/li>\n<li>Corrente di carica massima: 32A (per fase)<\/li>\n<li>Potenza massima di ricarica: 7,4kW o 22kW a seconda del modello<\/li>\n<li>Corrente configurabile: da 6 a 32 Ampere<\/li>\n<li>Frequenza nominale: 50Hz \/ 60Hz<\/li>\n<li>Grado di protezione: IP54 \/ IK10<\/li>\n<li>Rilevamento della corrente residua: AC 30mA \/ DC 6mA a seconda del modello<\/li>\n<\/ul>\n<h2>Funzionalit\u00e0 V2C Cloud<\/h2>\n<ul>\n<li>Programmazione della potenza massima oraria<\/li>\n<li>Programmazione oraria in diverse fasce orarie<\/li>\n<li>Storico del carico statistico<\/li>\n<li>Blocco e sblocco<\/li>\n<li>Configurazione con Alexa<\/li>\n<li>Compatibilit\u00e0 con gli inverter solari e i contatori di energia per l&#8217;integrazione wireless<\/li>\n<\/ul>\n<p>&nbsp;<\/p>\n<p>&nbsp;<\/p>\n<p>&nbsp;<\/p>\n","protected":false},"excerpt":{"rendered":"<p>Trydan \u00e8 il nuovo e-Charger\u00a0con la<strong>\u00a0tecnologia pi\u00f9 avanzata<\/strong> del mercato\u00a0per ricaricare la tua auto elettrica come mai prima d\u2019ora.<\/p>\n<p class=\"p1\"><span class=\"s1\">\u00c8 compatibile con tutti i modelli di auto elettriche e ibride plug-in di <b>Tipo 2<\/b>.<\/span><\/p>\n<p>&nbsp;<\/p>\n","protected":false},"featured_media":9153,"template":"","meta":{"content-type":"","inline_featured_image":false},"product_brand":[],"product_cat":[124],"product_tag":[],"class_list":{"0":"post-9829","1":"product","2":"type-product","3":"status-publish","4":"has-post-thumbnail","6":"product_cat-e-chargers-it","8":"first","9":"instock","10":"taxable","11":"shipping-taxable","12":"purchasable","13":"product-type-variable"},"yoast_head":"<!-- This site is optimized with the Yoast SEO plugin v27.0 - https:\/\/yoast.com\/product\/yoast-seo-wordpress\/ -->\n<title>Acquista online il caricatore Trydan | V2C<\/title>\n<meta name=\"description\" content=\"Acquista online il caricatore per veicoli elettrici TRYDAN | Il caricatore pi\u00f9 innovativo e intelligente | Spedizione gratuita\" \/>\n<meta name=\"robots\" content=\"index, follow, max-snippet:-1, max-image-preview:large, max-video-preview:-1\" \/>\n<link rel=\"canonical\" href=\"https:\/\/v2charge.com\/store\/it\/prodotto\/trydan\/\" \/>\n<meta property=\"og:locale\" content=\"it_IT\" \/>\n<meta property=\"og:type\" content=\"article\" \/>\n<meta property=\"og:title\" content=\"Acquista online il caricatore Trydan | V2C\" \/>\n<meta property=\"og:description\" content=\"Acquista online il caricatore per veicoli elettrici TRYDAN | Il caricatore pi\u00f9 innovativo e intelligente | Spedizione gratuita\" \/>\n<meta property=\"og:url\" content=\"https:\/\/v2charge.com\/store\/it\/prodotto\/trydan\/\" \/>\n<meta property=\"og:site_name\" content=\"V2C Store\" \/>\n<meta property=\"article:modified_time\" content=\"2025-08-12T12:02:52+00:00\" \/>\n<meta property=\"og:image\" content=\"https:\/\/v2charge.com\/store\/wp-content\/uploads\/2019\/07\/trydan-echarger.jpg\" \/>\n\t<meta property=\"og:image:width\" content=\"600\" \/>\n\t<meta property=\"og:image:height\" content=\"600\" \/>\n\t<meta property=\"og:image:type\" content=\"image\/jpeg\" \/>\n<meta name=\"twitter:card\" content=\"summary_large_image\" \/>\n<meta name=\"twitter:label1\" content=\"Tempo di lettura stimato\" \/>\n\t<meta name=\"twitter:data1\" content=\"3 minuti\" \/>\n<script type=\"application\/ld+json\" class=\"yoast-schema-graph\">{\"@context\":\"https:\/\/schema.org\",\"@graph\":[{\"@type\":\"WebPage\",\"@id\":\"https:\/\/v2charge.com\/store\/it\/prodotto\/trydan\/\",\"url\":\"https:\/\/v2charge.com\/store\/it\/prodotto\/trydan\/\",\"name\":\"Acquista online il caricatore Trydan | V2C\",\"isPartOf\":{\"@id\":\"https:\/\/v2charge.com\/store\/#website\"},\"primaryImageOfPage\":{\"@id\":\"https:\/\/v2charge.com\/store\/it\/prodotto\/trydan\/#primaryimage\"},\"image\":{\"@id\":\"https:\/\/v2charge.com\/store\/it\/prodotto\/trydan\/#primaryimage\"},\"thumbnailUrl\":\"https:\/\/v2charge.com\/store\/wp-content\/uploads\/2019\/07\/trydan-echarger.jpg\",\"datePublished\":\"2019-07-03T11:00:28+00:00\",\"dateModified\":\"2025-08-12T12:02:52+00:00\",\"description\":\"Acquista online il caricatore per veicoli elettrici TRYDAN | Il caricatore pi\u00f9 innovativo e intelligente | Spedizione gratuita\",\"breadcrumb\":{\"@id\":\"https:\/\/v2charge.com\/store\/it\/prodotto\/trydan\/#breadcrumb\"},\"inLanguage\":\"it-IT\",\"potentialAction\":[{\"@type\":\"ReadAction\",\"target\":[\"https:\/\/v2charge.com\/store\/it\/prodotto\/trydan\/\"]}]},{\"@type\":\"ImageObject\",\"inLanguage\":\"it-IT\",\"@id\":\"https:\/\/v2charge.com\/store\/it\/prodotto\/trydan\/#primaryimage\",\"url\":\"https:\/\/v2charge.com\/store\/wp-content\/uploads\/2019\/07\/trydan-echarger.jpg\",\"contentUrl\":\"https:\/\/v2charge.com\/store\/wp-content\/uploads\/2019\/07\/trydan-echarger.jpg\",\"width\":600,\"height\":600,\"caption\":\"Trydan v2c\"},{\"@type\":\"BreadcrumbList\",\"@id\":\"https:\/\/v2charge.com\/store\/it\/prodotto\/trydan\/#breadcrumb\",\"itemListElement\":[{\"@type\":\"ListItem\",\"position\":1,\"name\":\"Portada\",\"item\":\"https:\/\/v2charge.com\/store\/\"},{\"@type\":\"ListItem\",\"position\":2,\"name\":\"Negozio\",\"item\":\"https:\/\/v2charge.com\/store\/it\/negozio\/\"},{\"@type\":\"ListItem\",\"position\":3,\"name\":\"Trydan\"}]},{\"@type\":\"WebSite\",\"@id\":\"https:\/\/v2charge.com\/store\/#website\",\"url\":\"https:\/\/v2charge.com\/store\/\",\"name\":\"V2C Store\",\"description\":\"V2C Store\",\"publisher\":{\"@id\":\"https:\/\/v2charge.com\/store\/#organization\"},\"potentialAction\":[{\"@type\":\"SearchAction\",\"target\":{\"@type\":\"EntryPoint\",\"urlTemplate\":\"https:\/\/v2charge.com\/store\/?s={search_term_string}\"},\"query-input\":{\"@type\":\"PropertyValueSpecification\",\"valueRequired\":true,\"valueName\":\"search_term_string\"}}],\"inLanguage\":\"it-IT\"},{\"@type\":\"Organization\",\"@id\":\"https:\/\/v2charge.com\/store\/#organization\",\"name\":\"V2C Store\",\"url\":\"https:\/\/v2charge.com\/store\/\",\"logo\":{\"@type\":\"ImageObject\",\"inLanguage\":\"it-IT\",\"@id\":\"https:\/\/v2charge.com\/store\/#\/schema\/logo\/image\/\",\"url\":\"https:\/\/v2charge.com\/store\/wp-content\/uploads\/2022\/08\/cropped-cropped-logotipo-v2c-store-1.png\",\"contentUrl\":\"https:\/\/v2charge.com\/store\/wp-content\/uploads\/2022\/08\/cropped-cropped-logotipo-v2c-store-1.png\",\"width\":250,\"height\":65,\"caption\":\"V2C Store\"},\"image\":{\"@id\":\"https:\/\/v2charge.com\/store\/#\/schema\/logo\/image\/\"}}]}<\/script>\n<!-- \/ Yoast SEO plugin. -->","yoast_head_json":{"title":"Acquista online il caricatore Trydan | V2C","description":"Acquista online il caricatore per veicoli elettrici TRYDAN | Il caricatore pi\u00f9 innovativo e intelligente | Spedizione gratuita","robots":{"index":"index","follow":"follow","max-snippet":"max-snippet:-1","max-image-preview":"max-image-preview:large","max-video-preview":"max-video-preview:-1"},"canonical":"https:\/\/v2charge.com\/store\/it\/prodotto\/trydan\/","og_locale":"it_IT","og_type":"article","og_title":"Acquista online il caricatore Trydan | V2C","og_description":"Acquista online il caricatore per veicoli elettrici TRYDAN | Il caricatore pi\u00f9 innovativo e intelligente | Spedizione gratuita","og_url":"https:\/\/v2charge.com\/store\/it\/prodotto\/trydan\/","og_site_name":"V2C Store","article_modified_time":"2025-08-12T12:02:52+00:00","og_image":[{"width":600,"height":600,"url":"https:\/\/v2charge.com\/store\/wp-content\/uploads\/2019\/07\/trydan-echarger.jpg","type":"image\/jpeg"}],"twitter_card":"summary_large_image","twitter_misc":{"Tempo di lettura stimato":"3 minuti"},"schema":{"@context":"https:\/\/schema.org","@graph":[{"@type":"WebPage","@id":"https:\/\/v2charge.com\/store\/it\/prodotto\/trydan\/","url":"https:\/\/v2charge.com\/store\/it\/prodotto\/trydan\/","name":"Acquista online il caricatore Trydan | V2C","isPartOf":{"@id":"https:\/\/v2charge.com\/store\/#website"},"primaryImageOfPage":{"@id":"https:\/\/v2charge.com\/store\/it\/prodotto\/trydan\/#primaryimage"},"image":{"@id":"https:\/\/v2charge.com\/store\/it\/prodotto\/trydan\/#primaryimage"},"thumbnailUrl":"https:\/\/v2charge.com\/store\/wp-content\/uploads\/2019\/07\/trydan-echarger.jpg","datePublished":"2019-07-03T11:00:28+00:00","dateModified":"2025-08-12T12:02:52+00:00","description":"Acquista online il caricatore per veicoli elettrici TRYDAN | Il caricatore pi\u00f9 innovativo e intelligente | Spedizione gratuita","breadcrumb":{"@id":"https:\/\/v2charge.com\/store\/it\/prodotto\/trydan\/#breadcrumb"},"inLanguage":"it-IT","potentialAction":[{"@type":"ReadAction","target":["https:\/\/v2charge.com\/store\/it\/prodotto\/trydan\/"]}]},{"@type":"ImageObject","inLanguage":"it-IT","@id":"https:\/\/v2charge.com\/store\/it\/prodotto\/trydan\/#primaryimage","url":"https:\/\/v2charge.com\/store\/wp-content\/uploads\/2019\/07\/trydan-echarger.jpg","contentUrl":"https:\/\/v2charge.com\/store\/wp-content\/uploads\/2019\/07\/trydan-echarger.jpg","width":600,"height":600,"caption":"Trydan v2c"},{"@type":"BreadcrumbList","@id":"https:\/\/v2charge.com\/store\/it\/prodotto\/trydan\/#breadcrumb","itemListElement":[{"@type":"ListItem","position":1,"name":"Portada","item":"https:\/\/v2charge.com\/store\/"},{"@type":"ListItem","position":2,"name":"Negozio","item":"https:\/\/v2charge.com\/store\/it\/negozio\/"},{"@type":"ListItem","position":3,"name":"Trydan"}]},{"@type":"WebSite","@id":"https:\/\/v2charge.com\/store\/#website","url":"https:\/\/v2charge.com\/store\/","name":"V2C Store","description":"V2C Store","publisher":{"@id":"https:\/\/v2charge.com\/store\/#organization"},"potentialAction":[{"@type":"SearchAction","target":{"@type":"EntryPoint","urlTemplate":"https:\/\/v2charge.com\/store\/?s={search_term_string}"},"query-input":{"@type":"PropertyValueSpecification","valueRequired":true,"valueName":"search_term_string"}}],"inLanguage":"it-IT"},{"@type":"Organization","@id":"https:\/\/v2charge.com\/store\/#organization","name":"V2C Store","url":"https:\/\/v2charge.com\/store\/","logo":{"@type":"ImageObject","inLanguage":"it-IT","@id":"https:\/\/v2charge.com\/store\/#\/schema\/logo\/image\/","url":"https:\/\/v2charge.com\/store\/wp-content\/uploads\/2022\/08\/cropped-cropped-logotipo-v2c-store-1.png","contentUrl":"https:\/\/v2charge.com\/store\/wp-content\/uploads\/2022\/08\/cropped-cropped-logotipo-v2c-store-1.png","width":250,"height":65,"caption":"V2C Store"},"image":{"@id":"https:\/\/v2charge.com\/store\/#\/schema\/logo\/image\/"}}]}},"_links":{"self":[{"href":"https:\/\/v2charge.com\/store\/it\/wp-json\/wp\/v2\/product\/9829","targetHints":{"allow":["GET"]}}],"collection":[{"href":"https:\/\/v2charge.com\/store\/it\/wp-json\/wp\/v2\/product"}],"about":[{"href":"https:\/\/v2charge.com\/store\/it\/wp-json\/wp\/v2\/types\/product"}],"wp:featuredmedia":[{"embeddable":true,"href":"https:\/\/v2charge.com\/store\/it\/wp-json\/wp\/v2\/media\/9153"}],"wp:attachment":[{"href":"https:\/\/v2charge.com\/store\/it\/wp-json\/wp\/v2\/media?parent=9829"}],"wp:term":[{"taxonomy":"product_brand","embeddable":true,"href":"https:\/\/v2charge.com\/store\/it\/wp-json\/wp\/v2\/product_brand?post=9829"},{"taxonomy":"product_cat","embeddable":true,"href":"https:\/\/v2charge.com\/store\/it\/wp-json\/wp\/v2\/product_cat?post=9829"},{"taxonomy":"product_tag","embeddable":true,"href":"https:\/\/v2charge.com\/store\/it\/wp-json\/wp\/v2\/product_tag?post=9829"}],"curies":[{"name":"wp","href":"https:\/\/api.w.org\/{rel}","templated":true}]}}