{"id":9847,"date":"2019-07-03T10:52:32","date_gmt":"2019-07-03T10:52:32","guid":{"rendered":"https:\/\/v2charge.com\/store\/product\/screen\/"},"modified":"2023-07-28T08:38:20","modified_gmt":"2023-07-28T08:38:20","slug":"screen","status":"publish","type":"product","link":"https:\/\/v2charge.com\/store\/it\/prodotto\/screen\/","title":{"rendered":"Screen"},"content":{"rendered":"<p class=\"p1\"><span class=\"s1\">Sicurezza, design e connettivit\u00e0. <b>Screen<\/b> \u00e8 stato progettato con <b>materiali resistenti<\/b> per caricare contemporaneamente due auto elettriche e <b>commercializzare pubblicit\u00e0 sul suo schermo da 43 pollici<\/b>. \u00c8 l&#8217;opzione migliore per strade pubbliche, istituzioni pubbliche e private e stazioni di servizio. Incorpora la tecnologia pi\u00f9 recente e l&#8217;integrazione con il <b>protocollo di comunicazione OCPP&amp;XML<\/b> per l&#8217;inclusione nelle piattaforme di gestione.<\/span><\/p>\n<p class=\"p1\"><span class=\"s1\">Gestisce l&#8217;archiviazione della pubblicit\u00e0 nel cloud, il download della grafica e le statistiche di consumo per ogni utente. <b>Screen<\/b> \u00e8 compatibile con tutti i modelli di auto elettriche e ibride plug-in di <b>Tipo 2<\/b>.<\/span><\/p>\n<p><img fetchpriority=\"high\" decoding=\"async\" class=\"wp-image-8619 size-full aligncenter\" src=\"https:\/\/v2charge.com\/store\/wp-content\/uploads\/2019\/07\/screen-v2c-store.jpg\" alt=\"Screen de V2C\" width=\"1005\" height=\"415\" srcset=\"https:\/\/v2charge.com\/store\/wp-content\/uploads\/2019\/07\/screen-v2c-store.jpg 1005w, https:\/\/v2charge.com\/store\/wp-content\/uploads\/2019\/07\/screen-v2c-store-300x124.jpg 300w, https:\/\/v2charge.com\/store\/wp-content\/uploads\/2019\/07\/screen-v2c-store-768x317.jpg 768w, https:\/\/v2charge.com\/store\/wp-content\/uploads\/2019\/07\/screen-v2c-store-812x335.jpg 812w\" sizes=\"(max-width: 1005px) 100vw, 1005px\" \/><\/p>\n<h2>Caratteristiche generali<\/h2>\n<ul>\n<li>Colore: nero<\/li>\n<li>Materiale: acciaio antivandalo e antigraffiti<\/li>\n<li>Peso: 135 kg<\/li>\n<li>Display: 43&#8243; &#8211; 2.000 lumen &#8211; Contrasto 3.000 2.1<\/li>\n<li>Lettore RFID ISO\/IEC 14443 A\/MIFARE<\/li>\n<li>Contatore MID<\/li>\n<li>Blocco del connetto<\/li>\n<li>Controllo della temperatura del ventilatore<\/li>\n<li>Temperatura di esercizio: da -10\u00ba a 45\u00ba<\/li>\n<li>Temperatura di conservazione: da -40\u00ba a 50\u00ba<\/li>\n<\/ul>\n<h2>Caratteristiche elettriche<\/h2>\n<ul>\n<li>Tipo di connettore: Presa<\/li>\n<li>Tipo di rete: 230V \/ 400V<\/li>\n<li>Corrente di carica massima: 32A (per fase)<\/li>\n<li>Potenza massima di ricarica: 7,4kW o 22kW a seconda del modello<\/li>\n<li>Corrente configurabile: da 6 a 32 Ampere<\/li>\n<li>Frequenza nominale: 50Hz \/ 60Hz<\/li>\n<li>Grado di protezione: IP54 \/ IK10<\/li>\n<li>Rilevamento della corrente residua: AC 30mA \/ DC 6mA a seconda del modello<\/li>\n<\/ul>\n<h2>Caratteristiche funzionali<\/h2>\n<ul>\n<li>Piattaforma utente: Applicazione e portale V2C Cloud \/ OTA (aggiornamenti automatici)<\/li>\n<li>Connettivit\u00e0: Ethernet \/ WiFi \/ Bluetooth<\/li>\n<li>Comunicazione: OCPP&amp;XML \/ Rest API Cloud \/ OTA<\/li>\n<li>Piattaforma pubblicitaria 24H<\/li>\n<li>Identificazione dei dati e statistiche pubblicitarie<\/li>\n<\/ul>\n","protected":false},"excerpt":{"rendered":"<p class=\"p1\"><span class=\"s1\">Screen, un e-Charger unico nel suo genere che unisce <b>la ricarica dei veicoli elettrici<\/b> al <b>marketing pubblicitario<\/b>. Realizzato in acciaio ad alta resistenza, Screen \u00e8 la soluzione migliore per la ricarica all&#8217;aperto.<\/span><\/p>\n","protected":false},"featured_media":9033,"template":"","meta":{"content-type":"","inline_featured_image":false},"product_brand":[],"product_cat":[124],"product_tag":[],"class_list":{"0":"post-9847","1":"product","2":"type-product","3":"status-publish","4":"has-post-thumbnail","6":"product_cat-e-chargers-it","8":"first","9":"instock","10":"taxable","11":"shipping-taxable","12":"purchasable","13":"product-type-variable"},"yoast_head":"<!-- This site is optimized with the Yoast SEO plugin v27.0 - https:\/\/yoast.com\/product\/yoast-seo-wordpress\/ -->\n<title>Acquista online Screen - Caricabatterie V2C | V2C Store<\/title>\n<meta name=\"description\" content=\"Acquista online l&#039;unico caricabatterie per auto elettriche con pubblicit\u00e0 integrata SCREEN | Connettivit\u00e0 e funzionalit\u00e0 esclusive\" \/>\n<meta name=\"robots\" content=\"index, follow, max-snippet:-1, max-image-preview:large, max-video-preview:-1\" \/>\n<link rel=\"canonical\" href=\"https:\/\/v2charge.com\/store\/it\/prodotto\/screen\/\" \/>\n<meta property=\"og:locale\" content=\"it_IT\" \/>\n<meta property=\"og:type\" content=\"article\" \/>\n<meta property=\"og:title\" content=\"Acquista online Screen - Caricabatterie V2C | V2C Store\" \/>\n<meta property=\"og:description\" content=\"Acquista online l&#039;unico caricabatterie per auto elettriche con pubblicit\u00e0 integrata SCREEN | Connettivit\u00e0 e funzionalit\u00e0 esclusive\" \/>\n<meta property=\"og:url\" content=\"https:\/\/v2charge.com\/store\/it\/prodotto\/screen\/\" \/>\n<meta property=\"og:site_name\" content=\"V2C Store\" \/>\n<meta property=\"article:modified_time\" content=\"2023-07-28T08:38:20+00:00\" \/>\n<meta property=\"og:image\" content=\"https:\/\/v2charge.com\/store\/wp-content\/uploads\/2019\/07\/Screen.jpg\" \/>\n\t<meta property=\"og:image:width\" content=\"600\" \/>\n\t<meta property=\"og:image:height\" content=\"600\" \/>\n\t<meta property=\"og:image:type\" content=\"image\/jpeg\" \/>\n<meta name=\"twitter:card\" content=\"summary_large_image\" \/>\n<meta name=\"twitter:label1\" content=\"Tempo di lettura stimato\" \/>\n\t<meta name=\"twitter:data1\" content=\"2 minuti\" \/>\n<script type=\"application\/ld+json\" class=\"yoast-schema-graph\">{\"@context\":\"https:\/\/schema.org\",\"@graph\":[{\"@type\":\"WebPage\",\"@id\":\"https:\/\/v2charge.com\/store\/it\/prodotto\/screen\/\",\"url\":\"https:\/\/v2charge.com\/store\/it\/prodotto\/screen\/\",\"name\":\"Acquista online Screen - Caricabatterie V2C | V2C Store\",\"isPartOf\":{\"@id\":\"https:\/\/v2charge.com\/store\/#website\"},\"primaryImageOfPage\":{\"@id\":\"https:\/\/v2charge.com\/store\/it\/prodotto\/screen\/#primaryimage\"},\"image\":{\"@id\":\"https:\/\/v2charge.com\/store\/it\/prodotto\/screen\/#primaryimage\"},\"thumbnailUrl\":\"https:\/\/v2charge.com\/store\/wp-content\/uploads\/2019\/07\/Screen.jpg\",\"datePublished\":\"2019-07-03T10:52:32+00:00\",\"dateModified\":\"2023-07-28T08:38:20+00:00\",\"description\":\"Acquista online l'unico caricabatterie per auto elettriche con pubblicit\u00e0 integrata SCREEN | Connettivit\u00e0 e funzionalit\u00e0 esclusive\",\"breadcrumb\":{\"@id\":\"https:\/\/v2charge.com\/store\/it\/prodotto\/screen\/#breadcrumb\"},\"inLanguage\":\"it-IT\",\"potentialAction\":[{\"@type\":\"ReadAction\",\"target\":[\"https:\/\/v2charge.com\/store\/it\/prodotto\/screen\/\"]}]},{\"@type\":\"ImageObject\",\"inLanguage\":\"it-IT\",\"@id\":\"https:\/\/v2charge.com\/store\/it\/prodotto\/screen\/#primaryimage\",\"url\":\"https:\/\/v2charge.com\/store\/wp-content\/uploads\/2019\/07\/Screen.jpg\",\"contentUrl\":\"https:\/\/v2charge.com\/store\/wp-content\/uploads\/2019\/07\/Screen.jpg\",\"width\":600,\"height\":600,\"caption\":\"cargador el\u00e9ctrico con pantalla publicitaria\"},{\"@type\":\"BreadcrumbList\",\"@id\":\"https:\/\/v2charge.com\/store\/it\/prodotto\/screen\/#breadcrumb\",\"itemListElement\":[{\"@type\":\"ListItem\",\"position\":1,\"name\":\"Portada\",\"item\":\"https:\/\/v2charge.com\/store\/\"},{\"@type\":\"ListItem\",\"position\":2,\"name\":\"Negozio\",\"item\":\"https:\/\/v2charge.com\/store\/it\/negozio\/\"},{\"@type\":\"ListItem\",\"position\":3,\"name\":\"Screen\"}]},{\"@type\":\"WebSite\",\"@id\":\"https:\/\/v2charge.com\/store\/#website\",\"url\":\"https:\/\/v2charge.com\/store\/\",\"name\":\"V2C Store\",\"description\":\"V2C Store\",\"publisher\":{\"@id\":\"https:\/\/v2charge.com\/store\/#organization\"},\"potentialAction\":[{\"@type\":\"SearchAction\",\"target\":{\"@type\":\"EntryPoint\",\"urlTemplate\":\"https:\/\/v2charge.com\/store\/?s={search_term_string}\"},\"query-input\":{\"@type\":\"PropertyValueSpecification\",\"valueRequired\":true,\"valueName\":\"search_term_string\"}}],\"inLanguage\":\"it-IT\"},{\"@type\":\"Organization\",\"@id\":\"https:\/\/v2charge.com\/store\/#organization\",\"name\":\"V2C Store\",\"url\":\"https:\/\/v2charge.com\/store\/\",\"logo\":{\"@type\":\"ImageObject\",\"inLanguage\":\"it-IT\",\"@id\":\"https:\/\/v2charge.com\/store\/#\/schema\/logo\/image\/\",\"url\":\"https:\/\/v2charge.com\/store\/wp-content\/uploads\/2022\/08\/cropped-cropped-logotipo-v2c-store-1.png\",\"contentUrl\":\"https:\/\/v2charge.com\/store\/wp-content\/uploads\/2022\/08\/cropped-cropped-logotipo-v2c-store-1.png\",\"width\":250,\"height\":65,\"caption\":\"V2C Store\"},\"image\":{\"@id\":\"https:\/\/v2charge.com\/store\/#\/schema\/logo\/image\/\"}}]}<\/script>\n<!-- \/ Yoast SEO plugin. -->","yoast_head_json":{"title":"Acquista online Screen - Caricabatterie V2C | V2C Store","description":"Acquista online l'unico caricabatterie per auto elettriche con pubblicit\u00e0 integrata SCREEN | Connettivit\u00e0 e funzionalit\u00e0 esclusive","robots":{"index":"index","follow":"follow","max-snippet":"max-snippet:-1","max-image-preview":"max-image-preview:large","max-video-preview":"max-video-preview:-1"},"canonical":"https:\/\/v2charge.com\/store\/it\/prodotto\/screen\/","og_locale":"it_IT","og_type":"article","og_title":"Acquista online Screen - Caricabatterie V2C | V2C Store","og_description":"Acquista online l'unico caricabatterie per auto elettriche con pubblicit\u00e0 integrata SCREEN | Connettivit\u00e0 e funzionalit\u00e0 esclusive","og_url":"https:\/\/v2charge.com\/store\/it\/prodotto\/screen\/","og_site_name":"V2C Store","article_modified_time":"2023-07-28T08:38:20+00:00","og_image":[{"width":600,"height":600,"url":"https:\/\/v2charge.com\/store\/wp-content\/uploads\/2019\/07\/Screen.jpg","type":"image\/jpeg"}],"twitter_card":"summary_large_image","twitter_misc":{"Tempo di lettura stimato":"2 minuti"},"schema":{"@context":"https:\/\/schema.org","@graph":[{"@type":"WebPage","@id":"https:\/\/v2charge.com\/store\/it\/prodotto\/screen\/","url":"https:\/\/v2charge.com\/store\/it\/prodotto\/screen\/","name":"Acquista online Screen - Caricabatterie V2C | V2C Store","isPartOf":{"@id":"https:\/\/v2charge.com\/store\/#website"},"primaryImageOfPage":{"@id":"https:\/\/v2charge.com\/store\/it\/prodotto\/screen\/#primaryimage"},"image":{"@id":"https:\/\/v2charge.com\/store\/it\/prodotto\/screen\/#primaryimage"},"thumbnailUrl":"https:\/\/v2charge.com\/store\/wp-content\/uploads\/2019\/07\/Screen.jpg","datePublished":"2019-07-03T10:52:32+00:00","dateModified":"2023-07-28T08:38:20+00:00","description":"Acquista online l'unico caricabatterie per auto elettriche con pubblicit\u00e0 integrata SCREEN | Connettivit\u00e0 e funzionalit\u00e0 esclusive","breadcrumb":{"@id":"https:\/\/v2charge.com\/store\/it\/prodotto\/screen\/#breadcrumb"},"inLanguage":"it-IT","potentialAction":[{"@type":"ReadAction","target":["https:\/\/v2charge.com\/store\/it\/prodotto\/screen\/"]}]},{"@type":"ImageObject","inLanguage":"it-IT","@id":"https:\/\/v2charge.com\/store\/it\/prodotto\/screen\/#primaryimage","url":"https:\/\/v2charge.com\/store\/wp-content\/uploads\/2019\/07\/Screen.jpg","contentUrl":"https:\/\/v2charge.com\/store\/wp-content\/uploads\/2019\/07\/Screen.jpg","width":600,"height":600,"caption":"cargador el\u00e9ctrico con pantalla publicitaria"},{"@type":"BreadcrumbList","@id":"https:\/\/v2charge.com\/store\/it\/prodotto\/screen\/#breadcrumb","itemListElement":[{"@type":"ListItem","position":1,"name":"Portada","item":"https:\/\/v2charge.com\/store\/"},{"@type":"ListItem","position":2,"name":"Negozio","item":"https:\/\/v2charge.com\/store\/it\/negozio\/"},{"@type":"ListItem","position":3,"name":"Screen"}]},{"@type":"WebSite","@id":"https:\/\/v2charge.com\/store\/#website","url":"https:\/\/v2charge.com\/store\/","name":"V2C Store","description":"V2C Store","publisher":{"@id":"https:\/\/v2charge.com\/store\/#organization"},"potentialAction":[{"@type":"SearchAction","target":{"@type":"EntryPoint","urlTemplate":"https:\/\/v2charge.com\/store\/?s={search_term_string}"},"query-input":{"@type":"PropertyValueSpecification","valueRequired":true,"valueName":"search_term_string"}}],"inLanguage":"it-IT"},{"@type":"Organization","@id":"https:\/\/v2charge.com\/store\/#organization","name":"V2C Store","url":"https:\/\/v2charge.com\/store\/","logo":{"@type":"ImageObject","inLanguage":"it-IT","@id":"https:\/\/v2charge.com\/store\/#\/schema\/logo\/image\/","url":"https:\/\/v2charge.com\/store\/wp-content\/uploads\/2022\/08\/cropped-cropped-logotipo-v2c-store-1.png","contentUrl":"https:\/\/v2charge.com\/store\/wp-content\/uploads\/2022\/08\/cropped-cropped-logotipo-v2c-store-1.png","width":250,"height":65,"caption":"V2C Store"},"image":{"@id":"https:\/\/v2charge.com\/store\/#\/schema\/logo\/image\/"}}]}},"_links":{"self":[{"href":"https:\/\/v2charge.com\/store\/it\/wp-json\/wp\/v2\/product\/9847","targetHints":{"allow":["GET"]}}],"collection":[{"href":"https:\/\/v2charge.com\/store\/it\/wp-json\/wp\/v2\/product"}],"about":[{"href":"https:\/\/v2charge.com\/store\/it\/wp-json\/wp\/v2\/types\/product"}],"wp:featuredmedia":[{"embeddable":true,"href":"https:\/\/v2charge.com\/store\/it\/wp-json\/wp\/v2\/media\/9033"}],"wp:attachment":[{"href":"https:\/\/v2charge.com\/store\/it\/wp-json\/wp\/v2\/media?parent=9847"}],"wp:term":[{"taxonomy":"product_brand","embeddable":true,"href":"https:\/\/v2charge.com\/store\/it\/wp-json\/wp\/v2\/product_brand?post=9847"},{"taxonomy":"product_cat","embeddable":true,"href":"https:\/\/v2charge.com\/store\/it\/wp-json\/wp\/v2\/product_cat?post=9847"},{"taxonomy":"product_tag","embeddable":true,"href":"https:\/\/v2charge.com\/store\/it\/wp-json\/wp\/v2\/product_tag?post=9847"}],"curies":[{"name":"wp","href":"https:\/\/api.w.org\/{rel}","templated":true}]}}