{"id":9879,"date":"2019-07-03T10:57:27","date_gmt":"2019-07-03T10:57:27","guid":{"rendered":"https:\/\/v2charge.com\/store\/product\/pole\/"},"modified":"2023-08-01T07:50:10","modified_gmt":"2023-08-01T07:50:10","slug":"pole","status":"publish","type":"product","link":"https:\/\/v2charge.com\/store\/it\/prodotto\/pole\/","title":{"rendered":"Pole Pro"},"content":{"rendered":"<p class=\"p1\"><span class=\"s1\">Realizzato in acciaio ad alta resistenza con verniciatura antigraffiti, <b>Pole Pro<\/b>\u00a0\u00e8 il punto di ricarica ideale per le strade pubbliche e i parcheggi aziendali. Si distingue per l&#8217;efficienza e la versatilit\u00e0: \u00e8 disponibile in versione a pavimento o a parete e pu\u00f2 essere dotato di una o due prese e di uno o due tubi a spirale.<\/span><\/p>\n<p><img fetchpriority=\"high\" decoding=\"async\" class=\"wp-image-8951 size-full aligncenter\" src=\"https:\/\/v2charge.com\/store\/wp-content\/uploads\/2019\/07\/pole-pro-version-pared.jpg\" alt=\"Pole Pro versi\u00f3n pared instalado en empresa\" width=\"1005\" height=\"480\" srcset=\"https:\/\/v2charge.com\/store\/wp-content\/uploads\/2019\/07\/pole-pro-version-pared.jpg 1005w, https:\/\/v2charge.com\/store\/wp-content\/uploads\/2019\/07\/pole-pro-version-pared-300x143.jpg 300w, https:\/\/v2charge.com\/store\/wp-content\/uploads\/2019\/07\/pole-pro-version-pared-768x367.jpg 768w, https:\/\/v2charge.com\/store\/wp-content\/uploads\/2019\/07\/pole-pro-version-pared-812x388.jpg 812w\" sizes=\"(max-width: 1005px) 100vw, 1005px\" \/><\/p>\n<h2>Caratteristiche generali<\/h2>\n<ul>\n<li class=\"li1\"><span class=\"s2\">Colore: nero<\/span><\/li>\n<li class=\"li1\"><span class=\"s2\">Materiale: acciaio antivandalo<\/span><\/li>\n<li class=\"li1\"><span class=\"s2\">Peso: 55 kg<\/span><\/li>\n<li class=\"li1\"><span class=\"s2\">Display sui modelli con V2C Cloud: 8&#8243; &#8211; 2.000 lumen<\/span><\/li>\n<li class=\"li1\"><span class=\"s2\">Modalit\u00e0 3 Controllo PWM secondo ISO\/IEC 61851-1<\/span><\/li>\n<li class=\"li1\"><span class=\"s2\">Lettore RFID in modelli con V2C Cloud ISO\/IEC 14443 A\/MIFARE<\/span><\/li>\n<li class=\"li1\"><span class=\"s2\">Contatore MID su modelli con V2C Cloud<\/span><\/li>\n<li class=\"li1\"><span class=\"s2\">Protezioni elettriche per presa: differenziale di tipo A e interruttore automatico da 40 A<\/span><\/li>\n<li class=\"li1\"><span class=\"s2\">Temperatura di esercizio: da -5\u00ba a 45\u00ba<\/span><\/li>\n<li class=\"li1\"><span class=\"s2\">Temperatura di conservazione: da -40\u00ba a 70\u00ba<\/span><\/li>\n<\/ul>\n<h2>Caratteristiche elettriche<\/h2>\n<ul>\n<li class=\"li1\"><span class=\"s2\">Tipo di connettore: Presa \/ Tipo 2<\/span><\/li>\n<li class=\"li1\"><span class=\"s2\">Tipo di rete: 230V \/ 400V<\/span><\/li>\n<li class=\"li1\"><span class=\"s2\">Corrente di carica massima: 32A (per fase)<\/span><\/li>\n<li class=\"li1\"><span class=\"s2\">Potenza massima di ricarica: 7,3kW o 22kW (per presa)<\/span><\/li>\n<li class=\"li1\"><span class=\"s2\">Corrente configurabile: da 6 a 32 Ampere<\/span><\/li>\n<li class=\"li1\"><span class=\"s2\">Frequenza nominale: 50Hz \/ 60Hz<\/span><\/li>\n<li class=\"li1\"><span class=\"s2\">Grado di protezione: IP54 \/ IK10<\/span><\/li>\n<li class=\"li1\"><span class=\"s2\">Rilevamento della corrente residua: AC 30mA \/ DC 6mA (opzionale)<\/span><\/li>\n<\/ul>\n<h2>Caratteristiche funzionali<\/h2>\n<ul>\n<li class=\"li1\"><span class=\"s2\">Piattaforma utente: applicazione e portale V2C Cloud (sui modelli dotati di connettivit\u00e0)<\/span><\/li>\n<li class=\"li1\"><span class=\"s2\">Connettivit\u00e0: Ethernet \/ WiFi \/ Bluetooth (sui modelli dotati di connettivit\u00e0)<\/span><\/li>\n<li class=\"li1\"><span class=\"s2\">Comunicazione: OCPP \/ Rest API Cloud \/ OTA (sui modelli con connettivit\u00e0)<\/span><\/li>\n<\/ul>\n<p>&nbsp;<\/p>\n<p>&nbsp;<\/p>\n","protected":false},"excerpt":{"rendered":"<p class=\"p1\"><span class=\"s1\">Straordinaria combinazione di <b>eleganza <\/b>e<b> robustezza<\/b>. POLE ha un design resistente agli atti vandalici, ideale per ricaricare due veicoli contemporaneamente in modo sicuro ed efficiente all&#8217;aperto. Visualizza tutte le informazioni di carico in tempo reale grazie al display integrato. Disponibile nella versione a pavimento o a parete.<\/span><\/p>\n","protected":false},"featured_media":12015,"template":"","meta":{"content-type":"","inline_featured_image":false},"product_brand":[],"product_cat":[124],"product_tag":[],"class_list":{"0":"post-9879","1":"product","2":"type-product","3":"status-publish","4":"has-post-thumbnail","6":"product_cat-e-chargers-it","8":"first","9":"instock","10":"taxable","11":"shipping-taxable","12":"purchasable","13":"product-type-variable"},"yoast_head":"<!-- This site is optimized with the Yoast SEO plugin v27.0 - https:\/\/yoast.com\/product\/yoast-seo-wordpress\/ -->\n<title>Acquista online e-Charger Pole Pro | V2C Store<\/title>\n<meta name=\"description\" content=\"Acquista online Pole Pro, il caricabatterie V2C per strade pubbliche e aziende | Realizzato in acciaio antivandalo | V2C Store\" \/>\n<meta name=\"robots\" content=\"index, follow, max-snippet:-1, max-image-preview:large, max-video-preview:-1\" \/>\n<link rel=\"canonical\" href=\"https:\/\/v2charge.com\/store\/it\/prodotto\/pole\/\" \/>\n<meta property=\"og:locale\" content=\"it_IT\" \/>\n<meta property=\"og:type\" content=\"article\" \/>\n<meta property=\"og:title\" content=\"Acquista online e-Charger Pole Pro | V2C Store\" \/>\n<meta property=\"og:description\" content=\"Acquista online Pole Pro, il caricabatterie V2C per strade pubbliche e aziende | Realizzato in acciaio antivandalo | V2C Store\" \/>\n<meta property=\"og:url\" content=\"https:\/\/v2charge.com\/store\/it\/prodotto\/pole\/\" \/>\n<meta property=\"og:site_name\" content=\"V2C Store\" \/>\n<meta property=\"article:modified_time\" content=\"2023-08-01T07:50:10+00:00\" \/>\n<meta property=\"og:image\" content=\"https:\/\/v2charge.com\/store\/wp-content\/uploads\/2019\/07\/pole-pro-tpv.jpg\" \/>\n\t<meta property=\"og:image:width\" content=\"600\" \/>\n\t<meta property=\"og:image:height\" content=\"600\" \/>\n\t<meta property=\"og:image:type\" content=\"image\/jpeg\" \/>\n<meta name=\"twitter:card\" content=\"summary_large_image\" \/>\n<meta name=\"twitter:label1\" content=\"Tempo di lettura stimato\" \/>\n\t<meta name=\"twitter:data1\" content=\"2 minuti\" \/>\n<script type=\"application\/ld+json\" class=\"yoast-schema-graph\">{\"@context\":\"https:\/\/schema.org\",\"@graph\":[{\"@type\":\"WebPage\",\"@id\":\"https:\/\/v2charge.com\/store\/it\/prodotto\/pole\/\",\"url\":\"https:\/\/v2charge.com\/store\/it\/prodotto\/pole\/\",\"name\":\"Acquista online e-Charger Pole Pro | V2C Store\",\"isPartOf\":{\"@id\":\"https:\/\/v2charge.com\/store\/#website\"},\"primaryImageOfPage\":{\"@id\":\"https:\/\/v2charge.com\/store\/it\/prodotto\/pole\/#primaryimage\"},\"image\":{\"@id\":\"https:\/\/v2charge.com\/store\/it\/prodotto\/pole\/#primaryimage\"},\"thumbnailUrl\":\"https:\/\/v2charge.com\/store\/wp-content\/uploads\/2019\/07\/pole-pro-tpv.jpg\",\"datePublished\":\"2019-07-03T10:57:27+00:00\",\"dateModified\":\"2023-08-01T07:50:10+00:00\",\"description\":\"Acquista online Pole Pro, il caricabatterie V2C per strade pubbliche e aziende | Realizzato in acciaio antivandalo | V2C Store\",\"breadcrumb\":{\"@id\":\"https:\/\/v2charge.com\/store\/it\/prodotto\/pole\/#breadcrumb\"},\"inLanguage\":\"it-IT\",\"potentialAction\":[{\"@type\":\"ReadAction\",\"target\":[\"https:\/\/v2charge.com\/store\/it\/prodotto\/pole\/\"]}]},{\"@type\":\"ImageObject\",\"inLanguage\":\"it-IT\",\"@id\":\"https:\/\/v2charge.com\/store\/it\/prodotto\/pole\/#primaryimage\",\"url\":\"https:\/\/v2charge.com\/store\/wp-content\/uploads\/2019\/07\/pole-pro-tpv.jpg\",\"contentUrl\":\"https:\/\/v2charge.com\/store\/wp-content\/uploads\/2019\/07\/pole-pro-tpv.jpg\",\"width\":600,\"height\":600,\"caption\":\"Pole Pro TPV\"},{\"@type\":\"BreadcrumbList\",\"@id\":\"https:\/\/v2charge.com\/store\/it\/prodotto\/pole\/#breadcrumb\",\"itemListElement\":[{\"@type\":\"ListItem\",\"position\":1,\"name\":\"Portada\",\"item\":\"https:\/\/v2charge.com\/store\/\"},{\"@type\":\"ListItem\",\"position\":2,\"name\":\"Negozio\",\"item\":\"https:\/\/v2charge.com\/store\/it\/negozio\/\"},{\"@type\":\"ListItem\",\"position\":3,\"name\":\"Pole Pro\"}]},{\"@type\":\"WebSite\",\"@id\":\"https:\/\/v2charge.com\/store\/#website\",\"url\":\"https:\/\/v2charge.com\/store\/\",\"name\":\"V2C Store\",\"description\":\"V2C Store\",\"publisher\":{\"@id\":\"https:\/\/v2charge.com\/store\/#organization\"},\"potentialAction\":[{\"@type\":\"SearchAction\",\"target\":{\"@type\":\"EntryPoint\",\"urlTemplate\":\"https:\/\/v2charge.com\/store\/?s={search_term_string}\"},\"query-input\":{\"@type\":\"PropertyValueSpecification\",\"valueRequired\":true,\"valueName\":\"search_term_string\"}}],\"inLanguage\":\"it-IT\"},{\"@type\":\"Organization\",\"@id\":\"https:\/\/v2charge.com\/store\/#organization\",\"name\":\"V2C Store\",\"url\":\"https:\/\/v2charge.com\/store\/\",\"logo\":{\"@type\":\"ImageObject\",\"inLanguage\":\"it-IT\",\"@id\":\"https:\/\/v2charge.com\/store\/#\/schema\/logo\/image\/\",\"url\":\"https:\/\/v2charge.com\/store\/wp-content\/uploads\/2022\/08\/cropped-logotipo-v2c-store-1.png\",\"contentUrl\":\"https:\/\/v2charge.com\/store\/wp-content\/uploads\/2022\/08\/cropped-logotipo-v2c-store-1.png\",\"width\":250,\"height\":66,\"caption\":\"V2C Store\"},\"image\":{\"@id\":\"https:\/\/v2charge.com\/store\/#\/schema\/logo\/image\/\"}}]}<\/script>\n<!-- \/ Yoast SEO plugin. -->","yoast_head_json":{"title":"Acquista online e-Charger Pole Pro | V2C Store","description":"Acquista online Pole Pro, il caricabatterie V2C per strade pubbliche e aziende | Realizzato in acciaio antivandalo | V2C Store","robots":{"index":"index","follow":"follow","max-snippet":"max-snippet:-1","max-image-preview":"max-image-preview:large","max-video-preview":"max-video-preview:-1"},"canonical":"https:\/\/v2charge.com\/store\/it\/prodotto\/pole\/","og_locale":"it_IT","og_type":"article","og_title":"Acquista online e-Charger Pole Pro | V2C Store","og_description":"Acquista online Pole Pro, il caricabatterie V2C per strade pubbliche e aziende | Realizzato in acciaio antivandalo | V2C Store","og_url":"https:\/\/v2charge.com\/store\/it\/prodotto\/pole\/","og_site_name":"V2C Store","article_modified_time":"2023-08-01T07:50:10+00:00","og_image":[{"width":600,"height":600,"url":"https:\/\/v2charge.com\/store\/wp-content\/uploads\/2019\/07\/pole-pro-tpv.jpg","type":"image\/jpeg"}],"twitter_card":"summary_large_image","twitter_misc":{"Tempo di lettura stimato":"2 minuti"},"schema":{"@context":"https:\/\/schema.org","@graph":[{"@type":"WebPage","@id":"https:\/\/v2charge.com\/store\/it\/prodotto\/pole\/","url":"https:\/\/v2charge.com\/store\/it\/prodotto\/pole\/","name":"Acquista online e-Charger Pole Pro | V2C Store","isPartOf":{"@id":"https:\/\/v2charge.com\/store\/#website"},"primaryImageOfPage":{"@id":"https:\/\/v2charge.com\/store\/it\/prodotto\/pole\/#primaryimage"},"image":{"@id":"https:\/\/v2charge.com\/store\/it\/prodotto\/pole\/#primaryimage"},"thumbnailUrl":"https:\/\/v2charge.com\/store\/wp-content\/uploads\/2019\/07\/pole-pro-tpv.jpg","datePublished":"2019-07-03T10:57:27+00:00","dateModified":"2023-08-01T07:50:10+00:00","description":"Acquista online Pole Pro, il caricabatterie V2C per strade pubbliche e aziende | Realizzato in acciaio antivandalo | V2C Store","breadcrumb":{"@id":"https:\/\/v2charge.com\/store\/it\/prodotto\/pole\/#breadcrumb"},"inLanguage":"it-IT","potentialAction":[{"@type":"ReadAction","target":["https:\/\/v2charge.com\/store\/it\/prodotto\/pole\/"]}]},{"@type":"ImageObject","inLanguage":"it-IT","@id":"https:\/\/v2charge.com\/store\/it\/prodotto\/pole\/#primaryimage","url":"https:\/\/v2charge.com\/store\/wp-content\/uploads\/2019\/07\/pole-pro-tpv.jpg","contentUrl":"https:\/\/v2charge.com\/store\/wp-content\/uploads\/2019\/07\/pole-pro-tpv.jpg","width":600,"height":600,"caption":"Pole Pro TPV"},{"@type":"BreadcrumbList","@id":"https:\/\/v2charge.com\/store\/it\/prodotto\/pole\/#breadcrumb","itemListElement":[{"@type":"ListItem","position":1,"name":"Portada","item":"https:\/\/v2charge.com\/store\/"},{"@type":"ListItem","position":2,"name":"Negozio","item":"https:\/\/v2charge.com\/store\/it\/negozio\/"},{"@type":"ListItem","position":3,"name":"Pole Pro"}]},{"@type":"WebSite","@id":"https:\/\/v2charge.com\/store\/#website","url":"https:\/\/v2charge.com\/store\/","name":"V2C Store","description":"V2C Store","publisher":{"@id":"https:\/\/v2charge.com\/store\/#organization"},"potentialAction":[{"@type":"SearchAction","target":{"@type":"EntryPoint","urlTemplate":"https:\/\/v2charge.com\/store\/?s={search_term_string}"},"query-input":{"@type":"PropertyValueSpecification","valueRequired":true,"valueName":"search_term_string"}}],"inLanguage":"it-IT"},{"@type":"Organization","@id":"https:\/\/v2charge.com\/store\/#organization","name":"V2C Store","url":"https:\/\/v2charge.com\/store\/","logo":{"@type":"ImageObject","inLanguage":"it-IT","@id":"https:\/\/v2charge.com\/store\/#\/schema\/logo\/image\/","url":"https:\/\/v2charge.com\/store\/wp-content\/uploads\/2022\/08\/cropped-logotipo-v2c-store-1.png","contentUrl":"https:\/\/v2charge.com\/store\/wp-content\/uploads\/2022\/08\/cropped-logotipo-v2c-store-1.png","width":250,"height":66,"caption":"V2C Store"},"image":{"@id":"https:\/\/v2charge.com\/store\/#\/schema\/logo\/image\/"}}]}},"_links":{"self":[{"href":"https:\/\/v2charge.com\/store\/it\/wp-json\/wp\/v2\/product\/9879","targetHints":{"allow":["GET"]}}],"collection":[{"href":"https:\/\/v2charge.com\/store\/it\/wp-json\/wp\/v2\/product"}],"about":[{"href":"https:\/\/v2charge.com\/store\/it\/wp-json\/wp\/v2\/types\/product"}],"wp:featuredmedia":[{"embeddable":true,"href":"https:\/\/v2charge.com\/store\/it\/wp-json\/wp\/v2\/media\/12015"}],"wp:attachment":[{"href":"https:\/\/v2charge.com\/store\/it\/wp-json\/wp\/v2\/media?parent=9879"}],"wp:term":[{"taxonomy":"product_brand","embeddable":true,"href":"https:\/\/v2charge.com\/store\/it\/wp-json\/wp\/v2\/product_brand?post=9879"},{"taxonomy":"product_cat","embeddable":true,"href":"https:\/\/v2charge.com\/store\/it\/wp-json\/wp\/v2\/product_cat?post=9879"},{"taxonomy":"product_tag","embeddable":true,"href":"https:\/\/v2charge.com\/store\/it\/wp-json\/wp\/v2\/product_tag?post=9879"}],"curies":[{"name":"wp","href":"https:\/\/api.w.org\/{rel}","templated":true}]}}