{"id":14283,"date":"2025-05-20T09:53:08","date_gmt":"2025-05-20T09:53:08","guid":{"rendered":"https:\/\/v2charge.com\/store\/?page_id=14283"},"modified":"2025-05-20T09:53:09","modified_gmt":"2025-05-20T09:53:09","slug":"aviso-legal","status":"publish","type":"page","link":"https:\/\/v2charge.com\/store\/pt-pt\/aviso-legal\/","title":{"rendered":"Aviso legal"},"content":{"rendered":"\n<h2 class=\"wp-block-heading\">Condi\u00e7\u00f5es gerais<\/h2>\n\n\n\n<p>v2charge.com\/store\/ \u00e9 um servi\u00e7o propriedade e gerido por Negocios Inteligentes 7Experience, S.L., com NIPC B98496706 e sede fiscal e social na Avenida Cam\u00ed Nou 268, Xirivella 46950.<\/p>\n\n\n\n<p>As presentes condi\u00e7\u00f5es gerais regem exclusivamente a venda, por parte da Negocios Inteligentes 7Experience, S.L., dos produtos apresentados no seu site www.v2charge.com\/store\/. Os produtos disponibilizados em www.v2charge.com\/store\/ destinam-se principalmente a clientes particulares.<\/p>\n\n\n\n<p>A confirma\u00e7\u00e3o da encomenda de um produto apresentado no website www.v2charge.com\/store\/ implica que o cliente aceita expressamente as presentes Condi\u00e7\u00f5es Gerais, sem necessidade de assinatura para confirmar a aceita\u00e7\u00e3o.<\/p>\n\n\n\n<p>Com a aceita\u00e7\u00e3o do presente contrato, o cliente declara:<\/p>\n\n\n\n<p>a) que \u00e9 maior de idade e tem capacidade legal para contratar;<\/p>\n\n\n\n<p>b) que leu e aceita as presentes Condi\u00e7\u00f5es Gerais.<\/p>\n\n\n\n<h2 class=\"wp-block-heading\"><strong>1. PRE\u00c7OS<\/strong><\/h2>\n\n\n\n<p>1.1 &#8211; Os pre\u00e7os dos produtos apresentados est\u00e3o expressos em euros (\u20ac), com todos os impostos inclu\u00eddos. Eventuais despesas de gest\u00e3o e envio n\u00e3o est\u00e3o inclu\u00eddas e o respetivo valor ser\u00e1 indicado no momento da confirma\u00e7\u00e3o definitiva de cada encomenda.<\/p>\n\n\n\n<p>1.2 &#8211; A Negocios Inteligentes 7Experience, S.L. reserva-se o direito de alterar os seus pre\u00e7os a qualquer momento. Os produtos ser\u00e3o faturados com base nas tarifas em vigor no momento do registo da encomenda.<\/p>\n\n\n\n<p>1.3 &#8211; Os produtos permanecer\u00e3o propriedade da Negocios Inteligentes 7Experience, S.L. at\u00e9 ao pagamento integral do respetivo pre\u00e7o.<\/p>\n\n\n\n<h2 class=\"wp-block-heading\">2. ENCOMENDAS<\/h2>\n\n\n\n<p>As encomendas realizadas online atrav\u00e9s de www.v2charge.com\/store\/ constituem um contrato entre o cliente e a Negocios Inteligentes 7Experience, S.L., que ser\u00e1 confirmado e arquivado antes do envio.<\/p>\n\n\n\n<p>A Negocios Inteligentes 7Experience, S.L. reserva-se o direito de cancelar ou recusar qualquer encomenda de um cliente com o qual tenha um lit\u00edgio relativo ao pagamento de uma encomenda anterior.<\/p>\n\n\n\n<p>A Negocios Inteligentes 7Experience, S.L. compromete-se a aceitar encomendas de acordo com os termos das presentes Condi\u00e7\u00f5es Gerais.<\/p>\n\n\n\n<p>O cliente declara ter conhecimento e aceitar as presentes Condi\u00e7\u00f5es Gerais antes de confirmar a sua encomenda.<\/p>\n\n\n\n<p>A confirma\u00e7\u00e3o de uma encomenda implica, portanto, a aceita\u00e7\u00e3o destas Condi\u00e7\u00f5es Gerais. Salvo prova em contr\u00e1rio, os dados registados pela Negocios Inteligentes 7Experience, S.L. constituem prova do conjunto de transa\u00e7\u00f5es efetuadas entre a empresa e os seus clientes.<\/p>\n\n\n\n<p>A Negocios Inteligentes 7Experience, S.L. far\u00e1 sempre todo o poss\u00edvel para gerir todas as encomendas.<\/p>\n\n\n\n<h2 class=\"wp-block-heading\">3. DISPONIBILIDADE<\/h2>\n\n\n\n<p>As ofertas de produtos e pre\u00e7os s\u00e3o v\u00e1lidas enquanto estiverem dispon\u00edveis no website www.v2charge.com\/store\/ e sempre em fun\u00e7\u00e3o do stock existente.<\/p>\n\n\n\n<p>Para produtos que n\u00e3o se encontrem em stock nos nossos armaz\u00e9ns, as ofertas e pre\u00e7os est\u00e3o sujeitos \u00e0 disponibilidade dos nossos fornecedores.<\/p>\n\n\n\n<p>Nesse \u00e2mbito, ser\u00e1 prestada informa\u00e7\u00e3o sobre a disponibilidade dos produtos no momento do processamento de cada encomenda.<\/p>\n\n\n\n<p>Caso um produto n\u00e3o esteja dispon\u00edvel ap\u00f3s o processamento da encomenda, o cliente ser\u00e1 informado por e-mail ou telefone da entrega parcial da encomenda ou do seu cancelamento. O cliente ser\u00e1 reembolsado, total ou parcialmente, no prazo m\u00e1ximo de 30 dias a contar da realiza\u00e7\u00e3o da encomenda.<\/p>\n\n\n\n<h2 class=\"wp-block-heading\">4. PAGAMENTO<\/h2>\n\n\n\n<h2 class=\"wp-block-heading\">4.1 M\u00c9TODOS DE PAGAMENTO<\/h2>\n\n\n\n<p>O pagamento de qualquer compra em www.v2charge.com\/store\/ pode ser feito por cart\u00e3o de cr\u00e9dito\/d\u00e9bito (Visa, Mastercard, American Express, Visa Electron e\/ou outros cart\u00f5es semelhantes), por transfer\u00eancia banc\u00e1ria para a conta ES02 0049 1736 74 2010047706 ou atrav\u00e9s do sistema PayPal.<\/p>\n\n\n\n<p>O d\u00e9bito ser\u00e1 efetuado na conta do cliente ap\u00f3s confirma\u00e7\u00e3o do acordo entre os centros de pagamento.<\/p>\n\n\n\n<p>Todas as transa\u00e7\u00f5es realizadas em www.v2charge.com\/store\/ decorrem sob um rigoroso protocolo de confidencialidade e encripta\u00e7\u00e3o SSL. No momento em que clicar no bot\u00e3o \u00abValidar\u00bb ou semelhante para confirmar a encomenda, o banco verifica a validade do n\u00famero do cart\u00e3o e certifica-se de que o mesmo n\u00e3o se encontra bloqueado.<\/p>\n\n\n\n<p>A Negocios Inteligentes 7Experience, S.L. n\u00e3o tem acesso, em caso algum, aos dados banc\u00e1rios do cliente, nem os armazena nos seus servidores. Por este motivo, o cliente ter\u00e1 de introduzir os seus dados de pagamento sempre que realizar uma nova compra, garantindo uma dupla prote\u00e7\u00e3o contra fraudes.<\/p>\n\n\n\n<h2 class=\"wp-block-heading\">4.2 PAGAMENTO SEGURO<\/h2>\n\n\n\n<p>No \u00e2mbito do nosso compromisso com a seguran\u00e7a dos pagamentos, informamos que a Negocios Inteligentes 7Experience, S.L. verifica a fiabilidade dos dados fornecidos durante a realiza\u00e7\u00e3o da encomenda. Este processo faz parte da nossa pol\u00edtica de combate \u00e0 fraude nas compras online, para proteger todos os consumidores.<\/p>\n\n\n\n<p>A Negocios Inteligentes 7Experience, S.L. utiliza um processo de verifica\u00e7\u00e3o para impedir o uso fraudulento dos dados banc\u00e1rios dos seus clientes. Por esse motivo, reserva-se o direito de solicitar o envio (por fax ou correio) de uma c\u00f3pia do documento de identifica\u00e7\u00e3o (frente e verso), bem como de um comprovativo de morada com menos de tr\u00eas meses. Nenhuma encomenda ser\u00e1 enviada antes da rece\u00e7\u00e3o e valida\u00e7\u00e3o destes documentos. Os documentos devem ser enviados no prazo de seis dias \u00fateis. A Negocios Inteligentes 7Experience, S.L. reserva-se o direito de reembolsar a encomenda caso n\u00e3o receba os documentos ou estes sejam inv\u00e1lidos.<\/p>\n\n\n\n<h2 class=\"wp-block-heading\">5. ENVIO<\/h2>\n\n\n\n<p>Consulte a nossa Pol\u00edtica de Envios para conhecer os prazos e custos de entrega.<\/p>\n\n\n\n<h2 class=\"wp-block-heading\">6. CANCELAMENTO E DEVOLU\u00c7\u00c3O<\/h2>\n\n\n\n<p>A Negocios Inteligentes 7Experience, S.L. reserva-se o direito de cancelar uma encomenda, parcial ou totalmente, nos seguintes casos:<br>&#8211; o produto encomendado n\u00e3o se encontra em stock<br>&#8211; n\u00e3o foi recebido qualquer pagamento ou apenas um pagamento parcial<br>&#8211; a encomenda n\u00e3o est\u00e1 conforme com as presentes Condi\u00e7\u00f5es Gerais<\/p>\n\n\n\n<p>O cliente tem o direito de cancelar ou devolver a sua encomenda. Para mais informa\u00e7\u00f5es, consulte a nossa Pol\u00edtica de Cancelamentos e Devolu\u00e7\u00f5es.<\/p>\n\n\n\n<h2 class=\"wp-block-heading\">7. GARANTIA<\/h2>\n\n\n\n<p>Se recebeu um produto errado ou com defeito, lamentamos o inc\u00f3modo. Contacte o nosso servi\u00e7o de apoio ao cliente atrav\u00e9s de <a href=\"mailto:info@v2charge.com\">info@v2charge.com<\/a>. Iremos indicar-lhe como proceder \u00e0 devolu\u00e7\u00e3o de forma simples.<\/p>\n\n\n\n<h2 class=\"wp-block-heading\">8. PRODUTOS<\/h2>\n\n\n\n<p>Os produtos vendidos pela Negocios Inteligentes 7Experience, S.L. cumprem a legisla\u00e7\u00e3o espanhola em vigor e as normas aplic\u00e1veis em Espanha.<\/p>\n\n\n\n<p>A Negocios Inteligentes 7Experience, S.L. far\u00e1 o poss\u00edvel para que as imagens dos seus produtos correspondam fielmente aos artigos oferecidos. Cada produto inclui uma descri\u00e7\u00e3o precisa das suas principais caracter\u00edsticas.<\/p>\n\n\n\n<h2 class=\"wp-block-heading\">9. MODIFICACIONES<\/h2>\n\n\n\n<p>A informa\u00e7\u00e3o publicada em <a class=\"\" href=\"http:\/\/www.v2charge.com\/store\/\">www.v2charge.com\/store\/<\/a> corresponde \u00e0 mais recente atualiza\u00e7\u00e3o. A Negocios Inteligentes 7Experience, S.L. reserva-se o direito de atualizar, modificar ou eliminar informa\u00e7\u00f5es deste site.<\/p>\n\n\n\n<p>N\u00e3o \u00e9 permitido alterar, modificar ou adaptar este site sem autoriza\u00e7\u00e3o. No entanto, a Negocios Inteligentes 7Experience, S.L. poder\u00e1, a qualquer momento e sem aviso pr\u00e9vio, efetuar modifica\u00e7\u00f5es relativas \u00e0 disponibilidade de produtos e campanhas.<\/p>\n\n\n\n<p>A Negocios Inteligentes 7Experience, S.L. reserva-se o direito de alterar unilateralmente as Condi\u00e7\u00f5es Gerais, bem como os termos de uso deste site. Quaisquer altera\u00e7\u00f5es ser\u00e3o devidamente comunicadas. As novas condi\u00e7\u00f5es entram em vigor no momento da sua publica\u00e7\u00e3o no site.<\/p>\n\n\n\n<h2 class=\"wp-block-heading\">10. PROTE\u00c7\u00c3O DE DADOS PESSOAIS<\/h2>\n\n\n\n<p>Consulte a nossa Pol\u00edtica de Privacidade.<br><\/p>\n\n\n\n<h2 class=\"wp-block-heading\">11. CART\u00d5ES FRAUDULENTOS<\/h2>\n\n\n\n<p>Este comerciante compromete-se a n\u00e3o permitir qualquer transa\u00e7\u00e3o que seja ilegal ou considerada pelas marcas de cart\u00f5es de cr\u00e9dito ou pelo banco adquirente como prejudicial \u00e0 sua reputa\u00e7\u00e3o ou que possa afet\u00e1-los negativamente. S\u00e3o proibidas, ao abrigo dos programas das marcas de cart\u00f5es, as seguintes atividades: a venda ou oferta de produtos ou servi\u00e7os que n\u00e3o cumpram integralmente todas as leis aplic\u00e1veis ao Comprador, Banco Emissor, Comerciante, Titular do Cart\u00e3o ou \u00e0s pr\u00f3prias marcas.<\/p>\n","protected":false},"excerpt":{"rendered":"<p>Condi\u00e7\u00f5es gerais v2charge.com\/store\/ \u00e9 um servi\u00e7o propriedade e gerido por Negocios Inteligentes 7Experience, S.L., com NIPC B98496706 e sede fiscal e social na Avenida Cam\u00ed Nou 268, Xirivella 46950. As presentes condi\u00e7\u00f5es gerais regem exclusivamente a venda, por parte da Negocios Inteligentes 7Experience, S.L., dos produtos apresentados no seu site www.v2charge.com\/store\/. Os produtos disponibilizados em<a class=\"more-link\" href=\"https:\/\/v2charge.com\/store\/pt-pt\/aviso-legal\/\">Read more  &#10230;<\/a><\/p>\n","protected":false},"author":1,"featured_media":0,"parent":0,"menu_order":0,"comment_status":"closed","ping_status":"closed","template":"","meta":{"content-type":"","inline_featured_image":false,"footnotes":""},"class_list":["post-14283","page","type-page","status-publish","hentry"],"yoast_head":"<!-- This site is optimized with the Yoast SEO plugin v27.0 - https:\/\/yoast.com\/product\/yoast-seo-wordpress\/ -->\n<title>Aviso legal - V2C Store<\/title>\n<meta name=\"robots\" content=\"noindex, follow\" \/>\n<meta property=\"og:locale\" content=\"pt_PT\" \/>\n<meta property=\"og:type\" content=\"article\" \/>\n<meta property=\"og:title\" content=\"Aviso legal - V2C Store\" \/>\n<meta property=\"og:description\" content=\"Condi\u00e7\u00f5es gerais v2charge.com\/store\/ \u00e9 um servi\u00e7o propriedade e gerido por Negocios Inteligentes 7Experience, S.L., com NIPC B98496706 e sede fiscal e social na Avenida Cam\u00ed Nou 268, Xirivella 46950. As presentes condi\u00e7\u00f5es gerais regem exclusivamente a venda, por parte da Negocios Inteligentes 7Experience, S.L., dos produtos apresentados no seu site www.v2charge.com\/store\/. Os produtos disponibilizados emRead more &#10230;\" \/>\n<meta property=\"og:url\" content=\"https:\/\/v2charge.com\/store\/pt-pt\/aviso-legal\/\" \/>\n<meta property=\"og:site_name\" content=\"V2C Store\" \/>\n<meta property=\"article:modified_time\" content=\"2025-05-20T09:53:09+00:00\" \/>\n<meta name=\"twitter:card\" content=\"summary_large_image\" \/>\n<meta name=\"twitter:label1\" content=\"Tempo estimado de leitura\" \/>\n\t<meta name=\"twitter:data1\" content=\"7 minutos\" \/>\n<script type=\"application\/ld+json\" class=\"yoast-schema-graph\">{\"@context\":\"https:\/\/schema.org\",\"@graph\":[{\"@type\":\"WebPage\",\"@id\":\"https:\/\/v2charge.com\/store\/pt-pt\/aviso-legal\/\",\"url\":\"https:\/\/v2charge.com\/store\/pt-pt\/aviso-legal\/\",\"name\":\"Aviso legal - V2C Store\",\"isPartOf\":{\"@id\":\"https:\/\/v2charge.com\/store\/#website\"},\"datePublished\":\"2025-05-20T09:53:08+00:00\",\"dateModified\":\"2025-05-20T09:53:09+00:00\",\"breadcrumb\":{\"@id\":\"https:\/\/v2charge.com\/store\/pt-pt\/aviso-legal\/#breadcrumb\"},\"inLanguage\":\"pt-PT\",\"potentialAction\":[{\"@type\":\"ReadAction\",\"target\":[\"https:\/\/v2charge.com\/store\/pt-pt\/aviso-legal\/\"]}]},{\"@type\":\"BreadcrumbList\",\"@id\":\"https:\/\/v2charge.com\/store\/pt-pt\/aviso-legal\/#breadcrumb\",\"itemListElement\":[{\"@type\":\"ListItem\",\"position\":1,\"name\":\"Portada\",\"item\":\"https:\/\/v2charge.com\/store\/\"},{\"@type\":\"ListItem\",\"position\":2,\"name\":\"Aviso legal\"}]},{\"@type\":\"WebSite\",\"@id\":\"https:\/\/v2charge.com\/store\/#website\",\"url\":\"https:\/\/v2charge.com\/store\/\",\"name\":\"V2C Store\",\"description\":\"V2C Store\",\"publisher\":{\"@id\":\"https:\/\/v2charge.com\/store\/#organization\"},\"potentialAction\":[{\"@type\":\"SearchAction\",\"target\":{\"@type\":\"EntryPoint\",\"urlTemplate\":\"https:\/\/v2charge.com\/store\/?s={search_term_string}\"},\"query-input\":{\"@type\":\"PropertyValueSpecification\",\"valueRequired\":true,\"valueName\":\"search_term_string\"}}],\"inLanguage\":\"pt-PT\"},{\"@type\":\"Organization\",\"@id\":\"https:\/\/v2charge.com\/store\/#organization\",\"name\":\"V2C Store\",\"url\":\"https:\/\/v2charge.com\/store\/\",\"logo\":{\"@type\":\"ImageObject\",\"inLanguage\":\"pt-PT\",\"@id\":\"https:\/\/v2charge.com\/store\/#\/schema\/logo\/image\/\",\"url\":\"https:\/\/v2charge.com\/store\/wp-content\/uploads\/2022\/08\/cropped-cropped-logotipo-v2c-store-1.png\",\"contentUrl\":\"https:\/\/v2charge.com\/store\/wp-content\/uploads\/2022\/08\/cropped-cropped-logotipo-v2c-store-1.png\",\"width\":250,\"height\":65,\"caption\":\"V2C Store\"},\"image\":{\"@id\":\"https:\/\/v2charge.com\/store\/#\/schema\/logo\/image\/\"}}]}<\/script>\n<!-- \/ Yoast SEO plugin. -->","yoast_head_json":{"title":"Aviso legal - V2C Store","robots":{"index":"noindex","follow":"follow"},"og_locale":"pt_PT","og_type":"article","og_title":"Aviso legal - V2C Store","og_description":"Condi\u00e7\u00f5es gerais v2charge.com\/store\/ \u00e9 um servi\u00e7o propriedade e gerido por Negocios Inteligentes 7Experience, S.L., com NIPC B98496706 e sede fiscal e social na Avenida Cam\u00ed Nou 268, Xirivella 46950. As presentes condi\u00e7\u00f5es gerais regem exclusivamente a venda, por parte da Negocios Inteligentes 7Experience, S.L., dos produtos apresentados no seu site www.v2charge.com\/store\/. Os produtos disponibilizados emRead more &#10230;","og_url":"https:\/\/v2charge.com\/store\/pt-pt\/aviso-legal\/","og_site_name":"V2C Store","article_modified_time":"2025-05-20T09:53:09+00:00","twitter_card":"summary_large_image","twitter_misc":{"Tempo estimado de leitura":"7 minutos"},"schema":{"@context":"https:\/\/schema.org","@graph":[{"@type":"WebPage","@id":"https:\/\/v2charge.com\/store\/pt-pt\/aviso-legal\/","url":"https:\/\/v2charge.com\/store\/pt-pt\/aviso-legal\/","name":"Aviso legal - V2C Store","isPartOf":{"@id":"https:\/\/v2charge.com\/store\/#website"},"datePublished":"2025-05-20T09:53:08+00:00","dateModified":"2025-05-20T09:53:09+00:00","breadcrumb":{"@id":"https:\/\/v2charge.com\/store\/pt-pt\/aviso-legal\/#breadcrumb"},"inLanguage":"pt-PT","potentialAction":[{"@type":"ReadAction","target":["https:\/\/v2charge.com\/store\/pt-pt\/aviso-legal\/"]}]},{"@type":"BreadcrumbList","@id":"https:\/\/v2charge.com\/store\/pt-pt\/aviso-legal\/#breadcrumb","itemListElement":[{"@type":"ListItem","position":1,"name":"Portada","item":"https:\/\/v2charge.com\/store\/"},{"@type":"ListItem","position":2,"name":"Aviso legal"}]},{"@type":"WebSite","@id":"https:\/\/v2charge.com\/store\/#website","url":"https:\/\/v2charge.com\/store\/","name":"V2C Store","description":"V2C Store","publisher":{"@id":"https:\/\/v2charge.com\/store\/#organization"},"potentialAction":[{"@type":"SearchAction","target":{"@type":"EntryPoint","urlTemplate":"https:\/\/v2charge.com\/store\/?s={search_term_string}"},"query-input":{"@type":"PropertyValueSpecification","valueRequired":true,"valueName":"search_term_string"}}],"inLanguage":"pt-PT"},{"@type":"Organization","@id":"https:\/\/v2charge.com\/store\/#organization","name":"V2C Store","url":"https:\/\/v2charge.com\/store\/","logo":{"@type":"ImageObject","inLanguage":"pt-PT","@id":"https:\/\/v2charge.com\/store\/#\/schema\/logo\/image\/","url":"https:\/\/v2charge.com\/store\/wp-content\/uploads\/2022\/08\/cropped-cropped-logotipo-v2c-store-1.png","contentUrl":"https:\/\/v2charge.com\/store\/wp-content\/uploads\/2022\/08\/cropped-cropped-logotipo-v2c-store-1.png","width":250,"height":65,"caption":"V2C Store"},"image":{"@id":"https:\/\/v2charge.com\/store\/#\/schema\/logo\/image\/"}}]}},"_links":{"self":[{"href":"https:\/\/v2charge.com\/store\/pt-pt\/wp-json\/wp\/v2\/pages\/14283","targetHints":{"allow":["GET"]}}],"collection":[{"href":"https:\/\/v2charge.com\/store\/pt-pt\/wp-json\/wp\/v2\/pages"}],"about":[{"href":"https:\/\/v2charge.com\/store\/pt-pt\/wp-json\/wp\/v2\/types\/page"}],"author":[{"embeddable":true,"href":"https:\/\/v2charge.com\/store\/pt-pt\/wp-json\/wp\/v2\/users\/1"}],"replies":[{"embeddable":true,"href":"https:\/\/v2charge.com\/store\/pt-pt\/wp-json\/wp\/v2\/comments?post=14283"}],"version-history":[{"count":2,"href":"https:\/\/v2charge.com\/store\/pt-pt\/wp-json\/wp\/v2\/pages\/14283\/revisions"}],"predecessor-version":[{"id":14285,"href":"https:\/\/v2charge.com\/store\/pt-pt\/wp-json\/wp\/v2\/pages\/14283\/revisions\/14285"}],"wp:attachment":[{"href":"https:\/\/v2charge.com\/store\/pt-pt\/wp-json\/wp\/v2\/media?parent=14283"}],"curies":[{"name":"wp","href":"https:\/\/api.w.org\/{rel}","templated":true}]}}