{"id":14286,"date":"2025-05-20T10:07:44","date_gmt":"2025-05-20T10:07:44","guid":{"rendered":"https:\/\/v2charge.com\/store\/?page_id=14286"},"modified":"2025-09-08T06:15:40","modified_gmt":"2025-09-08T06:15:40","slug":"condicoes-envio-devolucoes","status":"publish","type":"page","link":"https:\/\/v2charge.com\/store\/pt-pt\/condicoes-envio-devolucoes\/","title":{"rendered":"Condi\u00e7\u00f5es de envio e devolu\u00e7\u00f5es"},"content":{"rendered":"\n<h2 class=\"wp-block-heading\">ENVIO<\/h2>\n\n\n\n<p>Ap\u00f3s rece\u00e7\u00e3o do pagamento, processamos a encomenda para que recebas o produto na morada indicada<strong> num prazo de 3 a 5 dias \u00fateis<\/strong>.<\/p>\n\n\n\n<p><strong>O envio \u00e9 totalmente gratuito em encomendas superiores a 200\u20ac.<\/strong><\/p>\n\n\n\n<h2 class=\"wp-block-heading\">DEVOLU\u00c7\u00d5ES<\/h2>\n\n\n\n<p>Podes devolver o produto num prazo de 15 dias de calend\u00e1rio a contar do dia seguinte \u00e0 rece\u00e7\u00e3o da encomenda, de acordo com as normas de venda \u00e0 dist\u00e2ncia.<\/p>\n\n\n\n<p><strong>Requisitos:<\/strong><\/p>\n\n\n\n<p>Deves contactar a V2C atrav\u00e9s do telefone +34 96 065 45 54 ou do e-mail info@v2charge.com para indicar o motivo da devolu\u00e7\u00e3o e dar in\u00edcio ao processo.<\/p>\n\n\n\n<p>Todos os artigos devem ser devolvidos na sua embalagem e condi\u00e7\u00f5es originais, em perfeito estado e devidamente protegidos, evitando autocolantes, selos ou fitas adesivas diretamente sobre a superf\u00edcie ou embalagem do artigo. Caso contr\u00e1rio, a V2C reserva-se o direito de recusar a devolu\u00e7\u00e3o.<\/p>\n\n\n\n<p>Durante este prazo de 15 dias, o equipamento n\u00e3o pode ter sido utilizado, manipulado ou deslacrado. Caso contr\u00e1rio, a devolu\u00e7\u00e3o n\u00e3o ser\u00e1 aceite.<\/p>\n\n\n\n<p>Os custos de transporte originados pela devolu\u00e7\u00e3o ser\u00e3o da tua responsabilidade. Al\u00e9m disso, ser\u00e1 descontado o valor de 12,00\u20ac ao montante a reembolsar, correspondente aos custos do envio realizado pela V2C.<\/p>\n\n\n\n<p>Ap\u00f3s a rece\u00e7\u00e3o da mercadoria pela V2C e verifica\u00e7\u00e3o do seu estado impec\u00e1vel, o reembolso ser\u00e1 processado. O montante ser\u00e1 reembolsado no prazo m\u00e1ximo de 10 dias de calend\u00e1rio a contar da rece\u00e7\u00e3o do produto. O reembolso ser\u00e1 efetuado atrav\u00e9s do mesmo m\u00e9todo de pagamento utilizado na compra.<\/p>\n","protected":false},"excerpt":{"rendered":"<p>ENVIO Ap\u00f3s rece\u00e7\u00e3o do pagamento, processamos a encomenda para que recebas o produto na morada indicada num prazo de 3 a 5 dias \u00fateis. O envio \u00e9 totalmente gratuito em encomendas superiores a 200\u20ac. DEVOLU\u00c7\u00d5ES Podes devolver o produto num prazo de 15 dias de calend\u00e1rio a contar do dia seguinte \u00e0 rece\u00e7\u00e3o da encomenda,<a class=\"more-link\" href=\"https:\/\/v2charge.com\/store\/pt-pt\/condicoes-envio-devolucoes\/\">Read more  &#10230;<\/a><\/p>\n","protected":false},"author":1,"featured_media":0,"parent":0,"menu_order":0,"comment_status":"closed","ping_status":"closed","template":"","meta":{"content-type":"","inline_featured_image":false,"footnotes":""},"class_list":["post-14286","page","type-page","status-publish","hentry"],"yoast_head":"<!-- This site is optimized with the Yoast SEO plugin v27.0 - https:\/\/yoast.com\/product\/yoast-seo-wordpress\/ -->\n<title>Condi\u00e7\u00f5es de envio e devolu\u00e7\u00f5es - V2C Store<\/title>\n<meta name=\"robots\" content=\"noindex, follow\" \/>\n<meta property=\"og:locale\" content=\"pt_PT\" \/>\n<meta property=\"og:type\" content=\"article\" \/>\n<meta property=\"og:title\" content=\"Condi\u00e7\u00f5es de envio e devolu\u00e7\u00f5es - V2C Store\" \/>\n<meta property=\"og:description\" content=\"ENVIO Ap\u00f3s rece\u00e7\u00e3o do pagamento, processamos a encomenda para que recebas o produto na morada indicada num prazo de 3 a 5 dias \u00fateis. O envio \u00e9 totalmente gratuito em encomendas superiores a 200\u20ac. DEVOLU\u00c7\u00d5ES Podes devolver o produto num prazo de 15 dias de calend\u00e1rio a contar do dia seguinte \u00e0 rece\u00e7\u00e3o da encomenda,Read more &#10230;\" \/>\n<meta property=\"og:url\" content=\"https:\/\/v2charge.com\/store\/pt-pt\/condicoes-envio-devolucoes\/\" \/>\n<meta property=\"og:site_name\" content=\"V2C Store\" \/>\n<meta property=\"article:modified_time\" content=\"2025-09-08T06:15:40+00:00\" \/>\n<meta name=\"twitter:card\" content=\"summary_large_image\" \/>\n<meta name=\"twitter:label1\" content=\"Tempo estimado de leitura\" \/>\n\t<meta name=\"twitter:data1\" content=\"2 minutos\" \/>\n<script type=\"application\/ld+json\" class=\"yoast-schema-graph\">{\"@context\":\"https:\/\/schema.org\",\"@graph\":[{\"@type\":\"WebPage\",\"@id\":\"https:\/\/v2charge.com\/store\/pt-pt\/condicoes-envio-devolucoes\/\",\"url\":\"https:\/\/v2charge.com\/store\/pt-pt\/condicoes-envio-devolucoes\/\",\"name\":\"Condi\u00e7\u00f5es de envio e devolu\u00e7\u00f5es - V2C Store\",\"isPartOf\":{\"@id\":\"https:\/\/v2charge.com\/store\/#website\"},\"datePublished\":\"2025-05-20T10:07:44+00:00\",\"dateModified\":\"2025-09-08T06:15:40+00:00\",\"breadcrumb\":{\"@id\":\"https:\/\/v2charge.com\/store\/pt-pt\/condicoes-envio-devolucoes\/#breadcrumb\"},\"inLanguage\":\"pt-PT\",\"potentialAction\":[{\"@type\":\"ReadAction\",\"target\":[\"https:\/\/v2charge.com\/store\/pt-pt\/condicoes-envio-devolucoes\/\"]}]},{\"@type\":\"BreadcrumbList\",\"@id\":\"https:\/\/v2charge.com\/store\/pt-pt\/condicoes-envio-devolucoes\/#breadcrumb\",\"itemListElement\":[{\"@type\":\"ListItem\",\"position\":1,\"name\":\"Portada\",\"item\":\"https:\/\/v2charge.com\/store\/\"},{\"@type\":\"ListItem\",\"position\":2,\"name\":\"Condi\u00e7\u00f5es de envio e devolu\u00e7\u00f5es\"}]},{\"@type\":\"WebSite\",\"@id\":\"https:\/\/v2charge.com\/store\/#website\",\"url\":\"https:\/\/v2charge.com\/store\/\",\"name\":\"V2C Store\",\"description\":\"V2C Store\",\"publisher\":{\"@id\":\"https:\/\/v2charge.com\/store\/#organization\"},\"potentialAction\":[{\"@type\":\"SearchAction\",\"target\":{\"@type\":\"EntryPoint\",\"urlTemplate\":\"https:\/\/v2charge.com\/store\/?s={search_term_string}\"},\"query-input\":{\"@type\":\"PropertyValueSpecification\",\"valueRequired\":true,\"valueName\":\"search_term_string\"}}],\"inLanguage\":\"pt-PT\"},{\"@type\":\"Organization\",\"@id\":\"https:\/\/v2charge.com\/store\/#organization\",\"name\":\"V2C Store\",\"url\":\"https:\/\/v2charge.com\/store\/\",\"logo\":{\"@type\":\"ImageObject\",\"inLanguage\":\"pt-PT\",\"@id\":\"https:\/\/v2charge.com\/store\/#\/schema\/logo\/image\/\",\"url\":\"https:\/\/v2charge.com\/store\/wp-content\/uploads\/2022\/08\/cropped-cropped-logotipo-v2c-store-1.png\",\"contentUrl\":\"https:\/\/v2charge.com\/store\/wp-content\/uploads\/2022\/08\/cropped-cropped-logotipo-v2c-store-1.png\",\"width\":250,\"height\":65,\"caption\":\"V2C Store\"},\"image\":{\"@id\":\"https:\/\/v2charge.com\/store\/#\/schema\/logo\/image\/\"}}]}<\/script>\n<!-- \/ Yoast SEO plugin. -->","yoast_head_json":{"title":"Condi\u00e7\u00f5es de envio e devolu\u00e7\u00f5es - V2C Store","robots":{"index":"noindex","follow":"follow"},"og_locale":"pt_PT","og_type":"article","og_title":"Condi\u00e7\u00f5es de envio e devolu\u00e7\u00f5es - V2C Store","og_description":"ENVIO Ap\u00f3s rece\u00e7\u00e3o do pagamento, processamos a encomenda para que recebas o produto na morada indicada num prazo de 3 a 5 dias \u00fateis. O envio \u00e9 totalmente gratuito em encomendas superiores a 200\u20ac. DEVOLU\u00c7\u00d5ES Podes devolver o produto num prazo de 15 dias de calend\u00e1rio a contar do dia seguinte \u00e0 rece\u00e7\u00e3o da encomenda,Read more &#10230;","og_url":"https:\/\/v2charge.com\/store\/pt-pt\/condicoes-envio-devolucoes\/","og_site_name":"V2C Store","article_modified_time":"2025-09-08T06:15:40+00:00","twitter_card":"summary_large_image","twitter_misc":{"Tempo estimado de leitura":"2 minutos"},"schema":{"@context":"https:\/\/schema.org","@graph":[{"@type":"WebPage","@id":"https:\/\/v2charge.com\/store\/pt-pt\/condicoes-envio-devolucoes\/","url":"https:\/\/v2charge.com\/store\/pt-pt\/condicoes-envio-devolucoes\/","name":"Condi\u00e7\u00f5es de envio e devolu\u00e7\u00f5es - V2C Store","isPartOf":{"@id":"https:\/\/v2charge.com\/store\/#website"},"datePublished":"2025-05-20T10:07:44+00:00","dateModified":"2025-09-08T06:15:40+00:00","breadcrumb":{"@id":"https:\/\/v2charge.com\/store\/pt-pt\/condicoes-envio-devolucoes\/#breadcrumb"},"inLanguage":"pt-PT","potentialAction":[{"@type":"ReadAction","target":["https:\/\/v2charge.com\/store\/pt-pt\/condicoes-envio-devolucoes\/"]}]},{"@type":"BreadcrumbList","@id":"https:\/\/v2charge.com\/store\/pt-pt\/condicoes-envio-devolucoes\/#breadcrumb","itemListElement":[{"@type":"ListItem","position":1,"name":"Portada","item":"https:\/\/v2charge.com\/store\/"},{"@type":"ListItem","position":2,"name":"Condi\u00e7\u00f5es de envio e devolu\u00e7\u00f5es"}]},{"@type":"WebSite","@id":"https:\/\/v2charge.com\/store\/#website","url":"https:\/\/v2charge.com\/store\/","name":"V2C Store","description":"V2C Store","publisher":{"@id":"https:\/\/v2charge.com\/store\/#organization"},"potentialAction":[{"@type":"SearchAction","target":{"@type":"EntryPoint","urlTemplate":"https:\/\/v2charge.com\/store\/?s={search_term_string}"},"query-input":{"@type":"PropertyValueSpecification","valueRequired":true,"valueName":"search_term_string"}}],"inLanguage":"pt-PT"},{"@type":"Organization","@id":"https:\/\/v2charge.com\/store\/#organization","name":"V2C Store","url":"https:\/\/v2charge.com\/store\/","logo":{"@type":"ImageObject","inLanguage":"pt-PT","@id":"https:\/\/v2charge.com\/store\/#\/schema\/logo\/image\/","url":"https:\/\/v2charge.com\/store\/wp-content\/uploads\/2022\/08\/cropped-cropped-logotipo-v2c-store-1.png","contentUrl":"https:\/\/v2charge.com\/store\/wp-content\/uploads\/2022\/08\/cropped-cropped-logotipo-v2c-store-1.png","width":250,"height":65,"caption":"V2C Store"},"image":{"@id":"https:\/\/v2charge.com\/store\/#\/schema\/logo\/image\/"}}]}},"_links":{"self":[{"href":"https:\/\/v2charge.com\/store\/pt-pt\/wp-json\/wp\/v2\/pages\/14286","targetHints":{"allow":["GET"]}}],"collection":[{"href":"https:\/\/v2charge.com\/store\/pt-pt\/wp-json\/wp\/v2\/pages"}],"about":[{"href":"https:\/\/v2charge.com\/store\/pt-pt\/wp-json\/wp\/v2\/types\/page"}],"author":[{"embeddable":true,"href":"https:\/\/v2charge.com\/store\/pt-pt\/wp-json\/wp\/v2\/users\/1"}],"replies":[{"embeddable":true,"href":"https:\/\/v2charge.com\/store\/pt-pt\/wp-json\/wp\/v2\/comments?post=14286"}],"version-history":[{"count":4,"href":"https:\/\/v2charge.com\/store\/pt-pt\/wp-json\/wp\/v2\/pages\/14286\/revisions"}],"predecessor-version":[{"id":15756,"href":"https:\/\/v2charge.com\/store\/pt-pt\/wp-json\/wp\/v2\/pages\/14286\/revisions\/15756"}],"wp:attachment":[{"href":"https:\/\/v2charge.com\/store\/pt-pt\/wp-json\/wp\/v2\/media?parent=14286"}],"curies":[{"name":"wp","href":"https:\/\/api.w.org\/{rel}","templated":true}]}}