{"id":14297,"date":"2025-05-20T10:18:28","date_gmt":"2025-05-20T10:18:28","guid":{"rendered":"https:\/\/v2charge.com\/store\/?page_id=14297"},"modified":"2025-05-20T10:18:30","modified_gmt":"2025-05-20T10:18:30","slug":"cookies","status":"publish","type":"page","link":"https:\/\/v2charge.com\/store\/pt-pt\/cookies\/","title":{"rendered":"Cookies"},"content":{"rendered":"\n<p><strong>POL\u00cdTICA DE COOKIES<\/strong><\/p>\n\n\n\n<p>Esta p\u00e1gina web \u00e9 propriedade da NEGOCIOS INTELIGENTES 7 EXPERIENCE S.L.. O acesso a esta p\u00e1gina implica o conhecimento e a aceita\u00e7\u00e3o da pol\u00edtica de privacidade. Em cumprimento do artigo 10 da Lei 34\/2002, de 11 de julho, dos Servi\u00e7os da Sociedade da Informa\u00e7\u00e3o e Com\u00e9rcio Eletr\u00f3nico (LSSI), s\u00e3o apresentados os dados identificativos.<\/p>\n\n\n\n<p>O que s\u00e3o cookies? Um cookie \u00e9 um ficheiro que \u00e9 descarregado para o teu computador ou terminal ao aceder \u00e0 nossa p\u00e1gina web. Os cookies permitem-nos, entre outras coisas, armazenar e recuperar informa\u00e7\u00e3o sobre os h\u00e1bitos de navega\u00e7\u00e3o de um utilizador ou do seu equipamento e, dependendo da informa\u00e7\u00e3o que contenham e da forma como utiliza o seu equipamento, podem ser usados para reconhecer o utilizador. Que tipos de cookies utiliza a nossa p\u00e1gina web. Cookies pr\u00f3prias: S\u00e3o aquelas que enviamos para o teu computador ou terminal a partir da nossa p\u00e1gina web. Cookies de terceiros: S\u00e3o aquelas que s\u00e3o enviadas para o teu computador ou terminal a partir de um dom\u00ednio ou uma p\u00e1gina web que n\u00e3o \u00e9 gerida por n\u00f3s, mas por outra entidade que trata os dados obtidos atrav\u00e9s dos cookies. Cookies de an\u00e1lise: S\u00e3o aquelas que, tratadas por n\u00f3s ou por terceiros, permitem-nos quantificar o n\u00famero de utilizadores e realizar a medi\u00e7\u00e3o e an\u00e1lise estat\u00edstica da utiliza\u00e7\u00e3o que os utilizadores fazem da nossa web. Para isso, analisamos a navega\u00e7\u00e3o na nossa p\u00e1gina web com o objetivo de melhorar a oferta de produtos ou servi\u00e7os que oferecemos.<\/p>\n\n\n\n<p><strong>Os cookies utilizados em www.v2charge.com s\u00e3o:<\/strong><\/p>\n\n\n\n<p>Cookies estritamente necess\u00e1rios como, por exemplo, aqueles que servem para uma navega\u00e7\u00e3o correta e asseguram que o conte\u00fado da p\u00e1gina web seja carregado de forma eficaz. PHPSESSID SESS\u00c3O \u2013 Este cookie \u00e9 usado para estabelecer a sess\u00e3o do utilizador que visita alguma das nossas Webs. \u00c9 uma forma de identificar e gerir o estado \u2013 as vari\u00e1veis de sess\u00e3o \u2013 para um utilizador espec\u00edfico, podendo mover essa informa\u00e7\u00e3o atrav\u00e9s das p\u00e1ginas das nossas Webs. WordPress_test_cookie SESS\u00c3O \u2013 Este cookie \u00e9 usado para que o gestor de conte\u00fados WordPress verifique se o navegador tem os cookies ativados. Wp-settings-{time}-<code>{<\/code>UID<code>}<\/code> \u2013 O UID situado no final do nome do cookie cont\u00e9m o ID de utilizador armazenado na base de dados do WordPress. \u00c9 usado para armazenar o aspeto da interface de administra\u00e7\u00e3o e pode ser usado para armazenar o aspeto do site principal. WordPress_logged_in_<code>{<\/code>hash<code>}<\/code> \u2013 Depois do login, o WordPress ativa o cookie wordpress_logged_in_<code>{<\/code>hash<code>}<\/code>, que indica quando iniciaste sess\u00e3o e quem \u00e9s, sendo usado para a interface do WordPress. WordPress_<code>{<\/code>hash<code>}<\/code> \u2013 Este cookie \u00e9 ativado durante o login e guarda os detalhes de autentica\u00e7\u00e3o. O seu uso est\u00e1 limitado \u00e0 \u00e1rea de administra\u00e7\u00e3o, \/wp-config\/<\/p>\n\n\n\n<p>Cookies de terceiros como, por exemplo, os usados pelas redes sociais ou por complementos externos de conte\u00fado como o Google Maps. _NID, _PREF \u2013 Estes cookies do Google Maps registam a origem do utilizador, bem como as palavras-chave. HSID, SSID, APISID, SAPISID, BEAT, OTZ, BEAT, \u2013 Permitem partilhar conte\u00fado nas redes sociais. __ga, __utma, __utmb, __utmc, __utmv, __utmz, _twitter_sess, external_referer, guest_id \u2013 Estes cookies s\u00e3o instalados pelo Twitter para realizar remarketing, seguimento de utilizadores e an\u00e1lise dos utilizadores.<\/p>\n\n\n\n<p>Cookies anal\u00edticos, s\u00e3o cookies utilizados pelo Google Analytics para an\u00e1lise, investiga\u00e7\u00e3o ou estat\u00edsticas com o objetivo de melhorar a experi\u00eancia do site. Atrav\u00e9s do uso destes cookies, pode ser mostrada informa\u00e7\u00e3o mais relevante aos visitantes. __hstc, hubspotutk, __hssc, __hssrc, __hs_opt_out, __hs_do_not_track, __hs_testcookie, hsPagesViewedThisSession, hsfirstvisit: cookies da Hubspot, ferramenta de an\u00e1lise web e marketing online, para an\u00e1lise de uso e medi\u00e7\u00e3o da nossa web com vista a melhorar os nossos servi\u00e7os. _utma, _utmb, _utmz, _utmc, _utmt: A finalidade principal \u00e9 identificar o n\u00famero de visitas, o per\u00edodo de consultas, o motor de busca utilizado para aceder ao site, as palavras-chave utilizadas, a localiza\u00e7\u00e3o global do visitante, os conte\u00fados visitados no site, bem como outros par\u00e2metros do tr\u00e1fego no site, sempre de forma an\u00f3nima. A Google armazena esta informa\u00e7\u00e3o recolhida pelos cookies de forma a n\u00e3o identificar nenhum utilizador. _hjIncludedInSample e _hjUserId: cookies da Hotjar, ferramenta de an\u00e1lise web, para an\u00e1lise de uso e de medi\u00e7\u00e3o da nossa web com vista a melhorar os nossos servi\u00e7os.<\/p>\n\n\n\n<p>A partir da op\u00e7\u00e3o que escolher em rela\u00e7\u00e3o ao uso de cookies neste site, ser-lhe-\u00e1 enviado um cookie adicional para salvaguardar a sua escolha e para que n\u00e3o tenha de aceitar o uso de cookies cada vez que aceda ao nosso site. O objetivo desta lista de cookies \u00e9 ajud\u00e1-lo a reconhecer os cookies armazenados no seu navegador quando visita o nosso site ou quando v\u00ea os nossos an\u00fancios noutros sites. Tent\u00e1mos incluir todos os cookies que utilizamos tanto n\u00f3s como os nossos parceiros tecnol\u00f3gicos, mas tenha em conta que por vezes podemos demorar a atualizar a lista. Se notar alguma discrep\u00e2ncia ou acreditar que falta algum cookie, n\u00e3o hesite em informar-nos.<\/p>\n","protected":false},"excerpt":{"rendered":"<p>POL\u00cdTICA DE COOKIES Esta p\u00e1gina web \u00e9 propriedade da NEGOCIOS INTELIGENTES 7 EXPERIENCE S.L.. O acesso a esta p\u00e1gina implica o conhecimento e a aceita\u00e7\u00e3o da pol\u00edtica de privacidade. Em cumprimento do artigo 10 da Lei 34\/2002, de 11 de julho, dos Servi\u00e7os da Sociedade da Informa\u00e7\u00e3o e Com\u00e9rcio Eletr\u00f3nico (LSSI), s\u00e3o apresentados os dados<a class=\"more-link\" href=\"https:\/\/v2charge.com\/store\/pt-pt\/cookies\/\">Read more  &#10230;<\/a><\/p>\n","protected":false},"author":1,"featured_media":0,"parent":0,"menu_order":0,"comment_status":"closed","ping_status":"closed","template":"","meta":{"content-type":"","inline_featured_image":false,"footnotes":""},"class_list":["post-14297","page","type-page","status-publish","hentry"],"yoast_head":"<!-- This site is optimized with the Yoast SEO plugin v27.0 - https:\/\/yoast.com\/product\/yoast-seo-wordpress\/ -->\n<title>Cookies - V2C Store<\/title>\n<meta name=\"robots\" content=\"noindex, follow\" \/>\n<meta property=\"og:locale\" content=\"pt_PT\" \/>\n<meta property=\"og:type\" content=\"article\" \/>\n<meta property=\"og:title\" content=\"Cookies - V2C Store\" \/>\n<meta property=\"og:description\" content=\"POL\u00cdTICA DE COOKIES Esta p\u00e1gina web \u00e9 propriedade da NEGOCIOS INTELIGENTES 7 EXPERIENCE S.L.. O acesso a esta p\u00e1gina implica o conhecimento e a aceita\u00e7\u00e3o da pol\u00edtica de privacidade. Em cumprimento do artigo 10 da Lei 34\/2002, de 11 de julho, dos Servi\u00e7os da Sociedade da Informa\u00e7\u00e3o e Com\u00e9rcio Eletr\u00f3nico (LSSI), s\u00e3o apresentados os dadosRead more &#10230;\" \/>\n<meta property=\"og:url\" content=\"https:\/\/v2charge.com\/store\/pt-pt\/cookies\/\" \/>\n<meta property=\"og:site_name\" content=\"V2C Store\" \/>\n<meta property=\"article:modified_time\" content=\"2025-05-20T10:18:30+00:00\" \/>\n<meta name=\"twitter:card\" content=\"summary_large_image\" \/>\n<meta name=\"twitter:label1\" content=\"Tempo estimado de leitura\" \/>\n\t<meta name=\"twitter:data1\" content=\"5 minutos\" \/>\n<script type=\"application\/ld+json\" class=\"yoast-schema-graph\">{\"@context\":\"https:\/\/schema.org\",\"@graph\":[{\"@type\":\"WebPage\",\"@id\":\"https:\/\/v2charge.com\/store\/pt-pt\/cookies\/\",\"url\":\"https:\/\/v2charge.com\/store\/pt-pt\/cookies\/\",\"name\":\"Cookies - V2C Store\",\"isPartOf\":{\"@id\":\"https:\/\/v2charge.com\/store\/#website\"},\"datePublished\":\"2025-05-20T10:18:28+00:00\",\"dateModified\":\"2025-05-20T10:18:30+00:00\",\"breadcrumb\":{\"@id\":\"https:\/\/v2charge.com\/store\/pt-pt\/cookies\/#breadcrumb\"},\"inLanguage\":\"pt-PT\",\"potentialAction\":[{\"@type\":\"ReadAction\",\"target\":[\"https:\/\/v2charge.com\/store\/pt-pt\/cookies\/\"]}]},{\"@type\":\"BreadcrumbList\",\"@id\":\"https:\/\/v2charge.com\/store\/pt-pt\/cookies\/#breadcrumb\",\"itemListElement\":[{\"@type\":\"ListItem\",\"position\":1,\"name\":\"Portada\",\"item\":\"https:\/\/v2charge.com\/store\/\"},{\"@type\":\"ListItem\",\"position\":2,\"name\":\"Cookies\"}]},{\"@type\":\"WebSite\",\"@id\":\"https:\/\/v2charge.com\/store\/#website\",\"url\":\"https:\/\/v2charge.com\/store\/\",\"name\":\"V2C Store\",\"description\":\"V2C Store\",\"potentialAction\":[{\"@type\":\"SearchAction\",\"target\":{\"@type\":\"EntryPoint\",\"urlTemplate\":\"https:\/\/v2charge.com\/store\/?s={search_term_string}\"},\"query-input\":{\"@type\":\"PropertyValueSpecification\",\"valueRequired\":true,\"valueName\":\"search_term_string\"}}],\"inLanguage\":\"pt-PT\"}]}<\/script>\n<!-- \/ Yoast SEO plugin. -->","yoast_head_json":{"title":"Cookies - V2C Store","robots":{"index":"noindex","follow":"follow"},"og_locale":"pt_PT","og_type":"article","og_title":"Cookies - V2C Store","og_description":"POL\u00cdTICA DE COOKIES Esta p\u00e1gina web \u00e9 propriedade da NEGOCIOS INTELIGENTES 7 EXPERIENCE S.L.. O acesso a esta p\u00e1gina implica o conhecimento e a aceita\u00e7\u00e3o da pol\u00edtica de privacidade. Em cumprimento do artigo 10 da Lei 34\/2002, de 11 de julho, dos Servi\u00e7os da Sociedade da Informa\u00e7\u00e3o e Com\u00e9rcio Eletr\u00f3nico (LSSI), s\u00e3o apresentados os dadosRead more &#10230;","og_url":"https:\/\/v2charge.com\/store\/pt-pt\/cookies\/","og_site_name":"V2C Store","article_modified_time":"2025-05-20T10:18:30+00:00","twitter_card":"summary_large_image","twitter_misc":{"Tempo estimado de leitura":"5 minutos"},"schema":{"@context":"https:\/\/schema.org","@graph":[{"@type":"WebPage","@id":"https:\/\/v2charge.com\/store\/pt-pt\/cookies\/","url":"https:\/\/v2charge.com\/store\/pt-pt\/cookies\/","name":"Cookies - V2C Store","isPartOf":{"@id":"https:\/\/v2charge.com\/store\/#website"},"datePublished":"2025-05-20T10:18:28+00:00","dateModified":"2025-05-20T10:18:30+00:00","breadcrumb":{"@id":"https:\/\/v2charge.com\/store\/pt-pt\/cookies\/#breadcrumb"},"inLanguage":"pt-PT","potentialAction":[{"@type":"ReadAction","target":["https:\/\/v2charge.com\/store\/pt-pt\/cookies\/"]}]},{"@type":"BreadcrumbList","@id":"https:\/\/v2charge.com\/store\/pt-pt\/cookies\/#breadcrumb","itemListElement":[{"@type":"ListItem","position":1,"name":"Portada","item":"https:\/\/v2charge.com\/store\/"},{"@type":"ListItem","position":2,"name":"Cookies"}]},{"@type":"WebSite","@id":"https:\/\/v2charge.com\/store\/#website","url":"https:\/\/v2charge.com\/store\/","name":"V2C Store","description":"V2C Store","potentialAction":[{"@type":"SearchAction","target":{"@type":"EntryPoint","urlTemplate":"https:\/\/v2charge.com\/store\/?s={search_term_string}"},"query-input":{"@type":"PropertyValueSpecification","valueRequired":true,"valueName":"search_term_string"}}],"inLanguage":"pt-PT"}]}},"_links":{"self":[{"href":"https:\/\/v2charge.com\/store\/pt-pt\/wp-json\/wp\/v2\/pages\/14297","targetHints":{"allow":["GET"]}}],"collection":[{"href":"https:\/\/v2charge.com\/store\/pt-pt\/wp-json\/wp\/v2\/pages"}],"about":[{"href":"https:\/\/v2charge.com\/store\/pt-pt\/wp-json\/wp\/v2\/types\/page"}],"author":[{"embeddable":true,"href":"https:\/\/v2charge.com\/store\/pt-pt\/wp-json\/wp\/v2\/users\/1"}],"replies":[{"embeddable":true,"href":"https:\/\/v2charge.com\/store\/pt-pt\/wp-json\/wp\/v2\/comments?post=14297"}],"version-history":[{"count":1,"href":"https:\/\/v2charge.com\/store\/pt-pt\/wp-json\/wp\/v2\/pages\/14297\/revisions"}],"predecessor-version":[{"id":14298,"href":"https:\/\/v2charge.com\/store\/pt-pt\/wp-json\/wp\/v2\/pages\/14297\/revisions\/14298"}],"wp:attachment":[{"href":"https:\/\/v2charge.com\/store\/pt-pt\/wp-json\/wp\/v2\/media?parent=14297"}],"curies":[{"name":"wp","href":"https:\/\/api.w.org\/{rel}","templated":true}]}}