{"id":14299,"date":"2025-05-20T10:22:57","date_gmt":"2025-05-20T10:22:57","guid":{"rendered":"https:\/\/v2charge.com\/store\/?page_id=14299"},"modified":"2025-05-20T10:22:59","modified_gmt":"2025-05-20T10:22:59","slug":"politica-privacidade","status":"publish","type":"page","link":"https:\/\/v2charge.com\/store\/pt-pt\/politica-privacidade\/","title":{"rendered":"Pol\u00edtica de privacidade"},"content":{"rendered":"\n<h2 class=\"wp-block-heading\">Quem somos<\/h2>\n\n\n\n<p>O endere\u00e7o do nosso site \u00e9: https:\/\/v2charge.com\/store.<\/p>\n\n\n\n<h2 class=\"wp-block-heading\">Coment\u00e1rios<\/h2>\n\n\n\n<p>Quando os visitantes deixam coment\u00e1rios no site, recolhemos os dados apresentados no formul\u00e1rio de coment\u00e1rios, assim como o endere\u00e7o IP do visitante e a cadeia de agentes de utilizador do navegador para ajudar na dete\u00e7\u00e3o de spam.<\/p>\n\n\n\n<p>Uma cadeia an\u00f3nima criada a partir do teu endere\u00e7o de e-mail (tamb\u00e9m chamada de hash) pode ser fornecida ao servi\u00e7o Gravatar para verificar se a est\u00e1s a utilizar. A pol\u00edtica de privacidade do servi\u00e7o Gravatar est\u00e1 dispon\u00edvel aqui: https:\/\/automattic.com\/privacy\/. Ap\u00f3s a aprova\u00e7\u00e3o do teu coment\u00e1rio, a imagem do teu perfil ficar\u00e1 vis\u00edvel ao p\u00fablico no contexto do teu coment\u00e1rio.<\/p>\n\n\n\n<h2 class=\"wp-block-heading\">Multim\u00e9dia<\/h2>\n\n\n\n<p>Se enviares imagens para o site, deves evitar enviar imagens com dados de localiza\u00e7\u00e3o inclu\u00eddos (GPS EXIF). Os visitantes do site podem descarregar e extrair quaisquer dados de localiza\u00e7\u00e3o das imagens no site.<\/p>\n\n\n\n<h2 class=\"wp-block-heading\">Cookies<\/h2>\n\n\n\n<p>Se deixares um coment\u00e1rio no nosso site, podes optar por guardar o teu nome, endere\u00e7o de e-mail e site em cookies. Isto \u00e9 para tua conveni\u00eancia, para que n\u00e3o tenhas de voltar a preencher os teus dados quando deixares outro coment\u00e1rio. Estes cookies ter\u00e3o a dura\u00e7\u00e3o de um ano.<\/p>\n\n\n\n<p>Se tiveres uma conta e iniciares sess\u00e3o neste site, ser\u00e1 instalado um cookie tempor\u00e1rio para determinar se o teu navegador aceita cookies. Este cookie n\u00e3o cont\u00e9m dados pessoais e ser\u00e1 eliminado ao fechares o navegador.<\/p>\n\n\n\n<p>Quando iniciares sess\u00e3o, tamb\u00e9m instalaremos v\u00e1rios cookies para guardar a tua informa\u00e7\u00e3o de acesso e as tuas prefer\u00eancias de visualiza\u00e7\u00e3o de ecr\u00e3. Os cookies de acesso duram dois dias e os cookies de op\u00e7\u00f5es de visualiza\u00e7\u00e3o duram um ano. Se selecionares \u00abLembrar-me\u00bb, o teu acesso permanecer\u00e1 durante duas semanas. Se terminares sess\u00e3o da tua conta, os cookies de acesso ser\u00e3o eliminados.<\/p>\n\n\n\n<p>Se editares ou publicares um artigo, ser\u00e1 guardado um cookie adicional no teu navegador. Este cookie n\u00e3o inclui dados pessoais e indica simplesmente o ID do artigo que acabaste de editar. Expira ap\u00f3s 1 dia.<\/p>\n\n\n\n<h2 class=\"wp-block-heading\">Conte\u00fado incorporado de outros sites<\/h2>\n\n\n\n<p>Os artigos deste site podem incluir conte\u00fado incorporado (por exemplo, v\u00eddeos, imagens, artigos, etc.). O conte\u00fado incorporado de outros sites comporta-se exatamente da mesma forma como se o visitante tivesse visitado o outro site.<\/p>\n\n\n\n<p>Estes sites podem recolher dados sobre ti, utilizar cookies, incorporar rastreio adicional de terceiros e monitorizar a tua intera\u00e7\u00e3o com esse conte\u00fado incorporado, incluindo o rastreio da tua intera\u00e7\u00e3o com o conte\u00fado se tiveres uma conta e estiveres com sess\u00e3o iniciada nesse site.<\/p>\n\n\n\n<h2 class=\"wp-block-heading\">Com quem partilhamos os teus dados<\/h2>\n\n\n\n<p>Se solicitares uma reposi\u00e7\u00e3o de palavra-passe, o teu endere\u00e7o IP ser\u00e1 inclu\u00eddo no e-mail de reposi\u00e7\u00e3o.<\/p>\n\n\n\n<h2 class=\"wp-block-heading\">Durante quanto tempo conservamos os teus dados<\/h2>\n\n\n\n<p>Se deixares um coment\u00e1rio, o coment\u00e1rio e os seus metadados ser\u00e3o conservados indefinidamente. Isto \u00e9 para que possamos reconhecer e aprovar automaticamente coment\u00e1rios seguintes, em vez de os manter numa fila de modera\u00e7\u00e3o.<\/p>\n\n\n\n<p>Dos utilizadores que se registam no nosso site (caso existam), tamb\u00e9m armazenamos a informa\u00e7\u00e3o pessoal fornecida no seu perfil de utilizador. Todos os utilizadores podem ver, editar ou eliminar a sua informa\u00e7\u00e3o pessoal em qualquer momento (exceto o nome de utilizador, que n\u00e3o pode ser alterado). Os administradores do site tamb\u00e9m podem ver e editar essa informa\u00e7\u00e3o.<\/p>\n\n\n\n<h2 class=\"wp-block-heading\">Que direitos tens sobre os teus dados<\/h2>\n\n\n\n<p>Se tiveres uma conta ou deixaste coment\u00e1rios neste site, podes solicitar um ficheiro de exporta\u00e7\u00e3o com os dados pessoais que temos sobre ti, incluindo quaisquer dados que nos tenhas fornecido. Tamb\u00e9m podes solicitar que eliminemos qualquer dado pessoal que tenhamos sobre ti. Isto n\u00e3o inclui dados que sejamos obrigados a conservar para fins administrativos, legais ou de seguran\u00e7a.<\/p>\n\n\n\n<h2 class=\"wp-block-heading\">Para onde enviamos os teus dados<\/h2>\n\n\n\n<p>Os coment\u00e1rios dos visitantes podem ser revistos por um servi\u00e7o autom\u00e1tico de dete\u00e7\u00e3o de spam.<\/p>\n","protected":false},"excerpt":{"rendered":"<p>Quem somos O endere\u00e7o do nosso site \u00e9: https:\/\/v2charge.com\/store. Coment\u00e1rios Quando os visitantes deixam coment\u00e1rios no site, recolhemos os dados apresentados no formul\u00e1rio de coment\u00e1rios, assim como o endere\u00e7o IP do visitante e a cadeia de agentes de utilizador do navegador para ajudar na dete\u00e7\u00e3o de spam. Uma cadeia an\u00f3nima criada a partir do teu<a class=\"more-link\" href=\"https:\/\/v2charge.com\/store\/pt-pt\/politica-privacidade\/\">Read more  &#10230;<\/a><\/p>\n","protected":false},"author":1,"featured_media":0,"parent":0,"menu_order":0,"comment_status":"closed","ping_status":"open","template":"","meta":{"content-type":"","inline_featured_image":false,"footnotes":""},"class_list":["post-14299","page","type-page","status-publish","hentry"],"yoast_head":"<!-- This site is optimized with the Yoast SEO plugin v27.0 - https:\/\/yoast.com\/product\/yoast-seo-wordpress\/ -->\n<title>Pol\u00edtica de privacidade - V2C Store<\/title>\n<meta name=\"robots\" content=\"index, follow, max-snippet:-1, max-image-preview:large, max-video-preview:-1\" \/>\n<link rel=\"canonical\" href=\"https:\/\/v2charge.com\/store\/pt-pt\/politica-privacidade\/\" \/>\n<meta property=\"og:locale\" content=\"pt_PT\" \/>\n<meta property=\"og:type\" content=\"article\" \/>\n<meta property=\"og:title\" content=\"Pol\u00edtica de privacidade - V2C Store\" \/>\n<meta property=\"og:description\" content=\"Quem somos O endere\u00e7o do nosso site \u00e9: https:\/\/v2charge.com\/store. Coment\u00e1rios Quando os visitantes deixam coment\u00e1rios no site, recolhemos os dados apresentados no formul\u00e1rio de coment\u00e1rios, assim como o endere\u00e7o IP do visitante e a cadeia de agentes de utilizador do navegador para ajudar na dete\u00e7\u00e3o de spam. Uma cadeia an\u00f3nima criada a partir do teuRead more &#10230;\" \/>\n<meta property=\"og:url\" content=\"https:\/\/v2charge.com\/store\/pt-pt\/politica-privacidade\/\" \/>\n<meta property=\"og:site_name\" content=\"V2C Store\" \/>\n<meta property=\"article:modified_time\" content=\"2025-05-20T10:22:59+00:00\" \/>\n<meta name=\"twitter:card\" content=\"summary_large_image\" \/>\n<meta name=\"twitter:label1\" content=\"Tempo estimado de leitura\" \/>\n\t<meta name=\"twitter:data1\" content=\"4 minutos\" \/>\n<script type=\"application\/ld+json\" class=\"yoast-schema-graph\">{\"@context\":\"https:\/\/schema.org\",\"@graph\":[{\"@type\":\"WebPage\",\"@id\":\"https:\/\/v2charge.com\/store\/pt-pt\/politica-privacidade\/\",\"url\":\"https:\/\/v2charge.com\/store\/pt-pt\/politica-privacidade\/\",\"name\":\"Pol\u00edtica de privacidade - V2C Store\",\"isPartOf\":{\"@id\":\"https:\/\/v2charge.com\/store\/#website\"},\"datePublished\":\"2025-05-20T10:22:57+00:00\",\"dateModified\":\"2025-05-20T10:22:59+00:00\",\"breadcrumb\":{\"@id\":\"https:\/\/v2charge.com\/store\/pt-pt\/politica-privacidade\/#breadcrumb\"},\"inLanguage\":\"pt-PT\",\"potentialAction\":[{\"@type\":\"ReadAction\",\"target\":[\"https:\/\/v2charge.com\/store\/pt-pt\/politica-privacidade\/\"]}]},{\"@type\":\"BreadcrumbList\",\"@id\":\"https:\/\/v2charge.com\/store\/pt-pt\/politica-privacidade\/#breadcrumb\",\"itemListElement\":[{\"@type\":\"ListItem\",\"position\":1,\"name\":\"Portada\",\"item\":\"https:\/\/v2charge.com\/store\/\"},{\"@type\":\"ListItem\",\"position\":2,\"name\":\"Pol\u00edtica de privacidade\"}]},{\"@type\":\"WebSite\",\"@id\":\"https:\/\/v2charge.com\/store\/#website\",\"url\":\"https:\/\/v2charge.com\/store\/\",\"name\":\"V2C Store\",\"description\":\"V2C Store\",\"potentialAction\":[{\"@type\":\"SearchAction\",\"target\":{\"@type\":\"EntryPoint\",\"urlTemplate\":\"https:\/\/v2charge.com\/store\/?s={search_term_string}\"},\"query-input\":{\"@type\":\"PropertyValueSpecification\",\"valueRequired\":true,\"valueName\":\"search_term_string\"}}],\"inLanguage\":\"pt-PT\"}]}<\/script>\n<!-- \/ Yoast SEO plugin. -->","yoast_head_json":{"title":"Pol\u00edtica de privacidade - V2C Store","robots":{"index":"index","follow":"follow","max-snippet":"max-snippet:-1","max-image-preview":"max-image-preview:large","max-video-preview":"max-video-preview:-1"},"canonical":"https:\/\/v2charge.com\/store\/pt-pt\/politica-privacidade\/","og_locale":"pt_PT","og_type":"article","og_title":"Pol\u00edtica de privacidade - V2C Store","og_description":"Quem somos O endere\u00e7o do nosso site \u00e9: https:\/\/v2charge.com\/store. Coment\u00e1rios Quando os visitantes deixam coment\u00e1rios no site, recolhemos os dados apresentados no formul\u00e1rio de coment\u00e1rios, assim como o endere\u00e7o IP do visitante e a cadeia de agentes de utilizador do navegador para ajudar na dete\u00e7\u00e3o de spam. Uma cadeia an\u00f3nima criada a partir do teuRead more &#10230;","og_url":"https:\/\/v2charge.com\/store\/pt-pt\/politica-privacidade\/","og_site_name":"V2C Store","article_modified_time":"2025-05-20T10:22:59+00:00","twitter_card":"summary_large_image","twitter_misc":{"Tempo estimado de leitura":"4 minutos"},"schema":{"@context":"https:\/\/schema.org","@graph":[{"@type":"WebPage","@id":"https:\/\/v2charge.com\/store\/pt-pt\/politica-privacidade\/","url":"https:\/\/v2charge.com\/store\/pt-pt\/politica-privacidade\/","name":"Pol\u00edtica de privacidade - V2C Store","isPartOf":{"@id":"https:\/\/v2charge.com\/store\/#website"},"datePublished":"2025-05-20T10:22:57+00:00","dateModified":"2025-05-20T10:22:59+00:00","breadcrumb":{"@id":"https:\/\/v2charge.com\/store\/pt-pt\/politica-privacidade\/#breadcrumb"},"inLanguage":"pt-PT","potentialAction":[{"@type":"ReadAction","target":["https:\/\/v2charge.com\/store\/pt-pt\/politica-privacidade\/"]}]},{"@type":"BreadcrumbList","@id":"https:\/\/v2charge.com\/store\/pt-pt\/politica-privacidade\/#breadcrumb","itemListElement":[{"@type":"ListItem","position":1,"name":"Portada","item":"https:\/\/v2charge.com\/store\/"},{"@type":"ListItem","position":2,"name":"Pol\u00edtica de privacidade"}]},{"@type":"WebSite","@id":"https:\/\/v2charge.com\/store\/#website","url":"https:\/\/v2charge.com\/store\/","name":"V2C Store","description":"V2C Store","potentialAction":[{"@type":"SearchAction","target":{"@type":"EntryPoint","urlTemplate":"https:\/\/v2charge.com\/store\/?s={search_term_string}"},"query-input":{"@type":"PropertyValueSpecification","valueRequired":true,"valueName":"search_term_string"}}],"inLanguage":"pt-PT"}]}},"_links":{"self":[{"href":"https:\/\/v2charge.com\/store\/pt-pt\/wp-json\/wp\/v2\/pages\/14299","targetHints":{"allow":["GET"]}}],"collection":[{"href":"https:\/\/v2charge.com\/store\/pt-pt\/wp-json\/wp\/v2\/pages"}],"about":[{"href":"https:\/\/v2charge.com\/store\/pt-pt\/wp-json\/wp\/v2\/types\/page"}],"author":[{"embeddable":true,"href":"https:\/\/v2charge.com\/store\/pt-pt\/wp-json\/wp\/v2\/users\/1"}],"replies":[{"embeddable":true,"href":"https:\/\/v2charge.com\/store\/pt-pt\/wp-json\/wp\/v2\/comments?post=14299"}],"version-history":[{"count":2,"href":"https:\/\/v2charge.com\/store\/pt-pt\/wp-json\/wp\/v2\/pages\/14299\/revisions"}],"predecessor-version":[{"id":14301,"href":"https:\/\/v2charge.com\/store\/pt-pt\/wp-json\/wp\/v2\/pages\/14299\/revisions\/14301"}],"wp:attachment":[{"href":"https:\/\/v2charge.com\/store\/pt-pt\/wp-json\/wp\/v2\/media?parent=14299"}],"curies":[{"name":"wp","href":"https:\/\/api.w.org\/{rel}","templated":true}]}}