{"id":14302,"date":"2025-05-20T10:27:15","date_gmt":"2025-05-20T10:27:15","guid":{"rendered":"https:\/\/v2charge.com\/store\/?page_id=14302"},"modified":"2026-04-12T19:17:23","modified_gmt":"2026-04-12T19:17:23","slug":"acessorios","status":"publish","type":"page","link":"https:\/\/v2charge.com\/store\/pt-pt\/acessorios\/","title":{"rendered":"Acess\u00f3rios"},"content":{"rendered":"\n<h1 class=\"wp-block-heading has-text-align-center\">Acess\u00f3rios<\/h1>\n\n\n<div data-block-name=\"woocommerce\/product-category\" data-categories=\"[150]\" data-columns=\"4\" data-content-visibility=\"{&quot;image&quot;:true,&quot;title&quot;:true,&quot;price&quot;:true,&quot;rating&quot;:false,&quot;button&quot;:true}\" data-orderby=\"price_desc\" data-stock-status=\"[&quot;&quot;,&quot;instock&quot;,&quot;outofstock&quot;,&quot;onbackorder&quot;]\" class=\"wc-block-grid wp-block-product-category wp-block-woocommerce-product-category wc-block-product-category has-4-columns has-multiple-rows\"><ul class=\"wc-block-grid__products\"><li class=\"wc-block-grid__product\">\n\t\t\t\t<a href=\"https:\/\/v2charge.com\/store\/pt-pt\/produto\/pedestal\/\" class=\"wc-block-grid__product-link\">\n\t\t\t\t\t\n\t\t\t\t\t<div class=\"wc-block-grid__product-image\"><img fetchpriority=\"high\" decoding=\"async\" width=\"362\" height=\"503\" src=\"https:\/\/v2charge.com\/store\/wp-content\/uploads\/2023\/11\/single-pedestal-general-362x503.jpg\" class=\"attachment-woocommerce_thumbnail size-woocommerce_thumbnail\" alt=\"Pedestal para Trydan\/Trydan Pro\" \/><\/div>\n\t\t\t\t\t<div class=\"wc-block-grid__product-title\">Pedestal para Trydan\/Trydan Pro<\/div>\n\t\t\t\t<\/a>\n\t\t\t\t<div class=\"wc-block-grid__product-price price\"><span class=\"woocommerce-Price-amount amount\" aria-hidden=\"true\">282.90<span class=\"woocommerce-Price-currencySymbol\">&euro;<\/span><\/span> <span aria-hidden=\"true\">&ndash;<\/span> <span class=\"woocommerce-Price-amount amount\" aria-hidden=\"true\">363.70<span class=\"woocommerce-Price-currencySymbol\">&euro;<\/span><\/span><span class=\"screen-reader-text\">Price range: 282.90&euro; through 363.70&euro;<\/span><\/div>\n\t\t\t\t\n\t\t\t\t<div class=\"wp-block-button wc-block-grid__product-add-to-cart\"><a href=\"https:\/\/v2charge.com\/store\/pt-pt\/produto\/pedestal\/\" aria-label=\"Seleccione as op\u00e7\u00f5es para &ldquo;Pedestal para Trydan\/Trydan Pro&rdquo;\" data-quantity=\"1\" data-product_id=\"15057\" data-product_sku=\"V2C-PED\" data-price=\"282.9\" rel=\"nofollow\" class=\"wp-block-button__link  add_to_cart_button\">Ver op\u00e7\u00f5es<\/a><\/div>\n\t\t\t<\/li><li class=\"wc-block-grid__product\">\n\t\t\t\t<a href=\"https:\/\/v2charge.com\/store\/pt-pt\/produto\/medidor-bidirecional\/\" class=\"wc-block-grid__product-link\">\n\t\t\t\t\t\n\t\t\t\t\t<div class=\"wc-block-grid__product-image\"><img decoding=\"async\" width=\"362\" height=\"503\" src=\"https:\/\/v2charge.com\/store\/wp-content\/uploads\/2026\/04\/v2c-bidirectional-single-phase-meter-362x503.jpg\" class=\"attachment-woocommerce_thumbnail size-woocommerce_thumbnail\" alt=\"Medidor bidirecional + Pin\u00e7a(s) 120A\" \/><\/div>\n\t\t\t\t\t<div class=\"wc-block-grid__product-title\">Medidor bidirecional + Pin\u00e7a(s) 120A<\/div>\n\t\t\t\t<\/a>\n\t\t\t\t<div class=\"wc-block-grid__product-price price\"><span class=\"woocommerce-Price-amount amount\" aria-hidden=\"true\">62.65<span class=\"woocommerce-Price-currencySymbol\">&euro;<\/span><\/span> <span aria-hidden=\"true\">&ndash;<\/span> <span class=\"woocommerce-Price-amount amount\" aria-hidden=\"true\">171.75<span class=\"woocommerce-Price-currencySymbol\">&euro;<\/span><\/span><span class=\"screen-reader-text\">Price range: 62.65&euro; through 171.75&euro;<\/span><\/div>\n\t\t\t\t\n\t\t\t\t<div class=\"wp-block-button wc-block-grid__product-add-to-cart\"><a href=\"https:\/\/v2charge.com\/store\/pt-pt\/produto\/medidor-bidirecional\/\" aria-label=\"Seleccione as op\u00e7\u00f5es para &ldquo;Medidor bidirecional + Pin\u00e7a(s) 120A&rdquo;\" data-quantity=\"1\" data-product_id=\"21552\" data-product_sku=\"\" data-price=\"62.65\" rel=\"nofollow\" class=\"wp-block-button__link  add_to_cart_button\">Ver op\u00e7\u00f5es<\/a><\/div>\n\t\t\t<\/li><li class=\"wc-block-grid__product\">\n\t\t\t\t<a href=\"https:\/\/v2charge.com\/store\/pt-pt\/produto\/suporte-teto-trydan\/\" class=\"wc-block-grid__product-link\">\n\t\t\t\t\t\n\t\t\t\t\t<div class=\"wc-block-grid__product-image\"><img decoding=\"async\" width=\"362\" height=\"503\" src=\"https:\/\/v2charge.com\/store\/wp-content\/uploads\/2023\/07\/trydan-soporte-techo-362x503.jpg\" class=\"attachment-woocommerce_thumbnail size-woocommerce_thumbnail\" alt=\"Suporte de teto para Trydan\/Trydan Pro\" \/><\/div>\n\t\t\t\t\t<div class=\"wc-block-grid__product-title\">Suporte de teto para Trydan\/Trydan Pro<\/div>\n\t\t\t\t<\/a>\n\t\t\t\t<div class=\"wc-block-grid__product-price price\"><span class=\"woocommerce-Price-amount amount\">135.00<span class=\"woocommerce-Price-currencySymbol\">&euro;<\/span><\/span><\/div>\n\t\t\t\t\n\t\t\t\t<div class=\"wp-block-button wc-block-grid__product-add-to-cart\"><a href=\"\/store\/pt-pt\/wp-json\/wp\/v2\/pages\/14302?add-to-cart=15074\" aria-label=\"Adiciona ao carrinho: &ldquo;Suporte de teto para Trydan\/Trydan Pro&rdquo;\" data-quantity=\"1\" data-product_id=\"15074\" data-product_sku=\"V2C-ROOF\" data-price=\"135\" rel=\"nofollow\" class=\"wp-block-button__link  add_to_cart_button ajax_add_to_cart\">Adicionar<\/a><\/div>\n\t\t\t<\/li><li class=\"wc-block-grid__product\">\n\t\t\t\t<a href=\"https:\/\/v2charge.com\/store\/pt-pt\/produto\/cobertura-protecao-exterior\/\" class=\"wc-block-grid__product-link\">\n\t\t\t\t\t\n\t\t\t\t\t<div class=\"wc-block-grid__product-image\"><img loading=\"lazy\" decoding=\"async\" width=\"362\" height=\"503\" src=\"https:\/\/v2charge.com\/store\/wp-content\/uploads\/2023\/03\/cubierta_cargador_trydan-362x503.jpg\" class=\"attachment-woocommerce_thumbnail size-woocommerce_thumbnail\" alt=\"Cobertura de prote\u00e7\u00e3o exterior para Trydan\/Trydan Pro\" \/><\/div>\n\t\t\t\t\t<div class=\"wc-block-grid__product-title\">Cobertura de prote\u00e7\u00e3o exterior para Trydan\/Trydan Pro<\/div>\n\t\t\t\t<\/a>\n\t\t\t\t<div class=\"wc-block-grid__product-price price\"><span class=\"woocommerce-Price-amount amount\">101.04<span class=\"woocommerce-Price-currencySymbol\">&euro;<\/span><\/span><\/div>\n\t\t\t\t\n\t\t\t\t<div class=\"wp-block-button wc-block-grid__product-add-to-cart\"><a href=\"\/store\/pt-pt\/wp-json\/wp\/v2\/pages\/14302?add-to-cart=15081\" aria-label=\"Adiciona ao carrinho: &ldquo;Cobertura de prote\u00e7\u00e3o exterior para Trydan\/Trydan Pro&rdquo;\" data-quantity=\"1\" data-product_id=\"15081\" data-product_sku=\"V2C-TRY-COVER\" data-price=\"101.04\" rel=\"nofollow\" class=\"wp-block-button__link  add_to_cart_button ajax_add_to_cart\">Adicionar<\/a><\/div>\n\t\t\t<\/li><li class=\"wc-block-grid__product\">\n\t\t\t\t<a href=\"https:\/\/v2charge.com\/store\/pt-pt\/produto\/suporte-cabo\/\" class=\"wc-block-grid__product-link\">\n\t\t\t\t\t\n\t\t\t\t\t<div class=\"wc-block-grid__product-image\"><img loading=\"lazy\" decoding=\"async\" width=\"362\" height=\"503\" src=\"https:\/\/v2charge.com\/store\/wp-content\/uploads\/2023\/11\/soporte-cable-cargador-coche-electrico-362x503.jpg\" class=\"attachment-woocommerce_thumbnail size-woocommerce_thumbnail\" alt=\"Suporte para cabo\" \/><\/div>\n\t\t\t\t\t<div class=\"wc-block-grid__product-title\">Suporte para cabo<\/div>\n\t\t\t\t<\/a>\n\t\t\t\t<div class=\"wc-block-grid__product-price price\"><span class=\"woocommerce-Price-amount amount\">38.41<span class=\"woocommerce-Price-currencySymbol\">&euro;<\/span><\/span><\/div>\n\t\t\t\t\n\t\t\t\t<div class=\"wp-block-button wc-block-grid__product-add-to-cart\"><a href=\"\/store\/pt-pt\/wp-json\/wp\/v2\/pages\/14302?add-to-cart=15069\" aria-label=\"Adiciona ao carrinho: &ldquo;Suporte para cabo&rdquo;\" data-quantity=\"1\" data-product_id=\"15069\" data-product_sku=\"V2C-SOP\" data-price=\"38.41\" rel=\"nofollow\" class=\"wp-block-button__link  add_to_cart_button ajax_add_to_cart\">Adicionar<\/a><\/div>\n\t\t\t<\/li><li class=\"wc-block-grid__product\">\n\t\t\t\t<a href=\"https:\/\/v2charge.com\/store\/pt-pt\/produto\/pinca-fotovoltaica-100a\/\" class=\"wc-block-grid__product-link\">\n\t\t\t\t\t\n\t\t\t\t\t<div class=\"wc-block-grid__product-image\"><img loading=\"lazy\" decoding=\"async\" width=\"362\" height=\"503\" src=\"https:\/\/v2charge.com\/store\/wp-content\/uploads\/2023\/01\/pinza-control-dinamico-potencia-362x503.jpg\" class=\"attachment-woocommerce_thumbnail size-woocommerce_thumbnail\" alt=\"Pin\u00e7a de controlo din\u00e2mico de pot\u00eancia\" \/><\/div>\n\t\t\t\t\t<div class=\"wc-block-grid__product-title\">Pin\u00e7a de controlo din\u00e2mico de pot\u00eancia para fotovoltaica 100A<\/div>\n\t\t\t\t<\/a>\n\t\t\t\t<div class=\"wc-block-grid__product-price price\"><span class=\"woocommerce-Price-amount amount\">26.27<span class=\"woocommerce-Price-currencySymbol\">&euro;<\/span><\/span><\/div>\n\t\t\t\t\n\t\t\t\t<div class=\"wp-block-button wc-block-grid__product-add-to-cart\"><a href=\"\/store\/pt-pt\/wp-json\/wp\/v2\/pages\/14302?add-to-cart=15083\" aria-label=\"Adiciona ao carrinho: &ldquo;Pin\u00e7a de controlo din\u00e2mico de pot\u00eancia para fotovoltaica 100A&rdquo;\" data-quantity=\"1\" data-product_id=\"15083\" data-product_sku=\"\" data-price=\"26.27\" rel=\"nofollow\" class=\"wp-block-button__link  add_to_cart_button ajax_add_to_cart\">Adicionar<\/a><\/div>\n\t\t\t<\/li><li class=\"wc-block-grid__product\">\n\t\t\t\t<a href=\"https:\/\/v2charge.com\/store\/pt-pt\/produto\/cartao-rfid\/\" class=\"wc-block-grid__product-link\">\n\t\t\t\t\t\n\t\t\t\t\t<div class=\"wc-block-grid__product-image\"><img loading=\"lazy\" decoding=\"async\" width=\"362\" height=\"503\" src=\"https:\/\/v2charge.com\/store\/wp-content\/uploads\/2025\/05\/rfid-v2c-362x503.jpg\" class=\"attachment-woocommerce_thumbnail size-woocommerce_thumbnail\" alt=\"Cart\u00e3o RFID\" \/><\/div>\n\t\t\t\t\t<div class=\"wc-block-grid__product-title\">Cart\u00e3o RFID<\/div>\n\t\t\t\t<\/a>\n\t\t\t\t<div class=\"wc-block-grid__product-price price\"><span class=\"woocommerce-Price-amount amount\">3.45<span class=\"woocommerce-Price-currencySymbol\">&euro;<\/span><\/span><\/div>\n\t\t\t\t\n\t\t\t\t<div class=\"wp-block-button wc-block-grid__product-add-to-cart\"><a href=\"\/store\/pt-pt\/wp-json\/wp\/v2\/pages\/14302?add-to-cart=15055\" aria-label=\"Adiciona ao carrinho: &ldquo;Cart\u00e3o RFID&rdquo;\" data-quantity=\"1\" data-product_id=\"15055\" data-product_sku=\"\" data-price=\"3.45\" rel=\"nofollow\" class=\"wp-block-button__link  add_to_cart_button ajax_add_to_cart\">Adicionar<\/a><\/div>\n\t\t\t<\/li><\/ul><\/div>\n\n\n<p><\/p>\n","protected":false},"excerpt":{"rendered":"<p>Acess\u00f3rios<\/p>\n","protected":false},"author":1,"featured_media":0,"parent":0,"menu_order":0,"comment_status":"closed","ping_status":"closed","template":"","meta":{"content-type":"","inline_featured_image":false,"footnotes":""},"class_list":["post-14302","page","type-page","status-publish","hentry"],"yoast_head":"<!-- This site is optimized with the Yoast SEO plugin v27.0 - https:\/\/yoast.com\/product\/yoast-seo-wordpress\/ -->\n<title>Acess\u00f3rios de carregadores de carros el\u00e9tricos<\/title>\n<meta name=\"description\" content=\"Acess\u00f3rios para o carregamento de carros el\u00e9tricos | Descobre os melhores acess\u00f3rios de carregadores de ve\u00edculos el\u00e9tricos\" \/>\n<meta name=\"robots\" content=\"index, follow, max-snippet:-1, max-image-preview:large, max-video-preview:-1\" \/>\n<link rel=\"canonical\" href=\"https:\/\/v2charge.com\/store\/pt-pt\/acessorios\/\" \/>\n<meta property=\"og:locale\" content=\"pt_PT\" \/>\n<meta property=\"og:type\" content=\"article\" \/>\n<meta property=\"og:title\" content=\"Acess\u00f3rios de carregadores de carros el\u00e9tricos\" \/>\n<meta property=\"og:description\" content=\"Acess\u00f3rios para o carregamento de carros el\u00e9tricos | Descobre os melhores acess\u00f3rios de carregadores de ve\u00edculos el\u00e9tricos\" \/>\n<meta property=\"og:url\" content=\"https:\/\/v2charge.com\/store\/pt-pt\/acessorios\/\" \/>\n<meta property=\"og:site_name\" content=\"V2C Store\" \/>\n<meta property=\"article:modified_time\" content=\"2026-04-12T19:17:23+00:00\" \/>\n<meta name=\"twitter:card\" content=\"summary_large_image\" \/>\n<meta name=\"twitter:label1\" content=\"Tempo estimado de leitura\" \/>\n\t<meta name=\"twitter:data1\" content=\"1 minuto\" \/>\n<script type=\"application\/ld+json\" class=\"yoast-schema-graph\">{\"@context\":\"https:\/\/schema.org\",\"@graph\":[{\"@type\":\"WebPage\",\"@id\":\"https:\/\/v2charge.com\/store\/pt-pt\/acessorios\/\",\"url\":\"https:\/\/v2charge.com\/store\/pt-pt\/acessorios\/\",\"name\":\"Acess\u00f3rios de carregadores de carros el\u00e9tricos\",\"isPartOf\":{\"@id\":\"https:\/\/v2charge.com\/store\/#website\"},\"datePublished\":\"2025-05-20T10:27:15+00:00\",\"dateModified\":\"2026-04-12T19:17:23+00:00\",\"description\":\"Acess\u00f3rios para o carregamento de carros el\u00e9tricos | Descobre os melhores acess\u00f3rios de carregadores de ve\u00edculos el\u00e9tricos\",\"breadcrumb\":{\"@id\":\"https:\/\/v2charge.com\/store\/pt-pt\/acessorios\/#breadcrumb\"},\"inLanguage\":\"pt-PT\",\"potentialAction\":[{\"@type\":\"ReadAction\",\"target\":[\"https:\/\/v2charge.com\/store\/pt-pt\/acessorios\/\"]}]},{\"@type\":\"BreadcrumbList\",\"@id\":\"https:\/\/v2charge.com\/store\/pt-pt\/acessorios\/#breadcrumb\",\"itemListElement\":[{\"@type\":\"ListItem\",\"position\":1,\"name\":\"Portada\",\"item\":\"https:\/\/v2charge.com\/store\/\"},{\"@type\":\"ListItem\",\"position\":2,\"name\":\"Acess\u00f3rios\"}]},{\"@type\":\"WebSite\",\"@id\":\"https:\/\/v2charge.com\/store\/#website\",\"url\":\"https:\/\/v2charge.com\/store\/\",\"name\":\"V2C Store\",\"description\":\"V2C Store\",\"publisher\":{\"@id\":\"https:\/\/v2charge.com\/store\/#organization\"},\"potentialAction\":[{\"@type\":\"SearchAction\",\"target\":{\"@type\":\"EntryPoint\",\"urlTemplate\":\"https:\/\/v2charge.com\/store\/?s={search_term_string}\"},\"query-input\":{\"@type\":\"PropertyValueSpecification\",\"valueRequired\":true,\"valueName\":\"search_term_string\"}}],\"inLanguage\":\"pt-PT\"},{\"@type\":\"Organization\",\"@id\":\"https:\/\/v2charge.com\/store\/#organization\",\"name\":\"V2C Store\",\"url\":\"https:\/\/v2charge.com\/store\/\",\"logo\":{\"@type\":\"ImageObject\",\"inLanguage\":\"pt-PT\",\"@id\":\"https:\/\/v2charge.com\/store\/#\/schema\/logo\/image\/\",\"url\":\"https:\/\/v2charge.com\/store\/wp-content\/uploads\/2022\/08\/cropped-cropped-logotipo-v2c-store-1.png\",\"contentUrl\":\"https:\/\/v2charge.com\/store\/wp-content\/uploads\/2022\/08\/cropped-cropped-logotipo-v2c-store-1.png\",\"width\":250,\"height\":65,\"caption\":\"V2C Store\"},\"image\":{\"@id\":\"https:\/\/v2charge.com\/store\/#\/schema\/logo\/image\/\"}}]}<\/script>\n<!-- \/ Yoast SEO plugin. -->","yoast_head_json":{"title":"Acess\u00f3rios de carregadores de carros el\u00e9tricos","description":"Acess\u00f3rios para o carregamento de carros el\u00e9tricos | Descobre os melhores acess\u00f3rios de carregadores de ve\u00edculos el\u00e9tricos","robots":{"index":"index","follow":"follow","max-snippet":"max-snippet:-1","max-image-preview":"max-image-preview:large","max-video-preview":"max-video-preview:-1"},"canonical":"https:\/\/v2charge.com\/store\/pt-pt\/acessorios\/","og_locale":"pt_PT","og_type":"article","og_title":"Acess\u00f3rios de carregadores de carros el\u00e9tricos","og_description":"Acess\u00f3rios para o carregamento de carros el\u00e9tricos | Descobre os melhores acess\u00f3rios de carregadores de ve\u00edculos el\u00e9tricos","og_url":"https:\/\/v2charge.com\/store\/pt-pt\/acessorios\/","og_site_name":"V2C Store","article_modified_time":"2026-04-12T19:17:23+00:00","twitter_card":"summary_large_image","twitter_misc":{"Tempo estimado de leitura":"1 minuto"},"schema":{"@context":"https:\/\/schema.org","@graph":[{"@type":"WebPage","@id":"https:\/\/v2charge.com\/store\/pt-pt\/acessorios\/","url":"https:\/\/v2charge.com\/store\/pt-pt\/acessorios\/","name":"Acess\u00f3rios de carregadores de carros el\u00e9tricos","isPartOf":{"@id":"https:\/\/v2charge.com\/store\/#website"},"datePublished":"2025-05-20T10:27:15+00:00","dateModified":"2026-04-12T19:17:23+00:00","description":"Acess\u00f3rios para o carregamento de carros el\u00e9tricos | Descobre os melhores acess\u00f3rios de carregadores de ve\u00edculos el\u00e9tricos","breadcrumb":{"@id":"https:\/\/v2charge.com\/store\/pt-pt\/acessorios\/#breadcrumb"},"inLanguage":"pt-PT","potentialAction":[{"@type":"ReadAction","target":["https:\/\/v2charge.com\/store\/pt-pt\/acessorios\/"]}]},{"@type":"BreadcrumbList","@id":"https:\/\/v2charge.com\/store\/pt-pt\/acessorios\/#breadcrumb","itemListElement":[{"@type":"ListItem","position":1,"name":"Portada","item":"https:\/\/v2charge.com\/store\/"},{"@type":"ListItem","position":2,"name":"Acess\u00f3rios"}]},{"@type":"WebSite","@id":"https:\/\/v2charge.com\/store\/#website","url":"https:\/\/v2charge.com\/store\/","name":"V2C Store","description":"V2C Store","publisher":{"@id":"https:\/\/v2charge.com\/store\/#organization"},"potentialAction":[{"@type":"SearchAction","target":{"@type":"EntryPoint","urlTemplate":"https:\/\/v2charge.com\/store\/?s={search_term_string}"},"query-input":{"@type":"PropertyValueSpecification","valueRequired":true,"valueName":"search_term_string"}}],"inLanguage":"pt-PT"},{"@type":"Organization","@id":"https:\/\/v2charge.com\/store\/#organization","name":"V2C Store","url":"https:\/\/v2charge.com\/store\/","logo":{"@type":"ImageObject","inLanguage":"pt-PT","@id":"https:\/\/v2charge.com\/store\/#\/schema\/logo\/image\/","url":"https:\/\/v2charge.com\/store\/wp-content\/uploads\/2022\/08\/cropped-cropped-logotipo-v2c-store-1.png","contentUrl":"https:\/\/v2charge.com\/store\/wp-content\/uploads\/2022\/08\/cropped-cropped-logotipo-v2c-store-1.png","width":250,"height":65,"caption":"V2C Store"},"image":{"@id":"https:\/\/v2charge.com\/store\/#\/schema\/logo\/image\/"}}]}},"_links":{"self":[{"href":"https:\/\/v2charge.com\/store\/pt-pt\/wp-json\/wp\/v2\/pages\/14302","targetHints":{"allow":["GET"]}}],"collection":[{"href":"https:\/\/v2charge.com\/store\/pt-pt\/wp-json\/wp\/v2\/pages"}],"about":[{"href":"https:\/\/v2charge.com\/store\/pt-pt\/wp-json\/wp\/v2\/types\/page"}],"author":[{"embeddable":true,"href":"https:\/\/v2charge.com\/store\/pt-pt\/wp-json\/wp\/v2\/users\/1"}],"replies":[{"embeddable":true,"href":"https:\/\/v2charge.com\/store\/pt-pt\/wp-json\/wp\/v2\/comments?post=14302"}],"version-history":[{"count":3,"href":"https:\/\/v2charge.com\/store\/pt-pt\/wp-json\/wp\/v2\/pages\/14302\/revisions"}],"predecessor-version":[{"id":21555,"href":"https:\/\/v2charge.com\/store\/pt-pt\/wp-json\/wp\/v2\/pages\/14302\/revisions\/21555"}],"wp:attachment":[{"href":"https:\/\/v2charge.com\/store\/pt-pt\/wp-json\/wp\/v2\/media?parent=14302"}],"curies":[{"name":"wp","href":"https:\/\/api.w.org\/{rel}","templated":true}]}}